{"id":5831,"date":"2023-12-05T10:20:22","date_gmt":"2023-12-05T16:49:07","guid":{"rendered":"https:\/\/autopartscenter24.com\/product\/ford-tourneo-connect-1-5-tdci-fv6r-7002-ada-vaxellada\/"},"modified":"2023-12-05T17:49:07","modified_gmt":"2023-12-05T16:49:07","slug":"ford-tourneo-connect-1-5-tdci-fv6r-7002-ada-vaxellada","status":"publish","type":"product","link":"https:\/\/autopartscenter24.com\/sv\/auton-varaosat\/ford-tourneo-connect-1-5-tdci-fv6r-7002-ada-vaxellada\/","title":{"rendered":"Ford Tourneo Connect 1.5 TDCi &#8211; FV6R-7002-ADA v\u00e4xell\u00e5da"},"content":{"rendered":"<p>Ford Transit\/Tourneo Connect 1,5 TDCi 6-v\u00e4xlad 6-v\u00e4xlad manuell v\u00e4xell\u00e5da.<\/p>\n<p>Kodbokst\u00e4ver: FV6R-7002-ADA<br \/>\n6-v\u00e4xlad manuell v\u00e4xell\u00e5da<br \/>\nFord Tourneo Connect \/ Ford Transit Connect<br \/>\n1,5 TDCi<br \/>\n74 kW (101 hk)<\/p>\n<p>V\u00e4xeln helt kontrollerad, tv\u00e4ttad och alla lager utbytta.<br \/>\n12 m\u00e5naders garanti.<\/p>\n<p>S\u00e4ljes i utbyte:<br \/>\n&#8211; efter att ha mottagit betalningen skickar vi den renoverade v\u00e4xell\u00e5dan<br \/>\n\u2013 Vid leverans tar kuriren den defekta v\u00e4xell\u00e5dan<\/p>\n<p>(den defekta v\u00e4xell\u00e5dan m\u00e5ste packas p\u00e5 en 1\/4 eller 1\/2 pall innan kuriren levererar den nya v\u00e4xell\u00e5dan. Men om du beh\u00f6ver mer tid, v\u00e4nligen meddela oss)<\/p>\n","protected":false},"excerpt":{"rendered":"<p>Ford Transit\/Tourneo Connect 1,5 TDCi 6-v\u00e4xlad 6-v\u00e4xlad manuell v\u00e4xell\u00e5da<\/p>\n","protected":false},"featured_media":5811,"template":"","meta":[],"product_brand":[],"product_cat":[565],"product_tag":[954,956,953,952,655,955],"class_list":{"0":"post-5831","1":"product","2":"type-product","3":"status-publish","4":"has-post-thumbnail","6":"product_cat-ford-sv","7":"product_tag-1-5-tdci-sv","8":"product_tag-fv6r-7002-ada-sv","9":"product_tag-tourneo-sv","10":"product_tag-tourneo-connect-sv","11":"product_tag-transit-sv","12":"product_tag-transit-connect-sv","13":"pa_varaosan-osasto-vaxellada","16":"first","17":"instock","18":"shipping-taxable","19":"product-type-simple"},"yoast_head":"<!-- This site is optimized with the Yoast SEO plugin v26.8 - https:\/\/yoast.com\/product\/yoast-seo-wordpress\/ -->\n<title>Ford Tourneo Connect 1.5 TDCi - FV6R-7002-ADA v\u00e4xell\u00e5da<\/title>\n<meta name=\"description\" content=\"Ford Tourneo Connect 1.5 TDCI - Renoverad 6-v\u00e4xlad manuell v\u00e4xell\u00e5da - FV6R-7002-ADA - 12 m\u00e5naders garanti. 5-6 dagars leveranstid.\" \/>\n<meta name=\"robots\" content=\"index, follow, max-snippet:-1, max-image-preview:large, max-video-preview:-1\" \/>\n<link rel=\"canonical\" href=\"https:\/\/autopartscenter24.com\/sv\/auton-varaosat\/ford-tourneo-transit-connect-1-5-tdci-fv6r-7002-ada-manuaalinen-vaihteisto\/\" \/>\n<meta property=\"og:locale\" content=\"sv_SE\" \/>\n<meta property=\"og:type\" content=\"article\" \/>\n<meta property=\"og:title\" content=\"Ford Tourneo Connect 1.5 TDCi - FV6R-7002-ADA v\u00e4xell\u00e5da\" \/>\n<meta property=\"og:description\" content=\"Ford Tourneo Connect 1.5 TDCI - Renoverad 6-v\u00e4xlad manuell v\u00e4xell\u00e5da - FV6R-7002-ADA - 12 m\u00e5naders garanti. 5-6 dagars leveranstid.\" \/>\n<meta property=\"og:url\" content=\"https:\/\/autopartscenter24.com\/sv\/auton-varaosat\/ford-tourneo-transit-connect-1-5-tdci-fv6r-7002-ada-manuaalinen-vaihteisto\/\" \/>\n<meta property=\"og:site_name\" content=\"Autopartscenter24\" \/>\n<meta property=\"og:image\" content=\"https:\/\/autopartscenter24.com\/wp-content\/uploads\/2023\/12\/ford-tourneo-connect-1-5-tdci-FV6R-7002-ADA-manuaalinen-vaihteisto-1.webp\" \/>\n\t<meta property=\"og:image:width\" content=\"800\" \/>\n\t<meta property=\"og:image:height\" content=\"600\" \/>\n\t<meta property=\"og:image:type\" content=\"image\/webp\" \/>\n<meta name=\"twitter:card\" content=\"summary_large_image\" \/>\n<meta name=\"twitter:label1\" content=\"Ber\u00e4knad l\u00e4stid\" \/>\n\t<meta name=\"twitter:data1\" content=\"1 minut\" \/>\n<script type=\"application\/ld+json\" class=\"yoast-schema-graph\">{\"@context\":\"https:\/\/schema.org\",\"@graph\":[{\"@type\":\"WebPage\",\"@id\":\"https:\/\/autopartscenter24.com\/auton-varaosat\/ford-tourneo-transit-connect-1-5-tdci-fv6r-7002-ada-manuaalinen-vaihteisto\/\",\"url\":\"https:\/\/autopartscenter24.com\/auton-varaosat\/ford-tourneo-transit-connect-1-5-tdci-fv6r-7002-ada-manuaalinen-vaihteisto\/\",\"name\":\"Ford Tourneo Connect 1.5 TDCi - FV6R-7002-ADA v\u00e4xell\u00e5da\",\"isPartOf\":{\"@id\":\"https:\/\/autopartscenter24.com\/#website\"},\"primaryImageOfPage\":{\"@id\":\"https:\/\/autopartscenter24.com\/auton-varaosat\/ford-tourneo-transit-connect-1-5-tdci-fv6r-7002-ada-manuaalinen-vaihteisto\/#primaryimage\"},\"image\":{\"@id\":\"https:\/\/autopartscenter24.com\/auton-varaosat\/ford-tourneo-transit-connect-1-5-tdci-fv6r-7002-ada-manuaalinen-vaihteisto\/#primaryimage\"},\"thumbnailUrl\":\"https:\/\/autopartscenter24.com\/wp-content\/uploads\/2023\/12\/ford-tourneo-connect-1-5-tdci-FV6R-7002-ADA-manuaalinen-vaihteisto-1.webp\",\"datePublished\":\"2023-12-05T16:49:07+00:00\",\"description\":\"Ford Tourneo Connect 1.5 TDCI - Renoverad 6-v\u00e4xlad manuell v\u00e4xell\u00e5da - FV6R-7002-ADA - 12 m\u00e5naders garanti. 5-6 dagars leveranstid.\",\"breadcrumb\":{\"@id\":\"https:\/\/autopartscenter24.com\/auton-varaosat\/ford-tourneo-transit-connect-1-5-tdci-fv6r-7002-ada-manuaalinen-vaihteisto\/#breadcrumb\"},\"inLanguage\":\"sv-SE\",\"potentialAction\":[{\"@type\":\"ReadAction\",\"target\":[\"https:\/\/autopartscenter24.com\/auton-varaosat\/ford-tourneo-transit-connect-1-5-tdci-fv6r-7002-ada-manuaalinen-vaihteisto\/\"]}]},{\"@type\":\"ImageObject\",\"inLanguage\":\"sv-SE\",\"@id\":\"https:\/\/autopartscenter24.com\/auton-varaosat\/ford-tourneo-transit-connect-1-5-tdci-fv6r-7002-ada-manuaalinen-vaihteisto\/#primaryimage\",\"url\":\"https:\/\/autopartscenter24.com\/wp-content\/uploads\/2023\/12\/ford-tourneo-connect-1-5-tdci-FV6R-7002-ADA-manuaalinen-vaihteisto-1.webp\",\"contentUrl\":\"https:\/\/autopartscenter24.com\/wp-content\/uploads\/2023\/12\/ford-tourneo-connect-1-5-tdci-FV6R-7002-ADA-manuaalinen-vaihteisto-1.webp\",\"width\":800,\"height\":600},{\"@type\":\"BreadcrumbList\",\"@id\":\"https:\/\/autopartscenter24.com\/auton-varaosat\/ford-tourneo-transit-connect-1-5-tdci-fv6r-7002-ada-manuaalinen-vaihteisto\/#breadcrumb\",\"itemListElement\":[{\"@type\":\"ListItem\",\"position\":1,\"name\":\"Hem\",\"item\":\"https:\/\/aliceblue-termite-662564.hostingersite.com\/\"},{\"@type\":\"ListItem\",\"position\":2,\"name\":\"Auton varaosat\",\"item\":\"https:\/\/aliceblue-termite-662564.hostingersite.com\/auton-varaosat\/\"},{\"@type\":\"ListItem\",\"position\":3,\"name\":\"Ford Tourneo Connect 1.5 TDCi &#8211; FV6R-7002-ADA v\u00e4xell\u00e5da\"}]},{\"@type\":\"WebSite\",\"@id\":\"https:\/\/autopartscenter24.com\/#website\",\"url\":\"https:\/\/autopartscenter24.com\/\",\"name\":\"Autopartscenter24\",\"description\":\"K\u00c4YTETYT JA KUNNOSTETUT  AUTON VARAOSAT\",\"potentialAction\":[{\"@type\":\"SearchAction\",\"target\":{\"@type\":\"EntryPoint\",\"urlTemplate\":\"https:\/\/autopartscenter24.com\/?s={search_term_string}\"},\"query-input\":{\"@type\":\"PropertyValueSpecification\",\"valueRequired\":true,\"valueName\":\"search_term_string\"}}],\"inLanguage\":\"sv-SE\"}]}<\/script>\n<!-- \/ Yoast SEO plugin. -->","yoast_head_json":{"title":"Ford Tourneo Connect 1.5 TDCi - FV6R-7002-ADA v\u00e4xell\u00e5da","description":"Ford Tourneo Connect 1.5 TDCI - Renoverad 6-v\u00e4xlad manuell v\u00e4xell\u00e5da - FV6R-7002-ADA - 12 m\u00e5naders garanti. 5-6 dagars leveranstid.","robots":{"index":"index","follow":"follow","max-snippet":"max-snippet:-1","max-image-preview":"max-image-preview:large","max-video-preview":"max-video-preview:-1"},"canonical":"https:\/\/autopartscenter24.com\/sv\/auton-varaosat\/ford-tourneo-transit-connect-1-5-tdci-fv6r-7002-ada-manuaalinen-vaihteisto\/","og_locale":"sv_SE","og_type":"article","og_title":"Ford Tourneo Connect 1.5 TDCi - FV6R-7002-ADA v\u00e4xell\u00e5da","og_description":"Ford Tourneo Connect 1.5 TDCI - Renoverad 6-v\u00e4xlad manuell v\u00e4xell\u00e5da - FV6R-7002-ADA - 12 m\u00e5naders garanti. 5-6 dagars leveranstid.","og_url":"https:\/\/autopartscenter24.com\/sv\/auton-varaosat\/ford-tourneo-transit-connect-1-5-tdci-fv6r-7002-ada-manuaalinen-vaihteisto\/","og_site_name":"Autopartscenter24","og_image":[{"width":800,"height":600,"url":"https:\/\/autopartscenter24.com\/wp-content\/uploads\/2023\/12\/ford-tourneo-connect-1-5-tdci-FV6R-7002-ADA-manuaalinen-vaihteisto-1.webp","type":"image\/webp"}],"twitter_card":"summary_large_image","twitter_misc":{"Ber\u00e4knad l\u00e4stid":"1 minut"},"schema":{"@context":"https:\/\/schema.org","@graph":[{"@type":"WebPage","@id":"https:\/\/autopartscenter24.com\/auton-varaosat\/ford-tourneo-transit-connect-1-5-tdci-fv6r-7002-ada-manuaalinen-vaihteisto\/","url":"https:\/\/autopartscenter24.com\/auton-varaosat\/ford-tourneo-transit-connect-1-5-tdci-fv6r-7002-ada-manuaalinen-vaihteisto\/","name":"Ford Tourneo Connect 1.5 TDCi - FV6R-7002-ADA v\u00e4xell\u00e5da","isPartOf":{"@id":"https:\/\/autopartscenter24.com\/#website"},"primaryImageOfPage":{"@id":"https:\/\/autopartscenter24.com\/auton-varaosat\/ford-tourneo-transit-connect-1-5-tdci-fv6r-7002-ada-manuaalinen-vaihteisto\/#primaryimage"},"image":{"@id":"https:\/\/autopartscenter24.com\/auton-varaosat\/ford-tourneo-transit-connect-1-5-tdci-fv6r-7002-ada-manuaalinen-vaihteisto\/#primaryimage"},"thumbnailUrl":"https:\/\/autopartscenter24.com\/wp-content\/uploads\/2023\/12\/ford-tourneo-connect-1-5-tdci-FV6R-7002-ADA-manuaalinen-vaihteisto-1.webp","datePublished":"2023-12-05T16:49:07+00:00","description":"Ford Tourneo Connect 1.5 TDCI - Renoverad 6-v\u00e4xlad manuell v\u00e4xell\u00e5da - FV6R-7002-ADA - 12 m\u00e5naders garanti. 5-6 dagars leveranstid.","breadcrumb":{"@id":"https:\/\/autopartscenter24.com\/auton-varaosat\/ford-tourneo-transit-connect-1-5-tdci-fv6r-7002-ada-manuaalinen-vaihteisto\/#breadcrumb"},"inLanguage":"sv-SE","potentialAction":[{"@type":"ReadAction","target":["https:\/\/autopartscenter24.com\/auton-varaosat\/ford-tourneo-transit-connect-1-5-tdci-fv6r-7002-ada-manuaalinen-vaihteisto\/"]}]},{"@type":"ImageObject","inLanguage":"sv-SE","@id":"https:\/\/autopartscenter24.com\/auton-varaosat\/ford-tourneo-transit-connect-1-5-tdci-fv6r-7002-ada-manuaalinen-vaihteisto\/#primaryimage","url":"https:\/\/autopartscenter24.com\/wp-content\/uploads\/2023\/12\/ford-tourneo-connect-1-5-tdci-FV6R-7002-ADA-manuaalinen-vaihteisto-1.webp","contentUrl":"https:\/\/autopartscenter24.com\/wp-content\/uploads\/2023\/12\/ford-tourneo-connect-1-5-tdci-FV6R-7002-ADA-manuaalinen-vaihteisto-1.webp","width":800,"height":600},{"@type":"BreadcrumbList","@id":"https:\/\/autopartscenter24.com\/auton-varaosat\/ford-tourneo-transit-connect-1-5-tdci-fv6r-7002-ada-manuaalinen-vaihteisto\/#breadcrumb","itemListElement":[{"@type":"ListItem","position":1,"name":"Hem","item":"https:\/\/aliceblue-termite-662564.hostingersite.com\/"},{"@type":"ListItem","position":2,"name":"Auton varaosat","item":"https:\/\/aliceblue-termite-662564.hostingersite.com\/auton-varaosat\/"},{"@type":"ListItem","position":3,"name":"Ford Tourneo Connect 1.5 TDCi &#8211; FV6R-7002-ADA v\u00e4xell\u00e5da"}]},{"@type":"WebSite","@id":"https:\/\/autopartscenter24.com\/#website","url":"https:\/\/autopartscenter24.com\/","name":"Autopartscenter24","description":"K\u00c4YTETYT JA KUNNOSTETUT  AUTON VARAOSAT","potentialAction":[{"@type":"SearchAction","target":{"@type":"EntryPoint","urlTemplate":"https:\/\/autopartscenter24.com\/?s={search_term_string}"},"query-input":{"@type":"PropertyValueSpecification","valueRequired":true,"valueName":"search_term_string"}}],"inLanguage":"sv-SE"}]}},"_links":{"self":[{"href":"https:\/\/autopartscenter24.com\/sv\/wp-json\/wp\/v2\/product\/5831","targetHints":{"allow":["GET"]}}],"collection":[{"href":"https:\/\/autopartscenter24.com\/sv\/wp-json\/wp\/v2\/product"}],"about":[{"href":"https:\/\/autopartscenter24.com\/sv\/wp-json\/wp\/v2\/types\/product"}],"wp:featuredmedia":[{"embeddable":true,"href":"https:\/\/autopartscenter24.com\/sv\/wp-json\/wp\/v2\/media\/5811"}],"wp:attachment":[{"href":"https:\/\/autopartscenter24.com\/sv\/wp-json\/wp\/v2\/media?parent=5831"}],"wp:term":[{"taxonomy":"product_brand","embeddable":true,"href":"https:\/\/autopartscenter24.com\/sv\/wp-json\/wp\/v2\/product_brand?post=5831"},{"taxonomy":"product_cat","embeddable":true,"href":"https:\/\/autopartscenter24.com\/sv\/wp-json\/wp\/v2\/product_cat?post=5831"},{"taxonomy":"product_tag","embeddable":true,"href":"https:\/\/autopartscenter24.com\/sv\/wp-json\/wp\/v2\/product_tag?post=5831"}],"curies":[{"name":"wp","href":"https:\/\/api.w.org\/{rel}","templated":true}]}}