{"id":5550,"date":"2023-03-04T17:55:53","date_gmt":"2023-11-26T20:38:49","guid":{"rendered":"https:\/\/autopartscenter24.com\/product\/1-8-4n13-motor-esim-mitsubishi-asx-outlander-lancer\/"},"modified":"2023-11-26T21:38:49","modified_gmt":"2023-11-26T20:38:49","slug":"1-8-4n13-motor-mitsubishi","status":"publish","type":"product","link":"https:\/\/autopartscenter24.com\/sv\/auton-varaosat\/1-8-4n13-motor-mitsubishi\/","title":{"rendered":"1.8 &#8221;4N13&#8221; Motor [esim. Mitsubishi ASX, Outlander, Lancer]"},"content":{"rendered":"<p><strong>Mitsubishi 1,8 liters motor<\/strong> med <strong>motorkod 4N13<\/strong> \u00e4r en turboladdad dieselmotor. Den introducerades f\u00f6rsta g\u00e5ngen 2009 och har anv\u00e4nts i flera Mitsubishi-modeller som ASX, Outlander och Lancer.<\/p>\n<p>4N13-motorn har ett cylinderhuvud i aluminium med foder i gjutj\u00e4rn, dubbel \u00f6verliggande kamaxel (DOHC) och fyra ventiler per cylinder. Motorn har ocks\u00e5 ett gemensamt tryckinsprutningssystem som levererar br\u00e4nsle till motorn med h\u00f6gt tryck genom ett gemensamt tryckr\u00f6r. Detta system ger b\u00e4ttre br\u00e4nsleeffektivitet och l\u00e4gre utsl\u00e4pp j\u00e4mf\u00f6rt med \u00e4ldre br\u00e4nsleinsprutningssystem.<\/p>\n<p>Motorn \u00e4r utrustad med en turboladdare med variabel geometri som justerar turboladdarens skovelvinklar f\u00f6r att optimera boosten vid olika motorvarvtal. Denna funktion f\u00f6rb\u00e4ttrar motorns svarstid och br\u00e4nsleeffektivitet. Motorn har \u00e4ven ett dieselpartikelfilter (DPF) f\u00f6r att minska utsl\u00e4ppen.<\/p>\n<p>4N13-motorn har en maximal effekt p\u00e5 150 h\u00e4stkrafter (110 kW) vid 4 000 rpm och ett toppvridmoment p\u00e5 300 Nm (221 lb-ft) vid 2 000 rpm. Motorn \u00e4r kopplad till en sexv\u00e4xlad manuell eller automatisk v\u00e4xell\u00e5da, beroende p\u00e5 modell.<\/p>\n<p>Dessutom har 4N13-motorn anv\u00e4nts i vissa SUV-modeller av Peugeot 4007 och Citroen C-Crosser. Sammantaget \u00e4r Mitsubishi 1,8 liters motor med motorkod 4N13 en p\u00e5litlig och effektiv dieselmotor som erbjuder bra prestanda och br\u00e4nsleekonomi.<\/p>\n","protected":false},"excerpt":{"rendered":"<ul>\n<li>Mitsubishi ASX (2010-present)<\/li>\n<li>Mitsubishi Outlander (2010-2012)<\/li>\n<li>Mitsubishi Lancer (2009-2017)<\/li>\n<li>Peugeot 4007 (2009-2012)<\/li>\n<li>Citroen C-Crosser (2009-2012)<\/li>\n<\/ul>\n","protected":false},"featured_media":4335,"template":"","meta":[],"product_brand":[],"product_cat":[597],"product_tag":[789,694,693],"class_list":{"0":"post-5550","1":"product","2":"type-product","3":"status-publish","4":"has-post-thumbnail","6":"product_cat-mitsubishi-sv","7":"product_tag-asx-sv","8":"product_tag-lancer-sv","9":"product_tag-outlander-sv","10":"pa_varaosan-osasto-motor","13":"first","14":"instock","15":"shipping-taxable","16":"product-type-simple"},"yoast_head":"<!-- This site is optimized with the Yoast SEO plugin v26.8 - https:\/\/yoast.com\/product\/yoast-seo-wordpress\/ -->\n<title>1.8 &quot;4N13&quot; Motor [esim. Mitsubishi ASX, Outlander, Lancer]<\/title>\n<meta name=\"description\" content=\"En av de motorer som vi ofta har tillg\u00e4ngliga. Skicka en f\u00f6rfr\u00e5gan och f\u00e5 en offert inom 24 timmar. Motorer, v\u00e4xell\u00e5dor och andra bildelar under garanti.\" \/>\n<meta name=\"robots\" content=\"index, follow, max-snippet:-1, max-image-preview:large, max-video-preview:-1\" \/>\n<link rel=\"canonical\" href=\"https:\/\/autopartscenter24.com\/sv\/auton-varaosat\/1-8-4n13-moottori-mitsubishi\/\" \/>\n<meta property=\"og:locale\" content=\"sv_SE\" \/>\n<meta property=\"og:type\" content=\"article\" \/>\n<meta property=\"og:title\" content=\"1.8 &quot;4N13&quot; Motor [esim. Mitsubishi ASX, Outlander, Lancer]\" \/>\n<meta property=\"og:description\" content=\"En av de motorer som vi ofta har tillg\u00e4ngliga. Skicka en f\u00f6rfr\u00e5gan och f\u00e5 en offert inom 24 timmar. Motorer, v\u00e4xell\u00e5dor och andra bildelar under garanti.\" \/>\n<meta property=\"og:url\" content=\"https:\/\/autopartscenter24.com\/sv\/auton-varaosat\/1-8-4n13-moottori-mitsubishi\/\" \/>\n<meta property=\"og:site_name\" content=\"Autopartscenter24\" \/>\n<meta property=\"og:image\" content=\"https:\/\/autopartscenter24.com\/wp-content\/uploads\/2023\/03\/MITSUBISHI-ASX-LANCER-VIII-1-8-DID-4N13-moottori.webp\" \/>\n\t<meta property=\"og:image:width\" content=\"800\" \/>\n\t<meta property=\"og:image:height\" content=\"600\" \/>\n\t<meta property=\"og:image:type\" content=\"image\/webp\" \/>\n<meta name=\"twitter:card\" content=\"summary_large_image\" \/>\n<meta name=\"twitter:label1\" content=\"Ber\u00e4knad l\u00e4stid\" \/>\n\t<meta name=\"twitter:data1\" content=\"1 minut\" \/>\n<script type=\"application\/ld+json\" class=\"yoast-schema-graph\">{\"@context\":\"https:\/\/schema.org\",\"@graph\":[{\"@type\":\"WebPage\",\"@id\":\"https:\/\/autopartscenter24.com\/auton-varaosat\/1-8-4n13-moottori-mitsubishi\/\",\"url\":\"https:\/\/autopartscenter24.com\/auton-varaosat\/1-8-4n13-moottori-mitsubishi\/\",\"name\":\"1.8 \\\"4N13\\\" Motor [esim. Mitsubishi ASX, Outlander, Lancer]\",\"isPartOf\":{\"@id\":\"https:\/\/autopartscenter24.com\/#website\"},\"primaryImageOfPage\":{\"@id\":\"https:\/\/autopartscenter24.com\/auton-varaosat\/1-8-4n13-moottori-mitsubishi\/#primaryimage\"},\"image\":{\"@id\":\"https:\/\/autopartscenter24.com\/auton-varaosat\/1-8-4n13-moottori-mitsubishi\/#primaryimage\"},\"thumbnailUrl\":\"https:\/\/autopartscenter24.com\/wp-content\/uploads\/2023\/03\/MITSUBISHI-ASX-LANCER-VIII-1-8-DID-4N13-moottori.webp\",\"datePublished\":\"2023-11-26T20:38:49+00:00\",\"description\":\"En av de motorer som vi ofta har tillg\u00e4ngliga. Skicka en f\u00f6rfr\u00e5gan och f\u00e5 en offert inom 24 timmar. Motorer, v\u00e4xell\u00e5dor och andra bildelar under garanti.\",\"breadcrumb\":{\"@id\":\"https:\/\/autopartscenter24.com\/auton-varaosat\/1-8-4n13-moottori-mitsubishi\/#breadcrumb\"},\"inLanguage\":\"sv-SE\",\"potentialAction\":[{\"@type\":\"ReadAction\",\"target\":[\"https:\/\/autopartscenter24.com\/auton-varaosat\/1-8-4n13-moottori-mitsubishi\/\"]}]},{\"@type\":\"ImageObject\",\"inLanguage\":\"sv-SE\",\"@id\":\"https:\/\/autopartscenter24.com\/auton-varaosat\/1-8-4n13-moottori-mitsubishi\/#primaryimage\",\"url\":\"https:\/\/autopartscenter24.com\/wp-content\/uploads\/2023\/03\/MITSUBISHI-ASX-LANCER-VIII-1-8-DID-4N13-moottori.webp\",\"contentUrl\":\"https:\/\/autopartscenter24.com\/wp-content\/uploads\/2023\/03\/MITSUBISHI-ASX-LANCER-VIII-1-8-DID-4N13-moottori.webp\",\"width\":800,\"height\":600},{\"@type\":\"BreadcrumbList\",\"@id\":\"https:\/\/autopartscenter24.com\/auton-varaosat\/1-8-4n13-moottori-mitsubishi\/#breadcrumb\",\"itemListElement\":[{\"@type\":\"ListItem\",\"position\":1,\"name\":\"Hem\",\"item\":\"https:\/\/aliceblue-termite-662564.hostingersite.com\/\"},{\"@type\":\"ListItem\",\"position\":2,\"name\":\"Auton varaosat\",\"item\":\"https:\/\/aliceblue-termite-662564.hostingersite.com\/auton-varaosat\/\"},{\"@type\":\"ListItem\",\"position\":3,\"name\":\"1.8 &#8221;4N13&#8221; Motor [esim. Mitsubishi ASX, Outlander, Lancer]\"}]},{\"@type\":\"WebSite\",\"@id\":\"https:\/\/autopartscenter24.com\/#website\",\"url\":\"https:\/\/autopartscenter24.com\/\",\"name\":\"Autopartscenter24\",\"description\":\"K\u00c4YTETYT JA KUNNOSTETUT  AUTON VARAOSAT\",\"potentialAction\":[{\"@type\":\"SearchAction\",\"target\":{\"@type\":\"EntryPoint\",\"urlTemplate\":\"https:\/\/autopartscenter24.com\/?s={search_term_string}\"},\"query-input\":{\"@type\":\"PropertyValueSpecification\",\"valueRequired\":true,\"valueName\":\"search_term_string\"}}],\"inLanguage\":\"sv-SE\"}]}<\/script>\n<!-- \/ Yoast SEO plugin. -->","yoast_head_json":{"title":"1.8 \"4N13\" Motor [esim. Mitsubishi ASX, Outlander, Lancer]","description":"En av de motorer som vi ofta har tillg\u00e4ngliga. Skicka en f\u00f6rfr\u00e5gan och f\u00e5 en offert inom 24 timmar. Motorer, v\u00e4xell\u00e5dor och andra bildelar under garanti.","robots":{"index":"index","follow":"follow","max-snippet":"max-snippet:-1","max-image-preview":"max-image-preview:large","max-video-preview":"max-video-preview:-1"},"canonical":"https:\/\/autopartscenter24.com\/sv\/auton-varaosat\/1-8-4n13-moottori-mitsubishi\/","og_locale":"sv_SE","og_type":"article","og_title":"1.8 \"4N13\" Motor [esim. Mitsubishi ASX, Outlander, Lancer]","og_description":"En av de motorer som vi ofta har tillg\u00e4ngliga. Skicka en f\u00f6rfr\u00e5gan och f\u00e5 en offert inom 24 timmar. Motorer, v\u00e4xell\u00e5dor och andra bildelar under garanti.","og_url":"https:\/\/autopartscenter24.com\/sv\/auton-varaosat\/1-8-4n13-moottori-mitsubishi\/","og_site_name":"Autopartscenter24","og_image":[{"width":800,"height":600,"url":"https:\/\/autopartscenter24.com\/wp-content\/uploads\/2023\/03\/MITSUBISHI-ASX-LANCER-VIII-1-8-DID-4N13-moottori.webp","type":"image\/webp"}],"twitter_card":"summary_large_image","twitter_misc":{"Ber\u00e4knad l\u00e4stid":"1 minut"},"schema":{"@context":"https:\/\/schema.org","@graph":[{"@type":"WebPage","@id":"https:\/\/autopartscenter24.com\/auton-varaosat\/1-8-4n13-moottori-mitsubishi\/","url":"https:\/\/autopartscenter24.com\/auton-varaosat\/1-8-4n13-moottori-mitsubishi\/","name":"1.8 \"4N13\" Motor [esim. Mitsubishi ASX, Outlander, Lancer]","isPartOf":{"@id":"https:\/\/autopartscenter24.com\/#website"},"primaryImageOfPage":{"@id":"https:\/\/autopartscenter24.com\/auton-varaosat\/1-8-4n13-moottori-mitsubishi\/#primaryimage"},"image":{"@id":"https:\/\/autopartscenter24.com\/auton-varaosat\/1-8-4n13-moottori-mitsubishi\/#primaryimage"},"thumbnailUrl":"https:\/\/autopartscenter24.com\/wp-content\/uploads\/2023\/03\/MITSUBISHI-ASX-LANCER-VIII-1-8-DID-4N13-moottori.webp","datePublished":"2023-11-26T20:38:49+00:00","description":"En av de motorer som vi ofta har tillg\u00e4ngliga. Skicka en f\u00f6rfr\u00e5gan och f\u00e5 en offert inom 24 timmar. Motorer, v\u00e4xell\u00e5dor och andra bildelar under garanti.","breadcrumb":{"@id":"https:\/\/autopartscenter24.com\/auton-varaosat\/1-8-4n13-moottori-mitsubishi\/#breadcrumb"},"inLanguage":"sv-SE","potentialAction":[{"@type":"ReadAction","target":["https:\/\/autopartscenter24.com\/auton-varaosat\/1-8-4n13-moottori-mitsubishi\/"]}]},{"@type":"ImageObject","inLanguage":"sv-SE","@id":"https:\/\/autopartscenter24.com\/auton-varaosat\/1-8-4n13-moottori-mitsubishi\/#primaryimage","url":"https:\/\/autopartscenter24.com\/wp-content\/uploads\/2023\/03\/MITSUBISHI-ASX-LANCER-VIII-1-8-DID-4N13-moottori.webp","contentUrl":"https:\/\/autopartscenter24.com\/wp-content\/uploads\/2023\/03\/MITSUBISHI-ASX-LANCER-VIII-1-8-DID-4N13-moottori.webp","width":800,"height":600},{"@type":"BreadcrumbList","@id":"https:\/\/autopartscenter24.com\/auton-varaosat\/1-8-4n13-moottori-mitsubishi\/#breadcrumb","itemListElement":[{"@type":"ListItem","position":1,"name":"Hem","item":"https:\/\/aliceblue-termite-662564.hostingersite.com\/"},{"@type":"ListItem","position":2,"name":"Auton varaosat","item":"https:\/\/aliceblue-termite-662564.hostingersite.com\/auton-varaosat\/"},{"@type":"ListItem","position":3,"name":"1.8 &#8221;4N13&#8221; Motor [esim. Mitsubishi ASX, Outlander, Lancer]"}]},{"@type":"WebSite","@id":"https:\/\/autopartscenter24.com\/#website","url":"https:\/\/autopartscenter24.com\/","name":"Autopartscenter24","description":"K\u00c4YTETYT JA KUNNOSTETUT  AUTON VARAOSAT","potentialAction":[{"@type":"SearchAction","target":{"@type":"EntryPoint","urlTemplate":"https:\/\/autopartscenter24.com\/?s={search_term_string}"},"query-input":{"@type":"PropertyValueSpecification","valueRequired":true,"valueName":"search_term_string"}}],"inLanguage":"sv-SE"}]}},"_links":{"self":[{"href":"https:\/\/autopartscenter24.com\/sv\/wp-json\/wp\/v2\/product\/5550","targetHints":{"allow":["GET"]}}],"collection":[{"href":"https:\/\/autopartscenter24.com\/sv\/wp-json\/wp\/v2\/product"}],"about":[{"href":"https:\/\/autopartscenter24.com\/sv\/wp-json\/wp\/v2\/types\/product"}],"wp:featuredmedia":[{"embeddable":true,"href":"https:\/\/autopartscenter24.com\/sv\/wp-json\/wp\/v2\/media\/4335"}],"wp:attachment":[{"href":"https:\/\/autopartscenter24.com\/sv\/wp-json\/wp\/v2\/media?parent=5550"}],"wp:term":[{"taxonomy":"product_brand","embeddable":true,"href":"https:\/\/autopartscenter24.com\/sv\/wp-json\/wp\/v2\/product_brand?post=5550"},{"taxonomy":"product_cat","embeddable":true,"href":"https:\/\/autopartscenter24.com\/sv\/wp-json\/wp\/v2\/product_cat?post=5550"},{"taxonomy":"product_tag","embeddable":true,"href":"https:\/\/autopartscenter24.com\/sv\/wp-json\/wp\/v2\/product_tag?post=5550"}],"curies":[{"name":"wp","href":"https:\/\/api.w.org\/{rel}","templated":true}]}}