{"id":5549,"date":"2023-03-04T18:18:11","date_gmt":"2023-11-26T20:36:57","guid":{"rendered":"https:\/\/autopartscenter24.com\/product\/2-3-l3-motor-esim-mazda-3-6-cx-7\/"},"modified":"2023-11-26T21:36:57","modified_gmt":"2023-11-26T20:36:57","slug":"2-3-l3-motor-esim-mazda-3-6-cx-7","status":"publish","type":"product","link":"https:\/\/autopartscenter24.com\/sv\/auton-varaosat\/2-3-l3-motor-esim-mazda-3-6-cx-7\/","title":{"rendered":"2.3 &#8221;L3&#8221; Motor [esim. Mazda 3, 6, CX-7]"},"content":{"rendered":"<p><strong>Mazdas 2,3-litersmotor<\/strong>, <strong>motorkod L3<\/strong>, \u00e4r en fyrcylindrig bensinmotor som introducerades f\u00f6rsta g\u00e5ngen 2001. Den har anv\u00e4nts i flera Mazda-modeller, samt vissa Ford- och Volvo-modeller.<\/p>\n<p>L3-motorn har ett cylinderhuvud och block av aluminium och \u00e4r utrustad med ett DOHC-ventilsystem med fyra ventiler per cylinder. Motorn har \u00e4ven variabel ventiltid, som justerar insugs- och avgasventilens timing f\u00f6r b\u00e4ttre motorprestanda och effektivitet.<\/p>\n<p>Motorn har en cylindervolym p\u00e5 2,3 liter och ger en maximal effekt p\u00e5 156 h\u00e4stkrafter (116 kW) vid 6 500 rpm och ett toppvridmoment p\u00e5 200 Nm (148 lb-ft) vid 3 500 rpm. Motorn \u00e4r kopplad till antingen en 4-v\u00e4xlad automatisk, 5-v\u00e4xlad manuell eller 6-v\u00e4xlad manuell v\u00e4xell\u00e5da, beroende p\u00e5 bilmodell.<\/p>\n<p>L3-motorn har \u00e4ven ett elektroniskt gasreglagesystem som ers\u00e4tter den traditionella gasvajern med en elektronisk sensor. Detta m\u00f6jligg\u00f6r en mer exakt kontroll av motorns luft\/br\u00e4nsleblandning, vilket resulterar i b\u00e4ttre prestanda och br\u00e4nsleekonomi.<\/p>\n<p>Mazdas 2,3-litersmotor, motorkod L3, \u00e4r monterad p\u00e5 ett antal Mazda-modeller, inklusive:<\/p>\n<ul>\n<li>Mazda 3 (2004-2009)<\/li>\n<li>Mazda 6 (2003-2008)<\/li>\n<li>Mazda CX-7 (2006-2012)<\/li>\n<\/ul>\n<p>Dessutom har motorn \u00e4ven anv\u00e4nts i vissa Ford- och Volvomodeller, s\u00e5som Ford Focus ST och Volvo S40.<\/p>\n<p>Sammantaget \u00e4r Mazdas 2,3 liters motor med motorkod L3 en p\u00e5litlig och effektiv bensinmotor som erbjuder bra prestanda och br\u00e4nsleekonomi. Dess avancerade funktioner, s\u00e5som variabel ventiltid och elektronisk gasreglage, g\u00f6r den till ett popul\u00e4rt val f\u00f6r f\u00f6rare som v\u00e4rdes\u00e4tter prestanda och effektivitet.<\/p>\n","protected":false},"excerpt":{"rendered":"<p>Mazda:<\/p>\n<ul>\n<li>Mazda 3 (2004-2009)<\/li>\n<li>Mazda 6 (2003-2008)<\/li>\n<li>Mazda CX-7 (2006-2012)<\/li>\n<\/ul>\n<p>Ford:<\/p>\n<ul>\n<li>Ford Focus ST (2006-2010)<\/li>\n<\/ul>\n<p>Volvo:<\/p>\n<ul>\n<li>Volvo S40 (2004-2010)<\/li>\n<\/ul>\n","protected":false},"featured_media":4340,"template":"","meta":[],"product_brand":[],"product_cat":[589],"product_tag":[738,722,739],"class_list":{"0":"post-5549","1":"product","2":"type-product","3":"status-publish","4":"has-post-thumbnail","6":"product_cat-mazda-sv","7":"product_tag-3-sv","8":"product_tag-6-sv","9":"product_tag-cx-7-sv","10":"pa_varaosan-osasto-motor","13":"first","14":"instock","15":"shipping-taxable","16":"product-type-simple"},"yoast_head":"<!-- This site is optimized with the Yoast SEO plugin v26.8 - https:\/\/yoast.com\/product\/yoast-seo-wordpress\/ -->\n<title>2.3 &quot;L3&quot; Motor [esim. Mazda 3, 6, CX-7]<\/title>\n<meta name=\"description\" content=\"En av de motorer vi ofta har tillg\u00e4nglig. Skicka en f\u00f6rfr\u00e5gan s\u00e5 f\u00e5r du ett erbjudande inom 24 timmar. Motorer, v\u00e4xell\u00e5dor och andra bildelar med garanti.\" \/>\n<meta name=\"robots\" content=\"index, follow, max-snippet:-1, max-image-preview:large, max-video-preview:-1\" \/>\n<link rel=\"canonical\" href=\"https:\/\/autopartscenter24.com\/sv\/auton-varaosat\/2-3-l3-moottori-esim-mazda-3-6-cx-7\/\" \/>\n<meta property=\"og:locale\" content=\"sv_SE\" \/>\n<meta property=\"og:type\" content=\"article\" \/>\n<meta property=\"og:title\" content=\"2.3 &quot;L3&quot; Motor [esim. Mazda 3, 6, CX-7]\" \/>\n<meta property=\"og:description\" content=\"En av de motorer vi ofta har tillg\u00e4nglig. Skicka en f\u00f6rfr\u00e5gan s\u00e5 f\u00e5r du ett erbjudande inom 24 timmar. Motorer, v\u00e4xell\u00e5dor och andra bildelar med garanti.\" \/>\n<meta property=\"og:url\" content=\"https:\/\/autopartscenter24.com\/sv\/auton-varaosat\/2-3-l3-moottori-esim-mazda-3-6-cx-7\/\" \/>\n<meta property=\"og:site_name\" content=\"Autopartscenter24\" \/>\n<meta property=\"og:image\" content=\"https:\/\/autopartscenter24.com\/wp-content\/uploads\/2023\/03\/MAZDA-6-GY-GG-2-3-L3.webp\" \/>\n\t<meta property=\"og:image:width\" content=\"800\" \/>\n\t<meta property=\"og:image:height\" content=\"600\" \/>\n\t<meta property=\"og:image:type\" content=\"image\/webp\" \/>\n<meta name=\"twitter:card\" content=\"summary_large_image\" \/>\n<meta name=\"twitter:label1\" content=\"Ber\u00e4knad l\u00e4stid\" \/>\n\t<meta name=\"twitter:data1\" content=\"1 minut\" \/>\n<script type=\"application\/ld+json\" class=\"yoast-schema-graph\">{\"@context\":\"https:\/\/schema.org\",\"@graph\":[{\"@type\":\"WebPage\",\"@id\":\"https:\/\/autopartscenter24.com\/auton-varaosat\/2-3-l3-moottori-esim-mazda-3-6-cx-7\/\",\"url\":\"https:\/\/autopartscenter24.com\/auton-varaosat\/2-3-l3-moottori-esim-mazda-3-6-cx-7\/\",\"name\":\"2.3 \\\"L3\\\" Motor [esim. Mazda 3, 6, CX-7]\",\"isPartOf\":{\"@id\":\"https:\/\/autopartscenter24.com\/#website\"},\"primaryImageOfPage\":{\"@id\":\"https:\/\/autopartscenter24.com\/auton-varaosat\/2-3-l3-moottori-esim-mazda-3-6-cx-7\/#primaryimage\"},\"image\":{\"@id\":\"https:\/\/autopartscenter24.com\/auton-varaosat\/2-3-l3-moottori-esim-mazda-3-6-cx-7\/#primaryimage\"},\"thumbnailUrl\":\"https:\/\/autopartscenter24.com\/wp-content\/uploads\/2023\/03\/MAZDA-6-GY-GG-2-3-L3.webp\",\"datePublished\":\"2023-11-26T20:36:57+00:00\",\"description\":\"En av de motorer vi ofta har tillg\u00e4nglig. Skicka en f\u00f6rfr\u00e5gan s\u00e5 f\u00e5r du ett erbjudande inom 24 timmar. Motorer, v\u00e4xell\u00e5dor och andra bildelar med garanti.\",\"breadcrumb\":{\"@id\":\"https:\/\/autopartscenter24.com\/auton-varaosat\/2-3-l3-moottori-esim-mazda-3-6-cx-7\/#breadcrumb\"},\"inLanguage\":\"sv-SE\",\"potentialAction\":[{\"@type\":\"ReadAction\",\"target\":[\"https:\/\/autopartscenter24.com\/auton-varaosat\/2-3-l3-moottori-esim-mazda-3-6-cx-7\/\"]}]},{\"@type\":\"ImageObject\",\"inLanguage\":\"sv-SE\",\"@id\":\"https:\/\/autopartscenter24.com\/auton-varaosat\/2-3-l3-moottori-esim-mazda-3-6-cx-7\/#primaryimage\",\"url\":\"https:\/\/autopartscenter24.com\/wp-content\/uploads\/2023\/03\/MAZDA-6-GY-GG-2-3-L3.webp\",\"contentUrl\":\"https:\/\/autopartscenter24.com\/wp-content\/uploads\/2023\/03\/MAZDA-6-GY-GG-2-3-L3.webp\",\"width\":800,\"height\":600},{\"@type\":\"BreadcrumbList\",\"@id\":\"https:\/\/autopartscenter24.com\/auton-varaosat\/2-3-l3-moottori-esim-mazda-3-6-cx-7\/#breadcrumb\",\"itemListElement\":[{\"@type\":\"ListItem\",\"position\":1,\"name\":\"Hem\",\"item\":\"https:\/\/aliceblue-termite-662564.hostingersite.com\/\"},{\"@type\":\"ListItem\",\"position\":2,\"name\":\"Auton varaosat\",\"item\":\"https:\/\/aliceblue-termite-662564.hostingersite.com\/auton-varaosat\/\"},{\"@type\":\"ListItem\",\"position\":3,\"name\":\"2.3 &#8221;L3&#8221; Motor [esim. Mazda 3, 6, CX-7]\"}]},{\"@type\":\"WebSite\",\"@id\":\"https:\/\/autopartscenter24.com\/#website\",\"url\":\"https:\/\/autopartscenter24.com\/\",\"name\":\"Autopartscenter24\",\"description\":\"K\u00c4YTETYT JA KUNNOSTETUT  AUTON VARAOSAT\",\"potentialAction\":[{\"@type\":\"SearchAction\",\"target\":{\"@type\":\"EntryPoint\",\"urlTemplate\":\"https:\/\/autopartscenter24.com\/?s={search_term_string}\"},\"query-input\":{\"@type\":\"PropertyValueSpecification\",\"valueRequired\":true,\"valueName\":\"search_term_string\"}}],\"inLanguage\":\"sv-SE\"}]}<\/script>\n<!-- \/ Yoast SEO plugin. -->","yoast_head_json":{"title":"2.3 \"L3\" Motor [esim. Mazda 3, 6, CX-7]","description":"En av de motorer vi ofta har tillg\u00e4nglig. Skicka en f\u00f6rfr\u00e5gan s\u00e5 f\u00e5r du ett erbjudande inom 24 timmar. Motorer, v\u00e4xell\u00e5dor och andra bildelar med garanti.","robots":{"index":"index","follow":"follow","max-snippet":"max-snippet:-1","max-image-preview":"max-image-preview:large","max-video-preview":"max-video-preview:-1"},"canonical":"https:\/\/autopartscenter24.com\/sv\/auton-varaosat\/2-3-l3-moottori-esim-mazda-3-6-cx-7\/","og_locale":"sv_SE","og_type":"article","og_title":"2.3 \"L3\" Motor [esim. Mazda 3, 6, CX-7]","og_description":"En av de motorer vi ofta har tillg\u00e4nglig. Skicka en f\u00f6rfr\u00e5gan s\u00e5 f\u00e5r du ett erbjudande inom 24 timmar. Motorer, v\u00e4xell\u00e5dor och andra bildelar med garanti.","og_url":"https:\/\/autopartscenter24.com\/sv\/auton-varaosat\/2-3-l3-moottori-esim-mazda-3-6-cx-7\/","og_site_name":"Autopartscenter24","og_image":[{"width":800,"height":600,"url":"https:\/\/autopartscenter24.com\/wp-content\/uploads\/2023\/03\/MAZDA-6-GY-GG-2-3-L3.webp","type":"image\/webp"}],"twitter_card":"summary_large_image","twitter_misc":{"Ber\u00e4knad l\u00e4stid":"1 minut"},"schema":{"@context":"https:\/\/schema.org","@graph":[{"@type":"WebPage","@id":"https:\/\/autopartscenter24.com\/auton-varaosat\/2-3-l3-moottori-esim-mazda-3-6-cx-7\/","url":"https:\/\/autopartscenter24.com\/auton-varaosat\/2-3-l3-moottori-esim-mazda-3-6-cx-7\/","name":"2.3 \"L3\" Motor [esim. Mazda 3, 6, CX-7]","isPartOf":{"@id":"https:\/\/autopartscenter24.com\/#website"},"primaryImageOfPage":{"@id":"https:\/\/autopartscenter24.com\/auton-varaosat\/2-3-l3-moottori-esim-mazda-3-6-cx-7\/#primaryimage"},"image":{"@id":"https:\/\/autopartscenter24.com\/auton-varaosat\/2-3-l3-moottori-esim-mazda-3-6-cx-7\/#primaryimage"},"thumbnailUrl":"https:\/\/autopartscenter24.com\/wp-content\/uploads\/2023\/03\/MAZDA-6-GY-GG-2-3-L3.webp","datePublished":"2023-11-26T20:36:57+00:00","description":"En av de motorer vi ofta har tillg\u00e4nglig. Skicka en f\u00f6rfr\u00e5gan s\u00e5 f\u00e5r du ett erbjudande inom 24 timmar. Motorer, v\u00e4xell\u00e5dor och andra bildelar med garanti.","breadcrumb":{"@id":"https:\/\/autopartscenter24.com\/auton-varaosat\/2-3-l3-moottori-esim-mazda-3-6-cx-7\/#breadcrumb"},"inLanguage":"sv-SE","potentialAction":[{"@type":"ReadAction","target":["https:\/\/autopartscenter24.com\/auton-varaosat\/2-3-l3-moottori-esim-mazda-3-6-cx-7\/"]}]},{"@type":"ImageObject","inLanguage":"sv-SE","@id":"https:\/\/autopartscenter24.com\/auton-varaosat\/2-3-l3-moottori-esim-mazda-3-6-cx-7\/#primaryimage","url":"https:\/\/autopartscenter24.com\/wp-content\/uploads\/2023\/03\/MAZDA-6-GY-GG-2-3-L3.webp","contentUrl":"https:\/\/autopartscenter24.com\/wp-content\/uploads\/2023\/03\/MAZDA-6-GY-GG-2-3-L3.webp","width":800,"height":600},{"@type":"BreadcrumbList","@id":"https:\/\/autopartscenter24.com\/auton-varaosat\/2-3-l3-moottori-esim-mazda-3-6-cx-7\/#breadcrumb","itemListElement":[{"@type":"ListItem","position":1,"name":"Hem","item":"https:\/\/aliceblue-termite-662564.hostingersite.com\/"},{"@type":"ListItem","position":2,"name":"Auton varaosat","item":"https:\/\/aliceblue-termite-662564.hostingersite.com\/auton-varaosat\/"},{"@type":"ListItem","position":3,"name":"2.3 &#8221;L3&#8221; Motor [esim. Mazda 3, 6, CX-7]"}]},{"@type":"WebSite","@id":"https:\/\/autopartscenter24.com\/#website","url":"https:\/\/autopartscenter24.com\/","name":"Autopartscenter24","description":"K\u00c4YTETYT JA KUNNOSTETUT  AUTON VARAOSAT","potentialAction":[{"@type":"SearchAction","target":{"@type":"EntryPoint","urlTemplate":"https:\/\/autopartscenter24.com\/?s={search_term_string}"},"query-input":{"@type":"PropertyValueSpecification","valueRequired":true,"valueName":"search_term_string"}}],"inLanguage":"sv-SE"}]}},"_links":{"self":[{"href":"https:\/\/autopartscenter24.com\/sv\/wp-json\/wp\/v2\/product\/5549","targetHints":{"allow":["GET"]}}],"collection":[{"href":"https:\/\/autopartscenter24.com\/sv\/wp-json\/wp\/v2\/product"}],"about":[{"href":"https:\/\/autopartscenter24.com\/sv\/wp-json\/wp\/v2\/types\/product"}],"wp:featuredmedia":[{"embeddable":true,"href":"https:\/\/autopartscenter24.com\/sv\/wp-json\/wp\/v2\/media\/4340"}],"wp:attachment":[{"href":"https:\/\/autopartscenter24.com\/sv\/wp-json\/wp\/v2\/media?parent=5549"}],"wp:term":[{"taxonomy":"product_brand","embeddable":true,"href":"https:\/\/autopartscenter24.com\/sv\/wp-json\/wp\/v2\/product_brand?post=5549"},{"taxonomy":"product_cat","embeddable":true,"href":"https:\/\/autopartscenter24.com\/sv\/wp-json\/wp\/v2\/product_cat?post=5549"},{"taxonomy":"product_tag","embeddable":true,"href":"https:\/\/autopartscenter24.com\/sv\/wp-json\/wp\/v2\/product_tag?post=5549"}],"curies":[{"name":"wp","href":"https:\/\/api.w.org\/{rel}","templated":true}]}}