{"id":5548,"date":"2023-03-04T18:32:54","date_gmt":"2023-11-26T20:34:48","guid":{"rendered":"https:\/\/autopartscenter24.com\/product\/1-6-vti-5fw-motor-esim-308-5008-rcz-c3-c5-ds3-ds4\/"},"modified":"2023-11-26T21:34:48","modified_gmt":"2023-11-26T20:34:48","slug":"1-6-vti-5fw-motor-peugeot-citroen","status":"publish","type":"product","link":"https:\/\/autopartscenter24.com\/sv\/auton-varaosat\/1-6-vti-5fw-motor-peugeot-citroen\/","title":{"rendered":"1.6 VTI &#8221;5FW&#8221; Motor [esim. 308, 5008, RCZ, C3, C5, DS3, DS4]"},"content":{"rendered":"<p><strong>1,6 VTI-motorn<\/strong>, motorkod <strong>5FW<\/strong>, \u00e4r en fyrcylindrig bensinmotor som har anv\u00e4nts i flera Peugeot- och Citroen-modeller. Denna motor introducerades f\u00f6rsta g\u00e5ngen 2007 och anses vara bra f\u00f6r prestanda och br\u00e4nsleeffektivitet.<\/p>\n<p>5FW-motorn har ett cylinderblock av aluminium och cylinderhuvud. Den anv\u00e4nder ett OHC-ventilsystem (dubbel \u00f6verliggande kamaxel) med fyra ventiler per cylinder. Den har ocks\u00e5 variabel ventiltid, som justerar insugnings- och avgasventilens timing f\u00f6r b\u00e4ttre motorprestanda och effektivitet.<\/p>\n<p>Motorn har en cylindervolym p\u00e5 1,6 liter och ger en maximal effekt p\u00e5 120 h\u00e4stkrafter (88 kW) vid 6 000 rpm och ett toppvridmoment p\u00e5 160 Nm (118 lb-ft) vid 4 250 rpm. Den \u00e4r ihopkopplad med en 5-v\u00e4xlad manuell eller 4-v\u00e4xlad automatisk v\u00e4xell\u00e5da beroende p\u00e5 bilmodell.<\/p>\n<p>5FW-motorn har ocks\u00e5 ett direktinsprutningssystem som matar br\u00e4nsle med h\u00f6gt tryck direkt in i motorn direkt genom munstycket. Detta system ger b\u00e4ttre br\u00e4nsleeffektivitet och l\u00e4gre utsl\u00e4pp j\u00e4mf\u00f6rt med \u00e4ldre br\u00e4nsleinsprutningssystem.<\/p>\n<p>Sammantaget \u00e4r 1,6 VTI-motorn med motorkod 5FW en p\u00e5litlig och effektiv bensinmotor som erbjuder bra prestanda och br\u00e4nsleekonomi. Dess avancerade funktioner, s\u00e5som variabel ventiltid och direktinsprutning, g\u00f6r den till ett popul\u00e4rt val f\u00f6r f\u00f6rare som v\u00e4rdes\u00e4tter prestanda och effektivitet.<\/p>\n","protected":false},"excerpt":{"rendered":"<p>Peugeot:<\/p>\n<ul>\n<li>Peugeot 207 (2007-2014)<\/li>\n<li>Peugeot 308 (2007-2014)<\/li>\n<li>Peugeot 3008 (2009-2016)<\/li>\n<li>Peugeot 5008 (2009-2016)<\/li>\n<li>Peugeot RCZ (2010-2015)<\/li>\n<\/ul>\n<p>Citroen:<\/p>\n<ul>\n<li>Citroen C4 (2009-2018)<\/li>\n<li>Citroen C5 (2008-2017)<\/li>\n<li>Citroen C3 Picasso (2008-2017)<\/li>\n<li>Citroen DS3 (2009-2015)<\/li>\n<li>Citroen DS4 (2011-2018)<\/li>\n<\/ul>\n","protected":false},"featured_media":4345,"template":"","meta":[],"product_brand":[],"product_cat":[549,613],"product_tag":[649,785,733,786,651,753,734,788,754,787],"class_list":{"0":"post-5548","1":"product","2":"type-product","3":"status-publish","4":"has-post-thumbnail","6":"product_cat-citroen-sv","7":"product_cat-peugeot-sv","8":"product_tag-207-sv","9":"product_tag-3008-sv","10":"product_tag-308-sv","11":"product_tag-5008-sv","12":"product_tag-c3-sv-2","13":"product_tag-c4-sv","14":"product_tag-c5-sv","15":"product_tag-ds3-sv","16":"product_tag-ds4-sv","17":"product_tag-rcz-sv","18":"pa_varaosan-osasto-motor","21":"first","22":"instock","23":"shipping-taxable","24":"product-type-simple"},"yoast_head":"<!-- This site is optimized with the Yoast SEO plugin v26.8 - https:\/\/yoast.com\/product\/yoast-seo-wordpress\/ -->\n<title>1.6 VTI &quot;5FW&quot; Motor [esim. 308, 5008, RCZ, C3, C5, DS3, DS4]<\/title>\n<meta name=\"description\" content=\"En av de motorer vi ofta har tillg\u00e4nglig. Skicka en f\u00f6rfr\u00e5gan s\u00e5 f\u00e5r du ett erbjudande inom 24 timmar. Motorer, v\u00e4xell\u00e5dor och andra bildelar med garanti.\" \/>\n<meta name=\"robots\" content=\"index, follow, max-snippet:-1, max-image-preview:large, max-video-preview:-1\" \/>\n<link rel=\"canonical\" href=\"https:\/\/autopartscenter24.com\/sv\/auton-varaosat\/1-6-vti-5fw-moottori-peugeot-citroen\/\" \/>\n<meta property=\"og:locale\" content=\"sv_SE\" \/>\n<meta property=\"og:type\" content=\"article\" \/>\n<meta property=\"og:title\" content=\"1.6 VTI &quot;5FW&quot; Motor [esim. 308, 5008, RCZ, C3, C5, DS3, DS4]\" \/>\n<meta property=\"og:description\" content=\"En av de motorer vi ofta har tillg\u00e4nglig. Skicka en f\u00f6rfr\u00e5gan s\u00e5 f\u00e5r du ett erbjudande inom 24 timmar. Motorer, v\u00e4xell\u00e5dor och andra bildelar med garanti.\" \/>\n<meta property=\"og:url\" content=\"https:\/\/autopartscenter24.com\/sv\/auton-varaosat\/1-6-vti-5fw-moottori-peugeot-citroen\/\" \/>\n<meta property=\"og:site_name\" content=\"Autopartscenter24\" \/>\n<meta property=\"og:image\" content=\"https:\/\/autopartscenter24.com\/wp-content\/uploads\/2023\/03\/1-6-VTI-5FW-moottori-peugeot-citroen.webp\" \/>\n\t<meta property=\"og:image:width\" content=\"800\" \/>\n\t<meta property=\"og:image:height\" content=\"600\" \/>\n\t<meta property=\"og:image:type\" content=\"image\/webp\" \/>\n<meta name=\"twitter:card\" content=\"summary_large_image\" \/>\n<meta name=\"twitter:label1\" content=\"Ber\u00e4knad l\u00e4stid\" \/>\n\t<meta name=\"twitter:data1\" content=\"1 minut\" \/>\n<script type=\"application\/ld+json\" class=\"yoast-schema-graph\">{\"@context\":\"https:\/\/schema.org\",\"@graph\":[{\"@type\":\"WebPage\",\"@id\":\"https:\/\/autopartscenter24.com\/auton-varaosat\/1-6-vti-5fw-moottori-peugeot-citroen\/\",\"url\":\"https:\/\/autopartscenter24.com\/auton-varaosat\/1-6-vti-5fw-moottori-peugeot-citroen\/\",\"name\":\"1.6 VTI \\\"5FW\\\" Motor [esim. 308, 5008, RCZ, C3, C5, DS3, DS4]\",\"isPartOf\":{\"@id\":\"https:\/\/autopartscenter24.com\/#website\"},\"primaryImageOfPage\":{\"@id\":\"https:\/\/autopartscenter24.com\/auton-varaosat\/1-6-vti-5fw-moottori-peugeot-citroen\/#primaryimage\"},\"image\":{\"@id\":\"https:\/\/autopartscenter24.com\/auton-varaosat\/1-6-vti-5fw-moottori-peugeot-citroen\/#primaryimage\"},\"thumbnailUrl\":\"https:\/\/autopartscenter24.com\/wp-content\/uploads\/2023\/03\/1-6-VTI-5FW-moottori-peugeot-citroen.webp\",\"datePublished\":\"2023-11-26T20:34:48+00:00\",\"description\":\"En av de motorer vi ofta har tillg\u00e4nglig. Skicka en f\u00f6rfr\u00e5gan s\u00e5 f\u00e5r du ett erbjudande inom 24 timmar. Motorer, v\u00e4xell\u00e5dor och andra bildelar med garanti.\",\"breadcrumb\":{\"@id\":\"https:\/\/autopartscenter24.com\/auton-varaosat\/1-6-vti-5fw-moottori-peugeot-citroen\/#breadcrumb\"},\"inLanguage\":\"sv-SE\",\"potentialAction\":[{\"@type\":\"ReadAction\",\"target\":[\"https:\/\/autopartscenter24.com\/auton-varaosat\/1-6-vti-5fw-moottori-peugeot-citroen\/\"]}]},{\"@type\":\"ImageObject\",\"inLanguage\":\"sv-SE\",\"@id\":\"https:\/\/autopartscenter24.com\/auton-varaosat\/1-6-vti-5fw-moottori-peugeot-citroen\/#primaryimage\",\"url\":\"https:\/\/autopartscenter24.com\/wp-content\/uploads\/2023\/03\/1-6-VTI-5FW-moottori-peugeot-citroen.webp\",\"contentUrl\":\"https:\/\/autopartscenter24.com\/wp-content\/uploads\/2023\/03\/1-6-VTI-5FW-moottori-peugeot-citroen.webp\",\"width\":800,\"height\":600},{\"@type\":\"BreadcrumbList\",\"@id\":\"https:\/\/autopartscenter24.com\/auton-varaosat\/1-6-vti-5fw-moottori-peugeot-citroen\/#breadcrumb\",\"itemListElement\":[{\"@type\":\"ListItem\",\"position\":1,\"name\":\"Hem\",\"item\":\"https:\/\/aliceblue-termite-662564.hostingersite.com\/\"},{\"@type\":\"ListItem\",\"position\":2,\"name\":\"Auton varaosat\",\"item\":\"https:\/\/aliceblue-termite-662564.hostingersite.com\/auton-varaosat\/\"},{\"@type\":\"ListItem\",\"position\":3,\"name\":\"1.6 VTI &#8221;5FW&#8221; Motor [esim. 308, 5008, RCZ, C3, C5, DS3, DS4]\"}]},{\"@type\":\"WebSite\",\"@id\":\"https:\/\/autopartscenter24.com\/#website\",\"url\":\"https:\/\/autopartscenter24.com\/\",\"name\":\"Autopartscenter24\",\"description\":\"K\u00c4YTETYT JA KUNNOSTETUT  AUTON VARAOSAT\",\"potentialAction\":[{\"@type\":\"SearchAction\",\"target\":{\"@type\":\"EntryPoint\",\"urlTemplate\":\"https:\/\/autopartscenter24.com\/?s={search_term_string}\"},\"query-input\":{\"@type\":\"PropertyValueSpecification\",\"valueRequired\":true,\"valueName\":\"search_term_string\"}}],\"inLanguage\":\"sv-SE\"}]}<\/script>\n<!-- \/ Yoast SEO plugin. -->","yoast_head_json":{"title":"1.6 VTI \"5FW\" Motor [esim. 308, 5008, RCZ, C3, C5, DS3, DS4]","description":"En av de motorer vi ofta har tillg\u00e4nglig. Skicka en f\u00f6rfr\u00e5gan s\u00e5 f\u00e5r du ett erbjudande inom 24 timmar. Motorer, v\u00e4xell\u00e5dor och andra bildelar med garanti.","robots":{"index":"index","follow":"follow","max-snippet":"max-snippet:-1","max-image-preview":"max-image-preview:large","max-video-preview":"max-video-preview:-1"},"canonical":"https:\/\/autopartscenter24.com\/sv\/auton-varaosat\/1-6-vti-5fw-moottori-peugeot-citroen\/","og_locale":"sv_SE","og_type":"article","og_title":"1.6 VTI \"5FW\" Motor [esim. 308, 5008, RCZ, C3, C5, DS3, DS4]","og_description":"En av de motorer vi ofta har tillg\u00e4nglig. Skicka en f\u00f6rfr\u00e5gan s\u00e5 f\u00e5r du ett erbjudande inom 24 timmar. Motorer, v\u00e4xell\u00e5dor och andra bildelar med garanti.","og_url":"https:\/\/autopartscenter24.com\/sv\/auton-varaosat\/1-6-vti-5fw-moottori-peugeot-citroen\/","og_site_name":"Autopartscenter24","og_image":[{"width":800,"height":600,"url":"https:\/\/autopartscenter24.com\/wp-content\/uploads\/2023\/03\/1-6-VTI-5FW-moottori-peugeot-citroen.webp","type":"image\/webp"}],"twitter_card":"summary_large_image","twitter_misc":{"Ber\u00e4knad l\u00e4stid":"1 minut"},"schema":{"@context":"https:\/\/schema.org","@graph":[{"@type":"WebPage","@id":"https:\/\/autopartscenter24.com\/auton-varaosat\/1-6-vti-5fw-moottori-peugeot-citroen\/","url":"https:\/\/autopartscenter24.com\/auton-varaosat\/1-6-vti-5fw-moottori-peugeot-citroen\/","name":"1.6 VTI \"5FW\" Motor [esim. 308, 5008, RCZ, C3, C5, DS3, DS4]","isPartOf":{"@id":"https:\/\/autopartscenter24.com\/#website"},"primaryImageOfPage":{"@id":"https:\/\/autopartscenter24.com\/auton-varaosat\/1-6-vti-5fw-moottori-peugeot-citroen\/#primaryimage"},"image":{"@id":"https:\/\/autopartscenter24.com\/auton-varaosat\/1-6-vti-5fw-moottori-peugeot-citroen\/#primaryimage"},"thumbnailUrl":"https:\/\/autopartscenter24.com\/wp-content\/uploads\/2023\/03\/1-6-VTI-5FW-moottori-peugeot-citroen.webp","datePublished":"2023-11-26T20:34:48+00:00","description":"En av de motorer vi ofta har tillg\u00e4nglig. Skicka en f\u00f6rfr\u00e5gan s\u00e5 f\u00e5r du ett erbjudande inom 24 timmar. Motorer, v\u00e4xell\u00e5dor och andra bildelar med garanti.","breadcrumb":{"@id":"https:\/\/autopartscenter24.com\/auton-varaosat\/1-6-vti-5fw-moottori-peugeot-citroen\/#breadcrumb"},"inLanguage":"sv-SE","potentialAction":[{"@type":"ReadAction","target":["https:\/\/autopartscenter24.com\/auton-varaosat\/1-6-vti-5fw-moottori-peugeot-citroen\/"]}]},{"@type":"ImageObject","inLanguage":"sv-SE","@id":"https:\/\/autopartscenter24.com\/auton-varaosat\/1-6-vti-5fw-moottori-peugeot-citroen\/#primaryimage","url":"https:\/\/autopartscenter24.com\/wp-content\/uploads\/2023\/03\/1-6-VTI-5FW-moottori-peugeot-citroen.webp","contentUrl":"https:\/\/autopartscenter24.com\/wp-content\/uploads\/2023\/03\/1-6-VTI-5FW-moottori-peugeot-citroen.webp","width":800,"height":600},{"@type":"BreadcrumbList","@id":"https:\/\/autopartscenter24.com\/auton-varaosat\/1-6-vti-5fw-moottori-peugeot-citroen\/#breadcrumb","itemListElement":[{"@type":"ListItem","position":1,"name":"Hem","item":"https:\/\/aliceblue-termite-662564.hostingersite.com\/"},{"@type":"ListItem","position":2,"name":"Auton varaosat","item":"https:\/\/aliceblue-termite-662564.hostingersite.com\/auton-varaosat\/"},{"@type":"ListItem","position":3,"name":"1.6 VTI &#8221;5FW&#8221; Motor [esim. 308, 5008, RCZ, C3, C5, DS3, DS4]"}]},{"@type":"WebSite","@id":"https:\/\/autopartscenter24.com\/#website","url":"https:\/\/autopartscenter24.com\/","name":"Autopartscenter24","description":"K\u00c4YTETYT JA KUNNOSTETUT  AUTON VARAOSAT","potentialAction":[{"@type":"SearchAction","target":{"@type":"EntryPoint","urlTemplate":"https:\/\/autopartscenter24.com\/?s={search_term_string}"},"query-input":{"@type":"PropertyValueSpecification","valueRequired":true,"valueName":"search_term_string"}}],"inLanguage":"sv-SE"}]}},"_links":{"self":[{"href":"https:\/\/autopartscenter24.com\/sv\/wp-json\/wp\/v2\/product\/5548","targetHints":{"allow":["GET"]}}],"collection":[{"href":"https:\/\/autopartscenter24.com\/sv\/wp-json\/wp\/v2\/product"}],"about":[{"href":"https:\/\/autopartscenter24.com\/sv\/wp-json\/wp\/v2\/types\/product"}],"wp:featuredmedia":[{"embeddable":true,"href":"https:\/\/autopartscenter24.com\/sv\/wp-json\/wp\/v2\/media\/4345"}],"wp:attachment":[{"href":"https:\/\/autopartscenter24.com\/sv\/wp-json\/wp\/v2\/media?parent=5548"}],"wp:term":[{"taxonomy":"product_brand","embeddable":true,"href":"https:\/\/autopartscenter24.com\/sv\/wp-json\/wp\/v2\/product_brand?post=5548"},{"taxonomy":"product_cat","embeddable":true,"href":"https:\/\/autopartscenter24.com\/sv\/wp-json\/wp\/v2\/product_cat?post=5548"},{"taxonomy":"product_tag","embeddable":true,"href":"https:\/\/autopartscenter24.com\/sv\/wp-json\/wp\/v2\/product_tag?post=5548"}],"curies":[{"name":"wp","href":"https:\/\/api.w.org\/{rel}","templated":true}]}}