{"id":5547,"date":"2023-03-04T18:50:39","date_gmt":"2023-11-26T20:33:12","guid":{"rendered":"https:\/\/autopartscenter24.com\/product\/1-5-dci-k9k636-motor-megane-scenic-kangoo-qashqai\/"},"modified":"2023-11-26T21:33:15","modified_gmt":"2023-11-26T20:33:15","slug":"1-5-dci-k9k-636-motor-renault-nissan-dacia","status":"publish","type":"product","link":"https:\/\/autopartscenter24.com\/sv\/auton-varaosat\/1-5-dci-k9k-636-motor-renault-nissan-dacia\/","title":{"rendered":"1.5 DCI &#8221;K9K636&#8221; Motor [Megane, Scenic, Kangoo, Qashqai]"},"content":{"rendered":"<p><strong>1,5 DCI (motorkod: K9K636) \u00e4r en fyrcylindrig dieselmotor som har anv\u00e4nts i flera bilmodeller som Renault, Nissan och Dacia.<\/strong> Motorn introducerades f\u00f6rsta g\u00e5ngen 2001 och har visat sig vara en mycket p\u00e5litlig och ekonomisk motor.<\/p>\n<p>K9K636-motorn har ett cylinderblock och cylinderhuvud av aluminium och har en DOHC (dual overhead camshaft) ventilt\u00e5g med fyra ventiler per cylinder. Motorn har ocks\u00e5 ett common rail-br\u00e4nslesystem som anv\u00e4nder en h\u00f6gtryckspump f\u00f6r att mata br\u00e4nsle direkt till cylindrarna.<\/p>\n<p>Motorn har en cylindervolym p\u00e5 1,5 liter och ger en maximal effekt p\u00e5 110 h\u00e4stkrafter (81 kW) och ett toppvridmoment p\u00e5 260 Nm (192 lb-ft) vid 2 000 rpm. Den \u00e4r kopplad till antingen en 5- eller 6-v\u00e4xlad manuell v\u00e4xell\u00e5da eller en 6-v\u00e4xlad automatisk v\u00e4xell\u00e5da, beroende p\u00e5 bilmodell.<\/p>\n<p>K9K636-motorn \u00e4r k\u00e4nd f\u00f6r god br\u00e4nsleekonomi och l\u00e5ga koldioxidutsl\u00e4pp. Den \u00e4r ocks\u00e5 tyst och l\u00e4tt att underh\u00e5lla, vilket g\u00f6r den till ett mycket attraktivt val f\u00f6r konsumenter.<\/p>\n<p>Sammantaget \u00e4r 1,5 DCI (motorkod: K9K636) en p\u00e5litlig, effektiv och ekonomisk dieselmotor som erbjuder utm\u00e4rkt k\u00f6rupplevelse och br\u00e4nsleekonomi i ett brett utbud av bilmodeller.<\/p>\n","protected":false},"excerpt":{"rendered":"<p>Renault:<\/p>\n<ul>\n<li>Clio<\/li>\n<li>Megane<\/li>\n<li>Scenic<\/li>\n<li>Kangoo<\/li>\n<\/ul>\n<p>Nissan:<\/p>\n<ul>\n<li>Micra<\/li>\n<li>Note<\/li>\n<li>Qashqai (2007\u20132013)<\/li>\n<\/ul>\n<p>Dacia:<\/p>\n<ul>\n<li>Logan<\/li>\n<li>Sandero<\/li>\n<\/ul>\n","protected":false},"featured_media":4350,"template":"","meta":[],"product_brand":[],"product_cat":[553,601,621],"product_tag":[779,782,784,780,679,708,680,783,781],"class_list":{"0":"post-5547","1":"product","2":"type-product","3":"status-publish","4":"has-post-thumbnail","6":"product_cat-dacia-sv","7":"product_cat-nissan-sv","8":"product_cat-renault-sv","9":"product_tag-clio-sv","10":"product_tag-kangoo-sv","11":"product_tag-logan-sv","12":"product_tag-megane-sv","13":"product_tag-micra-sv","14":"product_tag-note-sv","15":"product_tag-qashqai-sv","16":"product_tag-sandero-sv","17":"product_tag-scenic-sv","18":"pa_varaosan-osasto-motor","21":"first","22":"instock","23":"shipping-taxable","24":"product-type-simple"},"yoast_head":"<!-- This site is optimized with the Yoast SEO plugin v26.8 - https:\/\/yoast.com\/product\/yoast-seo-wordpress\/ -->\n<title>1.5 DCI &quot;K9K636&quot; Motor [Megane, Scenic, Kangoo, Qashqai]<\/title>\n<meta name=\"description\" content=\"En av de motorer som vi ofta har tillg\u00e4ngliga. Skicka en f\u00f6rfr\u00e5gan och f\u00e5 en offert inom 24 timmar. Motorer, v\u00e4xell\u00e5dor och andra bildelar under garanti.\" \/>\n<meta name=\"robots\" content=\"index, follow, max-snippet:-1, max-image-preview:large, max-video-preview:-1\" \/>\n<link rel=\"canonical\" href=\"https:\/\/autopartscenter24.com\/sv\/auton-varaosat\/1-5-dci-k9k-636-moottori-renault-nissan-dacia\/\" \/>\n<meta property=\"og:locale\" content=\"sv_SE\" \/>\n<meta property=\"og:type\" content=\"article\" \/>\n<meta property=\"og:title\" content=\"1.5 DCI &quot;K9K636&quot; Motor [Megane, Scenic, Kangoo, Qashqai]\" \/>\n<meta property=\"og:description\" content=\"En av de motorer som vi ofta har tillg\u00e4ngliga. Skicka en f\u00f6rfr\u00e5gan och f\u00e5 en offert inom 24 timmar. Motorer, v\u00e4xell\u00e5dor och andra bildelar under garanti.\" \/>\n<meta property=\"og:url\" content=\"https:\/\/autopartscenter24.com\/sv\/auton-varaosat\/1-5-dci-k9k-636-moottori-renault-nissan-dacia\/\" \/>\n<meta property=\"og:site_name\" content=\"Autopartscenter24\" \/>\n<meta property=\"article:modified_time\" content=\"2023-11-26T20:33:15+00:00\" \/>\n<meta property=\"og:image\" content=\"https:\/\/autopartscenter24.com\/wp-content\/uploads\/2023\/03\/1-5-DCI-K9K-636-moottori-Renault-Nissan-Dacia.webp\" \/>\n\t<meta property=\"og:image:width\" content=\"800\" \/>\n\t<meta property=\"og:image:height\" content=\"600\" \/>\n\t<meta property=\"og:image:type\" content=\"image\/webp\" \/>\n<meta name=\"twitter:card\" content=\"summary_large_image\" \/>\n<meta name=\"twitter:label1\" content=\"Ber\u00e4knad l\u00e4stid\" \/>\n\t<meta name=\"twitter:data1\" content=\"1 minut\" \/>\n<script type=\"application\/ld+json\" class=\"yoast-schema-graph\">{\"@context\":\"https:\/\/schema.org\",\"@graph\":[{\"@type\":\"WebPage\",\"@id\":\"https:\/\/autopartscenter24.com\/auton-varaosat\/1-5-dci-k9k-636-moottori-renault-nissan-dacia\/\",\"url\":\"https:\/\/autopartscenter24.com\/auton-varaosat\/1-5-dci-k9k-636-moottori-renault-nissan-dacia\/\",\"name\":\"1.5 DCI \\\"K9K636\\\" Motor [Megane, Scenic, Kangoo, Qashqai]\",\"isPartOf\":{\"@id\":\"https:\/\/autopartscenter24.com\/#website\"},\"primaryImageOfPage\":{\"@id\":\"https:\/\/autopartscenter24.com\/auton-varaosat\/1-5-dci-k9k-636-moottori-renault-nissan-dacia\/#primaryimage\"},\"image\":{\"@id\":\"https:\/\/autopartscenter24.com\/auton-varaosat\/1-5-dci-k9k-636-moottori-renault-nissan-dacia\/#primaryimage\"},\"thumbnailUrl\":\"https:\/\/autopartscenter24.com\/wp-content\/uploads\/2023\/03\/1-5-DCI-K9K-636-moottori-Renault-Nissan-Dacia.webp\",\"datePublished\":\"2023-11-26T20:33:12+00:00\",\"dateModified\":\"2023-11-26T20:33:15+00:00\",\"description\":\"En av de motorer som vi ofta har tillg\u00e4ngliga. Skicka en f\u00f6rfr\u00e5gan och f\u00e5 en offert inom 24 timmar. Motorer, v\u00e4xell\u00e5dor och andra bildelar under garanti.\",\"breadcrumb\":{\"@id\":\"https:\/\/autopartscenter24.com\/auton-varaosat\/1-5-dci-k9k-636-moottori-renault-nissan-dacia\/#breadcrumb\"},\"inLanguage\":\"sv-SE\",\"potentialAction\":[{\"@type\":\"ReadAction\",\"target\":[\"https:\/\/autopartscenter24.com\/auton-varaosat\/1-5-dci-k9k-636-moottori-renault-nissan-dacia\/\"]}]},{\"@type\":\"ImageObject\",\"inLanguage\":\"sv-SE\",\"@id\":\"https:\/\/autopartscenter24.com\/auton-varaosat\/1-5-dci-k9k-636-moottori-renault-nissan-dacia\/#primaryimage\",\"url\":\"https:\/\/autopartscenter24.com\/wp-content\/uploads\/2023\/03\/1-5-DCI-K9K-636-moottori-Renault-Nissan-Dacia.webp\",\"contentUrl\":\"https:\/\/autopartscenter24.com\/wp-content\/uploads\/2023\/03\/1-5-DCI-K9K-636-moottori-Renault-Nissan-Dacia.webp\",\"width\":800,\"height\":600},{\"@type\":\"BreadcrumbList\",\"@id\":\"https:\/\/autopartscenter24.com\/auton-varaosat\/1-5-dci-k9k-636-moottori-renault-nissan-dacia\/#breadcrumb\",\"itemListElement\":[{\"@type\":\"ListItem\",\"position\":1,\"name\":\"Hem\",\"item\":\"https:\/\/aliceblue-termite-662564.hostingersite.com\/\"},{\"@type\":\"ListItem\",\"position\":2,\"name\":\"Auton varaosat\",\"item\":\"https:\/\/aliceblue-termite-662564.hostingersite.com\/auton-varaosat\/\"},{\"@type\":\"ListItem\",\"position\":3,\"name\":\"1.5 DCI &#8221;K9K636&#8221; Motor [Megane, Scenic, Kangoo, Qashqai]\"}]},{\"@type\":\"WebSite\",\"@id\":\"https:\/\/autopartscenter24.com\/#website\",\"url\":\"https:\/\/autopartscenter24.com\/\",\"name\":\"Autopartscenter24\",\"description\":\"K\u00c4YTETYT JA KUNNOSTETUT  AUTON VARAOSAT\",\"potentialAction\":[{\"@type\":\"SearchAction\",\"target\":{\"@type\":\"EntryPoint\",\"urlTemplate\":\"https:\/\/autopartscenter24.com\/?s={search_term_string}\"},\"query-input\":{\"@type\":\"PropertyValueSpecification\",\"valueRequired\":true,\"valueName\":\"search_term_string\"}}],\"inLanguage\":\"sv-SE\"}]}<\/script>\n<!-- \/ Yoast SEO plugin. -->","yoast_head_json":{"title":"1.5 DCI \"K9K636\" Motor [Megane, Scenic, Kangoo, Qashqai]","description":"En av de motorer som vi ofta har tillg\u00e4ngliga. Skicka en f\u00f6rfr\u00e5gan och f\u00e5 en offert inom 24 timmar. Motorer, v\u00e4xell\u00e5dor och andra bildelar under garanti.","robots":{"index":"index","follow":"follow","max-snippet":"max-snippet:-1","max-image-preview":"max-image-preview:large","max-video-preview":"max-video-preview:-1"},"canonical":"https:\/\/autopartscenter24.com\/sv\/auton-varaosat\/1-5-dci-k9k-636-moottori-renault-nissan-dacia\/","og_locale":"sv_SE","og_type":"article","og_title":"1.5 DCI \"K9K636\" Motor [Megane, Scenic, Kangoo, Qashqai]","og_description":"En av de motorer som vi ofta har tillg\u00e4ngliga. Skicka en f\u00f6rfr\u00e5gan och f\u00e5 en offert inom 24 timmar. Motorer, v\u00e4xell\u00e5dor och andra bildelar under garanti.","og_url":"https:\/\/autopartscenter24.com\/sv\/auton-varaosat\/1-5-dci-k9k-636-moottori-renault-nissan-dacia\/","og_site_name":"Autopartscenter24","article_modified_time":"2023-11-26T20:33:15+00:00","og_image":[{"width":800,"height":600,"url":"https:\/\/autopartscenter24.com\/wp-content\/uploads\/2023\/03\/1-5-DCI-K9K-636-moottori-Renault-Nissan-Dacia.webp","type":"image\/webp"}],"twitter_card":"summary_large_image","twitter_misc":{"Ber\u00e4knad l\u00e4stid":"1 minut"},"schema":{"@context":"https:\/\/schema.org","@graph":[{"@type":"WebPage","@id":"https:\/\/autopartscenter24.com\/auton-varaosat\/1-5-dci-k9k-636-moottori-renault-nissan-dacia\/","url":"https:\/\/autopartscenter24.com\/auton-varaosat\/1-5-dci-k9k-636-moottori-renault-nissan-dacia\/","name":"1.5 DCI \"K9K636\" Motor [Megane, Scenic, Kangoo, Qashqai]","isPartOf":{"@id":"https:\/\/autopartscenter24.com\/#website"},"primaryImageOfPage":{"@id":"https:\/\/autopartscenter24.com\/auton-varaosat\/1-5-dci-k9k-636-moottori-renault-nissan-dacia\/#primaryimage"},"image":{"@id":"https:\/\/autopartscenter24.com\/auton-varaosat\/1-5-dci-k9k-636-moottori-renault-nissan-dacia\/#primaryimage"},"thumbnailUrl":"https:\/\/autopartscenter24.com\/wp-content\/uploads\/2023\/03\/1-5-DCI-K9K-636-moottori-Renault-Nissan-Dacia.webp","datePublished":"2023-11-26T20:33:12+00:00","dateModified":"2023-11-26T20:33:15+00:00","description":"En av de motorer som vi ofta har tillg\u00e4ngliga. Skicka en f\u00f6rfr\u00e5gan och f\u00e5 en offert inom 24 timmar. Motorer, v\u00e4xell\u00e5dor och andra bildelar under garanti.","breadcrumb":{"@id":"https:\/\/autopartscenter24.com\/auton-varaosat\/1-5-dci-k9k-636-moottori-renault-nissan-dacia\/#breadcrumb"},"inLanguage":"sv-SE","potentialAction":[{"@type":"ReadAction","target":["https:\/\/autopartscenter24.com\/auton-varaosat\/1-5-dci-k9k-636-moottori-renault-nissan-dacia\/"]}]},{"@type":"ImageObject","inLanguage":"sv-SE","@id":"https:\/\/autopartscenter24.com\/auton-varaosat\/1-5-dci-k9k-636-moottori-renault-nissan-dacia\/#primaryimage","url":"https:\/\/autopartscenter24.com\/wp-content\/uploads\/2023\/03\/1-5-DCI-K9K-636-moottori-Renault-Nissan-Dacia.webp","contentUrl":"https:\/\/autopartscenter24.com\/wp-content\/uploads\/2023\/03\/1-5-DCI-K9K-636-moottori-Renault-Nissan-Dacia.webp","width":800,"height":600},{"@type":"BreadcrumbList","@id":"https:\/\/autopartscenter24.com\/auton-varaosat\/1-5-dci-k9k-636-moottori-renault-nissan-dacia\/#breadcrumb","itemListElement":[{"@type":"ListItem","position":1,"name":"Hem","item":"https:\/\/aliceblue-termite-662564.hostingersite.com\/"},{"@type":"ListItem","position":2,"name":"Auton varaosat","item":"https:\/\/aliceblue-termite-662564.hostingersite.com\/auton-varaosat\/"},{"@type":"ListItem","position":3,"name":"1.5 DCI &#8221;K9K636&#8221; Motor [Megane, Scenic, Kangoo, Qashqai]"}]},{"@type":"WebSite","@id":"https:\/\/autopartscenter24.com\/#website","url":"https:\/\/autopartscenter24.com\/","name":"Autopartscenter24","description":"K\u00c4YTETYT JA KUNNOSTETUT  AUTON VARAOSAT","potentialAction":[{"@type":"SearchAction","target":{"@type":"EntryPoint","urlTemplate":"https:\/\/autopartscenter24.com\/?s={search_term_string}"},"query-input":{"@type":"PropertyValueSpecification","valueRequired":true,"valueName":"search_term_string"}}],"inLanguage":"sv-SE"}]}},"_links":{"self":[{"href":"https:\/\/autopartscenter24.com\/sv\/wp-json\/wp\/v2\/product\/5547","targetHints":{"allow":["GET"]}}],"collection":[{"href":"https:\/\/autopartscenter24.com\/sv\/wp-json\/wp\/v2\/product"}],"about":[{"href":"https:\/\/autopartscenter24.com\/sv\/wp-json\/wp\/v2\/types\/product"}],"wp:featuredmedia":[{"embeddable":true,"href":"https:\/\/autopartscenter24.com\/sv\/wp-json\/wp\/v2\/media\/4350"}],"wp:attachment":[{"href":"https:\/\/autopartscenter24.com\/sv\/wp-json\/wp\/v2\/media?parent=5547"}],"wp:term":[{"taxonomy":"product_brand","embeddable":true,"href":"https:\/\/autopartscenter24.com\/sv\/wp-json\/wp\/v2\/product_brand?post=5547"},{"taxonomy":"product_cat","embeddable":true,"href":"https:\/\/autopartscenter24.com\/sv\/wp-json\/wp\/v2\/product_cat?post=5547"},{"taxonomy":"product_tag","embeddable":true,"href":"https:\/\/autopartscenter24.com\/sv\/wp-json\/wp\/v2\/product_tag?post=5547"}],"curies":[{"name":"wp","href":"https:\/\/api.w.org\/{rel}","templated":true}]}}