{"id":5546,"date":"2023-03-04T19:03:21","date_gmt":"2023-11-26T20:31:44","guid":{"rendered":"https:\/\/autopartscenter24.com\/product\/1-6-i-dtec-n16a1-motor-esim-honda-civic-cr-v\/"},"modified":"2023-11-26T21:31:44","modified_gmt":"2023-11-26T20:31:44","slug":"1-6-i-dtec-n16a1-motor-honda-civic-cr-v","status":"publish","type":"product","link":"https:\/\/autopartscenter24.com\/sv\/auton-varaosat\/1-6-i-dtec-n16a1-motor-honda-civic-cr-v\/","title":{"rendered":"1.6 I-DTEC &#8221;N16A1&#8221; Motor [esim. HONDA CIVIC, CR-V]"},"content":{"rendered":"<p><strong>HONDA 1.6 I-DTEC-motorn (kod: N16A1)<\/strong> \u00e4r en fyrcylindrig dieselmotor som f\u00f6rst introducerades 2013. Huvuddragen hos motorn \u00e4r dess goda prestanda, ekonomi och milj\u00f6v\u00e4nlighet.<\/p>\n<p>Topplocket och blocket p\u00e5 N16A1-motorn \u00e4r gjorda av aluminium. Motorn har DOHC (dubbel \u00f6verliggande kamaxel) ventilhantering med fyra ventiler per cylinder. Dessutom har motorn en kompressorladdning och en intercooler, vilket f\u00f6rb\u00e4ttrar motorns prestanda och kraft.<\/p>\n<p>Motorn har en cylindervolym p\u00e5 1,6 liter och en maximal effekt p\u00e5 120 h\u00e4stkrafter (88 kW) vid 4 000 rpm och ett toppvridmoment p\u00e5 300 Nm (221 lb-ft) vid 2 000 rpm. Motorn \u00e4r utrustad med en 6-v\u00e4xlad manuell v\u00e4xell\u00e5da.<\/p>\n<p>N16A1-motorn har ett flerpunktsinsprutningssystem som till\u00e5ter exakt br\u00e4nsleinsprutning i motorn. Detta system f\u00f6rb\u00e4ttrar br\u00e4nsleekonomin och minskar utsl\u00e4ppen.<\/p>\n<p>N16A1-motorn har ett flerpunktsinsprutningssystem som till\u00e5ter exakt br\u00e4nsleinsprutning i motorn.<\/p>\n<ul>\n<li>Honda Civic (2013-2017)<\/li>\n<li>Honda CR-V (2013-2014)<\/li>\n<\/ul>\n<p>Sammanfattningsvis \u00e4r HONDA 1.6 I-DTEC-motorn (kod: N16A1) en p\u00e5litlig, ekonomisk och milj\u00f6v\u00e4nlig dieselmotor som erbjuder bra prestanda och ekonomi. Dess avancerade funktioner, s\u00e5som flerpunktsinsprutningssystemet, g\u00f6r den till ett popul\u00e4rt val f\u00f6r f\u00f6rare som v\u00e4rdes\u00e4tter prestanda och ekonomi.<\/p>\n","protected":false},"excerpt":{"rendered":"<p>Honda:<\/p>\n<ul>\n<li>Civic (2013-2017)<\/li>\n<li>CR-V (2015-2018)<\/li>\n<\/ul>\n","protected":false},"featured_media":3595,"template":"","meta":[],"product_brand":[],"product_cat":[569],"product_tag":[670,671],"class_list":{"0":"post-5546","1":"product","2":"type-product","3":"status-publish","4":"has-post-thumbnail","6":"product_cat-honda-sv","7":"product_tag-civic-sv","8":"product_tag-cr-v-sv","9":"pa_varaosan-osasto-motor","12":"first","13":"instock","14":"shipping-taxable","15":"product-type-simple"},"yoast_head":"<!-- This site is optimized with the Yoast SEO plugin v26.8 - https:\/\/yoast.com\/product\/yoast-seo-wordpress\/ -->\n<title>1.6 I-DTEC &quot;N16A1&quot; Motor [esim. HONDA CIVIC, CR-V]<\/title>\n<meta name=\"description\" content=\"En av de motorer som vi ofta har tillg\u00e4ngliga. Skicka en f\u00f6rfr\u00e5gan och f\u00e5 en offert inom 24 timmar. Motorer, v\u00e4xell\u00e5dor och andra bildelar under garanti.\" \/>\n<meta name=\"robots\" content=\"index, follow, max-snippet:-1, max-image-preview:large, max-video-preview:-1\" \/>\n<link rel=\"canonical\" href=\"https:\/\/autopartscenter24.com\/sv\/auton-varaosat\/1-6-i-dtec-n16a1-moottori-honda-civic-cr-v\/\" \/>\n<meta property=\"og:locale\" content=\"sv_SE\" \/>\n<meta property=\"og:type\" content=\"article\" \/>\n<meta property=\"og:title\" content=\"1.6 I-DTEC &quot;N16A1&quot; Motor [esim. HONDA CIVIC, CR-V]\" \/>\n<meta property=\"og:description\" content=\"En av de motorer som vi ofta har tillg\u00e4ngliga. Skicka en f\u00f6rfr\u00e5gan och f\u00e5 en offert inom 24 timmar. Motorer, v\u00e4xell\u00e5dor och andra bildelar under garanti.\" \/>\n<meta property=\"og:url\" content=\"https:\/\/autopartscenter24.com\/sv\/auton-varaosat\/1-6-i-dtec-n16a1-moottori-honda-civic-cr-v\/\" \/>\n<meta property=\"og:site_name\" content=\"Autopartscenter24\" \/>\n<meta property=\"og:image\" content=\"https:\/\/autopartscenter24.com\/wp-content\/uploads\/2023\/03\/1-6-I-DTEC-N16A1-moottori-honda-civic-crv.jpg\" \/>\n\t<meta property=\"og:image:width\" content=\"800\" \/>\n\t<meta property=\"og:image:height\" content=\"600\" \/>\n\t<meta property=\"og:image:type\" content=\"image\/jpeg\" \/>\n<meta name=\"twitter:card\" content=\"summary_large_image\" \/>\n<meta name=\"twitter:label1\" content=\"Ber\u00e4knad l\u00e4stid\" \/>\n\t<meta name=\"twitter:data1\" content=\"1 minut\" \/>\n<script type=\"application\/ld+json\" class=\"yoast-schema-graph\">{\"@context\":\"https:\/\/schema.org\",\"@graph\":[{\"@type\":\"WebPage\",\"@id\":\"https:\/\/autopartscenter24.com\/auton-varaosat\/1-6-i-dtec-n16a1-moottori-honda-civic-cr-v\/\",\"url\":\"https:\/\/autopartscenter24.com\/auton-varaosat\/1-6-i-dtec-n16a1-moottori-honda-civic-cr-v\/\",\"name\":\"1.6 I-DTEC \\\"N16A1\\\" Motor [esim. HONDA CIVIC, CR-V]\",\"isPartOf\":{\"@id\":\"https:\/\/autopartscenter24.com\/#website\"},\"primaryImageOfPage\":{\"@id\":\"https:\/\/autopartscenter24.com\/auton-varaosat\/1-6-i-dtec-n16a1-moottori-honda-civic-cr-v\/#primaryimage\"},\"image\":{\"@id\":\"https:\/\/autopartscenter24.com\/auton-varaosat\/1-6-i-dtec-n16a1-moottori-honda-civic-cr-v\/#primaryimage\"},\"thumbnailUrl\":\"https:\/\/autopartscenter24.com\/wp-content\/uploads\/2023\/03\/1-6-I-DTEC-N16A1-moottori-honda-civic-crv.jpg\",\"datePublished\":\"2023-11-26T20:31:44+00:00\",\"description\":\"En av de motorer som vi ofta har tillg\u00e4ngliga. Skicka en f\u00f6rfr\u00e5gan och f\u00e5 en offert inom 24 timmar. Motorer, v\u00e4xell\u00e5dor och andra bildelar under garanti.\",\"breadcrumb\":{\"@id\":\"https:\/\/autopartscenter24.com\/auton-varaosat\/1-6-i-dtec-n16a1-moottori-honda-civic-cr-v\/#breadcrumb\"},\"inLanguage\":\"sv-SE\",\"potentialAction\":[{\"@type\":\"ReadAction\",\"target\":[\"https:\/\/autopartscenter24.com\/auton-varaosat\/1-6-i-dtec-n16a1-moottori-honda-civic-cr-v\/\"]}]},{\"@type\":\"ImageObject\",\"inLanguage\":\"sv-SE\",\"@id\":\"https:\/\/autopartscenter24.com\/auton-varaosat\/1-6-i-dtec-n16a1-moottori-honda-civic-cr-v\/#primaryimage\",\"url\":\"https:\/\/autopartscenter24.com\/wp-content\/uploads\/2023\/03\/1-6-I-DTEC-N16A1-moottori-honda-civic-crv.jpg\",\"contentUrl\":\"https:\/\/autopartscenter24.com\/wp-content\/uploads\/2023\/03\/1-6-I-DTEC-N16A1-moottori-honda-civic-crv.jpg\",\"width\":800,\"height\":600},{\"@type\":\"BreadcrumbList\",\"@id\":\"https:\/\/autopartscenter24.com\/auton-varaosat\/1-6-i-dtec-n16a1-moottori-honda-civic-cr-v\/#breadcrumb\",\"itemListElement\":[{\"@type\":\"ListItem\",\"position\":1,\"name\":\"Hem\",\"item\":\"https:\/\/aliceblue-termite-662564.hostingersite.com\/\"},{\"@type\":\"ListItem\",\"position\":2,\"name\":\"Auton varaosat\",\"item\":\"https:\/\/aliceblue-termite-662564.hostingersite.com\/auton-varaosat\/\"},{\"@type\":\"ListItem\",\"position\":3,\"name\":\"1.6 I-DTEC &#8221;N16A1&#8221; Motor [esim. HONDA CIVIC, CR-V]\"}]},{\"@type\":\"WebSite\",\"@id\":\"https:\/\/autopartscenter24.com\/#website\",\"url\":\"https:\/\/autopartscenter24.com\/\",\"name\":\"Autopartscenter24\",\"description\":\"K\u00c4YTETYT JA KUNNOSTETUT  AUTON VARAOSAT\",\"potentialAction\":[{\"@type\":\"SearchAction\",\"target\":{\"@type\":\"EntryPoint\",\"urlTemplate\":\"https:\/\/autopartscenter24.com\/?s={search_term_string}\"},\"query-input\":{\"@type\":\"PropertyValueSpecification\",\"valueRequired\":true,\"valueName\":\"search_term_string\"}}],\"inLanguage\":\"sv-SE\"}]}<\/script>\n<!-- \/ Yoast SEO plugin. -->","yoast_head_json":{"title":"1.6 I-DTEC \"N16A1\" Motor [esim. HONDA CIVIC, CR-V]","description":"En av de motorer som vi ofta har tillg\u00e4ngliga. Skicka en f\u00f6rfr\u00e5gan och f\u00e5 en offert inom 24 timmar. Motorer, v\u00e4xell\u00e5dor och andra bildelar under garanti.","robots":{"index":"index","follow":"follow","max-snippet":"max-snippet:-1","max-image-preview":"max-image-preview:large","max-video-preview":"max-video-preview:-1"},"canonical":"https:\/\/autopartscenter24.com\/sv\/auton-varaosat\/1-6-i-dtec-n16a1-moottori-honda-civic-cr-v\/","og_locale":"sv_SE","og_type":"article","og_title":"1.6 I-DTEC \"N16A1\" Motor [esim. HONDA CIVIC, CR-V]","og_description":"En av de motorer som vi ofta har tillg\u00e4ngliga. Skicka en f\u00f6rfr\u00e5gan och f\u00e5 en offert inom 24 timmar. Motorer, v\u00e4xell\u00e5dor och andra bildelar under garanti.","og_url":"https:\/\/autopartscenter24.com\/sv\/auton-varaosat\/1-6-i-dtec-n16a1-moottori-honda-civic-cr-v\/","og_site_name":"Autopartscenter24","og_image":[{"width":800,"height":600,"url":"https:\/\/autopartscenter24.com\/wp-content\/uploads\/2023\/03\/1-6-I-DTEC-N16A1-moottori-honda-civic-crv.jpg","type":"image\/jpeg"}],"twitter_card":"summary_large_image","twitter_misc":{"Ber\u00e4knad l\u00e4stid":"1 minut"},"schema":{"@context":"https:\/\/schema.org","@graph":[{"@type":"WebPage","@id":"https:\/\/autopartscenter24.com\/auton-varaosat\/1-6-i-dtec-n16a1-moottori-honda-civic-cr-v\/","url":"https:\/\/autopartscenter24.com\/auton-varaosat\/1-6-i-dtec-n16a1-moottori-honda-civic-cr-v\/","name":"1.6 I-DTEC \"N16A1\" Motor [esim. HONDA CIVIC, CR-V]","isPartOf":{"@id":"https:\/\/autopartscenter24.com\/#website"},"primaryImageOfPage":{"@id":"https:\/\/autopartscenter24.com\/auton-varaosat\/1-6-i-dtec-n16a1-moottori-honda-civic-cr-v\/#primaryimage"},"image":{"@id":"https:\/\/autopartscenter24.com\/auton-varaosat\/1-6-i-dtec-n16a1-moottori-honda-civic-cr-v\/#primaryimage"},"thumbnailUrl":"https:\/\/autopartscenter24.com\/wp-content\/uploads\/2023\/03\/1-6-I-DTEC-N16A1-moottori-honda-civic-crv.jpg","datePublished":"2023-11-26T20:31:44+00:00","description":"En av de motorer som vi ofta har tillg\u00e4ngliga. Skicka en f\u00f6rfr\u00e5gan och f\u00e5 en offert inom 24 timmar. Motorer, v\u00e4xell\u00e5dor och andra bildelar under garanti.","breadcrumb":{"@id":"https:\/\/autopartscenter24.com\/auton-varaosat\/1-6-i-dtec-n16a1-moottori-honda-civic-cr-v\/#breadcrumb"},"inLanguage":"sv-SE","potentialAction":[{"@type":"ReadAction","target":["https:\/\/autopartscenter24.com\/auton-varaosat\/1-6-i-dtec-n16a1-moottori-honda-civic-cr-v\/"]}]},{"@type":"ImageObject","inLanguage":"sv-SE","@id":"https:\/\/autopartscenter24.com\/auton-varaosat\/1-6-i-dtec-n16a1-moottori-honda-civic-cr-v\/#primaryimage","url":"https:\/\/autopartscenter24.com\/wp-content\/uploads\/2023\/03\/1-6-I-DTEC-N16A1-moottori-honda-civic-crv.jpg","contentUrl":"https:\/\/autopartscenter24.com\/wp-content\/uploads\/2023\/03\/1-6-I-DTEC-N16A1-moottori-honda-civic-crv.jpg","width":800,"height":600},{"@type":"BreadcrumbList","@id":"https:\/\/autopartscenter24.com\/auton-varaosat\/1-6-i-dtec-n16a1-moottori-honda-civic-cr-v\/#breadcrumb","itemListElement":[{"@type":"ListItem","position":1,"name":"Hem","item":"https:\/\/aliceblue-termite-662564.hostingersite.com\/"},{"@type":"ListItem","position":2,"name":"Auton varaosat","item":"https:\/\/aliceblue-termite-662564.hostingersite.com\/auton-varaosat\/"},{"@type":"ListItem","position":3,"name":"1.6 I-DTEC &#8221;N16A1&#8221; Motor [esim. HONDA CIVIC, CR-V]"}]},{"@type":"WebSite","@id":"https:\/\/autopartscenter24.com\/#website","url":"https:\/\/autopartscenter24.com\/","name":"Autopartscenter24","description":"K\u00c4YTETYT JA KUNNOSTETUT  AUTON VARAOSAT","potentialAction":[{"@type":"SearchAction","target":{"@type":"EntryPoint","urlTemplate":"https:\/\/autopartscenter24.com\/?s={search_term_string}"},"query-input":{"@type":"PropertyValueSpecification","valueRequired":true,"valueName":"search_term_string"}}],"inLanguage":"sv-SE"}]}},"_links":{"self":[{"href":"https:\/\/autopartscenter24.com\/sv\/wp-json\/wp\/v2\/product\/5546","targetHints":{"allow":["GET"]}}],"collection":[{"href":"https:\/\/autopartscenter24.com\/sv\/wp-json\/wp\/v2\/product"}],"about":[{"href":"https:\/\/autopartscenter24.com\/sv\/wp-json\/wp\/v2\/types\/product"}],"wp:featuredmedia":[{"embeddable":true,"href":"https:\/\/autopartscenter24.com\/sv\/wp-json\/wp\/v2\/media\/3595"}],"wp:attachment":[{"href":"https:\/\/autopartscenter24.com\/sv\/wp-json\/wp\/v2\/media?parent=5546"}],"wp:term":[{"taxonomy":"product_brand","embeddable":true,"href":"https:\/\/autopartscenter24.com\/sv\/wp-json\/wp\/v2\/product_brand?post=5546"},{"taxonomy":"product_cat","embeddable":true,"href":"https:\/\/autopartscenter24.com\/sv\/wp-json\/wp\/v2\/product_cat?post=5546"},{"taxonomy":"product_tag","embeddable":true,"href":"https:\/\/autopartscenter24.com\/sv\/wp-json\/wp\/v2\/product_tag?post=5546"}],"curies":[{"name":"wp","href":"https:\/\/api.w.org\/{rel}","templated":true}]}}