{"id":5545,"date":"2023-03-04T19:24:26","date_gmt":"2023-11-26T20:29:53","guid":{"rendered":"https:\/\/autopartscenter24.com\/product\/2-0-vtec-k20z2-motor-esim-honda-civic-accord-acura-csx\/"},"modified":"2023-11-26T21:29:53","modified_gmt":"2023-11-26T20:29:53","slug":"2-0-vtec-k20z2-motor-honda-civic-accord","status":"publish","type":"product","link":"https:\/\/autopartscenter24.com\/sv\/auton-varaosat\/2-0-vtec-k20z2-motor-honda-civic-accord\/","title":{"rendered":"2.0 VTEC K20Z2 Motor [esim. Honda Civic, Accord, Acura CSX]"},"content":{"rendered":"<p><strong>Hondas 2.0 VTEC K20Z2-motor \u00e4r en fyrcylindrig bensinmotor som \u00e4r monterad p\u00e5 ett antal Honda-modeller.<\/strong> Motorn \u00e4r utrustad med i-VTEC-systemet (intelligent Variable Valve Timing and Lift Electronic Control), som g\u00f6r att ventiltiming och lyftvinkel kan justeras, vilket f\u00f6rb\u00e4ttrar motorns prestanda och br\u00e4nsleekonomi.<\/p>\n<p>Motorn har en cylindervolym p\u00e5 2,0 liter och ger en maximal effekt p\u00e5 155 h\u00e4stkrafter (114 kW) och ett toppvridmoment p\u00e5 190 Nm (140 lb-ft) vid 4 000 rpm. Motorn \u00e4r kopplad till en 6-v\u00e4xlad manuell v\u00e4xell\u00e5da eller valfritt en 5-v\u00e4xlad automatisk v\u00e4xell\u00e5da, beroende p\u00e5 bilmodell.<\/p>\n<p>K20Z2-motorn har cylinderhuvud och cylinderblock i aluminium och \u00e4r utrustad med en kamaxel som styr ventilerna. Motorn har \u00e4ven h\u00f6gfl\u00f6des- och avgaskanaler f\u00f6r att \u00f6ka motorns effektivitet.<\/p>\n<p>Motorn har erk\u00e4nts f\u00f6r sin goda prestanda och h\u00e5llbarhet. Dess avancerade teknologier, s\u00e5som i-VTEC-systemet och h\u00f6gfl\u00f6des- och insugnings- och avgaskanaler, g\u00f6r den till ett popul\u00e4rt val f\u00f6r f\u00f6rare som v\u00e4rdes\u00e4tter prestanda och effektivitet.<\/p>\n","protected":false},"excerpt":{"rendered":"<p>Honda:<\/p>\n<ul>\n<li>Accord VII (2002-2008)<\/li>\n<li>Acura CSX (2006\u20132011)<\/li>\n<li>Civic (2006\u20132010)<\/li>\n<\/ul>\n","protected":false},"featured_media":4355,"template":"","meta":[],"product_brand":[],"product_cat":[569],"product_tag":[684,778,670],"class_list":{"0":"post-5545","1":"product","2":"type-product","3":"status-publish","4":"has-post-thumbnail","6":"product_cat-honda-sv","7":"product_tag-accord-sv","8":"product_tag-acura-csx-sv","9":"product_tag-civic-sv","10":"pa_varaosan-osasto-motor","13":"first","14":"instock","15":"shipping-taxable","16":"product-type-simple"},"yoast_head":"<!-- This site is optimized with the Yoast SEO plugin v26.8 - https:\/\/yoast.com\/product\/yoast-seo-wordpress\/ -->\n<title>2.0 VTEC K20Z2 Motor [esim. Honda Civic, Accord, Acura CSX]<\/title>\n<meta name=\"description\" content=\"En av de motorer som vi ofta har tillg\u00e4ngliga. Skicka en f\u00f6rfr\u00e5gan och f\u00e5 en offert inom 24 timmar. Motorer, v\u00e4xell\u00e5dor och andra bildelar under garanti.\" \/>\n<meta name=\"robots\" content=\"index, follow, max-snippet:-1, max-image-preview:large, max-video-preview:-1\" \/>\n<link rel=\"canonical\" href=\"https:\/\/autopartscenter24.com\/sv\/auton-varaosat\/2-0-vtec-k20z2-moottori-honda-civic-accord\/\" \/>\n<meta property=\"og:locale\" content=\"sv_SE\" \/>\n<meta property=\"og:type\" content=\"article\" \/>\n<meta property=\"og:title\" content=\"2.0 VTEC K20Z2 Motor [esim. Honda Civic, Accord, Acura CSX]\" \/>\n<meta property=\"og:description\" content=\"En av de motorer som vi ofta har tillg\u00e4ngliga. Skicka en f\u00f6rfr\u00e5gan och f\u00e5 en offert inom 24 timmar. Motorer, v\u00e4xell\u00e5dor och andra bildelar under garanti.\" \/>\n<meta property=\"og:url\" content=\"https:\/\/autopartscenter24.com\/sv\/auton-varaosat\/2-0-vtec-k20z2-moottori-honda-civic-accord\/\" \/>\n<meta property=\"og:site_name\" content=\"Autopartscenter24\" \/>\n<meta property=\"og:image\" content=\"https:\/\/autopartscenter24.com\/wp-content\/uploads\/2023\/03\/2-0-VTEC-K20Z2-moottori-honda-accord-civic.webp\" \/>\n\t<meta property=\"og:image:width\" content=\"800\" \/>\n\t<meta property=\"og:image:height\" content=\"600\" \/>\n\t<meta property=\"og:image:type\" content=\"image\/webp\" \/>\n<meta name=\"twitter:card\" content=\"summary_large_image\" \/>\n<meta name=\"twitter:label1\" content=\"Ber\u00e4knad l\u00e4stid\" \/>\n\t<meta name=\"twitter:data1\" content=\"1 minut\" \/>\n<script type=\"application\/ld+json\" class=\"yoast-schema-graph\">{\"@context\":\"https:\/\/schema.org\",\"@graph\":[{\"@type\":\"WebPage\",\"@id\":\"https:\/\/autopartscenter24.com\/auton-varaosat\/2-0-vtec-k20z2-moottori-honda-civic-accord\/\",\"url\":\"https:\/\/autopartscenter24.com\/auton-varaosat\/2-0-vtec-k20z2-moottori-honda-civic-accord\/\",\"name\":\"2.0 VTEC K20Z2 Motor [esim. Honda Civic, Accord, Acura CSX]\",\"isPartOf\":{\"@id\":\"https:\/\/autopartscenter24.com\/#website\"},\"primaryImageOfPage\":{\"@id\":\"https:\/\/autopartscenter24.com\/auton-varaosat\/2-0-vtec-k20z2-moottori-honda-civic-accord\/#primaryimage\"},\"image\":{\"@id\":\"https:\/\/autopartscenter24.com\/auton-varaosat\/2-0-vtec-k20z2-moottori-honda-civic-accord\/#primaryimage\"},\"thumbnailUrl\":\"https:\/\/autopartscenter24.com\/wp-content\/uploads\/2023\/03\/2-0-VTEC-K20Z2-moottori-honda-accord-civic.webp\",\"datePublished\":\"2023-11-26T20:29:53+00:00\",\"description\":\"En av de motorer som vi ofta har tillg\u00e4ngliga. Skicka en f\u00f6rfr\u00e5gan och f\u00e5 en offert inom 24 timmar. Motorer, v\u00e4xell\u00e5dor och andra bildelar under garanti.\",\"breadcrumb\":{\"@id\":\"https:\/\/autopartscenter24.com\/auton-varaosat\/2-0-vtec-k20z2-moottori-honda-civic-accord\/#breadcrumb\"},\"inLanguage\":\"sv-SE\",\"potentialAction\":[{\"@type\":\"ReadAction\",\"target\":[\"https:\/\/autopartscenter24.com\/auton-varaosat\/2-0-vtec-k20z2-moottori-honda-civic-accord\/\"]}]},{\"@type\":\"ImageObject\",\"inLanguage\":\"sv-SE\",\"@id\":\"https:\/\/autopartscenter24.com\/auton-varaosat\/2-0-vtec-k20z2-moottori-honda-civic-accord\/#primaryimage\",\"url\":\"https:\/\/autopartscenter24.com\/wp-content\/uploads\/2023\/03\/2-0-VTEC-K20Z2-moottori-honda-accord-civic.webp\",\"contentUrl\":\"https:\/\/autopartscenter24.com\/wp-content\/uploads\/2023\/03\/2-0-VTEC-K20Z2-moottori-honda-accord-civic.webp\",\"width\":800,\"height\":600},{\"@type\":\"BreadcrumbList\",\"@id\":\"https:\/\/autopartscenter24.com\/auton-varaosat\/2-0-vtec-k20z2-moottori-honda-civic-accord\/#breadcrumb\",\"itemListElement\":[{\"@type\":\"ListItem\",\"position\":1,\"name\":\"Hem\",\"item\":\"https:\/\/aliceblue-termite-662564.hostingersite.com\/\"},{\"@type\":\"ListItem\",\"position\":2,\"name\":\"Auton varaosat\",\"item\":\"https:\/\/aliceblue-termite-662564.hostingersite.com\/auton-varaosat\/\"},{\"@type\":\"ListItem\",\"position\":3,\"name\":\"2.0 VTEC K20Z2 Motor [esim. Honda Civic, Accord, Acura CSX]\"}]},{\"@type\":\"WebSite\",\"@id\":\"https:\/\/autopartscenter24.com\/#website\",\"url\":\"https:\/\/autopartscenter24.com\/\",\"name\":\"Autopartscenter24\",\"description\":\"K\u00c4YTETYT JA KUNNOSTETUT  AUTON VARAOSAT\",\"potentialAction\":[{\"@type\":\"SearchAction\",\"target\":{\"@type\":\"EntryPoint\",\"urlTemplate\":\"https:\/\/autopartscenter24.com\/?s={search_term_string}\"},\"query-input\":{\"@type\":\"PropertyValueSpecification\",\"valueRequired\":true,\"valueName\":\"search_term_string\"}}],\"inLanguage\":\"sv-SE\"}]}<\/script>\n<!-- \/ Yoast SEO plugin. -->","yoast_head_json":{"title":"2.0 VTEC K20Z2 Motor [esim. Honda Civic, Accord, Acura CSX]","description":"En av de motorer som vi ofta har tillg\u00e4ngliga. Skicka en f\u00f6rfr\u00e5gan och f\u00e5 en offert inom 24 timmar. Motorer, v\u00e4xell\u00e5dor och andra bildelar under garanti.","robots":{"index":"index","follow":"follow","max-snippet":"max-snippet:-1","max-image-preview":"max-image-preview:large","max-video-preview":"max-video-preview:-1"},"canonical":"https:\/\/autopartscenter24.com\/sv\/auton-varaosat\/2-0-vtec-k20z2-moottori-honda-civic-accord\/","og_locale":"sv_SE","og_type":"article","og_title":"2.0 VTEC K20Z2 Motor [esim. Honda Civic, Accord, Acura CSX]","og_description":"En av de motorer som vi ofta har tillg\u00e4ngliga. Skicka en f\u00f6rfr\u00e5gan och f\u00e5 en offert inom 24 timmar. Motorer, v\u00e4xell\u00e5dor och andra bildelar under garanti.","og_url":"https:\/\/autopartscenter24.com\/sv\/auton-varaosat\/2-0-vtec-k20z2-moottori-honda-civic-accord\/","og_site_name":"Autopartscenter24","og_image":[{"width":800,"height":600,"url":"https:\/\/autopartscenter24.com\/wp-content\/uploads\/2023\/03\/2-0-VTEC-K20Z2-moottori-honda-accord-civic.webp","type":"image\/webp"}],"twitter_card":"summary_large_image","twitter_misc":{"Ber\u00e4knad l\u00e4stid":"1 minut"},"schema":{"@context":"https:\/\/schema.org","@graph":[{"@type":"WebPage","@id":"https:\/\/autopartscenter24.com\/auton-varaosat\/2-0-vtec-k20z2-moottori-honda-civic-accord\/","url":"https:\/\/autopartscenter24.com\/auton-varaosat\/2-0-vtec-k20z2-moottori-honda-civic-accord\/","name":"2.0 VTEC K20Z2 Motor [esim. Honda Civic, Accord, Acura CSX]","isPartOf":{"@id":"https:\/\/autopartscenter24.com\/#website"},"primaryImageOfPage":{"@id":"https:\/\/autopartscenter24.com\/auton-varaosat\/2-0-vtec-k20z2-moottori-honda-civic-accord\/#primaryimage"},"image":{"@id":"https:\/\/autopartscenter24.com\/auton-varaosat\/2-0-vtec-k20z2-moottori-honda-civic-accord\/#primaryimage"},"thumbnailUrl":"https:\/\/autopartscenter24.com\/wp-content\/uploads\/2023\/03\/2-0-VTEC-K20Z2-moottori-honda-accord-civic.webp","datePublished":"2023-11-26T20:29:53+00:00","description":"En av de motorer som vi ofta har tillg\u00e4ngliga. Skicka en f\u00f6rfr\u00e5gan och f\u00e5 en offert inom 24 timmar. Motorer, v\u00e4xell\u00e5dor och andra bildelar under garanti.","breadcrumb":{"@id":"https:\/\/autopartscenter24.com\/auton-varaosat\/2-0-vtec-k20z2-moottori-honda-civic-accord\/#breadcrumb"},"inLanguage":"sv-SE","potentialAction":[{"@type":"ReadAction","target":["https:\/\/autopartscenter24.com\/auton-varaosat\/2-0-vtec-k20z2-moottori-honda-civic-accord\/"]}]},{"@type":"ImageObject","inLanguage":"sv-SE","@id":"https:\/\/autopartscenter24.com\/auton-varaosat\/2-0-vtec-k20z2-moottori-honda-civic-accord\/#primaryimage","url":"https:\/\/autopartscenter24.com\/wp-content\/uploads\/2023\/03\/2-0-VTEC-K20Z2-moottori-honda-accord-civic.webp","contentUrl":"https:\/\/autopartscenter24.com\/wp-content\/uploads\/2023\/03\/2-0-VTEC-K20Z2-moottori-honda-accord-civic.webp","width":800,"height":600},{"@type":"BreadcrumbList","@id":"https:\/\/autopartscenter24.com\/auton-varaosat\/2-0-vtec-k20z2-moottori-honda-civic-accord\/#breadcrumb","itemListElement":[{"@type":"ListItem","position":1,"name":"Hem","item":"https:\/\/aliceblue-termite-662564.hostingersite.com\/"},{"@type":"ListItem","position":2,"name":"Auton varaosat","item":"https:\/\/aliceblue-termite-662564.hostingersite.com\/auton-varaosat\/"},{"@type":"ListItem","position":3,"name":"2.0 VTEC K20Z2 Motor [esim. Honda Civic, Accord, Acura CSX]"}]},{"@type":"WebSite","@id":"https:\/\/autopartscenter24.com\/#website","url":"https:\/\/autopartscenter24.com\/","name":"Autopartscenter24","description":"K\u00c4YTETYT JA KUNNOSTETUT  AUTON VARAOSAT","potentialAction":[{"@type":"SearchAction","target":{"@type":"EntryPoint","urlTemplate":"https:\/\/autopartscenter24.com\/?s={search_term_string}"},"query-input":{"@type":"PropertyValueSpecification","valueRequired":true,"valueName":"search_term_string"}}],"inLanguage":"sv-SE"}]}},"_links":{"self":[{"href":"https:\/\/autopartscenter24.com\/sv\/wp-json\/wp\/v2\/product\/5545","targetHints":{"allow":["GET"]}}],"collection":[{"href":"https:\/\/autopartscenter24.com\/sv\/wp-json\/wp\/v2\/product"}],"about":[{"href":"https:\/\/autopartscenter24.com\/sv\/wp-json\/wp\/v2\/types\/product"}],"wp:featuredmedia":[{"embeddable":true,"href":"https:\/\/autopartscenter24.com\/sv\/wp-json\/wp\/v2\/media\/4355"}],"wp:attachment":[{"href":"https:\/\/autopartscenter24.com\/sv\/wp-json\/wp\/v2\/media?parent=5545"}],"wp:term":[{"taxonomy":"product_brand","embeddable":true,"href":"https:\/\/autopartscenter24.com\/sv\/wp-json\/wp\/v2\/product_brand?post=5545"},{"taxonomy":"product_cat","embeddable":true,"href":"https:\/\/autopartscenter24.com\/sv\/wp-json\/wp\/v2\/product_cat?post=5545"},{"taxonomy":"product_tag","embeddable":true,"href":"https:\/\/autopartscenter24.com\/sv\/wp-json\/wp\/v2\/product_tag?post=5545"}],"curies":[{"name":"wp","href":"https:\/\/api.w.org\/{rel}","templated":true}]}}