{"id":5544,"date":"2023-03-04T20:03:16","date_gmt":"2023-11-26T20:28:41","guid":{"rendered":"https:\/\/autopartscenter24.com\/product\/1-6-dig-t-mr16ddt-motor-esim-juke-qashqai-x-trail\/"},"modified":"2023-11-26T21:28:41","modified_gmt":"2023-11-26T20:28:41","slug":"1-6-dig-t-mr16ddt-motor-x-trail-juke-qashqai","status":"publish","type":"product","link":"https:\/\/autopartscenter24.com\/sv\/auton-varaosat\/1-6-dig-t-mr16ddt-motor-x-trail-juke-qashqai\/","title":{"rendered":"1.6 DIG-T &#8221;MR16DDT&#8221; Motor [esim. Juke, Qashqai, X-Trail]"},"content":{"rendered":"<p><strong>Nissan 1.6 DIG-T (motorkod: MR16DDT)<\/strong> \u00e4r en fyrcylindrig bensinmotor k\u00e4nd f\u00f6r sina goda prestanda och br\u00e4nsleeffektivitet. Denna motor \u00e4r utrustad med ett direktinsprutningssystem som sprutar in br\u00e4nsle direkt i cylindern, vilket \u00f6kar motorns prestanda och f\u00f6rb\u00e4ttrar br\u00e4nsleeffektiviteten.<\/p>\n<p>MR16DDT-motorn har ett cylinderhuvud och block av aluminium samt dubbla \u00f6verliggande kamaxlar som driver fyra ventiler per cylinder. Den anv\u00e4nder turboladdade avgas\u00e5terf\u00f6ring (EGR) och ett dubbelt kylsystem.<\/p>\n<p>MR16DDT-motorn har en slagvolym p\u00e5 1,6 liter och dess effekt varierar beroende p\u00e5 modell. Den producerar vanligtvis runt 187 h\u00e4stkrafter (140 kW) och 240 Nm i vridmoment mellan 2 000 och 5 200 rpm. Den \u00e4r vanligtvis ihopkopplad med en sexv\u00e4xlad manuell eller Nissans Xtronic CVT.<\/p>\n<p>Denna motor har anv\u00e4nts i flera Nissan-modeller inklusive:<\/p>\n<ul>\n<li>Nissan Juke (2010 &#8211; 2019)<\/li>\n<li>Nissan Pulsar (2014 &#8211; 2018)<\/li>\n<li>Nissan Qashqai (2014 &#8211; 2018)<\/li>\n<li>Nissan Sentra Nismo (2017 &#8211; nykyinen)<\/li>\n<li>Nissan Tiida (2014 &#8211; nykyinen)<\/li>\n<li>Nissan X-Trail (2014 &#8211; 2017)<\/li>\n<\/ul>\n<p>Nissan 1.6 DIG-T (motorkod: MR16DDT) \u00e4r en p\u00e5litlig och effektiv motor som \u00e4r popul\u00e4r bland f\u00f6rare p\u00e5 grund av sin goda prestanda, br\u00e4nsleeffektivitet och l\u00e5ga CO2-utsl\u00e4pp.<\/p>\n","protected":false},"excerpt":{"rendered":"<ul>\n<li>Nissan Juke (2010 &#8211; 2019)<\/li>\n<li>Nissan Pulsar (2014 &#8211; 2018)<\/li>\n<li>Nissan Qashqai (2014 &#8211; 2018)<\/li>\n<li>Nissan Sentra Nismo (2017 &#8211; nykyinen)<\/li>\n<li>Nissan Tiida (2014 &#8211; nykyinen)<\/li>\n<li>Nissan X-Trail (2014 &#8211; 2017)<\/li>\n<\/ul>\n","protected":false},"featured_media":4360,"template":"","meta":[],"product_brand":[],"product_cat":[601],"product_tag":[775,777,680,776],"class_list":{"0":"post-5544","1":"product","2":"type-product","3":"status-publish","4":"has-post-thumbnail","6":"product_cat-nissan-sv","7":"product_tag-juke-sv","8":"product_tag-pulsar-sv","9":"product_tag-qashqai-sv","10":"product_tag-x-trail-sv","11":"pa_varaosan-osasto-motor","14":"first","15":"instock","16":"shipping-taxable","17":"product-type-simple"},"yoast_head":"<!-- This site is optimized with the Yoast SEO plugin v26.8 - https:\/\/yoast.com\/product\/yoast-seo-wordpress\/ -->\n<title>1.6 DIG-T &quot;MR16DDT&quot; Motor [esim. Juke, Qashqai, X-Trail]<\/title>\n<meta name=\"description\" content=\"En av de motorer som vi ofta har tillg\u00e4ngliga. Skicka en f\u00f6rfr\u00e5gan och f\u00e5 en offert inom 24 timmar. Motorer, v\u00e4xell\u00e5dor och andra bildelar under garanti.\" \/>\n<meta name=\"robots\" content=\"index, follow, max-snippet:-1, max-image-preview:large, max-video-preview:-1\" \/>\n<link rel=\"canonical\" href=\"https:\/\/autopartscenter24.com\/sv\/auton-varaosat\/1-6-dig-t-mr16ddt-moottori-x-trail-juke-qashqai\/\" \/>\n<meta property=\"og:locale\" content=\"sv_SE\" \/>\n<meta property=\"og:type\" content=\"article\" \/>\n<meta property=\"og:title\" content=\"1.6 DIG-T &quot;MR16DDT&quot; Motor [esim. Juke, Qashqai, X-Trail]\" \/>\n<meta property=\"og:description\" content=\"En av de motorer som vi ofta har tillg\u00e4ngliga. Skicka en f\u00f6rfr\u00e5gan och f\u00e5 en offert inom 24 timmar. Motorer, v\u00e4xell\u00e5dor och andra bildelar under garanti.\" \/>\n<meta property=\"og:url\" content=\"https:\/\/autopartscenter24.com\/sv\/auton-varaosat\/1-6-dig-t-mr16ddt-moottori-x-trail-juke-qashqai\/\" \/>\n<meta property=\"og:site_name\" content=\"Autopartscenter24\" \/>\n<meta property=\"og:image\" content=\"https:\/\/autopartscenter24.com\/wp-content\/uploads\/2023\/03\/1-6-DIG-T-MR16DDT-moottori-X-TRAIL-JUKE-QASHQAI.webp\" \/>\n\t<meta property=\"og:image:width\" content=\"800\" \/>\n\t<meta property=\"og:image:height\" content=\"600\" \/>\n\t<meta property=\"og:image:type\" content=\"image\/webp\" \/>\n<meta name=\"twitter:card\" content=\"summary_large_image\" \/>\n<meta name=\"twitter:label1\" content=\"Ber\u00e4knad l\u00e4stid\" \/>\n\t<meta name=\"twitter:data1\" content=\"1 minut\" \/>\n<script type=\"application\/ld+json\" class=\"yoast-schema-graph\">{\"@context\":\"https:\/\/schema.org\",\"@graph\":[{\"@type\":\"WebPage\",\"@id\":\"https:\/\/autopartscenter24.com\/auton-varaosat\/1-6-dig-t-mr16ddt-moottori-x-trail-juke-qashqai\/\",\"url\":\"https:\/\/autopartscenter24.com\/auton-varaosat\/1-6-dig-t-mr16ddt-moottori-x-trail-juke-qashqai\/\",\"name\":\"1.6 DIG-T \\\"MR16DDT\\\" Motor [esim. Juke, Qashqai, X-Trail]\",\"isPartOf\":{\"@id\":\"https:\/\/autopartscenter24.com\/#website\"},\"primaryImageOfPage\":{\"@id\":\"https:\/\/autopartscenter24.com\/auton-varaosat\/1-6-dig-t-mr16ddt-moottori-x-trail-juke-qashqai\/#primaryimage\"},\"image\":{\"@id\":\"https:\/\/autopartscenter24.com\/auton-varaosat\/1-6-dig-t-mr16ddt-moottori-x-trail-juke-qashqai\/#primaryimage\"},\"thumbnailUrl\":\"https:\/\/autopartscenter24.com\/wp-content\/uploads\/2023\/03\/1-6-DIG-T-MR16DDT-moottori-X-TRAIL-JUKE-QASHQAI.webp\",\"datePublished\":\"2023-11-26T20:28:41+00:00\",\"description\":\"En av de motorer som vi ofta har tillg\u00e4ngliga. Skicka en f\u00f6rfr\u00e5gan och f\u00e5 en offert inom 24 timmar. Motorer, v\u00e4xell\u00e5dor och andra bildelar under garanti.\",\"breadcrumb\":{\"@id\":\"https:\/\/autopartscenter24.com\/auton-varaosat\/1-6-dig-t-mr16ddt-moottori-x-trail-juke-qashqai\/#breadcrumb\"},\"inLanguage\":\"sv-SE\",\"potentialAction\":[{\"@type\":\"ReadAction\",\"target\":[\"https:\/\/autopartscenter24.com\/auton-varaosat\/1-6-dig-t-mr16ddt-moottori-x-trail-juke-qashqai\/\"]}]},{\"@type\":\"ImageObject\",\"inLanguage\":\"sv-SE\",\"@id\":\"https:\/\/autopartscenter24.com\/auton-varaosat\/1-6-dig-t-mr16ddt-moottori-x-trail-juke-qashqai\/#primaryimage\",\"url\":\"https:\/\/autopartscenter24.com\/wp-content\/uploads\/2023\/03\/1-6-DIG-T-MR16DDT-moottori-X-TRAIL-JUKE-QASHQAI.webp\",\"contentUrl\":\"https:\/\/autopartscenter24.com\/wp-content\/uploads\/2023\/03\/1-6-DIG-T-MR16DDT-moottori-X-TRAIL-JUKE-QASHQAI.webp\",\"width\":800,\"height\":600},{\"@type\":\"BreadcrumbList\",\"@id\":\"https:\/\/autopartscenter24.com\/auton-varaosat\/1-6-dig-t-mr16ddt-moottori-x-trail-juke-qashqai\/#breadcrumb\",\"itemListElement\":[{\"@type\":\"ListItem\",\"position\":1,\"name\":\"Hem\",\"item\":\"https:\/\/aliceblue-termite-662564.hostingersite.com\/\"},{\"@type\":\"ListItem\",\"position\":2,\"name\":\"Auton varaosat\",\"item\":\"https:\/\/aliceblue-termite-662564.hostingersite.com\/auton-varaosat\/\"},{\"@type\":\"ListItem\",\"position\":3,\"name\":\"1.6 DIG-T &#8221;MR16DDT&#8221; Motor [esim. Juke, Qashqai, X-Trail]\"}]},{\"@type\":\"WebSite\",\"@id\":\"https:\/\/autopartscenter24.com\/#website\",\"url\":\"https:\/\/autopartscenter24.com\/\",\"name\":\"Autopartscenter24\",\"description\":\"K\u00c4YTETYT JA KUNNOSTETUT  AUTON VARAOSAT\",\"potentialAction\":[{\"@type\":\"SearchAction\",\"target\":{\"@type\":\"EntryPoint\",\"urlTemplate\":\"https:\/\/autopartscenter24.com\/?s={search_term_string}\"},\"query-input\":{\"@type\":\"PropertyValueSpecification\",\"valueRequired\":true,\"valueName\":\"search_term_string\"}}],\"inLanguage\":\"sv-SE\"}]}<\/script>\n<!-- \/ Yoast SEO plugin. -->","yoast_head_json":{"title":"1.6 DIG-T \"MR16DDT\" Motor [esim. Juke, Qashqai, X-Trail]","description":"En av de motorer som vi ofta har tillg\u00e4ngliga. Skicka en f\u00f6rfr\u00e5gan och f\u00e5 en offert inom 24 timmar. Motorer, v\u00e4xell\u00e5dor och andra bildelar under garanti.","robots":{"index":"index","follow":"follow","max-snippet":"max-snippet:-1","max-image-preview":"max-image-preview:large","max-video-preview":"max-video-preview:-1"},"canonical":"https:\/\/autopartscenter24.com\/sv\/auton-varaosat\/1-6-dig-t-mr16ddt-moottori-x-trail-juke-qashqai\/","og_locale":"sv_SE","og_type":"article","og_title":"1.6 DIG-T \"MR16DDT\" Motor [esim. Juke, Qashqai, X-Trail]","og_description":"En av de motorer som vi ofta har tillg\u00e4ngliga. Skicka en f\u00f6rfr\u00e5gan och f\u00e5 en offert inom 24 timmar. Motorer, v\u00e4xell\u00e5dor och andra bildelar under garanti.","og_url":"https:\/\/autopartscenter24.com\/sv\/auton-varaosat\/1-6-dig-t-mr16ddt-moottori-x-trail-juke-qashqai\/","og_site_name":"Autopartscenter24","og_image":[{"width":800,"height":600,"url":"https:\/\/autopartscenter24.com\/wp-content\/uploads\/2023\/03\/1-6-DIG-T-MR16DDT-moottori-X-TRAIL-JUKE-QASHQAI.webp","type":"image\/webp"}],"twitter_card":"summary_large_image","twitter_misc":{"Ber\u00e4knad l\u00e4stid":"1 minut"},"schema":{"@context":"https:\/\/schema.org","@graph":[{"@type":"WebPage","@id":"https:\/\/autopartscenter24.com\/auton-varaosat\/1-6-dig-t-mr16ddt-moottori-x-trail-juke-qashqai\/","url":"https:\/\/autopartscenter24.com\/auton-varaosat\/1-6-dig-t-mr16ddt-moottori-x-trail-juke-qashqai\/","name":"1.6 DIG-T \"MR16DDT\" Motor [esim. Juke, Qashqai, X-Trail]","isPartOf":{"@id":"https:\/\/autopartscenter24.com\/#website"},"primaryImageOfPage":{"@id":"https:\/\/autopartscenter24.com\/auton-varaosat\/1-6-dig-t-mr16ddt-moottori-x-trail-juke-qashqai\/#primaryimage"},"image":{"@id":"https:\/\/autopartscenter24.com\/auton-varaosat\/1-6-dig-t-mr16ddt-moottori-x-trail-juke-qashqai\/#primaryimage"},"thumbnailUrl":"https:\/\/autopartscenter24.com\/wp-content\/uploads\/2023\/03\/1-6-DIG-T-MR16DDT-moottori-X-TRAIL-JUKE-QASHQAI.webp","datePublished":"2023-11-26T20:28:41+00:00","description":"En av de motorer som vi ofta har tillg\u00e4ngliga. Skicka en f\u00f6rfr\u00e5gan och f\u00e5 en offert inom 24 timmar. Motorer, v\u00e4xell\u00e5dor och andra bildelar under garanti.","breadcrumb":{"@id":"https:\/\/autopartscenter24.com\/auton-varaosat\/1-6-dig-t-mr16ddt-moottori-x-trail-juke-qashqai\/#breadcrumb"},"inLanguage":"sv-SE","potentialAction":[{"@type":"ReadAction","target":["https:\/\/autopartscenter24.com\/auton-varaosat\/1-6-dig-t-mr16ddt-moottori-x-trail-juke-qashqai\/"]}]},{"@type":"ImageObject","inLanguage":"sv-SE","@id":"https:\/\/autopartscenter24.com\/auton-varaosat\/1-6-dig-t-mr16ddt-moottori-x-trail-juke-qashqai\/#primaryimage","url":"https:\/\/autopartscenter24.com\/wp-content\/uploads\/2023\/03\/1-6-DIG-T-MR16DDT-moottori-X-TRAIL-JUKE-QASHQAI.webp","contentUrl":"https:\/\/autopartscenter24.com\/wp-content\/uploads\/2023\/03\/1-6-DIG-T-MR16DDT-moottori-X-TRAIL-JUKE-QASHQAI.webp","width":800,"height":600},{"@type":"BreadcrumbList","@id":"https:\/\/autopartscenter24.com\/auton-varaosat\/1-6-dig-t-mr16ddt-moottori-x-trail-juke-qashqai\/#breadcrumb","itemListElement":[{"@type":"ListItem","position":1,"name":"Hem","item":"https:\/\/aliceblue-termite-662564.hostingersite.com\/"},{"@type":"ListItem","position":2,"name":"Auton varaosat","item":"https:\/\/aliceblue-termite-662564.hostingersite.com\/auton-varaosat\/"},{"@type":"ListItem","position":3,"name":"1.6 DIG-T &#8221;MR16DDT&#8221; Motor [esim. Juke, Qashqai, X-Trail]"}]},{"@type":"WebSite","@id":"https:\/\/autopartscenter24.com\/#website","url":"https:\/\/autopartscenter24.com\/","name":"Autopartscenter24","description":"K\u00c4YTETYT JA KUNNOSTETUT  AUTON VARAOSAT","potentialAction":[{"@type":"SearchAction","target":{"@type":"EntryPoint","urlTemplate":"https:\/\/autopartscenter24.com\/?s={search_term_string}"},"query-input":{"@type":"PropertyValueSpecification","valueRequired":true,"valueName":"search_term_string"}}],"inLanguage":"sv-SE"}]}},"_links":{"self":[{"href":"https:\/\/autopartscenter24.com\/sv\/wp-json\/wp\/v2\/product\/5544","targetHints":{"allow":["GET"]}}],"collection":[{"href":"https:\/\/autopartscenter24.com\/sv\/wp-json\/wp\/v2\/product"}],"about":[{"href":"https:\/\/autopartscenter24.com\/sv\/wp-json\/wp\/v2\/types\/product"}],"wp:featuredmedia":[{"embeddable":true,"href":"https:\/\/autopartscenter24.com\/sv\/wp-json\/wp\/v2\/media\/4360"}],"wp:attachment":[{"href":"https:\/\/autopartscenter24.com\/sv\/wp-json\/wp\/v2\/media?parent=5544"}],"wp:term":[{"taxonomy":"product_brand","embeddable":true,"href":"https:\/\/autopartscenter24.com\/sv\/wp-json\/wp\/v2\/product_brand?post=5544"},{"taxonomy":"product_cat","embeddable":true,"href":"https:\/\/autopartscenter24.com\/sv\/wp-json\/wp\/v2\/product_cat?post=5544"},{"taxonomy":"product_tag","embeddable":true,"href":"https:\/\/autopartscenter24.com\/sv\/wp-json\/wp\/v2\/product_tag?post=5544"}],"curies":[{"name":"wp","href":"https:\/\/api.w.org\/{rel}","templated":true}]}}