{"id":5543,"date":"2023-03-04T20:16:08","date_gmt":"2023-11-26T20:26:20","guid":{"rendered":"https:\/\/autopartscenter24.com\/product\/2-0-hdi-rhr-motor-esim-peugeot-citroen-ford-fiat\/"},"modified":"2023-11-26T21:26:20","modified_gmt":"2023-11-26T20:26:20","slug":"2-0-hdi-rhr-motor-peugeot-citroen-ford-fiat","status":"publish","type":"product","link":"https:\/\/autopartscenter24.com\/sv\/auton-varaosat\/2-0-hdi-rhr-motor-peugeot-citroen-ford-fiat\/","title":{"rendered":"2.0 HDI &#8221;RHR&#8221; Motor [esim. Peugeot, Citroen, Ford, Fiat]"},"content":{"rendered":"<p><strong>2.0 HDI-motorn, med motorkoden RHR<\/strong>, \u00e4r en fyrcylindrig dieselmotor utvecklad i samarbete mellan PSA Peugeot Citro\u00ebn Group och Ford. Denna motor \u00e4r installerad i flera Peugeot- och Citro\u00ebn-modeller.<\/p>\n<p>RHR-motorn har ett laddningssystem som best\u00e5r av en turboladdare och en laddluftkylare. Den anv\u00e4nder ett vanligt tryckinsprutningssystem som sprutar in br\u00e4nsle direkt i cylindrarna. Motorn \u00e4r utrustad med ett avgasrecirkulationssystem (EGR), som minskar utsl\u00e4ppen av kv\u00e4veoxider (NOx).<\/p>\n<p>Motorn har en slagvolym p\u00e5 2,0 liter och ger en maximal effekt p\u00e5 100 kW (136 hk) och ett vridmoment p\u00e5 340 Nm (251 lb-ft). Den \u00e4r kopplad till antingen en manuell v\u00e4xell\u00e5da eller en automatisk v\u00e4xell\u00e5da.<\/p>\n<p>H\u00e4r \u00e4r n\u00e5gra Peugeot- och Citro\u00ebn-modeller som har haft 2.0 HDI-motorn (RHR):<\/p>\n<ul>\n<li>Peugeot 307 (2005-2007)<\/li>\n<li>Peugeot 407 (2004-2011)<\/li>\n<li>Peugeot 607 (2005-2010)<\/li>\n<li>Citro\u00ebn C5 (2004-2017)<\/li>\n<li>Citro\u00ebn C6 (2005-2012)<\/li>\n<\/ul>\n<p>2.0 HDI-motorn (RHR) har visat sig vara ett p\u00e5litligt och effektivt alternativ f\u00f6r dem som v\u00e4rdes\u00e4tter br\u00e4nsleekonomi och prestanda. Dess avancerade funktioner, som turboladdning, direktinsprutning och EGR-systemet, har gjort det m\u00f6jligt att anv\u00e4nda den i m\u00e5nga olika Peugeot- och Citro\u00ebn-modeller.<\/p>\n","protected":false},"excerpt":{"rendered":"<ul>\n<li>Peugeot 307 (2006-2008)<\/li>\n<li>Peugeot 308 (2007-2010)<\/li>\n<li>Peugeot 407 (2006-2010)<\/li>\n<li>Peugeot 607 (2006-2010)<\/li>\n<li>Peugeot 807 (2006-2010)<\/li>\n<\/ul>\n<p>&nbsp;<\/p>\n<ul>\n<li>Citroen C5 (2007-2010)<\/li>\n<li>Citroen C8 (2007-2010)<\/li>\n<li>Citroen Jumpy (2007-2010)<\/li>\n<\/ul>\n<p>&nbsp;<\/p>\n<ul>\n<li>Fiat Ulysse (2007-2010)<\/li>\n<\/ul>\n<p>&nbsp;<\/p>\n<ul>\n<li>Ford Focus C-MAX (2006-2007)<\/li>\n<li>Ford Kuga (2008-2010)<\/li>\n<li>Ford Mondeo (2007-2010)<\/li>\n<\/ul>\n","protected":false},"featured_media":4365,"template":"","meta":[],"product_brand":[],"product_cat":[549,561,565,613],"product_tag":[755,733,735,756,736,734,757,773,758,772,774,771],"class_list":{"0":"post-5543","1":"product","2":"type-product","3":"status-publish","4":"has-post-thumbnail","6":"product_cat-citroen-sv","7":"product_cat-fiat-sv","8":"product_cat-ford-sv","9":"product_cat-peugeot-sv","10":"product_tag-307-sv","11":"product_tag-308-sv","12":"product_tag-407-sv","13":"product_tag-607-sv","14":"product_tag-807-sv","15":"product_tag-c5-sv","16":"product_tag-c8-sv","17":"product_tag-focus-sv","18":"product_tag-jumpy-sv","19":"product_tag-kuga-sv","20":"product_tag-mondeo-sv","21":"product_tag-ulysse-sv","22":"pa_varaosan-osasto-motor","25":"first","26":"instock","27":"shipping-taxable","28":"product-type-simple"},"yoast_head":"<!-- This site is optimized with the Yoast SEO plugin v26.8 - https:\/\/yoast.com\/product\/yoast-seo-wordpress\/ -->\n<title>2.0 HDI &quot;RHR&quot; Motor [esim. Peugeot, Citroen, Ford, Fiat]<\/title>\n<meta name=\"description\" content=\"En av de motorer som vi ofta har tillg\u00e4ngliga. Skicka en f\u00f6rfr\u00e5gan och f\u00e5 en offert inom 24 timmar. Motorer, v\u00e4xell\u00e5dor och andra bildelar under garanti.\" \/>\n<meta name=\"robots\" content=\"index, follow, max-snippet:-1, max-image-preview:large, max-video-preview:-1\" \/>\n<link rel=\"canonical\" href=\"https:\/\/autopartscenter24.com\/sv\/auton-varaosat\/2-0-hdi-rhr-moottori-peugeot-citroen-ford-fiat\/\" \/>\n<meta property=\"og:locale\" content=\"sv_SE\" \/>\n<meta property=\"og:type\" content=\"article\" \/>\n<meta property=\"og:title\" content=\"2.0 HDI &quot;RHR&quot; Motor [esim. Peugeot, Citroen, Ford, Fiat]\" \/>\n<meta property=\"og:description\" content=\"En av de motorer som vi ofta har tillg\u00e4ngliga. Skicka en f\u00f6rfr\u00e5gan och f\u00e5 en offert inom 24 timmar. Motorer, v\u00e4xell\u00e5dor och andra bildelar under garanti.\" \/>\n<meta property=\"og:url\" content=\"https:\/\/autopartscenter24.com\/sv\/auton-varaosat\/2-0-hdi-rhr-moottori-peugeot-citroen-ford-fiat\/\" \/>\n<meta property=\"og:site_name\" content=\"Autopartscenter24\" \/>\n<meta property=\"og:image\" content=\"https:\/\/autopartscenter24.com\/wp-content\/uploads\/2023\/03\/2-0-HDI-RHR-moottori-peugeot-citroen-e1769946748620.webp\" \/>\n\t<meta property=\"og:image:width\" content=\"800\" \/>\n\t<meta property=\"og:image:height\" content=\"600\" \/>\n\t<meta property=\"og:image:type\" content=\"image\/webp\" \/>\n<meta name=\"twitter:card\" content=\"summary_large_image\" \/>\n<meta name=\"twitter:label1\" content=\"Ber\u00e4knad l\u00e4stid\" \/>\n\t<meta name=\"twitter:data1\" content=\"1 minut\" \/>\n<script type=\"application\/ld+json\" class=\"yoast-schema-graph\">{\"@context\":\"https:\/\/schema.org\",\"@graph\":[{\"@type\":\"WebPage\",\"@id\":\"https:\/\/autopartscenter24.com\/auton-varaosat\/2-0-hdi-rhr-moottori-peugeot-citroen-ford-fiat\/\",\"url\":\"https:\/\/autopartscenter24.com\/auton-varaosat\/2-0-hdi-rhr-moottori-peugeot-citroen-ford-fiat\/\",\"name\":\"2.0 HDI \\\"RHR\\\" Motor [esim. Peugeot, Citroen, Ford, Fiat]\",\"isPartOf\":{\"@id\":\"https:\/\/autopartscenter24.com\/#website\"},\"primaryImageOfPage\":{\"@id\":\"https:\/\/autopartscenter24.com\/auton-varaosat\/2-0-hdi-rhr-moottori-peugeot-citroen-ford-fiat\/#primaryimage\"},\"image\":{\"@id\":\"https:\/\/autopartscenter24.com\/auton-varaosat\/2-0-hdi-rhr-moottori-peugeot-citroen-ford-fiat\/#primaryimage\"},\"thumbnailUrl\":\"https:\/\/autopartscenter24.com\/wp-content\/uploads\/2023\/03\/2-0-HDI-RHR-moottori-peugeot-citroen-e1769946748620.webp\",\"datePublished\":\"2023-11-26T20:26:20+00:00\",\"description\":\"En av de motorer som vi ofta har tillg\u00e4ngliga. Skicka en f\u00f6rfr\u00e5gan och f\u00e5 en offert inom 24 timmar. Motorer, v\u00e4xell\u00e5dor och andra bildelar under garanti.\",\"breadcrumb\":{\"@id\":\"https:\/\/autopartscenter24.com\/auton-varaosat\/2-0-hdi-rhr-moottori-peugeot-citroen-ford-fiat\/#breadcrumb\"},\"inLanguage\":\"sv-SE\",\"potentialAction\":[{\"@type\":\"ReadAction\",\"target\":[\"https:\/\/autopartscenter24.com\/auton-varaosat\/2-0-hdi-rhr-moottori-peugeot-citroen-ford-fiat\/\"]}]},{\"@type\":\"ImageObject\",\"inLanguage\":\"sv-SE\",\"@id\":\"https:\/\/autopartscenter24.com\/auton-varaosat\/2-0-hdi-rhr-moottori-peugeot-citroen-ford-fiat\/#primaryimage\",\"url\":\"https:\/\/autopartscenter24.com\/wp-content\/uploads\/2023\/03\/2-0-HDI-RHR-moottori-peugeot-citroen-e1769946748620.webp\",\"contentUrl\":\"https:\/\/autopartscenter24.com\/wp-content\/uploads\/2023\/03\/2-0-HDI-RHR-moottori-peugeot-citroen-e1769946748620.webp\",\"width\":800,\"height\":600},{\"@type\":\"BreadcrumbList\",\"@id\":\"https:\/\/autopartscenter24.com\/auton-varaosat\/2-0-hdi-rhr-moottori-peugeot-citroen-ford-fiat\/#breadcrumb\",\"itemListElement\":[{\"@type\":\"ListItem\",\"position\":1,\"name\":\"Hem\",\"item\":\"https:\/\/aliceblue-termite-662564.hostingersite.com\/\"},{\"@type\":\"ListItem\",\"position\":2,\"name\":\"Auton varaosat\",\"item\":\"https:\/\/aliceblue-termite-662564.hostingersite.com\/auton-varaosat\/\"},{\"@type\":\"ListItem\",\"position\":3,\"name\":\"2.0 HDI &#8221;RHR&#8221; Motor [esim. Peugeot, Citroen, Ford, Fiat]\"}]},{\"@type\":\"WebSite\",\"@id\":\"https:\/\/autopartscenter24.com\/#website\",\"url\":\"https:\/\/autopartscenter24.com\/\",\"name\":\"Autopartscenter24\",\"description\":\"K\u00c4YTETYT JA KUNNOSTETUT  AUTON VARAOSAT\",\"potentialAction\":[{\"@type\":\"SearchAction\",\"target\":{\"@type\":\"EntryPoint\",\"urlTemplate\":\"https:\/\/autopartscenter24.com\/?s={search_term_string}\"},\"query-input\":{\"@type\":\"PropertyValueSpecification\",\"valueRequired\":true,\"valueName\":\"search_term_string\"}}],\"inLanguage\":\"sv-SE\"}]}<\/script>\n<!-- \/ Yoast SEO plugin. -->","yoast_head_json":{"title":"2.0 HDI \"RHR\" Motor [esim. Peugeot, Citroen, Ford, Fiat]","description":"En av de motorer som vi ofta har tillg\u00e4ngliga. Skicka en f\u00f6rfr\u00e5gan och f\u00e5 en offert inom 24 timmar. Motorer, v\u00e4xell\u00e5dor och andra bildelar under garanti.","robots":{"index":"index","follow":"follow","max-snippet":"max-snippet:-1","max-image-preview":"max-image-preview:large","max-video-preview":"max-video-preview:-1"},"canonical":"https:\/\/autopartscenter24.com\/sv\/auton-varaosat\/2-0-hdi-rhr-moottori-peugeot-citroen-ford-fiat\/","og_locale":"sv_SE","og_type":"article","og_title":"2.0 HDI \"RHR\" Motor [esim. Peugeot, Citroen, Ford, Fiat]","og_description":"En av de motorer som vi ofta har tillg\u00e4ngliga. Skicka en f\u00f6rfr\u00e5gan och f\u00e5 en offert inom 24 timmar. Motorer, v\u00e4xell\u00e5dor och andra bildelar under garanti.","og_url":"https:\/\/autopartscenter24.com\/sv\/auton-varaosat\/2-0-hdi-rhr-moottori-peugeot-citroen-ford-fiat\/","og_site_name":"Autopartscenter24","og_image":[{"width":800,"height":600,"url":"https:\/\/autopartscenter24.com\/wp-content\/uploads\/2023\/03\/2-0-HDI-RHR-moottori-peugeot-citroen-e1769946748620.webp","type":"image\/webp"}],"twitter_card":"summary_large_image","twitter_misc":{"Ber\u00e4knad l\u00e4stid":"1 minut"},"schema":{"@context":"https:\/\/schema.org","@graph":[{"@type":"WebPage","@id":"https:\/\/autopartscenter24.com\/auton-varaosat\/2-0-hdi-rhr-moottori-peugeot-citroen-ford-fiat\/","url":"https:\/\/autopartscenter24.com\/auton-varaosat\/2-0-hdi-rhr-moottori-peugeot-citroen-ford-fiat\/","name":"2.0 HDI \"RHR\" Motor [esim. Peugeot, Citroen, Ford, Fiat]","isPartOf":{"@id":"https:\/\/autopartscenter24.com\/#website"},"primaryImageOfPage":{"@id":"https:\/\/autopartscenter24.com\/auton-varaosat\/2-0-hdi-rhr-moottori-peugeot-citroen-ford-fiat\/#primaryimage"},"image":{"@id":"https:\/\/autopartscenter24.com\/auton-varaosat\/2-0-hdi-rhr-moottori-peugeot-citroen-ford-fiat\/#primaryimage"},"thumbnailUrl":"https:\/\/autopartscenter24.com\/wp-content\/uploads\/2023\/03\/2-0-HDI-RHR-moottori-peugeot-citroen-e1769946748620.webp","datePublished":"2023-11-26T20:26:20+00:00","description":"En av de motorer som vi ofta har tillg\u00e4ngliga. Skicka en f\u00f6rfr\u00e5gan och f\u00e5 en offert inom 24 timmar. Motorer, v\u00e4xell\u00e5dor och andra bildelar under garanti.","breadcrumb":{"@id":"https:\/\/autopartscenter24.com\/auton-varaosat\/2-0-hdi-rhr-moottori-peugeot-citroen-ford-fiat\/#breadcrumb"},"inLanguage":"sv-SE","potentialAction":[{"@type":"ReadAction","target":["https:\/\/autopartscenter24.com\/auton-varaosat\/2-0-hdi-rhr-moottori-peugeot-citroen-ford-fiat\/"]}]},{"@type":"ImageObject","inLanguage":"sv-SE","@id":"https:\/\/autopartscenter24.com\/auton-varaosat\/2-0-hdi-rhr-moottori-peugeot-citroen-ford-fiat\/#primaryimage","url":"https:\/\/autopartscenter24.com\/wp-content\/uploads\/2023\/03\/2-0-HDI-RHR-moottori-peugeot-citroen-e1769946748620.webp","contentUrl":"https:\/\/autopartscenter24.com\/wp-content\/uploads\/2023\/03\/2-0-HDI-RHR-moottori-peugeot-citroen-e1769946748620.webp","width":800,"height":600},{"@type":"BreadcrumbList","@id":"https:\/\/autopartscenter24.com\/auton-varaosat\/2-0-hdi-rhr-moottori-peugeot-citroen-ford-fiat\/#breadcrumb","itemListElement":[{"@type":"ListItem","position":1,"name":"Hem","item":"https:\/\/aliceblue-termite-662564.hostingersite.com\/"},{"@type":"ListItem","position":2,"name":"Auton varaosat","item":"https:\/\/aliceblue-termite-662564.hostingersite.com\/auton-varaosat\/"},{"@type":"ListItem","position":3,"name":"2.0 HDI &#8221;RHR&#8221; Motor [esim. Peugeot, Citroen, Ford, Fiat]"}]},{"@type":"WebSite","@id":"https:\/\/autopartscenter24.com\/#website","url":"https:\/\/autopartscenter24.com\/","name":"Autopartscenter24","description":"K\u00c4YTETYT JA KUNNOSTETUT  AUTON VARAOSAT","potentialAction":[{"@type":"SearchAction","target":{"@type":"EntryPoint","urlTemplate":"https:\/\/autopartscenter24.com\/?s={search_term_string}"},"query-input":{"@type":"PropertyValueSpecification","valueRequired":true,"valueName":"search_term_string"}}],"inLanguage":"sv-SE"}]}},"_links":{"self":[{"href":"https:\/\/autopartscenter24.com\/sv\/wp-json\/wp\/v2\/product\/5543","targetHints":{"allow":["GET"]}}],"collection":[{"href":"https:\/\/autopartscenter24.com\/sv\/wp-json\/wp\/v2\/product"}],"about":[{"href":"https:\/\/autopartscenter24.com\/sv\/wp-json\/wp\/v2\/types\/product"}],"wp:featuredmedia":[{"embeddable":true,"href":"https:\/\/autopartscenter24.com\/sv\/wp-json\/wp\/v2\/media\/4365"}],"wp:attachment":[{"href":"https:\/\/autopartscenter24.com\/sv\/wp-json\/wp\/v2\/media?parent=5543"}],"wp:term":[{"taxonomy":"product_brand","embeddable":true,"href":"https:\/\/autopartscenter24.com\/sv\/wp-json\/wp\/v2\/product_brand?post=5543"},{"taxonomy":"product_cat","embeddable":true,"href":"https:\/\/autopartscenter24.com\/sv\/wp-json\/wp\/v2\/product_cat?post=5543"},{"taxonomy":"product_tag","embeddable":true,"href":"https:\/\/autopartscenter24.com\/sv\/wp-json\/wp\/v2\/product_tag?post=5543"}],"curies":[{"name":"wp","href":"https:\/\/api.w.org\/{rel}","templated":true}]}}