{"id":5542,"date":"2023-03-04T21:26:03","date_gmt":"2023-11-26T20:24:11","guid":{"rendered":"https:\/\/autopartscenter24.com\/product\/2-2-did-4hk-motor-esim-outlander-grandis-c-crosser\/"},"modified":"2023-11-26T21:24:11","modified_gmt":"2023-11-26T20:24:11","slug":"2-2-did-4hk-motor-mitsubishi-outlander-peugeot-4007","status":"publish","type":"product","link":"https:\/\/autopartscenter24.com\/sv\/auton-varaosat\/2-2-did-4hk-motor-mitsubishi-outlander-peugeot-4007\/","title":{"rendered":"2.2 DID &#8221;4HK&#8221; Motor [esim. Outlander, Grandis, C-Crosser]"},"content":{"rendered":"<p>Mitsubishi 2.2 DID (motorkod: 4HK) \u00e4r en fyrcylindrig turbodieselmotor som har anv\u00e4nts i flera Mitsubishi-modeller. Denna motor introducerades f\u00f6rsta g\u00e5ngen 2006 och \u00e4r k\u00e4nd f\u00f6r sina goda prestanda och ekonomi.<\/p>\n<p>4HK-motorn har ett cylinderblock av j\u00e4rn och ett cylinderhuvud i aluminium. Den anv\u00e4nder DOHC (dubbla \u00f6verliggande kamaxlar) f\u00f6r ventiltider med fyra ventiler per cylinder. Motorn har \u00e4ven gemensam tryckinsprutning, som sprutar in br\u00e4nsle direkt i cylindern vid h\u00f6gt tryck.<\/p>\n<p>Motorn har en cylindervolym p\u00e5 2,2 liter och ger 150 h\u00e4stkrafter (110 kW) och ett maximalt vridmoment p\u00e5 380 Nm (280 lb-ft) mellan 2 000 och 2 500 rpm. Den \u00e4r kopplad till antingen en 6-v\u00e4xlad manuell v\u00e4xell\u00e5da eller en 5-v\u00e4xlad automatisk v\u00e4xell\u00e5da, beroende p\u00e5 bilmodell.<\/p>\n<p>4HK-motorn har ocks\u00e5 ett flerpunktsinsprutningssystem som ger b\u00e4ttre prestanda och ekonomi j\u00e4mf\u00f6rt med \u00e4ldre br\u00e4nsleinsprutningssystem.<\/p>\n<p>Sammantaget \u00e4r Mitsubishi 2.2 DID (motorkod: 4HK) en p\u00e5litlig och effektiv dieselmotor som erbjuder bra prestanda och br\u00e4nsleekonomi. Dess avancerade funktioner, s\u00e5som vanlig insprutning, g\u00f6r den till ett popul\u00e4rt val f\u00f6r f\u00f6rare som v\u00e4rdes\u00e4tter prestanda och ekonomi.<\/p>\n","protected":false},"excerpt":{"rendered":"<ul>\n<li>Mitsubishi Outlander (2006-2012)<\/li>\n<li>Mitsubishi Grandis (2006-2010)<\/li>\n<li>Peugeot 4007 (2007-2012)<\/li>\n<li>Citro\u00ebn C-Crosser (2007-2012)<\/li>\n<\/ul>\n","protected":false},"featured_media":4370,"template":"","meta":[],"product_brand":[],"product_cat":[549,597,613],"product_tag":[768,769,770,693],"class_list":{"0":"post-5542","1":"product","2":"type-product","3":"status-publish","4":"has-post-thumbnail","6":"product_cat-citroen-sv","7":"product_cat-mitsubishi-sv","8":"product_cat-peugeot-sv","9":"product_tag-4007-sv","10":"product_tag-c-crosser-sv","11":"product_tag-grandis-sv","12":"product_tag-outlander-sv","13":"pa_varaosan-osasto-motor","16":"first","17":"instock","18":"shipping-taxable","19":"product-type-simple"},"yoast_head":"<!-- This site is optimized with the Yoast SEO plugin v26.8 - https:\/\/yoast.com\/product\/yoast-seo-wordpress\/ -->\n<title>2.2 DID &quot;4HK&quot; Motor [esim. Outlander, Grandis, C-Crosser]<\/title>\n<meta name=\"description\" content=\"En av de motorer som vi ofta har tillg\u00e4ngliga. Skicka en f\u00f6rfr\u00e5gan och f\u00e5 en offert inom 24 timmar. Moottorit, vaihteistot ja muut auton osat takuul\" \/>\n<meta name=\"robots\" content=\"index, follow, max-snippet:-1, max-image-preview:large, max-video-preview:-1\" \/>\n<link rel=\"canonical\" href=\"https:\/\/autopartscenter24.com\/sv\/auton-varaosat\/2-2-did-4hk-moottori-mitsubishi-outlander-peugeot-4007\/\" \/>\n<meta property=\"og:locale\" content=\"sv_SE\" \/>\n<meta property=\"og:type\" content=\"article\" \/>\n<meta property=\"og:title\" content=\"2.2 DID &quot;4HK&quot; Motor [esim. Outlander, Grandis, C-Crosser]\" \/>\n<meta property=\"og:description\" content=\"En av de motorer som vi ofta har tillg\u00e4ngliga. Skicka en f\u00f6rfr\u00e5gan och f\u00e5 en offert inom 24 timmar. Moottorit, vaihteistot ja muut auton osat takuul\" \/>\n<meta property=\"og:url\" content=\"https:\/\/autopartscenter24.com\/sv\/auton-varaosat\/2-2-did-4hk-moottori-mitsubishi-outlander-peugeot-4007\/\" \/>\n<meta property=\"og:site_name\" content=\"Autopartscenter24\" \/>\n<meta property=\"og:image\" content=\"https:\/\/autopartscenter24.com\/wp-content\/uploads\/2023\/03\/2-2-DID-4HK-moottori-mitsubishi-outlander-peugeot-4007.webp\" \/>\n\t<meta property=\"og:image:width\" content=\"800\" \/>\n\t<meta property=\"og:image:height\" content=\"600\" \/>\n\t<meta property=\"og:image:type\" content=\"image\/webp\" \/>\n<meta name=\"twitter:card\" content=\"summary_large_image\" \/>\n<meta name=\"twitter:label1\" content=\"Ber\u00e4knad l\u00e4stid\" \/>\n\t<meta name=\"twitter:data1\" content=\"1 minut\" \/>\n<script type=\"application\/ld+json\" class=\"yoast-schema-graph\">{\"@context\":\"https:\/\/schema.org\",\"@graph\":[{\"@type\":\"WebPage\",\"@id\":\"https:\/\/autopartscenter24.com\/auton-varaosat\/2-2-did-4hk-moottori-mitsubishi-outlander-peugeot-4007\/\",\"url\":\"https:\/\/autopartscenter24.com\/auton-varaosat\/2-2-did-4hk-moottori-mitsubishi-outlander-peugeot-4007\/\",\"name\":\"2.2 DID \\\"4HK\\\" Motor [esim. Outlander, Grandis, C-Crosser]\",\"isPartOf\":{\"@id\":\"https:\/\/autopartscenter24.com\/#website\"},\"primaryImageOfPage\":{\"@id\":\"https:\/\/autopartscenter24.com\/auton-varaosat\/2-2-did-4hk-moottori-mitsubishi-outlander-peugeot-4007\/#primaryimage\"},\"image\":{\"@id\":\"https:\/\/autopartscenter24.com\/auton-varaosat\/2-2-did-4hk-moottori-mitsubishi-outlander-peugeot-4007\/#primaryimage\"},\"thumbnailUrl\":\"https:\/\/autopartscenter24.com\/wp-content\/uploads\/2023\/03\/2-2-DID-4HK-moottori-mitsubishi-outlander-peugeot-4007.webp\",\"datePublished\":\"2023-11-26T20:24:11+00:00\",\"description\":\"En av de motorer som vi ofta har tillg\u00e4ngliga. Skicka en f\u00f6rfr\u00e5gan och f\u00e5 en offert inom 24 timmar. Moottorit, vaihteistot ja muut auton osat takuul\",\"breadcrumb\":{\"@id\":\"https:\/\/autopartscenter24.com\/auton-varaosat\/2-2-did-4hk-moottori-mitsubishi-outlander-peugeot-4007\/#breadcrumb\"},\"inLanguage\":\"sv-SE\",\"potentialAction\":[{\"@type\":\"ReadAction\",\"target\":[\"https:\/\/autopartscenter24.com\/auton-varaosat\/2-2-did-4hk-moottori-mitsubishi-outlander-peugeot-4007\/\"]}]},{\"@type\":\"ImageObject\",\"inLanguage\":\"sv-SE\",\"@id\":\"https:\/\/autopartscenter24.com\/auton-varaosat\/2-2-did-4hk-moottori-mitsubishi-outlander-peugeot-4007\/#primaryimage\",\"url\":\"https:\/\/autopartscenter24.com\/wp-content\/uploads\/2023\/03\/2-2-DID-4HK-moottori-mitsubishi-outlander-peugeot-4007.webp\",\"contentUrl\":\"https:\/\/autopartscenter24.com\/wp-content\/uploads\/2023\/03\/2-2-DID-4HK-moottori-mitsubishi-outlander-peugeot-4007.webp\",\"width\":800,\"height\":600},{\"@type\":\"BreadcrumbList\",\"@id\":\"https:\/\/autopartscenter24.com\/auton-varaosat\/2-2-did-4hk-moottori-mitsubishi-outlander-peugeot-4007\/#breadcrumb\",\"itemListElement\":[{\"@type\":\"ListItem\",\"position\":1,\"name\":\"Hem\",\"item\":\"https:\/\/aliceblue-termite-662564.hostingersite.com\/\"},{\"@type\":\"ListItem\",\"position\":2,\"name\":\"Auton varaosat\",\"item\":\"https:\/\/aliceblue-termite-662564.hostingersite.com\/auton-varaosat\/\"},{\"@type\":\"ListItem\",\"position\":3,\"name\":\"2.2 DID &#8221;4HK&#8221; Motor [esim. Outlander, Grandis, C-Crosser]\"}]},{\"@type\":\"WebSite\",\"@id\":\"https:\/\/autopartscenter24.com\/#website\",\"url\":\"https:\/\/autopartscenter24.com\/\",\"name\":\"Autopartscenter24\",\"description\":\"K\u00c4YTETYT JA KUNNOSTETUT  AUTON VARAOSAT\",\"potentialAction\":[{\"@type\":\"SearchAction\",\"target\":{\"@type\":\"EntryPoint\",\"urlTemplate\":\"https:\/\/autopartscenter24.com\/?s={search_term_string}\"},\"query-input\":{\"@type\":\"PropertyValueSpecification\",\"valueRequired\":true,\"valueName\":\"search_term_string\"}}],\"inLanguage\":\"sv-SE\"}]}<\/script>\n<!-- \/ Yoast SEO plugin. -->","yoast_head_json":{"title":"2.2 DID \"4HK\" Motor [esim. Outlander, Grandis, C-Crosser]","description":"En av de motorer som vi ofta har tillg\u00e4ngliga. Skicka en f\u00f6rfr\u00e5gan och f\u00e5 en offert inom 24 timmar. Moottorit, vaihteistot ja muut auton osat takuul","robots":{"index":"index","follow":"follow","max-snippet":"max-snippet:-1","max-image-preview":"max-image-preview:large","max-video-preview":"max-video-preview:-1"},"canonical":"https:\/\/autopartscenter24.com\/sv\/auton-varaosat\/2-2-did-4hk-moottori-mitsubishi-outlander-peugeot-4007\/","og_locale":"sv_SE","og_type":"article","og_title":"2.2 DID \"4HK\" Motor [esim. Outlander, Grandis, C-Crosser]","og_description":"En av de motorer som vi ofta har tillg\u00e4ngliga. Skicka en f\u00f6rfr\u00e5gan och f\u00e5 en offert inom 24 timmar. Moottorit, vaihteistot ja muut auton osat takuul","og_url":"https:\/\/autopartscenter24.com\/sv\/auton-varaosat\/2-2-did-4hk-moottori-mitsubishi-outlander-peugeot-4007\/","og_site_name":"Autopartscenter24","og_image":[{"width":800,"height":600,"url":"https:\/\/autopartscenter24.com\/wp-content\/uploads\/2023\/03\/2-2-DID-4HK-moottori-mitsubishi-outlander-peugeot-4007.webp","type":"image\/webp"}],"twitter_card":"summary_large_image","twitter_misc":{"Ber\u00e4knad l\u00e4stid":"1 minut"},"schema":{"@context":"https:\/\/schema.org","@graph":[{"@type":"WebPage","@id":"https:\/\/autopartscenter24.com\/auton-varaosat\/2-2-did-4hk-moottori-mitsubishi-outlander-peugeot-4007\/","url":"https:\/\/autopartscenter24.com\/auton-varaosat\/2-2-did-4hk-moottori-mitsubishi-outlander-peugeot-4007\/","name":"2.2 DID \"4HK\" Motor [esim. Outlander, Grandis, C-Crosser]","isPartOf":{"@id":"https:\/\/autopartscenter24.com\/#website"},"primaryImageOfPage":{"@id":"https:\/\/autopartscenter24.com\/auton-varaosat\/2-2-did-4hk-moottori-mitsubishi-outlander-peugeot-4007\/#primaryimage"},"image":{"@id":"https:\/\/autopartscenter24.com\/auton-varaosat\/2-2-did-4hk-moottori-mitsubishi-outlander-peugeot-4007\/#primaryimage"},"thumbnailUrl":"https:\/\/autopartscenter24.com\/wp-content\/uploads\/2023\/03\/2-2-DID-4HK-moottori-mitsubishi-outlander-peugeot-4007.webp","datePublished":"2023-11-26T20:24:11+00:00","description":"En av de motorer som vi ofta har tillg\u00e4ngliga. Skicka en f\u00f6rfr\u00e5gan och f\u00e5 en offert inom 24 timmar. Moottorit, vaihteistot ja muut auton osat takuul","breadcrumb":{"@id":"https:\/\/autopartscenter24.com\/auton-varaosat\/2-2-did-4hk-moottori-mitsubishi-outlander-peugeot-4007\/#breadcrumb"},"inLanguage":"sv-SE","potentialAction":[{"@type":"ReadAction","target":["https:\/\/autopartscenter24.com\/auton-varaosat\/2-2-did-4hk-moottori-mitsubishi-outlander-peugeot-4007\/"]}]},{"@type":"ImageObject","inLanguage":"sv-SE","@id":"https:\/\/autopartscenter24.com\/auton-varaosat\/2-2-did-4hk-moottori-mitsubishi-outlander-peugeot-4007\/#primaryimage","url":"https:\/\/autopartscenter24.com\/wp-content\/uploads\/2023\/03\/2-2-DID-4HK-moottori-mitsubishi-outlander-peugeot-4007.webp","contentUrl":"https:\/\/autopartscenter24.com\/wp-content\/uploads\/2023\/03\/2-2-DID-4HK-moottori-mitsubishi-outlander-peugeot-4007.webp","width":800,"height":600},{"@type":"BreadcrumbList","@id":"https:\/\/autopartscenter24.com\/auton-varaosat\/2-2-did-4hk-moottori-mitsubishi-outlander-peugeot-4007\/#breadcrumb","itemListElement":[{"@type":"ListItem","position":1,"name":"Hem","item":"https:\/\/aliceblue-termite-662564.hostingersite.com\/"},{"@type":"ListItem","position":2,"name":"Auton varaosat","item":"https:\/\/aliceblue-termite-662564.hostingersite.com\/auton-varaosat\/"},{"@type":"ListItem","position":3,"name":"2.2 DID &#8221;4HK&#8221; Motor [esim. Outlander, Grandis, C-Crosser]"}]},{"@type":"WebSite","@id":"https:\/\/autopartscenter24.com\/#website","url":"https:\/\/autopartscenter24.com\/","name":"Autopartscenter24","description":"K\u00c4YTETYT JA KUNNOSTETUT  AUTON VARAOSAT","potentialAction":[{"@type":"SearchAction","target":{"@type":"EntryPoint","urlTemplate":"https:\/\/autopartscenter24.com\/?s={search_term_string}"},"query-input":{"@type":"PropertyValueSpecification","valueRequired":true,"valueName":"search_term_string"}}],"inLanguage":"sv-SE"}]}},"_links":{"self":[{"href":"https:\/\/autopartscenter24.com\/sv\/wp-json\/wp\/v2\/product\/5542","targetHints":{"allow":["GET"]}}],"collection":[{"href":"https:\/\/autopartscenter24.com\/sv\/wp-json\/wp\/v2\/product"}],"about":[{"href":"https:\/\/autopartscenter24.com\/sv\/wp-json\/wp\/v2\/types\/product"}],"wp:featuredmedia":[{"embeddable":true,"href":"https:\/\/autopartscenter24.com\/sv\/wp-json\/wp\/v2\/media\/4370"}],"wp:attachment":[{"href":"https:\/\/autopartscenter24.com\/sv\/wp-json\/wp\/v2\/media?parent=5542"}],"wp:term":[{"taxonomy":"product_brand","embeddable":true,"href":"https:\/\/autopartscenter24.com\/sv\/wp-json\/wp\/v2\/product_brand?post=5542"},{"taxonomy":"product_cat","embeddable":true,"href":"https:\/\/autopartscenter24.com\/sv\/wp-json\/wp\/v2\/product_cat?post=5542"},{"taxonomy":"product_tag","embeddable":true,"href":"https:\/\/autopartscenter24.com\/sv\/wp-json\/wp\/v2\/product_tag?post=5542"}],"curies":[{"name":"wp","href":"https:\/\/api.w.org\/{rel}","templated":true}]}}