{"id":5541,"date":"2023-03-05T09:59:56","date_gmt":"2023-11-26T20:22:25","guid":{"rendered":"https:\/\/autopartscenter24.com\/product\/2-0-tfsi-bpj-motor-esim-audi-a4-a5-vw-passat\/"},"modified":"2023-11-26T21:22:25","modified_gmt":"2023-11-26T20:22:25","slug":"2-0-tfsi-bpj-motor-audi-a4-a5-vw-passat","status":"publish","type":"product","link":"https:\/\/autopartscenter24.com\/sv\/auton-varaosat\/2-0-tfsi-bpj-motor-audi-a4-a5-vw-passat\/","title":{"rendered":"2.0 TFSI &#8221;BPJ&#8221; Motor [esim. Audi A4, A5, VW Passat]"},"content":{"rendered":"<p><strong>2.0 TFSI (BPJ)<\/strong> \u00e4r en direktinsprutningsmotor som utvecklats av Audi Group och introducerades 2009. Denna motor \u00e4r ett popul\u00e4rt alternativ i m\u00e5nga Audi, Volkswagen, SEAT och \u0160koda-modeller.<\/p>\n<p>Motorns tekniska egenskaper \u00e4r utm\u00e4rkta. Det \u00e4r en fyrcylindrig bensinmotor med en cylindervolym p\u00e5 1984 cm\u00b3. Direktinsprutning och en turboladdare hj\u00e4lper motorn att uppn\u00e5 ett h\u00f6gre effekt\/viktf\u00f6rh\u00e5llande. <strong>BPJ-motorn<\/strong> har ocks\u00e5 ett m\u00e5ngsidigt kamaxeljusteringssystem som g\u00f6r att ventilerna kan \u00f6ppnas och st\u00e4ngas mer exakt. Detta bidrar till att f\u00f6rb\u00e4ttra motorns effektivitet och prestanda.<\/p>\n<p>Den maximala effekten f\u00f6r BPJ-motorn \u00e4r 211 hk och det maximala vridmomentet \u00e4r 350 Nm. Den n\u00e5r en hastighet p\u00e5 0-100 km\/h p\u00e5 bara 6,5 \u200b\u200bsekunder. Motorns toppfart \u00e4r 250 km\/h, vilket \u00e4r en stor prestation f\u00f6r en fyrcylindrig motor. Dessutom \u00e4r motorns CO2-utsl\u00e4pp relativt l\u00e5ga, vilket \u00e4r en av anledningarna till dess popularitet.<\/p>\n<p>BPJ-motorn har anv\u00e4nts flitigt i olika bilm\u00e4rken och modeller. Audi anv\u00e4nde denna motor i modellerna A4, A5, A6, A7 och Q5 fr\u00e5n 2009 till 2016. Volkswagen har anv\u00e4nt BPJ-motorn i modellerna Golf GTI, Golf R, Passat, Tiguan, Scirocco och Sharan fr\u00e5n 2009 till 2018. SEAT har anv\u00e4nt motorn i modellerna Leon och Altea 2010-2013 och \u0160koda har anv\u00e4nt motorn i modellerna Octavia och Superb 2009-2013.<\/p>\n<p>Sammanfattningsvis \u00e4r 2.0 TFSI (BPJ) en mycket kapabel och effektiv motor som \u00e4r popul\u00e4r i m\u00e5nga bilm\u00e4rken och modeller. Direktinsprutning och en turboladdare har hj\u00e4lpt till att f\u00f6rb\u00e4ttra motorns effektivitet, och ett m\u00e5ngsidigt kamaxeljusteringssystem f\u00f6rb\u00e4ttrar motorns prestanda. Motorns l\u00e5ga CO2-utsl\u00e4pp \u00e4r ocks\u00e5 en av dess f\u00f6rdelar.<\/p>\n","protected":false},"excerpt":{"rendered":"<ul>\n<li>Audi A4 (B8) (2008-2015)<\/li>\n<li>Audi A5 (8T) (2007-2016)<\/li>\n<li>Audi Q5 (8R) (2008-2017)<\/li>\n<li>Audi TT (8J) (2006-2014)<\/li>\n<li>Volkswagen Passat (B6\/B7) (2005-2014)<\/li>\n<li>Volkswagen CC (2008-2017)<\/li>\n<li>Volkswagen Golf GTI (Mk6\/Mk7) (2009-2017)<\/li>\n<li>Volkswagen Jetta GLI (2012-2018)<\/li>\n<\/ul>\n","protected":false},"featured_media":4375,"template":"","meta":[],"product_brand":[],"product_cat":[468,469],"product_tag":[689,690,691,767,473,668,475,478,721,720,766],"class_list":{"0":"post-5541","1":"product","2":"type-product","3":"status-publish","4":"has-post-thumbnail","6":"product_cat-audi-sv","7":"product_cat-vw-sv","8":"product_tag-a4-sv","9":"product_tag-a5-sv","10":"product_tag-a6-sv","11":"product_tag-cc-sv","12":"product_tag-golf-sv","13":"product_tag-jetta-sv","14":"product_tag-passat-sv","15":"product_tag-q3-sv","16":"product_tag-q5-sv","17":"product_tag-tiguan-sv","18":"product_tag-tt-sv","19":"pa_varaosan-osasto-motor","22":"first","23":"instock","24":"featured","25":"shipping-taxable","26":"product-type-simple"},"yoast_head":"<!-- This site is optimized with the Yoast SEO plugin v26.8 - https:\/\/yoast.com\/product\/yoast-seo-wordpress\/ -->\n<title>2.0 TFSI &quot;BPJ&quot; Motor [esim. Audi A4, A5, VW Passat]<\/title>\n<meta name=\"description\" content=\"En av de motorer som vi ofta har tillg\u00e4ngliga. Skicka en f\u00f6rfr\u00e5gan och f\u00e5 en offert inom 24 timmar. Motorer, v\u00e4xell\u00e5dor och andra bildelar under garanti.\" \/>\n<meta name=\"robots\" content=\"index, follow, max-snippet:-1, max-image-preview:large, max-video-preview:-1\" \/>\n<link rel=\"canonical\" href=\"https:\/\/autopartscenter24.com\/sv\/auton-varaosat\/2-0-tfsi-bpj-moottori-audi-a4-a5-vw-passat\/\" \/>\n<meta property=\"og:locale\" content=\"sv_SE\" \/>\n<meta property=\"og:type\" content=\"article\" \/>\n<meta property=\"og:title\" content=\"2.0 TFSI &quot;BPJ&quot; Motor [esim. Audi A4, A5, VW Passat]\" \/>\n<meta property=\"og:description\" content=\"En av de motorer som vi ofta har tillg\u00e4ngliga. Skicka en f\u00f6rfr\u00e5gan och f\u00e5 en offert inom 24 timmar. Motorer, v\u00e4xell\u00e5dor och andra bildelar under garanti.\" \/>\n<meta property=\"og:url\" content=\"https:\/\/autopartscenter24.com\/sv\/auton-varaosat\/2-0-tfsi-bpj-moottori-audi-a4-a5-vw-passat\/\" \/>\n<meta property=\"og:site_name\" content=\"Autopartscenter24\" \/>\n<meta property=\"og:image\" content=\"https:\/\/autopartscenter24.com\/wp-content\/uploads\/2023\/03\/2-0-TFSI-BPJ-Moottori-Audi-VW-A4-Passat.webp\" \/>\n\t<meta property=\"og:image:width\" content=\"800\" \/>\n\t<meta property=\"og:image:height\" content=\"600\" \/>\n\t<meta property=\"og:image:type\" content=\"image\/webp\" \/>\n<meta name=\"twitter:card\" content=\"summary_large_image\" \/>\n<meta name=\"twitter:label1\" content=\"Ber\u00e4knad l\u00e4stid\" \/>\n\t<meta name=\"twitter:data1\" content=\"1 minut\" \/>\n<script type=\"application\/ld+json\" class=\"yoast-schema-graph\">{\"@context\":\"https:\/\/schema.org\",\"@graph\":[{\"@type\":\"WebPage\",\"@id\":\"https:\/\/autopartscenter24.com\/auton-varaosat\/2-0-tfsi-bpj-moottori-audi-a4-a5-vw-passat\/\",\"url\":\"https:\/\/autopartscenter24.com\/auton-varaosat\/2-0-tfsi-bpj-moottori-audi-a4-a5-vw-passat\/\",\"name\":\"2.0 TFSI \\\"BPJ\\\" Motor [esim. Audi A4, A5, VW Passat]\",\"isPartOf\":{\"@id\":\"https:\/\/autopartscenter24.com\/#website\"},\"primaryImageOfPage\":{\"@id\":\"https:\/\/autopartscenter24.com\/auton-varaosat\/2-0-tfsi-bpj-moottori-audi-a4-a5-vw-passat\/#primaryimage\"},\"image\":{\"@id\":\"https:\/\/autopartscenter24.com\/auton-varaosat\/2-0-tfsi-bpj-moottori-audi-a4-a5-vw-passat\/#primaryimage\"},\"thumbnailUrl\":\"https:\/\/autopartscenter24.com\/wp-content\/uploads\/2023\/03\/2-0-TFSI-BPJ-Moottori-Audi-VW-A4-Passat.webp\",\"datePublished\":\"2023-11-26T20:22:25+00:00\",\"description\":\"En av de motorer som vi ofta har tillg\u00e4ngliga. Skicka en f\u00f6rfr\u00e5gan och f\u00e5 en offert inom 24 timmar. Motorer, v\u00e4xell\u00e5dor och andra bildelar under garanti.\",\"breadcrumb\":{\"@id\":\"https:\/\/autopartscenter24.com\/auton-varaosat\/2-0-tfsi-bpj-moottori-audi-a4-a5-vw-passat\/#breadcrumb\"},\"inLanguage\":\"sv-SE\",\"potentialAction\":[{\"@type\":\"ReadAction\",\"target\":[\"https:\/\/autopartscenter24.com\/auton-varaosat\/2-0-tfsi-bpj-moottori-audi-a4-a5-vw-passat\/\"]}]},{\"@type\":\"ImageObject\",\"inLanguage\":\"sv-SE\",\"@id\":\"https:\/\/autopartscenter24.com\/auton-varaosat\/2-0-tfsi-bpj-moottori-audi-a4-a5-vw-passat\/#primaryimage\",\"url\":\"https:\/\/autopartscenter24.com\/wp-content\/uploads\/2023\/03\/2-0-TFSI-BPJ-Moottori-Audi-VW-A4-Passat.webp\",\"contentUrl\":\"https:\/\/autopartscenter24.com\/wp-content\/uploads\/2023\/03\/2-0-TFSI-BPJ-Moottori-Audi-VW-A4-Passat.webp\",\"width\":800,\"height\":600},{\"@type\":\"BreadcrumbList\",\"@id\":\"https:\/\/autopartscenter24.com\/auton-varaosat\/2-0-tfsi-bpj-moottori-audi-a4-a5-vw-passat\/#breadcrumb\",\"itemListElement\":[{\"@type\":\"ListItem\",\"position\":1,\"name\":\"Hem\",\"item\":\"https:\/\/aliceblue-termite-662564.hostingersite.com\/\"},{\"@type\":\"ListItem\",\"position\":2,\"name\":\"Auton varaosat\",\"item\":\"https:\/\/aliceblue-termite-662564.hostingersite.com\/auton-varaosat\/\"},{\"@type\":\"ListItem\",\"position\":3,\"name\":\"2.0 TFSI &#8221;BPJ&#8221; Motor [esim. Audi A4, A5, VW Passat]\"}]},{\"@type\":\"WebSite\",\"@id\":\"https:\/\/autopartscenter24.com\/#website\",\"url\":\"https:\/\/autopartscenter24.com\/\",\"name\":\"Autopartscenter24\",\"description\":\"K\u00c4YTETYT JA KUNNOSTETUT  AUTON VARAOSAT\",\"potentialAction\":[{\"@type\":\"SearchAction\",\"target\":{\"@type\":\"EntryPoint\",\"urlTemplate\":\"https:\/\/autopartscenter24.com\/?s={search_term_string}\"},\"query-input\":{\"@type\":\"PropertyValueSpecification\",\"valueRequired\":true,\"valueName\":\"search_term_string\"}}],\"inLanguage\":\"sv-SE\"}]}<\/script>\n<!-- \/ Yoast SEO plugin. -->","yoast_head_json":{"title":"2.0 TFSI \"BPJ\" Motor [esim. Audi A4, A5, VW Passat]","description":"En av de motorer som vi ofta har tillg\u00e4ngliga. Skicka en f\u00f6rfr\u00e5gan och f\u00e5 en offert inom 24 timmar. Motorer, v\u00e4xell\u00e5dor och andra bildelar under garanti.","robots":{"index":"index","follow":"follow","max-snippet":"max-snippet:-1","max-image-preview":"max-image-preview:large","max-video-preview":"max-video-preview:-1"},"canonical":"https:\/\/autopartscenter24.com\/sv\/auton-varaosat\/2-0-tfsi-bpj-moottori-audi-a4-a5-vw-passat\/","og_locale":"sv_SE","og_type":"article","og_title":"2.0 TFSI \"BPJ\" Motor [esim. Audi A4, A5, VW Passat]","og_description":"En av de motorer som vi ofta har tillg\u00e4ngliga. Skicka en f\u00f6rfr\u00e5gan och f\u00e5 en offert inom 24 timmar. Motorer, v\u00e4xell\u00e5dor och andra bildelar under garanti.","og_url":"https:\/\/autopartscenter24.com\/sv\/auton-varaosat\/2-0-tfsi-bpj-moottori-audi-a4-a5-vw-passat\/","og_site_name":"Autopartscenter24","og_image":[{"width":800,"height":600,"url":"https:\/\/autopartscenter24.com\/wp-content\/uploads\/2023\/03\/2-0-TFSI-BPJ-Moottori-Audi-VW-A4-Passat.webp","type":"image\/webp"}],"twitter_card":"summary_large_image","twitter_misc":{"Ber\u00e4knad l\u00e4stid":"1 minut"},"schema":{"@context":"https:\/\/schema.org","@graph":[{"@type":"WebPage","@id":"https:\/\/autopartscenter24.com\/auton-varaosat\/2-0-tfsi-bpj-moottori-audi-a4-a5-vw-passat\/","url":"https:\/\/autopartscenter24.com\/auton-varaosat\/2-0-tfsi-bpj-moottori-audi-a4-a5-vw-passat\/","name":"2.0 TFSI \"BPJ\" Motor [esim. Audi A4, A5, VW Passat]","isPartOf":{"@id":"https:\/\/autopartscenter24.com\/#website"},"primaryImageOfPage":{"@id":"https:\/\/autopartscenter24.com\/auton-varaosat\/2-0-tfsi-bpj-moottori-audi-a4-a5-vw-passat\/#primaryimage"},"image":{"@id":"https:\/\/autopartscenter24.com\/auton-varaosat\/2-0-tfsi-bpj-moottori-audi-a4-a5-vw-passat\/#primaryimage"},"thumbnailUrl":"https:\/\/autopartscenter24.com\/wp-content\/uploads\/2023\/03\/2-0-TFSI-BPJ-Moottori-Audi-VW-A4-Passat.webp","datePublished":"2023-11-26T20:22:25+00:00","description":"En av de motorer som vi ofta har tillg\u00e4ngliga. Skicka en f\u00f6rfr\u00e5gan och f\u00e5 en offert inom 24 timmar. Motorer, v\u00e4xell\u00e5dor och andra bildelar under garanti.","breadcrumb":{"@id":"https:\/\/autopartscenter24.com\/auton-varaosat\/2-0-tfsi-bpj-moottori-audi-a4-a5-vw-passat\/#breadcrumb"},"inLanguage":"sv-SE","potentialAction":[{"@type":"ReadAction","target":["https:\/\/autopartscenter24.com\/auton-varaosat\/2-0-tfsi-bpj-moottori-audi-a4-a5-vw-passat\/"]}]},{"@type":"ImageObject","inLanguage":"sv-SE","@id":"https:\/\/autopartscenter24.com\/auton-varaosat\/2-0-tfsi-bpj-moottori-audi-a4-a5-vw-passat\/#primaryimage","url":"https:\/\/autopartscenter24.com\/wp-content\/uploads\/2023\/03\/2-0-TFSI-BPJ-Moottori-Audi-VW-A4-Passat.webp","contentUrl":"https:\/\/autopartscenter24.com\/wp-content\/uploads\/2023\/03\/2-0-TFSI-BPJ-Moottori-Audi-VW-A4-Passat.webp","width":800,"height":600},{"@type":"BreadcrumbList","@id":"https:\/\/autopartscenter24.com\/auton-varaosat\/2-0-tfsi-bpj-moottori-audi-a4-a5-vw-passat\/#breadcrumb","itemListElement":[{"@type":"ListItem","position":1,"name":"Hem","item":"https:\/\/aliceblue-termite-662564.hostingersite.com\/"},{"@type":"ListItem","position":2,"name":"Auton varaosat","item":"https:\/\/aliceblue-termite-662564.hostingersite.com\/auton-varaosat\/"},{"@type":"ListItem","position":3,"name":"2.0 TFSI &#8221;BPJ&#8221; Motor [esim. Audi A4, A5, VW Passat]"}]},{"@type":"WebSite","@id":"https:\/\/autopartscenter24.com\/#website","url":"https:\/\/autopartscenter24.com\/","name":"Autopartscenter24","description":"K\u00c4YTETYT JA KUNNOSTETUT  AUTON VARAOSAT","potentialAction":[{"@type":"SearchAction","target":{"@type":"EntryPoint","urlTemplate":"https:\/\/autopartscenter24.com\/?s={search_term_string}"},"query-input":{"@type":"PropertyValueSpecification","valueRequired":true,"valueName":"search_term_string"}}],"inLanguage":"sv-SE"}]}},"_links":{"self":[{"href":"https:\/\/autopartscenter24.com\/sv\/wp-json\/wp\/v2\/product\/5541","targetHints":{"allow":["GET"]}}],"collection":[{"href":"https:\/\/autopartscenter24.com\/sv\/wp-json\/wp\/v2\/product"}],"about":[{"href":"https:\/\/autopartscenter24.com\/sv\/wp-json\/wp\/v2\/types\/product"}],"wp:featuredmedia":[{"embeddable":true,"href":"https:\/\/autopartscenter24.com\/sv\/wp-json\/wp\/v2\/media\/4375"}],"wp:attachment":[{"href":"https:\/\/autopartscenter24.com\/sv\/wp-json\/wp\/v2\/media?parent=5541"}],"wp:term":[{"taxonomy":"product_brand","embeddable":true,"href":"https:\/\/autopartscenter24.com\/sv\/wp-json\/wp\/v2\/product_brand?post=5541"},{"taxonomy":"product_cat","embeddable":true,"href":"https:\/\/autopartscenter24.com\/sv\/wp-json\/wp\/v2\/product_cat?post=5541"},{"taxonomy":"product_tag","embeddable":true,"href":"https:\/\/autopartscenter24.com\/sv\/wp-json\/wp\/v2\/product_tag?post=5541"}],"curies":[{"name":"wp","href":"https:\/\/api.w.org\/{rel}","templated":true}]}}