{"id":5540,"date":"2023-03-05T10:12:58","date_gmt":"2023-11-26T20:20:16","guid":{"rendered":"https:\/\/autopartscenter24.com\/product\/2-0-d-d4204t-motor-esim-volvo-v40-v50-v60\/"},"modified":"2023-11-26T21:20:17","modified_gmt":"2023-11-26T20:20:17","slug":"2-0-d-d4204t-motor-esim-volvo-v40-v50-v60","status":"publish","type":"product","link":"https:\/\/autopartscenter24.com\/sv\/auton-varaosat\/2-0-d-d4204t-motor-esim-volvo-v40-v50-v60\/","title":{"rendered":"2.0 D &#8221;D4204T&#8221; Motor [esim. Volvo V40, V50, V60]"},"content":{"rendered":"<p>Volvo 2.0 D (motorkod: D4204T) \u00e4r utvecklad och tillverkad vid Volvos egen motorfabrik i Sk\u00f6vde, Sverige. Denna motor \u00e4r en del av Volvos Drive-E-motorfamilj, designad f\u00f6r att leverera effektivitet, l\u00e5ga emissioner och tillf\u00f6rlitlighet.<\/p>\n<p>2,0 D-motorn har fyra cylindrar och \u00e4r utrustad med en m\u00e5ngsidig turbo, som garanterar bra vridmoment och acceleration i olika k\u00f6rsituationer. Motorn har \u00e4ven en kamkedja, vilket garanterar dess l\u00e5nga livsl\u00e4ngd. Motorns maximala effekt \u00e4r 190 hk och maximalt vridmoment \u00e4r 400 Nm.<\/p>\n<p>Volvo har anv\u00e4nt denna motor i sina olika bilmodeller runt om i v\u00e4rlden, som V40, S60, V60, XC60, S80, XC70 och V70. Motorn \u00e4r utrustad med AdBlue-systemet, som hj\u00e4lper till att minska kv\u00e4veoxidutsl\u00e4ppen och uppfyller Euro 6-emissionsnormerna.<\/p>\n<p>En viktig egenskap hos 2.0 D-motorn \u00e4r dess l\u00e5ga f\u00f6rbrukning och utsl\u00e4pp. Den \u00e4r utrustad med ett Start\/Stop-system som st\u00e4nger av motorn n\u00e4r bilen st\u00e5r stilla, till exempel vid trafikljus, och startar om den n\u00e4r f\u00f6raren trycker p\u00e5 gaspedalen. Detta hj\u00e4lper till att minska br\u00e4nslef\u00f6rbrukningen och CO2-utsl\u00e4ppen.<\/p>\n<p>2.0 D-motorn \u00e4r ocks\u00e5 v\u00e4ldigt tyst och k\u00e4nns v\u00e4ldigt smidig vid k\u00f6rning. Detta g\u00f6r den mycket trevlig att anv\u00e4nda f\u00f6r b\u00e5de f\u00f6raren och passagerarna.<\/p>\n<p>Volvo har varit n\u00f6jda med 2.0 D-motorns prestanda och effektivitet och den har kontinuerligt utvecklats och f\u00f6rb\u00e4ttrats med nya modeller. Motorn har visat sig vara mycket p\u00e5litlig och h\u00e5llbar, och det \u00e4r en av anledningarna till att Volvo \u00e4r en av de ledande biltillverkarna i v\u00e4rlden.<\/p>\n","protected":false},"excerpt":{"rendered":"<ul>\n<li>Volvo V40 (2012-2019)<\/li>\n<li>Volvo S60 (2011-2018)<\/li>\n<li>Volvo V60 (2011-2018)<\/li>\n<li>Volvo XC60 (2013-2017)<\/li>\n<li>Volvo V70 (2014-2016)<\/li>\n<li>Volvo S80 (2013-2016)<\/li>\n<li>Volvo XC70 (2014-2016)<\/li>\n<\/ul>\n","protected":false},"featured_media":4380,"template":"","meta":[],"product_brand":[],"product_cat":[528],"product_tag":[659,661,709,710,660,677,678],"class_list":{"0":"post-5540","1":"product","2":"type-product","3":"status-publish","4":"has-post-thumbnail","6":"product_cat-volvo-sv","7":"product_tag-s60-sv","8":"product_tag-s80-sv","9":"product_tag-v40-sv","10":"product_tag-v60-sv","11":"product_tag-v70-sv","12":"product_tag-xc60-sv","13":"product_tag-xc70-sv","14":"pa_varaosan-osasto-motor","17":"first","18":"instock","19":"shipping-taxable","20":"product-type-simple"},"yoast_head":"<!-- This site is optimized with the Yoast SEO plugin v26.8 - https:\/\/yoast.com\/product\/yoast-seo-wordpress\/ -->\n<title>2.0 D &quot;D4204T&quot; Motor [esim. Volvo V40, V50, V60]<\/title>\n<meta name=\"description\" content=\"En av de motorer som vi ofta har tillg\u00e4ngliga. Skicka en f\u00f6rfr\u00e5gan och f\u00e5 en offert inom 24 timmar. Motorer, v\u00e4xell\u00e5dor och andra bildelar under garanti.\" \/>\n<meta name=\"robots\" content=\"index, follow, max-snippet:-1, max-image-preview:large, max-video-preview:-1\" \/>\n<link rel=\"canonical\" href=\"https:\/\/autopartscenter24.com\/sv\/auton-varaosat\/2-0-d-d4204t-moottori-esim-volvo-v40-v50-v60\/\" \/>\n<meta property=\"og:locale\" content=\"sv_SE\" \/>\n<meta property=\"og:type\" content=\"article\" \/>\n<meta property=\"og:title\" content=\"2.0 D &quot;D4204T&quot; Motor [esim. Volvo V40, V50, V60]\" \/>\n<meta property=\"og:description\" content=\"En av de motorer som vi ofta har tillg\u00e4ngliga. Skicka en f\u00f6rfr\u00e5gan och f\u00e5 en offert inom 24 timmar. Motorer, v\u00e4xell\u00e5dor och andra bildelar under garanti.\" \/>\n<meta property=\"og:url\" content=\"https:\/\/autopartscenter24.com\/sv\/auton-varaosat\/2-0-d-d4204t-moottori-esim-volvo-v40-v50-v60\/\" \/>\n<meta property=\"og:site_name\" content=\"Autopartscenter24\" \/>\n<meta property=\"article:modified_time\" content=\"2023-11-26T20:20:17+00:00\" \/>\n<meta property=\"og:image\" content=\"https:\/\/autopartscenter24.com\/wp-content\/uploads\/2023\/03\/2-0-D-D4204T-moottori-volvo-v50-v40-s60.webp\" \/>\n\t<meta property=\"og:image:width\" content=\"800\" \/>\n\t<meta property=\"og:image:height\" content=\"600\" \/>\n\t<meta property=\"og:image:type\" content=\"image\/webp\" \/>\n<meta name=\"twitter:card\" content=\"summary_large_image\" \/>\n<meta name=\"twitter:label1\" content=\"Ber\u00e4knad l\u00e4stid\" \/>\n\t<meta name=\"twitter:data1\" content=\"1 minut\" \/>\n<script type=\"application\/ld+json\" class=\"yoast-schema-graph\">{\"@context\":\"https:\/\/schema.org\",\"@graph\":[{\"@type\":\"WebPage\",\"@id\":\"https:\/\/autopartscenter24.com\/auton-varaosat\/2-0-d-d4204t-moottori-esim-volvo-v40-v50-v60\/\",\"url\":\"https:\/\/autopartscenter24.com\/auton-varaosat\/2-0-d-d4204t-moottori-esim-volvo-v40-v50-v60\/\",\"name\":\"2.0 D \\\"D4204T\\\" Motor [esim. Volvo V40, V50, V60]\",\"isPartOf\":{\"@id\":\"https:\/\/autopartscenter24.com\/#website\"},\"primaryImageOfPage\":{\"@id\":\"https:\/\/autopartscenter24.com\/auton-varaosat\/2-0-d-d4204t-moottori-esim-volvo-v40-v50-v60\/#primaryimage\"},\"image\":{\"@id\":\"https:\/\/autopartscenter24.com\/auton-varaosat\/2-0-d-d4204t-moottori-esim-volvo-v40-v50-v60\/#primaryimage\"},\"thumbnailUrl\":\"https:\/\/autopartscenter24.com\/wp-content\/uploads\/2023\/03\/2-0-D-D4204T-moottori-volvo-v50-v40-s60.webp\",\"datePublished\":\"2023-11-26T20:20:16+00:00\",\"dateModified\":\"2023-11-26T20:20:17+00:00\",\"description\":\"En av de motorer som vi ofta har tillg\u00e4ngliga. Skicka en f\u00f6rfr\u00e5gan och f\u00e5 en offert inom 24 timmar. Motorer, v\u00e4xell\u00e5dor och andra bildelar under garanti.\",\"breadcrumb\":{\"@id\":\"https:\/\/autopartscenter24.com\/auton-varaosat\/2-0-d-d4204t-moottori-esim-volvo-v40-v50-v60\/#breadcrumb\"},\"inLanguage\":\"sv-SE\",\"potentialAction\":[{\"@type\":\"ReadAction\",\"target\":[\"https:\/\/autopartscenter24.com\/auton-varaosat\/2-0-d-d4204t-moottori-esim-volvo-v40-v50-v60\/\"]}]},{\"@type\":\"ImageObject\",\"inLanguage\":\"sv-SE\",\"@id\":\"https:\/\/autopartscenter24.com\/auton-varaosat\/2-0-d-d4204t-moottori-esim-volvo-v40-v50-v60\/#primaryimage\",\"url\":\"https:\/\/autopartscenter24.com\/wp-content\/uploads\/2023\/03\/2-0-D-D4204T-moottori-volvo-v50-v40-s60.webp\",\"contentUrl\":\"https:\/\/autopartscenter24.com\/wp-content\/uploads\/2023\/03\/2-0-D-D4204T-moottori-volvo-v50-v40-s60.webp\",\"width\":800,\"height\":600},{\"@type\":\"BreadcrumbList\",\"@id\":\"https:\/\/autopartscenter24.com\/auton-varaosat\/2-0-d-d4204t-moottori-esim-volvo-v40-v50-v60\/#breadcrumb\",\"itemListElement\":[{\"@type\":\"ListItem\",\"position\":1,\"name\":\"Hem\",\"item\":\"https:\/\/aliceblue-termite-662564.hostingersite.com\/\"},{\"@type\":\"ListItem\",\"position\":2,\"name\":\"Auton varaosat\",\"item\":\"https:\/\/aliceblue-termite-662564.hostingersite.com\/auton-varaosat\/\"},{\"@type\":\"ListItem\",\"position\":3,\"name\":\"2.0 D &#8221;D4204T&#8221; Motor [esim. Volvo V40, V50, V60]\"}]},{\"@type\":\"WebSite\",\"@id\":\"https:\/\/autopartscenter24.com\/#website\",\"url\":\"https:\/\/autopartscenter24.com\/\",\"name\":\"Autopartscenter24\",\"description\":\"K\u00c4YTETYT JA KUNNOSTETUT  AUTON VARAOSAT\",\"potentialAction\":[{\"@type\":\"SearchAction\",\"target\":{\"@type\":\"EntryPoint\",\"urlTemplate\":\"https:\/\/autopartscenter24.com\/?s={search_term_string}\"},\"query-input\":{\"@type\":\"PropertyValueSpecification\",\"valueRequired\":true,\"valueName\":\"search_term_string\"}}],\"inLanguage\":\"sv-SE\"}]}<\/script>\n<!-- \/ Yoast SEO plugin. -->","yoast_head_json":{"title":"2.0 D \"D4204T\" Motor [esim. Volvo V40, V50, V60]","description":"En av de motorer som vi ofta har tillg\u00e4ngliga. Skicka en f\u00f6rfr\u00e5gan och f\u00e5 en offert inom 24 timmar. Motorer, v\u00e4xell\u00e5dor och andra bildelar under garanti.","robots":{"index":"index","follow":"follow","max-snippet":"max-snippet:-1","max-image-preview":"max-image-preview:large","max-video-preview":"max-video-preview:-1"},"canonical":"https:\/\/autopartscenter24.com\/sv\/auton-varaosat\/2-0-d-d4204t-moottori-esim-volvo-v40-v50-v60\/","og_locale":"sv_SE","og_type":"article","og_title":"2.0 D \"D4204T\" Motor [esim. Volvo V40, V50, V60]","og_description":"En av de motorer som vi ofta har tillg\u00e4ngliga. Skicka en f\u00f6rfr\u00e5gan och f\u00e5 en offert inom 24 timmar. Motorer, v\u00e4xell\u00e5dor och andra bildelar under garanti.","og_url":"https:\/\/autopartscenter24.com\/sv\/auton-varaosat\/2-0-d-d4204t-moottori-esim-volvo-v40-v50-v60\/","og_site_name":"Autopartscenter24","article_modified_time":"2023-11-26T20:20:17+00:00","og_image":[{"width":800,"height":600,"url":"https:\/\/autopartscenter24.com\/wp-content\/uploads\/2023\/03\/2-0-D-D4204T-moottori-volvo-v50-v40-s60.webp","type":"image\/webp"}],"twitter_card":"summary_large_image","twitter_misc":{"Ber\u00e4knad l\u00e4stid":"1 minut"},"schema":{"@context":"https:\/\/schema.org","@graph":[{"@type":"WebPage","@id":"https:\/\/autopartscenter24.com\/auton-varaosat\/2-0-d-d4204t-moottori-esim-volvo-v40-v50-v60\/","url":"https:\/\/autopartscenter24.com\/auton-varaosat\/2-0-d-d4204t-moottori-esim-volvo-v40-v50-v60\/","name":"2.0 D \"D4204T\" Motor [esim. Volvo V40, V50, V60]","isPartOf":{"@id":"https:\/\/autopartscenter24.com\/#website"},"primaryImageOfPage":{"@id":"https:\/\/autopartscenter24.com\/auton-varaosat\/2-0-d-d4204t-moottori-esim-volvo-v40-v50-v60\/#primaryimage"},"image":{"@id":"https:\/\/autopartscenter24.com\/auton-varaosat\/2-0-d-d4204t-moottori-esim-volvo-v40-v50-v60\/#primaryimage"},"thumbnailUrl":"https:\/\/autopartscenter24.com\/wp-content\/uploads\/2023\/03\/2-0-D-D4204T-moottori-volvo-v50-v40-s60.webp","datePublished":"2023-11-26T20:20:16+00:00","dateModified":"2023-11-26T20:20:17+00:00","description":"En av de motorer som vi ofta har tillg\u00e4ngliga. Skicka en f\u00f6rfr\u00e5gan och f\u00e5 en offert inom 24 timmar. Motorer, v\u00e4xell\u00e5dor och andra bildelar under garanti.","breadcrumb":{"@id":"https:\/\/autopartscenter24.com\/auton-varaosat\/2-0-d-d4204t-moottori-esim-volvo-v40-v50-v60\/#breadcrumb"},"inLanguage":"sv-SE","potentialAction":[{"@type":"ReadAction","target":["https:\/\/autopartscenter24.com\/auton-varaosat\/2-0-d-d4204t-moottori-esim-volvo-v40-v50-v60\/"]}]},{"@type":"ImageObject","inLanguage":"sv-SE","@id":"https:\/\/autopartscenter24.com\/auton-varaosat\/2-0-d-d4204t-moottori-esim-volvo-v40-v50-v60\/#primaryimage","url":"https:\/\/autopartscenter24.com\/wp-content\/uploads\/2023\/03\/2-0-D-D4204T-moottori-volvo-v50-v40-s60.webp","contentUrl":"https:\/\/autopartscenter24.com\/wp-content\/uploads\/2023\/03\/2-0-D-D4204T-moottori-volvo-v50-v40-s60.webp","width":800,"height":600},{"@type":"BreadcrumbList","@id":"https:\/\/autopartscenter24.com\/auton-varaosat\/2-0-d-d4204t-moottori-esim-volvo-v40-v50-v60\/#breadcrumb","itemListElement":[{"@type":"ListItem","position":1,"name":"Hem","item":"https:\/\/aliceblue-termite-662564.hostingersite.com\/"},{"@type":"ListItem","position":2,"name":"Auton varaosat","item":"https:\/\/aliceblue-termite-662564.hostingersite.com\/auton-varaosat\/"},{"@type":"ListItem","position":3,"name":"2.0 D &#8221;D4204T&#8221; Motor [esim. Volvo V40, V50, V60]"}]},{"@type":"WebSite","@id":"https:\/\/autopartscenter24.com\/#website","url":"https:\/\/autopartscenter24.com\/","name":"Autopartscenter24","description":"K\u00c4YTETYT JA KUNNOSTETUT  AUTON VARAOSAT","potentialAction":[{"@type":"SearchAction","target":{"@type":"EntryPoint","urlTemplate":"https:\/\/autopartscenter24.com\/?s={search_term_string}"},"query-input":{"@type":"PropertyValueSpecification","valueRequired":true,"valueName":"search_term_string"}}],"inLanguage":"sv-SE"}]}},"_links":{"self":[{"href":"https:\/\/autopartscenter24.com\/sv\/wp-json\/wp\/v2\/product\/5540","targetHints":{"allow":["GET"]}}],"collection":[{"href":"https:\/\/autopartscenter24.com\/sv\/wp-json\/wp\/v2\/product"}],"about":[{"href":"https:\/\/autopartscenter24.com\/sv\/wp-json\/wp\/v2\/types\/product"}],"wp:featuredmedia":[{"embeddable":true,"href":"https:\/\/autopartscenter24.com\/sv\/wp-json\/wp\/v2\/media\/4380"}],"wp:attachment":[{"href":"https:\/\/autopartscenter24.com\/sv\/wp-json\/wp\/v2\/media?parent=5540"}],"wp:term":[{"taxonomy":"product_brand","embeddable":true,"href":"https:\/\/autopartscenter24.com\/sv\/wp-json\/wp\/v2\/product_brand?post=5540"},{"taxonomy":"product_cat","embeddable":true,"href":"https:\/\/autopartscenter24.com\/sv\/wp-json\/wp\/v2\/product_cat?post=5540"},{"taxonomy":"product_tag","embeddable":true,"href":"https:\/\/autopartscenter24.com\/sv\/wp-json\/wp\/v2\/product_tag?post=5540"}],"curies":[{"name":"wp","href":"https:\/\/api.w.org\/{rel}","templated":true}]}}