{"id":5539,"date":"2023-03-05T10:22:41","date_gmt":"2023-11-26T20:18:24","guid":{"rendered":"https:\/\/autopartscenter24.com\/product\/2-2-cdi-651-955-motor-esim-sprinter-vito-citan\/"},"modified":"2023-11-26T21:18:24","modified_gmt":"2023-11-26T20:18:24","slug":"2-2-cdi-651-955-motor-mercedes-benz-sprinter","status":"publish","type":"product","link":"https:\/\/autopartscenter24.com\/sv\/auton-varaosat\/2-2-cdi-651-955-motor-mercedes-benz-sprinter\/","title":{"rendered":"2.2 CDI &#8221;651.955&#8221; Motor [esim. Sprinter, Vito, Citan]"},"content":{"rendered":"<p>Enligt tillverkaren \u00e4r <strong>Mercedes-Benz Sprinter 2.2 CDI (motorkod: 651955<\/strong>) en effektiv och ekonomisk dieselmotor. I designen av motorn har s\u00e4rskild uppm\u00e4rksamhet \u00e4gnats \u00e5t br\u00e4nsleekonomi och l\u00e5ga utsl\u00e4pp. Motorn har ett m\u00e5ngsidigt Common Rail direktinsprutningssystem och tv\u00e5 laddtryck som garanterar h\u00f6g effekt och vridmoment.<\/p>\n<p>2,2-litersmotorn \u00e4r en fyrcylindrig och har 16 ventiler. Motoreffekten \u00e4r upp till 163 hk och vridmomentet 380 Nm. Motorn har ett brett varvtalsomr\u00e5de och reagerar snabbt p\u00e5 gasreglaget, vilket g\u00f6r den mycket flexibel.<\/p>\n<p>Mercedes-Benz Sprinter 2.2 CDI-motorn har anv\u00e4nts flitigt i flera olika fordonsmodeller, inklusive Mercedes-Benz egen Sprinter-serie. Dessutom har det varit ett popul\u00e4rt val i m\u00e5nga andra sk\u00e5pbilar och l\u00e4tta nyttofordon.<\/p>\n<p>Nedan \u00e4r en lista \u00f6ver n\u00e5gra bilm\u00e4rken och modeller d\u00e4r Sprinter 2.2 CDI-motorn har anv\u00e4nts:<\/p>\n<ul>\n<li>Mercedes-Benz Sprinter (fr\u00e5n 2013)<\/li>\n<li>Mercedes-Benz Vito (fr\u00e5n 2014)<\/li>\n<li>Mercedes-Benz Citan (fr\u00e5n 2013)<\/li>\n<\/ul>\n<p>Sprinter 2.2 CDI-motorn har varit ett popul\u00e4rt val f\u00f6r m\u00e5nga f\u00f6retag och privatpersoner som beh\u00f6ver ett p\u00e5litligt och ekonomiskt fordon. Motorn har visat sig vara h\u00e5llbar och l\u00e4ttsk\u00f6tt, vilket har \u00f6kat dess popularitet runt om i v\u00e4rlden.<\/p>\n","protected":false},"excerpt":{"rendered":"<ul>\n<li>Mercedes-Benz Sprinter (2009-2018)<\/li>\n<li>Mercedes-Benz Vito (2010-2014)<\/li>\n<li>Mercedes-Benz C-Class (2013-2014)<\/li>\n<li>Mercedes-Benz E-Class (2013-2014)<\/li>\n<li>Mercedes-Benz GLK-Class (2013-2015)<\/li>\n<li>Mercedes-Benz CLA-Class (2013-2014)<\/li>\n<\/ul>\n","protected":false},"featured_media":4385,"template":"","meta":[],"product_brand":[],"product_cat":[593],"product_tag":[765,763,764],"class_list":{"0":"post-5539","1":"product","2":"type-product","3":"status-publish","4":"has-post-thumbnail","6":"product_cat-mercedes-benz-sv","7":"product_tag-citan-sv","8":"product_tag-sprinter-sv","9":"product_tag-vito-sv","10":"pa_varaosan-osasto-motor","13":"first","14":"instock","15":"shipping-taxable","16":"product-type-simple"},"yoast_head":"<!-- This site is optimized with the Yoast SEO plugin v26.8 - https:\/\/yoast.com\/product\/yoast-seo-wordpress\/ -->\n<title>2.2 CDI &quot;651.955&quot; Motor [esim. Sprinter, Vito, Citan]<\/title>\n<meta name=\"description\" content=\"En av de motorer som vi ofta har tillg\u00e4ngliga. Skicka en f\u00f6rfr\u00e5gan och f\u00e5 en offert inom 24 timmar. Motorer, v\u00e4xell\u00e5dor och andra bildelar under garanti.\" \/>\n<meta name=\"robots\" content=\"index, follow, max-snippet:-1, max-image-preview:large, max-video-preview:-1\" \/>\n<link rel=\"canonical\" href=\"https:\/\/autopartscenter24.com\/sv\/auton-varaosat\/2-2-cdi-651-955-moottori-mercedes-benz-sprinter\/\" \/>\n<meta property=\"og:locale\" content=\"sv_SE\" \/>\n<meta property=\"og:type\" content=\"article\" \/>\n<meta property=\"og:title\" content=\"2.2 CDI &quot;651.955&quot; Motor [esim. Sprinter, Vito, Citan]\" \/>\n<meta property=\"og:description\" content=\"En av de motorer som vi ofta har tillg\u00e4ngliga. Skicka en f\u00f6rfr\u00e5gan och f\u00e5 en offert inom 24 timmar. Motorer, v\u00e4xell\u00e5dor och andra bildelar under garanti.\" \/>\n<meta property=\"og:url\" content=\"https:\/\/autopartscenter24.com\/sv\/auton-varaosat\/2-2-cdi-651-955-moottori-mercedes-benz-sprinter\/\" \/>\n<meta property=\"og:site_name\" content=\"Autopartscenter24\" \/>\n<meta property=\"og:image\" content=\"https:\/\/autopartscenter24.com\/wp-content\/uploads\/2023\/03\/2-2-CDI-651955-moottori-mercedes-sprinter.webp\" \/>\n\t<meta property=\"og:image:width\" content=\"800\" \/>\n\t<meta property=\"og:image:height\" content=\"600\" \/>\n\t<meta property=\"og:image:type\" content=\"image\/webp\" \/>\n<meta name=\"twitter:card\" content=\"summary_large_image\" \/>\n<meta name=\"twitter:label1\" content=\"Ber\u00e4knad l\u00e4stid\" \/>\n\t<meta name=\"twitter:data1\" content=\"1 minut\" \/>\n<script type=\"application\/ld+json\" class=\"yoast-schema-graph\">{\"@context\":\"https:\/\/schema.org\",\"@graph\":[{\"@type\":\"WebPage\",\"@id\":\"https:\/\/autopartscenter24.com\/auton-varaosat\/2-2-cdi-651-955-moottori-mercedes-benz-sprinter\/\",\"url\":\"https:\/\/autopartscenter24.com\/auton-varaosat\/2-2-cdi-651-955-moottori-mercedes-benz-sprinter\/\",\"name\":\"2.2 CDI \\\"651.955\\\" Motor [esim. Sprinter, Vito, Citan]\",\"isPartOf\":{\"@id\":\"https:\/\/autopartscenter24.com\/#website\"},\"primaryImageOfPage\":{\"@id\":\"https:\/\/autopartscenter24.com\/auton-varaosat\/2-2-cdi-651-955-moottori-mercedes-benz-sprinter\/#primaryimage\"},\"image\":{\"@id\":\"https:\/\/autopartscenter24.com\/auton-varaosat\/2-2-cdi-651-955-moottori-mercedes-benz-sprinter\/#primaryimage\"},\"thumbnailUrl\":\"https:\/\/autopartscenter24.com\/wp-content\/uploads\/2023\/03\/2-2-CDI-651955-moottori-mercedes-sprinter.webp\",\"datePublished\":\"2023-11-26T20:18:24+00:00\",\"description\":\"En av de motorer som vi ofta har tillg\u00e4ngliga. Skicka en f\u00f6rfr\u00e5gan och f\u00e5 en offert inom 24 timmar. Motorer, v\u00e4xell\u00e5dor och andra bildelar under garanti.\",\"breadcrumb\":{\"@id\":\"https:\/\/autopartscenter24.com\/auton-varaosat\/2-2-cdi-651-955-moottori-mercedes-benz-sprinter\/#breadcrumb\"},\"inLanguage\":\"sv-SE\",\"potentialAction\":[{\"@type\":\"ReadAction\",\"target\":[\"https:\/\/autopartscenter24.com\/auton-varaosat\/2-2-cdi-651-955-moottori-mercedes-benz-sprinter\/\"]}]},{\"@type\":\"ImageObject\",\"inLanguage\":\"sv-SE\",\"@id\":\"https:\/\/autopartscenter24.com\/auton-varaosat\/2-2-cdi-651-955-moottori-mercedes-benz-sprinter\/#primaryimage\",\"url\":\"https:\/\/autopartscenter24.com\/wp-content\/uploads\/2023\/03\/2-2-CDI-651955-moottori-mercedes-sprinter.webp\",\"contentUrl\":\"https:\/\/autopartscenter24.com\/wp-content\/uploads\/2023\/03\/2-2-CDI-651955-moottori-mercedes-sprinter.webp\",\"width\":800,\"height\":600},{\"@type\":\"BreadcrumbList\",\"@id\":\"https:\/\/autopartscenter24.com\/auton-varaosat\/2-2-cdi-651-955-moottori-mercedes-benz-sprinter\/#breadcrumb\",\"itemListElement\":[{\"@type\":\"ListItem\",\"position\":1,\"name\":\"Hem\",\"item\":\"https:\/\/aliceblue-termite-662564.hostingersite.com\/\"},{\"@type\":\"ListItem\",\"position\":2,\"name\":\"Auton varaosat\",\"item\":\"https:\/\/aliceblue-termite-662564.hostingersite.com\/auton-varaosat\/\"},{\"@type\":\"ListItem\",\"position\":3,\"name\":\"2.2 CDI &#8221;651.955&#8221; Motor [esim. Sprinter, Vito, Citan]\"}]},{\"@type\":\"WebSite\",\"@id\":\"https:\/\/autopartscenter24.com\/#website\",\"url\":\"https:\/\/autopartscenter24.com\/\",\"name\":\"Autopartscenter24\",\"description\":\"K\u00c4YTETYT JA KUNNOSTETUT  AUTON VARAOSAT\",\"potentialAction\":[{\"@type\":\"SearchAction\",\"target\":{\"@type\":\"EntryPoint\",\"urlTemplate\":\"https:\/\/autopartscenter24.com\/?s={search_term_string}\"},\"query-input\":{\"@type\":\"PropertyValueSpecification\",\"valueRequired\":true,\"valueName\":\"search_term_string\"}}],\"inLanguage\":\"sv-SE\"}]}<\/script>\n<!-- \/ Yoast SEO plugin. -->","yoast_head_json":{"title":"2.2 CDI \"651.955\" Motor [esim. Sprinter, Vito, Citan]","description":"En av de motorer som vi ofta har tillg\u00e4ngliga. Skicka en f\u00f6rfr\u00e5gan och f\u00e5 en offert inom 24 timmar. Motorer, v\u00e4xell\u00e5dor och andra bildelar under garanti.","robots":{"index":"index","follow":"follow","max-snippet":"max-snippet:-1","max-image-preview":"max-image-preview:large","max-video-preview":"max-video-preview:-1"},"canonical":"https:\/\/autopartscenter24.com\/sv\/auton-varaosat\/2-2-cdi-651-955-moottori-mercedes-benz-sprinter\/","og_locale":"sv_SE","og_type":"article","og_title":"2.2 CDI \"651.955\" Motor [esim. Sprinter, Vito, Citan]","og_description":"En av de motorer som vi ofta har tillg\u00e4ngliga. Skicka en f\u00f6rfr\u00e5gan och f\u00e5 en offert inom 24 timmar. Motorer, v\u00e4xell\u00e5dor och andra bildelar under garanti.","og_url":"https:\/\/autopartscenter24.com\/sv\/auton-varaosat\/2-2-cdi-651-955-moottori-mercedes-benz-sprinter\/","og_site_name":"Autopartscenter24","og_image":[{"width":800,"height":600,"url":"https:\/\/autopartscenter24.com\/wp-content\/uploads\/2023\/03\/2-2-CDI-651955-moottori-mercedes-sprinter.webp","type":"image\/webp"}],"twitter_card":"summary_large_image","twitter_misc":{"Ber\u00e4knad l\u00e4stid":"1 minut"},"schema":{"@context":"https:\/\/schema.org","@graph":[{"@type":"WebPage","@id":"https:\/\/autopartscenter24.com\/auton-varaosat\/2-2-cdi-651-955-moottori-mercedes-benz-sprinter\/","url":"https:\/\/autopartscenter24.com\/auton-varaosat\/2-2-cdi-651-955-moottori-mercedes-benz-sprinter\/","name":"2.2 CDI \"651.955\" Motor [esim. Sprinter, Vito, Citan]","isPartOf":{"@id":"https:\/\/autopartscenter24.com\/#website"},"primaryImageOfPage":{"@id":"https:\/\/autopartscenter24.com\/auton-varaosat\/2-2-cdi-651-955-moottori-mercedes-benz-sprinter\/#primaryimage"},"image":{"@id":"https:\/\/autopartscenter24.com\/auton-varaosat\/2-2-cdi-651-955-moottori-mercedes-benz-sprinter\/#primaryimage"},"thumbnailUrl":"https:\/\/autopartscenter24.com\/wp-content\/uploads\/2023\/03\/2-2-CDI-651955-moottori-mercedes-sprinter.webp","datePublished":"2023-11-26T20:18:24+00:00","description":"En av de motorer som vi ofta har tillg\u00e4ngliga. Skicka en f\u00f6rfr\u00e5gan och f\u00e5 en offert inom 24 timmar. Motorer, v\u00e4xell\u00e5dor och andra bildelar under garanti.","breadcrumb":{"@id":"https:\/\/autopartscenter24.com\/auton-varaosat\/2-2-cdi-651-955-moottori-mercedes-benz-sprinter\/#breadcrumb"},"inLanguage":"sv-SE","potentialAction":[{"@type":"ReadAction","target":["https:\/\/autopartscenter24.com\/auton-varaosat\/2-2-cdi-651-955-moottori-mercedes-benz-sprinter\/"]}]},{"@type":"ImageObject","inLanguage":"sv-SE","@id":"https:\/\/autopartscenter24.com\/auton-varaosat\/2-2-cdi-651-955-moottori-mercedes-benz-sprinter\/#primaryimage","url":"https:\/\/autopartscenter24.com\/wp-content\/uploads\/2023\/03\/2-2-CDI-651955-moottori-mercedes-sprinter.webp","contentUrl":"https:\/\/autopartscenter24.com\/wp-content\/uploads\/2023\/03\/2-2-CDI-651955-moottori-mercedes-sprinter.webp","width":800,"height":600},{"@type":"BreadcrumbList","@id":"https:\/\/autopartscenter24.com\/auton-varaosat\/2-2-cdi-651-955-moottori-mercedes-benz-sprinter\/#breadcrumb","itemListElement":[{"@type":"ListItem","position":1,"name":"Hem","item":"https:\/\/aliceblue-termite-662564.hostingersite.com\/"},{"@type":"ListItem","position":2,"name":"Auton varaosat","item":"https:\/\/aliceblue-termite-662564.hostingersite.com\/auton-varaosat\/"},{"@type":"ListItem","position":3,"name":"2.2 CDI &#8221;651.955&#8221; Motor [esim. Sprinter, Vito, Citan]"}]},{"@type":"WebSite","@id":"https:\/\/autopartscenter24.com\/#website","url":"https:\/\/autopartscenter24.com\/","name":"Autopartscenter24","description":"K\u00c4YTETYT JA KUNNOSTETUT  AUTON VARAOSAT","potentialAction":[{"@type":"SearchAction","target":{"@type":"EntryPoint","urlTemplate":"https:\/\/autopartscenter24.com\/?s={search_term_string}"},"query-input":{"@type":"PropertyValueSpecification","valueRequired":true,"valueName":"search_term_string"}}],"inLanguage":"sv-SE"}]}},"_links":{"self":[{"href":"https:\/\/autopartscenter24.com\/sv\/wp-json\/wp\/v2\/product\/5539","targetHints":{"allow":["GET"]}}],"collection":[{"href":"https:\/\/autopartscenter24.com\/sv\/wp-json\/wp\/v2\/product"}],"about":[{"href":"https:\/\/autopartscenter24.com\/sv\/wp-json\/wp\/v2\/types\/product"}],"wp:featuredmedia":[{"embeddable":true,"href":"https:\/\/autopartscenter24.com\/sv\/wp-json\/wp\/v2\/media\/4385"}],"wp:attachment":[{"href":"https:\/\/autopartscenter24.com\/sv\/wp-json\/wp\/v2\/media?parent=5539"}],"wp:term":[{"taxonomy":"product_brand","embeddable":true,"href":"https:\/\/autopartscenter24.com\/sv\/wp-json\/wp\/v2\/product_brand?post=5539"},{"taxonomy":"product_cat","embeddable":true,"href":"https:\/\/autopartscenter24.com\/sv\/wp-json\/wp\/v2\/product_cat?post=5539"},{"taxonomy":"product_tag","embeddable":true,"href":"https:\/\/autopartscenter24.com\/sv\/wp-json\/wp\/v2\/product_tag?post=5539"}],"curies":[{"name":"wp","href":"https:\/\/api.w.org\/{rel}","templated":true}]}}