{"id":5538,"date":"2023-03-05T10:30:01","date_gmt":"2023-11-26T20:16:10","guid":{"rendered":"https:\/\/autopartscenter24.com\/product\/2-7-tdi-v6-bpp-motor-esim-audi-a4-a6-a8-vw-touareg\/"},"modified":"2023-11-26T21:16:10","modified_gmt":"2023-11-26T20:16:10","slug":"2-7-tdi-v6-bpp-motor-esim-audi-a4-a6-a8-vw-touareg","status":"publish","type":"product","link":"https:\/\/autopartscenter24.com\/sv\/auton-varaosat\/2-7-tdi-v6-bpp-motor-esim-audi-a4-a6-a8-vw-touareg\/","title":{"rendered":"2.7 TDI V6 &#8221;BPP&#8221; Motor [esim. Audi A4, A6, A8, VW Touareg]"},"content":{"rendered":"<p><strong>2.7 TDI (motorkod: BPP) \u00e4r en V6-motor tillverkad av Volkswagen Group.<\/strong> Motorns design har s\u00e4rskilt fokuserat p\u00e5 effektivitet och vridmoment. BPP-motorn har m\u00e5nga innovativa tekniska l\u00f6sningar som m\u00f6jligg\u00f6r optimal prestanda och ekonomi.<\/p>\n<p>De grundl\u00e4ggande funktionerna hos motorn \u00e4r:<\/p>\n<ul>\n<li>Volym: 2,7 liter<\/li>\n<li>Antal cylindrar: 6<\/li>\n<li>Dess: 132 kW (180 hk) vid 3500 rpm<\/li>\n<li>Dess: 132 kW (180 hk) vid 3500 rpm<\/li>\n<li>Pakokaasup\u00e4\u00e4st\u00f6luokka: Euro 4<\/li>\n<li>Avgasutsl\u00e4ppsklass: Euro 4<\/li>\n<\/ul>\n<p>Audi och Volkswagen har anv\u00e4nt BPP-motorn mest i sina premiumklassmodeller. Moottori on osoittautunut eritt\u00e4in luotettavaksi ja kest\u00e4v\u00e4ksi, mik\u00e4 tekee siit\u00e4 houkuttelevan vaihtoehdon vaativille kuljettajille, jotka etsiv\u00e4t korkeaa suorituskyky\u00e4 ja taloudellisuutta.<\/p>\n<p>Motorn har visat sig vara mycket p\u00e5litlig och h\u00e5llbar, vilket g\u00f6r den till ett attraktivt alternativ f\u00f6r kr\u00e4vande f\u00f6rare som vill ha h\u00f6g prestanda och ekonomi. Esimerkiksi moottorin rakenteessa on k\u00e4ytetty kest\u00e4vi\u00e4 materiaaleja, kuten valurautaa ja alumiinia, mik\u00e4 v\u00e4hent\u00e4\u00e4 painoa ja parantaa kest\u00e4vyytt\u00e4. Till exempel har h\u00e5llbara material som gjutj\u00e4rn och aluminium anv\u00e4nts i motorstrukturen, vilket minskar vikten och f\u00f6rb\u00e4ttrar h\u00e5llbarheten.<\/p>\n<p>Dessutom har BPP-motorn ett m\u00e5ngsidigt styrsystem f\u00f6r turboladdaren som ger optimal prestanda och br\u00e4nsleekonomi. Denna funktion m\u00f6jligg\u00f6r snabb acceleration och bra omk\u00f6rningsprestanda, samtidigt som br\u00e4nslef\u00f6rbrukningen f\u00f6rblir rimlig.<\/p>\n<p>Sammanfattningsvis \u00e4r 2,7 TDI (BPP) en utm\u00e4rkt motor som kombinerar h\u00f6g prestanda och ekonomi. Dess innovativa tekniska l\u00f6sningar g\u00f6r det till ett attraktivt alternativ f\u00f6r kr\u00e4vande f\u00f6rare som letar efter<\/p>\n","protected":false},"excerpt":{"rendered":"<ul>\n<li>BPP-motorn har anv\u00e4nts i flera modeller fr\u00e5n olika biltillverkare. Nedan \u00e4r en lista \u00f6ver n\u00e5gra av dessa:\n<ul>\n<li>Audi A4 (2005-2008)<\/li>\n<li>Audi A6 (2005-2011)<\/li>\n<li>Audi A8 (2005-2010)<\/li>\n<li>Volkswagen Phaeton (2005-2010)<\/li>\n<li>Volkswagen Touareg (2006-2010)<\/li>\n<\/ul>\n<\/li>\n<\/ul>\n","protected":false},"featured_media":4390,"template":"","meta":[],"product_brand":[],"product_cat":[468,469],"product_tag":[689,691,696,762,718],"class_list":{"0":"post-5538","1":"product","2":"type-product","3":"status-publish","4":"has-post-thumbnail","6":"product_cat-audi-sv","7":"product_cat-vw-sv","8":"product_tag-a4-sv","9":"product_tag-a6-sv","10":"product_tag-a8-sv","11":"product_tag-q7-sv","12":"product_tag-touareg-sv","15":"first","16":"instock","17":"shipping-taxable","18":"product-type-simple"},"yoast_head":"<!-- This site is optimized with the Yoast SEO plugin v26.8 - https:\/\/yoast.com\/product\/yoast-seo-wordpress\/ -->\n<title>2.7 TDI V6 &quot;BPP&quot; Motor [esim. Audi A4, A6, A8, VW Touareg]<\/title>\n<meta name=\"description\" content=\"En av de motorer som vi ofta har tillg\u00e4ngliga. Skicka en f\u00f6rfr\u00e5gan och f\u00e5 en offert inom 24 timmar. Motorer, v\u00e4xell\u00e5dor och andra bildelar under garanti.\" \/>\n<meta name=\"robots\" content=\"index, follow, max-snippet:-1, max-image-preview:large, max-video-preview:-1\" \/>\n<link rel=\"canonical\" href=\"https:\/\/autopartscenter24.com\/sv\/auton-varaosat\/2-7-tdi-v6-bpp-moottori-esim-audi-a4-a6-a8-vw-touareg\/\" \/>\n<meta property=\"og:locale\" content=\"sv_SE\" \/>\n<meta property=\"og:type\" content=\"article\" \/>\n<meta property=\"og:title\" content=\"2.7 TDI V6 &quot;BPP&quot; Motor [esim. Audi A4, A6, A8, VW Touareg]\" \/>\n<meta property=\"og:description\" content=\"En av de motorer som vi ofta har tillg\u00e4ngliga. Skicka en f\u00f6rfr\u00e5gan och f\u00e5 en offert inom 24 timmar. Motorer, v\u00e4xell\u00e5dor och andra bildelar under garanti.\" \/>\n<meta property=\"og:url\" content=\"https:\/\/autopartscenter24.com\/sv\/auton-varaosat\/2-7-tdi-v6-bpp-moottori-esim-audi-a4-a6-a8-vw-touareg\/\" \/>\n<meta property=\"og:site_name\" content=\"Autopartscenter24\" \/>\n<meta property=\"og:image\" content=\"https:\/\/autopartscenter24.com\/wp-content\/uploads\/2023\/03\/2-7-TDI-V6-BPP-moottori-audi-a6-q7.webp\" \/>\n\t<meta property=\"og:image:width\" content=\"800\" \/>\n\t<meta property=\"og:image:height\" content=\"600\" \/>\n\t<meta property=\"og:image:type\" content=\"image\/webp\" \/>\n<meta name=\"twitter:card\" content=\"summary_large_image\" \/>\n<meta name=\"twitter:label1\" content=\"Ber\u00e4knad l\u00e4stid\" \/>\n\t<meta name=\"twitter:data1\" content=\"1 minut\" \/>\n<script type=\"application\/ld+json\" class=\"yoast-schema-graph\">{\"@context\":\"https:\/\/schema.org\",\"@graph\":[{\"@type\":\"WebPage\",\"@id\":\"https:\/\/autopartscenter24.com\/auton-varaosat\/2-7-tdi-v6-bpp-moottori-esim-audi-a4-a6-a8-vw-touareg\/\",\"url\":\"https:\/\/autopartscenter24.com\/auton-varaosat\/2-7-tdi-v6-bpp-moottori-esim-audi-a4-a6-a8-vw-touareg\/\",\"name\":\"2.7 TDI V6 \\\"BPP\\\" Motor [esim. Audi A4, A6, A8, VW Touareg]\",\"isPartOf\":{\"@id\":\"https:\/\/autopartscenter24.com\/#website\"},\"primaryImageOfPage\":{\"@id\":\"https:\/\/autopartscenter24.com\/auton-varaosat\/2-7-tdi-v6-bpp-moottori-esim-audi-a4-a6-a8-vw-touareg\/#primaryimage\"},\"image\":{\"@id\":\"https:\/\/autopartscenter24.com\/auton-varaosat\/2-7-tdi-v6-bpp-moottori-esim-audi-a4-a6-a8-vw-touareg\/#primaryimage\"},\"thumbnailUrl\":\"https:\/\/autopartscenter24.com\/wp-content\/uploads\/2023\/03\/2-7-TDI-V6-BPP-moottori-audi-a6-q7.webp\",\"datePublished\":\"2023-11-26T20:16:10+00:00\",\"description\":\"En av de motorer som vi ofta har tillg\u00e4ngliga. Skicka en f\u00f6rfr\u00e5gan och f\u00e5 en offert inom 24 timmar. Motorer, v\u00e4xell\u00e5dor och andra bildelar under garanti.\",\"breadcrumb\":{\"@id\":\"https:\/\/autopartscenter24.com\/auton-varaosat\/2-7-tdi-v6-bpp-moottori-esim-audi-a4-a6-a8-vw-touareg\/#breadcrumb\"},\"inLanguage\":\"sv-SE\",\"potentialAction\":[{\"@type\":\"ReadAction\",\"target\":[\"https:\/\/autopartscenter24.com\/auton-varaosat\/2-7-tdi-v6-bpp-moottori-esim-audi-a4-a6-a8-vw-touareg\/\"]}]},{\"@type\":\"ImageObject\",\"inLanguage\":\"sv-SE\",\"@id\":\"https:\/\/autopartscenter24.com\/auton-varaosat\/2-7-tdi-v6-bpp-moottori-esim-audi-a4-a6-a8-vw-touareg\/#primaryimage\",\"url\":\"https:\/\/autopartscenter24.com\/wp-content\/uploads\/2023\/03\/2-7-TDI-V6-BPP-moottori-audi-a6-q7.webp\",\"contentUrl\":\"https:\/\/autopartscenter24.com\/wp-content\/uploads\/2023\/03\/2-7-TDI-V6-BPP-moottori-audi-a6-q7.webp\",\"width\":800,\"height\":600},{\"@type\":\"BreadcrumbList\",\"@id\":\"https:\/\/autopartscenter24.com\/auton-varaosat\/2-7-tdi-v6-bpp-moottori-esim-audi-a4-a6-a8-vw-touareg\/#breadcrumb\",\"itemListElement\":[{\"@type\":\"ListItem\",\"position\":1,\"name\":\"Hem\",\"item\":\"https:\/\/aliceblue-termite-662564.hostingersite.com\/\"},{\"@type\":\"ListItem\",\"position\":2,\"name\":\"Auton varaosat\",\"item\":\"https:\/\/aliceblue-termite-662564.hostingersite.com\/auton-varaosat\/\"},{\"@type\":\"ListItem\",\"position\":3,\"name\":\"2.7 TDI V6 &#8221;BPP&#8221; Motor [esim. Audi A4, A6, A8, VW Touareg]\"}]},{\"@type\":\"WebSite\",\"@id\":\"https:\/\/autopartscenter24.com\/#website\",\"url\":\"https:\/\/autopartscenter24.com\/\",\"name\":\"Autopartscenter24\",\"description\":\"K\u00c4YTETYT JA KUNNOSTETUT  AUTON VARAOSAT\",\"potentialAction\":[{\"@type\":\"SearchAction\",\"target\":{\"@type\":\"EntryPoint\",\"urlTemplate\":\"https:\/\/autopartscenter24.com\/?s={search_term_string}\"},\"query-input\":{\"@type\":\"PropertyValueSpecification\",\"valueRequired\":true,\"valueName\":\"search_term_string\"}}],\"inLanguage\":\"sv-SE\"}]}<\/script>\n<!-- \/ Yoast SEO plugin. -->","yoast_head_json":{"title":"2.7 TDI V6 \"BPP\" Motor [esim. Audi A4, A6, A8, VW Touareg]","description":"En av de motorer som vi ofta har tillg\u00e4ngliga. Skicka en f\u00f6rfr\u00e5gan och f\u00e5 en offert inom 24 timmar. Motorer, v\u00e4xell\u00e5dor och andra bildelar under garanti.","robots":{"index":"index","follow":"follow","max-snippet":"max-snippet:-1","max-image-preview":"max-image-preview:large","max-video-preview":"max-video-preview:-1"},"canonical":"https:\/\/autopartscenter24.com\/sv\/auton-varaosat\/2-7-tdi-v6-bpp-moottori-esim-audi-a4-a6-a8-vw-touareg\/","og_locale":"sv_SE","og_type":"article","og_title":"2.7 TDI V6 \"BPP\" Motor [esim. Audi A4, A6, A8, VW Touareg]","og_description":"En av de motorer som vi ofta har tillg\u00e4ngliga. Skicka en f\u00f6rfr\u00e5gan och f\u00e5 en offert inom 24 timmar. Motorer, v\u00e4xell\u00e5dor och andra bildelar under garanti.","og_url":"https:\/\/autopartscenter24.com\/sv\/auton-varaosat\/2-7-tdi-v6-bpp-moottori-esim-audi-a4-a6-a8-vw-touareg\/","og_site_name":"Autopartscenter24","og_image":[{"width":800,"height":600,"url":"https:\/\/autopartscenter24.com\/wp-content\/uploads\/2023\/03\/2-7-TDI-V6-BPP-moottori-audi-a6-q7.webp","type":"image\/webp"}],"twitter_card":"summary_large_image","twitter_misc":{"Ber\u00e4knad l\u00e4stid":"1 minut"},"schema":{"@context":"https:\/\/schema.org","@graph":[{"@type":"WebPage","@id":"https:\/\/autopartscenter24.com\/auton-varaosat\/2-7-tdi-v6-bpp-moottori-esim-audi-a4-a6-a8-vw-touareg\/","url":"https:\/\/autopartscenter24.com\/auton-varaosat\/2-7-tdi-v6-bpp-moottori-esim-audi-a4-a6-a8-vw-touareg\/","name":"2.7 TDI V6 \"BPP\" Motor [esim. Audi A4, A6, A8, VW Touareg]","isPartOf":{"@id":"https:\/\/autopartscenter24.com\/#website"},"primaryImageOfPage":{"@id":"https:\/\/autopartscenter24.com\/auton-varaosat\/2-7-tdi-v6-bpp-moottori-esim-audi-a4-a6-a8-vw-touareg\/#primaryimage"},"image":{"@id":"https:\/\/autopartscenter24.com\/auton-varaosat\/2-7-tdi-v6-bpp-moottori-esim-audi-a4-a6-a8-vw-touareg\/#primaryimage"},"thumbnailUrl":"https:\/\/autopartscenter24.com\/wp-content\/uploads\/2023\/03\/2-7-TDI-V6-BPP-moottori-audi-a6-q7.webp","datePublished":"2023-11-26T20:16:10+00:00","description":"En av de motorer som vi ofta har tillg\u00e4ngliga. Skicka en f\u00f6rfr\u00e5gan och f\u00e5 en offert inom 24 timmar. Motorer, v\u00e4xell\u00e5dor och andra bildelar under garanti.","breadcrumb":{"@id":"https:\/\/autopartscenter24.com\/auton-varaosat\/2-7-tdi-v6-bpp-moottori-esim-audi-a4-a6-a8-vw-touareg\/#breadcrumb"},"inLanguage":"sv-SE","potentialAction":[{"@type":"ReadAction","target":["https:\/\/autopartscenter24.com\/auton-varaosat\/2-7-tdi-v6-bpp-moottori-esim-audi-a4-a6-a8-vw-touareg\/"]}]},{"@type":"ImageObject","inLanguage":"sv-SE","@id":"https:\/\/autopartscenter24.com\/auton-varaosat\/2-7-tdi-v6-bpp-moottori-esim-audi-a4-a6-a8-vw-touareg\/#primaryimage","url":"https:\/\/autopartscenter24.com\/wp-content\/uploads\/2023\/03\/2-7-TDI-V6-BPP-moottori-audi-a6-q7.webp","contentUrl":"https:\/\/autopartscenter24.com\/wp-content\/uploads\/2023\/03\/2-7-TDI-V6-BPP-moottori-audi-a6-q7.webp","width":800,"height":600},{"@type":"BreadcrumbList","@id":"https:\/\/autopartscenter24.com\/auton-varaosat\/2-7-tdi-v6-bpp-moottori-esim-audi-a4-a6-a8-vw-touareg\/#breadcrumb","itemListElement":[{"@type":"ListItem","position":1,"name":"Hem","item":"https:\/\/aliceblue-termite-662564.hostingersite.com\/"},{"@type":"ListItem","position":2,"name":"Auton varaosat","item":"https:\/\/aliceblue-termite-662564.hostingersite.com\/auton-varaosat\/"},{"@type":"ListItem","position":3,"name":"2.7 TDI V6 &#8221;BPP&#8221; Motor [esim. Audi A4, A6, A8, VW Touareg]"}]},{"@type":"WebSite","@id":"https:\/\/autopartscenter24.com\/#website","url":"https:\/\/autopartscenter24.com\/","name":"Autopartscenter24","description":"K\u00c4YTETYT JA KUNNOSTETUT  AUTON VARAOSAT","potentialAction":[{"@type":"SearchAction","target":{"@type":"EntryPoint","urlTemplate":"https:\/\/autopartscenter24.com\/?s={search_term_string}"},"query-input":{"@type":"PropertyValueSpecification","valueRequired":true,"valueName":"search_term_string"}}],"inLanguage":"sv-SE"}]}},"_links":{"self":[{"href":"https:\/\/autopartscenter24.com\/sv\/wp-json\/wp\/v2\/product\/5538","targetHints":{"allow":["GET"]}}],"collection":[{"href":"https:\/\/autopartscenter24.com\/sv\/wp-json\/wp\/v2\/product"}],"about":[{"href":"https:\/\/autopartscenter24.com\/sv\/wp-json\/wp\/v2\/types\/product"}],"wp:featuredmedia":[{"embeddable":true,"href":"https:\/\/autopartscenter24.com\/sv\/wp-json\/wp\/v2\/media\/4390"}],"wp:attachment":[{"href":"https:\/\/autopartscenter24.com\/sv\/wp-json\/wp\/v2\/media?parent=5538"}],"wp:term":[{"taxonomy":"product_brand","embeddable":true,"href":"https:\/\/autopartscenter24.com\/sv\/wp-json\/wp\/v2\/product_brand?post=5538"},{"taxonomy":"product_cat","embeddable":true,"href":"https:\/\/autopartscenter24.com\/sv\/wp-json\/wp\/v2\/product_cat?post=5538"},{"taxonomy":"product_tag","embeddable":true,"href":"https:\/\/autopartscenter24.com\/sv\/wp-json\/wp\/v2\/product_tag?post=5538"}],"curies":[{"name":"wp","href":"https:\/\/api.w.org\/{rel}","templated":true}]}}