{"id":5537,"date":"2023-03-05T11:00:53","date_gmt":"2023-11-26T20:14:05","guid":{"rendered":"https:\/\/autopartscenter24.com\/product\/1-4-d4d-1nd-tv-motor-esim-toyota-yaris\/"},"modified":"2023-11-26T21:14:05","modified_gmt":"2023-11-26T20:14:05","slug":"1-4-d4d-1nd-tv-motor-toyota-yaris","status":"publish","type":"product","link":"https:\/\/autopartscenter24.com\/sv\/auton-varaosat\/1-4-d4d-1nd-tv-motor-toyota-yaris\/","title":{"rendered":"1.4 D4D &#8221;1ND-TV&#8221; Motor [esim. Toyota Yaris]"},"content":{"rendered":"<p>Toyota \u00e4r en av v\u00e4rldens st\u00f6rsta biltillverkare och dess dieselmotorer \u00e4r mycket popul\u00e4ra runt om i v\u00e4rlden. En av de mest popul\u00e4ra motorerna \u00e4r 1,4 D4D (motorkod: 1ND-TV), som \u00e4r installerad i flera Toyota-modeller.<\/p>\n<p><strong>1.4 D4D<\/strong> \u00e4r en fyrcylindrig dieselmotor designad f\u00f6r att ge en effektiv och ekonomisk k\u00f6rupplevelse. Den ger 90 h\u00e4stkrafter och 205 Nm i vridmoment, vilket \u00e4r tillg\u00e4ngligt \u00e4ven vid l\u00e5ga varv. Detta g\u00f6r det till ett utm\u00e4rkt stadsfordon som \u00e4r l\u00e4tt att hantera och anv\u00e4nda.<\/p>\n<p>Motorn \u00e4r utrustad med en m\u00e5ngsidig turbo som \u00f6kar prestanda och br\u00e4nsleekonomi. Den \u00e4r ocks\u00e5 utrustad med ett h\u00f6gtrycks piezoinsprutningssystem som \u00f6kar effektiviteten och minskar utsl\u00e4ppen.<\/p>\n<p>Toyota Corolla \u00e4r en av bilarna som 1,4 D4D-motorn \u00e4r installerad p\u00e5. Det har varit ett popul\u00e4rt val bland konsumenterna och har gjort Corolla till ett mycket ekonomiskt och kapabelt fordon. Motorn \u00e4r \u00e4ven installerad i Toyota Auris, Avensis, RAV4 och Verso.<\/p>\n<p>Toyota Yaris \u00e4r en annan bil med en 1,4 D4D-motor. Motorn erbjuder en bra kombination av prestanda och br\u00e4nsleekonomi, vilket g\u00f6r Yaris till ett utm\u00e4rkt val f\u00f6r stadsk\u00f6rning.<\/p>\n<p>Toyota Urban Cruiser \u00e4r ocks\u00e5 en bil med en 1,4 D4D-motor. Det \u00e4r ett mycket praktiskt fordon designat f\u00f6r att erbjuda en bra kombination av prestanda och br\u00e4nsleekonomi.<\/p>\n<p>Dessutom har 1,4 D4D-motorn anv\u00e4nts i Toyota Avensis och Verso, vilket g\u00f6r dessa fordon popul\u00e4ra bland konsumenterna.<\/p>\n<p>Sammanfattningsvis \u00e4r Toyota 1.4 D4D (<strong>motorkod: 1ND-TV<\/strong>) en mycket popul\u00e4r dieselmotor designad f\u00f6r att erbjuda en bra kombination av prestanda och br\u00e4nsleekonomi. Motorn har anv\u00e4nts i flera Toyota-modeller, inklusive Corolla, Yaris, Auris, RAV4, Urban Cruiser och Verso.<\/p>\n","protected":false},"excerpt":{"rendered":"<ul>\n<li>Toyota Auris (2007-2012)<\/li>\n<li>Toyota Avensis (2006-2008)<\/li>\n<li>Toyota Corolla (2006-2010)<\/li>\n<li>Toyota Urban Cruiser (2009-2012)<\/li>\n<li>Toyota Verso S (2010-2013)<\/li>\n<\/ul>\n","protected":false},"featured_media":4395,"template":"","meta":[],"product_brand":[],"product_cat":[637],"product_tag":[699,706,761,748,700],"class_list":{"0":"post-5537","1":"product","2":"type-product","3":"status-publish","4":"has-post-thumbnail","6":"product_cat-toyota-sv","7":"product_tag-auris-sv","8":"product_tag-avensis-sv","9":"product_tag-urban-cruiser-sv","10":"product_tag-verso-sv","11":"product_tag-yaris-sv","12":"pa_varaosan-osasto-motor","15":"first","16":"instock","17":"shipping-taxable","18":"product-type-simple"},"yoast_head":"<!-- This site is optimized with the Yoast SEO plugin v26.8 - https:\/\/yoast.com\/product\/yoast-seo-wordpress\/ -->\n<title>1.4 D4D &quot;1ND-TV&quot; Motor [esim. Toyota Yaris]<\/title>\n<meta name=\"description\" content=\"En av de motorer som vi ofta har tillg\u00e4ngliga. Skicka en f\u00f6rfr\u00e5gan och f\u00e5 en offert inom 24 timmar. Motorer, v\u00e4xell\u00e5dor och andra bildelar under garanti.\" \/>\n<meta name=\"robots\" content=\"index, follow, max-snippet:-1, max-image-preview:large, max-video-preview:-1\" \/>\n<link rel=\"canonical\" href=\"https:\/\/autopartscenter24.com\/sv\/auton-varaosat\/1-4-d4d-1nd-tv-moottori-toyota-yaris\/\" \/>\n<meta property=\"og:locale\" content=\"sv_SE\" \/>\n<meta property=\"og:type\" content=\"article\" \/>\n<meta property=\"og:title\" content=\"1.4 D4D &quot;1ND-TV&quot; Motor [esim. Toyota Yaris]\" \/>\n<meta property=\"og:description\" content=\"En av de motorer som vi ofta har tillg\u00e4ngliga. Skicka en f\u00f6rfr\u00e5gan och f\u00e5 en offert inom 24 timmar. Motorer, v\u00e4xell\u00e5dor och andra bildelar under garanti.\" \/>\n<meta property=\"og:url\" content=\"https:\/\/autopartscenter24.com\/sv\/auton-varaosat\/1-4-d4d-1nd-tv-moottori-toyota-yaris\/\" \/>\n<meta property=\"og:site_name\" content=\"Autopartscenter24\" \/>\n<meta property=\"og:image\" content=\"https:\/\/autopartscenter24.com\/wp-content\/uploads\/2023\/03\/1-4-d4d-1ND-TV-moottori-toyota-yaris.webp\" \/>\n\t<meta property=\"og:image:width\" content=\"800\" \/>\n\t<meta property=\"og:image:height\" content=\"600\" \/>\n\t<meta property=\"og:image:type\" content=\"image\/webp\" \/>\n<meta name=\"twitter:card\" content=\"summary_large_image\" \/>\n<meta name=\"twitter:label1\" content=\"Ber\u00e4knad l\u00e4stid\" \/>\n\t<meta name=\"twitter:data1\" content=\"1 minut\" \/>\n<script type=\"application\/ld+json\" class=\"yoast-schema-graph\">{\"@context\":\"https:\/\/schema.org\",\"@graph\":[{\"@type\":\"WebPage\",\"@id\":\"https:\/\/autopartscenter24.com\/auton-varaosat\/1-4-d4d-1nd-tv-moottori-toyota-yaris\/\",\"url\":\"https:\/\/autopartscenter24.com\/auton-varaosat\/1-4-d4d-1nd-tv-moottori-toyota-yaris\/\",\"name\":\"1.4 D4D \\\"1ND-TV\\\" Motor [esim. Toyota Yaris]\",\"isPartOf\":{\"@id\":\"https:\/\/autopartscenter24.com\/#website\"},\"primaryImageOfPage\":{\"@id\":\"https:\/\/autopartscenter24.com\/auton-varaosat\/1-4-d4d-1nd-tv-moottori-toyota-yaris\/#primaryimage\"},\"image\":{\"@id\":\"https:\/\/autopartscenter24.com\/auton-varaosat\/1-4-d4d-1nd-tv-moottori-toyota-yaris\/#primaryimage\"},\"thumbnailUrl\":\"https:\/\/autopartscenter24.com\/wp-content\/uploads\/2023\/03\/1-4-d4d-1ND-TV-moottori-toyota-yaris.webp\",\"datePublished\":\"2023-11-26T20:14:05+00:00\",\"description\":\"En av de motorer som vi ofta har tillg\u00e4ngliga. Skicka en f\u00f6rfr\u00e5gan och f\u00e5 en offert inom 24 timmar. Motorer, v\u00e4xell\u00e5dor och andra bildelar under garanti.\",\"breadcrumb\":{\"@id\":\"https:\/\/autopartscenter24.com\/auton-varaosat\/1-4-d4d-1nd-tv-moottori-toyota-yaris\/#breadcrumb\"},\"inLanguage\":\"sv-SE\",\"potentialAction\":[{\"@type\":\"ReadAction\",\"target\":[\"https:\/\/autopartscenter24.com\/auton-varaosat\/1-4-d4d-1nd-tv-moottori-toyota-yaris\/\"]}]},{\"@type\":\"ImageObject\",\"inLanguage\":\"sv-SE\",\"@id\":\"https:\/\/autopartscenter24.com\/auton-varaosat\/1-4-d4d-1nd-tv-moottori-toyota-yaris\/#primaryimage\",\"url\":\"https:\/\/autopartscenter24.com\/wp-content\/uploads\/2023\/03\/1-4-d4d-1ND-TV-moottori-toyota-yaris.webp\",\"contentUrl\":\"https:\/\/autopartscenter24.com\/wp-content\/uploads\/2023\/03\/1-4-d4d-1ND-TV-moottori-toyota-yaris.webp\",\"width\":800,\"height\":600},{\"@type\":\"BreadcrumbList\",\"@id\":\"https:\/\/autopartscenter24.com\/auton-varaosat\/1-4-d4d-1nd-tv-moottori-toyota-yaris\/#breadcrumb\",\"itemListElement\":[{\"@type\":\"ListItem\",\"position\":1,\"name\":\"Hem\",\"item\":\"https:\/\/aliceblue-termite-662564.hostingersite.com\/\"},{\"@type\":\"ListItem\",\"position\":2,\"name\":\"Auton varaosat\",\"item\":\"https:\/\/aliceblue-termite-662564.hostingersite.com\/auton-varaosat\/\"},{\"@type\":\"ListItem\",\"position\":3,\"name\":\"1.4 D4D &#8221;1ND-TV&#8221; Motor [esim. Toyota Yaris]\"}]},{\"@type\":\"WebSite\",\"@id\":\"https:\/\/autopartscenter24.com\/#website\",\"url\":\"https:\/\/autopartscenter24.com\/\",\"name\":\"Autopartscenter24\",\"description\":\"K\u00c4YTETYT JA KUNNOSTETUT  AUTON VARAOSAT\",\"potentialAction\":[{\"@type\":\"SearchAction\",\"target\":{\"@type\":\"EntryPoint\",\"urlTemplate\":\"https:\/\/autopartscenter24.com\/?s={search_term_string}\"},\"query-input\":{\"@type\":\"PropertyValueSpecification\",\"valueRequired\":true,\"valueName\":\"search_term_string\"}}],\"inLanguage\":\"sv-SE\"}]}<\/script>\n<!-- \/ Yoast SEO plugin. -->","yoast_head_json":{"title":"1.4 D4D \"1ND-TV\" Motor [esim. Toyota Yaris]","description":"En av de motorer som vi ofta har tillg\u00e4ngliga. Skicka en f\u00f6rfr\u00e5gan och f\u00e5 en offert inom 24 timmar. Motorer, v\u00e4xell\u00e5dor och andra bildelar under garanti.","robots":{"index":"index","follow":"follow","max-snippet":"max-snippet:-1","max-image-preview":"max-image-preview:large","max-video-preview":"max-video-preview:-1"},"canonical":"https:\/\/autopartscenter24.com\/sv\/auton-varaosat\/1-4-d4d-1nd-tv-moottori-toyota-yaris\/","og_locale":"sv_SE","og_type":"article","og_title":"1.4 D4D \"1ND-TV\" Motor [esim. Toyota Yaris]","og_description":"En av de motorer som vi ofta har tillg\u00e4ngliga. Skicka en f\u00f6rfr\u00e5gan och f\u00e5 en offert inom 24 timmar. Motorer, v\u00e4xell\u00e5dor och andra bildelar under garanti.","og_url":"https:\/\/autopartscenter24.com\/sv\/auton-varaosat\/1-4-d4d-1nd-tv-moottori-toyota-yaris\/","og_site_name":"Autopartscenter24","og_image":[{"width":800,"height":600,"url":"https:\/\/autopartscenter24.com\/wp-content\/uploads\/2023\/03\/1-4-d4d-1ND-TV-moottori-toyota-yaris.webp","type":"image\/webp"}],"twitter_card":"summary_large_image","twitter_misc":{"Ber\u00e4knad l\u00e4stid":"1 minut"},"schema":{"@context":"https:\/\/schema.org","@graph":[{"@type":"WebPage","@id":"https:\/\/autopartscenter24.com\/auton-varaosat\/1-4-d4d-1nd-tv-moottori-toyota-yaris\/","url":"https:\/\/autopartscenter24.com\/auton-varaosat\/1-4-d4d-1nd-tv-moottori-toyota-yaris\/","name":"1.4 D4D \"1ND-TV\" Motor [esim. Toyota Yaris]","isPartOf":{"@id":"https:\/\/autopartscenter24.com\/#website"},"primaryImageOfPage":{"@id":"https:\/\/autopartscenter24.com\/auton-varaosat\/1-4-d4d-1nd-tv-moottori-toyota-yaris\/#primaryimage"},"image":{"@id":"https:\/\/autopartscenter24.com\/auton-varaosat\/1-4-d4d-1nd-tv-moottori-toyota-yaris\/#primaryimage"},"thumbnailUrl":"https:\/\/autopartscenter24.com\/wp-content\/uploads\/2023\/03\/1-4-d4d-1ND-TV-moottori-toyota-yaris.webp","datePublished":"2023-11-26T20:14:05+00:00","description":"En av de motorer som vi ofta har tillg\u00e4ngliga. Skicka en f\u00f6rfr\u00e5gan och f\u00e5 en offert inom 24 timmar. Motorer, v\u00e4xell\u00e5dor och andra bildelar under garanti.","breadcrumb":{"@id":"https:\/\/autopartscenter24.com\/auton-varaosat\/1-4-d4d-1nd-tv-moottori-toyota-yaris\/#breadcrumb"},"inLanguage":"sv-SE","potentialAction":[{"@type":"ReadAction","target":["https:\/\/autopartscenter24.com\/auton-varaosat\/1-4-d4d-1nd-tv-moottori-toyota-yaris\/"]}]},{"@type":"ImageObject","inLanguage":"sv-SE","@id":"https:\/\/autopartscenter24.com\/auton-varaosat\/1-4-d4d-1nd-tv-moottori-toyota-yaris\/#primaryimage","url":"https:\/\/autopartscenter24.com\/wp-content\/uploads\/2023\/03\/1-4-d4d-1ND-TV-moottori-toyota-yaris.webp","contentUrl":"https:\/\/autopartscenter24.com\/wp-content\/uploads\/2023\/03\/1-4-d4d-1ND-TV-moottori-toyota-yaris.webp","width":800,"height":600},{"@type":"BreadcrumbList","@id":"https:\/\/autopartscenter24.com\/auton-varaosat\/1-4-d4d-1nd-tv-moottori-toyota-yaris\/#breadcrumb","itemListElement":[{"@type":"ListItem","position":1,"name":"Hem","item":"https:\/\/aliceblue-termite-662564.hostingersite.com\/"},{"@type":"ListItem","position":2,"name":"Auton varaosat","item":"https:\/\/aliceblue-termite-662564.hostingersite.com\/auton-varaosat\/"},{"@type":"ListItem","position":3,"name":"1.4 D4D &#8221;1ND-TV&#8221; Motor [esim. Toyota Yaris]"}]},{"@type":"WebSite","@id":"https:\/\/autopartscenter24.com\/#website","url":"https:\/\/autopartscenter24.com\/","name":"Autopartscenter24","description":"K\u00c4YTETYT JA KUNNOSTETUT  AUTON VARAOSAT","potentialAction":[{"@type":"SearchAction","target":{"@type":"EntryPoint","urlTemplate":"https:\/\/autopartscenter24.com\/?s={search_term_string}"},"query-input":{"@type":"PropertyValueSpecification","valueRequired":true,"valueName":"search_term_string"}}],"inLanguage":"sv-SE"}]}},"_links":{"self":[{"href":"https:\/\/autopartscenter24.com\/sv\/wp-json\/wp\/v2\/product\/5537","targetHints":{"allow":["GET"]}}],"collection":[{"href":"https:\/\/autopartscenter24.com\/sv\/wp-json\/wp\/v2\/product"}],"about":[{"href":"https:\/\/autopartscenter24.com\/sv\/wp-json\/wp\/v2\/types\/product"}],"wp:featuredmedia":[{"embeddable":true,"href":"https:\/\/autopartscenter24.com\/sv\/wp-json\/wp\/v2\/media\/4395"}],"wp:attachment":[{"href":"https:\/\/autopartscenter24.com\/sv\/wp-json\/wp\/v2\/media?parent=5537"}],"wp:term":[{"taxonomy":"product_brand","embeddable":true,"href":"https:\/\/autopartscenter24.com\/sv\/wp-json\/wp\/v2\/product_brand?post=5537"},{"taxonomy":"product_cat","embeddable":true,"href":"https:\/\/autopartscenter24.com\/sv\/wp-json\/wp\/v2\/product_cat?post=5537"},{"taxonomy":"product_tag","embeddable":true,"href":"https:\/\/autopartscenter24.com\/sv\/wp-json\/wp\/v2\/product_tag?post=5537"}],"curies":[{"name":"wp","href":"https:\/\/api.w.org\/{rel}","templated":true}]}}