{"id":5536,"date":"2023-03-05T11:09:36","date_gmt":"2023-11-26T20:11:38","guid":{"rendered":"https:\/\/autopartscenter24.com\/product\/2-0-hdi-rh02-rhh-motor-esim-peugeot-5008-citroen-ds4\/"},"modified":"2023-11-26T21:11:38","modified_gmt":"2023-11-26T20:11:38","slug":"2-0-hdi-rh02-rhh-motor-peugeot-5008-citroen-ds4","status":"publish","type":"product","link":"https:\/\/autopartscenter24.com\/sv\/auton-varaosat\/2-0-hdi-rh02-rhh-motor-peugeot-5008-citroen-ds4\/","title":{"rendered":"2.0 HDI RH02 RHH Motor [esim. Peugeot 5008, Citroen DS4]"},"content":{"rendered":"<p><strong>2.0 HDI (motorkod: RHH) \u00e4r en dieselmotor utvecklad i samarbete mellan PSA Peugeot Citroen och Ford.<\/strong> Den tillh\u00f6r PSA:s DW-motorserie, som har anv\u00e4nts sedan 1998. RHH-motorn introducerades 2006 och anv\u00e4nds i m\u00e5nga bilar som tillh\u00f6r PSA-gruppen.<\/p>\n<p>Cylindervolymen f\u00f6r 2.0 HDI-motorn \u00e4r 1 997 cm\u00b3. Den har fyra cylindrar monterade i rad, och dess turboladdade version ger upp till 163 hk. Det maximala vridmomentet \u00e4r 340 Nm. RHH-motorn har en enkel \u00f6verliggande kamaxel DOHC-ventillina som anv\u00e4nder direkt br\u00e4nsleinsprutning. Detta system m\u00f6jligg\u00f6r effektiv anv\u00e4ndning av br\u00e4nsle och hj\u00e4lper till att minska partikelutsl\u00e4ppen.<\/p>\n<p>Motorn finns \u00e4ven i andra bilar tillverkade av PSA Peugeot Citroens partners. RHH-motorn anv\u00e4nds \u00e4ven i flera Fords bilmodeller, som Ford Focus och Mondeo.<\/p>\n<p>Underh\u00e5ll av 2.0 HDI-motorn \u00e4r i allm\u00e4nhet enkelt och billigt. Se tarvitsee s\u00e4\u00e4nn\u00f6llist\u00e4 huoltoa, kuten \u00f6ljynvaihtoja ja suodattimien vaihtoja, jotta sen suorituskyky s\u00e4ilyy optimaalisena. Den beh\u00f6ver regelbundet underh\u00e5ll, s\u00e5som oljebyten och filterbyten, f\u00f6r att h\u00e5lla dess prestanda optimalt.<\/p>\n","protected":false},"excerpt":{"rendered":"<p>2.0 HDI-motorn har anv\u00e4nts i m\u00e5nga bilar som tillh\u00f6r PSA-gruppen mellan 2006 och 2018. Den \u00e4r installerad p\u00e5 f\u00f6ljande bilmodeller:<\/p>\n<p>Citroen:<\/p>\n<ul>\n<li>C4<\/li>\n<li>C5<\/li>\n<li>C8<\/li>\n<li>DS4<\/li>\n<li>DS5<\/li>\n<li>Jumpy<\/li>\n<\/ul>\n<p>Peugeot:<\/p>\n<ul>\n<li>307<\/li>\n<li>308<\/li>\n<li>407<\/li>\n<li>508<\/li>\n<li>607<\/li>\n<li>807<\/li>\n<li>Expert<\/li>\n<\/ul>\n","protected":false},"featured_media":4400,"template":"","meta":[],"product_brand":[],"product_cat":[549,613],"product_tag":[755,733,735,737,756,736,753,734,757,754,759,760,758],"class_list":{"0":"post-5536","1":"product","2":"type-product","3":"status-publish","4":"has-post-thumbnail","6":"product_cat-citroen-sv","7":"product_cat-peugeot-sv","8":"product_tag-307-sv","9":"product_tag-308-sv","10":"product_tag-407-sv","11":"product_tag-508-sv","12":"product_tag-607-sv","13":"product_tag-807-sv","14":"product_tag-c4-sv","15":"product_tag-c5-sv","16":"product_tag-c8-sv","17":"product_tag-ds4-sv","18":"product_tag-ds5-sv","19":"product_tag-expert-sv","20":"product_tag-jumpy-sv","21":"pa_varaosan-osasto-motor","24":"first","25":"instock","26":"shipping-taxable","27":"product-type-simple"},"yoast_head":"<!-- This site is optimized with the Yoast SEO plugin v26.8 - https:\/\/yoast.com\/product\/yoast-seo-wordpress\/ -->\n<title>2.0 HDI RH02 RHH Motor [esim. Peugeot 5008, Citroen DS4]<\/title>\n<meta name=\"description\" content=\"En av de motorer som vi ofta har tillg\u00e4ngliga. Skicka en f\u00f6rfr\u00e5gan och f\u00e5 en offert inom 24 timmar. Motorer, v\u00e4xell\u00e5dor och andra bildelar under garanti.\" \/>\n<meta name=\"robots\" content=\"index, follow, max-snippet:-1, max-image-preview:large, max-video-preview:-1\" \/>\n<link rel=\"canonical\" href=\"https:\/\/autopartscenter24.com\/sv\/auton-varaosat\/2-0-hdi-rh02-rhh-moottori-peugeot-5008-citroen-ds4\/\" \/>\n<meta property=\"og:locale\" content=\"sv_SE\" \/>\n<meta property=\"og:type\" content=\"article\" \/>\n<meta property=\"og:title\" content=\"2.0 HDI RH02 RHH Motor [esim. Peugeot 5008, Citroen DS4]\" \/>\n<meta property=\"og:description\" content=\"En av de motorer som vi ofta har tillg\u00e4ngliga. Skicka en f\u00f6rfr\u00e5gan och f\u00e5 en offert inom 24 timmar. Motorer, v\u00e4xell\u00e5dor och andra bildelar under garanti.\" \/>\n<meta property=\"og:url\" content=\"https:\/\/autopartscenter24.com\/sv\/auton-varaosat\/2-0-hdi-rh02-rhh-moottori-peugeot-5008-citroen-ds4\/\" \/>\n<meta property=\"og:site_name\" content=\"Autopartscenter24\" \/>\n<meta property=\"og:image\" content=\"https:\/\/autopartscenter24.com\/wp-content\/uploads\/2023\/03\/2-0-hdi-rh02-rhh-moottori-peugeot-5008-citroen-ds4.webp\" \/>\n\t<meta property=\"og:image:width\" content=\"800\" \/>\n\t<meta property=\"og:image:height\" content=\"600\" \/>\n\t<meta property=\"og:image:type\" content=\"image\/webp\" \/>\n<meta name=\"twitter:card\" content=\"summary_large_image\" \/>\n<meta name=\"twitter:label1\" content=\"Ber\u00e4knad l\u00e4stid\" \/>\n\t<meta name=\"twitter:data1\" content=\"1 minut\" \/>\n<script type=\"application\/ld+json\" class=\"yoast-schema-graph\">{\"@context\":\"https:\/\/schema.org\",\"@graph\":[{\"@type\":\"WebPage\",\"@id\":\"https:\/\/autopartscenter24.com\/auton-varaosat\/2-0-hdi-rh02-rhh-moottori-peugeot-5008-citroen-ds4\/\",\"url\":\"https:\/\/autopartscenter24.com\/auton-varaosat\/2-0-hdi-rh02-rhh-moottori-peugeot-5008-citroen-ds4\/\",\"name\":\"2.0 HDI RH02 RHH Motor [esim. Peugeot 5008, Citroen DS4]\",\"isPartOf\":{\"@id\":\"https:\/\/autopartscenter24.com\/#website\"},\"primaryImageOfPage\":{\"@id\":\"https:\/\/autopartscenter24.com\/auton-varaosat\/2-0-hdi-rh02-rhh-moottori-peugeot-5008-citroen-ds4\/#primaryimage\"},\"image\":{\"@id\":\"https:\/\/autopartscenter24.com\/auton-varaosat\/2-0-hdi-rh02-rhh-moottori-peugeot-5008-citroen-ds4\/#primaryimage\"},\"thumbnailUrl\":\"https:\/\/autopartscenter24.com\/wp-content\/uploads\/2023\/03\/2-0-hdi-rh02-rhh-moottori-peugeot-5008-citroen-ds4.webp\",\"datePublished\":\"2023-11-26T20:11:38+00:00\",\"description\":\"En av de motorer som vi ofta har tillg\u00e4ngliga. Skicka en f\u00f6rfr\u00e5gan och f\u00e5 en offert inom 24 timmar. Motorer, v\u00e4xell\u00e5dor och andra bildelar under garanti.\",\"breadcrumb\":{\"@id\":\"https:\/\/autopartscenter24.com\/auton-varaosat\/2-0-hdi-rh02-rhh-moottori-peugeot-5008-citroen-ds4\/#breadcrumb\"},\"inLanguage\":\"sv-SE\",\"potentialAction\":[{\"@type\":\"ReadAction\",\"target\":[\"https:\/\/autopartscenter24.com\/auton-varaosat\/2-0-hdi-rh02-rhh-moottori-peugeot-5008-citroen-ds4\/\"]}]},{\"@type\":\"ImageObject\",\"inLanguage\":\"sv-SE\",\"@id\":\"https:\/\/autopartscenter24.com\/auton-varaosat\/2-0-hdi-rh02-rhh-moottori-peugeot-5008-citroen-ds4\/#primaryimage\",\"url\":\"https:\/\/autopartscenter24.com\/wp-content\/uploads\/2023\/03\/2-0-hdi-rh02-rhh-moottori-peugeot-5008-citroen-ds4.webp\",\"contentUrl\":\"https:\/\/autopartscenter24.com\/wp-content\/uploads\/2023\/03\/2-0-hdi-rh02-rhh-moottori-peugeot-5008-citroen-ds4.webp\",\"width\":800,\"height\":600},{\"@type\":\"BreadcrumbList\",\"@id\":\"https:\/\/autopartscenter24.com\/auton-varaosat\/2-0-hdi-rh02-rhh-moottori-peugeot-5008-citroen-ds4\/#breadcrumb\",\"itemListElement\":[{\"@type\":\"ListItem\",\"position\":1,\"name\":\"Hem\",\"item\":\"https:\/\/aliceblue-termite-662564.hostingersite.com\/\"},{\"@type\":\"ListItem\",\"position\":2,\"name\":\"Auton varaosat\",\"item\":\"https:\/\/aliceblue-termite-662564.hostingersite.com\/auton-varaosat\/\"},{\"@type\":\"ListItem\",\"position\":3,\"name\":\"2.0 HDI RH02 RHH Motor [esim. Peugeot 5008, Citroen DS4]\"}]},{\"@type\":\"WebSite\",\"@id\":\"https:\/\/autopartscenter24.com\/#website\",\"url\":\"https:\/\/autopartscenter24.com\/\",\"name\":\"Autopartscenter24\",\"description\":\"K\u00c4YTETYT JA KUNNOSTETUT  AUTON VARAOSAT\",\"potentialAction\":[{\"@type\":\"SearchAction\",\"target\":{\"@type\":\"EntryPoint\",\"urlTemplate\":\"https:\/\/autopartscenter24.com\/?s={search_term_string}\"},\"query-input\":{\"@type\":\"PropertyValueSpecification\",\"valueRequired\":true,\"valueName\":\"search_term_string\"}}],\"inLanguage\":\"sv-SE\"}]}<\/script>\n<!-- \/ Yoast SEO plugin. -->","yoast_head_json":{"title":"2.0 HDI RH02 RHH Motor [esim. Peugeot 5008, Citroen DS4]","description":"En av de motorer som vi ofta har tillg\u00e4ngliga. Skicka en f\u00f6rfr\u00e5gan och f\u00e5 en offert inom 24 timmar. Motorer, v\u00e4xell\u00e5dor och andra bildelar under garanti.","robots":{"index":"index","follow":"follow","max-snippet":"max-snippet:-1","max-image-preview":"max-image-preview:large","max-video-preview":"max-video-preview:-1"},"canonical":"https:\/\/autopartscenter24.com\/sv\/auton-varaosat\/2-0-hdi-rh02-rhh-moottori-peugeot-5008-citroen-ds4\/","og_locale":"sv_SE","og_type":"article","og_title":"2.0 HDI RH02 RHH Motor [esim. Peugeot 5008, Citroen DS4]","og_description":"En av de motorer som vi ofta har tillg\u00e4ngliga. Skicka en f\u00f6rfr\u00e5gan och f\u00e5 en offert inom 24 timmar. Motorer, v\u00e4xell\u00e5dor och andra bildelar under garanti.","og_url":"https:\/\/autopartscenter24.com\/sv\/auton-varaosat\/2-0-hdi-rh02-rhh-moottori-peugeot-5008-citroen-ds4\/","og_site_name":"Autopartscenter24","og_image":[{"width":800,"height":600,"url":"https:\/\/autopartscenter24.com\/wp-content\/uploads\/2023\/03\/2-0-hdi-rh02-rhh-moottori-peugeot-5008-citroen-ds4.webp","type":"image\/webp"}],"twitter_card":"summary_large_image","twitter_misc":{"Ber\u00e4knad l\u00e4stid":"1 minut"},"schema":{"@context":"https:\/\/schema.org","@graph":[{"@type":"WebPage","@id":"https:\/\/autopartscenter24.com\/auton-varaosat\/2-0-hdi-rh02-rhh-moottori-peugeot-5008-citroen-ds4\/","url":"https:\/\/autopartscenter24.com\/auton-varaosat\/2-0-hdi-rh02-rhh-moottori-peugeot-5008-citroen-ds4\/","name":"2.0 HDI RH02 RHH Motor [esim. Peugeot 5008, Citroen DS4]","isPartOf":{"@id":"https:\/\/autopartscenter24.com\/#website"},"primaryImageOfPage":{"@id":"https:\/\/autopartscenter24.com\/auton-varaosat\/2-0-hdi-rh02-rhh-moottori-peugeot-5008-citroen-ds4\/#primaryimage"},"image":{"@id":"https:\/\/autopartscenter24.com\/auton-varaosat\/2-0-hdi-rh02-rhh-moottori-peugeot-5008-citroen-ds4\/#primaryimage"},"thumbnailUrl":"https:\/\/autopartscenter24.com\/wp-content\/uploads\/2023\/03\/2-0-hdi-rh02-rhh-moottori-peugeot-5008-citroen-ds4.webp","datePublished":"2023-11-26T20:11:38+00:00","description":"En av de motorer som vi ofta har tillg\u00e4ngliga. Skicka en f\u00f6rfr\u00e5gan och f\u00e5 en offert inom 24 timmar. Motorer, v\u00e4xell\u00e5dor och andra bildelar under garanti.","breadcrumb":{"@id":"https:\/\/autopartscenter24.com\/auton-varaosat\/2-0-hdi-rh02-rhh-moottori-peugeot-5008-citroen-ds4\/#breadcrumb"},"inLanguage":"sv-SE","potentialAction":[{"@type":"ReadAction","target":["https:\/\/autopartscenter24.com\/auton-varaosat\/2-0-hdi-rh02-rhh-moottori-peugeot-5008-citroen-ds4\/"]}]},{"@type":"ImageObject","inLanguage":"sv-SE","@id":"https:\/\/autopartscenter24.com\/auton-varaosat\/2-0-hdi-rh02-rhh-moottori-peugeot-5008-citroen-ds4\/#primaryimage","url":"https:\/\/autopartscenter24.com\/wp-content\/uploads\/2023\/03\/2-0-hdi-rh02-rhh-moottori-peugeot-5008-citroen-ds4.webp","contentUrl":"https:\/\/autopartscenter24.com\/wp-content\/uploads\/2023\/03\/2-0-hdi-rh02-rhh-moottori-peugeot-5008-citroen-ds4.webp","width":800,"height":600},{"@type":"BreadcrumbList","@id":"https:\/\/autopartscenter24.com\/auton-varaosat\/2-0-hdi-rh02-rhh-moottori-peugeot-5008-citroen-ds4\/#breadcrumb","itemListElement":[{"@type":"ListItem","position":1,"name":"Hem","item":"https:\/\/aliceblue-termite-662564.hostingersite.com\/"},{"@type":"ListItem","position":2,"name":"Auton varaosat","item":"https:\/\/aliceblue-termite-662564.hostingersite.com\/auton-varaosat\/"},{"@type":"ListItem","position":3,"name":"2.0 HDI RH02 RHH Motor [esim. Peugeot 5008, Citroen DS4]"}]},{"@type":"WebSite","@id":"https:\/\/autopartscenter24.com\/#website","url":"https:\/\/autopartscenter24.com\/","name":"Autopartscenter24","description":"K\u00c4YTETYT JA KUNNOSTETUT  AUTON VARAOSAT","potentialAction":[{"@type":"SearchAction","target":{"@type":"EntryPoint","urlTemplate":"https:\/\/autopartscenter24.com\/?s={search_term_string}"},"query-input":{"@type":"PropertyValueSpecification","valueRequired":true,"valueName":"search_term_string"}}],"inLanguage":"sv-SE"}]}},"_links":{"self":[{"href":"https:\/\/autopartscenter24.com\/sv\/wp-json\/wp\/v2\/product\/5536","targetHints":{"allow":["GET"]}}],"collection":[{"href":"https:\/\/autopartscenter24.com\/sv\/wp-json\/wp\/v2\/product"}],"about":[{"href":"https:\/\/autopartscenter24.com\/sv\/wp-json\/wp\/v2\/types\/product"}],"wp:featuredmedia":[{"embeddable":true,"href":"https:\/\/autopartscenter24.com\/sv\/wp-json\/wp\/v2\/media\/4400"}],"wp:attachment":[{"href":"https:\/\/autopartscenter24.com\/sv\/wp-json\/wp\/v2\/media?parent=5536"}],"wp:term":[{"taxonomy":"product_brand","embeddable":true,"href":"https:\/\/autopartscenter24.com\/sv\/wp-json\/wp\/v2\/product_brand?post=5536"},{"taxonomy":"product_cat","embeddable":true,"href":"https:\/\/autopartscenter24.com\/sv\/wp-json\/wp\/v2\/product_cat?post=5536"},{"taxonomy":"product_tag","embeddable":true,"href":"https:\/\/autopartscenter24.com\/sv\/wp-json\/wp\/v2\/product_tag?post=5536"}],"curies":[{"name":"wp","href":"https:\/\/api.w.org\/{rel}","templated":true}]}}