{"id":5535,"date":"2023-03-05T11:18:21","date_gmt":"2023-11-26T20:11:37","guid":{"rendered":"https:\/\/autopartscenter24.com\/product\/1-4-tdi-bms-motor-esim-polo-fabia-ibiza-a2\/"},"modified":"2023-11-26T21:11:37","modified_gmt":"2023-11-26T20:11:37","slug":"1-4-tdi-bms-motor-vw-polo-golf-touran","status":"publish","type":"product","link":"https:\/\/autopartscenter24.com\/sv\/auton-varaosat\/1-4-tdi-bms-motor-vw-polo-golf-touran\/","title":{"rendered":"1.4 TDI &#8221;BMS&#8221; Motor [esim. Polo, Fabia, Ibiza, A2]"},"content":{"rendered":"<p><strong>Volkswagens 1,4 TDI-motor<\/strong> (motorkod BMS) \u00e4r en fyrcylindrig dieselmotor som f\u00f6rst tillverkades 2005. Den ing\u00e5r i Volkswagens TDI-motorprogram, k\u00e4nd f\u00f6r sin h\u00f6ga effektivitet och ekonomi.<\/p>\n<p>1,4 TDI-motorn \u00e4r utrustad med ett direktinsprutningssystem, vilket m\u00f6jligg\u00f6r optimal br\u00e4nsleeffektivitet och l\u00e5ga utsl\u00e4pp. Den anv\u00e4nder vanlig tryckinsprutning, vilket g\u00f6r att h\u00f6gt br\u00e4nsletryck kan sprutas in direkt i cylindern. Detta f\u00f6rb\u00e4ttrar den effektiva anv\u00e4ndningen av br\u00e4nsle och minskar br\u00e4nslef\u00f6rbrukningen.<\/p>\n<p>Motorn har en effekt p\u00e5 70 kW (95 hk) och ett vridmoment p\u00e5 230 Nm, som \u00e4r tillg\u00e4ngligt mellan 1500 och 2500 rpm. Den \u00e4r utrustad med en turboladdare som \u00f6kar motoreffekten och vridmomentet. Motorn \u00e4r \u00e4ven utrustad med ett partikelfilter som tar bort skadliga utsl\u00e4pp och hj\u00e4lper till att minska milj\u00f6p\u00e5verkan.<\/p>\n<p>Volkswagens 1,4 TDI-motor har anv\u00e4nts i en rad olika bilmodeller, bland annat Volkswagen Golf, Polo, Beetle, Jetta och Passat, samt Skoda Fabia och Octavia. Den har installerats p\u00e5 olika \u00e5rsmodeller som 2005-2010 Volkswagen Golf V, 2005-2010 Volkswagen Jetta V, 2007-2010 Volkswagen Touran, 2006-2010 Volkswagen Passat B6, 2008-2013 Volkswagen Scirocco, 2009-2013 Volkswagen Golf VI och 2013 Volkswagen Golf VI. 2011-2015 Volkswagen Polo.<\/p>\n<p>Volkswagens 1,4 TDI-motor har visat sig vara en p\u00e5litlig och ekonomisk motor som erbjuder bra prestanda och br\u00e4nsleeffektivitet. Det \u00e4r fortfarande ett popul\u00e4rt alternativ i m\u00e5nga Volkswagen- och Skoda-modeller och har ett starkt rykte f\u00f6r effektivitet och tillf\u00f6rlitlighet.<\/p>\n","protected":false},"excerpt":{"rendered":"<ul>\n<li>Volkswagen Polo (2005-2009)<\/li>\n<li>Skoda Fabia (2007-2010)<\/li>\n<li>Seat Ibiza (2006-2010)<\/li>\n<li>Audi A2 (2001-2005)<\/li>\n<\/ul>\n","protected":false},"featured_media":4405,"template":"","meta":[],"product_brand":[],"product_cat":[468,471,470,469],"product_tag":[752,730,702,666],"class_list":{"0":"post-5535","1":"product","2":"type-product","3":"status-publish","4":"has-post-thumbnail","6":"product_cat-audi-sv","7":"product_cat-seat-sv","8":"product_cat-skoda-sv","9":"product_cat-vw-sv","10":"product_tag-a2-sv","11":"product_tag-fabia-sv","12":"product_tag-ibiza-sv","13":"product_tag-polo-sv","14":"pa_varaosan-osasto-motor","17":"first","18":"instock","19":"shipping-taxable","20":"product-type-simple"},"yoast_head":"<!-- This site is optimized with the Yoast SEO plugin v26.8 - https:\/\/yoast.com\/product\/yoast-seo-wordpress\/ -->\n<title>1.4 TDI &quot;BMS&quot; Motor [esim. Polo, Fabia, Ibiza, A2] - Autopartscenter24<\/title>\n<meta name=\"description\" content=\"En av de motorer som vi ofta har tillg\u00e4ngliga. Skicka en f\u00f6rfr\u00e5gan och f\u00e5 en offert inom 24 timmar. Motorer, v\u00e4xell\u00e5dor och andra bildelar under garanti.\" \/>\n<meta name=\"robots\" content=\"index, follow, max-snippet:-1, max-image-preview:large, max-video-preview:-1\" \/>\n<link rel=\"canonical\" href=\"https:\/\/autopartscenter24.com\/sv\/auton-varaosat\/1-4-tdi-bms-moottori-vw-polo-golf-touran\/\" \/>\n<meta property=\"og:locale\" content=\"sv_SE\" \/>\n<meta property=\"og:type\" content=\"article\" \/>\n<meta property=\"og:title\" content=\"1.4 TDI &quot;BMS&quot; Motor [esim. Polo, Fabia, Ibiza, A2] - Autopartscenter24\" \/>\n<meta property=\"og:description\" content=\"En av de motorer som vi ofta har tillg\u00e4ngliga. Skicka en f\u00f6rfr\u00e5gan och f\u00e5 en offert inom 24 timmar. Motorer, v\u00e4xell\u00e5dor och andra bildelar under garanti.\" \/>\n<meta property=\"og:url\" content=\"https:\/\/autopartscenter24.com\/sv\/auton-varaosat\/1-4-tdi-bms-moottori-vw-polo-golf-touran\/\" \/>\n<meta property=\"og:site_name\" content=\"Autopartscenter24\" \/>\n<meta property=\"og:image\" content=\"https:\/\/autopartscenter24.com\/wp-content\/uploads\/2023\/03\/1-4-TDI-BMS-moottori-polo-fabia-a2-ibiza.webp\" \/>\n\t<meta property=\"og:image:width\" content=\"800\" \/>\n\t<meta property=\"og:image:height\" content=\"600\" \/>\n\t<meta property=\"og:image:type\" content=\"image\/webp\" \/>\n<meta name=\"twitter:card\" content=\"summary_large_image\" \/>\n<meta name=\"twitter:label1\" content=\"Ber\u00e4knad l\u00e4stid\" \/>\n\t<meta name=\"twitter:data1\" content=\"1 minut\" \/>\n<script type=\"application\/ld+json\" class=\"yoast-schema-graph\">{\"@context\":\"https:\/\/schema.org\",\"@graph\":[{\"@type\":\"WebPage\",\"@id\":\"https:\/\/autopartscenter24.com\/auton-varaosat\/1-4-tdi-bms-moottori-vw-polo-golf-touran\/\",\"url\":\"https:\/\/autopartscenter24.com\/auton-varaosat\/1-4-tdi-bms-moottori-vw-polo-golf-touran\/\",\"name\":\"1.4 TDI \\\"BMS\\\" Motor [esim. Polo, Fabia, Ibiza, A2] - Autopartscenter24\",\"isPartOf\":{\"@id\":\"https:\/\/autopartscenter24.com\/#website\"},\"primaryImageOfPage\":{\"@id\":\"https:\/\/autopartscenter24.com\/auton-varaosat\/1-4-tdi-bms-moottori-vw-polo-golf-touran\/#primaryimage\"},\"image\":{\"@id\":\"https:\/\/autopartscenter24.com\/auton-varaosat\/1-4-tdi-bms-moottori-vw-polo-golf-touran\/#primaryimage\"},\"thumbnailUrl\":\"https:\/\/autopartscenter24.com\/wp-content\/uploads\/2023\/03\/1-4-TDI-BMS-moottori-polo-fabia-a2-ibiza.webp\",\"datePublished\":\"2023-11-26T20:11:37+00:00\",\"description\":\"En av de motorer som vi ofta har tillg\u00e4ngliga. Skicka en f\u00f6rfr\u00e5gan och f\u00e5 en offert inom 24 timmar. Motorer, v\u00e4xell\u00e5dor och andra bildelar under garanti.\",\"breadcrumb\":{\"@id\":\"https:\/\/autopartscenter24.com\/auton-varaosat\/1-4-tdi-bms-moottori-vw-polo-golf-touran\/#breadcrumb\"},\"inLanguage\":\"sv-SE\",\"potentialAction\":[{\"@type\":\"ReadAction\",\"target\":[\"https:\/\/autopartscenter24.com\/auton-varaosat\/1-4-tdi-bms-moottori-vw-polo-golf-touran\/\"]}]},{\"@type\":\"ImageObject\",\"inLanguage\":\"sv-SE\",\"@id\":\"https:\/\/autopartscenter24.com\/auton-varaosat\/1-4-tdi-bms-moottori-vw-polo-golf-touran\/#primaryimage\",\"url\":\"https:\/\/autopartscenter24.com\/wp-content\/uploads\/2023\/03\/1-4-TDI-BMS-moottori-polo-fabia-a2-ibiza.webp\",\"contentUrl\":\"https:\/\/autopartscenter24.com\/wp-content\/uploads\/2023\/03\/1-4-TDI-BMS-moottori-polo-fabia-a2-ibiza.webp\",\"width\":800,\"height\":600},{\"@type\":\"BreadcrumbList\",\"@id\":\"https:\/\/autopartscenter24.com\/auton-varaosat\/1-4-tdi-bms-moottori-vw-polo-golf-touran\/#breadcrumb\",\"itemListElement\":[{\"@type\":\"ListItem\",\"position\":1,\"name\":\"Hem\",\"item\":\"https:\/\/aliceblue-termite-662564.hostingersite.com\/\"},{\"@type\":\"ListItem\",\"position\":2,\"name\":\"Auton varaosat\",\"item\":\"https:\/\/aliceblue-termite-662564.hostingersite.com\/auton-varaosat\/\"},{\"@type\":\"ListItem\",\"position\":3,\"name\":\"1.4 TDI &#8221;BMS&#8221; Motor [esim. Polo, Fabia, Ibiza, A2]\"}]},{\"@type\":\"WebSite\",\"@id\":\"https:\/\/autopartscenter24.com\/#website\",\"url\":\"https:\/\/autopartscenter24.com\/\",\"name\":\"Autopartscenter24\",\"description\":\"K\u00c4YTETYT JA KUNNOSTETUT  AUTON VARAOSAT\",\"potentialAction\":[{\"@type\":\"SearchAction\",\"target\":{\"@type\":\"EntryPoint\",\"urlTemplate\":\"https:\/\/autopartscenter24.com\/?s={search_term_string}\"},\"query-input\":{\"@type\":\"PropertyValueSpecification\",\"valueRequired\":true,\"valueName\":\"search_term_string\"}}],\"inLanguage\":\"sv-SE\"}]}<\/script>\n<!-- \/ Yoast SEO plugin. -->","yoast_head_json":{"title":"1.4 TDI \"BMS\" Motor [esim. Polo, Fabia, Ibiza, A2] - Autopartscenter24","description":"En av de motorer som vi ofta har tillg\u00e4ngliga. Skicka en f\u00f6rfr\u00e5gan och f\u00e5 en offert inom 24 timmar. Motorer, v\u00e4xell\u00e5dor och andra bildelar under garanti.","robots":{"index":"index","follow":"follow","max-snippet":"max-snippet:-1","max-image-preview":"max-image-preview:large","max-video-preview":"max-video-preview:-1"},"canonical":"https:\/\/autopartscenter24.com\/sv\/auton-varaosat\/1-4-tdi-bms-moottori-vw-polo-golf-touran\/","og_locale":"sv_SE","og_type":"article","og_title":"1.4 TDI \"BMS\" Motor [esim. Polo, Fabia, Ibiza, A2] - Autopartscenter24","og_description":"En av de motorer som vi ofta har tillg\u00e4ngliga. Skicka en f\u00f6rfr\u00e5gan och f\u00e5 en offert inom 24 timmar. Motorer, v\u00e4xell\u00e5dor och andra bildelar under garanti.","og_url":"https:\/\/autopartscenter24.com\/sv\/auton-varaosat\/1-4-tdi-bms-moottori-vw-polo-golf-touran\/","og_site_name":"Autopartscenter24","og_image":[{"width":800,"height":600,"url":"https:\/\/autopartscenter24.com\/wp-content\/uploads\/2023\/03\/1-4-TDI-BMS-moottori-polo-fabia-a2-ibiza.webp","type":"image\/webp"}],"twitter_card":"summary_large_image","twitter_misc":{"Ber\u00e4knad l\u00e4stid":"1 minut"},"schema":{"@context":"https:\/\/schema.org","@graph":[{"@type":"WebPage","@id":"https:\/\/autopartscenter24.com\/auton-varaosat\/1-4-tdi-bms-moottori-vw-polo-golf-touran\/","url":"https:\/\/autopartscenter24.com\/auton-varaosat\/1-4-tdi-bms-moottori-vw-polo-golf-touran\/","name":"1.4 TDI \"BMS\" Motor [esim. Polo, Fabia, Ibiza, A2] - Autopartscenter24","isPartOf":{"@id":"https:\/\/autopartscenter24.com\/#website"},"primaryImageOfPage":{"@id":"https:\/\/autopartscenter24.com\/auton-varaosat\/1-4-tdi-bms-moottori-vw-polo-golf-touran\/#primaryimage"},"image":{"@id":"https:\/\/autopartscenter24.com\/auton-varaosat\/1-4-tdi-bms-moottori-vw-polo-golf-touran\/#primaryimage"},"thumbnailUrl":"https:\/\/autopartscenter24.com\/wp-content\/uploads\/2023\/03\/1-4-TDI-BMS-moottori-polo-fabia-a2-ibiza.webp","datePublished":"2023-11-26T20:11:37+00:00","description":"En av de motorer som vi ofta har tillg\u00e4ngliga. Skicka en f\u00f6rfr\u00e5gan och f\u00e5 en offert inom 24 timmar. Motorer, v\u00e4xell\u00e5dor och andra bildelar under garanti.","breadcrumb":{"@id":"https:\/\/autopartscenter24.com\/auton-varaosat\/1-4-tdi-bms-moottori-vw-polo-golf-touran\/#breadcrumb"},"inLanguage":"sv-SE","potentialAction":[{"@type":"ReadAction","target":["https:\/\/autopartscenter24.com\/auton-varaosat\/1-4-tdi-bms-moottori-vw-polo-golf-touran\/"]}]},{"@type":"ImageObject","inLanguage":"sv-SE","@id":"https:\/\/autopartscenter24.com\/auton-varaosat\/1-4-tdi-bms-moottori-vw-polo-golf-touran\/#primaryimage","url":"https:\/\/autopartscenter24.com\/wp-content\/uploads\/2023\/03\/1-4-TDI-BMS-moottori-polo-fabia-a2-ibiza.webp","contentUrl":"https:\/\/autopartscenter24.com\/wp-content\/uploads\/2023\/03\/1-4-TDI-BMS-moottori-polo-fabia-a2-ibiza.webp","width":800,"height":600},{"@type":"BreadcrumbList","@id":"https:\/\/autopartscenter24.com\/auton-varaosat\/1-4-tdi-bms-moottori-vw-polo-golf-touran\/#breadcrumb","itemListElement":[{"@type":"ListItem","position":1,"name":"Hem","item":"https:\/\/aliceblue-termite-662564.hostingersite.com\/"},{"@type":"ListItem","position":2,"name":"Auton varaosat","item":"https:\/\/aliceblue-termite-662564.hostingersite.com\/auton-varaosat\/"},{"@type":"ListItem","position":3,"name":"1.4 TDI &#8221;BMS&#8221; Motor [esim. Polo, Fabia, Ibiza, A2]"}]},{"@type":"WebSite","@id":"https:\/\/autopartscenter24.com\/#website","url":"https:\/\/autopartscenter24.com\/","name":"Autopartscenter24","description":"K\u00c4YTETYT JA KUNNOSTETUT  AUTON VARAOSAT","potentialAction":[{"@type":"SearchAction","target":{"@type":"EntryPoint","urlTemplate":"https:\/\/autopartscenter24.com\/?s={search_term_string}"},"query-input":{"@type":"PropertyValueSpecification","valueRequired":true,"valueName":"search_term_string"}}],"inLanguage":"sv-SE"}]}},"_links":{"self":[{"href":"https:\/\/autopartscenter24.com\/sv\/wp-json\/wp\/v2\/product\/5535","targetHints":{"allow":["GET"]}}],"collection":[{"href":"https:\/\/autopartscenter24.com\/sv\/wp-json\/wp\/v2\/product"}],"about":[{"href":"https:\/\/autopartscenter24.com\/sv\/wp-json\/wp\/v2\/types\/product"}],"wp:featuredmedia":[{"embeddable":true,"href":"https:\/\/autopartscenter24.com\/sv\/wp-json\/wp\/v2\/media\/4405"}],"wp:attachment":[{"href":"https:\/\/autopartscenter24.com\/sv\/wp-json\/wp\/v2\/media?parent=5535"}],"wp:term":[{"taxonomy":"product_brand","embeddable":true,"href":"https:\/\/autopartscenter24.com\/sv\/wp-json\/wp\/v2\/product_brand?post=5535"},{"taxonomy":"product_cat","embeddable":true,"href":"https:\/\/autopartscenter24.com\/sv\/wp-json\/wp\/v2\/product_cat?post=5535"},{"taxonomy":"product_tag","embeddable":true,"href":"https:\/\/autopartscenter24.com\/sv\/wp-json\/wp\/v2\/product_tag?post=5535"}],"curies":[{"name":"wp","href":"https:\/\/api.w.org\/{rel}","templated":true}]}}