{"id":5534,"date":"2023-03-05T11:24:25","date_gmt":"2023-11-26T20:07:19","guid":{"rendered":"https:\/\/autopartscenter24.com\/product\/1-7-cdti-a17dtr-motor-esim-astra-zafira-corsa-combo\/"},"modified":"2023-11-26T21:07:19","modified_gmt":"2023-11-26T20:07:19","slug":"1-7-cdti-a17dtr-motor-opel-astra-meriva-zafira-corsa-combo","status":"publish","type":"product","link":"https:\/\/autopartscenter24.com\/sv\/auton-varaosat\/1-7-cdti-a17dtr-motor-opel-astra-meriva-zafira-corsa-combo\/","title":{"rendered":"1.7 CDTi &#8221;A17DTR&#8221; Motor [esim. Astra, Zafira, Corsa, Combo]"},"content":{"rendered":"<p><strong>1.7 CDTi (motorkod: A17DTR)<\/strong> \u00e4r en turbodieselmotor tillverkad sedan 2004. Motorn har utvecklats i samarbete med General Motors och den italienska motortillverkaren Fiat Powertrain Technologies. Motorn tillverkas i Ungern, vid Szentgotthard-fabriken.  <\/p>\n<p>1,7 CDTi-motorn har fyra cylindrar, 16 ventiler och ett gemensamt tryckinsprutningssystem. Motorns maximala effekt \u00e4r 81 kW (110 hk) och det maximala vridmomentet \u00e4r 280 Nm. Huvudm\u00e5len f\u00f6r motorutvecklingen har varit prestanda, br\u00e4nsleekonomi och l\u00e5ga utsl\u00e4pp.  <\/p>\n<p>Motorn uppfyller Euro 4-emissionsnormerna och \u00e4r utrustad med ett partikelfilter. I utvecklingen av motorn har s\u00e4rskild uppm\u00e4rksamhet \u00e4gnats \u00e5t att minska buller och vibrationer f\u00f6r att bibeh\u00e5lla en h\u00f6g niv\u00e5 av resekomfort. <\/p>\n<p>1,7 CDTi-motorn har varit ett mycket popul\u00e4rt val i bilmodeller som kr\u00e4ver ekonomiska och h\u00f6gpresterande dieselmotorer. Utvecklingen av motorn har fokuserat p\u00e5 milj\u00f6v\u00e4nlighet, vilket \u00e5terspeglas i l\u00e5ga utsl\u00e4pp och god br\u00e4nsleekonomi. Motorns livsl\u00e4ngd har ocks\u00e5 visat sig vara mycket l\u00e5ng, vilket g\u00f6r den till ett p\u00e5litligt val f\u00f6r m\u00e5nga f\u00f6rare.  <\/p>\n","protected":false},"excerpt":{"rendered":"<ul>\n<li>Opel Astra (2004-2010)<\/li>\n<li>Opel Meriva (2006-2010)<\/li>\n<li>Opel Zafira (2005-2011)<\/li>\n<li>Opel Corsa (2006-2014)<\/li>\n<li>Opel Combo (2006-2011)<\/li>\n<\/ul>\n","protected":false},"featured_media":4410,"template":"","meta":[],"product_brand":[],"product_cat":[605],"product_tag":[712,751,750,749,715],"class_list":{"0":"post-5534","1":"product","2":"type-product","3":"status-publish","4":"has-post-thumbnail","6":"product_cat-opel-sv","7":"product_tag-astra-sv","8":"product_tag-combo-sv","9":"product_tag-corsa-sv","10":"product_tag-meriva-sv","11":"product_tag-zafira-sv","14":"first","15":"instock","16":"featured","17":"shipping-taxable","18":"product-type-simple"},"yoast_head":"<!-- This site is optimized with the Yoast SEO plugin v26.8 - https:\/\/yoast.com\/product\/yoast-seo-wordpress\/ -->\n<title>1.7 CDTi &quot;A17DTR&quot; Motor [esim. Astra, Zafira, Corsa, Combo]<\/title>\n<meta name=\"description\" content=\"En av de motorer som vi ofta har tillg\u00e4ngliga. Skicka en f\u00f6rfr\u00e5gan och f\u00e5 en offert inom 24 timmar. Motorer, v\u00e4xell\u00e5dor och andra bildelar under garanti.\" \/>\n<meta name=\"robots\" content=\"index, follow, max-snippet:-1, max-image-preview:large, max-video-preview:-1\" \/>\n<link rel=\"canonical\" href=\"https:\/\/autopartscenter24.com\/sv\/auton-varaosat\/1-7-cdti-a17dtr-moottori-opel-astra-meriva-zafira-corsa-combo\/\" \/>\n<meta property=\"og:locale\" content=\"sv_SE\" \/>\n<meta property=\"og:type\" content=\"article\" \/>\n<meta property=\"og:title\" content=\"1.7 CDTi &quot;A17DTR&quot; Motor [esim. Astra, Zafira, Corsa, Combo]\" \/>\n<meta property=\"og:description\" content=\"En av de motorer som vi ofta har tillg\u00e4ngliga. Skicka en f\u00f6rfr\u00e5gan och f\u00e5 en offert inom 24 timmar. Motorer, v\u00e4xell\u00e5dor och andra bildelar under garanti.\" \/>\n<meta property=\"og:url\" content=\"https:\/\/autopartscenter24.com\/sv\/auton-varaosat\/1-7-cdti-a17dtr-moottori-opel-astra-meriva-zafira-corsa-combo\/\" \/>\n<meta property=\"og:site_name\" content=\"Autopartscenter24\" \/>\n<meta property=\"og:image\" content=\"https:\/\/autopartscenter24.com\/wp-content\/uploads\/2023\/03\/1-7-cdti-A17DTR-moottori-astra-combo-zafira-corsa.webp\" \/>\n\t<meta property=\"og:image:width\" content=\"800\" \/>\n\t<meta property=\"og:image:height\" content=\"600\" \/>\n\t<meta property=\"og:image:type\" content=\"image\/webp\" \/>\n<meta name=\"twitter:card\" content=\"summary_large_image\" \/>\n<meta name=\"twitter:label1\" content=\"Ber\u00e4knad l\u00e4stid\" \/>\n\t<meta name=\"twitter:data1\" content=\"1 minut\" \/>\n<script type=\"application\/ld+json\" class=\"yoast-schema-graph\">{\"@context\":\"https:\/\/schema.org\",\"@graph\":[{\"@type\":\"WebPage\",\"@id\":\"https:\/\/autopartscenter24.com\/auton-varaosat\/1-7-cdti-a17dtr-moottori-opel-astra-meriva-zafira-corsa-combo\/\",\"url\":\"https:\/\/autopartscenter24.com\/auton-varaosat\/1-7-cdti-a17dtr-moottori-opel-astra-meriva-zafira-corsa-combo\/\",\"name\":\"1.7 CDTi \\\"A17DTR\\\" Motor [esim. Astra, Zafira, Corsa, Combo]\",\"isPartOf\":{\"@id\":\"https:\/\/autopartscenter24.com\/#website\"},\"primaryImageOfPage\":{\"@id\":\"https:\/\/autopartscenter24.com\/auton-varaosat\/1-7-cdti-a17dtr-moottori-opel-astra-meriva-zafira-corsa-combo\/#primaryimage\"},\"image\":{\"@id\":\"https:\/\/autopartscenter24.com\/auton-varaosat\/1-7-cdti-a17dtr-moottori-opel-astra-meriva-zafira-corsa-combo\/#primaryimage\"},\"thumbnailUrl\":\"https:\/\/autopartscenter24.com\/wp-content\/uploads\/2023\/03\/1-7-cdti-A17DTR-moottori-astra-combo-zafira-corsa.webp\",\"datePublished\":\"2023-11-26T20:07:19+00:00\",\"description\":\"En av de motorer som vi ofta har tillg\u00e4ngliga. Skicka en f\u00f6rfr\u00e5gan och f\u00e5 en offert inom 24 timmar. Motorer, v\u00e4xell\u00e5dor och andra bildelar under garanti.\",\"breadcrumb\":{\"@id\":\"https:\/\/autopartscenter24.com\/auton-varaosat\/1-7-cdti-a17dtr-moottori-opel-astra-meriva-zafira-corsa-combo\/#breadcrumb\"},\"inLanguage\":\"sv-SE\",\"potentialAction\":[{\"@type\":\"ReadAction\",\"target\":[\"https:\/\/autopartscenter24.com\/auton-varaosat\/1-7-cdti-a17dtr-moottori-opel-astra-meriva-zafira-corsa-combo\/\"]}]},{\"@type\":\"ImageObject\",\"inLanguage\":\"sv-SE\",\"@id\":\"https:\/\/autopartscenter24.com\/auton-varaosat\/1-7-cdti-a17dtr-moottori-opel-astra-meriva-zafira-corsa-combo\/#primaryimage\",\"url\":\"https:\/\/autopartscenter24.com\/wp-content\/uploads\/2023\/03\/1-7-cdti-A17DTR-moottori-astra-combo-zafira-corsa.webp\",\"contentUrl\":\"https:\/\/autopartscenter24.com\/wp-content\/uploads\/2023\/03\/1-7-cdti-A17DTR-moottori-astra-combo-zafira-corsa.webp\",\"width\":800,\"height\":600},{\"@type\":\"BreadcrumbList\",\"@id\":\"https:\/\/autopartscenter24.com\/auton-varaosat\/1-7-cdti-a17dtr-moottori-opel-astra-meriva-zafira-corsa-combo\/#breadcrumb\",\"itemListElement\":[{\"@type\":\"ListItem\",\"position\":1,\"name\":\"Hem\",\"item\":\"https:\/\/aliceblue-termite-662564.hostingersite.com\/\"},{\"@type\":\"ListItem\",\"position\":2,\"name\":\"Auton varaosat\",\"item\":\"https:\/\/aliceblue-termite-662564.hostingersite.com\/auton-varaosat\/\"},{\"@type\":\"ListItem\",\"position\":3,\"name\":\"1.7 CDTi &#8221;A17DTR&#8221; Motor [esim. Astra, Zafira, Corsa, Combo]\"}]},{\"@type\":\"WebSite\",\"@id\":\"https:\/\/autopartscenter24.com\/#website\",\"url\":\"https:\/\/autopartscenter24.com\/\",\"name\":\"Autopartscenter24\",\"description\":\"K\u00c4YTETYT JA KUNNOSTETUT  AUTON VARAOSAT\",\"potentialAction\":[{\"@type\":\"SearchAction\",\"target\":{\"@type\":\"EntryPoint\",\"urlTemplate\":\"https:\/\/autopartscenter24.com\/?s={search_term_string}\"},\"query-input\":{\"@type\":\"PropertyValueSpecification\",\"valueRequired\":true,\"valueName\":\"search_term_string\"}}],\"inLanguage\":\"sv-SE\"}]}<\/script>\n<!-- \/ Yoast SEO plugin. -->","yoast_head_json":{"title":"1.7 CDTi \"A17DTR\" Motor [esim. Astra, Zafira, Corsa, Combo]","description":"En av de motorer som vi ofta har tillg\u00e4ngliga. Skicka en f\u00f6rfr\u00e5gan och f\u00e5 en offert inom 24 timmar. Motorer, v\u00e4xell\u00e5dor och andra bildelar under garanti.","robots":{"index":"index","follow":"follow","max-snippet":"max-snippet:-1","max-image-preview":"max-image-preview:large","max-video-preview":"max-video-preview:-1"},"canonical":"https:\/\/autopartscenter24.com\/sv\/auton-varaosat\/1-7-cdti-a17dtr-moottori-opel-astra-meriva-zafira-corsa-combo\/","og_locale":"sv_SE","og_type":"article","og_title":"1.7 CDTi \"A17DTR\" Motor [esim. Astra, Zafira, Corsa, Combo]","og_description":"En av de motorer som vi ofta har tillg\u00e4ngliga. Skicka en f\u00f6rfr\u00e5gan och f\u00e5 en offert inom 24 timmar. Motorer, v\u00e4xell\u00e5dor och andra bildelar under garanti.","og_url":"https:\/\/autopartscenter24.com\/sv\/auton-varaosat\/1-7-cdti-a17dtr-moottori-opel-astra-meriva-zafira-corsa-combo\/","og_site_name":"Autopartscenter24","og_image":[{"width":800,"height":600,"url":"https:\/\/autopartscenter24.com\/wp-content\/uploads\/2023\/03\/1-7-cdti-A17DTR-moottori-astra-combo-zafira-corsa.webp","type":"image\/webp"}],"twitter_card":"summary_large_image","twitter_misc":{"Ber\u00e4knad l\u00e4stid":"1 minut"},"schema":{"@context":"https:\/\/schema.org","@graph":[{"@type":"WebPage","@id":"https:\/\/autopartscenter24.com\/auton-varaosat\/1-7-cdti-a17dtr-moottori-opel-astra-meriva-zafira-corsa-combo\/","url":"https:\/\/autopartscenter24.com\/auton-varaosat\/1-7-cdti-a17dtr-moottori-opel-astra-meriva-zafira-corsa-combo\/","name":"1.7 CDTi \"A17DTR\" Motor [esim. Astra, Zafira, Corsa, Combo]","isPartOf":{"@id":"https:\/\/autopartscenter24.com\/#website"},"primaryImageOfPage":{"@id":"https:\/\/autopartscenter24.com\/auton-varaosat\/1-7-cdti-a17dtr-moottori-opel-astra-meriva-zafira-corsa-combo\/#primaryimage"},"image":{"@id":"https:\/\/autopartscenter24.com\/auton-varaosat\/1-7-cdti-a17dtr-moottori-opel-astra-meriva-zafira-corsa-combo\/#primaryimage"},"thumbnailUrl":"https:\/\/autopartscenter24.com\/wp-content\/uploads\/2023\/03\/1-7-cdti-A17DTR-moottori-astra-combo-zafira-corsa.webp","datePublished":"2023-11-26T20:07:19+00:00","description":"En av de motorer som vi ofta har tillg\u00e4ngliga. Skicka en f\u00f6rfr\u00e5gan och f\u00e5 en offert inom 24 timmar. Motorer, v\u00e4xell\u00e5dor och andra bildelar under garanti.","breadcrumb":{"@id":"https:\/\/autopartscenter24.com\/auton-varaosat\/1-7-cdti-a17dtr-moottori-opel-astra-meriva-zafira-corsa-combo\/#breadcrumb"},"inLanguage":"sv-SE","potentialAction":[{"@type":"ReadAction","target":["https:\/\/autopartscenter24.com\/auton-varaosat\/1-7-cdti-a17dtr-moottori-opel-astra-meriva-zafira-corsa-combo\/"]}]},{"@type":"ImageObject","inLanguage":"sv-SE","@id":"https:\/\/autopartscenter24.com\/auton-varaosat\/1-7-cdti-a17dtr-moottori-opel-astra-meriva-zafira-corsa-combo\/#primaryimage","url":"https:\/\/autopartscenter24.com\/wp-content\/uploads\/2023\/03\/1-7-cdti-A17DTR-moottori-astra-combo-zafira-corsa.webp","contentUrl":"https:\/\/autopartscenter24.com\/wp-content\/uploads\/2023\/03\/1-7-cdti-A17DTR-moottori-astra-combo-zafira-corsa.webp","width":800,"height":600},{"@type":"BreadcrumbList","@id":"https:\/\/autopartscenter24.com\/auton-varaosat\/1-7-cdti-a17dtr-moottori-opel-astra-meriva-zafira-corsa-combo\/#breadcrumb","itemListElement":[{"@type":"ListItem","position":1,"name":"Hem","item":"https:\/\/aliceblue-termite-662564.hostingersite.com\/"},{"@type":"ListItem","position":2,"name":"Auton varaosat","item":"https:\/\/aliceblue-termite-662564.hostingersite.com\/auton-varaosat\/"},{"@type":"ListItem","position":3,"name":"1.7 CDTi &#8221;A17DTR&#8221; Motor [esim. Astra, Zafira, Corsa, Combo]"}]},{"@type":"WebSite","@id":"https:\/\/autopartscenter24.com\/#website","url":"https:\/\/autopartscenter24.com\/","name":"Autopartscenter24","description":"K\u00c4YTETYT JA KUNNOSTETUT  AUTON VARAOSAT","potentialAction":[{"@type":"SearchAction","target":{"@type":"EntryPoint","urlTemplate":"https:\/\/autopartscenter24.com\/?s={search_term_string}"},"query-input":{"@type":"PropertyValueSpecification","valueRequired":true,"valueName":"search_term_string"}}],"inLanguage":"sv-SE"}]}},"_links":{"self":[{"href":"https:\/\/autopartscenter24.com\/sv\/wp-json\/wp\/v2\/product\/5534","targetHints":{"allow":["GET"]}}],"collection":[{"href":"https:\/\/autopartscenter24.com\/sv\/wp-json\/wp\/v2\/product"}],"about":[{"href":"https:\/\/autopartscenter24.com\/sv\/wp-json\/wp\/v2\/types\/product"}],"wp:featuredmedia":[{"embeddable":true,"href":"https:\/\/autopartscenter24.com\/sv\/wp-json\/wp\/v2\/media\/4410"}],"wp:attachment":[{"href":"https:\/\/autopartscenter24.com\/sv\/wp-json\/wp\/v2\/media?parent=5534"}],"wp:term":[{"taxonomy":"product_brand","embeddable":true,"href":"https:\/\/autopartscenter24.com\/sv\/wp-json\/wp\/v2\/product_brand?post=5534"},{"taxonomy":"product_cat","embeddable":true,"href":"https:\/\/autopartscenter24.com\/sv\/wp-json\/wp\/v2\/product_cat?post=5534"},{"taxonomy":"product_tag","embeddable":true,"href":"https:\/\/autopartscenter24.com\/sv\/wp-json\/wp\/v2\/product_tag?post=5534"}],"curies":[{"name":"wp","href":"https:\/\/api.w.org\/{rel}","templated":true}]}}