{"id":5533,"date":"2023-03-05T11:32:30","date_gmt":"2023-11-26T20:00:49","guid":{"rendered":"https:\/\/autopartscenter24.com\/product\/3-0-tdi-ccw-motor-esim-audi-a4-a5-q5\/"},"modified":"2023-11-26T21:00:49","modified_gmt":"2023-11-26T20:00:49","slug":"3-0-tdi-ccw-motor-audi-a4-a5-q5","status":"publish","type":"product","link":"https:\/\/autopartscenter24.com\/sv\/auton-varaosat\/3-0-tdi-ccw-motor-audi-a4-a5-q5\/","title":{"rendered":"3.0 TDI &#8221;CCW&#8221; Motor [esim. Audi A4, A5, Q5]"},"content":{"rendered":"<p>Audi \u00e4r en av de mest k\u00e4nda biltillverkarna i v\u00e4rlden, och en av dess mest popul\u00e4ra motorer \u00e4r 3.0 TDI (motorkod: CCW). Denna V6-dieselmotor \u00e4r mycket kapabel och ekonomisk och \u00e4r installerad i m\u00e5nga Audi, Volkswagen och Porsche-modeller. De tekniska egenskaperna hos 3.0 TDI-motorn \u00e4r imponerande. Den producerar 245 h\u00e4stkrafter och 550 Nm i vridmoment, s\u00e5 den erbjuder utm\u00e4rkt acceleration och omk\u00f6rningar. Motorn har tv\u00e5 kompressorer, vilket hj\u00e4lper till att f\u00f6rb\u00e4ttra dess br\u00e4nsleeffektivitet och minska utsl\u00e4ppen. Motorns stora volym g\u00f6r att den kan anv\u00e4ndas vid tyngre k\u00f6rning, som terr\u00e4ngk\u00f6rning eller sl\u00e4pdragning. I Audis Q7- och A8-modeller har 3.0 TDI-motorn funnits sedan 2010. Motorn \u00e4r \u00e4ven standardutrustning f\u00f6r Volkswagen Touareg och Phaeton \u00e5ren 2010-2015. Porsche Cayenne S Diesel-modellen anv\u00e4nde ocks\u00e5 denna motor 2012-2014. 3.0 TDI-motorn styrs av ett komplext motorstyrningssystem som \u00f6vervakar och justerar motorns prestanda och br\u00e4nslef\u00f6rbrukning. Motorn anv\u00e4nder \u00e4ven AdBlue-systemet, som minskar utsl\u00e4ppen av kv\u00e4veoxider. 3.0 TDI-motorn har bevisat sin prestanda och tillf\u00f6rlitlighet i flera olika bilar. Det \u00e4r ett popul\u00e4rt val f\u00f6r dem som letar efter en p\u00e5litlig och effektiv motor f\u00f6r tunga fordon. Motorn \u00e4r ocks\u00e5 mycket br\u00e4nslesn\u00e5l och uppfyller utsl\u00e4ppsstandarden Euro 6. <\/p>\n","protected":false},"excerpt":{"rendered":"<ul>\n<li>Audi Q7 (2007-2010): motorkod CCW i 211 hk och 233 hk versioner, tillverkad fr\u00e5n augusti 2006 till september 2010<\/li>\n<li>Audi A4 (2008-2011): motorkod CCW 240 hk version, tillverkad 2008-2011<\/li>\n<li>Audi A5 (2008-2012): motorkod CCW 240 hk version, tillverkad 2008-2012<\/li>\n<li>Audi A6 (2005-2011): motorkod CCW i 211 hk, 233 hk och 240 hk versioner, tillverkad 2005-2011<\/li>\n<li>Audi A7 (2010-2014): motorkod CCW i 204 hk, 211 hk, 233 hk och 240 hk versioner, tillverkad 2010-2014<\/li>\n<li>Audi A8 (2009-2017): motorkod CCW i 211 hk, 233 hk och 240 hk versioner, tillverkad 2009-2017<\/li>\n<li>Audi Q5 (2009-2017): motorkod CCW i 211 hk, 233 hk och 240 hk versioner, tillverkad 2009-2017<\/li>\n<li>Porsche Cayenne (2010-2014): motorkod CCW i 245 hk och 262 hk versioner, tillverkad 2010-2014<\/li>\n<li>Volkswagen Touareg (2006-2010): motorkod CCW 225 hk version, tillverkad 2006-2010 Nyckelpunkter:\n<p>3.0 TDI (motorkod: CCW) \u00e4r en V6-motor tillverkad av Volkswagen Group. Motorn har en volym p\u00e5 2 967 cm\u00b3 och en cylinderdiameter och slagl\u00e4ngd p\u00e5 83,0 mm x 91,4 mm. Motorn har ett gemensamt tryckinsprutningssystem, variabel geometri turboladdarteknologi och en laddluftkylare.och har en kompakt design med en 90-graders vinkel mellan cylinderbankarna Motorn ger effekt fr\u00e5n 204 hk till 262 hk beroende p\u00e5 bilm\u00e4rke och modell Motorn uppfyller Euro 5-emissionsnormerna och har en dieselpartikel. filter och ett avgasrecirkulationssystem f\u00f6r att minska utsl\u00e4ppen Motorn har anv\u00e4nts i olika Audi, i Porsche och Volkswagen-modeller mellan 2005 och 2017.<\/li>\n<\/ul>\n","protected":false},"featured_media":4415,"template":"","meta":[],"product_brand":[],"product_cat":[468],"product_tag":[689,690,721],"class_list":{"0":"post-5533","1":"product","2":"type-product","3":"status-publish","4":"has-post-thumbnail","6":"product_cat-audi-sv","7":"product_tag-a4-sv","8":"product_tag-a5-sv","9":"product_tag-q5-sv","10":"pa_varaosan-osasto-motor","13":"first","14":"instock","15":"shipping-taxable","16":"product-type-simple"},"yoast_head":"<!-- This site is optimized with the Yoast SEO plugin v26.8 - https:\/\/yoast.com\/product\/yoast-seo-wordpress\/ -->\n<title>3.0 TDI &quot;CCW&quot; Motor [esim. Audi A4, A5, Q5]<\/title>\n<meta name=\"description\" content=\"En av de motorer som vi ofta har tillg\u00e4ngliga. Skicka en f\u00f6rfr\u00e5gan och f\u00e5 en offert inom 24 timmar. Motorer, v\u00e4xell\u00e5dor och andra bildelar under garanti.\" \/>\n<meta name=\"robots\" content=\"index, follow, max-snippet:-1, max-image-preview:large, max-video-preview:-1\" \/>\n<link rel=\"canonical\" href=\"https:\/\/autopartscenter24.com\/sv\/auton-varaosat\/3-0-tdi-ccw-moottori-audi-a4-a5-q5\/\" \/>\n<meta property=\"og:locale\" content=\"sv_SE\" \/>\n<meta property=\"og:type\" content=\"article\" \/>\n<meta property=\"og:title\" content=\"3.0 TDI &quot;CCW&quot; Motor [esim. Audi A4, A5, Q5]\" \/>\n<meta property=\"og:description\" content=\"En av de motorer som vi ofta har tillg\u00e4ngliga. Skicka en f\u00f6rfr\u00e5gan och f\u00e5 en offert inom 24 timmar. Motorer, v\u00e4xell\u00e5dor och andra bildelar under garanti.\" \/>\n<meta property=\"og:url\" content=\"https:\/\/autopartscenter24.com\/sv\/auton-varaosat\/3-0-tdi-ccw-moottori-audi-a4-a5-q5\/\" \/>\n<meta property=\"og:site_name\" content=\"Autopartscenter24\" \/>\n<meta property=\"og:image\" content=\"https:\/\/autopartscenter24.com\/wp-content\/uploads\/2023\/03\/3-0-tdi-CCW-moottori-audi-a4-b8-a5-q5.webp\" \/>\n\t<meta property=\"og:image:width\" content=\"800\" \/>\n\t<meta property=\"og:image:height\" content=\"600\" \/>\n\t<meta property=\"og:image:type\" content=\"image\/webp\" \/>\n<meta name=\"twitter:card\" content=\"summary_large_image\" \/>\n<meta name=\"twitter:label1\" content=\"Ber\u00e4knad l\u00e4stid\" \/>\n\t<meta name=\"twitter:data1\" content=\"1 minut\" \/>\n<script type=\"application\/ld+json\" class=\"yoast-schema-graph\">{\"@context\":\"https:\/\/schema.org\",\"@graph\":[{\"@type\":\"WebPage\",\"@id\":\"https:\/\/autopartscenter24.com\/auton-varaosat\/3-0-tdi-ccw-moottori-audi-a4-a5-q5\/\",\"url\":\"https:\/\/autopartscenter24.com\/auton-varaosat\/3-0-tdi-ccw-moottori-audi-a4-a5-q5\/\",\"name\":\"3.0 TDI \\\"CCW\\\" Motor [esim. Audi A4, A5, Q5]\",\"isPartOf\":{\"@id\":\"https:\/\/autopartscenter24.com\/#website\"},\"primaryImageOfPage\":{\"@id\":\"https:\/\/autopartscenter24.com\/auton-varaosat\/3-0-tdi-ccw-moottori-audi-a4-a5-q5\/#primaryimage\"},\"image\":{\"@id\":\"https:\/\/autopartscenter24.com\/auton-varaosat\/3-0-tdi-ccw-moottori-audi-a4-a5-q5\/#primaryimage\"},\"thumbnailUrl\":\"https:\/\/autopartscenter24.com\/wp-content\/uploads\/2023\/03\/3-0-tdi-CCW-moottori-audi-a4-b8-a5-q5.webp\",\"datePublished\":\"2023-11-26T20:00:49+00:00\",\"description\":\"En av de motorer som vi ofta har tillg\u00e4ngliga. Skicka en f\u00f6rfr\u00e5gan och f\u00e5 en offert inom 24 timmar. Motorer, v\u00e4xell\u00e5dor och andra bildelar under garanti.\",\"breadcrumb\":{\"@id\":\"https:\/\/autopartscenter24.com\/auton-varaosat\/3-0-tdi-ccw-moottori-audi-a4-a5-q5\/#breadcrumb\"},\"inLanguage\":\"sv-SE\",\"potentialAction\":[{\"@type\":\"ReadAction\",\"target\":[\"https:\/\/autopartscenter24.com\/auton-varaosat\/3-0-tdi-ccw-moottori-audi-a4-a5-q5\/\"]}]},{\"@type\":\"ImageObject\",\"inLanguage\":\"sv-SE\",\"@id\":\"https:\/\/autopartscenter24.com\/auton-varaosat\/3-0-tdi-ccw-moottori-audi-a4-a5-q5\/#primaryimage\",\"url\":\"https:\/\/autopartscenter24.com\/wp-content\/uploads\/2023\/03\/3-0-tdi-CCW-moottori-audi-a4-b8-a5-q5.webp\",\"contentUrl\":\"https:\/\/autopartscenter24.com\/wp-content\/uploads\/2023\/03\/3-0-tdi-CCW-moottori-audi-a4-b8-a5-q5.webp\",\"width\":800,\"height\":600},{\"@type\":\"BreadcrumbList\",\"@id\":\"https:\/\/autopartscenter24.com\/auton-varaosat\/3-0-tdi-ccw-moottori-audi-a4-a5-q5\/#breadcrumb\",\"itemListElement\":[{\"@type\":\"ListItem\",\"position\":1,\"name\":\"Hem\",\"item\":\"https:\/\/aliceblue-termite-662564.hostingersite.com\/\"},{\"@type\":\"ListItem\",\"position\":2,\"name\":\"Auton varaosat\",\"item\":\"https:\/\/aliceblue-termite-662564.hostingersite.com\/auton-varaosat\/\"},{\"@type\":\"ListItem\",\"position\":3,\"name\":\"3.0 TDI &#8221;CCW&#8221; Motor [esim. Audi A4, A5, Q5]\"}]},{\"@type\":\"WebSite\",\"@id\":\"https:\/\/autopartscenter24.com\/#website\",\"url\":\"https:\/\/autopartscenter24.com\/\",\"name\":\"Autopartscenter24\",\"description\":\"K\u00c4YTETYT JA KUNNOSTETUT  AUTON VARAOSAT\",\"potentialAction\":[{\"@type\":\"SearchAction\",\"target\":{\"@type\":\"EntryPoint\",\"urlTemplate\":\"https:\/\/autopartscenter24.com\/?s={search_term_string}\"},\"query-input\":{\"@type\":\"PropertyValueSpecification\",\"valueRequired\":true,\"valueName\":\"search_term_string\"}}],\"inLanguage\":\"sv-SE\"}]}<\/script>\n<!-- \/ Yoast SEO plugin. -->","yoast_head_json":{"title":"3.0 TDI \"CCW\" Motor [esim. Audi A4, A5, Q5]","description":"En av de motorer som vi ofta har tillg\u00e4ngliga. Skicka en f\u00f6rfr\u00e5gan och f\u00e5 en offert inom 24 timmar. Motorer, v\u00e4xell\u00e5dor och andra bildelar under garanti.","robots":{"index":"index","follow":"follow","max-snippet":"max-snippet:-1","max-image-preview":"max-image-preview:large","max-video-preview":"max-video-preview:-1"},"canonical":"https:\/\/autopartscenter24.com\/sv\/auton-varaosat\/3-0-tdi-ccw-moottori-audi-a4-a5-q5\/","og_locale":"sv_SE","og_type":"article","og_title":"3.0 TDI \"CCW\" Motor [esim. Audi A4, A5, Q5]","og_description":"En av de motorer som vi ofta har tillg\u00e4ngliga. Skicka en f\u00f6rfr\u00e5gan och f\u00e5 en offert inom 24 timmar. Motorer, v\u00e4xell\u00e5dor och andra bildelar under garanti.","og_url":"https:\/\/autopartscenter24.com\/sv\/auton-varaosat\/3-0-tdi-ccw-moottori-audi-a4-a5-q5\/","og_site_name":"Autopartscenter24","og_image":[{"width":800,"height":600,"url":"https:\/\/autopartscenter24.com\/wp-content\/uploads\/2023\/03\/3-0-tdi-CCW-moottori-audi-a4-b8-a5-q5.webp","type":"image\/webp"}],"twitter_card":"summary_large_image","twitter_misc":{"Ber\u00e4knad l\u00e4stid":"1 minut"},"schema":{"@context":"https:\/\/schema.org","@graph":[{"@type":"WebPage","@id":"https:\/\/autopartscenter24.com\/auton-varaosat\/3-0-tdi-ccw-moottori-audi-a4-a5-q5\/","url":"https:\/\/autopartscenter24.com\/auton-varaosat\/3-0-tdi-ccw-moottori-audi-a4-a5-q5\/","name":"3.0 TDI \"CCW\" Motor [esim. Audi A4, A5, Q5]","isPartOf":{"@id":"https:\/\/autopartscenter24.com\/#website"},"primaryImageOfPage":{"@id":"https:\/\/autopartscenter24.com\/auton-varaosat\/3-0-tdi-ccw-moottori-audi-a4-a5-q5\/#primaryimage"},"image":{"@id":"https:\/\/autopartscenter24.com\/auton-varaosat\/3-0-tdi-ccw-moottori-audi-a4-a5-q5\/#primaryimage"},"thumbnailUrl":"https:\/\/autopartscenter24.com\/wp-content\/uploads\/2023\/03\/3-0-tdi-CCW-moottori-audi-a4-b8-a5-q5.webp","datePublished":"2023-11-26T20:00:49+00:00","description":"En av de motorer som vi ofta har tillg\u00e4ngliga. Skicka en f\u00f6rfr\u00e5gan och f\u00e5 en offert inom 24 timmar. Motorer, v\u00e4xell\u00e5dor och andra bildelar under garanti.","breadcrumb":{"@id":"https:\/\/autopartscenter24.com\/auton-varaosat\/3-0-tdi-ccw-moottori-audi-a4-a5-q5\/#breadcrumb"},"inLanguage":"sv-SE","potentialAction":[{"@type":"ReadAction","target":["https:\/\/autopartscenter24.com\/auton-varaosat\/3-0-tdi-ccw-moottori-audi-a4-a5-q5\/"]}]},{"@type":"ImageObject","inLanguage":"sv-SE","@id":"https:\/\/autopartscenter24.com\/auton-varaosat\/3-0-tdi-ccw-moottori-audi-a4-a5-q5\/#primaryimage","url":"https:\/\/autopartscenter24.com\/wp-content\/uploads\/2023\/03\/3-0-tdi-CCW-moottori-audi-a4-b8-a5-q5.webp","contentUrl":"https:\/\/autopartscenter24.com\/wp-content\/uploads\/2023\/03\/3-0-tdi-CCW-moottori-audi-a4-b8-a5-q5.webp","width":800,"height":600},{"@type":"BreadcrumbList","@id":"https:\/\/autopartscenter24.com\/auton-varaosat\/3-0-tdi-ccw-moottori-audi-a4-a5-q5\/#breadcrumb","itemListElement":[{"@type":"ListItem","position":1,"name":"Hem","item":"https:\/\/aliceblue-termite-662564.hostingersite.com\/"},{"@type":"ListItem","position":2,"name":"Auton varaosat","item":"https:\/\/aliceblue-termite-662564.hostingersite.com\/auton-varaosat\/"},{"@type":"ListItem","position":3,"name":"3.0 TDI &#8221;CCW&#8221; Motor [esim. Audi A4, A5, Q5]"}]},{"@type":"WebSite","@id":"https:\/\/autopartscenter24.com\/#website","url":"https:\/\/autopartscenter24.com\/","name":"Autopartscenter24","description":"K\u00c4YTETYT JA KUNNOSTETUT  AUTON VARAOSAT","potentialAction":[{"@type":"SearchAction","target":{"@type":"EntryPoint","urlTemplate":"https:\/\/autopartscenter24.com\/?s={search_term_string}"},"query-input":{"@type":"PropertyValueSpecification","valueRequired":true,"valueName":"search_term_string"}}],"inLanguage":"sv-SE"}]}},"_links":{"self":[{"href":"https:\/\/autopartscenter24.com\/sv\/wp-json\/wp\/v2\/product\/5533","targetHints":{"allow":["GET"]}}],"collection":[{"href":"https:\/\/autopartscenter24.com\/sv\/wp-json\/wp\/v2\/product"}],"about":[{"href":"https:\/\/autopartscenter24.com\/sv\/wp-json\/wp\/v2\/types\/product"}],"wp:featuredmedia":[{"embeddable":true,"href":"https:\/\/autopartscenter24.com\/sv\/wp-json\/wp\/v2\/media\/4415"}],"wp:attachment":[{"href":"https:\/\/autopartscenter24.com\/sv\/wp-json\/wp\/v2\/media?parent=5533"}],"wp:term":[{"taxonomy":"product_brand","embeddable":true,"href":"https:\/\/autopartscenter24.com\/sv\/wp-json\/wp\/v2\/product_brand?post=5533"},{"taxonomy":"product_cat","embeddable":true,"href":"https:\/\/autopartscenter24.com\/sv\/wp-json\/wp\/v2\/product_cat?post=5533"},{"taxonomy":"product_tag","embeddable":true,"href":"https:\/\/autopartscenter24.com\/sv\/wp-json\/wp\/v2\/product_tag?post=5533"}],"curies":[{"name":"wp","href":"https:\/\/api.w.org\/{rel}","templated":true}]}}