{"id":5532,"date":"2023-03-05T11:41:25","date_gmt":"2023-11-26T19:57:51","guid":{"rendered":"https:\/\/autopartscenter24.com\/product\/1-8-b4184s8-motor-esim-volvo-c30-v50\/"},"modified":"2023-11-26T20:57:51","modified_gmt":"2023-11-26T19:57:51","slug":"1-8-b4184s8-motor-esim-volvo-c30-v50","status":"publish","type":"product","link":"https:\/\/autopartscenter24.com\/sv\/auton-varaosat\/1-8-b4184s8-motor-esim-volvo-c30-v50\/","title":{"rendered":"1.8 &#8221;B4184S8&#8221; Motor [esim. Volvo C30, V50]"},"content":{"rendered":"<p><strong>Volvo B4184S8 \u00e4r en fyrcylindrig bensinmotor som anv\u00e4ndes i modellerna Volvo C30 och V50.<\/strong> Den \u00e4r en del av Volvo Modular Engine-motorfamiljen, som introducerades 1990. B4184S8-motorn tillverkades mellan 2004 och 2012.<\/p>\n<p>Aluminiumgjutning anv\u00e4ndes f\u00f6r motorns cylinderhuvud och gr\u00e5skalegrafitgjutning anv\u00e4ndes f\u00f6r blocket. Motorns slagvolym \u00e4r 1,8 liter och cylinderm\u00e5tten \u00e4r 81 mm x 86 mm. Motorns maximala effekt \u00e4r 125 kW (170 hk) vid 6000 rpm och det maximala vridmomentet \u00e4r 230 Nm vid 4400 rpm. Motorn anv\u00e4nde ett flerpunktsinsprutningssystem, vilket ger b\u00e4ttre kraft, b\u00e4ttre br\u00e4nsleekonomi och l\u00e4gre utsl\u00e4pp. Motorn har \u00e4ven variabel ventiltid, vilket f\u00f6rb\u00e4ttrar motorns prestanda vid olika motorvarvtal. Motorns vevaxel \u00e4r balanserad, vilket minskar vibrationerna och \u00f6kar motorns livsl\u00e4ngd.<\/p>\n<p>Volvo B4184S8-motorn anv\u00e4ndes fr\u00e4mst i Volvo C30 och V50, men anv\u00e4ndes \u00e4ven i andra Volvomodeller som S40 och V40. Motorn \u00e4r kompatibel med antingen en femv\u00e4xlad manuell v\u00e4xell\u00e5da eller en femv\u00e4xlad Geartronic automatisk v\u00e4xell\u00e5da. Volvo B4184S8-motorn har visat sig vara en p\u00e5litlig och ekonomisk motor. Motorunderh\u00e5llsintervallet \u00e4r l\u00e5ngt, s\u00e5 underh\u00e5llskostnaderna \u00e4r l\u00e5ga. <\/p>\n<p>  Motordelar \u00e4r ocks\u00e5 l\u00e4tta att hitta, s\u00e5 reparationskostnaderna \u00e4r \u00f6verkomliga. Sammanfattningsvis \u00e4r Volvo B4184S8 en h\u00f6gkvalitativ och h\u00f6gpresterande motor som har anv\u00e4nts i flera Volvo-modeller. Dess tekniska egenskaper \u00e4r h\u00e5llbara och ekonomiska, vilket g\u00f6r den till ett attraktivt val f\u00f6r f\u00f6rare som vill ha en p\u00e5litlig och effektiv k\u00f6rupplevelse.<\/p>\n","protected":false},"excerpt":{"rendered":"<p>H\u00e4r \u00e4r nyckelpunkterna om att installera en Volvo 1.8 bensinmotor (motorkod: B4184S8) i olika bilm\u00e4rken, modeller och tillverknings\u00e5r:<\/p>\n<p>Bensinmotorn Volvo 1.8 introducerades f\u00f6rsta g\u00e5ngen 2006 och anv\u00e4ndes fram till 2010.<\/p>\n<p>Motorn installerades i olika Volvo-modeller, s\u00e5som C30, S40 och V50.<\/p>\n<p>Volvo C30 tillverkades mellan 2006 och 2013, och 1,8 bensinmotorn anv\u00e4ndes i tidiga modeller fram till 2009.<\/p>\n<p>Volvo S40 tillverkades mellan 2004 och 2012, och 1,8 bensinmotorn anv\u00e4ndes i tidiga modeller fram till 2009.<\/p>\n<p>Volvo V50 tillverkades mellan 2004 och 2012, och 1,8 bensinmotorn anv\u00e4ndes i tidiga modeller fram till 2009.<\/p>\n<p>Bensinmotorn Volvo 1.8 anv\u00e4ndes \u00e4ven i modellerna Ford Focus och Ford C-Max, eftersom Volvo \u00e4gdes av Ford vid den tidpunkt d\u00e5 motorn tillverkades. Motorn lades ner efter 2010 och ersattes av en 1,6 liters motor i Volvo-modeller. Totalt sett anv\u00e4ndes Volvo 1.8-bensinmotorn i olika Volvo-modeller och vissa Ford-modeller under dess tillverknings\u00e5r fr\u00e5n 2006 till 2010. Motorn ersattes senare av en annan motor i Volvo-modellerna.<\/p>\n","protected":false},"featured_media":4421,"template":"","meta":[],"product_brand":[],"product_cat":[528],"product_tag":[529,530],"class_list":{"0":"post-5532","1":"product","2":"type-product","3":"status-publish","4":"has-post-thumbnail","6":"product_cat-volvo-sv","7":"product_tag-c30-sv","8":"product_tag-v50-sv","9":"pa_varaosan-osasto-motor","12":"first","13":"instock","14":"shipping-taxable","15":"product-type-simple"},"yoast_head":"<!-- This site is optimized with the Yoast SEO plugin v26.8 - https:\/\/yoast.com\/product\/yoast-seo-wordpress\/ -->\n<title>1.8 &quot;B4184S8&quot; Motor [esim. Volvo C30, V50] - Autopartscenter24<\/title>\n<meta name=\"description\" content=\"En av de motorer som vi ofta har tillg\u00e4ngliga. Skicka en f\u00f6rfr\u00e5gan och f\u00e5 en offert inom 24 timmar. Motorer, v\u00e4xell\u00e5dor och andra bildelar under garanti.\" \/>\n<meta name=\"robots\" content=\"index, follow, max-snippet:-1, max-image-preview:large, max-video-preview:-1\" \/>\n<link rel=\"canonical\" href=\"https:\/\/autopartscenter24.com\/sv\/auton-varaosat\/1-8-b4184s8-moottori-esim-volvo-c30-v50\/\" \/>\n<meta property=\"og:locale\" content=\"sv_SE\" \/>\n<meta property=\"og:type\" content=\"article\" \/>\n<meta property=\"og:title\" content=\"1.8 &quot;B4184S8&quot; Motor [esim. Volvo C30, V50] - Autopartscenter24\" \/>\n<meta property=\"og:description\" content=\"En av de motorer som vi ofta har tillg\u00e4ngliga. Skicka en f\u00f6rfr\u00e5gan och f\u00e5 en offert inom 24 timmar. Motorer, v\u00e4xell\u00e5dor och andra bildelar under garanti.\" \/>\n<meta property=\"og:url\" content=\"https:\/\/autopartscenter24.com\/sv\/auton-varaosat\/1-8-b4184s8-moottori-esim-volvo-c30-v50\/\" \/>\n<meta property=\"og:site_name\" content=\"Autopartscenter24\" \/>\n<meta property=\"og:image\" content=\"https:\/\/autopartscenter24.com\/wp-content\/uploads\/2023\/03\/1-8-B4184S8-moottori-volvo-v50-s40-ii-c30-c-max.webp\" \/>\n\t<meta property=\"og:image:width\" content=\"800\" \/>\n\t<meta property=\"og:image:height\" content=\"600\" \/>\n\t<meta property=\"og:image:type\" content=\"image\/webp\" \/>\n<meta name=\"twitter:card\" content=\"summary_large_image\" \/>\n<meta name=\"twitter:label1\" content=\"Ber\u00e4knad l\u00e4stid\" \/>\n\t<meta name=\"twitter:data1\" content=\"1 minut\" \/>\n<script type=\"application\/ld+json\" class=\"yoast-schema-graph\">{\"@context\":\"https:\/\/schema.org\",\"@graph\":[{\"@type\":\"WebPage\",\"@id\":\"https:\/\/autopartscenter24.com\/auton-varaosat\/1-8-b4184s8-moottori-esim-volvo-c30-v50\/\",\"url\":\"https:\/\/autopartscenter24.com\/auton-varaosat\/1-8-b4184s8-moottori-esim-volvo-c30-v50\/\",\"name\":\"1.8 \\\"B4184S8\\\" Motor [esim. Volvo C30, V50] - Autopartscenter24\",\"isPartOf\":{\"@id\":\"https:\/\/autopartscenter24.com\/#website\"},\"primaryImageOfPage\":{\"@id\":\"https:\/\/autopartscenter24.com\/auton-varaosat\/1-8-b4184s8-moottori-esim-volvo-c30-v50\/#primaryimage\"},\"image\":{\"@id\":\"https:\/\/autopartscenter24.com\/auton-varaosat\/1-8-b4184s8-moottori-esim-volvo-c30-v50\/#primaryimage\"},\"thumbnailUrl\":\"https:\/\/autopartscenter24.com\/wp-content\/uploads\/2023\/03\/1-8-B4184S8-moottori-volvo-v50-s40-ii-c30-c-max.webp\",\"datePublished\":\"2023-11-26T19:57:51+00:00\",\"description\":\"En av de motorer som vi ofta har tillg\u00e4ngliga. Skicka en f\u00f6rfr\u00e5gan och f\u00e5 en offert inom 24 timmar. Motorer, v\u00e4xell\u00e5dor och andra bildelar under garanti.\",\"breadcrumb\":{\"@id\":\"https:\/\/autopartscenter24.com\/auton-varaosat\/1-8-b4184s8-moottori-esim-volvo-c30-v50\/#breadcrumb\"},\"inLanguage\":\"sv-SE\",\"potentialAction\":[{\"@type\":\"ReadAction\",\"target\":[\"https:\/\/autopartscenter24.com\/auton-varaosat\/1-8-b4184s8-moottori-esim-volvo-c30-v50\/\"]}]},{\"@type\":\"ImageObject\",\"inLanguage\":\"sv-SE\",\"@id\":\"https:\/\/autopartscenter24.com\/auton-varaosat\/1-8-b4184s8-moottori-esim-volvo-c30-v50\/#primaryimage\",\"url\":\"https:\/\/autopartscenter24.com\/wp-content\/uploads\/2023\/03\/1-8-B4184S8-moottori-volvo-v50-s40-ii-c30-c-max.webp\",\"contentUrl\":\"https:\/\/autopartscenter24.com\/wp-content\/uploads\/2023\/03\/1-8-B4184S8-moottori-volvo-v50-s40-ii-c30-c-max.webp\",\"width\":800,\"height\":600},{\"@type\":\"BreadcrumbList\",\"@id\":\"https:\/\/autopartscenter24.com\/auton-varaosat\/1-8-b4184s8-moottori-esim-volvo-c30-v50\/#breadcrumb\",\"itemListElement\":[{\"@type\":\"ListItem\",\"position\":1,\"name\":\"Hem\",\"item\":\"https:\/\/aliceblue-termite-662564.hostingersite.com\/\"},{\"@type\":\"ListItem\",\"position\":2,\"name\":\"Auton varaosat\",\"item\":\"https:\/\/aliceblue-termite-662564.hostingersite.com\/auton-varaosat\/\"},{\"@type\":\"ListItem\",\"position\":3,\"name\":\"1.8 &#8221;B4184S8&#8221; Motor [esim. Volvo C30, V50]\"}]},{\"@type\":\"WebSite\",\"@id\":\"https:\/\/autopartscenter24.com\/#website\",\"url\":\"https:\/\/autopartscenter24.com\/\",\"name\":\"Autopartscenter24\",\"description\":\"K\u00c4YTETYT JA KUNNOSTETUT  AUTON VARAOSAT\",\"potentialAction\":[{\"@type\":\"SearchAction\",\"target\":{\"@type\":\"EntryPoint\",\"urlTemplate\":\"https:\/\/autopartscenter24.com\/?s={search_term_string}\"},\"query-input\":{\"@type\":\"PropertyValueSpecification\",\"valueRequired\":true,\"valueName\":\"search_term_string\"}}],\"inLanguage\":\"sv-SE\"}]}<\/script>\n<!-- \/ Yoast SEO plugin. -->","yoast_head_json":{"title":"1.8 \"B4184S8\" Motor [esim. Volvo C30, V50] - Autopartscenter24","description":"En av de motorer som vi ofta har tillg\u00e4ngliga. Skicka en f\u00f6rfr\u00e5gan och f\u00e5 en offert inom 24 timmar. Motorer, v\u00e4xell\u00e5dor och andra bildelar under garanti.","robots":{"index":"index","follow":"follow","max-snippet":"max-snippet:-1","max-image-preview":"max-image-preview:large","max-video-preview":"max-video-preview:-1"},"canonical":"https:\/\/autopartscenter24.com\/sv\/auton-varaosat\/1-8-b4184s8-moottori-esim-volvo-c30-v50\/","og_locale":"sv_SE","og_type":"article","og_title":"1.8 \"B4184S8\" Motor [esim. Volvo C30, V50] - Autopartscenter24","og_description":"En av de motorer som vi ofta har tillg\u00e4ngliga. Skicka en f\u00f6rfr\u00e5gan och f\u00e5 en offert inom 24 timmar. Motorer, v\u00e4xell\u00e5dor och andra bildelar under garanti.","og_url":"https:\/\/autopartscenter24.com\/sv\/auton-varaosat\/1-8-b4184s8-moottori-esim-volvo-c30-v50\/","og_site_name":"Autopartscenter24","og_image":[{"width":800,"height":600,"url":"https:\/\/autopartscenter24.com\/wp-content\/uploads\/2023\/03\/1-8-B4184S8-moottori-volvo-v50-s40-ii-c30-c-max.webp","type":"image\/webp"}],"twitter_card":"summary_large_image","twitter_misc":{"Ber\u00e4knad l\u00e4stid":"1 minut"},"schema":{"@context":"https:\/\/schema.org","@graph":[{"@type":"WebPage","@id":"https:\/\/autopartscenter24.com\/auton-varaosat\/1-8-b4184s8-moottori-esim-volvo-c30-v50\/","url":"https:\/\/autopartscenter24.com\/auton-varaosat\/1-8-b4184s8-moottori-esim-volvo-c30-v50\/","name":"1.8 \"B4184S8\" Motor [esim. Volvo C30, V50] - Autopartscenter24","isPartOf":{"@id":"https:\/\/autopartscenter24.com\/#website"},"primaryImageOfPage":{"@id":"https:\/\/autopartscenter24.com\/auton-varaosat\/1-8-b4184s8-moottori-esim-volvo-c30-v50\/#primaryimage"},"image":{"@id":"https:\/\/autopartscenter24.com\/auton-varaosat\/1-8-b4184s8-moottori-esim-volvo-c30-v50\/#primaryimage"},"thumbnailUrl":"https:\/\/autopartscenter24.com\/wp-content\/uploads\/2023\/03\/1-8-B4184S8-moottori-volvo-v50-s40-ii-c30-c-max.webp","datePublished":"2023-11-26T19:57:51+00:00","description":"En av de motorer som vi ofta har tillg\u00e4ngliga. Skicka en f\u00f6rfr\u00e5gan och f\u00e5 en offert inom 24 timmar. Motorer, v\u00e4xell\u00e5dor och andra bildelar under garanti.","breadcrumb":{"@id":"https:\/\/autopartscenter24.com\/auton-varaosat\/1-8-b4184s8-moottori-esim-volvo-c30-v50\/#breadcrumb"},"inLanguage":"sv-SE","potentialAction":[{"@type":"ReadAction","target":["https:\/\/autopartscenter24.com\/auton-varaosat\/1-8-b4184s8-moottori-esim-volvo-c30-v50\/"]}]},{"@type":"ImageObject","inLanguage":"sv-SE","@id":"https:\/\/autopartscenter24.com\/auton-varaosat\/1-8-b4184s8-moottori-esim-volvo-c30-v50\/#primaryimage","url":"https:\/\/autopartscenter24.com\/wp-content\/uploads\/2023\/03\/1-8-B4184S8-moottori-volvo-v50-s40-ii-c30-c-max.webp","contentUrl":"https:\/\/autopartscenter24.com\/wp-content\/uploads\/2023\/03\/1-8-B4184S8-moottori-volvo-v50-s40-ii-c30-c-max.webp","width":800,"height":600},{"@type":"BreadcrumbList","@id":"https:\/\/autopartscenter24.com\/auton-varaosat\/1-8-b4184s8-moottori-esim-volvo-c30-v50\/#breadcrumb","itemListElement":[{"@type":"ListItem","position":1,"name":"Hem","item":"https:\/\/aliceblue-termite-662564.hostingersite.com\/"},{"@type":"ListItem","position":2,"name":"Auton varaosat","item":"https:\/\/aliceblue-termite-662564.hostingersite.com\/auton-varaosat\/"},{"@type":"ListItem","position":3,"name":"1.8 &#8221;B4184S8&#8221; Motor [esim. Volvo C30, V50]"}]},{"@type":"WebSite","@id":"https:\/\/autopartscenter24.com\/#website","url":"https:\/\/autopartscenter24.com\/","name":"Autopartscenter24","description":"K\u00c4YTETYT JA KUNNOSTETUT  AUTON VARAOSAT","potentialAction":[{"@type":"SearchAction","target":{"@type":"EntryPoint","urlTemplate":"https:\/\/autopartscenter24.com\/?s={search_term_string}"},"query-input":{"@type":"PropertyValueSpecification","valueRequired":true,"valueName":"search_term_string"}}],"inLanguage":"sv-SE"}]}},"_links":{"self":[{"href":"https:\/\/autopartscenter24.com\/sv\/wp-json\/wp\/v2\/product\/5532","targetHints":{"allow":["GET"]}}],"collection":[{"href":"https:\/\/autopartscenter24.com\/sv\/wp-json\/wp\/v2\/product"}],"about":[{"href":"https:\/\/autopartscenter24.com\/sv\/wp-json\/wp\/v2\/types\/product"}],"wp:featuredmedia":[{"embeddable":true,"href":"https:\/\/autopartscenter24.com\/sv\/wp-json\/wp\/v2\/media\/4421"}],"wp:attachment":[{"href":"https:\/\/autopartscenter24.com\/sv\/wp-json\/wp\/v2\/media?parent=5532"}],"wp:term":[{"taxonomy":"product_brand","embeddable":true,"href":"https:\/\/autopartscenter24.com\/sv\/wp-json\/wp\/v2\/product_brand?post=5532"},{"taxonomy":"product_cat","embeddable":true,"href":"https:\/\/autopartscenter24.com\/sv\/wp-json\/wp\/v2\/product_cat?post=5532"},{"taxonomy":"product_tag","embeddable":true,"href":"https:\/\/autopartscenter24.com\/sv\/wp-json\/wp\/v2\/product_tag?post=5532"}],"curies":[{"name":"wp","href":"https:\/\/api.w.org\/{rel}","templated":true}]}}