{"id":5531,"date":"2023-03-05T11:47:32","date_gmt":"2023-11-26T19:54:41","guid":{"rendered":"https:\/\/autopartscenter24.com\/product\/2-0-fsi-bvy-motor-esim-passat-touran-octavia\/"},"modified":"2023-11-26T20:54:41","modified_gmt":"2023-11-26T19:54:41","slug":"2-0-fsi-bvy-motor-vw-passat-touran-octavia","status":"publish","type":"product","link":"https:\/\/autopartscenter24.com\/sv\/auton-varaosat\/2-0-fsi-bvy-motor-vw-passat-touran-octavia\/","title":{"rendered":"2.0 FSI &#8221;BVY&#8221; Motor [esim. Passat, Touran, Octavia]"},"content":{"rendered":"<p><strong>2.0 FSI (motorkod: BVY) \u00e4r en bensindriven motor tillverkad av Volkswagen Group, introducerad 2003 och introducerad f\u00f6ljande \u00e5r.<\/strong> Utvecklingen av motorn startade fr\u00e5n Volkswagens \u00f6nskan att kombinera prestanda och ekonomi hos en bensinmotor i ett paket. P\u00e5 grund av detta lades m\u00e5nga innovativa tekniska l\u00f6sningar till motorn, vilket m\u00f6jliggjorde dess l\u00e4tta struktur och effektiva anv\u00e4ndning av br\u00e4nsle.<\/p>\n<p>Effektivitet och l\u00e5g milj\u00f6p\u00e5verkan betonades i konstruktionen av 2.0 FSI-motorn. Den inkluderar direktinsprutning, vilket f\u00f6rb\u00e4ttrar br\u00e4nsleekonomin och minskar utsl\u00e4ppen. Motorns cylinderblock \u00e4r tillverkat av borstad aluminium, vilket \u00f6kar dess h\u00e5llbarhet och minskar totalvikten.<\/p>\n<p>Cylindrarna i BVY-motorn \u00e4r 4-cylindriga och har 4 ventiler per cylinder. Motorn har ett slagvolym p\u00e5 1,984 cm\u00b3 och ett h\u00e5lslagf\u00f6rh\u00e5llande p\u00e5 82,5 mm \u00d7 92,8 mm. Motorns maximala effekt \u00e4r 150 hk (110 kW) vid 6 000 r\/min och dess maximala vridmoment \u00e4r 200 Nm vid 3 500 r\/min. Toppfarten f\u00f6r BVY-motorn \u00e4r cirka 211 km\/h och accelerationen fr\u00e5n 0 till 100 km\/h sker p\u00e5 cirka 9,6 sekunder.<\/p>\n<p>2.0 FSI-motorn har anv\u00e4nts i flera Volkswagen Group-bilar. Den omfattade t.ex. f\u00f6r f\u00f6ljande modeller: Volkswagen Golf (2004-2008), Volkswagen Jetta (2005-2010), Volkswagen Touran (2003-2015), Volkswagen Passat (2005-2010) och Audi A3 (2004-2013). Motorn \u00e4r mycket p\u00e5litlig, ekonomisk och h\u00f6gpresterande och anv\u00e4nds fortfarande i m\u00e5nga bilar runt om i v\u00e4rlden.<\/p>\n","protected":false},"excerpt":{"rendered":"<p>H\u00e4r \u00e4r huvudpunkterna d\u00e4r 2.0 FSI (motorkod: BVY)-motorn \u00e4r installerad i olika bilmodeller och \u00e5r:<\/p>\n<ul>\n<li>Volkswagen Golf GTI (2004-2008), Jetta (2005-2008)<\/li>\n<li>Audi A3 (2004-2013), Audi TT (2006-2014)<\/li>\n<li>SEAT Leon (2005-2012), Altea, Altea XL (2006-2015), Toledo (2004-2009)<\/li>\n<li>\u0160koda Octavia (2004-2013), \u0160koda Yeti (2009-2013)<\/li>\n<\/ul>\n<p>Tillverkningen av 2.0 FSI-motorn b\u00f6rjade 2003 och avslutades 2013, d\u00e5 den ersattes av nyare motorer i Volkswagen Groups bilar. Motorns toppeffekt ligger p\u00e5 runt 150-200 hk och den \u00e4r utrustad med direktinsprutning och turbo. Det \u00e4r ocks\u00e5 en mycket effektiv och l\u00e5gemissionsmotor som uppfyller Euro 4-emissionsnormerna. Sammantaget var 2.0 FSI-motorn ett popul\u00e4rt motoralternativ i m\u00e5nga Volkswagen Group-bilar under tillverkningsperioden.<\/p>\n","protected":false},"featured_media":4426,"template":"","meta":[],"product_brand":[],"product_cat":[470,469],"product_tag":[474,475,476],"class_list":{"0":"post-5531","1":"product","2":"type-product","3":"status-publish","4":"has-post-thumbnail","6":"product_cat-skoda-sv","7":"product_cat-vw-sv","8":"product_tag-octavia-sv","9":"product_tag-passat-sv","10":"product_tag-touran-sv","11":"pa_varaosan-osasto-motor","14":"first","15":"instock","16":"shipping-taxable","17":"product-type-simple"},"yoast_head":"<!-- This site is optimized with the Yoast SEO plugin v26.8 - https:\/\/yoast.com\/product\/yoast-seo-wordpress\/ -->\n<title>2.0 FSI &quot;BVY&quot; Motor [esim. Passat, Touran, Octavia]<\/title>\n<meta name=\"description\" content=\"En av de motorer som vi ofta har tillg\u00e4ngliga. Skicka en f\u00f6rfr\u00e5gan och f\u00e5 en offert inom 24 timmar. Motorer, v\u00e4xell\u00e5dor och andra bildelar under garanti.\" \/>\n<meta name=\"robots\" content=\"index, follow, max-snippet:-1, max-image-preview:large, max-video-preview:-1\" \/>\n<link rel=\"canonical\" href=\"https:\/\/autopartscenter24.com\/sv\/auton-varaosat\/2-0-fsi-bvy-moottori-vw-passat-touran-octavia\/\" \/>\n<meta property=\"og:locale\" content=\"sv_SE\" \/>\n<meta property=\"og:type\" content=\"article\" \/>\n<meta property=\"og:title\" content=\"2.0 FSI &quot;BVY&quot; Motor [esim. Passat, Touran, Octavia]\" \/>\n<meta property=\"og:description\" content=\"En av de motorer som vi ofta har tillg\u00e4ngliga. Skicka en f\u00f6rfr\u00e5gan och f\u00e5 en offert inom 24 timmar. Motorer, v\u00e4xell\u00e5dor och andra bildelar under garanti.\" \/>\n<meta property=\"og:url\" content=\"https:\/\/autopartscenter24.com\/sv\/auton-varaosat\/2-0-fsi-bvy-moottori-vw-passat-touran-octavia\/\" \/>\n<meta property=\"og:site_name\" content=\"Autopartscenter24\" \/>\n<meta property=\"og:image\" content=\"https:\/\/autopartscenter24.com\/wp-content\/uploads\/2023\/03\/2-0-fsi-BVY-moottori-vw-passat-touran-octavia.webp\" \/>\n\t<meta property=\"og:image:width\" content=\"800\" \/>\n\t<meta property=\"og:image:height\" content=\"600\" \/>\n\t<meta property=\"og:image:type\" content=\"image\/webp\" \/>\n<meta name=\"twitter:card\" content=\"summary_large_image\" \/>\n<meta name=\"twitter:label1\" content=\"Ber\u00e4knad l\u00e4stid\" \/>\n\t<meta name=\"twitter:data1\" content=\"1 minut\" \/>\n<script type=\"application\/ld+json\" class=\"yoast-schema-graph\">{\"@context\":\"https:\/\/schema.org\",\"@graph\":[{\"@type\":\"WebPage\",\"@id\":\"https:\/\/autopartscenter24.com\/auton-varaosat\/2-0-fsi-bvy-moottori-vw-passat-touran-octavia\/\",\"url\":\"https:\/\/autopartscenter24.com\/auton-varaosat\/2-0-fsi-bvy-moottori-vw-passat-touran-octavia\/\",\"name\":\"2.0 FSI \\\"BVY\\\" Motor [esim. Passat, Touran, Octavia]\",\"isPartOf\":{\"@id\":\"https:\/\/autopartscenter24.com\/#website\"},\"primaryImageOfPage\":{\"@id\":\"https:\/\/autopartscenter24.com\/auton-varaosat\/2-0-fsi-bvy-moottori-vw-passat-touran-octavia\/#primaryimage\"},\"image\":{\"@id\":\"https:\/\/autopartscenter24.com\/auton-varaosat\/2-0-fsi-bvy-moottori-vw-passat-touran-octavia\/#primaryimage\"},\"thumbnailUrl\":\"https:\/\/autopartscenter24.com\/wp-content\/uploads\/2023\/03\/2-0-fsi-BVY-moottori-vw-passat-touran-octavia.webp\",\"datePublished\":\"2023-11-26T19:54:41+00:00\",\"description\":\"En av de motorer som vi ofta har tillg\u00e4ngliga. Skicka en f\u00f6rfr\u00e5gan och f\u00e5 en offert inom 24 timmar. Motorer, v\u00e4xell\u00e5dor och andra bildelar under garanti.\",\"breadcrumb\":{\"@id\":\"https:\/\/autopartscenter24.com\/auton-varaosat\/2-0-fsi-bvy-moottori-vw-passat-touran-octavia\/#breadcrumb\"},\"inLanguage\":\"sv-SE\",\"potentialAction\":[{\"@type\":\"ReadAction\",\"target\":[\"https:\/\/autopartscenter24.com\/auton-varaosat\/2-0-fsi-bvy-moottori-vw-passat-touran-octavia\/\"]}]},{\"@type\":\"ImageObject\",\"inLanguage\":\"sv-SE\",\"@id\":\"https:\/\/autopartscenter24.com\/auton-varaosat\/2-0-fsi-bvy-moottori-vw-passat-touran-octavia\/#primaryimage\",\"url\":\"https:\/\/autopartscenter24.com\/wp-content\/uploads\/2023\/03\/2-0-fsi-BVY-moottori-vw-passat-touran-octavia.webp\",\"contentUrl\":\"https:\/\/autopartscenter24.com\/wp-content\/uploads\/2023\/03\/2-0-fsi-BVY-moottori-vw-passat-touran-octavia.webp\",\"width\":800,\"height\":600},{\"@type\":\"BreadcrumbList\",\"@id\":\"https:\/\/autopartscenter24.com\/auton-varaosat\/2-0-fsi-bvy-moottori-vw-passat-touran-octavia\/#breadcrumb\",\"itemListElement\":[{\"@type\":\"ListItem\",\"position\":1,\"name\":\"Hem\",\"item\":\"https:\/\/aliceblue-termite-662564.hostingersite.com\/\"},{\"@type\":\"ListItem\",\"position\":2,\"name\":\"Auton varaosat\",\"item\":\"https:\/\/aliceblue-termite-662564.hostingersite.com\/auton-varaosat\/\"},{\"@type\":\"ListItem\",\"position\":3,\"name\":\"2.0 FSI &#8221;BVY&#8221; Motor [esim. Passat, Touran, Octavia]\"}]},{\"@type\":\"WebSite\",\"@id\":\"https:\/\/autopartscenter24.com\/#website\",\"url\":\"https:\/\/autopartscenter24.com\/\",\"name\":\"Autopartscenter24\",\"description\":\"K\u00c4YTETYT JA KUNNOSTETUT  AUTON VARAOSAT\",\"potentialAction\":[{\"@type\":\"SearchAction\",\"target\":{\"@type\":\"EntryPoint\",\"urlTemplate\":\"https:\/\/autopartscenter24.com\/?s={search_term_string}\"},\"query-input\":{\"@type\":\"PropertyValueSpecification\",\"valueRequired\":true,\"valueName\":\"search_term_string\"}}],\"inLanguage\":\"sv-SE\"}]}<\/script>\n<!-- \/ Yoast SEO plugin. -->","yoast_head_json":{"title":"2.0 FSI \"BVY\" Motor [esim. Passat, Touran, Octavia]","description":"En av de motorer som vi ofta har tillg\u00e4ngliga. Skicka en f\u00f6rfr\u00e5gan och f\u00e5 en offert inom 24 timmar. Motorer, v\u00e4xell\u00e5dor och andra bildelar under garanti.","robots":{"index":"index","follow":"follow","max-snippet":"max-snippet:-1","max-image-preview":"max-image-preview:large","max-video-preview":"max-video-preview:-1"},"canonical":"https:\/\/autopartscenter24.com\/sv\/auton-varaosat\/2-0-fsi-bvy-moottori-vw-passat-touran-octavia\/","og_locale":"sv_SE","og_type":"article","og_title":"2.0 FSI \"BVY\" Motor [esim. Passat, Touran, Octavia]","og_description":"En av de motorer som vi ofta har tillg\u00e4ngliga. Skicka en f\u00f6rfr\u00e5gan och f\u00e5 en offert inom 24 timmar. Motorer, v\u00e4xell\u00e5dor och andra bildelar under garanti.","og_url":"https:\/\/autopartscenter24.com\/sv\/auton-varaosat\/2-0-fsi-bvy-moottori-vw-passat-touran-octavia\/","og_site_name":"Autopartscenter24","og_image":[{"width":800,"height":600,"url":"https:\/\/autopartscenter24.com\/wp-content\/uploads\/2023\/03\/2-0-fsi-BVY-moottori-vw-passat-touran-octavia.webp","type":"image\/webp"}],"twitter_card":"summary_large_image","twitter_misc":{"Ber\u00e4knad l\u00e4stid":"1 minut"},"schema":{"@context":"https:\/\/schema.org","@graph":[{"@type":"WebPage","@id":"https:\/\/autopartscenter24.com\/auton-varaosat\/2-0-fsi-bvy-moottori-vw-passat-touran-octavia\/","url":"https:\/\/autopartscenter24.com\/auton-varaosat\/2-0-fsi-bvy-moottori-vw-passat-touran-octavia\/","name":"2.0 FSI \"BVY\" Motor [esim. Passat, Touran, Octavia]","isPartOf":{"@id":"https:\/\/autopartscenter24.com\/#website"},"primaryImageOfPage":{"@id":"https:\/\/autopartscenter24.com\/auton-varaosat\/2-0-fsi-bvy-moottori-vw-passat-touran-octavia\/#primaryimage"},"image":{"@id":"https:\/\/autopartscenter24.com\/auton-varaosat\/2-0-fsi-bvy-moottori-vw-passat-touran-octavia\/#primaryimage"},"thumbnailUrl":"https:\/\/autopartscenter24.com\/wp-content\/uploads\/2023\/03\/2-0-fsi-BVY-moottori-vw-passat-touran-octavia.webp","datePublished":"2023-11-26T19:54:41+00:00","description":"En av de motorer som vi ofta har tillg\u00e4ngliga. Skicka en f\u00f6rfr\u00e5gan och f\u00e5 en offert inom 24 timmar. Motorer, v\u00e4xell\u00e5dor och andra bildelar under garanti.","breadcrumb":{"@id":"https:\/\/autopartscenter24.com\/auton-varaosat\/2-0-fsi-bvy-moottori-vw-passat-touran-octavia\/#breadcrumb"},"inLanguage":"sv-SE","potentialAction":[{"@type":"ReadAction","target":["https:\/\/autopartscenter24.com\/auton-varaosat\/2-0-fsi-bvy-moottori-vw-passat-touran-octavia\/"]}]},{"@type":"ImageObject","inLanguage":"sv-SE","@id":"https:\/\/autopartscenter24.com\/auton-varaosat\/2-0-fsi-bvy-moottori-vw-passat-touran-octavia\/#primaryimage","url":"https:\/\/autopartscenter24.com\/wp-content\/uploads\/2023\/03\/2-0-fsi-BVY-moottori-vw-passat-touran-octavia.webp","contentUrl":"https:\/\/autopartscenter24.com\/wp-content\/uploads\/2023\/03\/2-0-fsi-BVY-moottori-vw-passat-touran-octavia.webp","width":800,"height":600},{"@type":"BreadcrumbList","@id":"https:\/\/autopartscenter24.com\/auton-varaosat\/2-0-fsi-bvy-moottori-vw-passat-touran-octavia\/#breadcrumb","itemListElement":[{"@type":"ListItem","position":1,"name":"Hem","item":"https:\/\/aliceblue-termite-662564.hostingersite.com\/"},{"@type":"ListItem","position":2,"name":"Auton varaosat","item":"https:\/\/aliceblue-termite-662564.hostingersite.com\/auton-varaosat\/"},{"@type":"ListItem","position":3,"name":"2.0 FSI &#8221;BVY&#8221; Motor [esim. Passat, Touran, Octavia]"}]},{"@type":"WebSite","@id":"https:\/\/autopartscenter24.com\/#website","url":"https:\/\/autopartscenter24.com\/","name":"Autopartscenter24","description":"K\u00c4YTETYT JA KUNNOSTETUT  AUTON VARAOSAT","potentialAction":[{"@type":"SearchAction","target":{"@type":"EntryPoint","urlTemplate":"https:\/\/autopartscenter24.com\/?s={search_term_string}"},"query-input":{"@type":"PropertyValueSpecification","valueRequired":true,"valueName":"search_term_string"}}],"inLanguage":"sv-SE"}]}},"_links":{"self":[{"href":"https:\/\/autopartscenter24.com\/sv\/wp-json\/wp\/v2\/product\/5531","targetHints":{"allow":["GET"]}}],"collection":[{"href":"https:\/\/autopartscenter24.com\/sv\/wp-json\/wp\/v2\/product"}],"about":[{"href":"https:\/\/autopartscenter24.com\/sv\/wp-json\/wp\/v2\/types\/product"}],"wp:featuredmedia":[{"embeddable":true,"href":"https:\/\/autopartscenter24.com\/sv\/wp-json\/wp\/v2\/media\/4426"}],"wp:attachment":[{"href":"https:\/\/autopartscenter24.com\/sv\/wp-json\/wp\/v2\/media?parent=5531"}],"wp:term":[{"taxonomy":"product_brand","embeddable":true,"href":"https:\/\/autopartscenter24.com\/sv\/wp-json\/wp\/v2\/product_brand?post=5531"},{"taxonomy":"product_cat","embeddable":true,"href":"https:\/\/autopartscenter24.com\/sv\/wp-json\/wp\/v2\/product_cat?post=5531"},{"taxonomy":"product_tag","embeddable":true,"href":"https:\/\/autopartscenter24.com\/sv\/wp-json\/wp\/v2\/product_tag?post=5531"}],"curies":[{"name":"wp","href":"https:\/\/api.w.org\/{rel}","templated":true}]}}