{"id":5529,"date":"2023-03-05T12:01:34","date_gmt":"2023-11-26T19:47:06","guid":{"rendered":"https:\/\/autopartscenter24.com\/product\/1-8-r18z4-motor-esim-honda-civic\/"},"modified":"2023-11-26T20:47:06","modified_gmt":"2023-11-26T19:47:06","slug":"1-8-r18z4-motor-esim-honda-civic","status":"publish","type":"product","link":"https:\/\/autopartscenter24.com\/sv\/auton-varaosat\/1-8-r18z4-motor-esim-honda-civic\/","title":{"rendered":"1.8 &#8221;R18Z4&#8221; Motor [esim. Honda Civic]"},"content":{"rendered":"<p><strong>Honda 1.8-motorn (motorkod: R18Z4) \u00e4r en fyrcylindrig radmotor utvecklad f\u00f6r Hondas R-serie.<\/strong> Motorn har en cylindervolym p\u00e5 1,8 liter och \u00e4r utrustad med Hondas i-VTEC-system, vilket m\u00f6jligg\u00f6r b\u00e4ttre br\u00e4nsleekonomi och mer kraft. Motorn anv\u00e4nder \u00e4ven Hondas Eco Assist-system, som hj\u00e4lper f\u00f6raren att spara br\u00e4nsle.<\/p>\n<p>Honda 1.8-motorn har anv\u00e4nts i flera Honda-modeller. Den introducerades f\u00f6rst i Honda Civic-modellen 2006 och anv\u00e4ndes fram till 2015. Senare anv\u00e4ndes motorn \u00e4ven i Honda HR-V och Honda CR-V.<\/p>\n<p>Motorns toppeffekt \u00e4r 141 h\u00e4stkrafter (105 kW) och vridmoment 174 Nm. Motorn \u00e4r utrustad med Hondas i-VTEC-system, som m\u00f6jligg\u00f6r exakt justering av ventil\u00f6ppning och st\u00e4ngning. Detta m\u00f6jligg\u00f6r b\u00e4ttre br\u00e4nsleekonomi och h\u00f6gre effekt. Motorn \u00e4r \u00e4ven utrustad med Hondas ECO-l\u00e4ge som hj\u00e4lper f\u00f6raren att spara br\u00e4nsle.<\/p>\n<p>Transmissioner som \u00e4r kompatibla med motorn inkluderar en 5-v\u00e4xlad manuell v\u00e4xell\u00e5da och en 5-v\u00e4xlad automatisk v\u00e4xell\u00e5da. Hondas 1.8-motor har ocks\u00e5 f\u00e5tt ett gott rykte f\u00f6r p\u00e5litlighet och h\u00e5llbarhet.<\/p>\n<p>Sammanfattningsvis \u00e4r Honda 1.8-motorn (motorkod: R18Z4) en fyrcylindrig radmotor utrustad med Hondas i-VTEC-system och Hondas Eco Assist-system. Motorn har anv\u00e4nts i flera Honda-modeller, s\u00e5som Civic, HR-V och CR-V. Motorns toppeffekt \u00e4r 141 h\u00e4stkrafter (105 kW) och vridmoment 174 Nm. Transmissioner som \u00e4r kompatibla med motorn inkluderar en 5-v\u00e4xlad manuell v\u00e4xell\u00e5da och en 5-v\u00e4xlad automatisk v\u00e4xell\u00e5da.<\/p>\n","protected":false},"excerpt":{"rendered":"<p>H\u00e4r \u00e4r den viktigaste informationen om installationen av Honda 1.8-motorn (motorkod: R18Z4) i olika bilmodeller:<\/p>\n<p>Honda 1.8-motorn introducerades 2006 och anv\u00e4ndes fram till 2017.<\/p>\n<p>Motorn installerades i olika Honda-modeller inklusive Civic, CR-V, HR-V och Insight.<\/p>\n<p>Motorn anv\u00e4ndes i Honda Civic-modeller fr\u00e5n 2006 \u00e5rs modell och fram\u00e5t, inklusive Civic Si, Civic Type R och Civic Hybrid-modellerna.<\/p>\n<p>Motorn anv\u00e4ndes i Honda CR-V fr\u00e5n 2006 till 2011 och igen fr\u00e5n 2015.<\/p>\n<p>I Honda HR-V anv\u00e4ndes motorn fr\u00e5n 2015 till 2018 och igen fr\u00e5n 2021.<\/p>\n<p>Motorn anv\u00e4ndes i Honda Insight fr\u00e5n 2010-2014 och igen fr\u00e5n 2019.<\/p>\n<p>Honda 1.8-motorn anv\u00e4ndes \u00e4ven i Acura CSX och ILX, modeller tillverkade av Acura, Hondas lyxm\u00e4rke.<\/p>\n<p>Sammanfattningsvis anv\u00e4ndes Honda 1.8-motorn i olika Honda-modeller och vissa Acura-modeller under tillverknings\u00e5ren 2006-2017.<\/p>\n","protected":false},"featured_media":4441,"template":"","meta":[],"product_brand":[],"product_cat":[569],"product_tag":[670,671,672],"class_list":{"0":"post-5529","1":"product","2":"type-product","3":"status-publish","4":"has-post-thumbnail","6":"product_cat-honda-sv","7":"product_tag-civic-sv","8":"product_tag-cr-v-sv","9":"product_tag-hr-v-sv","10":"pa_varaosan-osasto-motor","13":"first","14":"instock","15":"shipping-taxable","16":"product-type-simple"},"yoast_head":"<!-- This site is optimized with the Yoast SEO plugin v26.8 - https:\/\/yoast.com\/product\/yoast-seo-wordpress\/ -->\n<title>1.8 &quot;R18Z4&quot; Motor [esim. Honda Civic] - Autopartscenter24<\/title>\n<meta name=\"description\" content=\"En av de motorer som vi ofta har tillg\u00e4ngliga. Skicka en f\u00f6rfr\u00e5gan och f\u00e5 en offert inom 24 timmar. Motorer, v\u00e4xell\u00e5dor och andra bildelar under garanti.\" \/>\n<meta name=\"robots\" content=\"index, follow, max-snippet:-1, max-image-preview:large, max-video-preview:-1\" \/>\n<link rel=\"canonical\" href=\"https:\/\/autopartscenter24.com\/sv\/auton-varaosat\/1-8-r18z4-moottori-esim-honda-civic\/\" \/>\n<meta property=\"og:locale\" content=\"sv_SE\" \/>\n<meta property=\"og:type\" content=\"article\" \/>\n<meta property=\"og:title\" content=\"1.8 &quot;R18Z4&quot; Motor [esim. Honda Civic] - Autopartscenter24\" \/>\n<meta property=\"og:description\" content=\"En av de motorer som vi ofta har tillg\u00e4ngliga. Skicka en f\u00f6rfr\u00e5gan och f\u00e5 en offert inom 24 timmar. Motorer, v\u00e4xell\u00e5dor och andra bildelar under garanti.\" \/>\n<meta property=\"og:url\" content=\"https:\/\/autopartscenter24.com\/sv\/auton-varaosat\/1-8-r18z4-moottori-esim-honda-civic\/\" \/>\n<meta property=\"og:site_name\" content=\"Autopartscenter24\" \/>\n<meta property=\"og:image\" content=\"https:\/\/autopartscenter24.com\/wp-content\/uploads\/2023\/03\/1-8-R18Z4-moottori-honda-civic-ix.webp\" \/>\n\t<meta property=\"og:image:width\" content=\"800\" \/>\n\t<meta property=\"og:image:height\" content=\"600\" \/>\n\t<meta property=\"og:image:type\" content=\"image\/webp\" \/>\n<meta name=\"twitter:card\" content=\"summary_large_image\" \/>\n<meta name=\"twitter:label1\" content=\"Ber\u00e4knad l\u00e4stid\" \/>\n\t<meta name=\"twitter:data1\" content=\"1 minut\" \/>\n<script type=\"application\/ld+json\" class=\"yoast-schema-graph\">{\"@context\":\"https:\/\/schema.org\",\"@graph\":[{\"@type\":\"WebPage\",\"@id\":\"https:\/\/autopartscenter24.com\/auton-varaosat\/1-8-r18z4-moottori-esim-honda-civic\/\",\"url\":\"https:\/\/autopartscenter24.com\/auton-varaosat\/1-8-r18z4-moottori-esim-honda-civic\/\",\"name\":\"1.8 \\\"R18Z4\\\" Motor [esim. Honda Civic] - Autopartscenter24\",\"isPartOf\":{\"@id\":\"https:\/\/autopartscenter24.com\/#website\"},\"primaryImageOfPage\":{\"@id\":\"https:\/\/autopartscenter24.com\/auton-varaosat\/1-8-r18z4-moottori-esim-honda-civic\/#primaryimage\"},\"image\":{\"@id\":\"https:\/\/autopartscenter24.com\/auton-varaosat\/1-8-r18z4-moottori-esim-honda-civic\/#primaryimage\"},\"thumbnailUrl\":\"https:\/\/autopartscenter24.com\/wp-content\/uploads\/2023\/03\/1-8-R18Z4-moottori-honda-civic-ix.webp\",\"datePublished\":\"2023-11-26T19:47:06+00:00\",\"description\":\"En av de motorer som vi ofta har tillg\u00e4ngliga. Skicka en f\u00f6rfr\u00e5gan och f\u00e5 en offert inom 24 timmar. Motorer, v\u00e4xell\u00e5dor och andra bildelar under garanti.\",\"breadcrumb\":{\"@id\":\"https:\/\/autopartscenter24.com\/auton-varaosat\/1-8-r18z4-moottori-esim-honda-civic\/#breadcrumb\"},\"inLanguage\":\"sv-SE\",\"potentialAction\":[{\"@type\":\"ReadAction\",\"target\":[\"https:\/\/autopartscenter24.com\/auton-varaosat\/1-8-r18z4-moottori-esim-honda-civic\/\"]}]},{\"@type\":\"ImageObject\",\"inLanguage\":\"sv-SE\",\"@id\":\"https:\/\/autopartscenter24.com\/auton-varaosat\/1-8-r18z4-moottori-esim-honda-civic\/#primaryimage\",\"url\":\"https:\/\/autopartscenter24.com\/wp-content\/uploads\/2023\/03\/1-8-R18Z4-moottori-honda-civic-ix.webp\",\"contentUrl\":\"https:\/\/autopartscenter24.com\/wp-content\/uploads\/2023\/03\/1-8-R18Z4-moottori-honda-civic-ix.webp\",\"width\":800,\"height\":600},{\"@type\":\"BreadcrumbList\",\"@id\":\"https:\/\/autopartscenter24.com\/auton-varaosat\/1-8-r18z4-moottori-esim-honda-civic\/#breadcrumb\",\"itemListElement\":[{\"@type\":\"ListItem\",\"position\":1,\"name\":\"Hem\",\"item\":\"https:\/\/aliceblue-termite-662564.hostingersite.com\/\"},{\"@type\":\"ListItem\",\"position\":2,\"name\":\"Auton varaosat\",\"item\":\"https:\/\/aliceblue-termite-662564.hostingersite.com\/auton-varaosat\/\"},{\"@type\":\"ListItem\",\"position\":3,\"name\":\"1.8 &#8221;R18Z4&#8221; Motor [esim. Honda Civic]\"}]},{\"@type\":\"WebSite\",\"@id\":\"https:\/\/autopartscenter24.com\/#website\",\"url\":\"https:\/\/autopartscenter24.com\/\",\"name\":\"Autopartscenter24\",\"description\":\"K\u00c4YTETYT JA KUNNOSTETUT  AUTON VARAOSAT\",\"potentialAction\":[{\"@type\":\"SearchAction\",\"target\":{\"@type\":\"EntryPoint\",\"urlTemplate\":\"https:\/\/autopartscenter24.com\/?s={search_term_string}\"},\"query-input\":{\"@type\":\"PropertyValueSpecification\",\"valueRequired\":true,\"valueName\":\"search_term_string\"}}],\"inLanguage\":\"sv-SE\"}]}<\/script>\n<!-- \/ Yoast SEO plugin. -->","yoast_head_json":{"title":"1.8 \"R18Z4\" Motor [esim. Honda Civic] - Autopartscenter24","description":"En av de motorer som vi ofta har tillg\u00e4ngliga. Skicka en f\u00f6rfr\u00e5gan och f\u00e5 en offert inom 24 timmar. Motorer, v\u00e4xell\u00e5dor och andra bildelar under garanti.","robots":{"index":"index","follow":"follow","max-snippet":"max-snippet:-1","max-image-preview":"max-image-preview:large","max-video-preview":"max-video-preview:-1"},"canonical":"https:\/\/autopartscenter24.com\/sv\/auton-varaosat\/1-8-r18z4-moottori-esim-honda-civic\/","og_locale":"sv_SE","og_type":"article","og_title":"1.8 \"R18Z4\" Motor [esim. Honda Civic] - Autopartscenter24","og_description":"En av de motorer som vi ofta har tillg\u00e4ngliga. Skicka en f\u00f6rfr\u00e5gan och f\u00e5 en offert inom 24 timmar. Motorer, v\u00e4xell\u00e5dor och andra bildelar under garanti.","og_url":"https:\/\/autopartscenter24.com\/sv\/auton-varaosat\/1-8-r18z4-moottori-esim-honda-civic\/","og_site_name":"Autopartscenter24","og_image":[{"width":800,"height":600,"url":"https:\/\/autopartscenter24.com\/wp-content\/uploads\/2023\/03\/1-8-R18Z4-moottori-honda-civic-ix.webp","type":"image\/webp"}],"twitter_card":"summary_large_image","twitter_misc":{"Ber\u00e4knad l\u00e4stid":"1 minut"},"schema":{"@context":"https:\/\/schema.org","@graph":[{"@type":"WebPage","@id":"https:\/\/autopartscenter24.com\/auton-varaosat\/1-8-r18z4-moottori-esim-honda-civic\/","url":"https:\/\/autopartscenter24.com\/auton-varaosat\/1-8-r18z4-moottori-esim-honda-civic\/","name":"1.8 \"R18Z4\" Motor [esim. Honda Civic] - Autopartscenter24","isPartOf":{"@id":"https:\/\/autopartscenter24.com\/#website"},"primaryImageOfPage":{"@id":"https:\/\/autopartscenter24.com\/auton-varaosat\/1-8-r18z4-moottori-esim-honda-civic\/#primaryimage"},"image":{"@id":"https:\/\/autopartscenter24.com\/auton-varaosat\/1-8-r18z4-moottori-esim-honda-civic\/#primaryimage"},"thumbnailUrl":"https:\/\/autopartscenter24.com\/wp-content\/uploads\/2023\/03\/1-8-R18Z4-moottori-honda-civic-ix.webp","datePublished":"2023-11-26T19:47:06+00:00","description":"En av de motorer som vi ofta har tillg\u00e4ngliga. Skicka en f\u00f6rfr\u00e5gan och f\u00e5 en offert inom 24 timmar. Motorer, v\u00e4xell\u00e5dor och andra bildelar under garanti.","breadcrumb":{"@id":"https:\/\/autopartscenter24.com\/auton-varaosat\/1-8-r18z4-moottori-esim-honda-civic\/#breadcrumb"},"inLanguage":"sv-SE","potentialAction":[{"@type":"ReadAction","target":["https:\/\/autopartscenter24.com\/auton-varaosat\/1-8-r18z4-moottori-esim-honda-civic\/"]}]},{"@type":"ImageObject","inLanguage":"sv-SE","@id":"https:\/\/autopartscenter24.com\/auton-varaosat\/1-8-r18z4-moottori-esim-honda-civic\/#primaryimage","url":"https:\/\/autopartscenter24.com\/wp-content\/uploads\/2023\/03\/1-8-R18Z4-moottori-honda-civic-ix.webp","contentUrl":"https:\/\/autopartscenter24.com\/wp-content\/uploads\/2023\/03\/1-8-R18Z4-moottori-honda-civic-ix.webp","width":800,"height":600},{"@type":"BreadcrumbList","@id":"https:\/\/autopartscenter24.com\/auton-varaosat\/1-8-r18z4-moottori-esim-honda-civic\/#breadcrumb","itemListElement":[{"@type":"ListItem","position":1,"name":"Hem","item":"https:\/\/aliceblue-termite-662564.hostingersite.com\/"},{"@type":"ListItem","position":2,"name":"Auton varaosat","item":"https:\/\/aliceblue-termite-662564.hostingersite.com\/auton-varaosat\/"},{"@type":"ListItem","position":3,"name":"1.8 &#8221;R18Z4&#8221; Motor [esim. Honda Civic]"}]},{"@type":"WebSite","@id":"https:\/\/autopartscenter24.com\/#website","url":"https:\/\/autopartscenter24.com\/","name":"Autopartscenter24","description":"K\u00c4YTETYT JA KUNNOSTETUT  AUTON VARAOSAT","potentialAction":[{"@type":"SearchAction","target":{"@type":"EntryPoint","urlTemplate":"https:\/\/autopartscenter24.com\/?s={search_term_string}"},"query-input":{"@type":"PropertyValueSpecification","valueRequired":true,"valueName":"search_term_string"}}],"inLanguage":"sv-SE"}]}},"_links":{"self":[{"href":"https:\/\/autopartscenter24.com\/sv\/wp-json\/wp\/v2\/product\/5529","targetHints":{"allow":["GET"]}}],"collection":[{"href":"https:\/\/autopartscenter24.com\/sv\/wp-json\/wp\/v2\/product"}],"about":[{"href":"https:\/\/autopartscenter24.com\/sv\/wp-json\/wp\/v2\/types\/product"}],"wp:featuredmedia":[{"embeddable":true,"href":"https:\/\/autopartscenter24.com\/sv\/wp-json\/wp\/v2\/media\/4441"}],"wp:attachment":[{"href":"https:\/\/autopartscenter24.com\/sv\/wp-json\/wp\/v2\/media?parent=5529"}],"wp:term":[{"taxonomy":"product_brand","embeddable":true,"href":"https:\/\/autopartscenter24.com\/sv\/wp-json\/wp\/v2\/product_brand?post=5529"},{"taxonomy":"product_cat","embeddable":true,"href":"https:\/\/autopartscenter24.com\/sv\/wp-json\/wp\/v2\/product_cat?post=5529"},{"taxonomy":"product_tag","embeddable":true,"href":"https:\/\/autopartscenter24.com\/sv\/wp-json\/wp\/v2\/product_tag?post=5529"}],"curies":[{"name":"wp","href":"https:\/\/api.w.org\/{rel}","templated":true}]}}