{"id":5526,"date":"2023-03-05T12:20:40","date_gmt":"2023-11-26T19:25:18","guid":{"rendered":"https:\/\/autopartscenter24.com\/product\/2-2-d4d-2ad-ftv-motor-esim-toyota-avensis-t27\/"},"modified":"2023-11-26T20:25:18","modified_gmt":"2023-11-26T19:25:18","slug":"2-2-d4d-2ad-ftv-avensis-t27-motor","status":"publish","type":"product","link":"https:\/\/autopartscenter24.com\/sv\/auton-varaosat\/2-2-d4d-2ad-ftv-avensis-t27-motor\/","title":{"rendered":"2.2 D4D &#8221;2AD-FTV&#8221; Motor [esim. Toyota Avensis T27]"},"content":{"rendered":"<p><strong>Toyota 2.2 D4D (motorkod: 2AD-FTV)<\/strong> \u00e4r en dieselmotor som introducerades av Toyota 2005. Den \u00e4r utrustad med fyra cylindrar och en kamrem, med en maximal effekt p\u00e5 130 hk (97 kW) och ett maximalt vridmoment p\u00e5 310 Nm. Motorn har tv\u00e5 kamaxlar och dess cylindrar \u00e4r gjorda av aluminium. Motorn har ocks\u00e5 ett direktinsprutningssystem, tack vare vilket br\u00e4nsleekonomin \u00e4r mycket bra. Toyota 2.2 D4D-motorn har anv\u00e4nts i flera Toyota-modeller under olika epoker. Den anv\u00e4ndes f\u00f6rsta g\u00e5ngen i Toyota Avensis och Toyota Corolla 2005.   <\/p>\n<p>  Senare anv\u00e4ndes den \u00e4ven i f\u00f6ljande Toyota-modeller:<\/p>\n<ul>\n<li>Toyota Auris (2007-2012)<\/li>\n<li>Toyota RAV4 (2006-2013)<\/li>\n<li>Toyota Verso (2009-2013)<\/li>\n<li>Toyota Avensis (2008-2018)<\/li>\n<li>Toyota Prius (2009-2016)<\/li>\n<\/ul>\n<p>Toyota 2.2 D4D-motorn var ett popul\u00e4rt val i m\u00e5nga Toyota-modeller p\u00e5 grund av dess ekonomi och tillf\u00f6rlitlighet. F\u00f6rutom Toyota-modeller anv\u00e4ndes motorn \u00e4ven i Citro\u00ebn-, Peugeot- och BMW-modeller, eftersom Toyota levererade motorn \u00e4ven till dessa tillverkare.<\/p>\n<p>Toyota 2.2 D4D-motorn anv\u00e4ndes i m\u00e5nga Toyota-modeller i \u00f6ver tio \u00e5r och var ett popul\u00e4rt val p\u00e5 m\u00e5nga marknader. Motorns h\u00f6ga effektivitet och br\u00e4nsleekonomi gjorde den till ett attraktivt alternativ f\u00f6r konsumenter som ville ha en ekonomisk och p\u00e5litlig bil.<\/p>\n","protected":false},"excerpt":{"rendered":"<p>H\u00e4r \u00e4r nyckelpunkterna om bilm\u00e4rkena, modellerna och tillverknings\u00e5ren d\u00e4r Toyota 2.2 D4D-motorn (motorkod: 2AD-FTV) har anv\u00e4nts:<\/p>\n<ul>\n<li>Toyota Avensis: 2005 &#8211; 2018<\/li>\n<li>Toyota Auris: 2007 &#8211; 2012<\/li>\n<li>Toyota Corolla: 2007 &#8211; 2013<\/li>\n<li>Toyota RAV4: 2006 &#8211; 2013<\/li>\n<li>Toyota Verso: 2009 &#8211; 2018<\/li>\n<li>Toyota Urban Cruiser: 2009 &#8211; 2012<\/li>\n<\/ul>\n<p>2.2 D4D-motorn \u00e4r en fyrcylindrig turbodieselmotor som tillverkas vid Toyota-fabriken i Iwate, Japan. Motorns maximala effekt \u00e4r 177 hk och maximalt vridmoment \u00e4r 400 Nm. Motorns br\u00e4nslesystem \u00e4r Common Rail-teknik som m\u00f6jligg\u00f6r exakt br\u00e4nsleinsprutning och d\u00e4rmed b\u00e4ttre br\u00e4nsleekonomi och l\u00e4gre utsl\u00e4pp.<\/p>\n<p>Toyota anv\u00e4nder denna motor i flera av sina bilmodeller, s\u00e5som Avensis, Auris, Corolla, RAV4, Verso och Urban Cruiser. Motorn har varit i bruk fr\u00e5n 2005 till 2018, tills den ersattes med en nyare motor. 2.2 D4D-motorn har varit ett popul\u00e4rt val f\u00f6r Toyotas dieselbilar p\u00e5 grund av dess tillf\u00f6rlitlighet, ekonomi och prestanda.<\/p>\n","protected":false},"featured_media":4456,"template":"","meta":[],"product_brand":[],"product_cat":[637],"product_tag":[699,706,701,685,748],"class_list":{"0":"post-5526","1":"product","2":"type-product","3":"status-publish","4":"has-post-thumbnail","6":"product_cat-toyota-sv","7":"product_tag-auris-sv","8":"product_tag-avensis-sv","9":"product_tag-corolla-sv","10":"product_tag-rav-4-sv","11":"product_tag-verso-sv","12":"pa_varaosan-osasto-motor","15":"first","16":"instock","17":"shipping-taxable","18":"product-type-simple"},"yoast_head":"<!-- This site is optimized with the Yoast SEO plugin v26.8 - https:\/\/yoast.com\/product\/yoast-seo-wordpress\/ -->\n<title>2.2 D4D &quot;2AD-FTV&quot; Motor [esim. Toyota Avensis T27]<\/title>\n<meta name=\"description\" content=\"En av de motorer som vi ofta har tillg\u00e4ngliga. Skicka en f\u00f6rfr\u00e5gan och f\u00e5 en offert inom 24 timmar. Motorer, v\u00e4xell\u00e5dor och andra bildelar under garanti.\" \/>\n<meta name=\"robots\" content=\"index, follow, max-snippet:-1, max-image-preview:large, max-video-preview:-1\" \/>\n<link rel=\"canonical\" href=\"https:\/\/autopartscenter24.com\/sv\/auton-varaosat\/2-2-d4d-2ad-ftv-avensis-t27\/\" \/>\n<meta property=\"og:locale\" content=\"sv_SE\" \/>\n<meta property=\"og:type\" content=\"article\" \/>\n<meta property=\"og:title\" content=\"2.2 D4D &quot;2AD-FTV&quot; Motor [esim. Toyota Avensis T27]\" \/>\n<meta property=\"og:description\" content=\"En av de motorer som vi ofta har tillg\u00e4ngliga. Skicka en f\u00f6rfr\u00e5gan och f\u00e5 en offert inom 24 timmar. Motorer, v\u00e4xell\u00e5dor och andra bildelar under garanti.\" \/>\n<meta property=\"og:url\" content=\"https:\/\/autopartscenter24.com\/sv\/auton-varaosat\/2-2-d4d-2ad-ftv-avensis-t27\/\" \/>\n<meta property=\"og:site_name\" content=\"Autopartscenter24\" \/>\n<meta property=\"og:image\" content=\"https:\/\/autopartscenter24.com\/wp-content\/uploads\/2023\/03\/2-2-d4d-2ad-ftv-avensis-t27.webp\" \/>\n\t<meta property=\"og:image:width\" content=\"800\" \/>\n\t<meta property=\"og:image:height\" content=\"600\" \/>\n\t<meta property=\"og:image:type\" content=\"image\/webp\" \/>\n<meta name=\"twitter:card\" content=\"summary_large_image\" \/>\n<meta name=\"twitter:label1\" content=\"Ber\u00e4knad l\u00e4stid\" \/>\n\t<meta name=\"twitter:data1\" content=\"1 minut\" \/>\n<script type=\"application\/ld+json\" class=\"yoast-schema-graph\">{\"@context\":\"https:\/\/schema.org\",\"@graph\":[{\"@type\":\"WebPage\",\"@id\":\"https:\/\/autopartscenter24.com\/auton-varaosat\/2-2-d4d-2ad-ftv-avensis-t27\/\",\"url\":\"https:\/\/autopartscenter24.com\/auton-varaosat\/2-2-d4d-2ad-ftv-avensis-t27\/\",\"name\":\"2.2 D4D \\\"2AD-FTV\\\" Motor [esim. Toyota Avensis T27]\",\"isPartOf\":{\"@id\":\"https:\/\/autopartscenter24.com\/#website\"},\"primaryImageOfPage\":{\"@id\":\"https:\/\/autopartscenter24.com\/auton-varaosat\/2-2-d4d-2ad-ftv-avensis-t27\/#primaryimage\"},\"image\":{\"@id\":\"https:\/\/autopartscenter24.com\/auton-varaosat\/2-2-d4d-2ad-ftv-avensis-t27\/#primaryimage\"},\"thumbnailUrl\":\"https:\/\/autopartscenter24.com\/wp-content\/uploads\/2023\/03\/2-2-d4d-2ad-ftv-avensis-t27.webp\",\"datePublished\":\"2023-11-26T19:25:18+00:00\",\"description\":\"En av de motorer som vi ofta har tillg\u00e4ngliga. Skicka en f\u00f6rfr\u00e5gan och f\u00e5 en offert inom 24 timmar. Motorer, v\u00e4xell\u00e5dor och andra bildelar under garanti.\",\"breadcrumb\":{\"@id\":\"https:\/\/autopartscenter24.com\/auton-varaosat\/2-2-d4d-2ad-ftv-avensis-t27\/#breadcrumb\"},\"inLanguage\":\"sv-SE\",\"potentialAction\":[{\"@type\":\"ReadAction\",\"target\":[\"https:\/\/autopartscenter24.com\/auton-varaosat\/2-2-d4d-2ad-ftv-avensis-t27\/\"]}]},{\"@type\":\"ImageObject\",\"inLanguage\":\"sv-SE\",\"@id\":\"https:\/\/autopartscenter24.com\/auton-varaosat\/2-2-d4d-2ad-ftv-avensis-t27\/#primaryimage\",\"url\":\"https:\/\/autopartscenter24.com\/wp-content\/uploads\/2023\/03\/2-2-d4d-2ad-ftv-avensis-t27.webp\",\"contentUrl\":\"https:\/\/autopartscenter24.com\/wp-content\/uploads\/2023\/03\/2-2-d4d-2ad-ftv-avensis-t27.webp\",\"width\":800,\"height\":600},{\"@type\":\"BreadcrumbList\",\"@id\":\"https:\/\/autopartscenter24.com\/auton-varaosat\/2-2-d4d-2ad-ftv-avensis-t27\/#breadcrumb\",\"itemListElement\":[{\"@type\":\"ListItem\",\"position\":1,\"name\":\"Hem\",\"item\":\"https:\/\/aliceblue-termite-662564.hostingersite.com\/\"},{\"@type\":\"ListItem\",\"position\":2,\"name\":\"Auton varaosat\",\"item\":\"https:\/\/aliceblue-termite-662564.hostingersite.com\/auton-varaosat\/\"},{\"@type\":\"ListItem\",\"position\":3,\"name\":\"2.2 D4D &#8221;2AD-FTV&#8221; Motor [esim. Toyota Avensis T27]\"}]},{\"@type\":\"WebSite\",\"@id\":\"https:\/\/autopartscenter24.com\/#website\",\"url\":\"https:\/\/autopartscenter24.com\/\",\"name\":\"Autopartscenter24\",\"description\":\"K\u00c4YTETYT JA KUNNOSTETUT  AUTON VARAOSAT\",\"potentialAction\":[{\"@type\":\"SearchAction\",\"target\":{\"@type\":\"EntryPoint\",\"urlTemplate\":\"https:\/\/autopartscenter24.com\/?s={search_term_string}\"},\"query-input\":{\"@type\":\"PropertyValueSpecification\",\"valueRequired\":true,\"valueName\":\"search_term_string\"}}],\"inLanguage\":\"sv-SE\"}]}<\/script>\n<!-- \/ Yoast SEO plugin. -->","yoast_head_json":{"title":"2.2 D4D \"2AD-FTV\" Motor [esim. Toyota Avensis T27]","description":"En av de motorer som vi ofta har tillg\u00e4ngliga. Skicka en f\u00f6rfr\u00e5gan och f\u00e5 en offert inom 24 timmar. Motorer, v\u00e4xell\u00e5dor och andra bildelar under garanti.","robots":{"index":"index","follow":"follow","max-snippet":"max-snippet:-1","max-image-preview":"max-image-preview:large","max-video-preview":"max-video-preview:-1"},"canonical":"https:\/\/autopartscenter24.com\/sv\/auton-varaosat\/2-2-d4d-2ad-ftv-avensis-t27\/","og_locale":"sv_SE","og_type":"article","og_title":"2.2 D4D \"2AD-FTV\" Motor [esim. Toyota Avensis T27]","og_description":"En av de motorer som vi ofta har tillg\u00e4ngliga. Skicka en f\u00f6rfr\u00e5gan och f\u00e5 en offert inom 24 timmar. Motorer, v\u00e4xell\u00e5dor och andra bildelar under garanti.","og_url":"https:\/\/autopartscenter24.com\/sv\/auton-varaosat\/2-2-d4d-2ad-ftv-avensis-t27\/","og_site_name":"Autopartscenter24","og_image":[{"width":800,"height":600,"url":"https:\/\/autopartscenter24.com\/wp-content\/uploads\/2023\/03\/2-2-d4d-2ad-ftv-avensis-t27.webp","type":"image\/webp"}],"twitter_card":"summary_large_image","twitter_misc":{"Ber\u00e4knad l\u00e4stid":"1 minut"},"schema":{"@context":"https:\/\/schema.org","@graph":[{"@type":"WebPage","@id":"https:\/\/autopartscenter24.com\/auton-varaosat\/2-2-d4d-2ad-ftv-avensis-t27\/","url":"https:\/\/autopartscenter24.com\/auton-varaosat\/2-2-d4d-2ad-ftv-avensis-t27\/","name":"2.2 D4D \"2AD-FTV\" Motor [esim. Toyota Avensis T27]","isPartOf":{"@id":"https:\/\/autopartscenter24.com\/#website"},"primaryImageOfPage":{"@id":"https:\/\/autopartscenter24.com\/auton-varaosat\/2-2-d4d-2ad-ftv-avensis-t27\/#primaryimage"},"image":{"@id":"https:\/\/autopartscenter24.com\/auton-varaosat\/2-2-d4d-2ad-ftv-avensis-t27\/#primaryimage"},"thumbnailUrl":"https:\/\/autopartscenter24.com\/wp-content\/uploads\/2023\/03\/2-2-d4d-2ad-ftv-avensis-t27.webp","datePublished":"2023-11-26T19:25:18+00:00","description":"En av de motorer som vi ofta har tillg\u00e4ngliga. Skicka en f\u00f6rfr\u00e5gan och f\u00e5 en offert inom 24 timmar. Motorer, v\u00e4xell\u00e5dor och andra bildelar under garanti.","breadcrumb":{"@id":"https:\/\/autopartscenter24.com\/auton-varaosat\/2-2-d4d-2ad-ftv-avensis-t27\/#breadcrumb"},"inLanguage":"sv-SE","potentialAction":[{"@type":"ReadAction","target":["https:\/\/autopartscenter24.com\/auton-varaosat\/2-2-d4d-2ad-ftv-avensis-t27\/"]}]},{"@type":"ImageObject","inLanguage":"sv-SE","@id":"https:\/\/autopartscenter24.com\/auton-varaosat\/2-2-d4d-2ad-ftv-avensis-t27\/#primaryimage","url":"https:\/\/autopartscenter24.com\/wp-content\/uploads\/2023\/03\/2-2-d4d-2ad-ftv-avensis-t27.webp","contentUrl":"https:\/\/autopartscenter24.com\/wp-content\/uploads\/2023\/03\/2-2-d4d-2ad-ftv-avensis-t27.webp","width":800,"height":600},{"@type":"BreadcrumbList","@id":"https:\/\/autopartscenter24.com\/auton-varaosat\/2-2-d4d-2ad-ftv-avensis-t27\/#breadcrumb","itemListElement":[{"@type":"ListItem","position":1,"name":"Hem","item":"https:\/\/aliceblue-termite-662564.hostingersite.com\/"},{"@type":"ListItem","position":2,"name":"Auton varaosat","item":"https:\/\/aliceblue-termite-662564.hostingersite.com\/auton-varaosat\/"},{"@type":"ListItem","position":3,"name":"2.2 D4D &#8221;2AD-FTV&#8221; Motor [esim. Toyota Avensis T27]"}]},{"@type":"WebSite","@id":"https:\/\/autopartscenter24.com\/#website","url":"https:\/\/autopartscenter24.com\/","name":"Autopartscenter24","description":"K\u00c4YTETYT JA KUNNOSTETUT  AUTON VARAOSAT","potentialAction":[{"@type":"SearchAction","target":{"@type":"EntryPoint","urlTemplate":"https:\/\/autopartscenter24.com\/?s={search_term_string}"},"query-input":{"@type":"PropertyValueSpecification","valueRequired":true,"valueName":"search_term_string"}}],"inLanguage":"sv-SE"}]}},"_links":{"self":[{"href":"https:\/\/autopartscenter24.com\/sv\/wp-json\/wp\/v2\/product\/5526","targetHints":{"allow":["GET"]}}],"collection":[{"href":"https:\/\/autopartscenter24.com\/sv\/wp-json\/wp\/v2\/product"}],"about":[{"href":"https:\/\/autopartscenter24.com\/sv\/wp-json\/wp\/v2\/types\/product"}],"wp:featuredmedia":[{"embeddable":true,"href":"https:\/\/autopartscenter24.com\/sv\/wp-json\/wp\/v2\/media\/4456"}],"wp:attachment":[{"href":"https:\/\/autopartscenter24.com\/sv\/wp-json\/wp\/v2\/media?parent=5526"}],"wp:term":[{"taxonomy":"product_brand","embeddable":true,"href":"https:\/\/autopartscenter24.com\/sv\/wp-json\/wp\/v2\/product_brand?post=5526"},{"taxonomy":"product_cat","embeddable":true,"href":"https:\/\/autopartscenter24.com\/sv\/wp-json\/wp\/v2\/product_cat?post=5526"},{"taxonomy":"product_tag","embeddable":true,"href":"https:\/\/autopartscenter24.com\/sv\/wp-json\/wp\/v2\/product_tag?post=5526"}],"curies":[{"name":"wp","href":"https:\/\/api.w.org\/{rel}","templated":true}]}}