{"id":5525,"date":"2023-03-05T12:27:39","date_gmt":"2023-11-26T19:20:11","guid":{"rendered":"https:\/\/autopartscenter24.com\/product\/2-5-ej25-motor-esim-subaru-outback-legacy\/"},"modified":"2023-11-26T20:20:11","modified_gmt":"2023-11-26T19:20:11","slug":"2-5-ej25-motor-subaru-outback-legacy","status":"publish","type":"product","link":"https:\/\/autopartscenter24.com\/sv\/auton-varaosat\/2-5-ej25-motor-subaru-outback-legacy\/","title":{"rendered":"2.5 &#8221;EJ25&#8221; Motor [esim. Subaru Outback, Legacy]"},"content":{"rendered":"<p><strong>Subaru 2.5 (motorkod: EJ25) \u00e4r en kraftfull fyrcylindrig motor k\u00e4nd f\u00f6r sin utm\u00e4rkta prestanda och tillf\u00f6rlitlighet.<\/strong> Motorn har dubbla \u00f6verliggande kamaxlar (DOHC) och 16 ventiler, vilket m\u00f6jligg\u00f6r bra luftfl\u00f6de och b\u00e4ttre br\u00e4nsleblandning. Motorns vevaxel \u00e4r tillverkad av slitstarkt gjutj\u00e4rn och \u00e4r f\u00f6rsedd med fyrtionio millimeters kolvar av h\u00f6gkvalitativ aluminiumlegering. Aluminium anv\u00e4nds som material f\u00f6r motorns cylinderhuvud, vilket minskar totalvikten och m\u00f6jligg\u00f6r b\u00e4ttre kylning.<\/p>\n<p>Subaru 2.5-motorn har anv\u00e4nts i m\u00e5nga Subaru-modeller sedan 1996. N\u00e5gra av dessa modeller inkluderar:<\/p>\n<ul>\n<li>Subaru Legacy: Subaru Legacy har varit en popul\u00e4r familjebil med flera olika motoralternativ genom \u00e5ren. Subaru 2,5-motorn har varit en av dem. Den har anv\u00e4nts i flera olika Legacy-modeller, som Legacy GT och Legacy Outback.<\/li>\n<li>Subaru Impreza: Impreza \u00e4r en Subaru-modell k\u00e4nd f\u00f6r sin prestanda och k\u00f6rbarhet. Subaru 2,5-motorn har anv\u00e4nts i flera olika Impreza-modeller, inklusive WRX och WRX STI.<\/li>\n<li>Subaru Forester: Forester \u00e4r en annan popul\u00e4r Subaru-modell som har varit tillg\u00e4nglig med en m\u00e4ngd olika motoralternativ. Subaru 2,5-motorn har varit ett av alternativen och har anv\u00e4nts i flera olika Forester-modeller.<\/li>\n<\/ul>\n<p>Effektiviteten i Subaru 2,5-motorn har varierat mellan olika modeller och \u00e5r. I vissa modeller har motorn producerat upp till 300 h\u00e4stkrafter, medan den i andra har varit n\u00e5got mindre kraftfull. Motorns livsl\u00e4ngd har dock generellt sett varit mycket bra och har visat sig vara mycket tillf\u00f6rlitlig p\u00e5 l\u00e5ng sikt.<\/p>\n","protected":false},"excerpt":{"rendered":"<ul>\n<li>Subaru 2.5 (motorkod: EJ25)-motorn \u00e4r en fyrcylindrig fyrtakts boxermotor som har anv\u00e4nts sedan 1995.<\/li>\n<li>I Subaru Legacy GT har motorn anv\u00e4nts sedan 1996 \u00e5rs modell. I 2005 \u00e5rs Legacy GT fick motorn en turboladdare.<\/li>\n<li>EJ25-motorn har anv\u00e4nts i Subaru Impreza sedan 1998 \u00e5rs modell. I 2004 \u00e5rs Impreza WRX STI-modell fick motorn en turboladdare och fyrhjulsdrift.<\/li>\n<li>Subaru Foresters EJ25-motor har anv\u00e4nts sedan 1998. I 2004 \u00e5rs XT-modell fick motorn en turboladdare.<\/li>\n<li>EJ25-motorn har anv\u00e4nts i Subaru Outback sedan 1996. I 2005 \u00e5rs Outback 2.5 XT-modell fick motorn en turboladdare.<\/li>\n<li>Motorn har \u00e4ven anv\u00e4nts i andra Subaru-modeller, som Baja, SVX och WRX.<\/li>\n<li>Motorns maximala effekt varierar beroende p\u00e5 modell, till exempel 250 hk i Legacy GT och 300 hk i Impreza WRX STI.<\/li>\n<li>Nyare versioner av motorn har f\u00e5tt tekniska f\u00f6rb\u00e4ttringar, s\u00e5som ett elektriskt styrt insugningsr\u00f6r och variabel ventillyftartid.<\/li>\n<\/ul>\n","protected":false},"featured_media":4461,"template":"","meta":[],"product_brand":[],"product_cat":[629],"product_tag":[746,747],"class_list":{"0":"post-5525","1":"product","2":"type-product","3":"status-publish","4":"has-post-thumbnail","6":"product_cat-subaru-sv","7":"product_tag-legacy-sv","8":"product_tag-outback-sv","9":"pa_varaosan-osasto-motor","12":"first","13":"instock","14":"shipping-taxable","15":"product-type-simple"},"yoast_head":"<!-- This site is optimized with the Yoast SEO plugin v26.8 - https:\/\/yoast.com\/product\/yoast-seo-wordpress\/ -->\n<title>2.5 &quot;EJ25&quot; Motor [esim. Subaru Outback, Legacy]<\/title>\n<meta name=\"description\" content=\"En av de motorer som vi ofta har tillg\u00e4ngliga. Skicka en f\u00f6rfr\u00e5gan och f\u00e5 en offert inom 24 timmar. Motorer, v\u00e4xell\u00e5dor och andra bildelar under garanti.\" \/>\n<meta name=\"robots\" content=\"index, follow, max-snippet:-1, max-image-preview:large, max-video-preview:-1\" \/>\n<link rel=\"canonical\" href=\"https:\/\/autopartscenter24.com\/sv\/auton-varaosat\/2-5-ej25-moottori-subaru-outback-legacy\/\" \/>\n<meta property=\"og:locale\" content=\"sv_SE\" \/>\n<meta property=\"og:type\" content=\"article\" \/>\n<meta property=\"og:title\" content=\"2.5 &quot;EJ25&quot; Motor [esim. Subaru Outback, Legacy]\" \/>\n<meta property=\"og:description\" content=\"En av de motorer som vi ofta har tillg\u00e4ngliga. Skicka en f\u00f6rfr\u00e5gan och f\u00e5 en offert inom 24 timmar. Motorer, v\u00e4xell\u00e5dor och andra bildelar under garanti.\" \/>\n<meta property=\"og:url\" content=\"https:\/\/autopartscenter24.com\/sv\/auton-varaosat\/2-5-ej25-moottori-subaru-outback-legacy\/\" \/>\n<meta property=\"og:site_name\" content=\"Autopartscenter24\" \/>\n<meta property=\"og:image\" content=\"https:\/\/autopartscenter24.com\/wp-content\/uploads\/2023\/03\/2-5-EJ25-moottori-subaru-legacy-outback.webp\" \/>\n\t<meta property=\"og:image:width\" content=\"800\" \/>\n\t<meta property=\"og:image:height\" content=\"600\" \/>\n\t<meta property=\"og:image:type\" content=\"image\/webp\" \/>\n<meta name=\"twitter:card\" content=\"summary_large_image\" \/>\n<meta name=\"twitter:label1\" content=\"Ber\u00e4knad l\u00e4stid\" \/>\n\t<meta name=\"twitter:data1\" content=\"1 minut\" \/>\n<script type=\"application\/ld+json\" class=\"yoast-schema-graph\">{\"@context\":\"https:\/\/schema.org\",\"@graph\":[{\"@type\":\"WebPage\",\"@id\":\"https:\/\/autopartscenter24.com\/auton-varaosat\/2-5-ej25-moottori-subaru-outback-legacy\/\",\"url\":\"https:\/\/autopartscenter24.com\/auton-varaosat\/2-5-ej25-moottori-subaru-outback-legacy\/\",\"name\":\"2.5 \\\"EJ25\\\" Motor [esim. Subaru Outback, Legacy]\",\"isPartOf\":{\"@id\":\"https:\/\/autopartscenter24.com\/#website\"},\"primaryImageOfPage\":{\"@id\":\"https:\/\/autopartscenter24.com\/auton-varaosat\/2-5-ej25-moottori-subaru-outback-legacy\/#primaryimage\"},\"image\":{\"@id\":\"https:\/\/autopartscenter24.com\/auton-varaosat\/2-5-ej25-moottori-subaru-outback-legacy\/#primaryimage\"},\"thumbnailUrl\":\"https:\/\/autopartscenter24.com\/wp-content\/uploads\/2023\/03\/2-5-EJ25-moottori-subaru-legacy-outback.webp\",\"datePublished\":\"2023-11-26T19:20:11+00:00\",\"description\":\"En av de motorer som vi ofta har tillg\u00e4ngliga. Skicka en f\u00f6rfr\u00e5gan och f\u00e5 en offert inom 24 timmar. Motorer, v\u00e4xell\u00e5dor och andra bildelar under garanti.\",\"breadcrumb\":{\"@id\":\"https:\/\/autopartscenter24.com\/auton-varaosat\/2-5-ej25-moottori-subaru-outback-legacy\/#breadcrumb\"},\"inLanguage\":\"sv-SE\",\"potentialAction\":[{\"@type\":\"ReadAction\",\"target\":[\"https:\/\/autopartscenter24.com\/auton-varaosat\/2-5-ej25-moottori-subaru-outback-legacy\/\"]}]},{\"@type\":\"ImageObject\",\"inLanguage\":\"sv-SE\",\"@id\":\"https:\/\/autopartscenter24.com\/auton-varaosat\/2-5-ej25-moottori-subaru-outback-legacy\/#primaryimage\",\"url\":\"https:\/\/autopartscenter24.com\/wp-content\/uploads\/2023\/03\/2-5-EJ25-moottori-subaru-legacy-outback.webp\",\"contentUrl\":\"https:\/\/autopartscenter24.com\/wp-content\/uploads\/2023\/03\/2-5-EJ25-moottori-subaru-legacy-outback.webp\",\"width\":800,\"height\":600},{\"@type\":\"BreadcrumbList\",\"@id\":\"https:\/\/autopartscenter24.com\/auton-varaosat\/2-5-ej25-moottori-subaru-outback-legacy\/#breadcrumb\",\"itemListElement\":[{\"@type\":\"ListItem\",\"position\":1,\"name\":\"Hem\",\"item\":\"https:\/\/aliceblue-termite-662564.hostingersite.com\/\"},{\"@type\":\"ListItem\",\"position\":2,\"name\":\"Auton varaosat\",\"item\":\"https:\/\/aliceblue-termite-662564.hostingersite.com\/auton-varaosat\/\"},{\"@type\":\"ListItem\",\"position\":3,\"name\":\"2.5 &#8221;EJ25&#8221; Motor [esim. Subaru Outback, Legacy]\"}]},{\"@type\":\"WebSite\",\"@id\":\"https:\/\/autopartscenter24.com\/#website\",\"url\":\"https:\/\/autopartscenter24.com\/\",\"name\":\"Autopartscenter24\",\"description\":\"K\u00c4YTETYT JA KUNNOSTETUT  AUTON VARAOSAT\",\"potentialAction\":[{\"@type\":\"SearchAction\",\"target\":{\"@type\":\"EntryPoint\",\"urlTemplate\":\"https:\/\/autopartscenter24.com\/?s={search_term_string}\"},\"query-input\":{\"@type\":\"PropertyValueSpecification\",\"valueRequired\":true,\"valueName\":\"search_term_string\"}}],\"inLanguage\":\"sv-SE\"}]}<\/script>\n<!-- \/ Yoast SEO plugin. -->","yoast_head_json":{"title":"2.5 \"EJ25\" Motor [esim. Subaru Outback, Legacy]","description":"En av de motorer som vi ofta har tillg\u00e4ngliga. Skicka en f\u00f6rfr\u00e5gan och f\u00e5 en offert inom 24 timmar. Motorer, v\u00e4xell\u00e5dor och andra bildelar under garanti.","robots":{"index":"index","follow":"follow","max-snippet":"max-snippet:-1","max-image-preview":"max-image-preview:large","max-video-preview":"max-video-preview:-1"},"canonical":"https:\/\/autopartscenter24.com\/sv\/auton-varaosat\/2-5-ej25-moottori-subaru-outback-legacy\/","og_locale":"sv_SE","og_type":"article","og_title":"2.5 \"EJ25\" Motor [esim. Subaru Outback, Legacy]","og_description":"En av de motorer som vi ofta har tillg\u00e4ngliga. Skicka en f\u00f6rfr\u00e5gan och f\u00e5 en offert inom 24 timmar. Motorer, v\u00e4xell\u00e5dor och andra bildelar under garanti.","og_url":"https:\/\/autopartscenter24.com\/sv\/auton-varaosat\/2-5-ej25-moottori-subaru-outback-legacy\/","og_site_name":"Autopartscenter24","og_image":[{"width":800,"height":600,"url":"https:\/\/autopartscenter24.com\/wp-content\/uploads\/2023\/03\/2-5-EJ25-moottori-subaru-legacy-outback.webp","type":"image\/webp"}],"twitter_card":"summary_large_image","twitter_misc":{"Ber\u00e4knad l\u00e4stid":"1 minut"},"schema":{"@context":"https:\/\/schema.org","@graph":[{"@type":"WebPage","@id":"https:\/\/autopartscenter24.com\/auton-varaosat\/2-5-ej25-moottori-subaru-outback-legacy\/","url":"https:\/\/autopartscenter24.com\/auton-varaosat\/2-5-ej25-moottori-subaru-outback-legacy\/","name":"2.5 \"EJ25\" Motor [esim. Subaru Outback, Legacy]","isPartOf":{"@id":"https:\/\/autopartscenter24.com\/#website"},"primaryImageOfPage":{"@id":"https:\/\/autopartscenter24.com\/auton-varaosat\/2-5-ej25-moottori-subaru-outback-legacy\/#primaryimage"},"image":{"@id":"https:\/\/autopartscenter24.com\/auton-varaosat\/2-5-ej25-moottori-subaru-outback-legacy\/#primaryimage"},"thumbnailUrl":"https:\/\/autopartscenter24.com\/wp-content\/uploads\/2023\/03\/2-5-EJ25-moottori-subaru-legacy-outback.webp","datePublished":"2023-11-26T19:20:11+00:00","description":"En av de motorer som vi ofta har tillg\u00e4ngliga. Skicka en f\u00f6rfr\u00e5gan och f\u00e5 en offert inom 24 timmar. Motorer, v\u00e4xell\u00e5dor och andra bildelar under garanti.","breadcrumb":{"@id":"https:\/\/autopartscenter24.com\/auton-varaosat\/2-5-ej25-moottori-subaru-outback-legacy\/#breadcrumb"},"inLanguage":"sv-SE","potentialAction":[{"@type":"ReadAction","target":["https:\/\/autopartscenter24.com\/auton-varaosat\/2-5-ej25-moottori-subaru-outback-legacy\/"]}]},{"@type":"ImageObject","inLanguage":"sv-SE","@id":"https:\/\/autopartscenter24.com\/auton-varaosat\/2-5-ej25-moottori-subaru-outback-legacy\/#primaryimage","url":"https:\/\/autopartscenter24.com\/wp-content\/uploads\/2023\/03\/2-5-EJ25-moottori-subaru-legacy-outback.webp","contentUrl":"https:\/\/autopartscenter24.com\/wp-content\/uploads\/2023\/03\/2-5-EJ25-moottori-subaru-legacy-outback.webp","width":800,"height":600},{"@type":"BreadcrumbList","@id":"https:\/\/autopartscenter24.com\/auton-varaosat\/2-5-ej25-moottori-subaru-outback-legacy\/#breadcrumb","itemListElement":[{"@type":"ListItem","position":1,"name":"Hem","item":"https:\/\/aliceblue-termite-662564.hostingersite.com\/"},{"@type":"ListItem","position":2,"name":"Auton varaosat","item":"https:\/\/aliceblue-termite-662564.hostingersite.com\/auton-varaosat\/"},{"@type":"ListItem","position":3,"name":"2.5 &#8221;EJ25&#8221; Motor [esim. Subaru Outback, Legacy]"}]},{"@type":"WebSite","@id":"https:\/\/autopartscenter24.com\/#website","url":"https:\/\/autopartscenter24.com\/","name":"Autopartscenter24","description":"K\u00c4YTETYT JA KUNNOSTETUT  AUTON VARAOSAT","potentialAction":[{"@type":"SearchAction","target":{"@type":"EntryPoint","urlTemplate":"https:\/\/autopartscenter24.com\/?s={search_term_string}"},"query-input":{"@type":"PropertyValueSpecification","valueRequired":true,"valueName":"search_term_string"}}],"inLanguage":"sv-SE"}]}},"_links":{"self":[{"href":"https:\/\/autopartscenter24.com\/sv\/wp-json\/wp\/v2\/product\/5525","targetHints":{"allow":["GET"]}}],"collection":[{"href":"https:\/\/autopartscenter24.com\/sv\/wp-json\/wp\/v2\/product"}],"about":[{"href":"https:\/\/autopartscenter24.com\/sv\/wp-json\/wp\/v2\/types\/product"}],"wp:featuredmedia":[{"embeddable":true,"href":"https:\/\/autopartscenter24.com\/sv\/wp-json\/wp\/v2\/media\/4461"}],"wp:attachment":[{"href":"https:\/\/autopartscenter24.com\/sv\/wp-json\/wp\/v2\/media?parent=5525"}],"wp:term":[{"taxonomy":"product_brand","embeddable":true,"href":"https:\/\/autopartscenter24.com\/sv\/wp-json\/wp\/v2\/product_brand?post=5525"},{"taxonomy":"product_cat","embeddable":true,"href":"https:\/\/autopartscenter24.com\/sv\/wp-json\/wp\/v2\/product_cat?post=5525"},{"taxonomy":"product_tag","embeddable":true,"href":"https:\/\/autopartscenter24.com\/sv\/wp-json\/wp\/v2\/product_tag?post=5525"}],"curies":[{"name":"wp","href":"https:\/\/api.w.org\/{rel}","templated":true}]}}