{"id":5524,"date":"2023-03-05T12:55:53","date_gmt":"2023-11-26T19:14:18","guid":{"rendered":"https:\/\/autopartscenter24.com\/product\/1-6-crdi-d4fb-motor-esim-kia-ceed-iii\/"},"modified":"2023-11-26T20:14:18","modified_gmt":"2023-11-26T19:14:18","slug":"1-6-crdi-d4fb-motor-kia-hyundai","status":"publish","type":"product","link":"https:\/\/autopartscenter24.com\/sv\/auton-varaosat\/1-6-crdi-d4fb-motor-kia-hyundai\/","title":{"rendered":"1.6 CRDI &#8221;D4FB&#8221; Motor [esim. KIA CEED III]"},"content":{"rendered":"<p><strong>1.6 CRDi (motorkod: D4FB) \u00e4r en av motormodellerna som utvecklats av Hyundai-Kia.<\/strong> Det \u00e4r en m\u00e5ngsidig dieselmotor designad f\u00f6r att leverera effektivitet och h\u00e5llbarhet. Det \u00e4r en m\u00e5ngsidig dieselmotor designad f\u00f6r att leverera effektivitet och h\u00e5llbarhet.<\/p>\n<p>1,6 CRDi-motorn \u00e4r utrustad med vanlig tryckinsprutning, vilket m\u00f6jligg\u00f6r exakt br\u00e4nsletillf\u00f6rsel direkt till cylindern. Detta f\u00f6rb\u00e4ttrar motorns effektivitet och minskar br\u00e4nslef\u00f6rbrukningen. Motorn \u00e4r \u00e4ven utrustad med en turboladdare, vilket \u00f6kar dess kraft och vridmoment.<\/p>\n<p>1,6 CRDi-motorn har ett h\u00f6gt kompressionsf\u00f6rh\u00e5llande, vilket f\u00f6rb\u00e4ttrar dess effektivitet. Motorn \u00e4r ocks\u00e5 utrustad med m\u00e5nga innovativa tekniska l\u00f6sningar, s\u00e5som en elektronisk laddtrycksregulator, som s\u00e4kerst\u00e4ller optimal br\u00e4nsletillf\u00f6rsel under alla f\u00f6rh\u00e5llanden.<\/p>\n<p>Hyundai-Kia har anv\u00e4nt 1,6 CRDi-motorn i flera av sina modeller, inklusive:<\/p>\n<ul>\n<li>Hyundai i30 (2007-2012)<\/li>\n<li>Kia Cee&#8217;d (2006-2012)<\/li>\n<li>Hyundai ix20 (2010-2018)<\/li>\n<li>Kia Venga (2009-2019)<\/li>\n<li>Kia Soul (2008-2014)<\/li>\n<\/ul>\n<p>Dessa bilar har varit popul\u00e4ra i sina kompakt- och minivansklasser, och 1,6 CRDi-motorn har visat sig vara ett p\u00e5litligt och effektivt alternativ. Tillverkningen av motorn b\u00f6rjade 2007 och anv\u00e4ndes i flera bilar tillverkade av Hyundai-Kia fram till mitten av 2010-talet.<\/p>\n<p>1.6 CRDi-motorn har f\u00e5tt ett rykte som en p\u00e5litlig och effektiv dieselmotor som erbjuder bra prestanda och br\u00e4nsleekonomi. Dess innovativa teknik och noggrant designade konstruktion g\u00f6r den till ett attraktivt alternativ f\u00f6r konsumenter som letar efter en p\u00e5litlig och h\u00e5llbar motor.<\/p>\n","protected":false},"excerpt":{"rendered":"<ul>\n<li>Hyundai:\n<ul>\n<li>i30 (2007-2012)<\/li>\n<li>i30 CW (2007-2012)<\/li>\n<li>i30 hatchback (2012-2017)<\/li>\n<li>i30 wagon (2012-2017)<\/li>\n<li>Elantra (2007-2010)<\/li>\n<li>Accent (2006-2010)<\/li>\n<li>ix20 (2010-2016)<\/li>\n<li>Kona (2017-2022)<\/li>\n<li>Venue (2020-2022)<\/li>\n<li>Creta (2015-2022)<\/li>\n<\/ul>\n<\/li>\n<li>Kia:\n<ul>\n<li>Ceed (2007-2012)<\/li>\n<li>Ceed SW (2007-2012)<\/li>\n<li>Ceed hatchback (2012-2018)<\/li>\n<li>Ceed wagon (2012-2018)<\/li>\n<li>Rio (2005-2011)<\/li>\n<li>Venga (2010-2015)<\/li>\n<li>Soul (2009-2014)<\/li>\n<li>Stonic (2017-2022)<\/li>\n<li>Niro (2016-2022)<\/li>\n<\/ul>\n<\/li>\n<\/ul>\n","protected":false},"featured_media":4466,"template":"","meta":[],"product_brand":[],"product_cat":[573,581],"product_tag":[745,744],"class_list":{"0":"post-5524","1":"product","2":"type-product","3":"status-publish","4":"has-post-thumbnail","6":"product_cat-hyundai-sv","7":"product_cat-kia-sv","8":"product_tag-ceed-sv","9":"product_tag-i30-sv","10":"pa_varaosan-osasto-motor","13":"first","14":"instock","15":"shipping-taxable","16":"product-type-simple"},"yoast_head":"<!-- This site is optimized with the Yoast SEO plugin v26.8 - https:\/\/yoast.com\/product\/yoast-seo-wordpress\/ -->\n<title>1.6 CRDI &quot;D4FB&quot; Motor [esim. KIA CEED III] - Autopartscenter24<\/title>\n<meta name=\"description\" content=\"En av de motorer som vi ofta har tillg\u00e4ngliga. Skicka en f\u00f6rfr\u00e5gan och f\u00e5 en offert inom 24 timmar. Motorer, v\u00e4xell\u00e5dor och andra bildelar under garanti.\" \/>\n<meta name=\"robots\" content=\"index, follow, max-snippet:-1, max-image-preview:large, max-video-preview:-1\" \/>\n<link rel=\"canonical\" href=\"https:\/\/autopartscenter24.com\/sv\/auton-varaosat\/1-6-crdi-d4fb-moottori-kia-hyundai\/\" \/>\n<meta property=\"og:locale\" content=\"sv_SE\" \/>\n<meta property=\"og:type\" content=\"article\" \/>\n<meta property=\"og:title\" content=\"1.6 CRDI &quot;D4FB&quot; Motor [esim. KIA CEED III] - Autopartscenter24\" \/>\n<meta property=\"og:description\" content=\"En av de motorer som vi ofta har tillg\u00e4ngliga. Skicka en f\u00f6rfr\u00e5gan och f\u00e5 en offert inom 24 timmar. Motorer, v\u00e4xell\u00e5dor och andra bildelar under garanti.\" \/>\n<meta property=\"og:url\" content=\"https:\/\/autopartscenter24.com\/sv\/auton-varaosat\/1-6-crdi-d4fb-moottori-kia-hyundai\/\" \/>\n<meta property=\"og:site_name\" content=\"Autopartscenter24\" \/>\n<meta property=\"og:image\" content=\"https:\/\/autopartscenter24.com\/wp-content\/uploads\/2023\/03\/1-6-crdi-d4fb-moottori-kia-ceed.webp\" \/>\n\t<meta property=\"og:image:width\" content=\"800\" \/>\n\t<meta property=\"og:image:height\" content=\"600\" \/>\n\t<meta property=\"og:image:type\" content=\"image\/webp\" \/>\n<meta name=\"twitter:card\" content=\"summary_large_image\" \/>\n<meta name=\"twitter:label1\" content=\"Ber\u00e4knad l\u00e4stid\" \/>\n\t<meta name=\"twitter:data1\" content=\"1 minut\" \/>\n<script type=\"application\/ld+json\" class=\"yoast-schema-graph\">{\"@context\":\"https:\/\/schema.org\",\"@graph\":[{\"@type\":\"WebPage\",\"@id\":\"https:\/\/autopartscenter24.com\/auton-varaosat\/1-6-crdi-d4fb-moottori-kia-hyundai\/\",\"url\":\"https:\/\/autopartscenter24.com\/auton-varaosat\/1-6-crdi-d4fb-moottori-kia-hyundai\/\",\"name\":\"1.6 CRDI \\\"D4FB\\\" Motor [esim. KIA CEED III] - Autopartscenter24\",\"isPartOf\":{\"@id\":\"https:\/\/autopartscenter24.com\/#website\"},\"primaryImageOfPage\":{\"@id\":\"https:\/\/autopartscenter24.com\/auton-varaosat\/1-6-crdi-d4fb-moottori-kia-hyundai\/#primaryimage\"},\"image\":{\"@id\":\"https:\/\/autopartscenter24.com\/auton-varaosat\/1-6-crdi-d4fb-moottori-kia-hyundai\/#primaryimage\"},\"thumbnailUrl\":\"https:\/\/autopartscenter24.com\/wp-content\/uploads\/2023\/03\/1-6-crdi-d4fb-moottori-kia-ceed.webp\",\"datePublished\":\"2023-11-26T19:14:18+00:00\",\"description\":\"En av de motorer som vi ofta har tillg\u00e4ngliga. Skicka en f\u00f6rfr\u00e5gan och f\u00e5 en offert inom 24 timmar. Motorer, v\u00e4xell\u00e5dor och andra bildelar under garanti.\",\"breadcrumb\":{\"@id\":\"https:\/\/autopartscenter24.com\/auton-varaosat\/1-6-crdi-d4fb-moottori-kia-hyundai\/#breadcrumb\"},\"inLanguage\":\"sv-SE\",\"potentialAction\":[{\"@type\":\"ReadAction\",\"target\":[\"https:\/\/autopartscenter24.com\/auton-varaosat\/1-6-crdi-d4fb-moottori-kia-hyundai\/\"]}]},{\"@type\":\"ImageObject\",\"inLanguage\":\"sv-SE\",\"@id\":\"https:\/\/autopartscenter24.com\/auton-varaosat\/1-6-crdi-d4fb-moottori-kia-hyundai\/#primaryimage\",\"url\":\"https:\/\/autopartscenter24.com\/wp-content\/uploads\/2023\/03\/1-6-crdi-d4fb-moottori-kia-ceed.webp\",\"contentUrl\":\"https:\/\/autopartscenter24.com\/wp-content\/uploads\/2023\/03\/1-6-crdi-d4fb-moottori-kia-ceed.webp\",\"width\":800,\"height\":600},{\"@type\":\"BreadcrumbList\",\"@id\":\"https:\/\/autopartscenter24.com\/auton-varaosat\/1-6-crdi-d4fb-moottori-kia-hyundai\/#breadcrumb\",\"itemListElement\":[{\"@type\":\"ListItem\",\"position\":1,\"name\":\"Hem\",\"item\":\"https:\/\/aliceblue-termite-662564.hostingersite.com\/\"},{\"@type\":\"ListItem\",\"position\":2,\"name\":\"Auton varaosat\",\"item\":\"https:\/\/aliceblue-termite-662564.hostingersite.com\/auton-varaosat\/\"},{\"@type\":\"ListItem\",\"position\":3,\"name\":\"1.6 CRDI &#8221;D4FB&#8221; Motor [esim. KIA CEED III]\"}]},{\"@type\":\"WebSite\",\"@id\":\"https:\/\/autopartscenter24.com\/#website\",\"url\":\"https:\/\/autopartscenter24.com\/\",\"name\":\"Autopartscenter24\",\"description\":\"K\u00c4YTETYT JA KUNNOSTETUT  AUTON VARAOSAT\",\"potentialAction\":[{\"@type\":\"SearchAction\",\"target\":{\"@type\":\"EntryPoint\",\"urlTemplate\":\"https:\/\/autopartscenter24.com\/?s={search_term_string}\"},\"query-input\":{\"@type\":\"PropertyValueSpecification\",\"valueRequired\":true,\"valueName\":\"search_term_string\"}}],\"inLanguage\":\"sv-SE\"}]}<\/script>\n<!-- \/ Yoast SEO plugin. -->","yoast_head_json":{"title":"1.6 CRDI \"D4FB\" Motor [esim. KIA CEED III] - Autopartscenter24","description":"En av de motorer som vi ofta har tillg\u00e4ngliga. Skicka en f\u00f6rfr\u00e5gan och f\u00e5 en offert inom 24 timmar. Motorer, v\u00e4xell\u00e5dor och andra bildelar under garanti.","robots":{"index":"index","follow":"follow","max-snippet":"max-snippet:-1","max-image-preview":"max-image-preview:large","max-video-preview":"max-video-preview:-1"},"canonical":"https:\/\/autopartscenter24.com\/sv\/auton-varaosat\/1-6-crdi-d4fb-moottori-kia-hyundai\/","og_locale":"sv_SE","og_type":"article","og_title":"1.6 CRDI \"D4FB\" Motor [esim. KIA CEED III] - Autopartscenter24","og_description":"En av de motorer som vi ofta har tillg\u00e4ngliga. Skicka en f\u00f6rfr\u00e5gan och f\u00e5 en offert inom 24 timmar. Motorer, v\u00e4xell\u00e5dor och andra bildelar under garanti.","og_url":"https:\/\/autopartscenter24.com\/sv\/auton-varaosat\/1-6-crdi-d4fb-moottori-kia-hyundai\/","og_site_name":"Autopartscenter24","og_image":[{"width":800,"height":600,"url":"https:\/\/autopartscenter24.com\/wp-content\/uploads\/2023\/03\/1-6-crdi-d4fb-moottori-kia-ceed.webp","type":"image\/webp"}],"twitter_card":"summary_large_image","twitter_misc":{"Ber\u00e4knad l\u00e4stid":"1 minut"},"schema":{"@context":"https:\/\/schema.org","@graph":[{"@type":"WebPage","@id":"https:\/\/autopartscenter24.com\/auton-varaosat\/1-6-crdi-d4fb-moottori-kia-hyundai\/","url":"https:\/\/autopartscenter24.com\/auton-varaosat\/1-6-crdi-d4fb-moottori-kia-hyundai\/","name":"1.6 CRDI \"D4FB\" Motor [esim. KIA CEED III] - Autopartscenter24","isPartOf":{"@id":"https:\/\/autopartscenter24.com\/#website"},"primaryImageOfPage":{"@id":"https:\/\/autopartscenter24.com\/auton-varaosat\/1-6-crdi-d4fb-moottori-kia-hyundai\/#primaryimage"},"image":{"@id":"https:\/\/autopartscenter24.com\/auton-varaosat\/1-6-crdi-d4fb-moottori-kia-hyundai\/#primaryimage"},"thumbnailUrl":"https:\/\/autopartscenter24.com\/wp-content\/uploads\/2023\/03\/1-6-crdi-d4fb-moottori-kia-ceed.webp","datePublished":"2023-11-26T19:14:18+00:00","description":"En av de motorer som vi ofta har tillg\u00e4ngliga. Skicka en f\u00f6rfr\u00e5gan och f\u00e5 en offert inom 24 timmar. Motorer, v\u00e4xell\u00e5dor och andra bildelar under garanti.","breadcrumb":{"@id":"https:\/\/autopartscenter24.com\/auton-varaosat\/1-6-crdi-d4fb-moottori-kia-hyundai\/#breadcrumb"},"inLanguage":"sv-SE","potentialAction":[{"@type":"ReadAction","target":["https:\/\/autopartscenter24.com\/auton-varaosat\/1-6-crdi-d4fb-moottori-kia-hyundai\/"]}]},{"@type":"ImageObject","inLanguage":"sv-SE","@id":"https:\/\/autopartscenter24.com\/auton-varaosat\/1-6-crdi-d4fb-moottori-kia-hyundai\/#primaryimage","url":"https:\/\/autopartscenter24.com\/wp-content\/uploads\/2023\/03\/1-6-crdi-d4fb-moottori-kia-ceed.webp","contentUrl":"https:\/\/autopartscenter24.com\/wp-content\/uploads\/2023\/03\/1-6-crdi-d4fb-moottori-kia-ceed.webp","width":800,"height":600},{"@type":"BreadcrumbList","@id":"https:\/\/autopartscenter24.com\/auton-varaosat\/1-6-crdi-d4fb-moottori-kia-hyundai\/#breadcrumb","itemListElement":[{"@type":"ListItem","position":1,"name":"Hem","item":"https:\/\/aliceblue-termite-662564.hostingersite.com\/"},{"@type":"ListItem","position":2,"name":"Auton varaosat","item":"https:\/\/aliceblue-termite-662564.hostingersite.com\/auton-varaosat\/"},{"@type":"ListItem","position":3,"name":"1.6 CRDI &#8221;D4FB&#8221; Motor [esim. KIA CEED III]"}]},{"@type":"WebSite","@id":"https:\/\/autopartscenter24.com\/#website","url":"https:\/\/autopartscenter24.com\/","name":"Autopartscenter24","description":"K\u00c4YTETYT JA KUNNOSTETUT  AUTON VARAOSAT","potentialAction":[{"@type":"SearchAction","target":{"@type":"EntryPoint","urlTemplate":"https:\/\/autopartscenter24.com\/?s={search_term_string}"},"query-input":{"@type":"PropertyValueSpecification","valueRequired":true,"valueName":"search_term_string"}}],"inLanguage":"sv-SE"}]}},"_links":{"self":[{"href":"https:\/\/autopartscenter24.com\/sv\/wp-json\/wp\/v2\/product\/5524","targetHints":{"allow":["GET"]}}],"collection":[{"href":"https:\/\/autopartscenter24.com\/sv\/wp-json\/wp\/v2\/product"}],"about":[{"href":"https:\/\/autopartscenter24.com\/sv\/wp-json\/wp\/v2\/types\/product"}],"wp:featuredmedia":[{"embeddable":true,"href":"https:\/\/autopartscenter24.com\/sv\/wp-json\/wp\/v2\/media\/4466"}],"wp:attachment":[{"href":"https:\/\/autopartscenter24.com\/sv\/wp-json\/wp\/v2\/media?parent=5524"}],"wp:term":[{"taxonomy":"product_brand","embeddable":true,"href":"https:\/\/autopartscenter24.com\/sv\/wp-json\/wp\/v2\/product_brand?post=5524"},{"taxonomy":"product_cat","embeddable":true,"href":"https:\/\/autopartscenter24.com\/sv\/wp-json\/wp\/v2\/product_cat?post=5524"},{"taxonomy":"product_tag","embeddable":true,"href":"https:\/\/autopartscenter24.com\/sv\/wp-json\/wp\/v2\/product_tag?post=5524"}],"curies":[{"name":"wp","href":"https:\/\/api.w.org\/{rel}","templated":true}]}}