{"id":5523,"date":"2023-03-05T13:02:52","date_gmt":"2023-11-26T18:21:10","guid":{"rendered":"https:\/\/autopartscenter24.com\/product\/1-7-cdti-a17dtf-motor-esim-astra-cruze\/"},"modified":"2023-11-26T19:21:10","modified_gmt":"2023-11-26T18:21:10","slug":"1-7-cdti-a17dtf-motor-cruze-opel-astra-j","status":"publish","type":"product","link":"https:\/\/autopartscenter24.com\/sv\/auton-varaosat\/1-7-cdti-a17dtf-motor-cruze-opel-astra-j\/","title":{"rendered":"1.7 CDTI &#8221;A17DTF&#8221; Motor [esim. Astra, Cruze]"},"content":{"rendered":"<p><strong>1.7 CDTI (motorkod: A17DTF) \u00e4r en 4-cylindrig turbodieselmotor utvecklad i samarbete med GM och Fiat.<\/strong> Motorns laddtryck \u00e4r justerbart och den \u00e4r utrustad med ett direktinsprutningssystem. Motorn har \u00e4ven ett start-stopp-system som st\u00e4nger av motorn vid trafikljus och andra liknande situationer f\u00f6r att spara br\u00e4nsle.<\/p>\n<p>Motorns maximala effekt \u00e4r 130 hk och vridmoment 300 Nm, och den uppfyller Euro 5-emissionsnormerna. Motorn finns med antingen en 6-v\u00e4xlad manuell v\u00e4xell\u00e5da eller en 6-v\u00e4xlad automatisk v\u00e4xell\u00e5da.<\/p>\n<p>F\u00f6ljande \u00e4r en lista \u00f6ver alla bilm\u00e4rken, modeller och tillverknings\u00e5r d\u00e4r 1.7 CDTI-motorn har anv\u00e4nts:<\/p>\n<ul>\n<li>Opel Astra J (2010-2015)<\/li>\n<li>Opel Zafira Tourer C (2011-2018)<\/li>\n<li>Opel Meriva B (2010-2017)<\/li>\n<li>Opel Cascada (2013-2018)<\/li>\n<li>Chevrolet Cruze (2012-2014)<\/li>\n<li>Chevrolet Orlando (2011-2014)<\/li>\n<li>Saab 9-5 (2010-2011)<\/li>\n<\/ul>\n<p>Dessa bilar \u00e4r alla kompakta eller medelstora personbilar och anv\u00e4nder 1,7 CDTI-motorn i b\u00e5de fram- och fyrhjulsdrivna versioner. Motorn har visat sig vara mycket p\u00e5litlig och ekonomisk och har varit ett popul\u00e4rt val bland dieselbilsk\u00f6pare.<\/p>\n","protected":false},"excerpt":{"rendered":"<ul>\n<li>Sedan 2004 i Opel Astra H (90-100 hk) och sedan 2006 i Opel Zafira B (100 hk)<\/li>\n<li>Sedan 2006 i Saab 9-3 (100-110 hk)<\/li>\n<li>Fr\u00e5n 2007 p\u00e5 Vauxhall Astra (100 hk) och fr\u00e5n 2008 p\u00e5 Vauxhall Zafira (100 hk)<\/li>\n<\/ul>\n","protected":false},"featured_media":4471,"template":"","meta":[],"product_brand":[],"product_cat":[541,605],"product_tag":[712,716],"class_list":{"0":"post-5523","1":"product","2":"type-product","3":"status-publish","4":"has-post-thumbnail","6":"product_cat-chevrolet-sv","7":"product_cat-opel-sv","8":"product_tag-astra-sv","9":"product_tag-cruze-sv","10":"pa_varaosan-osasto-motor","13":"first","14":"instock","15":"shipping-taxable","16":"product-type-simple"},"yoast_head":"<!-- This site is optimized with the Yoast SEO plugin v26.8 - https:\/\/yoast.com\/product\/yoast-seo-wordpress\/ -->\n<title>1.7 CDTI &quot;A17DTF&quot; Motor [esim. Astra, Cruze]<\/title>\n<meta name=\"description\" content=\"En av de motorer som vi ofta har tillg\u00e4ngliga. Skicka en f\u00f6rfr\u00e5gan och f\u00e5 en offert inom 24 timmar. Motorer, v\u00e4xell\u00e5dor och andra bildelar under garanti.\" \/>\n<meta name=\"robots\" content=\"index, follow, max-snippet:-1, max-image-preview:large, max-video-preview:-1\" \/>\n<link rel=\"canonical\" href=\"https:\/\/autopartscenter24.com\/sv\/auton-varaosat\/1-7-cdti-a17dtf-moottori-cruze-opel-astra-j\/\" \/>\n<meta property=\"og:locale\" content=\"sv_SE\" \/>\n<meta property=\"og:type\" content=\"article\" \/>\n<meta property=\"og:title\" content=\"1.7 CDTI &quot;A17DTF&quot; Motor [esim. Astra, Cruze]\" \/>\n<meta property=\"og:description\" content=\"En av de motorer som vi ofta har tillg\u00e4ngliga. Skicka en f\u00f6rfr\u00e5gan och f\u00e5 en offert inom 24 timmar. Motorer, v\u00e4xell\u00e5dor och andra bildelar under garanti.\" \/>\n<meta property=\"og:url\" content=\"https:\/\/autopartscenter24.com\/sv\/auton-varaosat\/1-7-cdti-a17dtf-moottori-cruze-opel-astra-j\/\" \/>\n<meta property=\"og:site_name\" content=\"Autopartscenter24\" \/>\n<meta property=\"og:image\" content=\"https:\/\/autopartscenter24.com\/wp-content\/uploads\/2023\/03\/1-7-cdti-A17DTF-moottori-cruze-opel-astra-j.webp\" \/>\n\t<meta property=\"og:image:width\" content=\"800\" \/>\n\t<meta property=\"og:image:height\" content=\"600\" \/>\n\t<meta property=\"og:image:type\" content=\"image\/webp\" \/>\n<meta name=\"twitter:card\" content=\"summary_large_image\" \/>\n<meta name=\"twitter:label1\" content=\"Ber\u00e4knad l\u00e4stid\" \/>\n\t<meta name=\"twitter:data1\" content=\"1 minut\" \/>\n<script type=\"application\/ld+json\" class=\"yoast-schema-graph\">{\"@context\":\"https:\/\/schema.org\",\"@graph\":[{\"@type\":\"WebPage\",\"@id\":\"https:\/\/autopartscenter24.com\/auton-varaosat\/1-7-cdti-a17dtf-moottori-cruze-opel-astra-j\/\",\"url\":\"https:\/\/autopartscenter24.com\/auton-varaosat\/1-7-cdti-a17dtf-moottori-cruze-opel-astra-j\/\",\"name\":\"1.7 CDTI \\\"A17DTF\\\" Motor [esim. Astra, Cruze]\",\"isPartOf\":{\"@id\":\"https:\/\/autopartscenter24.com\/#website\"},\"primaryImageOfPage\":{\"@id\":\"https:\/\/autopartscenter24.com\/auton-varaosat\/1-7-cdti-a17dtf-moottori-cruze-opel-astra-j\/#primaryimage\"},\"image\":{\"@id\":\"https:\/\/autopartscenter24.com\/auton-varaosat\/1-7-cdti-a17dtf-moottori-cruze-opel-astra-j\/#primaryimage\"},\"thumbnailUrl\":\"https:\/\/autopartscenter24.com\/wp-content\/uploads\/2023\/03\/1-7-cdti-A17DTF-moottori-cruze-opel-astra-j.webp\",\"datePublished\":\"2023-11-26T18:21:10+00:00\",\"description\":\"En av de motorer som vi ofta har tillg\u00e4ngliga. Skicka en f\u00f6rfr\u00e5gan och f\u00e5 en offert inom 24 timmar. Motorer, v\u00e4xell\u00e5dor och andra bildelar under garanti.\",\"breadcrumb\":{\"@id\":\"https:\/\/autopartscenter24.com\/auton-varaosat\/1-7-cdti-a17dtf-moottori-cruze-opel-astra-j\/#breadcrumb\"},\"inLanguage\":\"sv-SE\",\"potentialAction\":[{\"@type\":\"ReadAction\",\"target\":[\"https:\/\/autopartscenter24.com\/auton-varaosat\/1-7-cdti-a17dtf-moottori-cruze-opel-astra-j\/\"]}]},{\"@type\":\"ImageObject\",\"inLanguage\":\"sv-SE\",\"@id\":\"https:\/\/autopartscenter24.com\/auton-varaosat\/1-7-cdti-a17dtf-moottori-cruze-opel-astra-j\/#primaryimage\",\"url\":\"https:\/\/autopartscenter24.com\/wp-content\/uploads\/2023\/03\/1-7-cdti-A17DTF-moottori-cruze-opel-astra-j.webp\",\"contentUrl\":\"https:\/\/autopartscenter24.com\/wp-content\/uploads\/2023\/03\/1-7-cdti-A17DTF-moottori-cruze-opel-astra-j.webp\",\"width\":800,\"height\":600},{\"@type\":\"BreadcrumbList\",\"@id\":\"https:\/\/autopartscenter24.com\/auton-varaosat\/1-7-cdti-a17dtf-moottori-cruze-opel-astra-j\/#breadcrumb\",\"itemListElement\":[{\"@type\":\"ListItem\",\"position\":1,\"name\":\"Hem\",\"item\":\"https:\/\/aliceblue-termite-662564.hostingersite.com\/\"},{\"@type\":\"ListItem\",\"position\":2,\"name\":\"Auton varaosat\",\"item\":\"https:\/\/aliceblue-termite-662564.hostingersite.com\/auton-varaosat\/\"},{\"@type\":\"ListItem\",\"position\":3,\"name\":\"1.7 CDTI &#8221;A17DTF&#8221; Motor [esim. Astra, Cruze]\"}]},{\"@type\":\"WebSite\",\"@id\":\"https:\/\/autopartscenter24.com\/#website\",\"url\":\"https:\/\/autopartscenter24.com\/\",\"name\":\"Autopartscenter24\",\"description\":\"K\u00c4YTETYT JA KUNNOSTETUT  AUTON VARAOSAT\",\"potentialAction\":[{\"@type\":\"SearchAction\",\"target\":{\"@type\":\"EntryPoint\",\"urlTemplate\":\"https:\/\/autopartscenter24.com\/?s={search_term_string}\"},\"query-input\":{\"@type\":\"PropertyValueSpecification\",\"valueRequired\":true,\"valueName\":\"search_term_string\"}}],\"inLanguage\":\"sv-SE\"}]}<\/script>\n<!-- \/ Yoast SEO plugin. -->","yoast_head_json":{"title":"1.7 CDTI \"A17DTF\" Motor [esim. Astra, Cruze]","description":"En av de motorer som vi ofta har tillg\u00e4ngliga. Skicka en f\u00f6rfr\u00e5gan och f\u00e5 en offert inom 24 timmar. Motorer, v\u00e4xell\u00e5dor och andra bildelar under garanti.","robots":{"index":"index","follow":"follow","max-snippet":"max-snippet:-1","max-image-preview":"max-image-preview:large","max-video-preview":"max-video-preview:-1"},"canonical":"https:\/\/autopartscenter24.com\/sv\/auton-varaosat\/1-7-cdti-a17dtf-moottori-cruze-opel-astra-j\/","og_locale":"sv_SE","og_type":"article","og_title":"1.7 CDTI \"A17DTF\" Motor [esim. Astra, Cruze]","og_description":"En av de motorer som vi ofta har tillg\u00e4ngliga. Skicka en f\u00f6rfr\u00e5gan och f\u00e5 en offert inom 24 timmar. Motorer, v\u00e4xell\u00e5dor och andra bildelar under garanti.","og_url":"https:\/\/autopartscenter24.com\/sv\/auton-varaosat\/1-7-cdti-a17dtf-moottori-cruze-opel-astra-j\/","og_site_name":"Autopartscenter24","og_image":[{"width":800,"height":600,"url":"https:\/\/autopartscenter24.com\/wp-content\/uploads\/2023\/03\/1-7-cdti-A17DTF-moottori-cruze-opel-astra-j.webp","type":"image\/webp"}],"twitter_card":"summary_large_image","twitter_misc":{"Ber\u00e4knad l\u00e4stid":"1 minut"},"schema":{"@context":"https:\/\/schema.org","@graph":[{"@type":"WebPage","@id":"https:\/\/autopartscenter24.com\/auton-varaosat\/1-7-cdti-a17dtf-moottori-cruze-opel-astra-j\/","url":"https:\/\/autopartscenter24.com\/auton-varaosat\/1-7-cdti-a17dtf-moottori-cruze-opel-astra-j\/","name":"1.7 CDTI \"A17DTF\" Motor [esim. Astra, Cruze]","isPartOf":{"@id":"https:\/\/autopartscenter24.com\/#website"},"primaryImageOfPage":{"@id":"https:\/\/autopartscenter24.com\/auton-varaosat\/1-7-cdti-a17dtf-moottori-cruze-opel-astra-j\/#primaryimage"},"image":{"@id":"https:\/\/autopartscenter24.com\/auton-varaosat\/1-7-cdti-a17dtf-moottori-cruze-opel-astra-j\/#primaryimage"},"thumbnailUrl":"https:\/\/autopartscenter24.com\/wp-content\/uploads\/2023\/03\/1-7-cdti-A17DTF-moottori-cruze-opel-astra-j.webp","datePublished":"2023-11-26T18:21:10+00:00","description":"En av de motorer som vi ofta har tillg\u00e4ngliga. Skicka en f\u00f6rfr\u00e5gan och f\u00e5 en offert inom 24 timmar. Motorer, v\u00e4xell\u00e5dor och andra bildelar under garanti.","breadcrumb":{"@id":"https:\/\/autopartscenter24.com\/auton-varaosat\/1-7-cdti-a17dtf-moottori-cruze-opel-astra-j\/#breadcrumb"},"inLanguage":"sv-SE","potentialAction":[{"@type":"ReadAction","target":["https:\/\/autopartscenter24.com\/auton-varaosat\/1-7-cdti-a17dtf-moottori-cruze-opel-astra-j\/"]}]},{"@type":"ImageObject","inLanguage":"sv-SE","@id":"https:\/\/autopartscenter24.com\/auton-varaosat\/1-7-cdti-a17dtf-moottori-cruze-opel-astra-j\/#primaryimage","url":"https:\/\/autopartscenter24.com\/wp-content\/uploads\/2023\/03\/1-7-cdti-A17DTF-moottori-cruze-opel-astra-j.webp","contentUrl":"https:\/\/autopartscenter24.com\/wp-content\/uploads\/2023\/03\/1-7-cdti-A17DTF-moottori-cruze-opel-astra-j.webp","width":800,"height":600},{"@type":"BreadcrumbList","@id":"https:\/\/autopartscenter24.com\/auton-varaosat\/1-7-cdti-a17dtf-moottori-cruze-opel-astra-j\/#breadcrumb","itemListElement":[{"@type":"ListItem","position":1,"name":"Hem","item":"https:\/\/aliceblue-termite-662564.hostingersite.com\/"},{"@type":"ListItem","position":2,"name":"Auton varaosat","item":"https:\/\/aliceblue-termite-662564.hostingersite.com\/auton-varaosat\/"},{"@type":"ListItem","position":3,"name":"1.7 CDTI &#8221;A17DTF&#8221; Motor [esim. Astra, Cruze]"}]},{"@type":"WebSite","@id":"https:\/\/autopartscenter24.com\/#website","url":"https:\/\/autopartscenter24.com\/","name":"Autopartscenter24","description":"K\u00c4YTETYT JA KUNNOSTETUT  AUTON VARAOSAT","potentialAction":[{"@type":"SearchAction","target":{"@type":"EntryPoint","urlTemplate":"https:\/\/autopartscenter24.com\/?s={search_term_string}"},"query-input":{"@type":"PropertyValueSpecification","valueRequired":true,"valueName":"search_term_string"}}],"inLanguage":"sv-SE"}]}},"_links":{"self":[{"href":"https:\/\/autopartscenter24.com\/sv\/wp-json\/wp\/v2\/product\/5523","targetHints":{"allow":["GET"]}}],"collection":[{"href":"https:\/\/autopartscenter24.com\/sv\/wp-json\/wp\/v2\/product"}],"about":[{"href":"https:\/\/autopartscenter24.com\/sv\/wp-json\/wp\/v2\/types\/product"}],"wp:featuredmedia":[{"embeddable":true,"href":"https:\/\/autopartscenter24.com\/sv\/wp-json\/wp\/v2\/media\/4471"}],"wp:attachment":[{"href":"https:\/\/autopartscenter24.com\/sv\/wp-json\/wp\/v2\/media?parent=5523"}],"wp:term":[{"taxonomy":"product_brand","embeddable":true,"href":"https:\/\/autopartscenter24.com\/sv\/wp-json\/wp\/v2\/product_brand?post=5523"},{"taxonomy":"product_cat","embeddable":true,"href":"https:\/\/autopartscenter24.com\/sv\/wp-json\/wp\/v2\/product_cat?post=5523"},{"taxonomy":"product_tag","embeddable":true,"href":"https:\/\/autopartscenter24.com\/sv\/wp-json\/wp\/v2\/product_tag?post=5523"}],"curies":[{"name":"wp","href":"https:\/\/api.w.org\/{rel}","templated":true}]}}