{"id":5522,"date":"2023-03-05T13:10:50","date_gmt":"2023-11-26T18:18:36","guid":{"rendered":"https:\/\/autopartscenter24.com\/product\/1-9-tdi-bjb-motor-esim-caddy-octavia\/"},"modified":"2023-11-26T19:18:36","modified_gmt":"2023-11-26T18:18:36","slug":"1-9-tdi-bjb-motor-vw-caddy-octavia","status":"publish","type":"product","link":"https:\/\/autopartscenter24.com\/sv\/auton-varaosat\/1-9-tdi-bjb-motor-vw-caddy-octavia\/","title":{"rendered":"1.9 TDI &#8221;BJB&#8221; Motor [esim. Caddy, Octavia]"},"content":{"rendered":"<p><strong>Volkswagen-koncernens 1,9 TDI (motorkod: BJB) \u00e4r en av de mest k\u00e4nda dieselmotorerna som har anv\u00e4nts i m\u00e5nga olika bilm\u00e4rken och modeller runt om i v\u00e4rlden.<\/strong> Det \u00e4r en fyrcylindrig, \u00f6verladdad dieselmotor, vars br\u00e4nsle matas med common rail-insprutning.<\/p>\n<p>Motorns maximala effekt \u00e4r cirka 105 h\u00e4stkrafter och vridmomentet \u00e4r 250 newtonmeter. Den \u00e4r designad f\u00f6r att ge god br\u00e4nsleekonomi och motorh\u00e5llbarhet, vilket g\u00f6r den mycket popul\u00e4r, s\u00e4rskilt bland f\u00f6rare som v\u00e4rdes\u00e4tter ekonomi.<\/p>\n<p>Ut\u00f6ver Volkswagen-koncernen har 1,9 TDI-motorn anv\u00e4nts i flera andra bilm\u00e4rken och modeller. H\u00e4r \u00e4r en lista \u00f6ver n\u00e5gra bilar med 1.9 TDI-motorn:<\/p>\n<ul>\n<li>Volkswagen Golf V (2003-2008)<\/li>\n<li>Volkswagen Jetta V (2005-2010)<\/li>\n<li>Volkswagen Passat B6 (2005-2010)<\/li>\n<li>Audi A3 (2004-2013)<\/li>\n<li>Audi A4 B7 (2004-2008)<\/li>\n<li>Skoda Octavia II (2004-2013)<\/li>\n<\/ul>\n<p>1.9 TDI-motorn har visat sig vara en mycket h\u00e5llbar och p\u00e5litlig motor, designad f\u00f6r att klara l\u00e5nga str\u00e4ckor och tung anv\u00e4ndning. Dess underh\u00e5lls- och reparationskostnader \u00e4r rimligt \u00f6verkomliga, vilket g\u00f6r det till ett attraktivt alternativ f\u00f6r m\u00e5nga f\u00f6rare.<\/p>\n<p>Sammanfattningsvis har Volkswagen-koncernens 1,9 TDI-motor varit en mycket popul\u00e4r och respekterad dieselmotor i m\u00e5nga olika bilm\u00e4rken och modeller runt om i v\u00e4rlden. Dess br\u00e4nsleekonomi, h\u00e5llbarhet och tillf\u00f6rlitlighet har gjort den till ett av de mest eftertraktade alternativen till en dieselmotor bland f\u00f6rare.<\/p>\n","protected":false},"excerpt":{"rendered":"<ul>\n<li>Volkswagen Golf V (2003-2008)<\/li>\n<li>Volkswagen Golf Plus (2005-2008)<\/li>\n<li>Volkswagen Jetta V (2005-2010)<\/li>\n<li>Volkswagen Touran (2003-2010)<\/li>\n<li>Volkswagen Passat B6 (2005-2010)<\/li>\n<li>Audi A3 8P (2003-2012)<\/li>\n<li>Audi A4 B7 (2004-2008)<\/li>\n<li>Audi TT 8J (2006-2014)<\/li>\n<li>Skoda Octavia II (2004-2013)<\/li>\n<li>Seat Altea (2004-2015)<\/li>\n<li>Seat Leon (2005-2012)<\/li>\n<li>Seat Toledo (2004-2009)<\/li>\n<\/ul>\n","protected":false},"featured_media":4476,"template":"","meta":[],"product_brand":[],"product_cat":[468,470,469],"product_tag":[698,474],"class_list":{"0":"post-5522","1":"product","2":"type-product","3":"status-publish","4":"has-post-thumbnail","6":"product_cat-audi-sv","7":"product_cat-skoda-sv","8":"product_cat-vw-sv","9":"product_tag-caddy-sv","10":"product_tag-octavia-sv","13":"first","14":"instock","15":"shipping-taxable","16":"product-type-simple"},"yoast_head":"<!-- This site is optimized with the Yoast SEO plugin v26.8 - https:\/\/yoast.com\/product\/yoast-seo-wordpress\/ -->\n<title>1.9 TDI &quot;BJB&quot; Motor [esim. Caddy, Octavia] - Autopartscenter24<\/title>\n<meta name=\"description\" content=\"En av de motorer som vi ofta har tillg\u00e4ngliga. Skicka en f\u00f6rfr\u00e5gan och f\u00e5 en offert inom 24 timmar. Motorer, v\u00e4xell\u00e5dor och andra bildelar under garanti.\" \/>\n<meta name=\"robots\" content=\"index, follow, max-snippet:-1, max-image-preview:large, max-video-preview:-1\" \/>\n<link rel=\"canonical\" href=\"https:\/\/autopartscenter24.com\/sv\/auton-varaosat\/1-9-tdi-bjb-moottori-vw-caddy-octavia\/\" \/>\n<meta property=\"og:locale\" content=\"sv_SE\" \/>\n<meta property=\"og:type\" content=\"article\" \/>\n<meta property=\"og:title\" content=\"1.9 TDI &quot;BJB&quot; Motor [esim. Caddy, Octavia] - Autopartscenter24\" \/>\n<meta property=\"og:description\" content=\"En av de motorer som vi ofta har tillg\u00e4ngliga. Skicka en f\u00f6rfr\u00e5gan och f\u00e5 en offert inom 24 timmar. Motorer, v\u00e4xell\u00e5dor och andra bildelar under garanti.\" \/>\n<meta property=\"og:url\" content=\"https:\/\/autopartscenter24.com\/sv\/auton-varaosat\/1-9-tdi-bjb-moottori-vw-caddy-octavia\/\" \/>\n<meta property=\"og:site_name\" content=\"Autopartscenter24\" \/>\n<meta property=\"og:image\" content=\"https:\/\/autopartscenter24.com\/wp-content\/uploads\/2023\/03\/1-9-tdi-BJB-moottori-vw-caddy-octavia.webp\" \/>\n\t<meta property=\"og:image:width\" content=\"800\" \/>\n\t<meta property=\"og:image:height\" content=\"600\" \/>\n\t<meta property=\"og:image:type\" content=\"image\/webp\" \/>\n<meta name=\"twitter:card\" content=\"summary_large_image\" \/>\n<meta name=\"twitter:label1\" content=\"Ber\u00e4knad l\u00e4stid\" \/>\n\t<meta name=\"twitter:data1\" content=\"1 minut\" \/>\n<script type=\"application\/ld+json\" class=\"yoast-schema-graph\">{\"@context\":\"https:\/\/schema.org\",\"@graph\":[{\"@type\":\"WebPage\",\"@id\":\"https:\/\/autopartscenter24.com\/auton-varaosat\/1-9-tdi-bjb-moottori-vw-caddy-octavia\/\",\"url\":\"https:\/\/autopartscenter24.com\/auton-varaosat\/1-9-tdi-bjb-moottori-vw-caddy-octavia\/\",\"name\":\"1.9 TDI \\\"BJB\\\" Motor [esim. Caddy, Octavia] - Autopartscenter24\",\"isPartOf\":{\"@id\":\"https:\/\/autopartscenter24.com\/#website\"},\"primaryImageOfPage\":{\"@id\":\"https:\/\/autopartscenter24.com\/auton-varaosat\/1-9-tdi-bjb-moottori-vw-caddy-octavia\/#primaryimage\"},\"image\":{\"@id\":\"https:\/\/autopartscenter24.com\/auton-varaosat\/1-9-tdi-bjb-moottori-vw-caddy-octavia\/#primaryimage\"},\"thumbnailUrl\":\"https:\/\/autopartscenter24.com\/wp-content\/uploads\/2023\/03\/1-9-tdi-BJB-moottori-vw-caddy-octavia.webp\",\"datePublished\":\"2023-11-26T18:18:36+00:00\",\"description\":\"En av de motorer som vi ofta har tillg\u00e4ngliga. Skicka en f\u00f6rfr\u00e5gan och f\u00e5 en offert inom 24 timmar. Motorer, v\u00e4xell\u00e5dor och andra bildelar under garanti.\",\"breadcrumb\":{\"@id\":\"https:\/\/autopartscenter24.com\/auton-varaosat\/1-9-tdi-bjb-moottori-vw-caddy-octavia\/#breadcrumb\"},\"inLanguage\":\"sv-SE\",\"potentialAction\":[{\"@type\":\"ReadAction\",\"target\":[\"https:\/\/autopartscenter24.com\/auton-varaosat\/1-9-tdi-bjb-moottori-vw-caddy-octavia\/\"]}]},{\"@type\":\"ImageObject\",\"inLanguage\":\"sv-SE\",\"@id\":\"https:\/\/autopartscenter24.com\/auton-varaosat\/1-9-tdi-bjb-moottori-vw-caddy-octavia\/#primaryimage\",\"url\":\"https:\/\/autopartscenter24.com\/wp-content\/uploads\/2023\/03\/1-9-tdi-BJB-moottori-vw-caddy-octavia.webp\",\"contentUrl\":\"https:\/\/autopartscenter24.com\/wp-content\/uploads\/2023\/03\/1-9-tdi-BJB-moottori-vw-caddy-octavia.webp\",\"width\":800,\"height\":600},{\"@type\":\"BreadcrumbList\",\"@id\":\"https:\/\/autopartscenter24.com\/auton-varaosat\/1-9-tdi-bjb-moottori-vw-caddy-octavia\/#breadcrumb\",\"itemListElement\":[{\"@type\":\"ListItem\",\"position\":1,\"name\":\"Hem\",\"item\":\"https:\/\/aliceblue-termite-662564.hostingersite.com\/\"},{\"@type\":\"ListItem\",\"position\":2,\"name\":\"Auton varaosat\",\"item\":\"https:\/\/aliceblue-termite-662564.hostingersite.com\/auton-varaosat\/\"},{\"@type\":\"ListItem\",\"position\":3,\"name\":\"1.9 TDI &#8221;BJB&#8221; Motor [esim. Caddy, Octavia]\"}]},{\"@type\":\"WebSite\",\"@id\":\"https:\/\/autopartscenter24.com\/#website\",\"url\":\"https:\/\/autopartscenter24.com\/\",\"name\":\"Autopartscenter24\",\"description\":\"K\u00c4YTETYT JA KUNNOSTETUT  AUTON VARAOSAT\",\"potentialAction\":[{\"@type\":\"SearchAction\",\"target\":{\"@type\":\"EntryPoint\",\"urlTemplate\":\"https:\/\/autopartscenter24.com\/?s={search_term_string}\"},\"query-input\":{\"@type\":\"PropertyValueSpecification\",\"valueRequired\":true,\"valueName\":\"search_term_string\"}}],\"inLanguage\":\"sv-SE\"}]}<\/script>\n<!-- \/ Yoast SEO plugin. -->","yoast_head_json":{"title":"1.9 TDI \"BJB\" Motor [esim. Caddy, Octavia] - Autopartscenter24","description":"En av de motorer som vi ofta har tillg\u00e4ngliga. Skicka en f\u00f6rfr\u00e5gan och f\u00e5 en offert inom 24 timmar. Motorer, v\u00e4xell\u00e5dor och andra bildelar under garanti.","robots":{"index":"index","follow":"follow","max-snippet":"max-snippet:-1","max-image-preview":"max-image-preview:large","max-video-preview":"max-video-preview:-1"},"canonical":"https:\/\/autopartscenter24.com\/sv\/auton-varaosat\/1-9-tdi-bjb-moottori-vw-caddy-octavia\/","og_locale":"sv_SE","og_type":"article","og_title":"1.9 TDI \"BJB\" Motor [esim. Caddy, Octavia] - Autopartscenter24","og_description":"En av de motorer som vi ofta har tillg\u00e4ngliga. Skicka en f\u00f6rfr\u00e5gan och f\u00e5 en offert inom 24 timmar. Motorer, v\u00e4xell\u00e5dor och andra bildelar under garanti.","og_url":"https:\/\/autopartscenter24.com\/sv\/auton-varaosat\/1-9-tdi-bjb-moottori-vw-caddy-octavia\/","og_site_name":"Autopartscenter24","og_image":[{"width":800,"height":600,"url":"https:\/\/autopartscenter24.com\/wp-content\/uploads\/2023\/03\/1-9-tdi-BJB-moottori-vw-caddy-octavia.webp","type":"image\/webp"}],"twitter_card":"summary_large_image","twitter_misc":{"Ber\u00e4knad l\u00e4stid":"1 minut"},"schema":{"@context":"https:\/\/schema.org","@graph":[{"@type":"WebPage","@id":"https:\/\/autopartscenter24.com\/auton-varaosat\/1-9-tdi-bjb-moottori-vw-caddy-octavia\/","url":"https:\/\/autopartscenter24.com\/auton-varaosat\/1-9-tdi-bjb-moottori-vw-caddy-octavia\/","name":"1.9 TDI \"BJB\" Motor [esim. Caddy, Octavia] - Autopartscenter24","isPartOf":{"@id":"https:\/\/autopartscenter24.com\/#website"},"primaryImageOfPage":{"@id":"https:\/\/autopartscenter24.com\/auton-varaosat\/1-9-tdi-bjb-moottori-vw-caddy-octavia\/#primaryimage"},"image":{"@id":"https:\/\/autopartscenter24.com\/auton-varaosat\/1-9-tdi-bjb-moottori-vw-caddy-octavia\/#primaryimage"},"thumbnailUrl":"https:\/\/autopartscenter24.com\/wp-content\/uploads\/2023\/03\/1-9-tdi-BJB-moottori-vw-caddy-octavia.webp","datePublished":"2023-11-26T18:18:36+00:00","description":"En av de motorer som vi ofta har tillg\u00e4ngliga. Skicka en f\u00f6rfr\u00e5gan och f\u00e5 en offert inom 24 timmar. Motorer, v\u00e4xell\u00e5dor och andra bildelar under garanti.","breadcrumb":{"@id":"https:\/\/autopartscenter24.com\/auton-varaosat\/1-9-tdi-bjb-moottori-vw-caddy-octavia\/#breadcrumb"},"inLanguage":"sv-SE","potentialAction":[{"@type":"ReadAction","target":["https:\/\/autopartscenter24.com\/auton-varaosat\/1-9-tdi-bjb-moottori-vw-caddy-octavia\/"]}]},{"@type":"ImageObject","inLanguage":"sv-SE","@id":"https:\/\/autopartscenter24.com\/auton-varaosat\/1-9-tdi-bjb-moottori-vw-caddy-octavia\/#primaryimage","url":"https:\/\/autopartscenter24.com\/wp-content\/uploads\/2023\/03\/1-9-tdi-BJB-moottori-vw-caddy-octavia.webp","contentUrl":"https:\/\/autopartscenter24.com\/wp-content\/uploads\/2023\/03\/1-9-tdi-BJB-moottori-vw-caddy-octavia.webp","width":800,"height":600},{"@type":"BreadcrumbList","@id":"https:\/\/autopartscenter24.com\/auton-varaosat\/1-9-tdi-bjb-moottori-vw-caddy-octavia\/#breadcrumb","itemListElement":[{"@type":"ListItem","position":1,"name":"Hem","item":"https:\/\/aliceblue-termite-662564.hostingersite.com\/"},{"@type":"ListItem","position":2,"name":"Auton varaosat","item":"https:\/\/aliceblue-termite-662564.hostingersite.com\/auton-varaosat\/"},{"@type":"ListItem","position":3,"name":"1.9 TDI &#8221;BJB&#8221; Motor [esim. Caddy, Octavia]"}]},{"@type":"WebSite","@id":"https:\/\/autopartscenter24.com\/#website","url":"https:\/\/autopartscenter24.com\/","name":"Autopartscenter24","description":"K\u00c4YTETYT JA KUNNOSTETUT  AUTON VARAOSAT","potentialAction":[{"@type":"SearchAction","target":{"@type":"EntryPoint","urlTemplate":"https:\/\/autopartscenter24.com\/?s={search_term_string}"},"query-input":{"@type":"PropertyValueSpecification","valueRequired":true,"valueName":"search_term_string"}}],"inLanguage":"sv-SE"}]}},"_links":{"self":[{"href":"https:\/\/autopartscenter24.com\/sv\/wp-json\/wp\/v2\/product\/5522","targetHints":{"allow":["GET"]}}],"collection":[{"href":"https:\/\/autopartscenter24.com\/sv\/wp-json\/wp\/v2\/product"}],"about":[{"href":"https:\/\/autopartscenter24.com\/sv\/wp-json\/wp\/v2\/types\/product"}],"wp:featuredmedia":[{"embeddable":true,"href":"https:\/\/autopartscenter24.com\/sv\/wp-json\/wp\/v2\/media\/4476"}],"wp:attachment":[{"href":"https:\/\/autopartscenter24.com\/sv\/wp-json\/wp\/v2\/media?parent=5522"}],"wp:term":[{"taxonomy":"product_brand","embeddable":true,"href":"https:\/\/autopartscenter24.com\/sv\/wp-json\/wp\/v2\/product_brand?post=5522"},{"taxonomy":"product_cat","embeddable":true,"href":"https:\/\/autopartscenter24.com\/sv\/wp-json\/wp\/v2\/product_cat?post=5522"},{"taxonomy":"product_tag","embeddable":true,"href":"https:\/\/autopartscenter24.com\/sv\/wp-json\/wp\/v2\/product_tag?post=5522"}],"curies":[{"name":"wp","href":"https:\/\/api.w.org\/{rel}","templated":true}]}}