{"id":5521,"date":"2023-03-05T13:17:38","date_gmt":"2023-11-26T18:14:31","guid":{"rendered":"https:\/\/autopartscenter24.com\/product\/2-5-d4d-2kd-ftv-motor-esim-hiace-hilux-dyna\/"},"modified":"2023-11-26T19:14:31","modified_gmt":"2023-11-26T18:14:31","slug":"2-5-d4d-2kd-ftv-motor-hiace-iv-hilux-vii-dyna","status":"publish","type":"product","link":"https:\/\/autopartscenter24.com\/sv\/auton-varaosat\/2-5-d4d-2kd-ftv-motor-hiace-iv-hilux-vii-dyna\/","title":{"rendered":"2.5 D4D &#8221;2KD-FTV&#8221; Motor [esim. Hiace, Hilux, Dyna]"},"content":{"rendered":"<p><strong>Toyota 2.5 D4D (motorkod: 2KD-FTV)<\/strong> \u00e4r en dieselmotor utvecklad f\u00f6r anv\u00e4ndning i Toyota Hiace, Toyota Hilux och Toyota Land Cruiser-bilar. Designad f\u00f6r att vara h\u00e5llbar och p\u00e5litlig, denna motor \u00e4r utrustad med m\u00e5nga funktioner som g\u00f6r den effektiv och ekonomisk under drift.<\/p>\n<p>Maxeffekten p\u00e5 2,5 D4D \u00e4r 75 kW (102 hk) och vridmomentet \u00e4r 260 Nm vid 1600-2400 rpm. Motordesignen inneh\u00e5ller m\u00e5nga funktioner som g\u00f6r den mycket effektiv. Dessa inkluderar br\u00e4nsleinsprutare som arbetar vid h\u00f6gt tryck och en turboladdare som f\u00f6rb\u00e4ttrar motorns prestanda.<\/p>\n<p>Underh\u00e5llet av motorn \u00e4r ocks\u00e5 enkelt, eftersom den \u00e4r utrustad med filter som f\u00f6rhindrar att smuts och andra f\u00f6roreningar kommer in i motorn. Dessutom har motorn ett mycket h\u00e5llbart cylinderblock, vilket s\u00e4kerst\u00e4ller motorns livsl\u00e4ngd.<\/p>\n<p>Toyota Hiace, Toyota Hilux och Toyota Land Cruiser \u00e4r tre bilar som har haft 2,5 D4D-motorn i bruk. Toyota Hiace \u00e4r en rymlig sk\u00e5pbil designad speciellt f\u00f6r godstransport. Toyota Hilux \u00e4r en fyrhjulsdriven pickup designad f\u00f6r att klara sv\u00e5ra terr\u00e4ngf\u00f6rh\u00e5llanden. Toyota Land Cruiser \u00e4r ett terr\u00e4ngfordon designat f\u00f6r att transportera passagerare i utmanande terr\u00e4ngf\u00f6rh\u00e5llanden.<\/p>\n<p>2,5 D4D-motorn \u00e4r en mycket p\u00e5litlig och ekonomisk motor utvecklad f\u00f6r att klara tung anv\u00e4ndning. Det \u00e4r ett utm\u00e4rkt val f\u00f6r transport\u00f6rer och terr\u00e4ngfordon d\u00e4r h\u00f6g prestanda och h\u00e5llbarhet kr\u00e4vs.<\/p>\n","protected":false},"excerpt":{"rendered":"<p>Toyota anv\u00e4nde motorn 2,5 D4D (motorkod: 2KD-FTV) i flera av sina bilmodeller. H\u00e4r \u00e4r bilarna d\u00e4r motorn har anv\u00e4nts:<\/p>\n<ul>\n<li>Toyota Hiace (2004-2012)<\/li>\n<li>Toyota Hilux (2005-2015)<\/li>\n<li>Toyota Fortuner (2005-2015)<\/li>\n<li>Toyota Innova (2005-2015)<\/li>\n<li>Toyota Land Cruiser Prado (2005-2009)<\/li>\n<\/ul>\n","protected":false},"featured_media":4481,"template":"","meta":[],"product_brand":[],"product_cat":[637],"product_tag":[743,741,742],"class_list":{"0":"post-5521","1":"product","2":"type-product","3":"status-publish","4":"has-post-thumbnail","6":"product_cat-toyota-sv","7":"product_tag-dyna-sv","8":"product_tag-hiace-sv","9":"product_tag-hilux-sv","10":"pa_varaosan-osasto-motor","13":"first","14":"instock","15":"shipping-taxable","16":"product-type-simple"},"yoast_head":"<!-- This site is optimized with the Yoast SEO plugin v26.8 - https:\/\/yoast.com\/product\/yoast-seo-wordpress\/ -->\n<title>2.5 D4D &quot;2KD-FTV&quot; Motor [esim. Hiace, Hilux, Dyna]<\/title>\n<meta name=\"description\" content=\"En av de motorer som vi ofta har tillg\u00e4ngliga. Skicka en f\u00f6rfr\u00e5gan och f\u00e5 en offert inom 24 timmar. Motorer, v\u00e4xell\u00e5dor och andra bildelar under garanti.\" \/>\n<meta name=\"robots\" content=\"index, follow, max-snippet:-1, max-image-preview:large, max-video-preview:-1\" \/>\n<link rel=\"canonical\" href=\"https:\/\/autopartscenter24.com\/sv\/auton-varaosat\/2-5-d4d-2kd-ftv-moottori-hiace-iv-hilux-vii-dyna\/\" \/>\n<meta property=\"og:locale\" content=\"sv_SE\" \/>\n<meta property=\"og:type\" content=\"article\" \/>\n<meta property=\"og:title\" content=\"2.5 D4D &quot;2KD-FTV&quot; Motor [esim. Hiace, Hilux, Dyna]\" \/>\n<meta property=\"og:description\" content=\"En av de motorer som vi ofta har tillg\u00e4ngliga. Skicka en f\u00f6rfr\u00e5gan och f\u00e5 en offert inom 24 timmar. Motorer, v\u00e4xell\u00e5dor och andra bildelar under garanti.\" \/>\n<meta property=\"og:url\" content=\"https:\/\/autopartscenter24.com\/sv\/auton-varaosat\/2-5-d4d-2kd-ftv-moottori-hiace-iv-hilux-vii-dyna\/\" \/>\n<meta property=\"og:site_name\" content=\"Autopartscenter24\" \/>\n<meta property=\"og:image\" content=\"https:\/\/autopartscenter24.com\/wp-content\/uploads\/2023\/03\/2-5-d4d-2KD-FTV-moottori-hiace-iv-hilux-vii-dyna.webp\" \/>\n\t<meta property=\"og:image:width\" content=\"800\" \/>\n\t<meta property=\"og:image:height\" content=\"600\" \/>\n\t<meta property=\"og:image:type\" content=\"image\/webp\" \/>\n<meta name=\"twitter:card\" content=\"summary_large_image\" \/>\n<meta name=\"twitter:label1\" content=\"Ber\u00e4knad l\u00e4stid\" \/>\n\t<meta name=\"twitter:data1\" content=\"1 minut\" \/>\n<script type=\"application\/ld+json\" class=\"yoast-schema-graph\">{\"@context\":\"https:\/\/schema.org\",\"@graph\":[{\"@type\":\"WebPage\",\"@id\":\"https:\/\/autopartscenter24.com\/auton-varaosat\/2-5-d4d-2kd-ftv-moottori-hiace-iv-hilux-vii-dyna\/\",\"url\":\"https:\/\/autopartscenter24.com\/auton-varaosat\/2-5-d4d-2kd-ftv-moottori-hiace-iv-hilux-vii-dyna\/\",\"name\":\"2.5 D4D \\\"2KD-FTV\\\" Motor [esim. Hiace, Hilux, Dyna]\",\"isPartOf\":{\"@id\":\"https:\/\/autopartscenter24.com\/#website\"},\"primaryImageOfPage\":{\"@id\":\"https:\/\/autopartscenter24.com\/auton-varaosat\/2-5-d4d-2kd-ftv-moottori-hiace-iv-hilux-vii-dyna\/#primaryimage\"},\"image\":{\"@id\":\"https:\/\/autopartscenter24.com\/auton-varaosat\/2-5-d4d-2kd-ftv-moottori-hiace-iv-hilux-vii-dyna\/#primaryimage\"},\"thumbnailUrl\":\"https:\/\/autopartscenter24.com\/wp-content\/uploads\/2023\/03\/2-5-d4d-2KD-FTV-moottori-hiace-iv-hilux-vii-dyna.webp\",\"datePublished\":\"2023-11-26T18:14:31+00:00\",\"description\":\"En av de motorer som vi ofta har tillg\u00e4ngliga. Skicka en f\u00f6rfr\u00e5gan och f\u00e5 en offert inom 24 timmar. Motorer, v\u00e4xell\u00e5dor och andra bildelar under garanti.\",\"breadcrumb\":{\"@id\":\"https:\/\/autopartscenter24.com\/auton-varaosat\/2-5-d4d-2kd-ftv-moottori-hiace-iv-hilux-vii-dyna\/#breadcrumb\"},\"inLanguage\":\"sv-SE\",\"potentialAction\":[{\"@type\":\"ReadAction\",\"target\":[\"https:\/\/autopartscenter24.com\/auton-varaosat\/2-5-d4d-2kd-ftv-moottori-hiace-iv-hilux-vii-dyna\/\"]}]},{\"@type\":\"ImageObject\",\"inLanguage\":\"sv-SE\",\"@id\":\"https:\/\/autopartscenter24.com\/auton-varaosat\/2-5-d4d-2kd-ftv-moottori-hiace-iv-hilux-vii-dyna\/#primaryimage\",\"url\":\"https:\/\/autopartscenter24.com\/wp-content\/uploads\/2023\/03\/2-5-d4d-2KD-FTV-moottori-hiace-iv-hilux-vii-dyna.webp\",\"contentUrl\":\"https:\/\/autopartscenter24.com\/wp-content\/uploads\/2023\/03\/2-5-d4d-2KD-FTV-moottori-hiace-iv-hilux-vii-dyna.webp\",\"width\":800,\"height\":600},{\"@type\":\"BreadcrumbList\",\"@id\":\"https:\/\/autopartscenter24.com\/auton-varaosat\/2-5-d4d-2kd-ftv-moottori-hiace-iv-hilux-vii-dyna\/#breadcrumb\",\"itemListElement\":[{\"@type\":\"ListItem\",\"position\":1,\"name\":\"Hem\",\"item\":\"https:\/\/aliceblue-termite-662564.hostingersite.com\/\"},{\"@type\":\"ListItem\",\"position\":2,\"name\":\"Auton varaosat\",\"item\":\"https:\/\/aliceblue-termite-662564.hostingersite.com\/auton-varaosat\/\"},{\"@type\":\"ListItem\",\"position\":3,\"name\":\"2.5 D4D &#8221;2KD-FTV&#8221; Motor [esim. Hiace, Hilux, Dyna]\"}]},{\"@type\":\"WebSite\",\"@id\":\"https:\/\/autopartscenter24.com\/#website\",\"url\":\"https:\/\/autopartscenter24.com\/\",\"name\":\"Autopartscenter24\",\"description\":\"K\u00c4YTETYT JA KUNNOSTETUT  AUTON VARAOSAT\",\"potentialAction\":[{\"@type\":\"SearchAction\",\"target\":{\"@type\":\"EntryPoint\",\"urlTemplate\":\"https:\/\/autopartscenter24.com\/?s={search_term_string}\"},\"query-input\":{\"@type\":\"PropertyValueSpecification\",\"valueRequired\":true,\"valueName\":\"search_term_string\"}}],\"inLanguage\":\"sv-SE\"}]}<\/script>\n<!-- \/ Yoast SEO plugin. -->","yoast_head_json":{"title":"2.5 D4D \"2KD-FTV\" Motor [esim. Hiace, Hilux, Dyna]","description":"En av de motorer som vi ofta har tillg\u00e4ngliga. Skicka en f\u00f6rfr\u00e5gan och f\u00e5 en offert inom 24 timmar. Motorer, v\u00e4xell\u00e5dor och andra bildelar under garanti.","robots":{"index":"index","follow":"follow","max-snippet":"max-snippet:-1","max-image-preview":"max-image-preview:large","max-video-preview":"max-video-preview:-1"},"canonical":"https:\/\/autopartscenter24.com\/sv\/auton-varaosat\/2-5-d4d-2kd-ftv-moottori-hiace-iv-hilux-vii-dyna\/","og_locale":"sv_SE","og_type":"article","og_title":"2.5 D4D \"2KD-FTV\" Motor [esim. Hiace, Hilux, Dyna]","og_description":"En av de motorer som vi ofta har tillg\u00e4ngliga. Skicka en f\u00f6rfr\u00e5gan och f\u00e5 en offert inom 24 timmar. Motorer, v\u00e4xell\u00e5dor och andra bildelar under garanti.","og_url":"https:\/\/autopartscenter24.com\/sv\/auton-varaosat\/2-5-d4d-2kd-ftv-moottori-hiace-iv-hilux-vii-dyna\/","og_site_name":"Autopartscenter24","og_image":[{"width":800,"height":600,"url":"https:\/\/autopartscenter24.com\/wp-content\/uploads\/2023\/03\/2-5-d4d-2KD-FTV-moottori-hiace-iv-hilux-vii-dyna.webp","type":"image\/webp"}],"twitter_card":"summary_large_image","twitter_misc":{"Ber\u00e4knad l\u00e4stid":"1 minut"},"schema":{"@context":"https:\/\/schema.org","@graph":[{"@type":"WebPage","@id":"https:\/\/autopartscenter24.com\/auton-varaosat\/2-5-d4d-2kd-ftv-moottori-hiace-iv-hilux-vii-dyna\/","url":"https:\/\/autopartscenter24.com\/auton-varaosat\/2-5-d4d-2kd-ftv-moottori-hiace-iv-hilux-vii-dyna\/","name":"2.5 D4D \"2KD-FTV\" Motor [esim. Hiace, Hilux, Dyna]","isPartOf":{"@id":"https:\/\/autopartscenter24.com\/#website"},"primaryImageOfPage":{"@id":"https:\/\/autopartscenter24.com\/auton-varaosat\/2-5-d4d-2kd-ftv-moottori-hiace-iv-hilux-vii-dyna\/#primaryimage"},"image":{"@id":"https:\/\/autopartscenter24.com\/auton-varaosat\/2-5-d4d-2kd-ftv-moottori-hiace-iv-hilux-vii-dyna\/#primaryimage"},"thumbnailUrl":"https:\/\/autopartscenter24.com\/wp-content\/uploads\/2023\/03\/2-5-d4d-2KD-FTV-moottori-hiace-iv-hilux-vii-dyna.webp","datePublished":"2023-11-26T18:14:31+00:00","description":"En av de motorer som vi ofta har tillg\u00e4ngliga. Skicka en f\u00f6rfr\u00e5gan och f\u00e5 en offert inom 24 timmar. Motorer, v\u00e4xell\u00e5dor och andra bildelar under garanti.","breadcrumb":{"@id":"https:\/\/autopartscenter24.com\/auton-varaosat\/2-5-d4d-2kd-ftv-moottori-hiace-iv-hilux-vii-dyna\/#breadcrumb"},"inLanguage":"sv-SE","potentialAction":[{"@type":"ReadAction","target":["https:\/\/autopartscenter24.com\/auton-varaosat\/2-5-d4d-2kd-ftv-moottori-hiace-iv-hilux-vii-dyna\/"]}]},{"@type":"ImageObject","inLanguage":"sv-SE","@id":"https:\/\/autopartscenter24.com\/auton-varaosat\/2-5-d4d-2kd-ftv-moottori-hiace-iv-hilux-vii-dyna\/#primaryimage","url":"https:\/\/autopartscenter24.com\/wp-content\/uploads\/2023\/03\/2-5-d4d-2KD-FTV-moottori-hiace-iv-hilux-vii-dyna.webp","contentUrl":"https:\/\/autopartscenter24.com\/wp-content\/uploads\/2023\/03\/2-5-d4d-2KD-FTV-moottori-hiace-iv-hilux-vii-dyna.webp","width":800,"height":600},{"@type":"BreadcrumbList","@id":"https:\/\/autopartscenter24.com\/auton-varaosat\/2-5-d4d-2kd-ftv-moottori-hiace-iv-hilux-vii-dyna\/#breadcrumb","itemListElement":[{"@type":"ListItem","position":1,"name":"Hem","item":"https:\/\/aliceblue-termite-662564.hostingersite.com\/"},{"@type":"ListItem","position":2,"name":"Auton varaosat","item":"https:\/\/aliceblue-termite-662564.hostingersite.com\/auton-varaosat\/"},{"@type":"ListItem","position":3,"name":"2.5 D4D &#8221;2KD-FTV&#8221; Motor [esim. Hiace, Hilux, Dyna]"}]},{"@type":"WebSite","@id":"https:\/\/autopartscenter24.com\/#website","url":"https:\/\/autopartscenter24.com\/","name":"Autopartscenter24","description":"K\u00c4YTETYT JA KUNNOSTETUT  AUTON VARAOSAT","potentialAction":[{"@type":"SearchAction","target":{"@type":"EntryPoint","urlTemplate":"https:\/\/autopartscenter24.com\/?s={search_term_string}"},"query-input":{"@type":"PropertyValueSpecification","valueRequired":true,"valueName":"search_term_string"}}],"inLanguage":"sv-SE"}]}},"_links":{"self":[{"href":"https:\/\/autopartscenter24.com\/sv\/wp-json\/wp\/v2\/product\/5521","targetHints":{"allow":["GET"]}}],"collection":[{"href":"https:\/\/autopartscenter24.com\/sv\/wp-json\/wp\/v2\/product"}],"about":[{"href":"https:\/\/autopartscenter24.com\/sv\/wp-json\/wp\/v2\/types\/product"}],"wp:featuredmedia":[{"embeddable":true,"href":"https:\/\/autopartscenter24.com\/sv\/wp-json\/wp\/v2\/media\/4481"}],"wp:attachment":[{"href":"https:\/\/autopartscenter24.com\/sv\/wp-json\/wp\/v2\/media?parent=5521"}],"wp:term":[{"taxonomy":"product_brand","embeddable":true,"href":"https:\/\/autopartscenter24.com\/sv\/wp-json\/wp\/v2\/product_brand?post=5521"},{"taxonomy":"product_cat","embeddable":true,"href":"https:\/\/autopartscenter24.com\/sv\/wp-json\/wp\/v2\/product_cat?post=5521"},{"taxonomy":"product_tag","embeddable":true,"href":"https:\/\/autopartscenter24.com\/sv\/wp-json\/wp\/v2\/product_tag?post=5521"}],"curies":[{"name":"wp","href":"https:\/\/api.w.org\/{rel}","templated":true}]}}