{"id":5519,"date":"2023-03-05T16:25:13","date_gmt":"2023-11-26T17:59:44","guid":{"rendered":"https:\/\/autopartscenter24.com\/product\/2-0-fsi-axw-motor-esim-golf-a3-octavia-leon\/"},"modified":"2023-11-26T18:59:44","modified_gmt":"2023-11-26T17:59:44","slug":"2-0-fsi-axw-motor-vw-golf-v-audi-a3","status":"publish","type":"product","link":"https:\/\/autopartscenter24.com\/sv\/auton-varaosat\/2-0-fsi-axw-motor-vw-golf-v-audi-a3\/","title":{"rendered":"2.0 FSI &#8221;AXW&#8221; Motor [esim. Golf, A3, Octavia, Leon]"},"content":{"rendered":"<p><strong>2.0 FSI (motorkod: AXW)<\/strong> \u00e4r en popul\u00e4r Volkswagen Group bensinmotor som har blivit bekant i m\u00e5nga olika bilmodeller. Denna motor \u00e4r mycket avancerad och dess tekniska egenskaper \u00e4r i toppklass. Effekten som produceras av 2.0 FSI-motorn \u00e4r 150-200 hk och dess vridmoment \u00e4r cirka 200-280 Nm. En speciell egenskap hos denna motor \u00e4r dess h\u00f6ga kompressionsf\u00f6rh\u00e5llande, vilket m\u00f6jligg\u00f6r dess utm\u00e4rkta effektivitet och br\u00e4nsleekonomi.<\/p>\n<p>T\u00e4ndningen av 2.0 FSI-motorn sker direkt under br\u00e4nsleinsprutningen, vilket \u00f6kar motorns effektivitet och minskar dess utsl\u00e4pp. Motorns kamaxlar \u00e4r utrustade med variabel ventiltid, vilket f\u00f6rb\u00e4ttrar motorns prestanda och br\u00e4nsleekonomi, s\u00e4rskilt vid l\u00e5ga och medelh\u00f6ga varv. Motorn har ocks\u00e5 ett h\u00f6gt utvecklat elektroniskt styrsystem, vilket m\u00f6jligg\u00f6r en exakt och effektiv drift.<\/p>\n<p>2.0 FSI (motorkod: AXW)-motorn har anv\u00e4nts i m\u00e5nga Volkswagen Group bilmodeller. Denna motor har hittat in i m\u00e5nga olika bilm\u00e4rken och dess popularitet har stadigt \u00f6kat tack vare dess avancerade tekniska funktioner. Nedan \u00e4r en lista \u00f6ver n\u00e5gra bilmodeller d\u00e4r 2.0 FSI-motorn har anv\u00e4nts:<\/p>\n<ul>\n<li>Volkswagen Golf V GTI (2004-2008)<\/li>\n<li>Volkswagen Passat B6 (2005-2010)<\/li>\n<li>Audi A4 B7 (2004-2008)<\/li>\n<li>Audi A3 (2004-2013)<\/li>\n<li>Seat Leon Cupra (2006-2012)<\/li>\n<li>Skoda Octavia RS (2005-2008)<\/li>\n<\/ul>\n<p>2.0 FSI (motorkod: AXW) \u00e4r d\u00e4rf\u00f6r en h\u00f6gt utvecklad och m\u00e5ngsidig motor som hittat in i m\u00e5nga olika bilmodeller i Volkswagen-koncernens sortiment. Den h\u00e4r motorns prestanda, br\u00e4nsleekonomi och avancerade tekniska funktioner har gjort den till ett popul\u00e4rt val f\u00f6r m\u00e5nga bilister.<\/p>\n","protected":false},"excerpt":{"rendered":"<p>Bilar och modeller baserade p\u00e5 2.0 FSI-motorn:<\/p>\n<ul>\n<li>Volkswagen Golf (2002-2006)<\/li>\n<li>Volkswagen Jetta (2005-2010)<\/li>\n<li>Volkswagen Passat (2005-2010)<\/li>\n<li>Volkswagen Touran (2003-2006)<\/li>\n<li>Audi A3 (2003-2008)<\/li>\n<li>SEAT Leon (2005-2012)<\/li>\n<li>\u0160koda Octavia (2004-2008)<\/li>\n<\/ul>\n","protected":false},"featured_media":4491,"template":"","meta":[],"product_brand":[],"product_cat":[468,471,470,469],"product_tag":[472,473,656,474],"class_list":{"0":"post-5519","1":"product","2":"type-product","3":"status-publish","4":"has-post-thumbnail","6":"product_cat-audi-sv","7":"product_cat-seat-sv","8":"product_cat-skoda-sv","9":"product_cat-vw-sv","10":"product_tag-a3-sv","11":"product_tag-golf-sv","12":"product_tag-leon-sv","13":"product_tag-octavia-sv","14":"pa_varaosan-osasto-motor","17":"first","18":"instock","19":"shipping-taxable","20":"product-type-simple"},"yoast_head":"<!-- This site is optimized with the Yoast SEO plugin v26.8 - https:\/\/yoast.com\/product\/yoast-seo-wordpress\/ -->\n<title>2.0 FSI &quot;AXW&quot; Motor [esim. Golf, A3, Octavia, Leon]<\/title>\n<meta name=\"description\" content=\"En av de motorer som vi ofta har tillg\u00e4ngliga. Skicka en f\u00f6rfr\u00e5gan och f\u00e5 en offert inom 24 timmar. Motorer, v\u00e4xell\u00e5dor och andra bildelar under garanti.\" \/>\n<meta name=\"robots\" content=\"index, follow, max-snippet:-1, max-image-preview:large, max-video-preview:-1\" \/>\n<link rel=\"canonical\" href=\"https:\/\/autopartscenter24.com\/sv\/auton-varaosat\/2-0-fsi-axw-moottori-vw-golf-v-audi-a3\/\" \/>\n<meta property=\"og:locale\" content=\"sv_SE\" \/>\n<meta property=\"og:type\" content=\"article\" \/>\n<meta property=\"og:title\" content=\"2.0 FSI &quot;AXW&quot; Motor [esim. Golf, A3, Octavia, Leon]\" \/>\n<meta property=\"og:description\" content=\"En av de motorer som vi ofta har tillg\u00e4ngliga. Skicka en f\u00f6rfr\u00e5gan och f\u00e5 en offert inom 24 timmar. Motorer, v\u00e4xell\u00e5dor och andra bildelar under garanti.\" \/>\n<meta property=\"og:url\" content=\"https:\/\/autopartscenter24.com\/sv\/auton-varaosat\/2-0-fsi-axw-moottori-vw-golf-v-audi-a3\/\" \/>\n<meta property=\"og:site_name\" content=\"Autopartscenter24\" \/>\n<meta property=\"og:image\" content=\"https:\/\/autopartscenter24.com\/wp-content\/uploads\/2023\/03\/2-0-fsi-axw-moottori-vw-golf-v-audi-a3.webp\" \/>\n\t<meta property=\"og:image:width\" content=\"800\" \/>\n\t<meta property=\"og:image:height\" content=\"600\" \/>\n\t<meta property=\"og:image:type\" content=\"image\/webp\" \/>\n<meta name=\"twitter:card\" content=\"summary_large_image\" \/>\n<meta name=\"twitter:label1\" content=\"Ber\u00e4knad l\u00e4stid\" \/>\n\t<meta name=\"twitter:data1\" content=\"1 minut\" \/>\n<script type=\"application\/ld+json\" class=\"yoast-schema-graph\">{\"@context\":\"https:\/\/schema.org\",\"@graph\":[{\"@type\":\"WebPage\",\"@id\":\"https:\/\/autopartscenter24.com\/auton-varaosat\/2-0-fsi-axw-moottori-vw-golf-v-audi-a3\/\",\"url\":\"https:\/\/autopartscenter24.com\/auton-varaosat\/2-0-fsi-axw-moottori-vw-golf-v-audi-a3\/\",\"name\":\"2.0 FSI \\\"AXW\\\" Motor [esim. Golf, A3, Octavia, Leon]\",\"isPartOf\":{\"@id\":\"https:\/\/autopartscenter24.com\/#website\"},\"primaryImageOfPage\":{\"@id\":\"https:\/\/autopartscenter24.com\/auton-varaosat\/2-0-fsi-axw-moottori-vw-golf-v-audi-a3\/#primaryimage\"},\"image\":{\"@id\":\"https:\/\/autopartscenter24.com\/auton-varaosat\/2-0-fsi-axw-moottori-vw-golf-v-audi-a3\/#primaryimage\"},\"thumbnailUrl\":\"https:\/\/autopartscenter24.com\/wp-content\/uploads\/2023\/03\/2-0-fsi-axw-moottori-vw-golf-v-audi-a3.webp\",\"datePublished\":\"2023-11-26T17:59:44+00:00\",\"description\":\"En av de motorer som vi ofta har tillg\u00e4ngliga. Skicka en f\u00f6rfr\u00e5gan och f\u00e5 en offert inom 24 timmar. Motorer, v\u00e4xell\u00e5dor och andra bildelar under garanti.\",\"breadcrumb\":{\"@id\":\"https:\/\/autopartscenter24.com\/auton-varaosat\/2-0-fsi-axw-moottori-vw-golf-v-audi-a3\/#breadcrumb\"},\"inLanguage\":\"sv-SE\",\"potentialAction\":[{\"@type\":\"ReadAction\",\"target\":[\"https:\/\/autopartscenter24.com\/auton-varaosat\/2-0-fsi-axw-moottori-vw-golf-v-audi-a3\/\"]}]},{\"@type\":\"ImageObject\",\"inLanguage\":\"sv-SE\",\"@id\":\"https:\/\/autopartscenter24.com\/auton-varaosat\/2-0-fsi-axw-moottori-vw-golf-v-audi-a3\/#primaryimage\",\"url\":\"https:\/\/autopartscenter24.com\/wp-content\/uploads\/2023\/03\/2-0-fsi-axw-moottori-vw-golf-v-audi-a3.webp\",\"contentUrl\":\"https:\/\/autopartscenter24.com\/wp-content\/uploads\/2023\/03\/2-0-fsi-axw-moottori-vw-golf-v-audi-a3.webp\",\"width\":800,\"height\":600},{\"@type\":\"BreadcrumbList\",\"@id\":\"https:\/\/autopartscenter24.com\/auton-varaosat\/2-0-fsi-axw-moottori-vw-golf-v-audi-a3\/#breadcrumb\",\"itemListElement\":[{\"@type\":\"ListItem\",\"position\":1,\"name\":\"Hem\",\"item\":\"https:\/\/aliceblue-termite-662564.hostingersite.com\/\"},{\"@type\":\"ListItem\",\"position\":2,\"name\":\"Auton varaosat\",\"item\":\"https:\/\/aliceblue-termite-662564.hostingersite.com\/auton-varaosat\/\"},{\"@type\":\"ListItem\",\"position\":3,\"name\":\"2.0 FSI &#8221;AXW&#8221; Motor [esim. Golf, A3, Octavia, Leon]\"}]},{\"@type\":\"WebSite\",\"@id\":\"https:\/\/autopartscenter24.com\/#website\",\"url\":\"https:\/\/autopartscenter24.com\/\",\"name\":\"Autopartscenter24\",\"description\":\"K\u00c4YTETYT JA KUNNOSTETUT  AUTON VARAOSAT\",\"potentialAction\":[{\"@type\":\"SearchAction\",\"target\":{\"@type\":\"EntryPoint\",\"urlTemplate\":\"https:\/\/autopartscenter24.com\/?s={search_term_string}\"},\"query-input\":{\"@type\":\"PropertyValueSpecification\",\"valueRequired\":true,\"valueName\":\"search_term_string\"}}],\"inLanguage\":\"sv-SE\"}]}<\/script>\n<!-- \/ Yoast SEO plugin. -->","yoast_head_json":{"title":"2.0 FSI \"AXW\" Motor [esim. Golf, A3, Octavia, Leon]","description":"En av de motorer som vi ofta har tillg\u00e4ngliga. Skicka en f\u00f6rfr\u00e5gan och f\u00e5 en offert inom 24 timmar. Motorer, v\u00e4xell\u00e5dor och andra bildelar under garanti.","robots":{"index":"index","follow":"follow","max-snippet":"max-snippet:-1","max-image-preview":"max-image-preview:large","max-video-preview":"max-video-preview:-1"},"canonical":"https:\/\/autopartscenter24.com\/sv\/auton-varaosat\/2-0-fsi-axw-moottori-vw-golf-v-audi-a3\/","og_locale":"sv_SE","og_type":"article","og_title":"2.0 FSI \"AXW\" Motor [esim. Golf, A3, Octavia, Leon]","og_description":"En av de motorer som vi ofta har tillg\u00e4ngliga. Skicka en f\u00f6rfr\u00e5gan och f\u00e5 en offert inom 24 timmar. Motorer, v\u00e4xell\u00e5dor och andra bildelar under garanti.","og_url":"https:\/\/autopartscenter24.com\/sv\/auton-varaosat\/2-0-fsi-axw-moottori-vw-golf-v-audi-a3\/","og_site_name":"Autopartscenter24","og_image":[{"width":800,"height":600,"url":"https:\/\/autopartscenter24.com\/wp-content\/uploads\/2023\/03\/2-0-fsi-axw-moottori-vw-golf-v-audi-a3.webp","type":"image\/webp"}],"twitter_card":"summary_large_image","twitter_misc":{"Ber\u00e4knad l\u00e4stid":"1 minut"},"schema":{"@context":"https:\/\/schema.org","@graph":[{"@type":"WebPage","@id":"https:\/\/autopartscenter24.com\/auton-varaosat\/2-0-fsi-axw-moottori-vw-golf-v-audi-a3\/","url":"https:\/\/autopartscenter24.com\/auton-varaosat\/2-0-fsi-axw-moottori-vw-golf-v-audi-a3\/","name":"2.0 FSI \"AXW\" Motor [esim. Golf, A3, Octavia, Leon]","isPartOf":{"@id":"https:\/\/autopartscenter24.com\/#website"},"primaryImageOfPage":{"@id":"https:\/\/autopartscenter24.com\/auton-varaosat\/2-0-fsi-axw-moottori-vw-golf-v-audi-a3\/#primaryimage"},"image":{"@id":"https:\/\/autopartscenter24.com\/auton-varaosat\/2-0-fsi-axw-moottori-vw-golf-v-audi-a3\/#primaryimage"},"thumbnailUrl":"https:\/\/autopartscenter24.com\/wp-content\/uploads\/2023\/03\/2-0-fsi-axw-moottori-vw-golf-v-audi-a3.webp","datePublished":"2023-11-26T17:59:44+00:00","description":"En av de motorer som vi ofta har tillg\u00e4ngliga. Skicka en f\u00f6rfr\u00e5gan och f\u00e5 en offert inom 24 timmar. Motorer, v\u00e4xell\u00e5dor och andra bildelar under garanti.","breadcrumb":{"@id":"https:\/\/autopartscenter24.com\/auton-varaosat\/2-0-fsi-axw-moottori-vw-golf-v-audi-a3\/#breadcrumb"},"inLanguage":"sv-SE","potentialAction":[{"@type":"ReadAction","target":["https:\/\/autopartscenter24.com\/auton-varaosat\/2-0-fsi-axw-moottori-vw-golf-v-audi-a3\/"]}]},{"@type":"ImageObject","inLanguage":"sv-SE","@id":"https:\/\/autopartscenter24.com\/auton-varaosat\/2-0-fsi-axw-moottori-vw-golf-v-audi-a3\/#primaryimage","url":"https:\/\/autopartscenter24.com\/wp-content\/uploads\/2023\/03\/2-0-fsi-axw-moottori-vw-golf-v-audi-a3.webp","contentUrl":"https:\/\/autopartscenter24.com\/wp-content\/uploads\/2023\/03\/2-0-fsi-axw-moottori-vw-golf-v-audi-a3.webp","width":800,"height":600},{"@type":"BreadcrumbList","@id":"https:\/\/autopartscenter24.com\/auton-varaosat\/2-0-fsi-axw-moottori-vw-golf-v-audi-a3\/#breadcrumb","itemListElement":[{"@type":"ListItem","position":1,"name":"Hem","item":"https:\/\/aliceblue-termite-662564.hostingersite.com\/"},{"@type":"ListItem","position":2,"name":"Auton varaosat","item":"https:\/\/aliceblue-termite-662564.hostingersite.com\/auton-varaosat\/"},{"@type":"ListItem","position":3,"name":"2.0 FSI &#8221;AXW&#8221; Motor [esim. Golf, A3, Octavia, Leon]"}]},{"@type":"WebSite","@id":"https:\/\/autopartscenter24.com\/#website","url":"https:\/\/autopartscenter24.com\/","name":"Autopartscenter24","description":"K\u00c4YTETYT JA KUNNOSTETUT  AUTON VARAOSAT","potentialAction":[{"@type":"SearchAction","target":{"@type":"EntryPoint","urlTemplate":"https:\/\/autopartscenter24.com\/?s={search_term_string}"},"query-input":{"@type":"PropertyValueSpecification","valueRequired":true,"valueName":"search_term_string"}}],"inLanguage":"sv-SE"}]}},"_links":{"self":[{"href":"https:\/\/autopartscenter24.com\/sv\/wp-json\/wp\/v2\/product\/5519","targetHints":{"allow":["GET"]}}],"collection":[{"href":"https:\/\/autopartscenter24.com\/sv\/wp-json\/wp\/v2\/product"}],"about":[{"href":"https:\/\/autopartscenter24.com\/sv\/wp-json\/wp\/v2\/types\/product"}],"wp:featuredmedia":[{"embeddable":true,"href":"https:\/\/autopartscenter24.com\/sv\/wp-json\/wp\/v2\/media\/4491"}],"wp:attachment":[{"href":"https:\/\/autopartscenter24.com\/sv\/wp-json\/wp\/v2\/media?parent=5519"}],"wp:term":[{"taxonomy":"product_brand","embeddable":true,"href":"https:\/\/autopartscenter24.com\/sv\/wp-json\/wp\/v2\/product_brand?post=5519"},{"taxonomy":"product_cat","embeddable":true,"href":"https:\/\/autopartscenter24.com\/sv\/wp-json\/wp\/v2\/product_cat?post=5519"},{"taxonomy":"product_tag","embeddable":true,"href":"https:\/\/autopartscenter24.com\/sv\/wp-json\/wp\/v2\/product_tag?post=5519"}],"curies":[{"name":"wp","href":"https:\/\/api.w.org\/{rel}","templated":true}]}}