{"id":5518,"date":"2023-03-05T16:32:10","date_gmt":"2023-11-26T17:51:29","guid":{"rendered":"https:\/\/autopartscenter24.com\/product\/1-2-tsi-cyv-mootor-esim-golf-polo-leon-fabia-a1\/"},"modified":"2023-11-26T18:51:29","modified_gmt":"2023-11-26T17:51:29","slug":"1-2-tsi-cyv-motor-vw-golf-leon-fabia-polo","status":"publish","type":"product","link":"https:\/\/autopartscenter24.com\/sv\/auton-varaosat\/1-2-tsi-cyv-motor-vw-golf-leon-fabia-polo\/","title":{"rendered":"1.2 TSI &#8221;CYV&#8221; Mootor [esim. Golf, Polo, Leon, Fabia, A1]"},"content":{"rendered":"<p><strong>1.2 Tekniska egenskaper hos TSD-motorn<\/strong> (<strong>motorkod: CYV<\/strong>)<\/p>\n<p><strong>Volkswagens 1,2 TSI-motor (CYV) \u00e4r en fyrcylindrig turboladdad bensinmotor designad f\u00f6r att kombinera effektivitet och prestanda.<\/strong> Motorn har en slagvolym p\u00e5 1,2 liter och ger upp till 105 h\u00e4stkrafter och 175 newtonmeter i vridmoment. Teknik i motorn som direktinsprutning och kompressorkylning m\u00f6jligg\u00f6r b\u00e4ttre effektivitet och l\u00e4gre utsl\u00e4pp.<\/p>\n<p>Motorn \u00e4r utrustad med en kedjedriven kamaxel och tv\u00e5 ventiler per cylinder. Dessutom har motorn direktinsprutning, vilket f\u00f6rb\u00e4ttrar br\u00e4nsleekonomin och minskar utsl\u00e4ppen. Motorns aluminiumblock och cylinderhuvuden hj\u00e4lper till att minska motorvikten och f\u00f6rb\u00e4ttra dess prestanda.<\/p>\n<p>1.2 TSI-motorn finns tillg\u00e4nglig med manuell eller DSG-automatisk v\u00e4xell\u00e5da, vilket g\u00f6r den till ett m\u00e5ngsidigt alternativ f\u00f6r olika k\u00f6rbehov. Motorn \u00e4r \u00e4ven utrustad med ett Start-Stop-system, som automatiskt st\u00e4ngs av vid stopp vid stoppljus eller bilk\u00f6er och startar om n\u00e4r f\u00f6raren trycker p\u00e5 gaspedalen.<\/p>\n<p>1.2 TSI-motorns effektivitet och l\u00e5ga utsl\u00e4pp har gjort den till ett popul\u00e4rt val f\u00f6r m\u00e5nga konsumenter. Motorn finns i m\u00e5nga modeller fr\u00e5n olika biltillverkare och har visat sig vara en p\u00e5litlig och h\u00e5llbar motor i l\u00e4ngden.<\/p>\n","protected":false},"excerpt":{"rendered":"<p>Till\u00e4mpningar av motorn:<\/p>\n<ul>\n<li>Volkswagen Golf (2007-2013)<\/li>\n<li>Volkswagen Polo (2010-2014)<\/li>\n<li>Volkswagen Beetle (2011-2018)<\/li>\n<li>Skoda Fabia (2007-2014)<\/li>\n<li>Seat Ibiza (2009-2017)<\/li>\n<li>Audi A1 (2010-2018)<\/li>\n<\/ul>\n","protected":false},"featured_media":4496,"template":"","meta":[],"product_brand":[],"product_cat":[468,471,470,469],"product_tag":[477,730,473,656,666],"class_list":{"0":"post-5518","1":"product","2":"type-product","3":"status-publish","4":"has-post-thumbnail","6":"product_cat-audi-sv","7":"product_cat-seat-sv","8":"product_cat-skoda-sv","9":"product_cat-vw-sv","10":"product_tag-a1-sv","11":"product_tag-fabia-sv","12":"product_tag-golf-sv","13":"product_tag-leon-sv","14":"product_tag-polo-sv","15":"pa_varaosan-osasto-motor","18":"first","19":"instock","20":"shipping-taxable","21":"product-type-simple"},"yoast_head":"<!-- This site is optimized with the Yoast SEO plugin v26.8 - https:\/\/yoast.com\/product\/yoast-seo-wordpress\/ -->\n<title>1.2 TSI &quot;CYV&quot; Mootor [esim. Golf, Polo, Leon, Fabia, A1]<\/title>\n<meta name=\"description\" content=\"En av de motorer som vi ofta har tillg\u00e4ngliga. Skicka en f\u00f6rfr\u00e5gan och f\u00e5 en offert inom 24 timmar. Motorer, v\u00e4xell\u00e5dor och andra bildelar under garanti.\" \/>\n<meta name=\"robots\" content=\"index, follow, max-snippet:-1, max-image-preview:large, max-video-preview:-1\" \/>\n<link rel=\"canonical\" href=\"https:\/\/autopartscenter24.com\/sv\/auton-varaosat\/1-2-tsi-cyv-moottori-vw-golf-leon-fabia-polo\/\" \/>\n<meta property=\"og:locale\" content=\"sv_SE\" \/>\n<meta property=\"og:type\" content=\"article\" \/>\n<meta property=\"og:title\" content=\"1.2 TSI &quot;CYV&quot; Mootor [esim. Golf, Polo, Leon, Fabia, A1]\" \/>\n<meta property=\"og:description\" content=\"En av de motorer som vi ofta har tillg\u00e4ngliga. Skicka en f\u00f6rfr\u00e5gan och f\u00e5 en offert inom 24 timmar. Motorer, v\u00e4xell\u00e5dor och andra bildelar under garanti.\" \/>\n<meta property=\"og:url\" content=\"https:\/\/autopartscenter24.com\/sv\/auton-varaosat\/1-2-tsi-cyv-moottori-vw-golf-leon-fabia-polo\/\" \/>\n<meta property=\"og:site_name\" content=\"Autopartscenter24\" \/>\n<meta property=\"og:image\" content=\"https:\/\/autopartscenter24.com\/wp-content\/uploads\/2023\/03\/1-2-tsi-CYV-moottori-vw-golf-leon.webp\" \/>\n\t<meta property=\"og:image:width\" content=\"800\" \/>\n\t<meta property=\"og:image:height\" content=\"600\" \/>\n\t<meta property=\"og:image:type\" content=\"image\/webp\" \/>\n<meta name=\"twitter:card\" content=\"summary_large_image\" \/>\n<meta name=\"twitter:label1\" content=\"Ber\u00e4knad l\u00e4stid\" \/>\n\t<meta name=\"twitter:data1\" content=\"1 minut\" \/>\n<script type=\"application\/ld+json\" class=\"yoast-schema-graph\">{\"@context\":\"https:\/\/schema.org\",\"@graph\":[{\"@type\":\"WebPage\",\"@id\":\"https:\/\/autopartscenter24.com\/auton-varaosat\/1-2-tsi-cyv-moottori-vw-golf-leon-fabia-polo\/\",\"url\":\"https:\/\/autopartscenter24.com\/auton-varaosat\/1-2-tsi-cyv-moottori-vw-golf-leon-fabia-polo\/\",\"name\":\"1.2 TSI \\\"CYV\\\" Mootor [esim. Golf, Polo, Leon, Fabia, A1]\",\"isPartOf\":{\"@id\":\"https:\/\/autopartscenter24.com\/#website\"},\"primaryImageOfPage\":{\"@id\":\"https:\/\/autopartscenter24.com\/auton-varaosat\/1-2-tsi-cyv-moottori-vw-golf-leon-fabia-polo\/#primaryimage\"},\"image\":{\"@id\":\"https:\/\/autopartscenter24.com\/auton-varaosat\/1-2-tsi-cyv-moottori-vw-golf-leon-fabia-polo\/#primaryimage\"},\"thumbnailUrl\":\"https:\/\/autopartscenter24.com\/wp-content\/uploads\/2023\/03\/1-2-tsi-CYV-moottori-vw-golf-leon.webp\",\"datePublished\":\"2023-11-26T17:51:29+00:00\",\"description\":\"En av de motorer som vi ofta har tillg\u00e4ngliga. Skicka en f\u00f6rfr\u00e5gan och f\u00e5 en offert inom 24 timmar. Motorer, v\u00e4xell\u00e5dor och andra bildelar under garanti.\",\"breadcrumb\":{\"@id\":\"https:\/\/autopartscenter24.com\/auton-varaosat\/1-2-tsi-cyv-moottori-vw-golf-leon-fabia-polo\/#breadcrumb\"},\"inLanguage\":\"sv-SE\",\"potentialAction\":[{\"@type\":\"ReadAction\",\"target\":[\"https:\/\/autopartscenter24.com\/auton-varaosat\/1-2-tsi-cyv-moottori-vw-golf-leon-fabia-polo\/\"]}]},{\"@type\":\"ImageObject\",\"inLanguage\":\"sv-SE\",\"@id\":\"https:\/\/autopartscenter24.com\/auton-varaosat\/1-2-tsi-cyv-moottori-vw-golf-leon-fabia-polo\/#primaryimage\",\"url\":\"https:\/\/autopartscenter24.com\/wp-content\/uploads\/2023\/03\/1-2-tsi-CYV-moottori-vw-golf-leon.webp\",\"contentUrl\":\"https:\/\/autopartscenter24.com\/wp-content\/uploads\/2023\/03\/1-2-tsi-CYV-moottori-vw-golf-leon.webp\",\"width\":800,\"height\":600},{\"@type\":\"BreadcrumbList\",\"@id\":\"https:\/\/autopartscenter24.com\/auton-varaosat\/1-2-tsi-cyv-moottori-vw-golf-leon-fabia-polo\/#breadcrumb\",\"itemListElement\":[{\"@type\":\"ListItem\",\"position\":1,\"name\":\"Hem\",\"item\":\"https:\/\/aliceblue-termite-662564.hostingersite.com\/\"},{\"@type\":\"ListItem\",\"position\":2,\"name\":\"Auton varaosat\",\"item\":\"https:\/\/aliceblue-termite-662564.hostingersite.com\/auton-varaosat\/\"},{\"@type\":\"ListItem\",\"position\":3,\"name\":\"1.2 TSI &#8221;CYV&#8221; Mootor [esim. Golf, Polo, Leon, Fabia, A1]\"}]},{\"@type\":\"WebSite\",\"@id\":\"https:\/\/autopartscenter24.com\/#website\",\"url\":\"https:\/\/autopartscenter24.com\/\",\"name\":\"Autopartscenter24\",\"description\":\"K\u00c4YTETYT JA KUNNOSTETUT  AUTON VARAOSAT\",\"potentialAction\":[{\"@type\":\"SearchAction\",\"target\":{\"@type\":\"EntryPoint\",\"urlTemplate\":\"https:\/\/autopartscenter24.com\/?s={search_term_string}\"},\"query-input\":{\"@type\":\"PropertyValueSpecification\",\"valueRequired\":true,\"valueName\":\"search_term_string\"}}],\"inLanguage\":\"sv-SE\"}]}<\/script>\n<!-- \/ Yoast SEO plugin. -->","yoast_head_json":{"title":"1.2 TSI \"CYV\" Mootor [esim. Golf, Polo, Leon, Fabia, A1]","description":"En av de motorer som vi ofta har tillg\u00e4ngliga. Skicka en f\u00f6rfr\u00e5gan och f\u00e5 en offert inom 24 timmar. Motorer, v\u00e4xell\u00e5dor och andra bildelar under garanti.","robots":{"index":"index","follow":"follow","max-snippet":"max-snippet:-1","max-image-preview":"max-image-preview:large","max-video-preview":"max-video-preview:-1"},"canonical":"https:\/\/autopartscenter24.com\/sv\/auton-varaosat\/1-2-tsi-cyv-moottori-vw-golf-leon-fabia-polo\/","og_locale":"sv_SE","og_type":"article","og_title":"1.2 TSI \"CYV\" Mootor [esim. Golf, Polo, Leon, Fabia, A1]","og_description":"En av de motorer som vi ofta har tillg\u00e4ngliga. Skicka en f\u00f6rfr\u00e5gan och f\u00e5 en offert inom 24 timmar. Motorer, v\u00e4xell\u00e5dor och andra bildelar under garanti.","og_url":"https:\/\/autopartscenter24.com\/sv\/auton-varaosat\/1-2-tsi-cyv-moottori-vw-golf-leon-fabia-polo\/","og_site_name":"Autopartscenter24","og_image":[{"width":800,"height":600,"url":"https:\/\/autopartscenter24.com\/wp-content\/uploads\/2023\/03\/1-2-tsi-CYV-moottori-vw-golf-leon.webp","type":"image\/webp"}],"twitter_card":"summary_large_image","twitter_misc":{"Ber\u00e4knad l\u00e4stid":"1 minut"},"schema":{"@context":"https:\/\/schema.org","@graph":[{"@type":"WebPage","@id":"https:\/\/autopartscenter24.com\/auton-varaosat\/1-2-tsi-cyv-moottori-vw-golf-leon-fabia-polo\/","url":"https:\/\/autopartscenter24.com\/auton-varaosat\/1-2-tsi-cyv-moottori-vw-golf-leon-fabia-polo\/","name":"1.2 TSI \"CYV\" Mootor [esim. Golf, Polo, Leon, Fabia, A1]","isPartOf":{"@id":"https:\/\/autopartscenter24.com\/#website"},"primaryImageOfPage":{"@id":"https:\/\/autopartscenter24.com\/auton-varaosat\/1-2-tsi-cyv-moottori-vw-golf-leon-fabia-polo\/#primaryimage"},"image":{"@id":"https:\/\/autopartscenter24.com\/auton-varaosat\/1-2-tsi-cyv-moottori-vw-golf-leon-fabia-polo\/#primaryimage"},"thumbnailUrl":"https:\/\/autopartscenter24.com\/wp-content\/uploads\/2023\/03\/1-2-tsi-CYV-moottori-vw-golf-leon.webp","datePublished":"2023-11-26T17:51:29+00:00","description":"En av de motorer som vi ofta har tillg\u00e4ngliga. Skicka en f\u00f6rfr\u00e5gan och f\u00e5 en offert inom 24 timmar. Motorer, v\u00e4xell\u00e5dor och andra bildelar under garanti.","breadcrumb":{"@id":"https:\/\/autopartscenter24.com\/auton-varaosat\/1-2-tsi-cyv-moottori-vw-golf-leon-fabia-polo\/#breadcrumb"},"inLanguage":"sv-SE","potentialAction":[{"@type":"ReadAction","target":["https:\/\/autopartscenter24.com\/auton-varaosat\/1-2-tsi-cyv-moottori-vw-golf-leon-fabia-polo\/"]}]},{"@type":"ImageObject","inLanguage":"sv-SE","@id":"https:\/\/autopartscenter24.com\/auton-varaosat\/1-2-tsi-cyv-moottori-vw-golf-leon-fabia-polo\/#primaryimage","url":"https:\/\/autopartscenter24.com\/wp-content\/uploads\/2023\/03\/1-2-tsi-CYV-moottori-vw-golf-leon.webp","contentUrl":"https:\/\/autopartscenter24.com\/wp-content\/uploads\/2023\/03\/1-2-tsi-CYV-moottori-vw-golf-leon.webp","width":800,"height":600},{"@type":"BreadcrumbList","@id":"https:\/\/autopartscenter24.com\/auton-varaosat\/1-2-tsi-cyv-moottori-vw-golf-leon-fabia-polo\/#breadcrumb","itemListElement":[{"@type":"ListItem","position":1,"name":"Hem","item":"https:\/\/aliceblue-termite-662564.hostingersite.com\/"},{"@type":"ListItem","position":2,"name":"Auton varaosat","item":"https:\/\/aliceblue-termite-662564.hostingersite.com\/auton-varaosat\/"},{"@type":"ListItem","position":3,"name":"1.2 TSI &#8221;CYV&#8221; Mootor [esim. Golf, Polo, Leon, Fabia, A1]"}]},{"@type":"WebSite","@id":"https:\/\/autopartscenter24.com\/#website","url":"https:\/\/autopartscenter24.com\/","name":"Autopartscenter24","description":"K\u00c4YTETYT JA KUNNOSTETUT  AUTON VARAOSAT","potentialAction":[{"@type":"SearchAction","target":{"@type":"EntryPoint","urlTemplate":"https:\/\/autopartscenter24.com\/?s={search_term_string}"},"query-input":{"@type":"PropertyValueSpecification","valueRequired":true,"valueName":"search_term_string"}}],"inLanguage":"sv-SE"}]}},"_links":{"self":[{"href":"https:\/\/autopartscenter24.com\/sv\/wp-json\/wp\/v2\/product\/5518","targetHints":{"allow":["GET"]}}],"collection":[{"href":"https:\/\/autopartscenter24.com\/sv\/wp-json\/wp\/v2\/product"}],"about":[{"href":"https:\/\/autopartscenter24.com\/sv\/wp-json\/wp\/v2\/types\/product"}],"wp:featuredmedia":[{"embeddable":true,"href":"https:\/\/autopartscenter24.com\/sv\/wp-json\/wp\/v2\/media\/4496"}],"wp:attachment":[{"href":"https:\/\/autopartscenter24.com\/sv\/wp-json\/wp\/v2\/media?parent=5518"}],"wp:term":[{"taxonomy":"product_brand","embeddable":true,"href":"https:\/\/autopartscenter24.com\/sv\/wp-json\/wp\/v2\/product_brand?post=5518"},{"taxonomy":"product_cat","embeddable":true,"href":"https:\/\/autopartscenter24.com\/sv\/wp-json\/wp\/v2\/product_cat?post=5518"},{"taxonomy":"product_tag","embeddable":true,"href":"https:\/\/autopartscenter24.com\/sv\/wp-json\/wp\/v2\/product_tag?post=5518"}],"curies":[{"name":"wp","href":"https:\/\/api.w.org\/{rel}","templated":true}]}}