{"id":5517,"date":"2023-03-05T16:36:52","date_gmt":"2023-11-26T17:32:38","guid":{"rendered":"https:\/\/autopartscenter24.com\/product\/1-6-i-dtec-n16a1-motor-esim-civic-cr-v\/"},"modified":"2023-11-26T18:32:38","modified_gmt":"2023-11-26T17:32:38","slug":"1-6-i-dtec-n16a1-motor-honda-cr-v-civic","status":"publish","type":"product","link":"https:\/\/autopartscenter24.com\/sv\/auton-varaosat\/1-6-i-dtec-n16a1-motor-honda-cr-v-civic\/","title":{"rendered":"1.6 I-DTEC &#8221;N16A1&#8221; Motor [esim. Civic, CR-V]"},"content":{"rendered":"<p>Honda har producerat flera avancerade motorer, och en av dem \u00e4r <strong>1,6 I-DTEC-motorn<\/strong> (<strong>motorkod: N16A1<\/strong>). Denna motor har utvecklats f\u00f6r att dra nytta av Hondas erfarenhet av produktion av dieselmotorer. N16A1-motorn \u00e4r en 1,6 liters dieselmotor designad speciellt f\u00f6r mindre bilar. Den \u00e4r kompakt och l\u00e4tt men \u00e4nd\u00e5 kraftfull, vilket g\u00f6r den till ett idealiskt val f\u00f6r stadsk\u00f6rning.<\/p>\n<p>Motorns maximala effekt \u00e4r 120 hk, vilket uppn\u00e5s vid 4 000 varv per minut. Vridmomentet \u00e4r 300 Nm vid 2 000 varv per minut. N16A1-motorn \u00e4r mycket ekonomisk och milj\u00f6v\u00e4nlig, eftersom den har mycket l\u00e5ga partikelutsl\u00e4pp.<\/p>\n<p>Motorn anv\u00e4nder i-DTEC-tekniken utvecklad av Honda, vilket st\u00e5r f\u00f6r &#8221;intelligent Diesel Technology Electronic Control&#8221;. Denna teknik f\u00f6rb\u00e4ttrar br\u00e4nsleekonomin och minskar utsl\u00e4ppen. Dessutom har N16A1-motorn ett aluminiumblock och cylinderhuvud, vilket minskar vikten och f\u00f6rb\u00e4ttrar motorns prestanda.<\/p>\n<p>N16A1-motorn har anv\u00e4nts i flera Honda-modeller, inklusive Civic, CR-V och HR-V. Den finns \u00e4ven p\u00e5 Acura ILX-modellen. Denna motor har visat sig vara p\u00e5litlig och effektiv, vilket g\u00f6r den till ett popul\u00e4rt val f\u00f6r dem som vill ha en liten men kraftfull dieselmotor.<\/p>\n<p>Motorns egenskaper och den anv\u00e4nda tekniken g\u00f6r N16A1-motorn till ett utm\u00e4rkt val f\u00f6r dem som vill ha en ekonomisk och effektiv dieselmotor. Dess l\u00e4tta vikt och ringa storlek g\u00f6r den till ett idealiskt val f\u00f6r mindre bilar som Honda Civic och HR-V. Hondas i-DTEC-teknik garanterar utm\u00e4rkt motorprestanda och l\u00e5g br\u00e4nslef\u00f6rbrukning. N16A1-motorn \u00e4r extremt p\u00e5litlig och h\u00e5llbar, vilket g\u00f6r den till ett utm\u00e4rkt val f\u00f6r dem som letar efter en l\u00e5ngvarig dieselmotor.<\/p>\n","protected":false},"excerpt":{"rendered":"<p>Bilar och modeller med N16A1-motorn:<\/p>\n<ul>\n<li>Honda Civic (2013-2017)<\/li>\n<li>Honda CR-V (2013-2018)<\/li>\n<li>Honda HR-V (2015-2021)<\/li>\n<li>Acura ILX (2013-2015)<\/li>\n<\/ul>\n","protected":false},"featured_media":4501,"template":"","meta":[],"product_brand":[],"product_cat":[569],"product_tag":[670,671],"class_list":{"0":"post-5517","1":"product","2":"type-product","3":"status-publish","4":"has-post-thumbnail","6":"product_cat-honda-sv","7":"product_tag-civic-sv","8":"product_tag-cr-v-sv","9":"pa_varaosan-osasto-motor","12":"first","13":"instock","14":"shipping-taxable","15":"product-type-simple"},"yoast_head":"<!-- This site is optimized with the Yoast SEO plugin v26.8 - https:\/\/yoast.com\/product\/yoast-seo-wordpress\/ -->\n<title>1.6 I-DTEC &quot;N16A1&quot; Motor [esim. Civic, CR-V]<\/title>\n<meta name=\"description\" content=\"En av de motorer som vi ofta har tillg\u00e4ngliga. Skicka en f\u00f6rfr\u00e5gan och f\u00e5 en offert inom 24 timmar. Motorer, v\u00e4xell\u00e5dor och andra bildelar under garanti.\" \/>\n<meta name=\"robots\" content=\"index, follow, max-snippet:-1, max-image-preview:large, max-video-preview:-1\" \/>\n<link rel=\"canonical\" href=\"https:\/\/autopartscenter24.com\/sv\/auton-varaosat\/1-6-i-dtec-n16a1-moottori-honda-cr-v-civic\/\" \/>\n<meta property=\"og:locale\" content=\"sv_SE\" \/>\n<meta property=\"og:type\" content=\"article\" \/>\n<meta property=\"og:title\" content=\"1.6 I-DTEC &quot;N16A1&quot; Motor [esim. Civic, CR-V]\" \/>\n<meta property=\"og:description\" content=\"En av de motorer som vi ofta har tillg\u00e4ngliga. Skicka en f\u00f6rfr\u00e5gan och f\u00e5 en offert inom 24 timmar. Motorer, v\u00e4xell\u00e5dor och andra bildelar under garanti.\" \/>\n<meta property=\"og:url\" content=\"https:\/\/autopartscenter24.com\/sv\/auton-varaosat\/1-6-i-dtec-n16a1-moottori-honda-cr-v-civic\/\" \/>\n<meta property=\"og:site_name\" content=\"Autopartscenter24\" \/>\n<meta property=\"og:image\" content=\"https:\/\/autopartscenter24.com\/wp-content\/uploads\/2023\/03\/1-6-i-dtec-N16A1-moottori-honda-cr-v-civic.webp\" \/>\n\t<meta property=\"og:image:width\" content=\"800\" \/>\n\t<meta property=\"og:image:height\" content=\"600\" \/>\n\t<meta property=\"og:image:type\" content=\"image\/webp\" \/>\n<meta name=\"twitter:card\" content=\"summary_large_image\" \/>\n<meta name=\"twitter:label1\" content=\"Ber\u00e4knad l\u00e4stid\" \/>\n\t<meta name=\"twitter:data1\" content=\"1 minut\" \/>\n<script type=\"application\/ld+json\" class=\"yoast-schema-graph\">{\"@context\":\"https:\/\/schema.org\",\"@graph\":[{\"@type\":\"WebPage\",\"@id\":\"https:\/\/autopartscenter24.com\/auton-varaosat\/1-6-i-dtec-n16a1-moottori-honda-cr-v-civic\/\",\"url\":\"https:\/\/autopartscenter24.com\/auton-varaosat\/1-6-i-dtec-n16a1-moottori-honda-cr-v-civic\/\",\"name\":\"1.6 I-DTEC \\\"N16A1\\\" Motor [esim. Civic, CR-V]\",\"isPartOf\":{\"@id\":\"https:\/\/autopartscenter24.com\/#website\"},\"primaryImageOfPage\":{\"@id\":\"https:\/\/autopartscenter24.com\/auton-varaosat\/1-6-i-dtec-n16a1-moottori-honda-cr-v-civic\/#primaryimage\"},\"image\":{\"@id\":\"https:\/\/autopartscenter24.com\/auton-varaosat\/1-6-i-dtec-n16a1-moottori-honda-cr-v-civic\/#primaryimage\"},\"thumbnailUrl\":\"https:\/\/autopartscenter24.com\/wp-content\/uploads\/2023\/03\/1-6-i-dtec-N16A1-moottori-honda-cr-v-civic.webp\",\"datePublished\":\"2023-11-26T17:32:38+00:00\",\"description\":\"En av de motorer som vi ofta har tillg\u00e4ngliga. Skicka en f\u00f6rfr\u00e5gan och f\u00e5 en offert inom 24 timmar. Motorer, v\u00e4xell\u00e5dor och andra bildelar under garanti.\",\"breadcrumb\":{\"@id\":\"https:\/\/autopartscenter24.com\/auton-varaosat\/1-6-i-dtec-n16a1-moottori-honda-cr-v-civic\/#breadcrumb\"},\"inLanguage\":\"sv-SE\",\"potentialAction\":[{\"@type\":\"ReadAction\",\"target\":[\"https:\/\/autopartscenter24.com\/auton-varaosat\/1-6-i-dtec-n16a1-moottori-honda-cr-v-civic\/\"]}]},{\"@type\":\"ImageObject\",\"inLanguage\":\"sv-SE\",\"@id\":\"https:\/\/autopartscenter24.com\/auton-varaosat\/1-6-i-dtec-n16a1-moottori-honda-cr-v-civic\/#primaryimage\",\"url\":\"https:\/\/autopartscenter24.com\/wp-content\/uploads\/2023\/03\/1-6-i-dtec-N16A1-moottori-honda-cr-v-civic.webp\",\"contentUrl\":\"https:\/\/autopartscenter24.com\/wp-content\/uploads\/2023\/03\/1-6-i-dtec-N16A1-moottori-honda-cr-v-civic.webp\",\"width\":800,\"height\":600},{\"@type\":\"BreadcrumbList\",\"@id\":\"https:\/\/autopartscenter24.com\/auton-varaosat\/1-6-i-dtec-n16a1-moottori-honda-cr-v-civic\/#breadcrumb\",\"itemListElement\":[{\"@type\":\"ListItem\",\"position\":1,\"name\":\"Hem\",\"item\":\"https:\/\/aliceblue-termite-662564.hostingersite.com\/\"},{\"@type\":\"ListItem\",\"position\":2,\"name\":\"Auton varaosat\",\"item\":\"https:\/\/aliceblue-termite-662564.hostingersite.com\/auton-varaosat\/\"},{\"@type\":\"ListItem\",\"position\":3,\"name\":\"1.6 I-DTEC &#8221;N16A1&#8221; Motor [esim. Civic, CR-V]\"}]},{\"@type\":\"WebSite\",\"@id\":\"https:\/\/autopartscenter24.com\/#website\",\"url\":\"https:\/\/autopartscenter24.com\/\",\"name\":\"Autopartscenter24\",\"description\":\"K\u00c4YTETYT JA KUNNOSTETUT  AUTON VARAOSAT\",\"potentialAction\":[{\"@type\":\"SearchAction\",\"target\":{\"@type\":\"EntryPoint\",\"urlTemplate\":\"https:\/\/autopartscenter24.com\/?s={search_term_string}\"},\"query-input\":{\"@type\":\"PropertyValueSpecification\",\"valueRequired\":true,\"valueName\":\"search_term_string\"}}],\"inLanguage\":\"sv-SE\"}]}<\/script>\n<!-- \/ Yoast SEO plugin. -->","yoast_head_json":{"title":"1.6 I-DTEC \"N16A1\" Motor [esim. Civic, CR-V]","description":"En av de motorer som vi ofta har tillg\u00e4ngliga. Skicka en f\u00f6rfr\u00e5gan och f\u00e5 en offert inom 24 timmar. Motorer, v\u00e4xell\u00e5dor och andra bildelar under garanti.","robots":{"index":"index","follow":"follow","max-snippet":"max-snippet:-1","max-image-preview":"max-image-preview:large","max-video-preview":"max-video-preview:-1"},"canonical":"https:\/\/autopartscenter24.com\/sv\/auton-varaosat\/1-6-i-dtec-n16a1-moottori-honda-cr-v-civic\/","og_locale":"sv_SE","og_type":"article","og_title":"1.6 I-DTEC \"N16A1\" Motor [esim. Civic, CR-V]","og_description":"En av de motorer som vi ofta har tillg\u00e4ngliga. Skicka en f\u00f6rfr\u00e5gan och f\u00e5 en offert inom 24 timmar. Motorer, v\u00e4xell\u00e5dor och andra bildelar under garanti.","og_url":"https:\/\/autopartscenter24.com\/sv\/auton-varaosat\/1-6-i-dtec-n16a1-moottori-honda-cr-v-civic\/","og_site_name":"Autopartscenter24","og_image":[{"width":800,"height":600,"url":"https:\/\/autopartscenter24.com\/wp-content\/uploads\/2023\/03\/1-6-i-dtec-N16A1-moottori-honda-cr-v-civic.webp","type":"image\/webp"}],"twitter_card":"summary_large_image","twitter_misc":{"Ber\u00e4knad l\u00e4stid":"1 minut"},"schema":{"@context":"https:\/\/schema.org","@graph":[{"@type":"WebPage","@id":"https:\/\/autopartscenter24.com\/auton-varaosat\/1-6-i-dtec-n16a1-moottori-honda-cr-v-civic\/","url":"https:\/\/autopartscenter24.com\/auton-varaosat\/1-6-i-dtec-n16a1-moottori-honda-cr-v-civic\/","name":"1.6 I-DTEC \"N16A1\" Motor [esim. Civic, CR-V]","isPartOf":{"@id":"https:\/\/autopartscenter24.com\/#website"},"primaryImageOfPage":{"@id":"https:\/\/autopartscenter24.com\/auton-varaosat\/1-6-i-dtec-n16a1-moottori-honda-cr-v-civic\/#primaryimage"},"image":{"@id":"https:\/\/autopartscenter24.com\/auton-varaosat\/1-6-i-dtec-n16a1-moottori-honda-cr-v-civic\/#primaryimage"},"thumbnailUrl":"https:\/\/autopartscenter24.com\/wp-content\/uploads\/2023\/03\/1-6-i-dtec-N16A1-moottori-honda-cr-v-civic.webp","datePublished":"2023-11-26T17:32:38+00:00","description":"En av de motorer som vi ofta har tillg\u00e4ngliga. Skicka en f\u00f6rfr\u00e5gan och f\u00e5 en offert inom 24 timmar. Motorer, v\u00e4xell\u00e5dor och andra bildelar under garanti.","breadcrumb":{"@id":"https:\/\/autopartscenter24.com\/auton-varaosat\/1-6-i-dtec-n16a1-moottori-honda-cr-v-civic\/#breadcrumb"},"inLanguage":"sv-SE","potentialAction":[{"@type":"ReadAction","target":["https:\/\/autopartscenter24.com\/auton-varaosat\/1-6-i-dtec-n16a1-moottori-honda-cr-v-civic\/"]}]},{"@type":"ImageObject","inLanguage":"sv-SE","@id":"https:\/\/autopartscenter24.com\/auton-varaosat\/1-6-i-dtec-n16a1-moottori-honda-cr-v-civic\/#primaryimage","url":"https:\/\/autopartscenter24.com\/wp-content\/uploads\/2023\/03\/1-6-i-dtec-N16A1-moottori-honda-cr-v-civic.webp","contentUrl":"https:\/\/autopartscenter24.com\/wp-content\/uploads\/2023\/03\/1-6-i-dtec-N16A1-moottori-honda-cr-v-civic.webp","width":800,"height":600},{"@type":"BreadcrumbList","@id":"https:\/\/autopartscenter24.com\/auton-varaosat\/1-6-i-dtec-n16a1-moottori-honda-cr-v-civic\/#breadcrumb","itemListElement":[{"@type":"ListItem","position":1,"name":"Hem","item":"https:\/\/aliceblue-termite-662564.hostingersite.com\/"},{"@type":"ListItem","position":2,"name":"Auton varaosat","item":"https:\/\/aliceblue-termite-662564.hostingersite.com\/auton-varaosat\/"},{"@type":"ListItem","position":3,"name":"1.6 I-DTEC &#8221;N16A1&#8221; Motor [esim. Civic, CR-V]"}]},{"@type":"WebSite","@id":"https:\/\/autopartscenter24.com\/#website","url":"https:\/\/autopartscenter24.com\/","name":"Autopartscenter24","description":"K\u00c4YTETYT JA KUNNOSTETUT  AUTON VARAOSAT","potentialAction":[{"@type":"SearchAction","target":{"@type":"EntryPoint","urlTemplate":"https:\/\/autopartscenter24.com\/?s={search_term_string}"},"query-input":{"@type":"PropertyValueSpecification","valueRequired":true,"valueName":"search_term_string"}}],"inLanguage":"sv-SE"}]}},"_links":{"self":[{"href":"https:\/\/autopartscenter24.com\/sv\/wp-json\/wp\/v2\/product\/5517","targetHints":{"allow":["GET"]}}],"collection":[{"href":"https:\/\/autopartscenter24.com\/sv\/wp-json\/wp\/v2\/product"}],"about":[{"href":"https:\/\/autopartscenter24.com\/sv\/wp-json\/wp\/v2\/types\/product"}],"wp:featuredmedia":[{"embeddable":true,"href":"https:\/\/autopartscenter24.com\/sv\/wp-json\/wp\/v2\/media\/4501"}],"wp:attachment":[{"href":"https:\/\/autopartscenter24.com\/sv\/wp-json\/wp\/v2\/media?parent=5517"}],"wp:term":[{"taxonomy":"product_brand","embeddable":true,"href":"https:\/\/autopartscenter24.com\/sv\/wp-json\/wp\/v2\/product_brand?post=5517"},{"taxonomy":"product_cat","embeddable":true,"href":"https:\/\/autopartscenter24.com\/sv\/wp-json\/wp\/v2\/product_cat?post=5517"},{"taxonomy":"product_tag","embeddable":true,"href":"https:\/\/autopartscenter24.com\/sv\/wp-json\/wp\/v2\/product_tag?post=5517"}],"curies":[{"name":"wp","href":"https:\/\/api.w.org\/{rel}","templated":true}]}}