{"id":5516,"date":"2023-03-05T16:41:38","date_gmt":"2023-11-26T17:01:05","guid":{"rendered":"https:\/\/autopartscenter24.com\/product\/2-0-hdi-rhr-motor-esim-citroen-c5-peugeot-308-508-807\/"},"modified":"2023-11-26T18:01:05","modified_gmt":"2023-11-26T17:01:05","slug":"2-0-hdi-rhr-motor-citroen-c5-peugeot-308","status":"publish","type":"product","link":"https:\/\/autopartscenter24.com\/sv\/auton-varaosat\/2-0-hdi-rhr-motor-citroen-c5-peugeot-308\/","title":{"rendered":"2.0 HDI &#8221;RHR&#8221; Motor [esim. Citroen C5, Peugeot 308, 508, 807]"},"content":{"rendered":"<p>2.0 HDI (motorkod: RHR) \u00e4r ett mycket popul\u00e4rt motoralternativ i PSA-gruppbilar. Denna fyrcylindriga dieselmotor anv\u00e4nder vanlig tryckinsprutning och \u00e4r utrustad med ett partikelfilter. RHR-motorn har ett slagvolym p\u00e5 1997 cm\u00b3 och ger en effekt p\u00e5 136 h\u00e4stkrafter och ett vridmoment p\u00e5 320 Nm.<\/p>\n<p>Motorn \u00e4r byggd f\u00f6r att h\u00e5lla och erbjuder utm\u00e4rkt prestanda och bra br\u00e4nsleekonomi. I designen av motorn har man ocks\u00e5 \u00e4gnat uppm\u00e4rksamhet \u00e5t att minska utsl\u00e4ppen. Den uppfyller Euro 5-emissionsnormerna, vilket g\u00f6r den till ett milj\u00f6v\u00e4nligt alternativ.<\/p>\n<p>RHR-motorn har visat sig vara ett p\u00e5litligt och h\u00e5llbart alternativ i PSA Groups bilar. Den erbjuder en utm\u00e4rkt kombination av prestanda och br\u00e4nsleekonomi, vilket g\u00f6r den till ett attraktivt val f\u00f6r f\u00f6rare som letar efter en ekonomisk och effektiv dieselmotor.<\/p>\n","protected":false},"excerpt":{"rendered":"<p>2.0 HDI (motorkod: RHR) har anv\u00e4nts i m\u00e5nga PSA-gruppbilar. H\u00e4r \u00e4r n\u00e5gra bilm\u00e4rken och modeller som har anv\u00e4nt denna motor:<\/p>\n<ul>\n<li>Citro\u00ebn C5 (2007-2017)<\/li>\n<li>Citro\u00ebn C8 (2007-2014)<\/li>\n<li>Peugeot 407 (2006-2010)<\/li>\n<li>Peugeot 508 (2011-2018)<\/li>\n<li>Peugeot 807 (2007-2014)<\/li>\n<\/ul>\n","protected":false},"featured_media":4506,"template":"","meta":[],"product_brand":[],"product_cat":[549,613],"product_tag":[733,735,737,736,734],"class_list":{"0":"post-5516","1":"product","2":"type-product","3":"status-publish","4":"has-post-thumbnail","6":"product_cat-citroen-sv","7":"product_cat-peugeot-sv","8":"product_tag-308-sv","9":"product_tag-407-sv","10":"product_tag-508-sv","11":"product_tag-807-sv","12":"product_tag-c5-sv","13":"pa_varaosan-osasto-motor","16":"first","17":"instock","18":"shipping-taxable","19":"product-type-simple"},"yoast_head":"<!-- This site is optimized with the Yoast SEO plugin v26.8 - https:\/\/yoast.com\/product\/yoast-seo-wordpress\/ -->\n<title>2.0 HDI &quot;RHR&quot; Motor [esim. Citroen C5, Peugeot 308, 508, 807]<\/title>\n<meta name=\"description\" content=\"En av de motorer som vi ofta har tillg\u00e4ngliga. Skicka en f\u00f6rfr\u00e5gan och f\u00e5 en offert inom 24 timmar. Motorer, v\u00e4xell\u00e5dor och andra bildelar under garanti.\" \/>\n<meta name=\"robots\" content=\"index, follow, max-snippet:-1, max-image-preview:large, max-video-preview:-1\" \/>\n<link rel=\"canonical\" href=\"https:\/\/autopartscenter24.com\/sv\/auton-varaosat\/2-0-hdi-rhr-moottori-citroen-c5-peugeot-308\/\" \/>\n<meta property=\"og:locale\" content=\"sv_SE\" \/>\n<meta property=\"og:type\" content=\"article\" \/>\n<meta property=\"og:title\" content=\"2.0 HDI &quot;RHR&quot; Motor [esim. Citroen C5, Peugeot 308, 508, 807]\" \/>\n<meta property=\"og:description\" content=\"En av de motorer som vi ofta har tillg\u00e4ngliga. Skicka en f\u00f6rfr\u00e5gan och f\u00e5 en offert inom 24 timmar. Motorer, v\u00e4xell\u00e5dor och andra bildelar under garanti.\" \/>\n<meta property=\"og:url\" content=\"https:\/\/autopartscenter24.com\/sv\/auton-varaosat\/2-0-hdi-rhr-moottori-citroen-c5-peugeot-308\/\" \/>\n<meta property=\"og:site_name\" content=\"Autopartscenter24\" \/>\n<meta property=\"og:image\" content=\"https:\/\/autopartscenter24.com\/wp-content\/uploads\/2023\/03\/2-0-hdi-RHR-moottori-citroen-c5-peugeot-308.webp\" \/>\n\t<meta property=\"og:image:width\" content=\"800\" \/>\n\t<meta property=\"og:image:height\" content=\"600\" \/>\n\t<meta property=\"og:image:type\" content=\"image\/webp\" \/>\n<meta name=\"twitter:card\" content=\"summary_large_image\" \/>\n<meta name=\"twitter:label1\" content=\"Ber\u00e4knad l\u00e4stid\" \/>\n\t<meta name=\"twitter:data1\" content=\"1 minut\" \/>\n<script type=\"application\/ld+json\" class=\"yoast-schema-graph\">{\"@context\":\"https:\/\/schema.org\",\"@graph\":[{\"@type\":\"WebPage\",\"@id\":\"https:\/\/autopartscenter24.com\/auton-varaosat\/2-0-hdi-rhr-moottori-citroen-c5-peugeot-308\/\",\"url\":\"https:\/\/autopartscenter24.com\/auton-varaosat\/2-0-hdi-rhr-moottori-citroen-c5-peugeot-308\/\",\"name\":\"2.0 HDI \\\"RHR\\\" Motor [esim. Citroen C5, Peugeot 308, 508, 807]\",\"isPartOf\":{\"@id\":\"https:\/\/autopartscenter24.com\/#website\"},\"primaryImageOfPage\":{\"@id\":\"https:\/\/autopartscenter24.com\/auton-varaosat\/2-0-hdi-rhr-moottori-citroen-c5-peugeot-308\/#primaryimage\"},\"image\":{\"@id\":\"https:\/\/autopartscenter24.com\/auton-varaosat\/2-0-hdi-rhr-moottori-citroen-c5-peugeot-308\/#primaryimage\"},\"thumbnailUrl\":\"https:\/\/autopartscenter24.com\/wp-content\/uploads\/2023\/03\/2-0-hdi-RHR-moottori-citroen-c5-peugeot-308.webp\",\"datePublished\":\"2023-11-26T17:01:05+00:00\",\"description\":\"En av de motorer som vi ofta har tillg\u00e4ngliga. Skicka en f\u00f6rfr\u00e5gan och f\u00e5 en offert inom 24 timmar. Motorer, v\u00e4xell\u00e5dor och andra bildelar under garanti.\",\"breadcrumb\":{\"@id\":\"https:\/\/autopartscenter24.com\/auton-varaosat\/2-0-hdi-rhr-moottori-citroen-c5-peugeot-308\/#breadcrumb\"},\"inLanguage\":\"sv-SE\",\"potentialAction\":[{\"@type\":\"ReadAction\",\"target\":[\"https:\/\/autopartscenter24.com\/auton-varaosat\/2-0-hdi-rhr-moottori-citroen-c5-peugeot-308\/\"]}]},{\"@type\":\"ImageObject\",\"inLanguage\":\"sv-SE\",\"@id\":\"https:\/\/autopartscenter24.com\/auton-varaosat\/2-0-hdi-rhr-moottori-citroen-c5-peugeot-308\/#primaryimage\",\"url\":\"https:\/\/autopartscenter24.com\/wp-content\/uploads\/2023\/03\/2-0-hdi-RHR-moottori-citroen-c5-peugeot-308.webp\",\"contentUrl\":\"https:\/\/autopartscenter24.com\/wp-content\/uploads\/2023\/03\/2-0-hdi-RHR-moottori-citroen-c5-peugeot-308.webp\",\"width\":800,\"height\":600},{\"@type\":\"BreadcrumbList\",\"@id\":\"https:\/\/autopartscenter24.com\/auton-varaosat\/2-0-hdi-rhr-moottori-citroen-c5-peugeot-308\/#breadcrumb\",\"itemListElement\":[{\"@type\":\"ListItem\",\"position\":1,\"name\":\"Hem\",\"item\":\"https:\/\/aliceblue-termite-662564.hostingersite.com\/\"},{\"@type\":\"ListItem\",\"position\":2,\"name\":\"Auton varaosat\",\"item\":\"https:\/\/aliceblue-termite-662564.hostingersite.com\/auton-varaosat\/\"},{\"@type\":\"ListItem\",\"position\":3,\"name\":\"2.0 HDI &#8221;RHR&#8221; Motor [esim. Citroen C5, Peugeot 308, 508, 807]\"}]},{\"@type\":\"WebSite\",\"@id\":\"https:\/\/autopartscenter24.com\/#website\",\"url\":\"https:\/\/autopartscenter24.com\/\",\"name\":\"Autopartscenter24\",\"description\":\"K\u00c4YTETYT JA KUNNOSTETUT  AUTON VARAOSAT\",\"potentialAction\":[{\"@type\":\"SearchAction\",\"target\":{\"@type\":\"EntryPoint\",\"urlTemplate\":\"https:\/\/autopartscenter24.com\/?s={search_term_string}\"},\"query-input\":{\"@type\":\"PropertyValueSpecification\",\"valueRequired\":true,\"valueName\":\"search_term_string\"}}],\"inLanguage\":\"sv-SE\"}]}<\/script>\n<!-- \/ Yoast SEO plugin. -->","yoast_head_json":{"title":"2.0 HDI \"RHR\" Motor [esim. Citroen C5, Peugeot 308, 508, 807]","description":"En av de motorer som vi ofta har tillg\u00e4ngliga. Skicka en f\u00f6rfr\u00e5gan och f\u00e5 en offert inom 24 timmar. Motorer, v\u00e4xell\u00e5dor och andra bildelar under garanti.","robots":{"index":"index","follow":"follow","max-snippet":"max-snippet:-1","max-image-preview":"max-image-preview:large","max-video-preview":"max-video-preview:-1"},"canonical":"https:\/\/autopartscenter24.com\/sv\/auton-varaosat\/2-0-hdi-rhr-moottori-citroen-c5-peugeot-308\/","og_locale":"sv_SE","og_type":"article","og_title":"2.0 HDI \"RHR\" Motor [esim. Citroen C5, Peugeot 308, 508, 807]","og_description":"En av de motorer som vi ofta har tillg\u00e4ngliga. Skicka en f\u00f6rfr\u00e5gan och f\u00e5 en offert inom 24 timmar. Motorer, v\u00e4xell\u00e5dor och andra bildelar under garanti.","og_url":"https:\/\/autopartscenter24.com\/sv\/auton-varaosat\/2-0-hdi-rhr-moottori-citroen-c5-peugeot-308\/","og_site_name":"Autopartscenter24","og_image":[{"width":800,"height":600,"url":"https:\/\/autopartscenter24.com\/wp-content\/uploads\/2023\/03\/2-0-hdi-RHR-moottori-citroen-c5-peugeot-308.webp","type":"image\/webp"}],"twitter_card":"summary_large_image","twitter_misc":{"Ber\u00e4knad l\u00e4stid":"1 minut"},"schema":{"@context":"https:\/\/schema.org","@graph":[{"@type":"WebPage","@id":"https:\/\/autopartscenter24.com\/auton-varaosat\/2-0-hdi-rhr-moottori-citroen-c5-peugeot-308\/","url":"https:\/\/autopartscenter24.com\/auton-varaosat\/2-0-hdi-rhr-moottori-citroen-c5-peugeot-308\/","name":"2.0 HDI \"RHR\" Motor [esim. Citroen C5, Peugeot 308, 508, 807]","isPartOf":{"@id":"https:\/\/autopartscenter24.com\/#website"},"primaryImageOfPage":{"@id":"https:\/\/autopartscenter24.com\/auton-varaosat\/2-0-hdi-rhr-moottori-citroen-c5-peugeot-308\/#primaryimage"},"image":{"@id":"https:\/\/autopartscenter24.com\/auton-varaosat\/2-0-hdi-rhr-moottori-citroen-c5-peugeot-308\/#primaryimage"},"thumbnailUrl":"https:\/\/autopartscenter24.com\/wp-content\/uploads\/2023\/03\/2-0-hdi-RHR-moottori-citroen-c5-peugeot-308.webp","datePublished":"2023-11-26T17:01:05+00:00","description":"En av de motorer som vi ofta har tillg\u00e4ngliga. Skicka en f\u00f6rfr\u00e5gan och f\u00e5 en offert inom 24 timmar. Motorer, v\u00e4xell\u00e5dor och andra bildelar under garanti.","breadcrumb":{"@id":"https:\/\/autopartscenter24.com\/auton-varaosat\/2-0-hdi-rhr-moottori-citroen-c5-peugeot-308\/#breadcrumb"},"inLanguage":"sv-SE","potentialAction":[{"@type":"ReadAction","target":["https:\/\/autopartscenter24.com\/auton-varaosat\/2-0-hdi-rhr-moottori-citroen-c5-peugeot-308\/"]}]},{"@type":"ImageObject","inLanguage":"sv-SE","@id":"https:\/\/autopartscenter24.com\/auton-varaosat\/2-0-hdi-rhr-moottori-citroen-c5-peugeot-308\/#primaryimage","url":"https:\/\/autopartscenter24.com\/wp-content\/uploads\/2023\/03\/2-0-hdi-RHR-moottori-citroen-c5-peugeot-308.webp","contentUrl":"https:\/\/autopartscenter24.com\/wp-content\/uploads\/2023\/03\/2-0-hdi-RHR-moottori-citroen-c5-peugeot-308.webp","width":800,"height":600},{"@type":"BreadcrumbList","@id":"https:\/\/autopartscenter24.com\/auton-varaosat\/2-0-hdi-rhr-moottori-citroen-c5-peugeot-308\/#breadcrumb","itemListElement":[{"@type":"ListItem","position":1,"name":"Hem","item":"https:\/\/aliceblue-termite-662564.hostingersite.com\/"},{"@type":"ListItem","position":2,"name":"Auton varaosat","item":"https:\/\/aliceblue-termite-662564.hostingersite.com\/auton-varaosat\/"},{"@type":"ListItem","position":3,"name":"2.0 HDI &#8221;RHR&#8221; Motor [esim. Citroen C5, Peugeot 308, 508, 807]"}]},{"@type":"WebSite","@id":"https:\/\/autopartscenter24.com\/#website","url":"https:\/\/autopartscenter24.com\/","name":"Autopartscenter24","description":"K\u00c4YTETYT JA KUNNOSTETUT  AUTON VARAOSAT","potentialAction":[{"@type":"SearchAction","target":{"@type":"EntryPoint","urlTemplate":"https:\/\/autopartscenter24.com\/?s={search_term_string}"},"query-input":{"@type":"PropertyValueSpecification","valueRequired":true,"valueName":"search_term_string"}}],"inLanguage":"sv-SE"}]}},"_links":{"self":[{"href":"https:\/\/autopartscenter24.com\/sv\/wp-json\/wp\/v2\/product\/5516","targetHints":{"allow":["GET"]}}],"collection":[{"href":"https:\/\/autopartscenter24.com\/sv\/wp-json\/wp\/v2\/product"}],"about":[{"href":"https:\/\/autopartscenter24.com\/sv\/wp-json\/wp\/v2\/types\/product"}],"wp:featuredmedia":[{"embeddable":true,"href":"https:\/\/autopartscenter24.com\/sv\/wp-json\/wp\/v2\/media\/4506"}],"wp:attachment":[{"href":"https:\/\/autopartscenter24.com\/sv\/wp-json\/wp\/v2\/media?parent=5516"}],"wp:term":[{"taxonomy":"product_brand","embeddable":true,"href":"https:\/\/autopartscenter24.com\/sv\/wp-json\/wp\/v2\/product_brand?post=5516"},{"taxonomy":"product_cat","embeddable":true,"href":"https:\/\/autopartscenter24.com\/sv\/wp-json\/wp\/v2\/product_cat?post=5516"},{"taxonomy":"product_tag","embeddable":true,"href":"https:\/\/autopartscenter24.com\/sv\/wp-json\/wp\/v2\/product_tag?post=5516"}],"curies":[{"name":"wp","href":"https:\/\/api.w.org\/{rel}","templated":true}]}}