{"id":5515,"date":"2023-03-05T16:46:33","date_gmt":"2023-11-26T16:59:31","guid":{"rendered":"https:\/\/autopartscenter24.com\/product\/2-0-tdi-bmp-motor-esim-golf-octavia-a4\/"},"modified":"2023-11-26T17:59:31","modified_gmt":"2023-11-26T16:59:31","slug":"2-0-tdi-bmp-motor-vw-passat-b6-superb","status":"publish","type":"product","link":"https:\/\/autopartscenter24.com\/sv\/auton-varaosat\/2-0-tdi-bmp-motor-vw-passat-b6-superb\/","title":{"rendered":"2.0 TDI &#8221;BMP&#8221; Motor [esim. Golf, Octavia, A4]"},"content":{"rendered":"<p><strong>2.0 TDI (motorkod: BMP)<\/strong> \u00e4r en fyrcylindrig dieselmotor designad och tillverkad av Volkswagen Group. Den ing\u00e5r i Volkswagens TDI-motorfamilj, k\u00e4nd f\u00f6r sin h\u00e5llbarhet och ekonomi.<\/p>\n<p>Motorn har en cylindervolym p\u00e5 2,0 liter och \u00e4r utrustad med flerpunktsinsprutning och turbo. Effekten varierar beroende p\u00e5 modell och \u00e5rsmodell, men i allm\u00e4nhet varierar motoreffekten mellan 100 och 170 h\u00e4stkrafter, och vridmomentet varierar mellan 250 och 350 newtonmeter.<\/p>\n<p>De tekniska egenskaperna hos BMP-motorn \u00e4r anm\u00e4rkningsv\u00e4rda p\u00e5 grund av dess h\u00f6ga effekt och vridmoment. Motorn \u00e4r ocks\u00e5 mycket ekonomisk, vilket \u00e4r en av dess st\u00f6rsta f\u00f6rdelar. Br\u00e4nslef\u00f6rbrukningen \u00e4r betydligt l\u00e4gre j\u00e4mf\u00f6rt med andra motortyper, vilket g\u00f6r den till ett attraktivt alternativ f\u00f6r den som letar efter ett br\u00e4nslesn\u00e5lt fordon.<\/p>\n<p>Motorns h\u00e5llbarhet \u00e4r ocks\u00e5 utm\u00e4rkt, vilket g\u00f6r den till ett popul\u00e4rt val f\u00f6r l\u00e5ngvarig anv\u00e4ndning. Att underh\u00e5lla BMP-motorn \u00e4r ocks\u00e5 relativt enkelt och billigt, vilket ocks\u00e5 \u00e4r en viktig aspekt ur bilisters synvinkel.<\/p>\n<p>Dessa bilar \u00e4r alla k\u00e4nda f\u00f6r sin tillf\u00f6rlitlighet och prestanda tack vare BMP-motorn. Motorunderh\u00e5ll och att hitta reservdelar till dessa bilar \u00e4r inget problem, vilket g\u00f6r dem fortfarande popul\u00e4ra val f\u00f6r begagnade och nya bilar.<\/p>\n","protected":false},"excerpt":{"rendered":"<p>2.0 TDI-motorn (motorkod: BMP) har anv\u00e4nts i flera bilar som tillverkats av Volkswagen Group, inklusive:<\/p>\n<ul>\n<li>Volkswagen Passat (2005-2010)<\/li>\n<li>Volkswagen Golf V (2003-2009)<\/li>\n<li>Volkswagen Golf VI (2009-2012)<\/li>\n<li>Audi A3 (2003-2013)<\/li>\n<li>Audi A4 (2004-2007)<\/li>\n<li>Audi A6 (2005-2011)<\/li>\n<li>Skoda Octavia (2004-2013)<\/li>\n<\/ul>\n","protected":false},"featured_media":4511,"template":"","meta":[],"product_brand":[],"product_cat":[468,470,469],"product_tag":[472,689,691,473,474,475],"class_list":{"0":"post-5515","1":"product","2":"type-product","3":"status-publish","4":"has-post-thumbnail","6":"product_cat-audi-sv","7":"product_cat-skoda-sv","8":"product_cat-vw-sv","9":"product_tag-a3-sv","10":"product_tag-a4-sv","11":"product_tag-a6-sv","12":"product_tag-golf-sv","13":"product_tag-octavia-sv","14":"product_tag-passat-sv","15":"pa_varaosan-osasto-motor","18":"first","19":"instock","20":"shipping-taxable","21":"product-type-simple"},"yoast_head":"<!-- This site is optimized with the Yoast SEO plugin v26.8 - https:\/\/yoast.com\/product\/yoast-seo-wordpress\/ -->\n<title>2.0 TDI &quot;BMP&quot; Motor [esim. Golf, Octavia, A4]<\/title>\n<meta name=\"description\" content=\"En av de motorer som vi ofta har tillg\u00e4ngliga. Skicka en f\u00f6rfr\u00e5gan och f\u00e5 en offert inom 24 timmar. Motorer, v\u00e4xell\u00e5dor och andra bildelar under garanti.\" \/>\n<meta name=\"robots\" content=\"index, follow, max-snippet:-1, max-image-preview:large, max-video-preview:-1\" \/>\n<link rel=\"canonical\" href=\"https:\/\/autopartscenter24.com\/sv\/auton-varaosat\/2-0-tdi-bmp-moottori-vw-passat-b6-superb\/\" \/>\n<meta property=\"og:locale\" content=\"sv_SE\" \/>\n<meta property=\"og:type\" content=\"article\" \/>\n<meta property=\"og:title\" content=\"2.0 TDI &quot;BMP&quot; Motor [esim. Golf, Octavia, A4]\" \/>\n<meta property=\"og:description\" content=\"En av de motorer som vi ofta har tillg\u00e4ngliga. Skicka en f\u00f6rfr\u00e5gan och f\u00e5 en offert inom 24 timmar. Motorer, v\u00e4xell\u00e5dor och andra bildelar under garanti.\" \/>\n<meta property=\"og:url\" content=\"https:\/\/autopartscenter24.com\/sv\/auton-varaosat\/2-0-tdi-bmp-moottori-vw-passat-b6-superb\/\" \/>\n<meta property=\"og:site_name\" content=\"Autopartscenter24\" \/>\n<meta property=\"og:image\" content=\"https:\/\/autopartscenter24.com\/wp-content\/uploads\/2023\/03\/2-0-tdi-BMP-moottori-vw-passat-b6-superb.webp\" \/>\n\t<meta property=\"og:image:width\" content=\"800\" \/>\n\t<meta property=\"og:image:height\" content=\"600\" \/>\n\t<meta property=\"og:image:type\" content=\"image\/webp\" \/>\n<meta name=\"twitter:card\" content=\"summary_large_image\" \/>\n<meta name=\"twitter:label1\" content=\"Ber\u00e4knad l\u00e4stid\" \/>\n\t<meta name=\"twitter:data1\" content=\"1 minut\" \/>\n<script type=\"application\/ld+json\" class=\"yoast-schema-graph\">{\"@context\":\"https:\/\/schema.org\",\"@graph\":[{\"@type\":\"WebPage\",\"@id\":\"https:\/\/autopartscenter24.com\/auton-varaosat\/2-0-tdi-bmp-moottori-vw-passat-b6-superb\/\",\"url\":\"https:\/\/autopartscenter24.com\/auton-varaosat\/2-0-tdi-bmp-moottori-vw-passat-b6-superb\/\",\"name\":\"2.0 TDI \\\"BMP\\\" Motor [esim. Golf, Octavia, A4]\",\"isPartOf\":{\"@id\":\"https:\/\/autopartscenter24.com\/#website\"},\"primaryImageOfPage\":{\"@id\":\"https:\/\/autopartscenter24.com\/auton-varaosat\/2-0-tdi-bmp-moottori-vw-passat-b6-superb\/#primaryimage\"},\"image\":{\"@id\":\"https:\/\/autopartscenter24.com\/auton-varaosat\/2-0-tdi-bmp-moottori-vw-passat-b6-superb\/#primaryimage\"},\"thumbnailUrl\":\"https:\/\/autopartscenter24.com\/wp-content\/uploads\/2023\/03\/2-0-tdi-BMP-moottori-vw-passat-b6-superb.webp\",\"datePublished\":\"2023-11-26T16:59:31+00:00\",\"description\":\"En av de motorer som vi ofta har tillg\u00e4ngliga. Skicka en f\u00f6rfr\u00e5gan och f\u00e5 en offert inom 24 timmar. Motorer, v\u00e4xell\u00e5dor och andra bildelar under garanti.\",\"breadcrumb\":{\"@id\":\"https:\/\/autopartscenter24.com\/auton-varaosat\/2-0-tdi-bmp-moottori-vw-passat-b6-superb\/#breadcrumb\"},\"inLanguage\":\"sv-SE\",\"potentialAction\":[{\"@type\":\"ReadAction\",\"target\":[\"https:\/\/autopartscenter24.com\/auton-varaosat\/2-0-tdi-bmp-moottori-vw-passat-b6-superb\/\"]}]},{\"@type\":\"ImageObject\",\"inLanguage\":\"sv-SE\",\"@id\":\"https:\/\/autopartscenter24.com\/auton-varaosat\/2-0-tdi-bmp-moottori-vw-passat-b6-superb\/#primaryimage\",\"url\":\"https:\/\/autopartscenter24.com\/wp-content\/uploads\/2023\/03\/2-0-tdi-BMP-moottori-vw-passat-b6-superb.webp\",\"contentUrl\":\"https:\/\/autopartscenter24.com\/wp-content\/uploads\/2023\/03\/2-0-tdi-BMP-moottori-vw-passat-b6-superb.webp\",\"width\":800,\"height\":600},{\"@type\":\"BreadcrumbList\",\"@id\":\"https:\/\/autopartscenter24.com\/auton-varaosat\/2-0-tdi-bmp-moottori-vw-passat-b6-superb\/#breadcrumb\",\"itemListElement\":[{\"@type\":\"ListItem\",\"position\":1,\"name\":\"Hem\",\"item\":\"https:\/\/aliceblue-termite-662564.hostingersite.com\/\"},{\"@type\":\"ListItem\",\"position\":2,\"name\":\"Auton varaosat\",\"item\":\"https:\/\/aliceblue-termite-662564.hostingersite.com\/auton-varaosat\/\"},{\"@type\":\"ListItem\",\"position\":3,\"name\":\"2.0 TDI &#8221;BMP&#8221; Motor [esim. Golf, Octavia, A4]\"}]},{\"@type\":\"WebSite\",\"@id\":\"https:\/\/autopartscenter24.com\/#website\",\"url\":\"https:\/\/autopartscenter24.com\/\",\"name\":\"Autopartscenter24\",\"description\":\"K\u00c4YTETYT JA KUNNOSTETUT  AUTON VARAOSAT\",\"potentialAction\":[{\"@type\":\"SearchAction\",\"target\":{\"@type\":\"EntryPoint\",\"urlTemplate\":\"https:\/\/autopartscenter24.com\/?s={search_term_string}\"},\"query-input\":{\"@type\":\"PropertyValueSpecification\",\"valueRequired\":true,\"valueName\":\"search_term_string\"}}],\"inLanguage\":\"sv-SE\"}]}<\/script>\n<!-- \/ Yoast SEO plugin. -->","yoast_head_json":{"title":"2.0 TDI \"BMP\" Motor [esim. Golf, Octavia, A4]","description":"En av de motorer som vi ofta har tillg\u00e4ngliga. Skicka en f\u00f6rfr\u00e5gan och f\u00e5 en offert inom 24 timmar. Motorer, v\u00e4xell\u00e5dor och andra bildelar under garanti.","robots":{"index":"index","follow":"follow","max-snippet":"max-snippet:-1","max-image-preview":"max-image-preview:large","max-video-preview":"max-video-preview:-1"},"canonical":"https:\/\/autopartscenter24.com\/sv\/auton-varaosat\/2-0-tdi-bmp-moottori-vw-passat-b6-superb\/","og_locale":"sv_SE","og_type":"article","og_title":"2.0 TDI \"BMP\" Motor [esim. Golf, Octavia, A4]","og_description":"En av de motorer som vi ofta har tillg\u00e4ngliga. Skicka en f\u00f6rfr\u00e5gan och f\u00e5 en offert inom 24 timmar. Motorer, v\u00e4xell\u00e5dor och andra bildelar under garanti.","og_url":"https:\/\/autopartscenter24.com\/sv\/auton-varaosat\/2-0-tdi-bmp-moottori-vw-passat-b6-superb\/","og_site_name":"Autopartscenter24","og_image":[{"width":800,"height":600,"url":"https:\/\/autopartscenter24.com\/wp-content\/uploads\/2023\/03\/2-0-tdi-BMP-moottori-vw-passat-b6-superb.webp","type":"image\/webp"}],"twitter_card":"summary_large_image","twitter_misc":{"Ber\u00e4knad l\u00e4stid":"1 minut"},"schema":{"@context":"https:\/\/schema.org","@graph":[{"@type":"WebPage","@id":"https:\/\/autopartscenter24.com\/auton-varaosat\/2-0-tdi-bmp-moottori-vw-passat-b6-superb\/","url":"https:\/\/autopartscenter24.com\/auton-varaosat\/2-0-tdi-bmp-moottori-vw-passat-b6-superb\/","name":"2.0 TDI \"BMP\" Motor [esim. Golf, Octavia, A4]","isPartOf":{"@id":"https:\/\/autopartscenter24.com\/#website"},"primaryImageOfPage":{"@id":"https:\/\/autopartscenter24.com\/auton-varaosat\/2-0-tdi-bmp-moottori-vw-passat-b6-superb\/#primaryimage"},"image":{"@id":"https:\/\/autopartscenter24.com\/auton-varaosat\/2-0-tdi-bmp-moottori-vw-passat-b6-superb\/#primaryimage"},"thumbnailUrl":"https:\/\/autopartscenter24.com\/wp-content\/uploads\/2023\/03\/2-0-tdi-BMP-moottori-vw-passat-b6-superb.webp","datePublished":"2023-11-26T16:59:31+00:00","description":"En av de motorer som vi ofta har tillg\u00e4ngliga. Skicka en f\u00f6rfr\u00e5gan och f\u00e5 en offert inom 24 timmar. Motorer, v\u00e4xell\u00e5dor och andra bildelar under garanti.","breadcrumb":{"@id":"https:\/\/autopartscenter24.com\/auton-varaosat\/2-0-tdi-bmp-moottori-vw-passat-b6-superb\/#breadcrumb"},"inLanguage":"sv-SE","potentialAction":[{"@type":"ReadAction","target":["https:\/\/autopartscenter24.com\/auton-varaosat\/2-0-tdi-bmp-moottori-vw-passat-b6-superb\/"]}]},{"@type":"ImageObject","inLanguage":"sv-SE","@id":"https:\/\/autopartscenter24.com\/auton-varaosat\/2-0-tdi-bmp-moottori-vw-passat-b6-superb\/#primaryimage","url":"https:\/\/autopartscenter24.com\/wp-content\/uploads\/2023\/03\/2-0-tdi-BMP-moottori-vw-passat-b6-superb.webp","contentUrl":"https:\/\/autopartscenter24.com\/wp-content\/uploads\/2023\/03\/2-0-tdi-BMP-moottori-vw-passat-b6-superb.webp","width":800,"height":600},{"@type":"BreadcrumbList","@id":"https:\/\/autopartscenter24.com\/auton-varaosat\/2-0-tdi-bmp-moottori-vw-passat-b6-superb\/#breadcrumb","itemListElement":[{"@type":"ListItem","position":1,"name":"Hem","item":"https:\/\/aliceblue-termite-662564.hostingersite.com\/"},{"@type":"ListItem","position":2,"name":"Auton varaosat","item":"https:\/\/aliceblue-termite-662564.hostingersite.com\/auton-varaosat\/"},{"@type":"ListItem","position":3,"name":"2.0 TDI &#8221;BMP&#8221; Motor [esim. Golf, Octavia, A4]"}]},{"@type":"WebSite","@id":"https:\/\/autopartscenter24.com\/#website","url":"https:\/\/autopartscenter24.com\/","name":"Autopartscenter24","description":"K\u00c4YTETYT JA KUNNOSTETUT  AUTON VARAOSAT","potentialAction":[{"@type":"SearchAction","target":{"@type":"EntryPoint","urlTemplate":"https:\/\/autopartscenter24.com\/?s={search_term_string}"},"query-input":{"@type":"PropertyValueSpecification","valueRequired":true,"valueName":"search_term_string"}}],"inLanguage":"sv-SE"}]}},"_links":{"self":[{"href":"https:\/\/autopartscenter24.com\/sv\/wp-json\/wp\/v2\/product\/5515","targetHints":{"allow":["GET"]}}],"collection":[{"href":"https:\/\/autopartscenter24.com\/sv\/wp-json\/wp\/v2\/product"}],"about":[{"href":"https:\/\/autopartscenter24.com\/sv\/wp-json\/wp\/v2\/types\/product"}],"wp:featuredmedia":[{"embeddable":true,"href":"https:\/\/autopartscenter24.com\/sv\/wp-json\/wp\/v2\/media\/4511"}],"wp:attachment":[{"href":"https:\/\/autopartscenter24.com\/sv\/wp-json\/wp\/v2\/media?parent=5515"}],"wp:term":[{"taxonomy":"product_brand","embeddable":true,"href":"https:\/\/autopartscenter24.com\/sv\/wp-json\/wp\/v2\/product_brand?post=5515"},{"taxonomy":"product_cat","embeddable":true,"href":"https:\/\/autopartscenter24.com\/sv\/wp-json\/wp\/v2\/product_cat?post=5515"},{"taxonomy":"product_tag","embeddable":true,"href":"https:\/\/autopartscenter24.com\/sv\/wp-json\/wp\/v2\/product_tag?post=5515"}],"curies":[{"name":"wp","href":"https:\/\/api.w.org\/{rel}","templated":true}]}}