{"id":5514,"date":"2023-03-05T16:52:06","date_gmt":"2023-11-26T16:57:08","guid":{"rendered":"https:\/\/autopartscenter24.com\/product\/2-2-cdi-646821-motor-esim-e-class-w211-c-class\/"},"modified":"2023-11-26T17:57:08","modified_gmt":"2023-11-26T16:57:08","slug":"2-2-cdi-646821-motor-mercedes-e-w211","status":"publish","type":"product","link":"https:\/\/autopartscenter24.com\/sv\/auton-varaosat\/2-2-cdi-646821-motor-mercedes-e-w211\/","title":{"rendered":"2.2 CDI &#8221;646821&#8221; Motor [esim. E-Class W211, C-Class]"},"content":{"rendered":"<div class=\"w-full border-b border-black\/10 dark:border-gray-900\/50 text-gray-800 dark:text-gray-100 group bg-gray-50 dark:bg-[#444654]\">\n<div class=\"text-base gap-4 md:gap-6 m-auto md:max-w-2xl lg:max-w-2xl xl:max-w-3xl p-4 md:py-6 flex lg:px-0\">\n<div class=\"relative flex w-[calc(100%-50px)] flex-col gap-1 md:gap-3 lg:w-[calc(100%-115px)]\">\n<div class=\"flex flex-grow flex-col gap-3\">\n<div class=\"min-h-[20px] flex flex-col items-start gap-4 whitespace-pre-wrap\">\n<div class=\"markdown prose w-full break-words dark:prose-invert light\">\n<p><strong>Mercedes-Benz 2.2 CDI (motorkod: 646821) \u00e4r en h\u00f6gpresterande dieselmotor designad f\u00f6r medelstora och stora bilar.<\/strong> Det \u00e4r en fyrcylindrig motor med en cylindervolym p\u00e5 2,2 liter. Motordesignen anv\u00e4nder avancerad teknik som vanlig insprutning och flerstegs turboladdning, vilket m\u00f6jligg\u00f6r b\u00e4ttre br\u00e4nsleeffektivitet och l\u00e4gre utsl\u00e4pp.<\/p>\n<p>Toppeffekten f\u00f6r 646821-motorn \u00e4r 170 h\u00e4stkrafter och det maximala vridmomentet \u00e4r 400 Nm. Motorn \u00e4r mycket vridmoment, vilket m\u00f6jligg\u00f6r snabb acceleration och god k\u00f6rbarhet. Den \u00e4r ocks\u00e5 tyst och vibrationsfri i sitt l\u00f6pljud.<\/p>\n<p>Motorstrukturen \u00e4r h\u00e5llbar och p\u00e5litlig. Vevst\u00e4ngerna \u00e4r speciellt utformade f\u00f6r att klara h\u00f6ga vridmoment och motorns cylinderhuvuden \u00e4r gjorda av slitstarkt gjutj\u00e4rn. Motorns oljesystem \u00e4r utformat f\u00f6r att garantera en l\u00e5ng motorlivsl\u00e4ngd och minimera underh\u00e5llsbehov.<\/p>\n<p>Motorn har f\u00e5tt positiv feedback p\u00e5 dess prestanda, ekonomi och h\u00e5llbarhet. Det \u00e4r ett mycket popul\u00e4rt motoralternativ i Mercedes-Benz dieselbilar och v\u00e4rderas f\u00f6r sin kombination av effektivitet och tillf\u00f6rlitlighet.<\/p>\n<\/div>\n<\/div>\n<\/div>\n<div class=\"flex justify-between\">\n<div class=\"text-gray-400 flex self-end lg:self-center justify-center mt-2 gap-3 md:gap-4 lg:gap-1 lg:absolute lg:top-0 lg:translate-x-full lg:right-0 lg:mt-0 lg:pl-2 visible\"><\/div>\n<\/div>\n<\/div>\n<\/div>\n<\/div>\n","protected":false},"excerpt":{"rendered":"<p>Mercedes-Benz har anv\u00e4nt 646821-motorn i flera av sina bilmodeller under olika \u00e5r. Nedan \u00e4r en lista \u00f6ver n\u00e5gra av de modeller som har anv\u00e4nt motorn:<\/p>\n<ul>\n<li>Mercedes-Benz C220 CDI (2007-2014)<\/li>\n<li>Mercedes-Benz E220 CDI (2006-2009)<\/li>\n<li>Mercedes-Benz GLK220 CDI (2008-2012)<\/li>\n<li>Mercedes-Benz CLK220 CDI (2005-2009)<\/li>\n<li>Mercedes-Benz ML220 CDI (2005-2010)<\/li>\n<\/ul>\n","protected":false},"featured_media":4516,"template":"","meta":[],"product_brand":[],"product_cat":[593],"product_tag":[674,704,705],"class_list":{"0":"post-5514","1":"product","2":"type-product","3":"status-publish","4":"has-post-thumbnail","6":"product_cat-mercedes-benz-sv","7":"product_tag-c-class-sv","8":"product_tag-e-class-sv","9":"product_tag-w211-sv","10":"pa_varaosan-osasto-motor","13":"first","14":"instock","15":"shipping-taxable","16":"product-type-simple"},"yoast_head":"<!-- This site is optimized with the Yoast SEO plugin v26.8 - https:\/\/yoast.com\/product\/yoast-seo-wordpress\/ -->\n<title>2.2 CDI &quot;646821&quot; Motor [esim. E-Class W211, C-Class]<\/title>\n<meta name=\"description\" content=\"En av de motorer som vi ofta har tillg\u00e4ngliga. Skicka en f\u00f6rfr\u00e5gan och f\u00e5 en offert inom 24 timmar. Motorer, v\u00e4xell\u00e5dor och andra bildelar under garanti.\" \/>\n<meta name=\"robots\" content=\"index, follow, max-snippet:-1, max-image-preview:large, max-video-preview:-1\" \/>\n<link rel=\"canonical\" href=\"https:\/\/autopartscenter24.com\/sv\/auton-varaosat\/2-2-cdi-646821-moottori-mercedes-e-w211\/\" \/>\n<meta property=\"og:locale\" content=\"sv_SE\" \/>\n<meta property=\"og:type\" content=\"article\" \/>\n<meta property=\"og:title\" content=\"2.2 CDI &quot;646821&quot; Motor [esim. E-Class W211, C-Class]\" \/>\n<meta property=\"og:description\" content=\"En av de motorer som vi ofta har tillg\u00e4ngliga. Skicka en f\u00f6rfr\u00e5gan och f\u00e5 en offert inom 24 timmar. Motorer, v\u00e4xell\u00e5dor och andra bildelar under garanti.\" \/>\n<meta property=\"og:url\" content=\"https:\/\/autopartscenter24.com\/sv\/auton-varaosat\/2-2-cdi-646821-moottori-mercedes-e-w211\/\" \/>\n<meta property=\"og:site_name\" content=\"Autopartscenter24\" \/>\n<meta property=\"og:image\" content=\"https:\/\/autopartscenter24.com\/wp-content\/uploads\/2023\/03\/2-2-cdi-646821-moottori-mercedes-e-w211.webp\" \/>\n\t<meta property=\"og:image:width\" content=\"800\" \/>\n\t<meta property=\"og:image:height\" content=\"600\" \/>\n\t<meta property=\"og:image:type\" content=\"image\/webp\" \/>\n<meta name=\"twitter:card\" content=\"summary_large_image\" \/>\n<meta name=\"twitter:label1\" content=\"Ber\u00e4knad l\u00e4stid\" \/>\n\t<meta name=\"twitter:data1\" content=\"1 minut\" \/>\n<script type=\"application\/ld+json\" class=\"yoast-schema-graph\">{\"@context\":\"https:\/\/schema.org\",\"@graph\":[{\"@type\":\"WebPage\",\"@id\":\"https:\/\/autopartscenter24.com\/auton-varaosat\/2-2-cdi-646821-moottori-mercedes-e-w211\/\",\"url\":\"https:\/\/autopartscenter24.com\/auton-varaosat\/2-2-cdi-646821-moottori-mercedes-e-w211\/\",\"name\":\"2.2 CDI \\\"646821\\\" Motor [esim. E-Class W211, C-Class]\",\"isPartOf\":{\"@id\":\"https:\/\/autopartscenter24.com\/#website\"},\"primaryImageOfPage\":{\"@id\":\"https:\/\/autopartscenter24.com\/auton-varaosat\/2-2-cdi-646821-moottori-mercedes-e-w211\/#primaryimage\"},\"image\":{\"@id\":\"https:\/\/autopartscenter24.com\/auton-varaosat\/2-2-cdi-646821-moottori-mercedes-e-w211\/#primaryimage\"},\"thumbnailUrl\":\"https:\/\/autopartscenter24.com\/wp-content\/uploads\/2023\/03\/2-2-cdi-646821-moottori-mercedes-e-w211.webp\",\"datePublished\":\"2023-11-26T16:57:08+00:00\",\"description\":\"En av de motorer som vi ofta har tillg\u00e4ngliga. Skicka en f\u00f6rfr\u00e5gan och f\u00e5 en offert inom 24 timmar. Motorer, v\u00e4xell\u00e5dor och andra bildelar under garanti.\",\"breadcrumb\":{\"@id\":\"https:\/\/autopartscenter24.com\/auton-varaosat\/2-2-cdi-646821-moottori-mercedes-e-w211\/#breadcrumb\"},\"inLanguage\":\"sv-SE\",\"potentialAction\":[{\"@type\":\"ReadAction\",\"target\":[\"https:\/\/autopartscenter24.com\/auton-varaosat\/2-2-cdi-646821-moottori-mercedes-e-w211\/\"]}]},{\"@type\":\"ImageObject\",\"inLanguage\":\"sv-SE\",\"@id\":\"https:\/\/autopartscenter24.com\/auton-varaosat\/2-2-cdi-646821-moottori-mercedes-e-w211\/#primaryimage\",\"url\":\"https:\/\/autopartscenter24.com\/wp-content\/uploads\/2023\/03\/2-2-cdi-646821-moottori-mercedes-e-w211.webp\",\"contentUrl\":\"https:\/\/autopartscenter24.com\/wp-content\/uploads\/2023\/03\/2-2-cdi-646821-moottori-mercedes-e-w211.webp\",\"width\":800,\"height\":600},{\"@type\":\"BreadcrumbList\",\"@id\":\"https:\/\/autopartscenter24.com\/auton-varaosat\/2-2-cdi-646821-moottori-mercedes-e-w211\/#breadcrumb\",\"itemListElement\":[{\"@type\":\"ListItem\",\"position\":1,\"name\":\"Hem\",\"item\":\"https:\/\/aliceblue-termite-662564.hostingersite.com\/\"},{\"@type\":\"ListItem\",\"position\":2,\"name\":\"Auton varaosat\",\"item\":\"https:\/\/aliceblue-termite-662564.hostingersite.com\/auton-varaosat\/\"},{\"@type\":\"ListItem\",\"position\":3,\"name\":\"2.2 CDI &#8221;646821&#8221; Motor [esim. E-Class W211, C-Class]\"}]},{\"@type\":\"WebSite\",\"@id\":\"https:\/\/autopartscenter24.com\/#website\",\"url\":\"https:\/\/autopartscenter24.com\/\",\"name\":\"Autopartscenter24\",\"description\":\"K\u00c4YTETYT JA KUNNOSTETUT  AUTON VARAOSAT\",\"potentialAction\":[{\"@type\":\"SearchAction\",\"target\":{\"@type\":\"EntryPoint\",\"urlTemplate\":\"https:\/\/autopartscenter24.com\/?s={search_term_string}\"},\"query-input\":{\"@type\":\"PropertyValueSpecification\",\"valueRequired\":true,\"valueName\":\"search_term_string\"}}],\"inLanguage\":\"sv-SE\"}]}<\/script>\n<!-- \/ Yoast SEO plugin. -->","yoast_head_json":{"title":"2.2 CDI \"646821\" Motor [esim. E-Class W211, C-Class]","description":"En av de motorer som vi ofta har tillg\u00e4ngliga. Skicka en f\u00f6rfr\u00e5gan och f\u00e5 en offert inom 24 timmar. Motorer, v\u00e4xell\u00e5dor och andra bildelar under garanti.","robots":{"index":"index","follow":"follow","max-snippet":"max-snippet:-1","max-image-preview":"max-image-preview:large","max-video-preview":"max-video-preview:-1"},"canonical":"https:\/\/autopartscenter24.com\/sv\/auton-varaosat\/2-2-cdi-646821-moottori-mercedes-e-w211\/","og_locale":"sv_SE","og_type":"article","og_title":"2.2 CDI \"646821\" Motor [esim. E-Class W211, C-Class]","og_description":"En av de motorer som vi ofta har tillg\u00e4ngliga. Skicka en f\u00f6rfr\u00e5gan och f\u00e5 en offert inom 24 timmar. Motorer, v\u00e4xell\u00e5dor och andra bildelar under garanti.","og_url":"https:\/\/autopartscenter24.com\/sv\/auton-varaosat\/2-2-cdi-646821-moottori-mercedes-e-w211\/","og_site_name":"Autopartscenter24","og_image":[{"width":800,"height":600,"url":"https:\/\/autopartscenter24.com\/wp-content\/uploads\/2023\/03\/2-2-cdi-646821-moottori-mercedes-e-w211.webp","type":"image\/webp"}],"twitter_card":"summary_large_image","twitter_misc":{"Ber\u00e4knad l\u00e4stid":"1 minut"},"schema":{"@context":"https:\/\/schema.org","@graph":[{"@type":"WebPage","@id":"https:\/\/autopartscenter24.com\/auton-varaosat\/2-2-cdi-646821-moottori-mercedes-e-w211\/","url":"https:\/\/autopartscenter24.com\/auton-varaosat\/2-2-cdi-646821-moottori-mercedes-e-w211\/","name":"2.2 CDI \"646821\" Motor [esim. E-Class W211, C-Class]","isPartOf":{"@id":"https:\/\/autopartscenter24.com\/#website"},"primaryImageOfPage":{"@id":"https:\/\/autopartscenter24.com\/auton-varaosat\/2-2-cdi-646821-moottori-mercedes-e-w211\/#primaryimage"},"image":{"@id":"https:\/\/autopartscenter24.com\/auton-varaosat\/2-2-cdi-646821-moottori-mercedes-e-w211\/#primaryimage"},"thumbnailUrl":"https:\/\/autopartscenter24.com\/wp-content\/uploads\/2023\/03\/2-2-cdi-646821-moottori-mercedes-e-w211.webp","datePublished":"2023-11-26T16:57:08+00:00","description":"En av de motorer som vi ofta har tillg\u00e4ngliga. Skicka en f\u00f6rfr\u00e5gan och f\u00e5 en offert inom 24 timmar. Motorer, v\u00e4xell\u00e5dor och andra bildelar under garanti.","breadcrumb":{"@id":"https:\/\/autopartscenter24.com\/auton-varaosat\/2-2-cdi-646821-moottori-mercedes-e-w211\/#breadcrumb"},"inLanguage":"sv-SE","potentialAction":[{"@type":"ReadAction","target":["https:\/\/autopartscenter24.com\/auton-varaosat\/2-2-cdi-646821-moottori-mercedes-e-w211\/"]}]},{"@type":"ImageObject","inLanguage":"sv-SE","@id":"https:\/\/autopartscenter24.com\/auton-varaosat\/2-2-cdi-646821-moottori-mercedes-e-w211\/#primaryimage","url":"https:\/\/autopartscenter24.com\/wp-content\/uploads\/2023\/03\/2-2-cdi-646821-moottori-mercedes-e-w211.webp","contentUrl":"https:\/\/autopartscenter24.com\/wp-content\/uploads\/2023\/03\/2-2-cdi-646821-moottori-mercedes-e-w211.webp","width":800,"height":600},{"@type":"BreadcrumbList","@id":"https:\/\/autopartscenter24.com\/auton-varaosat\/2-2-cdi-646821-moottori-mercedes-e-w211\/#breadcrumb","itemListElement":[{"@type":"ListItem","position":1,"name":"Hem","item":"https:\/\/aliceblue-termite-662564.hostingersite.com\/"},{"@type":"ListItem","position":2,"name":"Auton varaosat","item":"https:\/\/aliceblue-termite-662564.hostingersite.com\/auton-varaosat\/"},{"@type":"ListItem","position":3,"name":"2.2 CDI &#8221;646821&#8221; Motor [esim. E-Class W211, C-Class]"}]},{"@type":"WebSite","@id":"https:\/\/autopartscenter24.com\/#website","url":"https:\/\/autopartscenter24.com\/","name":"Autopartscenter24","description":"K\u00c4YTETYT JA KUNNOSTETUT  AUTON VARAOSAT","potentialAction":[{"@type":"SearchAction","target":{"@type":"EntryPoint","urlTemplate":"https:\/\/autopartscenter24.com\/?s={search_term_string}"},"query-input":{"@type":"PropertyValueSpecification","valueRequired":true,"valueName":"search_term_string"}}],"inLanguage":"sv-SE"}]}},"_links":{"self":[{"href":"https:\/\/autopartscenter24.com\/sv\/wp-json\/wp\/v2\/product\/5514","targetHints":{"allow":["GET"]}}],"collection":[{"href":"https:\/\/autopartscenter24.com\/sv\/wp-json\/wp\/v2\/product"}],"about":[{"href":"https:\/\/autopartscenter24.com\/sv\/wp-json\/wp\/v2\/types\/product"}],"wp:featuredmedia":[{"embeddable":true,"href":"https:\/\/autopartscenter24.com\/sv\/wp-json\/wp\/v2\/media\/4516"}],"wp:attachment":[{"href":"https:\/\/autopartscenter24.com\/sv\/wp-json\/wp\/v2\/media?parent=5514"}],"wp:term":[{"taxonomy":"product_brand","embeddable":true,"href":"https:\/\/autopartscenter24.com\/sv\/wp-json\/wp\/v2\/product_brand?post=5514"},{"taxonomy":"product_cat","embeddable":true,"href":"https:\/\/autopartscenter24.com\/sv\/wp-json\/wp\/v2\/product_cat?post=5514"},{"taxonomy":"product_tag","embeddable":true,"href":"https:\/\/autopartscenter24.com\/sv\/wp-json\/wp\/v2\/product_tag?post=5514"}],"curies":[{"name":"wp","href":"https:\/\/api.w.org\/{rel}","templated":true}]}}