{"id":5513,"date":"2023-03-05T17:08:39","date_gmt":"2023-11-26T16:55:26","guid":{"rendered":"https:\/\/autopartscenter24.com\/product\/2-4-4b12-motor-esim-mitsubishi-outlander\/"},"modified":"2023-11-26T17:55:26","modified_gmt":"2023-11-26T16:55:26","slug":"2-4-4b12-motor-mitsubishi-outlander","status":"publish","type":"product","link":"https:\/\/autopartscenter24.com\/sv\/auton-varaosat\/2-4-4b12-motor-mitsubishi-outlander\/","title":{"rendered":"2.4 &#8221;4B12&#8221; Motor [esim. Mitsubishi Outlander]"},"content":{"rendered":"<p><strong>Mitsubishi 2.4 (motorkod: 4B12)<\/strong> \u00e4r en fyrcylindrig bensinmotor utvecklad f\u00f6r att ers\u00e4tta de tidigare Mitsubishi 2.0- och 2.4-motorerna. 4B12-motorn \u00e4r utrustad med MIVEC-teknik, vilket f\u00f6rb\u00e4ttrar br\u00e4nsleekonomin och minskar utsl\u00e4ppen. Motorns kompressionsf\u00f6rh\u00e5llande \u00e4r 10,5:1 och maxeffekten \u00e4r 168 hk och vridmomentet \u00e4r 222 Nm. Motorn \u00e4r ocks\u00e5 ganska tyst, eftersom den anv\u00e4nder avancerade ljudisoleringsmaterial.<\/p>\n<p>Motorns inre struktur \u00e4r h\u00e5llbar och designad f\u00f6r att klara h\u00f6gre varv och tyngre belastningar. Motorn har en direktdriven kamaxel som minskar slitaget och f\u00f6rb\u00e4ttrar motorns prestanda. Motorn har \u00e4ven en oljekylare som hj\u00e4lper till att h\u00e5lla en j\u00e4mn oljetemperatur och ser till att motorn f\u00f6rblir sval vid h\u00e5rd anv\u00e4ndning.<\/p>\n<p>Mitsubishi 2.4-motorn har anv\u00e4nts i flera bilar, som Mitsubishi Outlander och Galant, samt Chrysler Sebring och Dodge Avenger. Motorns kraft och vridmoment ger bra prestanda medan MIVEC-tekniken f\u00f6rb\u00e4ttrar br\u00e4nsleekonomin och minskar utsl\u00e4ppen. Motorns inre struktur och h\u00e5llbarhet g\u00f6r den till ett p\u00e5litligt val f\u00f6r f\u00f6rare som beh\u00f6ver en h\u00e5llbar och p\u00e5litlig motor.<\/p>\n","protected":false},"excerpt":{"rendered":"<p>Mitsubishi 2.4 (motorkod: 4B12) anv\u00e4nds i f\u00f6ljande bilar:<\/p>\n<ul>\n<li>Mitsubishi Outlander (2007-2013)<\/li>\n<li>Mitsubishi Galant (2004-2012)<\/li>\n<li>Chrysler Sebring (2007-2010)<\/li>\n<li>Dodge Avenger (2008-2014)<\/li>\n<\/ul>\n","protected":false},"featured_media":4521,"template":"","meta":[],"product_brand":[],"product_cat":[545,557,597],"product_tag":[644,732,693,643],"class_list":{"0":"post-5513","1":"product","2":"type-product","3":"status-publish","4":"has-post-thumbnail","6":"product_cat-chrysler-sv","7":"product_cat-dodge-sv","8":"product_cat-mitsubishi-sv","9":"product_tag-avenger-sv","10":"product_tag-galant-sv","11":"product_tag-outlander-sv","12":"product_tag-sebring-sv","13":"pa_varaosan-osasto-motor","16":"first","17":"instock","18":"shipping-taxable","19":"product-type-simple"},"yoast_head":"<!-- This site is optimized with the Yoast SEO plugin v26.8 - https:\/\/yoast.com\/product\/yoast-seo-wordpress\/ -->\n<title>2.4 &quot;4B12&quot; Motor [esim. Mitsubishi Outlander]<\/title>\n<meta name=\"description\" content=\"En av de motorer som vi ofta har tillg\u00e4ngliga. Skicka en f\u00f6rfr\u00e5gan och f\u00e5 en offert inom 24 timmar. Motorer, v\u00e4xell\u00e5dor och andra bildelar under garanti.\" \/>\n<meta name=\"robots\" content=\"index, follow, max-snippet:-1, max-image-preview:large, max-video-preview:-1\" \/>\n<link rel=\"canonical\" href=\"https:\/\/autopartscenter24.com\/sv\/auton-varaosat\/2-4-4b12-moottori-mitsubishi-outlander\/\" \/>\n<meta property=\"og:locale\" content=\"sv_SE\" \/>\n<meta property=\"og:type\" content=\"article\" \/>\n<meta property=\"og:title\" content=\"2.4 &quot;4B12&quot; Motor [esim. Mitsubishi Outlander]\" \/>\n<meta property=\"og:description\" content=\"En av de motorer som vi ofta har tillg\u00e4ngliga. Skicka en f\u00f6rfr\u00e5gan och f\u00e5 en offert inom 24 timmar. Motorer, v\u00e4xell\u00e5dor och andra bildelar under garanti.\" \/>\n<meta property=\"og:url\" content=\"https:\/\/autopartscenter24.com\/sv\/auton-varaosat\/2-4-4b12-moottori-mitsubishi-outlander\/\" \/>\n<meta property=\"og:site_name\" content=\"Autopartscenter24\" \/>\n<meta property=\"og:image\" content=\"https:\/\/autopartscenter24.com\/wp-content\/uploads\/2023\/03\/2-4-4b12-moottori-mitsubishi-outlander.webp\" \/>\n\t<meta property=\"og:image:width\" content=\"800\" \/>\n\t<meta property=\"og:image:height\" content=\"600\" \/>\n\t<meta property=\"og:image:type\" content=\"image\/webp\" \/>\n<meta name=\"twitter:card\" content=\"summary_large_image\" \/>\n<meta name=\"twitter:label1\" content=\"Ber\u00e4knad l\u00e4stid\" \/>\n\t<meta name=\"twitter:data1\" content=\"1 minut\" \/>\n<script type=\"application\/ld+json\" class=\"yoast-schema-graph\">{\"@context\":\"https:\/\/schema.org\",\"@graph\":[{\"@type\":\"WebPage\",\"@id\":\"https:\/\/autopartscenter24.com\/auton-varaosat\/2-4-4b12-moottori-mitsubishi-outlander\/\",\"url\":\"https:\/\/autopartscenter24.com\/auton-varaosat\/2-4-4b12-moottori-mitsubishi-outlander\/\",\"name\":\"2.4 \\\"4B12\\\" Motor [esim. Mitsubishi Outlander]\",\"isPartOf\":{\"@id\":\"https:\/\/autopartscenter24.com\/#website\"},\"primaryImageOfPage\":{\"@id\":\"https:\/\/autopartscenter24.com\/auton-varaosat\/2-4-4b12-moottori-mitsubishi-outlander\/#primaryimage\"},\"image\":{\"@id\":\"https:\/\/autopartscenter24.com\/auton-varaosat\/2-4-4b12-moottori-mitsubishi-outlander\/#primaryimage\"},\"thumbnailUrl\":\"https:\/\/autopartscenter24.com\/wp-content\/uploads\/2023\/03\/2-4-4b12-moottori-mitsubishi-outlander.webp\",\"datePublished\":\"2023-11-26T16:55:26+00:00\",\"description\":\"En av de motorer som vi ofta har tillg\u00e4ngliga. Skicka en f\u00f6rfr\u00e5gan och f\u00e5 en offert inom 24 timmar. Motorer, v\u00e4xell\u00e5dor och andra bildelar under garanti.\",\"breadcrumb\":{\"@id\":\"https:\/\/autopartscenter24.com\/auton-varaosat\/2-4-4b12-moottori-mitsubishi-outlander\/#breadcrumb\"},\"inLanguage\":\"sv-SE\",\"potentialAction\":[{\"@type\":\"ReadAction\",\"target\":[\"https:\/\/autopartscenter24.com\/auton-varaosat\/2-4-4b12-moottori-mitsubishi-outlander\/\"]}]},{\"@type\":\"ImageObject\",\"inLanguage\":\"sv-SE\",\"@id\":\"https:\/\/autopartscenter24.com\/auton-varaosat\/2-4-4b12-moottori-mitsubishi-outlander\/#primaryimage\",\"url\":\"https:\/\/autopartscenter24.com\/wp-content\/uploads\/2023\/03\/2-4-4b12-moottori-mitsubishi-outlander.webp\",\"contentUrl\":\"https:\/\/autopartscenter24.com\/wp-content\/uploads\/2023\/03\/2-4-4b12-moottori-mitsubishi-outlander.webp\",\"width\":800,\"height\":600},{\"@type\":\"BreadcrumbList\",\"@id\":\"https:\/\/autopartscenter24.com\/auton-varaosat\/2-4-4b12-moottori-mitsubishi-outlander\/#breadcrumb\",\"itemListElement\":[{\"@type\":\"ListItem\",\"position\":1,\"name\":\"Hem\",\"item\":\"https:\/\/aliceblue-termite-662564.hostingersite.com\/\"},{\"@type\":\"ListItem\",\"position\":2,\"name\":\"Auton varaosat\",\"item\":\"https:\/\/aliceblue-termite-662564.hostingersite.com\/auton-varaosat\/\"},{\"@type\":\"ListItem\",\"position\":3,\"name\":\"2.4 &#8221;4B12&#8221; Motor [esim. Mitsubishi Outlander]\"}]},{\"@type\":\"WebSite\",\"@id\":\"https:\/\/autopartscenter24.com\/#website\",\"url\":\"https:\/\/autopartscenter24.com\/\",\"name\":\"Autopartscenter24\",\"description\":\"K\u00c4YTETYT JA KUNNOSTETUT  AUTON VARAOSAT\",\"potentialAction\":[{\"@type\":\"SearchAction\",\"target\":{\"@type\":\"EntryPoint\",\"urlTemplate\":\"https:\/\/autopartscenter24.com\/?s={search_term_string}\"},\"query-input\":{\"@type\":\"PropertyValueSpecification\",\"valueRequired\":true,\"valueName\":\"search_term_string\"}}],\"inLanguage\":\"sv-SE\"}]}<\/script>\n<!-- \/ Yoast SEO plugin. -->","yoast_head_json":{"title":"2.4 \"4B12\" Motor [esim. Mitsubishi Outlander]","description":"En av de motorer som vi ofta har tillg\u00e4ngliga. Skicka en f\u00f6rfr\u00e5gan och f\u00e5 en offert inom 24 timmar. Motorer, v\u00e4xell\u00e5dor och andra bildelar under garanti.","robots":{"index":"index","follow":"follow","max-snippet":"max-snippet:-1","max-image-preview":"max-image-preview:large","max-video-preview":"max-video-preview:-1"},"canonical":"https:\/\/autopartscenter24.com\/sv\/auton-varaosat\/2-4-4b12-moottori-mitsubishi-outlander\/","og_locale":"sv_SE","og_type":"article","og_title":"2.4 \"4B12\" Motor [esim. Mitsubishi Outlander]","og_description":"En av de motorer som vi ofta har tillg\u00e4ngliga. Skicka en f\u00f6rfr\u00e5gan och f\u00e5 en offert inom 24 timmar. Motorer, v\u00e4xell\u00e5dor och andra bildelar under garanti.","og_url":"https:\/\/autopartscenter24.com\/sv\/auton-varaosat\/2-4-4b12-moottori-mitsubishi-outlander\/","og_site_name":"Autopartscenter24","og_image":[{"width":800,"height":600,"url":"https:\/\/autopartscenter24.com\/wp-content\/uploads\/2023\/03\/2-4-4b12-moottori-mitsubishi-outlander.webp","type":"image\/webp"}],"twitter_card":"summary_large_image","twitter_misc":{"Ber\u00e4knad l\u00e4stid":"1 minut"},"schema":{"@context":"https:\/\/schema.org","@graph":[{"@type":"WebPage","@id":"https:\/\/autopartscenter24.com\/auton-varaosat\/2-4-4b12-moottori-mitsubishi-outlander\/","url":"https:\/\/autopartscenter24.com\/auton-varaosat\/2-4-4b12-moottori-mitsubishi-outlander\/","name":"2.4 \"4B12\" Motor [esim. Mitsubishi Outlander]","isPartOf":{"@id":"https:\/\/autopartscenter24.com\/#website"},"primaryImageOfPage":{"@id":"https:\/\/autopartscenter24.com\/auton-varaosat\/2-4-4b12-moottori-mitsubishi-outlander\/#primaryimage"},"image":{"@id":"https:\/\/autopartscenter24.com\/auton-varaosat\/2-4-4b12-moottori-mitsubishi-outlander\/#primaryimage"},"thumbnailUrl":"https:\/\/autopartscenter24.com\/wp-content\/uploads\/2023\/03\/2-4-4b12-moottori-mitsubishi-outlander.webp","datePublished":"2023-11-26T16:55:26+00:00","description":"En av de motorer som vi ofta har tillg\u00e4ngliga. Skicka en f\u00f6rfr\u00e5gan och f\u00e5 en offert inom 24 timmar. Motorer, v\u00e4xell\u00e5dor och andra bildelar under garanti.","breadcrumb":{"@id":"https:\/\/autopartscenter24.com\/auton-varaosat\/2-4-4b12-moottori-mitsubishi-outlander\/#breadcrumb"},"inLanguage":"sv-SE","potentialAction":[{"@type":"ReadAction","target":["https:\/\/autopartscenter24.com\/auton-varaosat\/2-4-4b12-moottori-mitsubishi-outlander\/"]}]},{"@type":"ImageObject","inLanguage":"sv-SE","@id":"https:\/\/autopartscenter24.com\/auton-varaosat\/2-4-4b12-moottori-mitsubishi-outlander\/#primaryimage","url":"https:\/\/autopartscenter24.com\/wp-content\/uploads\/2023\/03\/2-4-4b12-moottori-mitsubishi-outlander.webp","contentUrl":"https:\/\/autopartscenter24.com\/wp-content\/uploads\/2023\/03\/2-4-4b12-moottori-mitsubishi-outlander.webp","width":800,"height":600},{"@type":"BreadcrumbList","@id":"https:\/\/autopartscenter24.com\/auton-varaosat\/2-4-4b12-moottori-mitsubishi-outlander\/#breadcrumb","itemListElement":[{"@type":"ListItem","position":1,"name":"Hem","item":"https:\/\/aliceblue-termite-662564.hostingersite.com\/"},{"@type":"ListItem","position":2,"name":"Auton varaosat","item":"https:\/\/aliceblue-termite-662564.hostingersite.com\/auton-varaosat\/"},{"@type":"ListItem","position":3,"name":"2.4 &#8221;4B12&#8221; Motor [esim. Mitsubishi Outlander]"}]},{"@type":"WebSite","@id":"https:\/\/autopartscenter24.com\/#website","url":"https:\/\/autopartscenter24.com\/","name":"Autopartscenter24","description":"K\u00c4YTETYT JA KUNNOSTETUT  AUTON VARAOSAT","potentialAction":[{"@type":"SearchAction","target":{"@type":"EntryPoint","urlTemplate":"https:\/\/autopartscenter24.com\/?s={search_term_string}"},"query-input":{"@type":"PropertyValueSpecification","valueRequired":true,"valueName":"search_term_string"}}],"inLanguage":"sv-SE"}]}},"_links":{"self":[{"href":"https:\/\/autopartscenter24.com\/sv\/wp-json\/wp\/v2\/product\/5513","targetHints":{"allow":["GET"]}}],"collection":[{"href":"https:\/\/autopartscenter24.com\/sv\/wp-json\/wp\/v2\/product"}],"about":[{"href":"https:\/\/autopartscenter24.com\/sv\/wp-json\/wp\/v2\/types\/product"}],"wp:featuredmedia":[{"embeddable":true,"href":"https:\/\/autopartscenter24.com\/sv\/wp-json\/wp\/v2\/media\/4521"}],"wp:attachment":[{"href":"https:\/\/autopartscenter24.com\/sv\/wp-json\/wp\/v2\/media?parent=5513"}],"wp:term":[{"taxonomy":"product_brand","embeddable":true,"href":"https:\/\/autopartscenter24.com\/sv\/wp-json\/wp\/v2\/product_brand?post=5513"},{"taxonomy":"product_cat","embeddable":true,"href":"https:\/\/autopartscenter24.com\/sv\/wp-json\/wp\/v2\/product_cat?post=5513"},{"taxonomy":"product_tag","embeddable":true,"href":"https:\/\/autopartscenter24.com\/sv\/wp-json\/wp\/v2\/product_tag?post=5513"}],"curies":[{"name":"wp","href":"https:\/\/api.w.org\/{rel}","templated":true}]}}