{"id":5512,"date":"2023-03-05T17:17:26","date_gmt":"2023-11-26T16:53:56","guid":{"rendered":"https:\/\/autopartscenter24.com\/product\/1-6-cmx-cmxa-motor-esim-golf-octavia-leon-altea\/"},"modified":"2023-11-26T17:53:56","modified_gmt":"2023-11-26T16:53:56","slug":"1-6-cmx-cmxa-motor-octavia-leon-altea","status":"publish","type":"product","link":"https:\/\/autopartscenter24.com\/sv\/auton-varaosat\/1-6-cmx-cmxa-motor-octavia-leon-altea\/","title":{"rendered":"1.6 &#8221;CMX, CMXA&#8221; Motor [esim. Golf, Octavia, Leon, Altea]"},"content":{"rendered":"<p><strong>Volkswagens 1,6-litersmotor (motorkod: CMX, CMXA) \u00e4r en fyrcylindrig bensinmotor utvecklad och tillverkad av Volkswagen-koncernen.<\/strong> Motorn \u00e4r utrustad med en kompressor, vilket ger den en extra boost och f\u00f6rb\u00e4ttrar dess prestanda.<\/p>\n<p>CMX-motorns vevaxel \u00e4r gjord av st\u00e5l och har fem lagerhus som s\u00e4kerst\u00e4ller en l\u00e5ng motorlivsl\u00e4ngd. Motorcylindrarna \u00e4r gjorda av gjutj\u00e4rn och har rektangul\u00e4ra h\u00e5l, vilket ger motorn b\u00e4ttre styvhet och stabilitet. Antalet ventiler i motorn \u00e4r 16, och de \u00e4r monterade p\u00e5 tv\u00e5 kamaxlar, som styrs av en remskiva. Denna konstruktionsmetod f\u00f6rb\u00e4ttrar motorns br\u00e4nsleekonomi och minskar utsl\u00e4ppen.<\/p>\n<p>Den maximala effekten f\u00f6r CMX-motorn \u00e4r 77 kW och det maximala vridmomentet \u00e4r 155 Nm. Motorns maximala varvtal \u00e4r 6000 r\/min. Motorns kombinerade br\u00e4nslef\u00f6rbrukning \u00e4r cirka 6,5 \u200b\u200bliter\/100 km och CO2-utsl\u00e4ppen \u00e4r cirka 150 g\/km.<\/p>\n<p>I alla dessa bilar har CMX-motorn varit standardutrustning och har gett bra prestanda och br\u00e4nsleekonomi. Motorns effektivitet och tillf\u00f6rlitlighet har gjort den till ett popul\u00e4rt alternativ i m\u00e5nga Volkswagen Group-bilar.<\/p>\n","protected":false},"excerpt":{"rendered":"<p>CMX-motorn har anv\u00e4nts i flera Volkswagen Group-bilar under olika \u00e5r. Nedan \u00e4r en lista \u00f6ver bilar och modeller d\u00e4r CMX-motorn har anv\u00e4nts:<\/p>\n<ul>\n<li>Volkswagen Golf (2009-2012)<\/li>\n<li>Volkswagen Jetta (2011-2018)<\/li>\n<li>Volkswagen Passat (2008-2010)<\/li>\n<li>Volkswagen Touran (2010-2015)<\/li>\n<\/ul>\n","protected":false},"featured_media":4526,"template":"","meta":[],"product_brand":[],"product_cat":[469],"product_tag":[473,668,475,476],"class_list":{"0":"post-5512","1":"product","2":"type-product","3":"status-publish","4":"has-post-thumbnail","6":"product_cat-vw-sv","7":"product_tag-golf-sv","8":"product_tag-jetta-sv","9":"product_tag-passat-sv","10":"product_tag-touran-sv","11":"pa_varaosan-osasto-motor","14":"first","15":"instock","16":"shipping-taxable","17":"product-type-simple"},"yoast_head":"<!-- This site is optimized with the Yoast SEO plugin v26.8 - https:\/\/yoast.com\/product\/yoast-seo-wordpress\/ -->\n<title>1.6 &quot;CMX, CMXA&quot; Motor [esim. Golf, Octavia, Leon, Altea]<\/title>\n<meta name=\"description\" content=\"CMX-motorn har anv\u00e4nts i flera Volkswagen Group-bilar under olika \u00e5r. Nedan \u00e4r en lista \u00f6ver bilar och modeller d\u00e4r CMX-motorn har anv\u00e4nts: Volkswagen Golf (2009-2012) Volkswagen Jetta (2011-2018) Volkswagen Passat (2008-2010) Volkswagen Touran (2010-2015)\" \/>\n<meta name=\"robots\" content=\"index, follow, max-snippet:-1, max-image-preview:large, max-video-preview:-1\" \/>\n<link rel=\"canonical\" href=\"https:\/\/autopartscenter24.com\/sv\/auton-varaosat\/1-6-cmx-cmxa-moottori-octavia-leon-altea\/\" \/>\n<meta property=\"og:locale\" content=\"sv_SE\" \/>\n<meta property=\"og:type\" content=\"article\" \/>\n<meta property=\"og:title\" content=\"1.6 &quot;CMX, CMXA&quot; Motor [esim. Golf, Octavia, Leon, Altea]\" \/>\n<meta property=\"og:description\" content=\"CMX-motorn har anv\u00e4nts i flera Volkswagen Group-bilar under olika \u00e5r. Nedan \u00e4r en lista \u00f6ver bilar och modeller d\u00e4r CMX-motorn har anv\u00e4nts: Volkswagen Golf (2009-2012) Volkswagen Jetta (2011-2018) Volkswagen Passat (2008-2010) Volkswagen Touran (2010-2015)\" \/>\n<meta property=\"og:url\" content=\"https:\/\/autopartscenter24.com\/sv\/auton-varaosat\/1-6-cmx-cmxa-moottori-octavia-leon-altea\/\" \/>\n<meta property=\"og:site_name\" content=\"Autopartscenter24\" \/>\n<meta property=\"og:image\" content=\"https:\/\/autopartscenter24.com\/wp-content\/uploads\/2023\/03\/1-6-cmx-cmxa-moottori-octavia-leon-altea.webp\" \/>\n\t<meta property=\"og:image:width\" content=\"800\" \/>\n\t<meta property=\"og:image:height\" content=\"600\" \/>\n\t<meta property=\"og:image:type\" content=\"image\/webp\" \/>\n<meta name=\"twitter:card\" content=\"summary_large_image\" \/>\n<meta name=\"twitter:label1\" content=\"Ber\u00e4knad l\u00e4stid\" \/>\n\t<meta name=\"twitter:data1\" content=\"1 minut\" \/>\n<script type=\"application\/ld+json\" class=\"yoast-schema-graph\">{\"@context\":\"https:\/\/schema.org\",\"@graph\":[{\"@type\":\"WebPage\",\"@id\":\"https:\/\/autopartscenter24.com\/auton-varaosat\/1-6-cmx-cmxa-moottori-octavia-leon-altea\/\",\"url\":\"https:\/\/autopartscenter24.com\/auton-varaosat\/1-6-cmx-cmxa-moottori-octavia-leon-altea\/\",\"name\":\"1.6 \\\"CMX, CMXA\\\" Motor [esim. Golf, Octavia, Leon, Altea]\",\"isPartOf\":{\"@id\":\"https:\/\/autopartscenter24.com\/#website\"},\"primaryImageOfPage\":{\"@id\":\"https:\/\/autopartscenter24.com\/auton-varaosat\/1-6-cmx-cmxa-moottori-octavia-leon-altea\/#primaryimage\"},\"image\":{\"@id\":\"https:\/\/autopartscenter24.com\/auton-varaosat\/1-6-cmx-cmxa-moottori-octavia-leon-altea\/#primaryimage\"},\"thumbnailUrl\":\"https:\/\/autopartscenter24.com\/wp-content\/uploads\/2023\/03\/1-6-cmx-cmxa-moottori-octavia-leon-altea.webp\",\"datePublished\":\"2023-11-26T16:53:56+00:00\",\"description\":\"CMX-motorn har anv\u00e4nts i flera Volkswagen Group-bilar under olika \u00e5r. Nedan \u00e4r en lista \u00f6ver bilar och modeller d\u00e4r CMX-motorn har anv\u00e4nts: Volkswagen Golf (2009-2012) Volkswagen Jetta (2011-2018) Volkswagen Passat (2008-2010) Volkswagen Touran (2010-2015)\",\"breadcrumb\":{\"@id\":\"https:\/\/autopartscenter24.com\/auton-varaosat\/1-6-cmx-cmxa-moottori-octavia-leon-altea\/#breadcrumb\"},\"inLanguage\":\"sv-SE\",\"potentialAction\":[{\"@type\":\"ReadAction\",\"target\":[\"https:\/\/autopartscenter24.com\/auton-varaosat\/1-6-cmx-cmxa-moottori-octavia-leon-altea\/\"]}]},{\"@type\":\"ImageObject\",\"inLanguage\":\"sv-SE\",\"@id\":\"https:\/\/autopartscenter24.com\/auton-varaosat\/1-6-cmx-cmxa-moottori-octavia-leon-altea\/#primaryimage\",\"url\":\"https:\/\/autopartscenter24.com\/wp-content\/uploads\/2023\/03\/1-6-cmx-cmxa-moottori-octavia-leon-altea.webp\",\"contentUrl\":\"https:\/\/autopartscenter24.com\/wp-content\/uploads\/2023\/03\/1-6-cmx-cmxa-moottori-octavia-leon-altea.webp\",\"width\":800,\"height\":600},{\"@type\":\"BreadcrumbList\",\"@id\":\"https:\/\/autopartscenter24.com\/auton-varaosat\/1-6-cmx-cmxa-moottori-octavia-leon-altea\/#breadcrumb\",\"itemListElement\":[{\"@type\":\"ListItem\",\"position\":1,\"name\":\"Hem\",\"item\":\"https:\/\/aliceblue-termite-662564.hostingersite.com\/\"},{\"@type\":\"ListItem\",\"position\":2,\"name\":\"Auton varaosat\",\"item\":\"https:\/\/aliceblue-termite-662564.hostingersite.com\/auton-varaosat\/\"},{\"@type\":\"ListItem\",\"position\":3,\"name\":\"1.6 &#8221;CMX, CMXA&#8221; Motor [esim. Golf, Octavia, Leon, Altea]\"}]},{\"@type\":\"WebSite\",\"@id\":\"https:\/\/autopartscenter24.com\/#website\",\"url\":\"https:\/\/autopartscenter24.com\/\",\"name\":\"Autopartscenter24\",\"description\":\"K\u00c4YTETYT JA KUNNOSTETUT  AUTON VARAOSAT\",\"potentialAction\":[{\"@type\":\"SearchAction\",\"target\":{\"@type\":\"EntryPoint\",\"urlTemplate\":\"https:\/\/autopartscenter24.com\/?s={search_term_string}\"},\"query-input\":{\"@type\":\"PropertyValueSpecification\",\"valueRequired\":true,\"valueName\":\"search_term_string\"}}],\"inLanguage\":\"sv-SE\"}]}<\/script>\n<!-- \/ Yoast SEO plugin. -->","yoast_head_json":{"title":"1.6 \"CMX, CMXA\" Motor [esim. Golf, Octavia, Leon, Altea]","description":"CMX-motorn har anv\u00e4nts i flera Volkswagen Group-bilar under olika \u00e5r. Nedan \u00e4r en lista \u00f6ver bilar och modeller d\u00e4r CMX-motorn har anv\u00e4nts: Volkswagen Golf (2009-2012) Volkswagen Jetta (2011-2018) Volkswagen Passat (2008-2010) Volkswagen Touran (2010-2015)","robots":{"index":"index","follow":"follow","max-snippet":"max-snippet:-1","max-image-preview":"max-image-preview:large","max-video-preview":"max-video-preview:-1"},"canonical":"https:\/\/autopartscenter24.com\/sv\/auton-varaosat\/1-6-cmx-cmxa-moottori-octavia-leon-altea\/","og_locale":"sv_SE","og_type":"article","og_title":"1.6 \"CMX, CMXA\" Motor [esim. Golf, Octavia, Leon, Altea]","og_description":"CMX-motorn har anv\u00e4nts i flera Volkswagen Group-bilar under olika \u00e5r. Nedan \u00e4r en lista \u00f6ver bilar och modeller d\u00e4r CMX-motorn har anv\u00e4nts: Volkswagen Golf (2009-2012) Volkswagen Jetta (2011-2018) Volkswagen Passat (2008-2010) Volkswagen Touran (2010-2015)","og_url":"https:\/\/autopartscenter24.com\/sv\/auton-varaosat\/1-6-cmx-cmxa-moottori-octavia-leon-altea\/","og_site_name":"Autopartscenter24","og_image":[{"width":800,"height":600,"url":"https:\/\/autopartscenter24.com\/wp-content\/uploads\/2023\/03\/1-6-cmx-cmxa-moottori-octavia-leon-altea.webp","type":"image\/webp"}],"twitter_card":"summary_large_image","twitter_misc":{"Ber\u00e4knad l\u00e4stid":"1 minut"},"schema":{"@context":"https:\/\/schema.org","@graph":[{"@type":"WebPage","@id":"https:\/\/autopartscenter24.com\/auton-varaosat\/1-6-cmx-cmxa-moottori-octavia-leon-altea\/","url":"https:\/\/autopartscenter24.com\/auton-varaosat\/1-6-cmx-cmxa-moottori-octavia-leon-altea\/","name":"1.6 \"CMX, CMXA\" Motor [esim. Golf, Octavia, Leon, Altea]","isPartOf":{"@id":"https:\/\/autopartscenter24.com\/#website"},"primaryImageOfPage":{"@id":"https:\/\/autopartscenter24.com\/auton-varaosat\/1-6-cmx-cmxa-moottori-octavia-leon-altea\/#primaryimage"},"image":{"@id":"https:\/\/autopartscenter24.com\/auton-varaosat\/1-6-cmx-cmxa-moottori-octavia-leon-altea\/#primaryimage"},"thumbnailUrl":"https:\/\/autopartscenter24.com\/wp-content\/uploads\/2023\/03\/1-6-cmx-cmxa-moottori-octavia-leon-altea.webp","datePublished":"2023-11-26T16:53:56+00:00","description":"CMX-motorn har anv\u00e4nts i flera Volkswagen Group-bilar under olika \u00e5r. Nedan \u00e4r en lista \u00f6ver bilar och modeller d\u00e4r CMX-motorn har anv\u00e4nts: Volkswagen Golf (2009-2012) Volkswagen Jetta (2011-2018) Volkswagen Passat (2008-2010) Volkswagen Touran (2010-2015)","breadcrumb":{"@id":"https:\/\/autopartscenter24.com\/auton-varaosat\/1-6-cmx-cmxa-moottori-octavia-leon-altea\/#breadcrumb"},"inLanguage":"sv-SE","potentialAction":[{"@type":"ReadAction","target":["https:\/\/autopartscenter24.com\/auton-varaosat\/1-6-cmx-cmxa-moottori-octavia-leon-altea\/"]}]},{"@type":"ImageObject","inLanguage":"sv-SE","@id":"https:\/\/autopartscenter24.com\/auton-varaosat\/1-6-cmx-cmxa-moottori-octavia-leon-altea\/#primaryimage","url":"https:\/\/autopartscenter24.com\/wp-content\/uploads\/2023\/03\/1-6-cmx-cmxa-moottori-octavia-leon-altea.webp","contentUrl":"https:\/\/autopartscenter24.com\/wp-content\/uploads\/2023\/03\/1-6-cmx-cmxa-moottori-octavia-leon-altea.webp","width":800,"height":600},{"@type":"BreadcrumbList","@id":"https:\/\/autopartscenter24.com\/auton-varaosat\/1-6-cmx-cmxa-moottori-octavia-leon-altea\/#breadcrumb","itemListElement":[{"@type":"ListItem","position":1,"name":"Hem","item":"https:\/\/aliceblue-termite-662564.hostingersite.com\/"},{"@type":"ListItem","position":2,"name":"Auton varaosat","item":"https:\/\/aliceblue-termite-662564.hostingersite.com\/auton-varaosat\/"},{"@type":"ListItem","position":3,"name":"1.6 &#8221;CMX, CMXA&#8221; Motor [esim. Golf, Octavia, Leon, Altea]"}]},{"@type":"WebSite","@id":"https:\/\/autopartscenter24.com\/#website","url":"https:\/\/autopartscenter24.com\/","name":"Autopartscenter24","description":"K\u00c4YTETYT JA KUNNOSTETUT  AUTON VARAOSAT","potentialAction":[{"@type":"SearchAction","target":{"@type":"EntryPoint","urlTemplate":"https:\/\/autopartscenter24.com\/?s={search_term_string}"},"query-input":{"@type":"PropertyValueSpecification","valueRequired":true,"valueName":"search_term_string"}}],"inLanguage":"sv-SE"}]}},"_links":{"self":[{"href":"https:\/\/autopartscenter24.com\/sv\/wp-json\/wp\/v2\/product\/5512","targetHints":{"allow":["GET"]}}],"collection":[{"href":"https:\/\/autopartscenter24.com\/sv\/wp-json\/wp\/v2\/product"}],"about":[{"href":"https:\/\/autopartscenter24.com\/sv\/wp-json\/wp\/v2\/types\/product"}],"wp:featuredmedia":[{"embeddable":true,"href":"https:\/\/autopartscenter24.com\/sv\/wp-json\/wp\/v2\/media\/4526"}],"wp:attachment":[{"href":"https:\/\/autopartscenter24.com\/sv\/wp-json\/wp\/v2\/media?parent=5512"}],"wp:term":[{"taxonomy":"product_brand","embeddable":true,"href":"https:\/\/autopartscenter24.com\/sv\/wp-json\/wp\/v2\/product_brand?post=5512"},{"taxonomy":"product_cat","embeddable":true,"href":"https:\/\/autopartscenter24.com\/sv\/wp-json\/wp\/v2\/product_cat?post=5512"},{"taxonomy":"product_tag","embeddable":true,"href":"https:\/\/autopartscenter24.com\/sv\/wp-json\/wp\/v2\/product_tag?post=5512"}],"curies":[{"name":"wp","href":"https:\/\/api.w.org\/{rel}","templated":true}]}}