{"id":5511,"date":"2023-03-05T17:22:31","date_gmt":"2023-11-26T16:51:41","guid":{"rendered":"https:\/\/autopartscenter24.com\/product\/1-6-tdi-clh-motor-esim-golf-passat-polo-leon-octavia\/"},"modified":"2023-11-26T17:51:41","modified_gmt":"2023-11-26T16:51:41","slug":"1-6-tdi-clh-motor-golf-passat-polo-leon-octavia","status":"publish","type":"product","link":"https:\/\/autopartscenter24.com\/sv\/auton-varaosat\/1-6-tdi-clh-motor-golf-passat-polo-leon-octavia\/","title":{"rendered":"1.6 TDI &#8221;CLH&#8221; Motor [esim. Golf, Passat, Polo, Leon, Octavia]"},"content":{"rendered":"<p><strong>Volkswagens 1,6 TDI-motor (motorkod: CLH) \u00e4r en dieselmotor speciellt framtagen f\u00f6r anv\u00e4ndning i personbilar.<\/strong> Motoreffekten \u00e4r 77 kW (105 hk) och vridmomentet \u00e4r 250 Nm. Motorn \u00e4r utrustad med fyra cylindrar och anv\u00e4nder Common Rail direktinsprutningsteknik, vilket g\u00f6r den mycket effektiv och ekonomisk.<\/p>\n<p>Karossen p\u00e5 1,6 TDI-motorn \u00e4r tillverkad av mycket h\u00e5llbart gjutj\u00e4rn och \u00e4r utrustad med m\u00e5nga innovativa tekniska funktioner, s\u00e5som avgasr\u00f6rscirkulation och ett partikelfilter. Motorn \u00e4r ocks\u00e5 utrustad med en turboladdare, tack vare vilken den erbjuder utm\u00e4rkt acceleration och prestanda.<\/p>\n<p>I konstruktionen av 1,6 TDI-motorn har s\u00e4rskild uppm\u00e4rksamhet \u00e4gnats \u00e5t br\u00e4nslef\u00f6rbrukning och utsl\u00e4pp. Motorns partikelutsl\u00e4pp \u00e4r mycket l\u00e5ga och den uppfyller Euro 5-emissionsnormerna. Motorn \u00e4r ocks\u00e5 mycket ekonomisk, med en sammanlagd br\u00e4nslef\u00f6rbrukning p\u00e5 cirka 4,5 liter per hundra kilometer.<\/p>\n<p>Motorn anv\u00e4nds i flera Volkswagen personbilsmodeller, som Golf, Jetta, Passat och Polo. Motorn anv\u00e4nds \u00e4ven i andra bilm\u00e4rken, som Skoda och SEAT.<\/p>\n<p>Dessa bilar \u00e4r mycket popul\u00e4ra bland konsumenterna, och anv\u00e4ndningen av 1,6 TDI-motorn i dem s\u00e4kerst\u00e4ller god br\u00e4nsleekonomi och l\u00e5ga utsl\u00e4pp.<\/p>\n","protected":false},"excerpt":{"rendered":"<p>1.6 TDI (motorkod: CLH) motoranv\u00e4ndning:<\/p>\n<ul>\n<li>Volkswagen Golf (2009-2013)<\/li>\n<li>Volkswagen Jetta (2011-2014)<\/li>\n<li>Volkswagen Passat (2010-2014)<\/li>\n<li>Volkswagen Polo (2010-2014)<\/li>\n<li>SEAT Leon (2009-2012)<\/li>\n<li>Skoda Octavia (2009-2012)<\/li>\n<\/ul>\n","protected":false},"featured_media":4531,"template":"","meta":[],"product_brand":[],"product_cat":[471,470,469],"product_tag":[473,668,656,474,666],"class_list":{"0":"post-5511","1":"product","2":"type-product","3":"status-publish","4":"has-post-thumbnail","6":"product_cat-seat-sv","7":"product_cat-skoda-sv","8":"product_cat-vw-sv","9":"product_tag-golf-sv","10":"product_tag-jetta-sv","11":"product_tag-leon-sv","12":"product_tag-octavia-sv","13":"product_tag-polo-sv","16":"first","17":"instock","18":"shipping-taxable","19":"product-type-simple"},"yoast_head":"<!-- This site is optimized with the Yoast SEO plugin v26.8 - https:\/\/yoast.com\/product\/yoast-seo-wordpress\/ -->\n<title>1.6 TDI &quot;CLH&quot; Motor [esim. Golf, Passat, Polo, Leon, Octavia]<\/title>\n<meta name=\"description\" content=\"En av de motorer som vi ofta har tillg\u00e4ngliga. Skicka en f\u00f6rfr\u00e5gan och f\u00e5 en offert inom 24 timmar. Motorer, v\u00e4xell\u00e5dor och andra bildelar under garanti.\" \/>\n<meta name=\"robots\" content=\"index, follow, max-snippet:-1, max-image-preview:large, max-video-preview:-1\" \/>\n<link rel=\"canonical\" href=\"https:\/\/autopartscenter24.com\/sv\/auton-varaosat\/1-6-tdi-clh-moottori-golf-passat-polo-leon-octavia\/\" \/>\n<meta property=\"og:locale\" content=\"sv_SE\" \/>\n<meta property=\"og:type\" content=\"article\" \/>\n<meta property=\"og:title\" content=\"1.6 TDI &quot;CLH&quot; Motor [esim. Golf, Passat, Polo, Leon, Octavia]\" \/>\n<meta property=\"og:description\" content=\"En av de motorer som vi ofta har tillg\u00e4ngliga. Skicka en f\u00f6rfr\u00e5gan och f\u00e5 en offert inom 24 timmar. Motorer, v\u00e4xell\u00e5dor och andra bildelar under garanti.\" \/>\n<meta property=\"og:url\" content=\"https:\/\/autopartscenter24.com\/sv\/auton-varaosat\/1-6-tdi-clh-moottori-golf-passat-polo-leon-octavia\/\" \/>\n<meta property=\"og:site_name\" content=\"Autopartscenter24\" \/>\n<meta property=\"og:image\" content=\"https:\/\/autopartscenter24.com\/wp-content\/uploads\/2023\/03\/1-6-tdi-clh-moottori-golf-passat-polo-leon-octavia.webp\" \/>\n\t<meta property=\"og:image:width\" content=\"800\" \/>\n\t<meta property=\"og:image:height\" content=\"600\" \/>\n\t<meta property=\"og:image:type\" content=\"image\/webp\" \/>\n<meta name=\"twitter:card\" content=\"summary_large_image\" \/>\n<meta name=\"twitter:label1\" content=\"Ber\u00e4knad l\u00e4stid\" \/>\n\t<meta name=\"twitter:data1\" content=\"1 minut\" \/>\n<script type=\"application\/ld+json\" class=\"yoast-schema-graph\">{\"@context\":\"https:\/\/schema.org\",\"@graph\":[{\"@type\":\"WebPage\",\"@id\":\"https:\/\/autopartscenter24.com\/auton-varaosat\/1-6-tdi-clh-moottori-golf-passat-polo-leon-octavia\/\",\"url\":\"https:\/\/autopartscenter24.com\/auton-varaosat\/1-6-tdi-clh-moottori-golf-passat-polo-leon-octavia\/\",\"name\":\"1.6 TDI \\\"CLH\\\" Motor [esim. Golf, Passat, Polo, Leon, Octavia]\",\"isPartOf\":{\"@id\":\"https:\/\/autopartscenter24.com\/#website\"},\"primaryImageOfPage\":{\"@id\":\"https:\/\/autopartscenter24.com\/auton-varaosat\/1-6-tdi-clh-moottori-golf-passat-polo-leon-octavia\/#primaryimage\"},\"image\":{\"@id\":\"https:\/\/autopartscenter24.com\/auton-varaosat\/1-6-tdi-clh-moottori-golf-passat-polo-leon-octavia\/#primaryimage\"},\"thumbnailUrl\":\"https:\/\/autopartscenter24.com\/wp-content\/uploads\/2023\/03\/1-6-tdi-clh-moottori-golf-passat-polo-leon-octavia.webp\",\"datePublished\":\"2023-11-26T16:51:41+00:00\",\"description\":\"En av de motorer som vi ofta har tillg\u00e4ngliga. Skicka en f\u00f6rfr\u00e5gan och f\u00e5 en offert inom 24 timmar. Motorer, v\u00e4xell\u00e5dor och andra bildelar under garanti.\",\"breadcrumb\":{\"@id\":\"https:\/\/autopartscenter24.com\/auton-varaosat\/1-6-tdi-clh-moottori-golf-passat-polo-leon-octavia\/#breadcrumb\"},\"inLanguage\":\"sv-SE\",\"potentialAction\":[{\"@type\":\"ReadAction\",\"target\":[\"https:\/\/autopartscenter24.com\/auton-varaosat\/1-6-tdi-clh-moottori-golf-passat-polo-leon-octavia\/\"]}]},{\"@type\":\"ImageObject\",\"inLanguage\":\"sv-SE\",\"@id\":\"https:\/\/autopartscenter24.com\/auton-varaosat\/1-6-tdi-clh-moottori-golf-passat-polo-leon-octavia\/#primaryimage\",\"url\":\"https:\/\/autopartscenter24.com\/wp-content\/uploads\/2023\/03\/1-6-tdi-clh-moottori-golf-passat-polo-leon-octavia.webp\",\"contentUrl\":\"https:\/\/autopartscenter24.com\/wp-content\/uploads\/2023\/03\/1-6-tdi-clh-moottori-golf-passat-polo-leon-octavia.webp\",\"width\":800,\"height\":600},{\"@type\":\"BreadcrumbList\",\"@id\":\"https:\/\/autopartscenter24.com\/auton-varaosat\/1-6-tdi-clh-moottori-golf-passat-polo-leon-octavia\/#breadcrumb\",\"itemListElement\":[{\"@type\":\"ListItem\",\"position\":1,\"name\":\"Hem\",\"item\":\"https:\/\/aliceblue-termite-662564.hostingersite.com\/\"},{\"@type\":\"ListItem\",\"position\":2,\"name\":\"Auton varaosat\",\"item\":\"https:\/\/aliceblue-termite-662564.hostingersite.com\/auton-varaosat\/\"},{\"@type\":\"ListItem\",\"position\":3,\"name\":\"1.6 TDI &#8221;CLH&#8221; Motor [esim. Golf, Passat, Polo, Leon, Octavia]\"}]},{\"@type\":\"WebSite\",\"@id\":\"https:\/\/autopartscenter24.com\/#website\",\"url\":\"https:\/\/autopartscenter24.com\/\",\"name\":\"Autopartscenter24\",\"description\":\"K\u00c4YTETYT JA KUNNOSTETUT  AUTON VARAOSAT\",\"potentialAction\":[{\"@type\":\"SearchAction\",\"target\":{\"@type\":\"EntryPoint\",\"urlTemplate\":\"https:\/\/autopartscenter24.com\/?s={search_term_string}\"},\"query-input\":{\"@type\":\"PropertyValueSpecification\",\"valueRequired\":true,\"valueName\":\"search_term_string\"}}],\"inLanguage\":\"sv-SE\"}]}<\/script>\n<!-- \/ Yoast SEO plugin. -->","yoast_head_json":{"title":"1.6 TDI \"CLH\" Motor [esim. Golf, Passat, Polo, Leon, Octavia]","description":"En av de motorer som vi ofta har tillg\u00e4ngliga. Skicka en f\u00f6rfr\u00e5gan och f\u00e5 en offert inom 24 timmar. Motorer, v\u00e4xell\u00e5dor och andra bildelar under garanti.","robots":{"index":"index","follow":"follow","max-snippet":"max-snippet:-1","max-image-preview":"max-image-preview:large","max-video-preview":"max-video-preview:-1"},"canonical":"https:\/\/autopartscenter24.com\/sv\/auton-varaosat\/1-6-tdi-clh-moottori-golf-passat-polo-leon-octavia\/","og_locale":"sv_SE","og_type":"article","og_title":"1.6 TDI \"CLH\" Motor [esim. Golf, Passat, Polo, Leon, Octavia]","og_description":"En av de motorer som vi ofta har tillg\u00e4ngliga. Skicka en f\u00f6rfr\u00e5gan och f\u00e5 en offert inom 24 timmar. Motorer, v\u00e4xell\u00e5dor och andra bildelar under garanti.","og_url":"https:\/\/autopartscenter24.com\/sv\/auton-varaosat\/1-6-tdi-clh-moottori-golf-passat-polo-leon-octavia\/","og_site_name":"Autopartscenter24","og_image":[{"width":800,"height":600,"url":"https:\/\/autopartscenter24.com\/wp-content\/uploads\/2023\/03\/1-6-tdi-clh-moottori-golf-passat-polo-leon-octavia.webp","type":"image\/webp"}],"twitter_card":"summary_large_image","twitter_misc":{"Ber\u00e4knad l\u00e4stid":"1 minut"},"schema":{"@context":"https:\/\/schema.org","@graph":[{"@type":"WebPage","@id":"https:\/\/autopartscenter24.com\/auton-varaosat\/1-6-tdi-clh-moottori-golf-passat-polo-leon-octavia\/","url":"https:\/\/autopartscenter24.com\/auton-varaosat\/1-6-tdi-clh-moottori-golf-passat-polo-leon-octavia\/","name":"1.6 TDI \"CLH\" Motor [esim. Golf, Passat, Polo, Leon, Octavia]","isPartOf":{"@id":"https:\/\/autopartscenter24.com\/#website"},"primaryImageOfPage":{"@id":"https:\/\/autopartscenter24.com\/auton-varaosat\/1-6-tdi-clh-moottori-golf-passat-polo-leon-octavia\/#primaryimage"},"image":{"@id":"https:\/\/autopartscenter24.com\/auton-varaosat\/1-6-tdi-clh-moottori-golf-passat-polo-leon-octavia\/#primaryimage"},"thumbnailUrl":"https:\/\/autopartscenter24.com\/wp-content\/uploads\/2023\/03\/1-6-tdi-clh-moottori-golf-passat-polo-leon-octavia.webp","datePublished":"2023-11-26T16:51:41+00:00","description":"En av de motorer som vi ofta har tillg\u00e4ngliga. Skicka en f\u00f6rfr\u00e5gan och f\u00e5 en offert inom 24 timmar. Motorer, v\u00e4xell\u00e5dor och andra bildelar under garanti.","breadcrumb":{"@id":"https:\/\/autopartscenter24.com\/auton-varaosat\/1-6-tdi-clh-moottori-golf-passat-polo-leon-octavia\/#breadcrumb"},"inLanguage":"sv-SE","potentialAction":[{"@type":"ReadAction","target":["https:\/\/autopartscenter24.com\/auton-varaosat\/1-6-tdi-clh-moottori-golf-passat-polo-leon-octavia\/"]}]},{"@type":"ImageObject","inLanguage":"sv-SE","@id":"https:\/\/autopartscenter24.com\/auton-varaosat\/1-6-tdi-clh-moottori-golf-passat-polo-leon-octavia\/#primaryimage","url":"https:\/\/autopartscenter24.com\/wp-content\/uploads\/2023\/03\/1-6-tdi-clh-moottori-golf-passat-polo-leon-octavia.webp","contentUrl":"https:\/\/autopartscenter24.com\/wp-content\/uploads\/2023\/03\/1-6-tdi-clh-moottori-golf-passat-polo-leon-octavia.webp","width":800,"height":600},{"@type":"BreadcrumbList","@id":"https:\/\/autopartscenter24.com\/auton-varaosat\/1-6-tdi-clh-moottori-golf-passat-polo-leon-octavia\/#breadcrumb","itemListElement":[{"@type":"ListItem","position":1,"name":"Hem","item":"https:\/\/aliceblue-termite-662564.hostingersite.com\/"},{"@type":"ListItem","position":2,"name":"Auton varaosat","item":"https:\/\/aliceblue-termite-662564.hostingersite.com\/auton-varaosat\/"},{"@type":"ListItem","position":3,"name":"1.6 TDI &#8221;CLH&#8221; Motor [esim. Golf, Passat, Polo, Leon, Octavia]"}]},{"@type":"WebSite","@id":"https:\/\/autopartscenter24.com\/#website","url":"https:\/\/autopartscenter24.com\/","name":"Autopartscenter24","description":"K\u00c4YTETYT JA KUNNOSTETUT  AUTON VARAOSAT","potentialAction":[{"@type":"SearchAction","target":{"@type":"EntryPoint","urlTemplate":"https:\/\/autopartscenter24.com\/?s={search_term_string}"},"query-input":{"@type":"PropertyValueSpecification","valueRequired":true,"valueName":"search_term_string"}}],"inLanguage":"sv-SE"}]}},"_links":{"self":[{"href":"https:\/\/autopartscenter24.com\/sv\/wp-json\/wp\/v2\/product\/5511","targetHints":{"allow":["GET"]}}],"collection":[{"href":"https:\/\/autopartscenter24.com\/sv\/wp-json\/wp\/v2\/product"}],"about":[{"href":"https:\/\/autopartscenter24.com\/sv\/wp-json\/wp\/v2\/types\/product"}],"wp:featuredmedia":[{"embeddable":true,"href":"https:\/\/autopartscenter24.com\/sv\/wp-json\/wp\/v2\/media\/4531"}],"wp:attachment":[{"href":"https:\/\/autopartscenter24.com\/sv\/wp-json\/wp\/v2\/media?parent=5511"}],"wp:term":[{"taxonomy":"product_brand","embeddable":true,"href":"https:\/\/autopartscenter24.com\/sv\/wp-json\/wp\/v2\/product_brand?post=5511"},{"taxonomy":"product_cat","embeddable":true,"href":"https:\/\/autopartscenter24.com\/sv\/wp-json\/wp\/v2\/product_cat?post=5511"},{"taxonomy":"product_tag","embeddable":true,"href":"https:\/\/autopartscenter24.com\/sv\/wp-json\/wp\/v2\/product_tag?post=5511"}],"curies":[{"name":"wp","href":"https:\/\/api.w.org\/{rel}","templated":true}]}}