{"id":5510,"date":"2023-03-05T17:27:21","date_gmt":"2023-11-26T16:48:54","guid":{"rendered":"https:\/\/autopartscenter24.com\/product\/2-5-n52b25-motor-esim-bmw-3-e46\/"},"modified":"2023-11-26T17:48:54","modified_gmt":"2023-11-26T16:48:54","slug":"2-5-256s5-n54b25-motor-bmw-e46","status":"publish","type":"product","link":"https:\/\/autopartscenter24.com\/sv\/auton-varaosat\/2-5-256s5-n54b25-motor-bmw-e46\/","title":{"rendered":"2.5 &#8221;N52B25&#8221; Motor [esim. BMW 3 E46]"},"content":{"rendered":"<p><strong>BMW E46 2.5 (motorkod: N54B25)<\/strong> \u00e4r en bensinmotor tillverkad av BMW som anv\u00e4ndes i flera E46 3-seriemodeller. Motorn har en cylindervolym p\u00e5 2494 cm\u00b3 och ger en effekt p\u00e5 cirka 192 hk (141 kW) och ett vridmoment p\u00e5 245 Nm. Motorn \u00e4r utrustad med dubbelturbo och den n\u00e5r sitt maximala vridmoment redan vid 2000 varv per minut. Motorns prestanda \u00e4r mycket bra och den accelererar fr\u00e5n 0-100 km\/h p\u00e5 cirka 6,5 \u200b\u200bsekunder.<\/p>\n<p>De tekniska egenskaperna hos N54B25-motorn \u00e4r imponerande. Motorn har tv\u00e5 turbo som f\u00f6rb\u00e4ttrar motorns prestanda och br\u00e4nsleekonomi. Det dubbla turbosystemet fungerar p\u00e5 s\u00e5 s\u00e4tt att den mindre turbon laddas f\u00f6rst, vilket g\u00f6r att den st\u00f6rre turbon laddas utan fl\u00f6de. Detta system f\u00f6rb\u00e4ttrar avsev\u00e4rt motorns svarstid och vridmoment vid l\u00e5ga varv. Motorn har \u00e4ven ett direktinsprutningssystem som f\u00f6rb\u00e4ttrar br\u00e4nsleekonomin och minskar utsl\u00e4ppen.<\/p>\n<p>N54B25-motorn \u00e4r v\u00e4ldesignad och dess komponenter \u00e4r av h\u00f6g kvalitet. Aluminium och magnesium anv\u00e4nds i motorstrukturen, vilket minskar vikten och f\u00f6rb\u00e4ttrar motorkylningen. Motork\u00e5porna har ocks\u00e5 ett mycket h\u00e5llbart Vanos ventillyftsystem som f\u00f6rb\u00e4ttrar motorns prestanda och minskar utsl\u00e4ppen.<\/p>\n<p>BMW E46 2.5-motorn (N54B25) \u00e4r en mycket kapabel och tekniskt avancerad motor som erbjuder utm\u00e4rkt kraft och vridmoment, vilket g\u00f6r den mycket popul\u00e4r bland bilentusiaster. Motorns h\u00f6gkvalitativa komponenter och innovativa design g\u00f6r den till ett p\u00e5litligt och h\u00e5llbart val.<\/p>\n","protected":false},"excerpt":{"rendered":"<p>BMW E46 2.5-motorn anv\u00e4ndes i m\u00e5nga E46 3-seriemodeller. N\u00e5gra exempel inkluderar BMW 325i, 325xi och 325Ci. N54B25-motorn anv\u00e4ndes \u00e4ven i BMW:s X3- och Z4-modeller.<\/p>\n","protected":false},"featured_media":4536,"template":"","meta":[],"product_brand":[],"product_cat":[537],"product_tag":[731],"class_list":{"0":"post-5510","1":"product","2":"type-product","3":"status-publish","4":"has-post-thumbnail","6":"product_cat-bmw-sv","7":"product_tag-3-e46-sv","8":"pa_varaosan-osasto-motor","11":"first","12":"instock","13":"shipping-taxable","14":"product-type-simple"},"yoast_head":"<!-- This site is optimized with the Yoast SEO plugin v26.8 - https:\/\/yoast.com\/product\/yoast-seo-wordpress\/ -->\n<title>2.5 &quot;N52B25&quot; Motor [esim. BMW 3 E46] - Autopartscenter24<\/title>\n<meta name=\"robots\" content=\"index, follow, max-snippet:-1, max-image-preview:large, max-video-preview:-1\" \/>\n<link rel=\"canonical\" href=\"https:\/\/autopartscenter24.com\/sv\/auton-varaosat\/2-5-256s5-n54b25-moottori-bmw-e46\/\" \/>\n<meta property=\"og:locale\" content=\"sv_SE\" \/>\n<meta property=\"og:type\" content=\"article\" \/>\n<meta property=\"og:title\" content=\"2.5 &quot;N52B25&quot; Motor [esim. BMW 3 E46] - Autopartscenter24\" \/>\n<meta property=\"og:description\" content=\"BMW E46 2.5-motorn anv\u00e4ndes i m\u00e5nga E46 3-seriemodeller. N\u00e5gra exempel inkluderar BMW 325i, 325xi och 325Ci. N54B25-motorn anv\u00e4ndes \u00e4ven i BMW:s X3- och Z4-modeller.\" \/>\n<meta property=\"og:url\" content=\"https:\/\/autopartscenter24.com\/sv\/auton-varaosat\/2-5-256s5-n54b25-moottori-bmw-e46\/\" \/>\n<meta property=\"og:site_name\" content=\"Autopartscenter24\" \/>\n<meta property=\"og:image\" content=\"https:\/\/autopartscenter24.com\/wp-content\/uploads\/2023\/03\/2-5-N52B25A-moottori-bmw-5-e60-e61-218hv.webp\" \/>\n\t<meta property=\"og:image:width\" content=\"800\" \/>\n\t<meta property=\"og:image:height\" content=\"600\" \/>\n\t<meta property=\"og:image:type\" content=\"image\/webp\" \/>\n<meta name=\"twitter:card\" content=\"summary_large_image\" \/>\n<meta name=\"twitter:label1\" content=\"Ber\u00e4knad l\u00e4stid\" \/>\n\t<meta name=\"twitter:data1\" content=\"1 minut\" \/>\n<script type=\"application\/ld+json\" class=\"yoast-schema-graph\">{\"@context\":\"https:\/\/schema.org\",\"@graph\":[{\"@type\":\"WebPage\",\"@id\":\"https:\/\/autopartscenter24.com\/auton-varaosat\/2-5-256s5-n54b25-moottori-bmw-e46\/\",\"url\":\"https:\/\/autopartscenter24.com\/auton-varaosat\/2-5-256s5-n54b25-moottori-bmw-e46\/\",\"name\":\"2.5 \\\"N52B25\\\" Motor [esim. BMW 3 E46] - Autopartscenter24\",\"isPartOf\":{\"@id\":\"https:\/\/autopartscenter24.com\/#website\"},\"primaryImageOfPage\":{\"@id\":\"https:\/\/autopartscenter24.com\/auton-varaosat\/2-5-256s5-n54b25-moottori-bmw-e46\/#primaryimage\"},\"image\":{\"@id\":\"https:\/\/autopartscenter24.com\/auton-varaosat\/2-5-256s5-n54b25-moottori-bmw-e46\/#primaryimage\"},\"thumbnailUrl\":\"https:\/\/autopartscenter24.com\/wp-content\/uploads\/2023\/03\/2-5-N52B25A-moottori-bmw-5-e60-e61-218hv.webp\",\"datePublished\":\"2023-11-26T16:48:54+00:00\",\"breadcrumb\":{\"@id\":\"https:\/\/autopartscenter24.com\/auton-varaosat\/2-5-256s5-n54b25-moottori-bmw-e46\/#breadcrumb\"},\"inLanguage\":\"sv-SE\",\"potentialAction\":[{\"@type\":\"ReadAction\",\"target\":[\"https:\/\/autopartscenter24.com\/auton-varaosat\/2-5-256s5-n54b25-moottori-bmw-e46\/\"]}]},{\"@type\":\"ImageObject\",\"inLanguage\":\"sv-SE\",\"@id\":\"https:\/\/autopartscenter24.com\/auton-varaosat\/2-5-256s5-n54b25-moottori-bmw-e46\/#primaryimage\",\"url\":\"https:\/\/autopartscenter24.com\/wp-content\/uploads\/2023\/03\/2-5-N52B25A-moottori-bmw-5-e60-e61-218hv.webp\",\"contentUrl\":\"https:\/\/autopartscenter24.com\/wp-content\/uploads\/2023\/03\/2-5-N52B25A-moottori-bmw-5-e60-e61-218hv.webp\",\"width\":800,\"height\":600},{\"@type\":\"BreadcrumbList\",\"@id\":\"https:\/\/autopartscenter24.com\/auton-varaosat\/2-5-256s5-n54b25-moottori-bmw-e46\/#breadcrumb\",\"itemListElement\":[{\"@type\":\"ListItem\",\"position\":1,\"name\":\"Hem\",\"item\":\"https:\/\/aliceblue-termite-662564.hostingersite.com\/\"},{\"@type\":\"ListItem\",\"position\":2,\"name\":\"Auton varaosat\",\"item\":\"https:\/\/aliceblue-termite-662564.hostingersite.com\/auton-varaosat\/\"},{\"@type\":\"ListItem\",\"position\":3,\"name\":\"2.5 &#8221;N52B25&#8221; Motor [esim. BMW 3 E46]\"}]},{\"@type\":\"WebSite\",\"@id\":\"https:\/\/autopartscenter24.com\/#website\",\"url\":\"https:\/\/autopartscenter24.com\/\",\"name\":\"Autopartscenter24\",\"description\":\"K\u00c4YTETYT JA KUNNOSTETUT  AUTON VARAOSAT\",\"potentialAction\":[{\"@type\":\"SearchAction\",\"target\":{\"@type\":\"EntryPoint\",\"urlTemplate\":\"https:\/\/autopartscenter24.com\/?s={search_term_string}\"},\"query-input\":{\"@type\":\"PropertyValueSpecification\",\"valueRequired\":true,\"valueName\":\"search_term_string\"}}],\"inLanguage\":\"sv-SE\"}]}<\/script>\n<!-- \/ Yoast SEO plugin. -->","yoast_head_json":{"title":"2.5 \"N52B25\" Motor [esim. BMW 3 E46] - Autopartscenter24","robots":{"index":"index","follow":"follow","max-snippet":"max-snippet:-1","max-image-preview":"max-image-preview:large","max-video-preview":"max-video-preview:-1"},"canonical":"https:\/\/autopartscenter24.com\/sv\/auton-varaosat\/2-5-256s5-n54b25-moottori-bmw-e46\/","og_locale":"sv_SE","og_type":"article","og_title":"2.5 \"N52B25\" Motor [esim. BMW 3 E46] - Autopartscenter24","og_description":"BMW E46 2.5-motorn anv\u00e4ndes i m\u00e5nga E46 3-seriemodeller. N\u00e5gra exempel inkluderar BMW 325i, 325xi och 325Ci. N54B25-motorn anv\u00e4ndes \u00e4ven i BMW:s X3- och Z4-modeller.","og_url":"https:\/\/autopartscenter24.com\/sv\/auton-varaosat\/2-5-256s5-n54b25-moottori-bmw-e46\/","og_site_name":"Autopartscenter24","og_image":[{"width":800,"height":600,"url":"https:\/\/autopartscenter24.com\/wp-content\/uploads\/2023\/03\/2-5-N52B25A-moottori-bmw-5-e60-e61-218hv.webp","type":"image\/webp"}],"twitter_card":"summary_large_image","twitter_misc":{"Ber\u00e4knad l\u00e4stid":"1 minut"},"schema":{"@context":"https:\/\/schema.org","@graph":[{"@type":"WebPage","@id":"https:\/\/autopartscenter24.com\/auton-varaosat\/2-5-256s5-n54b25-moottori-bmw-e46\/","url":"https:\/\/autopartscenter24.com\/auton-varaosat\/2-5-256s5-n54b25-moottori-bmw-e46\/","name":"2.5 \"N52B25\" Motor [esim. BMW 3 E46] - Autopartscenter24","isPartOf":{"@id":"https:\/\/autopartscenter24.com\/#website"},"primaryImageOfPage":{"@id":"https:\/\/autopartscenter24.com\/auton-varaosat\/2-5-256s5-n54b25-moottori-bmw-e46\/#primaryimage"},"image":{"@id":"https:\/\/autopartscenter24.com\/auton-varaosat\/2-5-256s5-n54b25-moottori-bmw-e46\/#primaryimage"},"thumbnailUrl":"https:\/\/autopartscenter24.com\/wp-content\/uploads\/2023\/03\/2-5-N52B25A-moottori-bmw-5-e60-e61-218hv.webp","datePublished":"2023-11-26T16:48:54+00:00","breadcrumb":{"@id":"https:\/\/autopartscenter24.com\/auton-varaosat\/2-5-256s5-n54b25-moottori-bmw-e46\/#breadcrumb"},"inLanguage":"sv-SE","potentialAction":[{"@type":"ReadAction","target":["https:\/\/autopartscenter24.com\/auton-varaosat\/2-5-256s5-n54b25-moottori-bmw-e46\/"]}]},{"@type":"ImageObject","inLanguage":"sv-SE","@id":"https:\/\/autopartscenter24.com\/auton-varaosat\/2-5-256s5-n54b25-moottori-bmw-e46\/#primaryimage","url":"https:\/\/autopartscenter24.com\/wp-content\/uploads\/2023\/03\/2-5-N52B25A-moottori-bmw-5-e60-e61-218hv.webp","contentUrl":"https:\/\/autopartscenter24.com\/wp-content\/uploads\/2023\/03\/2-5-N52B25A-moottori-bmw-5-e60-e61-218hv.webp","width":800,"height":600},{"@type":"BreadcrumbList","@id":"https:\/\/autopartscenter24.com\/auton-varaosat\/2-5-256s5-n54b25-moottori-bmw-e46\/#breadcrumb","itemListElement":[{"@type":"ListItem","position":1,"name":"Hem","item":"https:\/\/aliceblue-termite-662564.hostingersite.com\/"},{"@type":"ListItem","position":2,"name":"Auton varaosat","item":"https:\/\/aliceblue-termite-662564.hostingersite.com\/auton-varaosat\/"},{"@type":"ListItem","position":3,"name":"2.5 &#8221;N52B25&#8221; Motor [esim. BMW 3 E46]"}]},{"@type":"WebSite","@id":"https:\/\/autopartscenter24.com\/#website","url":"https:\/\/autopartscenter24.com\/","name":"Autopartscenter24","description":"K\u00c4YTETYT JA KUNNOSTETUT  AUTON VARAOSAT","potentialAction":[{"@type":"SearchAction","target":{"@type":"EntryPoint","urlTemplate":"https:\/\/autopartscenter24.com\/?s={search_term_string}"},"query-input":{"@type":"PropertyValueSpecification","valueRequired":true,"valueName":"search_term_string"}}],"inLanguage":"sv-SE"}]}},"_links":{"self":[{"href":"https:\/\/autopartscenter24.com\/sv\/wp-json\/wp\/v2\/product\/5510","targetHints":{"allow":["GET"]}}],"collection":[{"href":"https:\/\/autopartscenter24.com\/sv\/wp-json\/wp\/v2\/product"}],"about":[{"href":"https:\/\/autopartscenter24.com\/sv\/wp-json\/wp\/v2\/types\/product"}],"wp:featuredmedia":[{"embeddable":true,"href":"https:\/\/autopartscenter24.com\/sv\/wp-json\/wp\/v2\/media\/4536"}],"wp:attachment":[{"href":"https:\/\/autopartscenter24.com\/sv\/wp-json\/wp\/v2\/media?parent=5510"}],"wp:term":[{"taxonomy":"product_brand","embeddable":true,"href":"https:\/\/autopartscenter24.com\/sv\/wp-json\/wp\/v2\/product_brand?post=5510"},{"taxonomy":"product_cat","embeddable":true,"href":"https:\/\/autopartscenter24.com\/sv\/wp-json\/wp\/v2\/product_cat?post=5510"},{"taxonomy":"product_tag","embeddable":true,"href":"https:\/\/autopartscenter24.com\/sv\/wp-json\/wp\/v2\/product_tag?post=5510"}],"curies":[{"name":"wp","href":"https:\/\/api.w.org\/{rel}","templated":true}]}}