{"id":5509,"date":"2023-03-05T17:36:14","date_gmt":"2023-11-26T16:46:37","guid":{"rendered":"https:\/\/autopartscenter24.com\/product\/1-4-cgg-cggb-motor-esim-polo-fabia-leon\/"},"modified":"2023-11-26T17:46:37","modified_gmt":"2023-11-26T16:46:37","slug":"1-4-cgg-cggb-motor-polo-fabia-leon","status":"publish","type":"product","link":"https:\/\/autopartscenter24.com\/sv\/auton-varaosat\/1-4-cgg-cggb-motor-polo-fabia-leon\/","title":{"rendered":"1.4 &#8221;CGG, CGGB&#8221; Motor [esim. Polo, Fabia, Leon]"},"content":{"rendered":"<p>1,4-liters bensinmotorn \u00e4r en av de mest popul\u00e4ra motorstorlekarna, flitigt anv\u00e4nd i olika bilm\u00e4rken. En s\u00e5dan \u00e4r <strong>Volkswagen-koncernens 1,4 TSI-motor<\/strong>, som har anv\u00e4nts sedan 2006. Den exakta modellkoden f\u00f6r denna motor \u00e4r <strong>CGG eller CGGB<\/strong> och det \u00e4r en fyrcylindrig turboladdad motor.<\/p>\n<p>Motorns cylinderm\u00e5tt \u00e4r 76,5 mm i diameter och 75,6 mm i slagl\u00e4ngd. Motorns effekt varierar mellan 122 och 160 h\u00e4stkrafter, beroende p\u00e5 vilken bil den \u00e4r installerad p\u00e5. Motorn \u00e4r utrustad med direktinsprutning och turboladdare, vilket m\u00f6jligg\u00f6r snabbare acceleration och b\u00e4ttre prestanda.<\/p>\n<p>Denna motor \u00e4r ocks\u00e5 utrustad med m\u00e5nga tekniska l\u00f6sningar som \u00f6kar h\u00e5llbarheten och ekonomin. Motorns aluminiumk\u00e5pa minskar vikten och m\u00f6jligg\u00f6r b\u00e4ttre br\u00e4nsleeffektivitet, vilket g\u00f6r den mer milj\u00f6v\u00e4nlig. Motorns vevaxel \u00e4r gjord av st\u00e5l, vilket \u00f6kar dess styrka och h\u00e5llbarhet. Oljepumpen i motorns vevhus har ocks\u00e5 designats om f\u00f6r att h\u00e5lla motorns oljef\u00f6rbrukning s\u00e5 l\u00e5g som m\u00f6jligt.<\/p>\n<p>Dessa bilar \u00e4r mycket popul\u00e4ra runt om i v\u00e4rlden och 1,4 TSI-motorn \u00e4r en av huvudfaktorerna f\u00f6r deras prestanda och ekonomi. Denna motor har visat sig vara mycket p\u00e5litlig och h\u00e5llbar, vilket g\u00f6r den till ett attraktivt alternativ f\u00f6r dem som letar efter en ekonomisk och h\u00f6gpresterande motor.<\/p>\n","protected":false},"excerpt":{"rendered":"<p>Volkswagen Group \u00e4r inte det enda bilm\u00e4rket som anv\u00e4nder denna motor. Denna motor anv\u00e4nds ocks\u00e5 i m\u00e5nga andra bilar inklusive:<\/p>\n<ul>\n<li>Audi A1 och A3<\/li>\n<li>Seat Ibiza och Leon<\/li>\n<li>Skoda Fabia och Octavia<\/li>\n<li>Volkswagen Golf, Jetta och Polo<\/li>\n<\/ul>\n","protected":false},"featured_media":4541,"template":"","meta":[],"product_brand":[],"product_cat":[471,470,469],"product_tag":[730,656,666],"class_list":{"0":"post-5509","1":"product","2":"type-product","3":"status-publish","4":"has-post-thumbnail","6":"product_cat-seat-sv","7":"product_cat-skoda-sv","8":"product_cat-vw-sv","9":"product_tag-fabia-sv","10":"product_tag-leon-sv","11":"product_tag-polo-sv","12":"pa_varaosan-osasto-motor","15":"first","16":"instock","17":"shipping-taxable","18":"product-type-simple"},"yoast_head":"<!-- This site is optimized with the Yoast SEO plugin v26.8 - https:\/\/yoast.com\/product\/yoast-seo-wordpress\/ -->\n<title>1.4 &quot;CGG, CGGB&quot; Motor [esim. Polo, Fabia, Leon]<\/title>\n<meta name=\"description\" content=\"En av de motorer som vi ofta har tillg\u00e4ngliga. Skicka en f\u00f6rfr\u00e5gan och f\u00e5 en offert inom 24 timmar. Motorer, v\u00e4xell\u00e5dor och andra bildelar under garanti.\" \/>\n<meta name=\"robots\" content=\"index, follow, max-snippet:-1, max-image-preview:large, max-video-preview:-1\" \/>\n<link rel=\"canonical\" href=\"https:\/\/autopartscenter24.com\/sv\/auton-varaosat\/1-4-cgg-cggb-moottori-polo-fabia-leon\/\" \/>\n<meta property=\"og:locale\" content=\"sv_SE\" \/>\n<meta property=\"og:type\" content=\"article\" \/>\n<meta property=\"og:title\" content=\"1.4 &quot;CGG, CGGB&quot; Motor [esim. Polo, Fabia, Leon]\" \/>\n<meta property=\"og:description\" content=\"En av de motorer som vi ofta har tillg\u00e4ngliga. Skicka en f\u00f6rfr\u00e5gan och f\u00e5 en offert inom 24 timmar. Motorer, v\u00e4xell\u00e5dor och andra bildelar under garanti.\" \/>\n<meta property=\"og:url\" content=\"https:\/\/autopartscenter24.com\/sv\/auton-varaosat\/1-4-cgg-cggb-moottori-polo-fabia-leon\/\" \/>\n<meta property=\"og:site_name\" content=\"Autopartscenter24\" \/>\n<meta property=\"og:image\" content=\"https:\/\/autopartscenter24.com\/wp-content\/uploads\/2023\/03\/1-4-cgg-cggb-moottori-vw-polo-fabia-leon.webp\" \/>\n\t<meta property=\"og:image:width\" content=\"800\" \/>\n\t<meta property=\"og:image:height\" content=\"600\" \/>\n\t<meta property=\"og:image:type\" content=\"image\/webp\" \/>\n<meta name=\"twitter:card\" content=\"summary_large_image\" \/>\n<meta name=\"twitter:label1\" content=\"Ber\u00e4knad l\u00e4stid\" \/>\n\t<meta name=\"twitter:data1\" content=\"1 minut\" \/>\n<script type=\"application\/ld+json\" class=\"yoast-schema-graph\">{\"@context\":\"https:\/\/schema.org\",\"@graph\":[{\"@type\":\"WebPage\",\"@id\":\"https:\/\/autopartscenter24.com\/auton-varaosat\/1-4-cgg-cggb-moottori-polo-fabia-leon\/\",\"url\":\"https:\/\/autopartscenter24.com\/auton-varaosat\/1-4-cgg-cggb-moottori-polo-fabia-leon\/\",\"name\":\"1.4 \\\"CGG, CGGB\\\" Motor [esim. Polo, Fabia, Leon]\",\"isPartOf\":{\"@id\":\"https:\/\/autopartscenter24.com\/#website\"},\"primaryImageOfPage\":{\"@id\":\"https:\/\/autopartscenter24.com\/auton-varaosat\/1-4-cgg-cggb-moottori-polo-fabia-leon\/#primaryimage\"},\"image\":{\"@id\":\"https:\/\/autopartscenter24.com\/auton-varaosat\/1-4-cgg-cggb-moottori-polo-fabia-leon\/#primaryimage\"},\"thumbnailUrl\":\"https:\/\/autopartscenter24.com\/wp-content\/uploads\/2023\/03\/1-4-cgg-cggb-moottori-vw-polo-fabia-leon.webp\",\"datePublished\":\"2023-11-26T16:46:37+00:00\",\"description\":\"En av de motorer som vi ofta har tillg\u00e4ngliga. Skicka en f\u00f6rfr\u00e5gan och f\u00e5 en offert inom 24 timmar. Motorer, v\u00e4xell\u00e5dor och andra bildelar under garanti.\",\"breadcrumb\":{\"@id\":\"https:\/\/autopartscenter24.com\/auton-varaosat\/1-4-cgg-cggb-moottori-polo-fabia-leon\/#breadcrumb\"},\"inLanguage\":\"sv-SE\",\"potentialAction\":[{\"@type\":\"ReadAction\",\"target\":[\"https:\/\/autopartscenter24.com\/auton-varaosat\/1-4-cgg-cggb-moottori-polo-fabia-leon\/\"]}]},{\"@type\":\"ImageObject\",\"inLanguage\":\"sv-SE\",\"@id\":\"https:\/\/autopartscenter24.com\/auton-varaosat\/1-4-cgg-cggb-moottori-polo-fabia-leon\/#primaryimage\",\"url\":\"https:\/\/autopartscenter24.com\/wp-content\/uploads\/2023\/03\/1-4-cgg-cggb-moottori-vw-polo-fabia-leon.webp\",\"contentUrl\":\"https:\/\/autopartscenter24.com\/wp-content\/uploads\/2023\/03\/1-4-cgg-cggb-moottori-vw-polo-fabia-leon.webp\",\"width\":800,\"height\":600},{\"@type\":\"BreadcrumbList\",\"@id\":\"https:\/\/autopartscenter24.com\/auton-varaosat\/1-4-cgg-cggb-moottori-polo-fabia-leon\/#breadcrumb\",\"itemListElement\":[{\"@type\":\"ListItem\",\"position\":1,\"name\":\"Hem\",\"item\":\"https:\/\/aliceblue-termite-662564.hostingersite.com\/\"},{\"@type\":\"ListItem\",\"position\":2,\"name\":\"Auton varaosat\",\"item\":\"https:\/\/aliceblue-termite-662564.hostingersite.com\/auton-varaosat\/\"},{\"@type\":\"ListItem\",\"position\":3,\"name\":\"1.4 &#8221;CGG, CGGB&#8221; Motor [esim. Polo, Fabia, Leon]\"}]},{\"@type\":\"WebSite\",\"@id\":\"https:\/\/autopartscenter24.com\/#website\",\"url\":\"https:\/\/autopartscenter24.com\/\",\"name\":\"Autopartscenter24\",\"description\":\"K\u00c4YTETYT JA KUNNOSTETUT  AUTON VARAOSAT\",\"potentialAction\":[{\"@type\":\"SearchAction\",\"target\":{\"@type\":\"EntryPoint\",\"urlTemplate\":\"https:\/\/autopartscenter24.com\/?s={search_term_string}\"},\"query-input\":{\"@type\":\"PropertyValueSpecification\",\"valueRequired\":true,\"valueName\":\"search_term_string\"}}],\"inLanguage\":\"sv-SE\"}]}<\/script>\n<!-- \/ Yoast SEO plugin. -->","yoast_head_json":{"title":"1.4 \"CGG, CGGB\" Motor [esim. Polo, Fabia, Leon]","description":"En av de motorer som vi ofta har tillg\u00e4ngliga. Skicka en f\u00f6rfr\u00e5gan och f\u00e5 en offert inom 24 timmar. Motorer, v\u00e4xell\u00e5dor och andra bildelar under garanti.","robots":{"index":"index","follow":"follow","max-snippet":"max-snippet:-1","max-image-preview":"max-image-preview:large","max-video-preview":"max-video-preview:-1"},"canonical":"https:\/\/autopartscenter24.com\/sv\/auton-varaosat\/1-4-cgg-cggb-moottori-polo-fabia-leon\/","og_locale":"sv_SE","og_type":"article","og_title":"1.4 \"CGG, CGGB\" Motor [esim. Polo, Fabia, Leon]","og_description":"En av de motorer som vi ofta har tillg\u00e4ngliga. Skicka en f\u00f6rfr\u00e5gan och f\u00e5 en offert inom 24 timmar. Motorer, v\u00e4xell\u00e5dor och andra bildelar under garanti.","og_url":"https:\/\/autopartscenter24.com\/sv\/auton-varaosat\/1-4-cgg-cggb-moottori-polo-fabia-leon\/","og_site_name":"Autopartscenter24","og_image":[{"width":800,"height":600,"url":"https:\/\/autopartscenter24.com\/wp-content\/uploads\/2023\/03\/1-4-cgg-cggb-moottori-vw-polo-fabia-leon.webp","type":"image\/webp"}],"twitter_card":"summary_large_image","twitter_misc":{"Ber\u00e4knad l\u00e4stid":"1 minut"},"schema":{"@context":"https:\/\/schema.org","@graph":[{"@type":"WebPage","@id":"https:\/\/autopartscenter24.com\/auton-varaosat\/1-4-cgg-cggb-moottori-polo-fabia-leon\/","url":"https:\/\/autopartscenter24.com\/auton-varaosat\/1-4-cgg-cggb-moottori-polo-fabia-leon\/","name":"1.4 \"CGG, CGGB\" Motor [esim. Polo, Fabia, Leon]","isPartOf":{"@id":"https:\/\/autopartscenter24.com\/#website"},"primaryImageOfPage":{"@id":"https:\/\/autopartscenter24.com\/auton-varaosat\/1-4-cgg-cggb-moottori-polo-fabia-leon\/#primaryimage"},"image":{"@id":"https:\/\/autopartscenter24.com\/auton-varaosat\/1-4-cgg-cggb-moottori-polo-fabia-leon\/#primaryimage"},"thumbnailUrl":"https:\/\/autopartscenter24.com\/wp-content\/uploads\/2023\/03\/1-4-cgg-cggb-moottori-vw-polo-fabia-leon.webp","datePublished":"2023-11-26T16:46:37+00:00","description":"En av de motorer som vi ofta har tillg\u00e4ngliga. Skicka en f\u00f6rfr\u00e5gan och f\u00e5 en offert inom 24 timmar. Motorer, v\u00e4xell\u00e5dor och andra bildelar under garanti.","breadcrumb":{"@id":"https:\/\/autopartscenter24.com\/auton-varaosat\/1-4-cgg-cggb-moottori-polo-fabia-leon\/#breadcrumb"},"inLanguage":"sv-SE","potentialAction":[{"@type":"ReadAction","target":["https:\/\/autopartscenter24.com\/auton-varaosat\/1-4-cgg-cggb-moottori-polo-fabia-leon\/"]}]},{"@type":"ImageObject","inLanguage":"sv-SE","@id":"https:\/\/autopartscenter24.com\/auton-varaosat\/1-4-cgg-cggb-moottori-polo-fabia-leon\/#primaryimage","url":"https:\/\/autopartscenter24.com\/wp-content\/uploads\/2023\/03\/1-4-cgg-cggb-moottori-vw-polo-fabia-leon.webp","contentUrl":"https:\/\/autopartscenter24.com\/wp-content\/uploads\/2023\/03\/1-4-cgg-cggb-moottori-vw-polo-fabia-leon.webp","width":800,"height":600},{"@type":"BreadcrumbList","@id":"https:\/\/autopartscenter24.com\/auton-varaosat\/1-4-cgg-cggb-moottori-polo-fabia-leon\/#breadcrumb","itemListElement":[{"@type":"ListItem","position":1,"name":"Hem","item":"https:\/\/aliceblue-termite-662564.hostingersite.com\/"},{"@type":"ListItem","position":2,"name":"Auton varaosat","item":"https:\/\/aliceblue-termite-662564.hostingersite.com\/auton-varaosat\/"},{"@type":"ListItem","position":3,"name":"1.4 &#8221;CGG, CGGB&#8221; Motor [esim. Polo, Fabia, Leon]"}]},{"@type":"WebSite","@id":"https:\/\/autopartscenter24.com\/#website","url":"https:\/\/autopartscenter24.com\/","name":"Autopartscenter24","description":"K\u00c4YTETYT JA KUNNOSTETUT  AUTON VARAOSAT","potentialAction":[{"@type":"SearchAction","target":{"@type":"EntryPoint","urlTemplate":"https:\/\/autopartscenter24.com\/?s={search_term_string}"},"query-input":{"@type":"PropertyValueSpecification","valueRequired":true,"valueName":"search_term_string"}}],"inLanguage":"sv-SE"}]}},"_links":{"self":[{"href":"https:\/\/autopartscenter24.com\/sv\/wp-json\/wp\/v2\/product\/5509","targetHints":{"allow":["GET"]}}],"collection":[{"href":"https:\/\/autopartscenter24.com\/sv\/wp-json\/wp\/v2\/product"}],"about":[{"href":"https:\/\/autopartscenter24.com\/sv\/wp-json\/wp\/v2\/types\/product"}],"wp:featuredmedia":[{"embeddable":true,"href":"https:\/\/autopartscenter24.com\/sv\/wp-json\/wp\/v2\/media\/4541"}],"wp:attachment":[{"href":"https:\/\/autopartscenter24.com\/sv\/wp-json\/wp\/v2\/media?parent=5509"}],"wp:term":[{"taxonomy":"product_brand","embeddable":true,"href":"https:\/\/autopartscenter24.com\/sv\/wp-json\/wp\/v2\/product_brand?post=5509"},{"taxonomy":"product_cat","embeddable":true,"href":"https:\/\/autopartscenter24.com\/sv\/wp-json\/wp\/v2\/product_cat?post=5509"},{"taxonomy":"product_tag","embeddable":true,"href":"https:\/\/autopartscenter24.com\/sv\/wp-json\/wp\/v2\/product_tag?post=5509"}],"curies":[{"name":"wp","href":"https:\/\/api.w.org\/{rel}","templated":true}]}}