{"id":5508,"date":"2023-03-05T17:40:28","date_gmt":"2023-11-26T16:43:54","guid":{"rendered":"https:\/\/autopartscenter24.com\/product\/2-0-tdi-cag-motor-esim-a4-a5-q5\/"},"modified":"2023-11-26T17:43:54","modified_gmt":"2023-11-26T16:43:54","slug":"2-0-tdi-cag-vw-audi-a4-b8-a5-q5","status":"publish","type":"product","link":"https:\/\/autopartscenter24.com\/sv\/auton-varaosat\/2-0-tdi-cag-vw-audi-a4-b8-a5-q5\/","title":{"rendered":"2.0 TDI &#8221;CAG&#8221; Motor [esim. A4, A5, Q5]"},"content":{"rendered":"<p><strong>Volkswagens 2.0 TDI-motor<\/strong>, \u00e4ven k\u00e4nd under kodnamnet <strong>CAG<\/strong>, \u00e4r en dieselmotor designad f\u00f6r att ge utm\u00e4rkt prestanda, ekonomi och l\u00e5ga utsl\u00e4pp. Motorn \u00e4r utrustad med fyra cylindrar, turboladdare och direktinsprutningsteknik, vilket garanterar effektiv br\u00e4nslef\u00f6rbrukning och renar avgaserna.<\/p>\n<p><strong>CAG-motorn<\/strong> producerar 140 h\u00e4stkrafter och 320 Nm i vridmoment, vilket g\u00f6r den till ett utm\u00e4rkt val f\u00f6r bilar som kr\u00e4ver h\u00f6g prestanda och br\u00e4nsleeffektivitet. Motorns direktinsprutningssystem m\u00f6jligg\u00f6r exakt br\u00e4nsletillf\u00f6rsel, vilket \u00f6kar motorns effektivitet och minskar br\u00e4nslef\u00f6rbrukningen.<\/p>\n<p>CAG-motorn \u00e4r utrustad med m\u00e5nga innovativa teknologier, s\u00e5som ett partikelfilter som minskar avgasutsl\u00e4ppen och ett DPF-system som renar avgaserna \u00e4nnu mer effektivt. Dessutom \u00e4r motorn utrustad med ett start-stopp-system som sparar br\u00e4nsle och minskar utsl\u00e4ppen genom att stanna automatiskt n\u00e4r fordonet stannar vid trafikljus eller andra liknande situationer.<\/p>\n<p>Biltillverkare som anv\u00e4nder 2.0 TDI CAG-motorn kan erbjuda sina kunder en kombination av utm\u00e4rkt prestanda och br\u00e4nsleekonomi, vilket g\u00f6r den till ett attraktivt alternativ f\u00f6r konsumenter som vill ha en ekonomisk bil utan att ge avkall p\u00e5 prestanda. Motorn \u00e4r ocks\u00e5 milj\u00f6v\u00e4nlig och uppfyller Euro 5-emissionsnormerna, vilket minskar dess milj\u00f6p\u00e5verkan och g\u00f6r den till ett attraktivt val f\u00f6r milj\u00f6medvetna konsumenter.<\/p>\n","protected":false},"excerpt":{"rendered":"<p>CAG-motorn \u00e4r specialdesignad f\u00f6r Volkswagens bilmodeller och \u00e4r installerad i flera olika modeller, som Volkswagen Golf, Passat, Jetta och Tiguan. Motorn anv\u00e4nds \u00e4ven i m\u00e5nga bilar fr\u00e5n andra tillverkare, som Audi, Seat och Skoda. Motorns tillf\u00f6rlitlighet och effektivitet har gjort den till stor popularitet bland biltillverkare och konsumenter.<\/p>\n","protected":false},"featured_media":4546,"template":"","meta":[],"product_brand":[],"product_cat":[468,469],"product_tag":[689,690,721],"class_list":{"0":"post-5508","1":"product","2":"type-product","3":"status-publish","4":"has-post-thumbnail","6":"product_cat-audi-sv","7":"product_cat-vw-sv","8":"product_tag-a4-sv","9":"product_tag-a5-sv","10":"product_tag-q5-sv","11":"pa_varaosan-osasto-motor","14":"first","15":"instock","16":"shipping-taxable","17":"product-type-simple"},"yoast_head":"<!-- This site is optimized with the Yoast SEO plugin v26.8 - https:\/\/yoast.com\/product\/yoast-seo-wordpress\/ -->\n<title>2.0 TDI &quot;CAG&quot; Motor [esim. A4, A5, Q5] - Autopartscenter24<\/title>\n<meta name=\"description\" content=\"En av de motorer som vi ofta har tillg\u00e4ngliga. Skicka en f\u00f6rfr\u00e5gan och f\u00e5 en offert inom 24 timmar. Motorer, v\u00e4xell\u00e5dor och andra bildelar under garanti.\" \/>\n<meta name=\"robots\" content=\"index, follow, max-snippet:-1, max-image-preview:large, max-video-preview:-1\" \/>\n<link rel=\"canonical\" href=\"https:\/\/autopartscenter24.com\/sv\/auton-varaosat\/2-0-tdi-cag-vw-audi-a4-b8-a5-q5\/\" \/>\n<meta property=\"og:locale\" content=\"sv_SE\" \/>\n<meta property=\"og:type\" content=\"article\" \/>\n<meta property=\"og:title\" content=\"2.0 TDI &quot;CAG&quot; Motor [esim. A4, A5, Q5] - Autopartscenter24\" \/>\n<meta property=\"og:description\" content=\"En av de motorer som vi ofta har tillg\u00e4ngliga. Skicka en f\u00f6rfr\u00e5gan och f\u00e5 en offert inom 24 timmar. Motorer, v\u00e4xell\u00e5dor och andra bildelar under garanti.\" \/>\n<meta property=\"og:url\" content=\"https:\/\/autopartscenter24.com\/sv\/auton-varaosat\/2-0-tdi-cag-vw-audi-a4-b8-a5-q5\/\" \/>\n<meta property=\"og:site_name\" content=\"Autopartscenter24\" \/>\n<meta property=\"og:image\" content=\"https:\/\/autopartscenter24.com\/wp-content\/uploads\/2023\/03\/2-0-tdi-CAG-vw-audi-a4-b8-a5-q5.webp\" \/>\n\t<meta property=\"og:image:width\" content=\"800\" \/>\n\t<meta property=\"og:image:height\" content=\"600\" \/>\n\t<meta property=\"og:image:type\" content=\"image\/webp\" \/>\n<meta name=\"twitter:card\" content=\"summary_large_image\" \/>\n<meta name=\"twitter:label1\" content=\"Ber\u00e4knad l\u00e4stid\" \/>\n\t<meta name=\"twitter:data1\" content=\"1 minut\" \/>\n<script type=\"application\/ld+json\" class=\"yoast-schema-graph\">{\"@context\":\"https:\/\/schema.org\",\"@graph\":[{\"@type\":\"WebPage\",\"@id\":\"https:\/\/autopartscenter24.com\/auton-varaosat\/2-0-tdi-cag-vw-audi-a4-b8-a5-q5\/\",\"url\":\"https:\/\/autopartscenter24.com\/auton-varaosat\/2-0-tdi-cag-vw-audi-a4-b8-a5-q5\/\",\"name\":\"2.0 TDI \\\"CAG\\\" Motor [esim. A4, A5, Q5] - Autopartscenter24\",\"isPartOf\":{\"@id\":\"https:\/\/autopartscenter24.com\/#website\"},\"primaryImageOfPage\":{\"@id\":\"https:\/\/autopartscenter24.com\/auton-varaosat\/2-0-tdi-cag-vw-audi-a4-b8-a5-q5\/#primaryimage\"},\"image\":{\"@id\":\"https:\/\/autopartscenter24.com\/auton-varaosat\/2-0-tdi-cag-vw-audi-a4-b8-a5-q5\/#primaryimage\"},\"thumbnailUrl\":\"https:\/\/autopartscenter24.com\/wp-content\/uploads\/2023\/03\/2-0-tdi-CAG-vw-audi-a4-b8-a5-q5.webp\",\"datePublished\":\"2023-11-26T16:43:54+00:00\",\"description\":\"En av de motorer som vi ofta har tillg\u00e4ngliga. Skicka en f\u00f6rfr\u00e5gan och f\u00e5 en offert inom 24 timmar. Motorer, v\u00e4xell\u00e5dor och andra bildelar under garanti.\",\"breadcrumb\":{\"@id\":\"https:\/\/autopartscenter24.com\/auton-varaosat\/2-0-tdi-cag-vw-audi-a4-b8-a5-q5\/#breadcrumb\"},\"inLanguage\":\"sv-SE\",\"potentialAction\":[{\"@type\":\"ReadAction\",\"target\":[\"https:\/\/autopartscenter24.com\/auton-varaosat\/2-0-tdi-cag-vw-audi-a4-b8-a5-q5\/\"]}]},{\"@type\":\"ImageObject\",\"inLanguage\":\"sv-SE\",\"@id\":\"https:\/\/autopartscenter24.com\/auton-varaosat\/2-0-tdi-cag-vw-audi-a4-b8-a5-q5\/#primaryimage\",\"url\":\"https:\/\/autopartscenter24.com\/wp-content\/uploads\/2023\/03\/2-0-tdi-CAG-vw-audi-a4-b8-a5-q5.webp\",\"contentUrl\":\"https:\/\/autopartscenter24.com\/wp-content\/uploads\/2023\/03\/2-0-tdi-CAG-vw-audi-a4-b8-a5-q5.webp\",\"width\":800,\"height\":600},{\"@type\":\"BreadcrumbList\",\"@id\":\"https:\/\/autopartscenter24.com\/auton-varaosat\/2-0-tdi-cag-vw-audi-a4-b8-a5-q5\/#breadcrumb\",\"itemListElement\":[{\"@type\":\"ListItem\",\"position\":1,\"name\":\"Hem\",\"item\":\"https:\/\/aliceblue-termite-662564.hostingersite.com\/\"},{\"@type\":\"ListItem\",\"position\":2,\"name\":\"Auton varaosat\",\"item\":\"https:\/\/aliceblue-termite-662564.hostingersite.com\/auton-varaosat\/\"},{\"@type\":\"ListItem\",\"position\":3,\"name\":\"2.0 TDI &#8221;CAG&#8221; Motor [esim. A4, A5, Q5]\"}]},{\"@type\":\"WebSite\",\"@id\":\"https:\/\/autopartscenter24.com\/#website\",\"url\":\"https:\/\/autopartscenter24.com\/\",\"name\":\"Autopartscenter24\",\"description\":\"K\u00c4YTETYT JA KUNNOSTETUT  AUTON VARAOSAT\",\"potentialAction\":[{\"@type\":\"SearchAction\",\"target\":{\"@type\":\"EntryPoint\",\"urlTemplate\":\"https:\/\/autopartscenter24.com\/?s={search_term_string}\"},\"query-input\":{\"@type\":\"PropertyValueSpecification\",\"valueRequired\":true,\"valueName\":\"search_term_string\"}}],\"inLanguage\":\"sv-SE\"}]}<\/script>\n<!-- \/ Yoast SEO plugin. -->","yoast_head_json":{"title":"2.0 TDI \"CAG\" Motor [esim. A4, A5, Q5] - Autopartscenter24","description":"En av de motorer som vi ofta har tillg\u00e4ngliga. Skicka en f\u00f6rfr\u00e5gan och f\u00e5 en offert inom 24 timmar. Motorer, v\u00e4xell\u00e5dor och andra bildelar under garanti.","robots":{"index":"index","follow":"follow","max-snippet":"max-snippet:-1","max-image-preview":"max-image-preview:large","max-video-preview":"max-video-preview:-1"},"canonical":"https:\/\/autopartscenter24.com\/sv\/auton-varaosat\/2-0-tdi-cag-vw-audi-a4-b8-a5-q5\/","og_locale":"sv_SE","og_type":"article","og_title":"2.0 TDI \"CAG\" Motor [esim. A4, A5, Q5] - Autopartscenter24","og_description":"En av de motorer som vi ofta har tillg\u00e4ngliga. Skicka en f\u00f6rfr\u00e5gan och f\u00e5 en offert inom 24 timmar. Motorer, v\u00e4xell\u00e5dor och andra bildelar under garanti.","og_url":"https:\/\/autopartscenter24.com\/sv\/auton-varaosat\/2-0-tdi-cag-vw-audi-a4-b8-a5-q5\/","og_site_name":"Autopartscenter24","og_image":[{"width":800,"height":600,"url":"https:\/\/autopartscenter24.com\/wp-content\/uploads\/2023\/03\/2-0-tdi-CAG-vw-audi-a4-b8-a5-q5.webp","type":"image\/webp"}],"twitter_card":"summary_large_image","twitter_misc":{"Ber\u00e4knad l\u00e4stid":"1 minut"},"schema":{"@context":"https:\/\/schema.org","@graph":[{"@type":"WebPage","@id":"https:\/\/autopartscenter24.com\/auton-varaosat\/2-0-tdi-cag-vw-audi-a4-b8-a5-q5\/","url":"https:\/\/autopartscenter24.com\/auton-varaosat\/2-0-tdi-cag-vw-audi-a4-b8-a5-q5\/","name":"2.0 TDI \"CAG\" Motor [esim. A4, A5, Q5] - Autopartscenter24","isPartOf":{"@id":"https:\/\/autopartscenter24.com\/#website"},"primaryImageOfPage":{"@id":"https:\/\/autopartscenter24.com\/auton-varaosat\/2-0-tdi-cag-vw-audi-a4-b8-a5-q5\/#primaryimage"},"image":{"@id":"https:\/\/autopartscenter24.com\/auton-varaosat\/2-0-tdi-cag-vw-audi-a4-b8-a5-q5\/#primaryimage"},"thumbnailUrl":"https:\/\/autopartscenter24.com\/wp-content\/uploads\/2023\/03\/2-0-tdi-CAG-vw-audi-a4-b8-a5-q5.webp","datePublished":"2023-11-26T16:43:54+00:00","description":"En av de motorer som vi ofta har tillg\u00e4ngliga. Skicka en f\u00f6rfr\u00e5gan och f\u00e5 en offert inom 24 timmar. Motorer, v\u00e4xell\u00e5dor och andra bildelar under garanti.","breadcrumb":{"@id":"https:\/\/autopartscenter24.com\/auton-varaosat\/2-0-tdi-cag-vw-audi-a4-b8-a5-q5\/#breadcrumb"},"inLanguage":"sv-SE","potentialAction":[{"@type":"ReadAction","target":["https:\/\/autopartscenter24.com\/auton-varaosat\/2-0-tdi-cag-vw-audi-a4-b8-a5-q5\/"]}]},{"@type":"ImageObject","inLanguage":"sv-SE","@id":"https:\/\/autopartscenter24.com\/auton-varaosat\/2-0-tdi-cag-vw-audi-a4-b8-a5-q5\/#primaryimage","url":"https:\/\/autopartscenter24.com\/wp-content\/uploads\/2023\/03\/2-0-tdi-CAG-vw-audi-a4-b8-a5-q5.webp","contentUrl":"https:\/\/autopartscenter24.com\/wp-content\/uploads\/2023\/03\/2-0-tdi-CAG-vw-audi-a4-b8-a5-q5.webp","width":800,"height":600},{"@type":"BreadcrumbList","@id":"https:\/\/autopartscenter24.com\/auton-varaosat\/2-0-tdi-cag-vw-audi-a4-b8-a5-q5\/#breadcrumb","itemListElement":[{"@type":"ListItem","position":1,"name":"Hem","item":"https:\/\/aliceblue-termite-662564.hostingersite.com\/"},{"@type":"ListItem","position":2,"name":"Auton varaosat","item":"https:\/\/aliceblue-termite-662564.hostingersite.com\/auton-varaosat\/"},{"@type":"ListItem","position":3,"name":"2.0 TDI &#8221;CAG&#8221; Motor [esim. A4, A5, Q5]"}]},{"@type":"WebSite","@id":"https:\/\/autopartscenter24.com\/#website","url":"https:\/\/autopartscenter24.com\/","name":"Autopartscenter24","description":"K\u00c4YTETYT JA KUNNOSTETUT  AUTON VARAOSAT","potentialAction":[{"@type":"SearchAction","target":{"@type":"EntryPoint","urlTemplate":"https:\/\/autopartscenter24.com\/?s={search_term_string}"},"query-input":{"@type":"PropertyValueSpecification","valueRequired":true,"valueName":"search_term_string"}}],"inLanguage":"sv-SE"}]}},"_links":{"self":[{"href":"https:\/\/autopartscenter24.com\/sv\/wp-json\/wp\/v2\/product\/5508","targetHints":{"allow":["GET"]}}],"collection":[{"href":"https:\/\/autopartscenter24.com\/sv\/wp-json\/wp\/v2\/product"}],"about":[{"href":"https:\/\/autopartscenter24.com\/sv\/wp-json\/wp\/v2\/types\/product"}],"wp:featuredmedia":[{"embeddable":true,"href":"https:\/\/autopartscenter24.com\/sv\/wp-json\/wp\/v2\/media\/4546"}],"wp:attachment":[{"href":"https:\/\/autopartscenter24.com\/sv\/wp-json\/wp\/v2\/media?parent=5508"}],"wp:term":[{"taxonomy":"product_brand","embeddable":true,"href":"https:\/\/autopartscenter24.com\/sv\/wp-json\/wp\/v2\/product_brand?post=5508"},{"taxonomy":"product_cat","embeddable":true,"href":"https:\/\/autopartscenter24.com\/sv\/wp-json\/wp\/v2\/product_cat?post=5508"},{"taxonomy":"product_tag","embeddable":true,"href":"https:\/\/autopartscenter24.com\/sv\/wp-json\/wp\/v2\/product_tag?post=5508"}],"curies":[{"name":"wp","href":"https:\/\/api.w.org\/{rel}","templated":true}]}}