{"id":5507,"date":"2023-03-05T17:47:48","date_gmt":"2023-11-26T16:42:16","guid":{"rendered":"https:\/\/autopartscenter24.com\/product\/2-5-hybryd-2ar-fse-motor-esim-lexus-is-iii\/"},"modified":"2023-11-26T17:42:16","modified_gmt":"2023-11-26T16:42:16","slug":"2-5-hybryd-2ar-fse-motor-lexus-is","status":"publish","type":"product","link":"https:\/\/autopartscenter24.com\/sv\/auton-varaosat\/2-5-hybryd-2ar-fse-motor-lexus-is\/","title":{"rendered":"2.5 HYBRYD &#8221;2AR-FSE&#8221; Motor [esim. LEXUS IS III]"},"content":{"rendered":"<p>Toyota \u00e4r k\u00e4nda f\u00f6r sina milj\u00f6v\u00e4nliga och ekonomiska hybridbilar, och en av dem \u00e4r <strong>2,5-hybridmotorn<\/strong> utrustad med motorkoden <strong>2AR-FSE<\/strong>. Denna bensinmotor \u00e4r kombinerad med en elmotor, vilket g\u00f6r den till en hybridmotor. Denna motor \u00e4r designad f\u00f6r att erbjuda h\u00f6g prestanda, ekonomi och l\u00e5ga utsl\u00e4pp.<\/p>\n<p>Den st\u00f6rsta f\u00f6rdelen med <strong>2,5-hybridmotorn<\/strong> \u00e4r dess ekonomi. Den \u00e4r designad f\u00f6r att anv\u00e4nda s\u00e5 lite br\u00e4nsle som m\u00f6jligt, vilket inneb\u00e4r l\u00e5ga koldioxidutsl\u00e4pp och l\u00e5ga driftskostnader. Denna motor ger upp till 215 h\u00e4stkrafter och har ett maximalt vridmoment p\u00e5 221 Nm. Motorns effektivitet beror delvis p\u00e5 Atkinson-cykeln, som f\u00f6rb\u00e4ttrar br\u00e4nsleeffektiviteten. Dessutom har 2,5-hybridmotorn ett h\u00f6gtrycksbr\u00e4nslesystem som f\u00f6rb\u00e4ttrar br\u00e4nsleinsprutningen och minskar br\u00e4nslef\u00f6rbrukningen.<\/p>\n<p><strong>2AR-FSE-motorn har ocks\u00e5 m\u00e5nga andra innovativa teknologier.<\/strong> Till exempel ett elektroniskt styrsystem som minskar belastningen p\u00e5 motorn och f\u00f6rb\u00e4ttrar dess prestanda. Motorn har ocks\u00e5 ett intelligent luftintagssystem som \u00f6kar m\u00e4ngden luft inuti motorn och f\u00f6rb\u00e4ttrar dess effektivitet. Dessutom \u00e4r motorn designad f\u00f6r att anv\u00e4nda l\u00e5gvisk\u00f6s olja, vilket minskar friktionen och f\u00f6rb\u00e4ttrar motorns effektivitet.<\/p>\n<p>Toyota har anv\u00e4nt 2.5 Hybrid-motorn i m\u00e5nga olika bilmodeller och det \u00e4r en av deras mest popul\u00e4ra motorer. Den anv\u00e4nds till exempel i Toyota RAV4, Camry och Lexus ES 300h. Denna motor har visat sig vara ett p\u00e5litligt, effektivt och ekonomiskt alternativ som \u00e4r trevlig att k\u00f6ra och idealisk f\u00f6r milj\u00f6v\u00e4nliga f\u00f6rare.<\/p>\n","protected":false},"excerpt":{"rendered":"<p>Bilar med 2,5 hybridmotor (2AR-FSE):<\/p>\n<ul>\n<li>Toyota RAVCH Hybrid<\/li>\n<li>Toyota Camry Hybrid<\/li>\n<li>Lexus ES 300h<\/li>\n<li>Toyota Harrier Hybrid<\/li>\n<li>Toyota Venza Hybrid<\/li>\n<li>Lexus NX 300h<\/li>\n<li>Toyota Alphard Hybrid<\/li>\n<li>Toyota Estima Hybrid<\/li>\n<li>Toyota Crown Hybrid<\/li>\n<li>Toyota Corolla Cross Hybrid<\/li>\n<\/ul>\n","protected":false},"featured_media":4551,"template":"","meta":[],"product_brand":[],"product_cat":[585],"product_tag":[729],"class_list":{"0":"post-5507","1":"product","2":"type-product","3":"status-publish","4":"has-post-thumbnail","6":"product_cat-lexus-sv","7":"product_tag-is-sv","8":"pa_varaosan-osasto-motor","11":"first","12":"instock","13":"shipping-taxable","14":"product-type-simple"},"yoast_head":"<!-- This site is optimized with the Yoast SEO plugin v26.8 - https:\/\/yoast.com\/product\/yoast-seo-wordpress\/ -->\n<title>2.5 HYBRYD &quot;2AR-FSE&quot; Motor [esim. LEXUS IS III]<\/title>\n<meta name=\"description\" content=\"En av de motorer som vi ofta har tillg\u00e4ngliga. Skicka en f\u00f6rfr\u00e5gan och f\u00e5 en offert inom 24 timmar. Motorer, v\u00e4xell\u00e5dor och andra bildelar under garanti.\" \/>\n<meta name=\"robots\" content=\"index, follow, max-snippet:-1, max-image-preview:large, max-video-preview:-1\" \/>\n<link rel=\"canonical\" href=\"https:\/\/autopartscenter24.com\/sv\/auton-varaosat\/2-5-hybryd-2ar-fse-moottori-lexus-is\/\" \/>\n<meta property=\"og:locale\" content=\"sv_SE\" \/>\n<meta property=\"og:type\" content=\"article\" \/>\n<meta property=\"og:title\" content=\"2.5 HYBRYD &quot;2AR-FSE&quot; Motor [esim. LEXUS IS III]\" \/>\n<meta property=\"og:description\" content=\"En av de motorer som vi ofta har tillg\u00e4ngliga. Skicka en f\u00f6rfr\u00e5gan och f\u00e5 en offert inom 24 timmar. Motorer, v\u00e4xell\u00e5dor och andra bildelar under garanti.\" \/>\n<meta property=\"og:url\" content=\"https:\/\/autopartscenter24.com\/sv\/auton-varaosat\/2-5-hybryd-2ar-fse-moottori-lexus-is\/\" \/>\n<meta property=\"og:site_name\" content=\"Autopartscenter24\" \/>\n<meta property=\"og:image\" content=\"https:\/\/autopartscenter24.com\/wp-content\/uploads\/2023\/03\/2-5-hybryd-2AR-FSE-moottori-lexus-is.webp\" \/>\n\t<meta property=\"og:image:width\" content=\"800\" \/>\n\t<meta property=\"og:image:height\" content=\"600\" \/>\n\t<meta property=\"og:image:type\" content=\"image\/webp\" \/>\n<meta name=\"twitter:card\" content=\"summary_large_image\" \/>\n<meta name=\"twitter:label1\" content=\"Ber\u00e4knad l\u00e4stid\" \/>\n\t<meta name=\"twitter:data1\" content=\"1 minut\" \/>\n<script type=\"application\/ld+json\" class=\"yoast-schema-graph\">{\"@context\":\"https:\/\/schema.org\",\"@graph\":[{\"@type\":\"WebPage\",\"@id\":\"https:\/\/autopartscenter24.com\/auton-varaosat\/2-5-hybryd-2ar-fse-moottori-lexus-is\/\",\"url\":\"https:\/\/autopartscenter24.com\/auton-varaosat\/2-5-hybryd-2ar-fse-moottori-lexus-is\/\",\"name\":\"2.5 HYBRYD \\\"2AR-FSE\\\" Motor [esim. LEXUS IS III]\",\"isPartOf\":{\"@id\":\"https:\/\/autopartscenter24.com\/#website\"},\"primaryImageOfPage\":{\"@id\":\"https:\/\/autopartscenter24.com\/auton-varaosat\/2-5-hybryd-2ar-fse-moottori-lexus-is\/#primaryimage\"},\"image\":{\"@id\":\"https:\/\/autopartscenter24.com\/auton-varaosat\/2-5-hybryd-2ar-fse-moottori-lexus-is\/#primaryimage\"},\"thumbnailUrl\":\"https:\/\/autopartscenter24.com\/wp-content\/uploads\/2023\/03\/2-5-hybryd-2AR-FSE-moottori-lexus-is.webp\",\"datePublished\":\"2023-11-26T16:42:16+00:00\",\"description\":\"En av de motorer som vi ofta har tillg\u00e4ngliga. Skicka en f\u00f6rfr\u00e5gan och f\u00e5 en offert inom 24 timmar. Motorer, v\u00e4xell\u00e5dor och andra bildelar under garanti.\",\"breadcrumb\":{\"@id\":\"https:\/\/autopartscenter24.com\/auton-varaosat\/2-5-hybryd-2ar-fse-moottori-lexus-is\/#breadcrumb\"},\"inLanguage\":\"sv-SE\",\"potentialAction\":[{\"@type\":\"ReadAction\",\"target\":[\"https:\/\/autopartscenter24.com\/auton-varaosat\/2-5-hybryd-2ar-fse-moottori-lexus-is\/\"]}]},{\"@type\":\"ImageObject\",\"inLanguage\":\"sv-SE\",\"@id\":\"https:\/\/autopartscenter24.com\/auton-varaosat\/2-5-hybryd-2ar-fse-moottori-lexus-is\/#primaryimage\",\"url\":\"https:\/\/autopartscenter24.com\/wp-content\/uploads\/2023\/03\/2-5-hybryd-2AR-FSE-moottori-lexus-is.webp\",\"contentUrl\":\"https:\/\/autopartscenter24.com\/wp-content\/uploads\/2023\/03\/2-5-hybryd-2AR-FSE-moottori-lexus-is.webp\",\"width\":800,\"height\":600},{\"@type\":\"BreadcrumbList\",\"@id\":\"https:\/\/autopartscenter24.com\/auton-varaosat\/2-5-hybryd-2ar-fse-moottori-lexus-is\/#breadcrumb\",\"itemListElement\":[{\"@type\":\"ListItem\",\"position\":1,\"name\":\"Hem\",\"item\":\"https:\/\/aliceblue-termite-662564.hostingersite.com\/\"},{\"@type\":\"ListItem\",\"position\":2,\"name\":\"Auton varaosat\",\"item\":\"https:\/\/aliceblue-termite-662564.hostingersite.com\/auton-varaosat\/\"},{\"@type\":\"ListItem\",\"position\":3,\"name\":\"2.5 HYBRYD &#8221;2AR-FSE&#8221; Motor [esim. LEXUS IS III]\"}]},{\"@type\":\"WebSite\",\"@id\":\"https:\/\/autopartscenter24.com\/#website\",\"url\":\"https:\/\/autopartscenter24.com\/\",\"name\":\"Autopartscenter24\",\"description\":\"K\u00c4YTETYT JA KUNNOSTETUT  AUTON VARAOSAT\",\"potentialAction\":[{\"@type\":\"SearchAction\",\"target\":{\"@type\":\"EntryPoint\",\"urlTemplate\":\"https:\/\/autopartscenter24.com\/?s={search_term_string}\"},\"query-input\":{\"@type\":\"PropertyValueSpecification\",\"valueRequired\":true,\"valueName\":\"search_term_string\"}}],\"inLanguage\":\"sv-SE\"}]}<\/script>\n<!-- \/ Yoast SEO plugin. -->","yoast_head_json":{"title":"2.5 HYBRYD \"2AR-FSE\" Motor [esim. LEXUS IS III]","description":"En av de motorer som vi ofta har tillg\u00e4ngliga. Skicka en f\u00f6rfr\u00e5gan och f\u00e5 en offert inom 24 timmar. Motorer, v\u00e4xell\u00e5dor och andra bildelar under garanti.","robots":{"index":"index","follow":"follow","max-snippet":"max-snippet:-1","max-image-preview":"max-image-preview:large","max-video-preview":"max-video-preview:-1"},"canonical":"https:\/\/autopartscenter24.com\/sv\/auton-varaosat\/2-5-hybryd-2ar-fse-moottori-lexus-is\/","og_locale":"sv_SE","og_type":"article","og_title":"2.5 HYBRYD \"2AR-FSE\" Motor [esim. LEXUS IS III]","og_description":"En av de motorer som vi ofta har tillg\u00e4ngliga. Skicka en f\u00f6rfr\u00e5gan och f\u00e5 en offert inom 24 timmar. Motorer, v\u00e4xell\u00e5dor och andra bildelar under garanti.","og_url":"https:\/\/autopartscenter24.com\/sv\/auton-varaosat\/2-5-hybryd-2ar-fse-moottori-lexus-is\/","og_site_name":"Autopartscenter24","og_image":[{"width":800,"height":600,"url":"https:\/\/autopartscenter24.com\/wp-content\/uploads\/2023\/03\/2-5-hybryd-2AR-FSE-moottori-lexus-is.webp","type":"image\/webp"}],"twitter_card":"summary_large_image","twitter_misc":{"Ber\u00e4knad l\u00e4stid":"1 minut"},"schema":{"@context":"https:\/\/schema.org","@graph":[{"@type":"WebPage","@id":"https:\/\/autopartscenter24.com\/auton-varaosat\/2-5-hybryd-2ar-fse-moottori-lexus-is\/","url":"https:\/\/autopartscenter24.com\/auton-varaosat\/2-5-hybryd-2ar-fse-moottori-lexus-is\/","name":"2.5 HYBRYD \"2AR-FSE\" Motor [esim. LEXUS IS III]","isPartOf":{"@id":"https:\/\/autopartscenter24.com\/#website"},"primaryImageOfPage":{"@id":"https:\/\/autopartscenter24.com\/auton-varaosat\/2-5-hybryd-2ar-fse-moottori-lexus-is\/#primaryimage"},"image":{"@id":"https:\/\/autopartscenter24.com\/auton-varaosat\/2-5-hybryd-2ar-fse-moottori-lexus-is\/#primaryimage"},"thumbnailUrl":"https:\/\/autopartscenter24.com\/wp-content\/uploads\/2023\/03\/2-5-hybryd-2AR-FSE-moottori-lexus-is.webp","datePublished":"2023-11-26T16:42:16+00:00","description":"En av de motorer som vi ofta har tillg\u00e4ngliga. Skicka en f\u00f6rfr\u00e5gan och f\u00e5 en offert inom 24 timmar. Motorer, v\u00e4xell\u00e5dor och andra bildelar under garanti.","breadcrumb":{"@id":"https:\/\/autopartscenter24.com\/auton-varaosat\/2-5-hybryd-2ar-fse-moottori-lexus-is\/#breadcrumb"},"inLanguage":"sv-SE","potentialAction":[{"@type":"ReadAction","target":["https:\/\/autopartscenter24.com\/auton-varaosat\/2-5-hybryd-2ar-fse-moottori-lexus-is\/"]}]},{"@type":"ImageObject","inLanguage":"sv-SE","@id":"https:\/\/autopartscenter24.com\/auton-varaosat\/2-5-hybryd-2ar-fse-moottori-lexus-is\/#primaryimage","url":"https:\/\/autopartscenter24.com\/wp-content\/uploads\/2023\/03\/2-5-hybryd-2AR-FSE-moottori-lexus-is.webp","contentUrl":"https:\/\/autopartscenter24.com\/wp-content\/uploads\/2023\/03\/2-5-hybryd-2AR-FSE-moottori-lexus-is.webp","width":800,"height":600},{"@type":"BreadcrumbList","@id":"https:\/\/autopartscenter24.com\/auton-varaosat\/2-5-hybryd-2ar-fse-moottori-lexus-is\/#breadcrumb","itemListElement":[{"@type":"ListItem","position":1,"name":"Hem","item":"https:\/\/aliceblue-termite-662564.hostingersite.com\/"},{"@type":"ListItem","position":2,"name":"Auton varaosat","item":"https:\/\/aliceblue-termite-662564.hostingersite.com\/auton-varaosat\/"},{"@type":"ListItem","position":3,"name":"2.5 HYBRYD &#8221;2AR-FSE&#8221; Motor [esim. LEXUS IS III]"}]},{"@type":"WebSite","@id":"https:\/\/autopartscenter24.com\/#website","url":"https:\/\/autopartscenter24.com\/","name":"Autopartscenter24","description":"K\u00c4YTETYT JA KUNNOSTETUT  AUTON VARAOSAT","potentialAction":[{"@type":"SearchAction","target":{"@type":"EntryPoint","urlTemplate":"https:\/\/autopartscenter24.com\/?s={search_term_string}"},"query-input":{"@type":"PropertyValueSpecification","valueRequired":true,"valueName":"search_term_string"}}],"inLanguage":"sv-SE"}]}},"_links":{"self":[{"href":"https:\/\/autopartscenter24.com\/sv\/wp-json\/wp\/v2\/product\/5507","targetHints":{"allow":["GET"]}}],"collection":[{"href":"https:\/\/autopartscenter24.com\/sv\/wp-json\/wp\/v2\/product"}],"about":[{"href":"https:\/\/autopartscenter24.com\/sv\/wp-json\/wp\/v2\/types\/product"}],"wp:featuredmedia":[{"embeddable":true,"href":"https:\/\/autopartscenter24.com\/sv\/wp-json\/wp\/v2\/media\/4551"}],"wp:attachment":[{"href":"https:\/\/autopartscenter24.com\/sv\/wp-json\/wp\/v2\/media?parent=5507"}],"wp:term":[{"taxonomy":"product_brand","embeddable":true,"href":"https:\/\/autopartscenter24.com\/sv\/wp-json\/wp\/v2\/product_brand?post=5507"},{"taxonomy":"product_cat","embeddable":true,"href":"https:\/\/autopartscenter24.com\/sv\/wp-json\/wp\/v2\/product_cat?post=5507"},{"taxonomy":"product_tag","embeddable":true,"href":"https:\/\/autopartscenter24.com\/sv\/wp-json\/wp\/v2\/product_tag?post=5507"}],"curies":[{"name":"wp","href":"https:\/\/api.w.org\/{rel}","templated":true}]}}