{"id":5506,"date":"2023-03-05T17:52:49","date_gmt":"2023-11-26T16:39:27","guid":{"rendered":"https:\/\/autopartscenter24.com\/product\/2-5-hybryd-2ar-fxe-motor-esim-lexus-is-iii\/"},"modified":"2023-11-26T17:39:27","modified_gmt":"2023-11-26T16:39:27","slug":"2-5-hybryd-2ar-fxe-motor-lexus-nx-rav4-camry-jpg","status":"publish","type":"product","link":"https:\/\/autopartscenter24.com\/sv\/auton-varaosat\/2-5-hybryd-2ar-fxe-motor-lexus-nx-rav4-camry-jpg\/","title":{"rendered":"2.5 HYBRYD &#8221;2AR-FXE&#8221; Motor [esim. LEXUS IS III]"},"content":{"rendered":"<p><strong>Toyota 2.5 Hybridmotor (motorkod: 2AR-FXE)<\/strong> \u00e4r en avancerad hybridmotor designad f\u00f6r att vara milj\u00f6v\u00e4nlig och effektiv. Motorn har utvecklats med hj\u00e4lp av Toyotas Hybrid Synergy Drive-teknik, som kombinerar de b\u00e4sta egenskaperna hos en bensinmotor och en elmotor.<\/p>\n<p>Bensinmotorn i 2,5-hybridmotorn \u00e4r en 4-cylindrig radmotor utrustad med Toyota D-4S direktinsprutning och VVT-i ventilkontroll. Motorn ger en effekt p\u00e5 152 hk och ett vridmoment p\u00e5 213 Nm. Med hj\u00e4lp av elmotorn stiger den totala effekten till 218 h\u00e4stkrafter. Motorns energi lagras i ett 1,6 kWh litiumjonbatteri, som laddas vid inbromsning och motorbromsning.<\/p>\n<p>Med 2,5-hybridmotorn \u00e4r bilens utsl\u00e4pp mycket l\u00e5ga, eftersom motorn drar mindre br\u00e4nsle \u00e4n traditionella bensinmotorer. Motorns CO2-utsl\u00e4pp ligger under 100 g\/km, vilket g\u00f6r den till ett mycket milj\u00f6v\u00e4nligt alternativ.<\/p>\n<p>Motorn \u00e4r ocks\u00e5 mycket tyst och smidig, och dess transmission \u00e4r smidig och om\u00e4rklig. Motorn \u00e4r designad f\u00f6r att anv\u00e4nda lite br\u00e4nsle och producera lite ljud och vibrationer. Det \u00e4r ocks\u00e5 mycket p\u00e5litligt, eftersom dess komponenter \u00e4r gjorda av h\u00f6gkvalitativa material.<\/p>\n","protected":false},"excerpt":{"rendered":"<p>2.5 Hybrid-motorn anv\u00e4nds i m\u00e5nga Toyota hybridbilar, som Toyota Camry Hybrid, Toyota Avalon Hybrid och Toyota RAV4 Hybrid. Denna motor har visat sig vara mycket popul\u00e4r bland konsumenter p\u00e5 grund av sin milj\u00f6v\u00e4nlighet, effektivitet och prestanda. Motorns livsl\u00e4ngd \u00e4r ocks\u00e5 l\u00e5ng och underh\u00e5llet \u00e4r enkelt och billigt.<\/p>\n","protected":false},"featured_media":4556,"template":"","meta":[],"product_brand":[],"product_cat":[585,637],"product_tag":[686,728,685],"class_list":{"0":"post-5506","1":"product","2":"type-product","3":"status-publish","4":"has-post-thumbnail","6":"product_cat-lexus-sv","7":"product_cat-toyota-sv","8":"product_tag-camry-sv","9":"product_tag-lexus-sv","10":"product_tag-rav-4-sv","11":"pa_varaosan-osasto-motor","14":"first","15":"instock","16":"shipping-taxable","17":"product-type-simple"},"yoast_head":"<!-- This site is optimized with the Yoast SEO plugin v26.8 - https:\/\/yoast.com\/product\/yoast-seo-wordpress\/ -->\n<title>2.5 HYBRYD &quot;2AR-FXE&quot; Motor [esim. LEXUS IS III]<\/title>\n<meta name=\"description\" content=\"En av de motorer som vi ofta har tillg\u00e4ngliga. Skicka en f\u00f6rfr\u00e5gan och f\u00e5 en offert inom 24 timmar. Motorer, v\u00e4xell\u00e5dor och andra bildelar under garanti.\" \/>\n<meta name=\"robots\" content=\"index, follow, max-snippet:-1, max-image-preview:large, max-video-preview:-1\" \/>\n<link rel=\"canonical\" href=\"https:\/\/autopartscenter24.com\/sv\/auton-varaosat\/2-5-hybryd-2ar-fxe-moottori-lexus-nx-rav4-camry-jpg\/\" \/>\n<meta property=\"og:locale\" content=\"sv_SE\" \/>\n<meta property=\"og:type\" content=\"article\" \/>\n<meta property=\"og:title\" content=\"2.5 HYBRYD &quot;2AR-FXE&quot; Motor [esim. LEXUS IS III]\" \/>\n<meta property=\"og:description\" content=\"En av de motorer som vi ofta har tillg\u00e4ngliga. Skicka en f\u00f6rfr\u00e5gan och f\u00e5 en offert inom 24 timmar. Motorer, v\u00e4xell\u00e5dor och andra bildelar under garanti.\" \/>\n<meta property=\"og:url\" content=\"https:\/\/autopartscenter24.com\/sv\/auton-varaosat\/2-5-hybryd-2ar-fxe-moottori-lexus-nx-rav4-camry-jpg\/\" \/>\n<meta property=\"og:site_name\" content=\"Autopartscenter24\" \/>\n<meta property=\"og:image\" content=\"https:\/\/autopartscenter24.com\/wp-content\/uploads\/2023\/03\/2-5-hybryd-2AR-FXE-moottori-lexus-nx-rav4-camry.webp\" \/>\n\t<meta property=\"og:image:width\" content=\"800\" \/>\n\t<meta property=\"og:image:height\" content=\"600\" \/>\n\t<meta property=\"og:image:type\" content=\"image\/webp\" \/>\n<meta name=\"twitter:card\" content=\"summary_large_image\" \/>\n<meta name=\"twitter:label1\" content=\"Ber\u00e4knad l\u00e4stid\" \/>\n\t<meta name=\"twitter:data1\" content=\"1 minut\" \/>\n<script type=\"application\/ld+json\" class=\"yoast-schema-graph\">{\"@context\":\"https:\/\/schema.org\",\"@graph\":[{\"@type\":\"WebPage\",\"@id\":\"https:\/\/autopartscenter24.com\/auton-varaosat\/2-5-hybryd-2ar-fxe-moottori-lexus-nx-rav4-camry-jpg\/\",\"url\":\"https:\/\/autopartscenter24.com\/auton-varaosat\/2-5-hybryd-2ar-fxe-moottori-lexus-nx-rav4-camry-jpg\/\",\"name\":\"2.5 HYBRYD \\\"2AR-FXE\\\" Motor [esim. LEXUS IS III]\",\"isPartOf\":{\"@id\":\"https:\/\/autopartscenter24.com\/#website\"},\"primaryImageOfPage\":{\"@id\":\"https:\/\/autopartscenter24.com\/auton-varaosat\/2-5-hybryd-2ar-fxe-moottori-lexus-nx-rav4-camry-jpg\/#primaryimage\"},\"image\":{\"@id\":\"https:\/\/autopartscenter24.com\/auton-varaosat\/2-5-hybryd-2ar-fxe-moottori-lexus-nx-rav4-camry-jpg\/#primaryimage\"},\"thumbnailUrl\":\"https:\/\/autopartscenter24.com\/wp-content\/uploads\/2023\/03\/2-5-hybryd-2AR-FXE-moottori-lexus-nx-rav4-camry.webp\",\"datePublished\":\"2023-11-26T16:39:27+00:00\",\"description\":\"En av de motorer som vi ofta har tillg\u00e4ngliga. Skicka en f\u00f6rfr\u00e5gan och f\u00e5 en offert inom 24 timmar. Motorer, v\u00e4xell\u00e5dor och andra bildelar under garanti.\",\"breadcrumb\":{\"@id\":\"https:\/\/autopartscenter24.com\/auton-varaosat\/2-5-hybryd-2ar-fxe-moottori-lexus-nx-rav4-camry-jpg\/#breadcrumb\"},\"inLanguage\":\"sv-SE\",\"potentialAction\":[{\"@type\":\"ReadAction\",\"target\":[\"https:\/\/autopartscenter24.com\/auton-varaosat\/2-5-hybryd-2ar-fxe-moottori-lexus-nx-rav4-camry-jpg\/\"]}]},{\"@type\":\"ImageObject\",\"inLanguage\":\"sv-SE\",\"@id\":\"https:\/\/autopartscenter24.com\/auton-varaosat\/2-5-hybryd-2ar-fxe-moottori-lexus-nx-rav4-camry-jpg\/#primaryimage\",\"url\":\"https:\/\/autopartscenter24.com\/wp-content\/uploads\/2023\/03\/2-5-hybryd-2AR-FXE-moottori-lexus-nx-rav4-camry.webp\",\"contentUrl\":\"https:\/\/autopartscenter24.com\/wp-content\/uploads\/2023\/03\/2-5-hybryd-2AR-FXE-moottori-lexus-nx-rav4-camry.webp\",\"width\":800,\"height\":600},{\"@type\":\"BreadcrumbList\",\"@id\":\"https:\/\/autopartscenter24.com\/auton-varaosat\/2-5-hybryd-2ar-fxe-moottori-lexus-nx-rav4-camry-jpg\/#breadcrumb\",\"itemListElement\":[{\"@type\":\"ListItem\",\"position\":1,\"name\":\"Hem\",\"item\":\"https:\/\/aliceblue-termite-662564.hostingersite.com\/\"},{\"@type\":\"ListItem\",\"position\":2,\"name\":\"Auton varaosat\",\"item\":\"https:\/\/aliceblue-termite-662564.hostingersite.com\/auton-varaosat\/\"},{\"@type\":\"ListItem\",\"position\":3,\"name\":\"2.5 HYBRYD &#8221;2AR-FXE&#8221; Motor [esim. LEXUS IS III]\"}]},{\"@type\":\"WebSite\",\"@id\":\"https:\/\/autopartscenter24.com\/#website\",\"url\":\"https:\/\/autopartscenter24.com\/\",\"name\":\"Autopartscenter24\",\"description\":\"K\u00c4YTETYT JA KUNNOSTETUT  AUTON VARAOSAT\",\"potentialAction\":[{\"@type\":\"SearchAction\",\"target\":{\"@type\":\"EntryPoint\",\"urlTemplate\":\"https:\/\/autopartscenter24.com\/?s={search_term_string}\"},\"query-input\":{\"@type\":\"PropertyValueSpecification\",\"valueRequired\":true,\"valueName\":\"search_term_string\"}}],\"inLanguage\":\"sv-SE\"}]}<\/script>\n<!-- \/ Yoast SEO plugin. -->","yoast_head_json":{"title":"2.5 HYBRYD \"2AR-FXE\" Motor [esim. LEXUS IS III]","description":"En av de motorer som vi ofta har tillg\u00e4ngliga. Skicka en f\u00f6rfr\u00e5gan och f\u00e5 en offert inom 24 timmar. Motorer, v\u00e4xell\u00e5dor och andra bildelar under garanti.","robots":{"index":"index","follow":"follow","max-snippet":"max-snippet:-1","max-image-preview":"max-image-preview:large","max-video-preview":"max-video-preview:-1"},"canonical":"https:\/\/autopartscenter24.com\/sv\/auton-varaosat\/2-5-hybryd-2ar-fxe-moottori-lexus-nx-rav4-camry-jpg\/","og_locale":"sv_SE","og_type":"article","og_title":"2.5 HYBRYD \"2AR-FXE\" Motor [esim. LEXUS IS III]","og_description":"En av de motorer som vi ofta har tillg\u00e4ngliga. Skicka en f\u00f6rfr\u00e5gan och f\u00e5 en offert inom 24 timmar. Motorer, v\u00e4xell\u00e5dor och andra bildelar under garanti.","og_url":"https:\/\/autopartscenter24.com\/sv\/auton-varaosat\/2-5-hybryd-2ar-fxe-moottori-lexus-nx-rav4-camry-jpg\/","og_site_name":"Autopartscenter24","og_image":[{"width":800,"height":600,"url":"https:\/\/autopartscenter24.com\/wp-content\/uploads\/2023\/03\/2-5-hybryd-2AR-FXE-moottori-lexus-nx-rav4-camry.webp","type":"image\/webp"}],"twitter_card":"summary_large_image","twitter_misc":{"Ber\u00e4knad l\u00e4stid":"1 minut"},"schema":{"@context":"https:\/\/schema.org","@graph":[{"@type":"WebPage","@id":"https:\/\/autopartscenter24.com\/auton-varaosat\/2-5-hybryd-2ar-fxe-moottori-lexus-nx-rav4-camry-jpg\/","url":"https:\/\/autopartscenter24.com\/auton-varaosat\/2-5-hybryd-2ar-fxe-moottori-lexus-nx-rav4-camry-jpg\/","name":"2.5 HYBRYD \"2AR-FXE\" Motor [esim. LEXUS IS III]","isPartOf":{"@id":"https:\/\/autopartscenter24.com\/#website"},"primaryImageOfPage":{"@id":"https:\/\/autopartscenter24.com\/auton-varaosat\/2-5-hybryd-2ar-fxe-moottori-lexus-nx-rav4-camry-jpg\/#primaryimage"},"image":{"@id":"https:\/\/autopartscenter24.com\/auton-varaosat\/2-5-hybryd-2ar-fxe-moottori-lexus-nx-rav4-camry-jpg\/#primaryimage"},"thumbnailUrl":"https:\/\/autopartscenter24.com\/wp-content\/uploads\/2023\/03\/2-5-hybryd-2AR-FXE-moottori-lexus-nx-rav4-camry.webp","datePublished":"2023-11-26T16:39:27+00:00","description":"En av de motorer som vi ofta har tillg\u00e4ngliga. Skicka en f\u00f6rfr\u00e5gan och f\u00e5 en offert inom 24 timmar. Motorer, v\u00e4xell\u00e5dor och andra bildelar under garanti.","breadcrumb":{"@id":"https:\/\/autopartscenter24.com\/auton-varaosat\/2-5-hybryd-2ar-fxe-moottori-lexus-nx-rav4-camry-jpg\/#breadcrumb"},"inLanguage":"sv-SE","potentialAction":[{"@type":"ReadAction","target":["https:\/\/autopartscenter24.com\/auton-varaosat\/2-5-hybryd-2ar-fxe-moottori-lexus-nx-rav4-camry-jpg\/"]}]},{"@type":"ImageObject","inLanguage":"sv-SE","@id":"https:\/\/autopartscenter24.com\/auton-varaosat\/2-5-hybryd-2ar-fxe-moottori-lexus-nx-rav4-camry-jpg\/#primaryimage","url":"https:\/\/autopartscenter24.com\/wp-content\/uploads\/2023\/03\/2-5-hybryd-2AR-FXE-moottori-lexus-nx-rav4-camry.webp","contentUrl":"https:\/\/autopartscenter24.com\/wp-content\/uploads\/2023\/03\/2-5-hybryd-2AR-FXE-moottori-lexus-nx-rav4-camry.webp","width":800,"height":600},{"@type":"BreadcrumbList","@id":"https:\/\/autopartscenter24.com\/auton-varaosat\/2-5-hybryd-2ar-fxe-moottori-lexus-nx-rav4-camry-jpg\/#breadcrumb","itemListElement":[{"@type":"ListItem","position":1,"name":"Hem","item":"https:\/\/aliceblue-termite-662564.hostingersite.com\/"},{"@type":"ListItem","position":2,"name":"Auton varaosat","item":"https:\/\/aliceblue-termite-662564.hostingersite.com\/auton-varaosat\/"},{"@type":"ListItem","position":3,"name":"2.5 HYBRYD &#8221;2AR-FXE&#8221; Motor [esim. LEXUS IS III]"}]},{"@type":"WebSite","@id":"https:\/\/autopartscenter24.com\/#website","url":"https:\/\/autopartscenter24.com\/","name":"Autopartscenter24","description":"K\u00c4YTETYT JA KUNNOSTETUT  AUTON VARAOSAT","potentialAction":[{"@type":"SearchAction","target":{"@type":"EntryPoint","urlTemplate":"https:\/\/autopartscenter24.com\/?s={search_term_string}"},"query-input":{"@type":"PropertyValueSpecification","valueRequired":true,"valueName":"search_term_string"}}],"inLanguage":"sv-SE"}]}},"_links":{"self":[{"href":"https:\/\/autopartscenter24.com\/sv\/wp-json\/wp\/v2\/product\/5506","targetHints":{"allow":["GET"]}}],"collection":[{"href":"https:\/\/autopartscenter24.com\/sv\/wp-json\/wp\/v2\/product"}],"about":[{"href":"https:\/\/autopartscenter24.com\/sv\/wp-json\/wp\/v2\/types\/product"}],"wp:featuredmedia":[{"embeddable":true,"href":"https:\/\/autopartscenter24.com\/sv\/wp-json\/wp\/v2\/media\/4556"}],"wp:attachment":[{"href":"https:\/\/autopartscenter24.com\/sv\/wp-json\/wp\/v2\/media?parent=5506"}],"wp:term":[{"taxonomy":"product_brand","embeddable":true,"href":"https:\/\/autopartscenter24.com\/sv\/wp-json\/wp\/v2\/product_brand?post=5506"},{"taxonomy":"product_cat","embeddable":true,"href":"https:\/\/autopartscenter24.com\/sv\/wp-json\/wp\/v2\/product_cat?post=5506"},{"taxonomy":"product_tag","embeddable":true,"href":"https:\/\/autopartscenter24.com\/sv\/wp-json\/wp\/v2\/product_tag?post=5506"}],"curies":[{"name":"wp","href":"https:\/\/api.w.org\/{rel}","templated":true}]}}