{"id":5504,"date":"2023-03-05T18:04:11","date_gmt":"2023-11-26T16:32:48","guid":{"rendered":"https:\/\/autopartscenter24.com\/product\/1-5-tgi-dhfa-motor-esim-golf-polo-leon-a3-octavia\/"},"modified":"2023-11-26T17:32:48","modified_gmt":"2023-11-26T16:32:48","slug":"1-5-tgi-dhfa-motor-vw-golf-leon","status":"publish","type":"product","link":"https:\/\/autopartscenter24.com\/sv\/auton-varaosat\/1-5-tgi-dhfa-motor-vw-golf-leon\/","title":{"rendered":"1.5 TGI &#8221;DHFA&#8221; Motor [esim. Golf, Polo, Leon, A3, Octavia]"},"content":{"rendered":"<p><strong>1,5 TGI (DHFA)<\/strong> \u00e4r en gasmotor utvecklad av Volkswagen och \u00e4r avsedd f\u00f6r anv\u00e4ndning med biogas eller naturgas. Det \u00e4r en fyrcylindrig radmotor baserad p\u00e5 1,4 TSI-motorn, men optimerad f\u00f6r gasanv\u00e4ndning. DHFA-motorn har ett direktinsprutningssystem som s\u00e4kerst\u00e4ller en effektiv f\u00f6rbr\u00e4nning av br\u00e4nslet, vilket i sin tur minskar partikelutsl\u00e4ppen.<\/p>\n<p><strong>Maxeffekten f\u00f6r DHFA-motorn<\/strong> \u00e4r 96 kW (130 hk) och den ger ett vridmoment p\u00e5 200 Nm. Den \u00e4r utrustad med en Start-Stop-funktion som st\u00e4nger av motorn vid ljus och andra stopp, vilket hj\u00e4lper till att spara br\u00e4nsle. Motorns br\u00e4nsleekonomi \u00e4r en av dess st\u00f6rsta f\u00f6rdelar: den f\u00f6rbrukar mindre br\u00e4nsle \u00e4n liknande bensinmotorer.<\/p>\n<p>Serviceintervallet f\u00f6r DHFA-motorn \u00e4r cirka 30 000 km eller vartannat \u00e5r. Motorn \u00e4r ocks\u00e5 utrustad med ett system som f\u00f6rhindrar att gasformigt br\u00e4nsle kommer in i oljan, vilket f\u00f6rl\u00e4nger oljebytesintervallet.<\/p>\n<p>DHFA-motorn anv\u00e4nds i Volkswagen Groups bilar, s\u00e5som Volkswagen Golf TGI och Volkswagen Polo TGI. Den anv\u00e4nds \u00e4ven i Seat Leon och Skoda Octavia G-TEC-modeller. Anv\u00e4ndningen av DHFA-motorn \u00e4r s\u00e4rskilt popul\u00e4r i Tyskland, d\u00e4r anv\u00e4ndningen av biogas \u00e4r vanligt.<\/p>\n","protected":false},"excerpt":{"rendered":"<p>Lista \u00f6ver bilar d\u00e4r DHFA-motorn anv\u00e4nds:<\/p>\n<ul>\n<li>Volkswagen Golf TGI<\/li>\n<li>Volkswagen Polo TGI<\/li>\n<li>Seat Leon TGI<\/li>\n<li>Skoda Octavia G-TEC<\/li>\n<li>Audi A3 G-Tron<\/li>\n<\/ul>\n","protected":false},"featured_media":4566,"template":"","meta":[],"product_brand":[],"product_cat":[468,471,470,469],"product_tag":[472,473,656,474,666],"class_list":{"0":"post-5504","1":"product","2":"type-product","3":"status-publish","4":"has-post-thumbnail","6":"product_cat-audi-sv","7":"product_cat-seat-sv","8":"product_cat-skoda-sv","9":"product_cat-vw-sv","10":"product_tag-a3-sv","11":"product_tag-golf-sv","12":"product_tag-leon-sv","13":"product_tag-octavia-sv","14":"product_tag-polo-sv","15":"pa_varaosan-osasto-motor","18":"first","19":"instock","20":"shipping-taxable","21":"product-type-simple"},"yoast_head":"<!-- This site is optimized with the Yoast SEO plugin v26.8 - https:\/\/yoast.com\/product\/yoast-seo-wordpress\/ -->\n<title>1.5 TGI &quot;DHFA&quot; Motor [esim. Golf, Polo, Leon, A3, Octavia]<\/title>\n<meta name=\"description\" content=\"En av de motorer som vi ofta har tillg\u00e4ngliga. Skicka en f\u00f6rfr\u00e5gan och f\u00e5 en offert inom 24 timmar. Motorer, v\u00e4xell\u00e5dor och andra bildelar under garanti.\" \/>\n<meta name=\"robots\" content=\"index, follow, max-snippet:-1, max-image-preview:large, max-video-preview:-1\" \/>\n<link rel=\"canonical\" href=\"https:\/\/autopartscenter24.com\/sv\/auton-varaosat\/1-5-tgi-dhfa-moottori-vw-golf-leon\/\" \/>\n<meta property=\"og:locale\" content=\"sv_SE\" \/>\n<meta property=\"og:type\" content=\"article\" \/>\n<meta property=\"og:title\" content=\"1.5 TGI &quot;DHFA&quot; Motor [esim. Golf, Polo, Leon, A3, Octavia]\" \/>\n<meta property=\"og:description\" content=\"En av de motorer som vi ofta har tillg\u00e4ngliga. Skicka en f\u00f6rfr\u00e5gan och f\u00e5 en offert inom 24 timmar. Motorer, v\u00e4xell\u00e5dor och andra bildelar under garanti.\" \/>\n<meta property=\"og:url\" content=\"https:\/\/autopartscenter24.com\/sv\/auton-varaosat\/1-5-tgi-dhfa-moottori-vw-golf-leon\/\" \/>\n<meta property=\"og:site_name\" content=\"Autopartscenter24\" \/>\n<meta property=\"og:image\" content=\"https:\/\/autopartscenter24.com\/wp-content\/uploads\/2023\/03\/1-5-tgi-DHFA-moottori-vw-golf-leon.webp\" \/>\n\t<meta property=\"og:image:width\" content=\"800\" \/>\n\t<meta property=\"og:image:height\" content=\"600\" \/>\n\t<meta property=\"og:image:type\" content=\"image\/webp\" \/>\n<meta name=\"twitter:card\" content=\"summary_large_image\" \/>\n<meta name=\"twitter:label1\" content=\"Ber\u00e4knad l\u00e4stid\" \/>\n\t<meta name=\"twitter:data1\" content=\"1 minut\" \/>\n<script type=\"application\/ld+json\" class=\"yoast-schema-graph\">{\"@context\":\"https:\/\/schema.org\",\"@graph\":[{\"@type\":\"WebPage\",\"@id\":\"https:\/\/autopartscenter24.com\/auton-varaosat\/1-5-tgi-dhfa-moottori-vw-golf-leon\/\",\"url\":\"https:\/\/autopartscenter24.com\/auton-varaosat\/1-5-tgi-dhfa-moottori-vw-golf-leon\/\",\"name\":\"1.5 TGI \\\"DHFA\\\" Motor [esim. Golf, Polo, Leon, A3, Octavia]\",\"isPartOf\":{\"@id\":\"https:\/\/autopartscenter24.com\/#website\"},\"primaryImageOfPage\":{\"@id\":\"https:\/\/autopartscenter24.com\/auton-varaosat\/1-5-tgi-dhfa-moottori-vw-golf-leon\/#primaryimage\"},\"image\":{\"@id\":\"https:\/\/autopartscenter24.com\/auton-varaosat\/1-5-tgi-dhfa-moottori-vw-golf-leon\/#primaryimage\"},\"thumbnailUrl\":\"https:\/\/autopartscenter24.com\/wp-content\/uploads\/2023\/03\/1-5-tgi-DHFA-moottori-vw-golf-leon.webp\",\"datePublished\":\"2023-11-26T16:32:48+00:00\",\"description\":\"En av de motorer som vi ofta har tillg\u00e4ngliga. Skicka en f\u00f6rfr\u00e5gan och f\u00e5 en offert inom 24 timmar. Motorer, v\u00e4xell\u00e5dor och andra bildelar under garanti.\",\"breadcrumb\":{\"@id\":\"https:\/\/autopartscenter24.com\/auton-varaosat\/1-5-tgi-dhfa-moottori-vw-golf-leon\/#breadcrumb\"},\"inLanguage\":\"sv-SE\",\"potentialAction\":[{\"@type\":\"ReadAction\",\"target\":[\"https:\/\/autopartscenter24.com\/auton-varaosat\/1-5-tgi-dhfa-moottori-vw-golf-leon\/\"]}]},{\"@type\":\"ImageObject\",\"inLanguage\":\"sv-SE\",\"@id\":\"https:\/\/autopartscenter24.com\/auton-varaosat\/1-5-tgi-dhfa-moottori-vw-golf-leon\/#primaryimage\",\"url\":\"https:\/\/autopartscenter24.com\/wp-content\/uploads\/2023\/03\/1-5-tgi-DHFA-moottori-vw-golf-leon.webp\",\"contentUrl\":\"https:\/\/autopartscenter24.com\/wp-content\/uploads\/2023\/03\/1-5-tgi-DHFA-moottori-vw-golf-leon.webp\",\"width\":800,\"height\":600},{\"@type\":\"BreadcrumbList\",\"@id\":\"https:\/\/autopartscenter24.com\/auton-varaosat\/1-5-tgi-dhfa-moottori-vw-golf-leon\/#breadcrumb\",\"itemListElement\":[{\"@type\":\"ListItem\",\"position\":1,\"name\":\"Hem\",\"item\":\"https:\/\/aliceblue-termite-662564.hostingersite.com\/\"},{\"@type\":\"ListItem\",\"position\":2,\"name\":\"Auton varaosat\",\"item\":\"https:\/\/aliceblue-termite-662564.hostingersite.com\/auton-varaosat\/\"},{\"@type\":\"ListItem\",\"position\":3,\"name\":\"1.5 TGI &#8221;DHFA&#8221; Motor [esim. Golf, Polo, Leon, A3, Octavia]\"}]},{\"@type\":\"WebSite\",\"@id\":\"https:\/\/autopartscenter24.com\/#website\",\"url\":\"https:\/\/autopartscenter24.com\/\",\"name\":\"Autopartscenter24\",\"description\":\"K\u00c4YTETYT JA KUNNOSTETUT  AUTON VARAOSAT\",\"potentialAction\":[{\"@type\":\"SearchAction\",\"target\":{\"@type\":\"EntryPoint\",\"urlTemplate\":\"https:\/\/autopartscenter24.com\/?s={search_term_string}\"},\"query-input\":{\"@type\":\"PropertyValueSpecification\",\"valueRequired\":true,\"valueName\":\"search_term_string\"}}],\"inLanguage\":\"sv-SE\"}]}<\/script>\n<!-- \/ Yoast SEO plugin. -->","yoast_head_json":{"title":"1.5 TGI \"DHFA\" Motor [esim. Golf, Polo, Leon, A3, Octavia]","description":"En av de motorer som vi ofta har tillg\u00e4ngliga. Skicka en f\u00f6rfr\u00e5gan och f\u00e5 en offert inom 24 timmar. Motorer, v\u00e4xell\u00e5dor och andra bildelar under garanti.","robots":{"index":"index","follow":"follow","max-snippet":"max-snippet:-1","max-image-preview":"max-image-preview:large","max-video-preview":"max-video-preview:-1"},"canonical":"https:\/\/autopartscenter24.com\/sv\/auton-varaosat\/1-5-tgi-dhfa-moottori-vw-golf-leon\/","og_locale":"sv_SE","og_type":"article","og_title":"1.5 TGI \"DHFA\" Motor [esim. Golf, Polo, Leon, A3, Octavia]","og_description":"En av de motorer som vi ofta har tillg\u00e4ngliga. Skicka en f\u00f6rfr\u00e5gan och f\u00e5 en offert inom 24 timmar. Motorer, v\u00e4xell\u00e5dor och andra bildelar under garanti.","og_url":"https:\/\/autopartscenter24.com\/sv\/auton-varaosat\/1-5-tgi-dhfa-moottori-vw-golf-leon\/","og_site_name":"Autopartscenter24","og_image":[{"width":800,"height":600,"url":"https:\/\/autopartscenter24.com\/wp-content\/uploads\/2023\/03\/1-5-tgi-DHFA-moottori-vw-golf-leon.webp","type":"image\/webp"}],"twitter_card":"summary_large_image","twitter_misc":{"Ber\u00e4knad l\u00e4stid":"1 minut"},"schema":{"@context":"https:\/\/schema.org","@graph":[{"@type":"WebPage","@id":"https:\/\/autopartscenter24.com\/auton-varaosat\/1-5-tgi-dhfa-moottori-vw-golf-leon\/","url":"https:\/\/autopartscenter24.com\/auton-varaosat\/1-5-tgi-dhfa-moottori-vw-golf-leon\/","name":"1.5 TGI \"DHFA\" Motor [esim. Golf, Polo, Leon, A3, Octavia]","isPartOf":{"@id":"https:\/\/autopartscenter24.com\/#website"},"primaryImageOfPage":{"@id":"https:\/\/autopartscenter24.com\/auton-varaosat\/1-5-tgi-dhfa-moottori-vw-golf-leon\/#primaryimage"},"image":{"@id":"https:\/\/autopartscenter24.com\/auton-varaosat\/1-5-tgi-dhfa-moottori-vw-golf-leon\/#primaryimage"},"thumbnailUrl":"https:\/\/autopartscenter24.com\/wp-content\/uploads\/2023\/03\/1-5-tgi-DHFA-moottori-vw-golf-leon.webp","datePublished":"2023-11-26T16:32:48+00:00","description":"En av de motorer som vi ofta har tillg\u00e4ngliga. Skicka en f\u00f6rfr\u00e5gan och f\u00e5 en offert inom 24 timmar. Motorer, v\u00e4xell\u00e5dor och andra bildelar under garanti.","breadcrumb":{"@id":"https:\/\/autopartscenter24.com\/auton-varaosat\/1-5-tgi-dhfa-moottori-vw-golf-leon\/#breadcrumb"},"inLanguage":"sv-SE","potentialAction":[{"@type":"ReadAction","target":["https:\/\/autopartscenter24.com\/auton-varaosat\/1-5-tgi-dhfa-moottori-vw-golf-leon\/"]}]},{"@type":"ImageObject","inLanguage":"sv-SE","@id":"https:\/\/autopartscenter24.com\/auton-varaosat\/1-5-tgi-dhfa-moottori-vw-golf-leon\/#primaryimage","url":"https:\/\/autopartscenter24.com\/wp-content\/uploads\/2023\/03\/1-5-tgi-DHFA-moottori-vw-golf-leon.webp","contentUrl":"https:\/\/autopartscenter24.com\/wp-content\/uploads\/2023\/03\/1-5-tgi-DHFA-moottori-vw-golf-leon.webp","width":800,"height":600},{"@type":"BreadcrumbList","@id":"https:\/\/autopartscenter24.com\/auton-varaosat\/1-5-tgi-dhfa-moottori-vw-golf-leon\/#breadcrumb","itemListElement":[{"@type":"ListItem","position":1,"name":"Hem","item":"https:\/\/aliceblue-termite-662564.hostingersite.com\/"},{"@type":"ListItem","position":2,"name":"Auton varaosat","item":"https:\/\/aliceblue-termite-662564.hostingersite.com\/auton-varaosat\/"},{"@type":"ListItem","position":3,"name":"1.5 TGI &#8221;DHFA&#8221; Motor [esim. Golf, Polo, Leon, A3, Octavia]"}]},{"@type":"WebSite","@id":"https:\/\/autopartscenter24.com\/#website","url":"https:\/\/autopartscenter24.com\/","name":"Autopartscenter24","description":"K\u00c4YTETYT JA KUNNOSTETUT  AUTON VARAOSAT","potentialAction":[{"@type":"SearchAction","target":{"@type":"EntryPoint","urlTemplate":"https:\/\/autopartscenter24.com\/?s={search_term_string}"},"query-input":{"@type":"PropertyValueSpecification","valueRequired":true,"valueName":"search_term_string"}}],"inLanguage":"sv-SE"}]}},"_links":{"self":[{"href":"https:\/\/autopartscenter24.com\/sv\/wp-json\/wp\/v2\/product\/5504","targetHints":{"allow":["GET"]}}],"collection":[{"href":"https:\/\/autopartscenter24.com\/sv\/wp-json\/wp\/v2\/product"}],"about":[{"href":"https:\/\/autopartscenter24.com\/sv\/wp-json\/wp\/v2\/types\/product"}],"wp:featuredmedia":[{"embeddable":true,"href":"https:\/\/autopartscenter24.com\/sv\/wp-json\/wp\/v2\/media\/4566"}],"wp:attachment":[{"href":"https:\/\/autopartscenter24.com\/sv\/wp-json\/wp\/v2\/media?parent=5504"}],"wp:term":[{"taxonomy":"product_brand","embeddable":true,"href":"https:\/\/autopartscenter24.com\/sv\/wp-json\/wp\/v2\/product_brand?post=5504"},{"taxonomy":"product_cat","embeddable":true,"href":"https:\/\/autopartscenter24.com\/sv\/wp-json\/wp\/v2\/product_cat?post=5504"},{"taxonomy":"product_tag","embeddable":true,"href":"https:\/\/autopartscenter24.com\/sv\/wp-json\/wp\/v2\/product_tag?post=5504"}],"curies":[{"name":"wp","href":"https:\/\/api.w.org\/{rel}","templated":true}]}}