{"id":5503,"date":"2023-03-05T18:10:40","date_gmt":"2023-11-26T16:30:52","guid":{"rendered":"https:\/\/autopartscenter24.com\/product\/2-5-n52b25a-motor-esim-bmw-5-e60-e61-218hv\/"},"modified":"2023-11-26T17:30:52","modified_gmt":"2023-11-26T16:30:52","slug":"2-5-n52b25a-motor-bmw-5-e60-e61-218hv","status":"publish","type":"product","link":"https:\/\/autopartscenter24.com\/sv\/auton-varaosat\/2-5-n52b25a-motor-bmw-5-e60-e61-218hv\/","title":{"rendered":"2.5 &#8221;N52B25A&#8221; Motor [esim. BMW 5 E60, E61 218hv]"},"content":{"rendered":"<p><strong>BMW N52B25A<\/strong> \u00e4r en maskin utvecklad av motortillverkaren BMW. Denna maskin \u00e4r k\u00e4nd f\u00f6r sin prestanda och ekonomi, vilket g\u00f6r den till ett utm\u00e4rkt val f\u00f6r sportfordon. Motorn \u00e4r byggd av aluminiumbalkar och dess vevaxel \u00e4r gjord av st\u00e5l. Maskinen har ett dubbelt Vanos-system som hj\u00e4lper till att f\u00f6rb\u00e4ttra fordonets prestanda och br\u00e4nsleekonomi.<\/p>\n<p>BMW N52B25A cylinderhuvud \u00e4r tillverkat av aluminiumlegering och har 24 ventiler. Motorns maximala effekt \u00e4r 160 kW och vridmomentet \u00e4r 250 Nm. Maskinen har ocks\u00e5 ett h\u00f6gt kompressionsf\u00f6rh\u00e5llande som bidrar till att f\u00f6rb\u00e4ttra motorekonomin. Motorn \u00e4r \u00e4ven utrustad med direkt br\u00e4nsleinsprutning, vilket \u00f6kar dess br\u00e4nsleeffektivitet.<\/p>\n<p>BMW N52B25A utvecklades speciellt f\u00f6r BMW 3-seriens bilar, men den har \u00e4ven anv\u00e4nts i andra BMW-modeller, som BMW Z4 och BMW X3. Motorn har varit ett popul\u00e4rt val i m\u00e5nga BMW-modeller p\u00e5 grund av dess prestanda och br\u00e4nsleekonomi. Maskinens h\u00f6ga effekt m\u00f6jligg\u00f6r snabb acceleration och dess br\u00e4nsleeffektivitet g\u00f6r den samtidigt till ett utm\u00e4rkt val f\u00f6r sportiga fordon.<\/p>\n<p>BMW N52B25A \u00e4r ocks\u00e5 en p\u00e5litlig maskin designad f\u00f6r att h\u00e5lla l\u00e4nge. De h\u00f6gkvalitativa materialen som anv\u00e4nds i dess konstruktion garanterar att maskinen \u00e4r h\u00e5llbar och mindre utsatt f\u00f6r korrosion. Att underh\u00e5lla motorn \u00e4r ocks\u00e5 enkelt, eftersom dess olika delar \u00e4r l\u00e4tta att f\u00e5 tag i och byta ut vid behov.<\/p>\n<p>Dessa bilar \u00e4r utm\u00e4rkta exempel p\u00e5 hur BMW N52B25A-motorn har anv\u00e4nts i m\u00e5nga BMW-modeller f\u00f6r dess prestanda och tillf\u00f6rlitlighet.<\/p>\n","protected":false},"excerpt":{"rendered":"<p>Nedan \u00e4r en lista \u00f6ver BMW-modeller som anv\u00e4nder BMW N52B25A-motorn:<\/p>\n<ul>\n<li>BMW 325i<\/li>\n<li>BMW 525i<\/li>\n<li>BMW X1<\/li>\n<li>BMW Z4<\/li>\n<\/ul>\n","protected":false},"featured_media":4571,"template":"","meta":[],"product_brand":[],"product_cat":[537],"product_tag":[682,683,726,725],"class_list":{"0":"post-5503","1":"product","2":"type-product","3":"status-publish","4":"has-post-thumbnail","6":"product_cat-bmw-sv","7":"product_tag-e60-sv","8":"product_tag-e61-sv","9":"product_tag-x1-sv","10":"product_tag-z4-sv","11":"pa_varaosan-osasto-motor","14":"first","15":"instock","16":"shipping-taxable","17":"product-type-simple"},"yoast_head":"<!-- This site is optimized with the Yoast SEO plugin v26.8 - https:\/\/yoast.com\/product\/yoast-seo-wordpress\/ -->\n<title>2.5 &quot;N52B25A&quot; Motor [esim. BMW 5 E60, E61 218hv]<\/title>\n<meta name=\"description\" content=\"En av de motorer vi ofta har tillg\u00e4nglig. Skicka en f\u00f6rfr\u00e5gan s\u00e5 f\u00e5r du ett erbjudande inom 24 timmar. Motorer, v\u00e4xell\u00e5dor och andra bildelar med garanti.\" \/>\n<meta name=\"robots\" content=\"index, follow, max-snippet:-1, max-image-preview:large, max-video-preview:-1\" \/>\n<link rel=\"canonical\" href=\"https:\/\/autopartscenter24.com\/sv\/auton-varaosat\/2-5-n52b25a-moottori-bmw-5-e60-e61-218hv\/\" \/>\n<meta property=\"og:locale\" content=\"sv_SE\" \/>\n<meta property=\"og:type\" content=\"article\" \/>\n<meta property=\"og:title\" content=\"2.5 &quot;N52B25A&quot; Motor [esim. BMW 5 E60, E61 218hv]\" \/>\n<meta property=\"og:description\" content=\"En av de motorer vi ofta har tillg\u00e4nglig. Skicka en f\u00f6rfr\u00e5gan s\u00e5 f\u00e5r du ett erbjudande inom 24 timmar. Motorer, v\u00e4xell\u00e5dor och andra bildelar med garanti.\" \/>\n<meta property=\"og:url\" content=\"https:\/\/autopartscenter24.com\/sv\/auton-varaosat\/2-5-n52b25a-moottori-bmw-5-e60-e61-218hv\/\" \/>\n<meta property=\"og:site_name\" content=\"Autopartscenter24\" \/>\n<meta property=\"og:image\" content=\"https:\/\/autopartscenter24.com\/wp-content\/uploads\/2023\/03\/2-5-N52B25A-moottori-bmw-5-e60-e61-218hv-1.webp\" \/>\n\t<meta property=\"og:image:width\" content=\"800\" \/>\n\t<meta property=\"og:image:height\" content=\"600\" \/>\n\t<meta property=\"og:image:type\" content=\"image\/webp\" \/>\n<meta name=\"twitter:card\" content=\"summary_large_image\" \/>\n<meta name=\"twitter:label1\" content=\"Ber\u00e4knad l\u00e4stid\" \/>\n\t<meta name=\"twitter:data1\" content=\"1 minut\" \/>\n<script type=\"application\/ld+json\" class=\"yoast-schema-graph\">{\"@context\":\"https:\/\/schema.org\",\"@graph\":[{\"@type\":\"WebPage\",\"@id\":\"https:\/\/autopartscenter24.com\/auton-varaosat\/2-5-n52b25a-moottori-bmw-5-e60-e61-218hv\/\",\"url\":\"https:\/\/autopartscenter24.com\/auton-varaosat\/2-5-n52b25a-moottori-bmw-5-e60-e61-218hv\/\",\"name\":\"2.5 \\\"N52B25A\\\" Motor [esim. BMW 5 E60, E61 218hv]\",\"isPartOf\":{\"@id\":\"https:\/\/autopartscenter24.com\/#website\"},\"primaryImageOfPage\":{\"@id\":\"https:\/\/autopartscenter24.com\/auton-varaosat\/2-5-n52b25a-moottori-bmw-5-e60-e61-218hv\/#primaryimage\"},\"image\":{\"@id\":\"https:\/\/autopartscenter24.com\/auton-varaosat\/2-5-n52b25a-moottori-bmw-5-e60-e61-218hv\/#primaryimage\"},\"thumbnailUrl\":\"https:\/\/autopartscenter24.com\/wp-content\/uploads\/2023\/03\/2-5-N52B25A-moottori-bmw-5-e60-e61-218hv-1.webp\",\"datePublished\":\"2023-11-26T16:30:52+00:00\",\"description\":\"En av de motorer vi ofta har tillg\u00e4nglig. Skicka en f\u00f6rfr\u00e5gan s\u00e5 f\u00e5r du ett erbjudande inom 24 timmar. Motorer, v\u00e4xell\u00e5dor och andra bildelar med garanti.\",\"breadcrumb\":{\"@id\":\"https:\/\/autopartscenter24.com\/auton-varaosat\/2-5-n52b25a-moottori-bmw-5-e60-e61-218hv\/#breadcrumb\"},\"inLanguage\":\"sv-SE\",\"potentialAction\":[{\"@type\":\"ReadAction\",\"target\":[\"https:\/\/autopartscenter24.com\/auton-varaosat\/2-5-n52b25a-moottori-bmw-5-e60-e61-218hv\/\"]}]},{\"@type\":\"ImageObject\",\"inLanguage\":\"sv-SE\",\"@id\":\"https:\/\/autopartscenter24.com\/auton-varaosat\/2-5-n52b25a-moottori-bmw-5-e60-e61-218hv\/#primaryimage\",\"url\":\"https:\/\/autopartscenter24.com\/wp-content\/uploads\/2023\/03\/2-5-N52B25A-moottori-bmw-5-e60-e61-218hv-1.webp\",\"contentUrl\":\"https:\/\/autopartscenter24.com\/wp-content\/uploads\/2023\/03\/2-5-N52B25A-moottori-bmw-5-e60-e61-218hv-1.webp\",\"width\":800,\"height\":600},{\"@type\":\"BreadcrumbList\",\"@id\":\"https:\/\/autopartscenter24.com\/auton-varaosat\/2-5-n52b25a-moottori-bmw-5-e60-e61-218hv\/#breadcrumb\",\"itemListElement\":[{\"@type\":\"ListItem\",\"position\":1,\"name\":\"Hem\",\"item\":\"https:\/\/aliceblue-termite-662564.hostingersite.com\/\"},{\"@type\":\"ListItem\",\"position\":2,\"name\":\"Auton varaosat\",\"item\":\"https:\/\/aliceblue-termite-662564.hostingersite.com\/auton-varaosat\/\"},{\"@type\":\"ListItem\",\"position\":3,\"name\":\"2.5 &#8221;N52B25A&#8221; Motor [esim. BMW 5 E60, E61 218hv]\"}]},{\"@type\":\"WebSite\",\"@id\":\"https:\/\/autopartscenter24.com\/#website\",\"url\":\"https:\/\/autopartscenter24.com\/\",\"name\":\"Autopartscenter24\",\"description\":\"K\u00c4YTETYT JA KUNNOSTETUT  AUTON VARAOSAT\",\"potentialAction\":[{\"@type\":\"SearchAction\",\"target\":{\"@type\":\"EntryPoint\",\"urlTemplate\":\"https:\/\/autopartscenter24.com\/?s={search_term_string}\"},\"query-input\":{\"@type\":\"PropertyValueSpecification\",\"valueRequired\":true,\"valueName\":\"search_term_string\"}}],\"inLanguage\":\"sv-SE\"}]}<\/script>\n<!-- \/ Yoast SEO plugin. -->","yoast_head_json":{"title":"2.5 \"N52B25A\" Motor [esim. BMW 5 E60, E61 218hv]","description":"En av de motorer vi ofta har tillg\u00e4nglig. Skicka en f\u00f6rfr\u00e5gan s\u00e5 f\u00e5r du ett erbjudande inom 24 timmar. Motorer, v\u00e4xell\u00e5dor och andra bildelar med garanti.","robots":{"index":"index","follow":"follow","max-snippet":"max-snippet:-1","max-image-preview":"max-image-preview:large","max-video-preview":"max-video-preview:-1"},"canonical":"https:\/\/autopartscenter24.com\/sv\/auton-varaosat\/2-5-n52b25a-moottori-bmw-5-e60-e61-218hv\/","og_locale":"sv_SE","og_type":"article","og_title":"2.5 \"N52B25A\" Motor [esim. BMW 5 E60, E61 218hv]","og_description":"En av de motorer vi ofta har tillg\u00e4nglig. Skicka en f\u00f6rfr\u00e5gan s\u00e5 f\u00e5r du ett erbjudande inom 24 timmar. Motorer, v\u00e4xell\u00e5dor och andra bildelar med garanti.","og_url":"https:\/\/autopartscenter24.com\/sv\/auton-varaosat\/2-5-n52b25a-moottori-bmw-5-e60-e61-218hv\/","og_site_name":"Autopartscenter24","og_image":[{"width":800,"height":600,"url":"https:\/\/autopartscenter24.com\/wp-content\/uploads\/2023\/03\/2-5-N52B25A-moottori-bmw-5-e60-e61-218hv-1.webp","type":"image\/webp"}],"twitter_card":"summary_large_image","twitter_misc":{"Ber\u00e4knad l\u00e4stid":"1 minut"},"schema":{"@context":"https:\/\/schema.org","@graph":[{"@type":"WebPage","@id":"https:\/\/autopartscenter24.com\/auton-varaosat\/2-5-n52b25a-moottori-bmw-5-e60-e61-218hv\/","url":"https:\/\/autopartscenter24.com\/auton-varaosat\/2-5-n52b25a-moottori-bmw-5-e60-e61-218hv\/","name":"2.5 \"N52B25A\" Motor [esim. BMW 5 E60, E61 218hv]","isPartOf":{"@id":"https:\/\/autopartscenter24.com\/#website"},"primaryImageOfPage":{"@id":"https:\/\/autopartscenter24.com\/auton-varaosat\/2-5-n52b25a-moottori-bmw-5-e60-e61-218hv\/#primaryimage"},"image":{"@id":"https:\/\/autopartscenter24.com\/auton-varaosat\/2-5-n52b25a-moottori-bmw-5-e60-e61-218hv\/#primaryimage"},"thumbnailUrl":"https:\/\/autopartscenter24.com\/wp-content\/uploads\/2023\/03\/2-5-N52B25A-moottori-bmw-5-e60-e61-218hv-1.webp","datePublished":"2023-11-26T16:30:52+00:00","description":"En av de motorer vi ofta har tillg\u00e4nglig. Skicka en f\u00f6rfr\u00e5gan s\u00e5 f\u00e5r du ett erbjudande inom 24 timmar. Motorer, v\u00e4xell\u00e5dor och andra bildelar med garanti.","breadcrumb":{"@id":"https:\/\/autopartscenter24.com\/auton-varaosat\/2-5-n52b25a-moottori-bmw-5-e60-e61-218hv\/#breadcrumb"},"inLanguage":"sv-SE","potentialAction":[{"@type":"ReadAction","target":["https:\/\/autopartscenter24.com\/auton-varaosat\/2-5-n52b25a-moottori-bmw-5-e60-e61-218hv\/"]}]},{"@type":"ImageObject","inLanguage":"sv-SE","@id":"https:\/\/autopartscenter24.com\/auton-varaosat\/2-5-n52b25a-moottori-bmw-5-e60-e61-218hv\/#primaryimage","url":"https:\/\/autopartscenter24.com\/wp-content\/uploads\/2023\/03\/2-5-N52B25A-moottori-bmw-5-e60-e61-218hv-1.webp","contentUrl":"https:\/\/autopartscenter24.com\/wp-content\/uploads\/2023\/03\/2-5-N52B25A-moottori-bmw-5-e60-e61-218hv-1.webp","width":800,"height":600},{"@type":"BreadcrumbList","@id":"https:\/\/autopartscenter24.com\/auton-varaosat\/2-5-n52b25a-moottori-bmw-5-e60-e61-218hv\/#breadcrumb","itemListElement":[{"@type":"ListItem","position":1,"name":"Hem","item":"https:\/\/aliceblue-termite-662564.hostingersite.com\/"},{"@type":"ListItem","position":2,"name":"Auton varaosat","item":"https:\/\/aliceblue-termite-662564.hostingersite.com\/auton-varaosat\/"},{"@type":"ListItem","position":3,"name":"2.5 &#8221;N52B25A&#8221; Motor [esim. BMW 5 E60, E61 218hv]"}]},{"@type":"WebSite","@id":"https:\/\/autopartscenter24.com\/#website","url":"https:\/\/autopartscenter24.com\/","name":"Autopartscenter24","description":"K\u00c4YTETYT JA KUNNOSTETUT  AUTON VARAOSAT","potentialAction":[{"@type":"SearchAction","target":{"@type":"EntryPoint","urlTemplate":"https:\/\/autopartscenter24.com\/?s={search_term_string}"},"query-input":{"@type":"PropertyValueSpecification","valueRequired":true,"valueName":"search_term_string"}}],"inLanguage":"sv-SE"}]}},"_links":{"self":[{"href":"https:\/\/autopartscenter24.com\/sv\/wp-json\/wp\/v2\/product\/5503","targetHints":{"allow":["GET"]}}],"collection":[{"href":"https:\/\/autopartscenter24.com\/sv\/wp-json\/wp\/v2\/product"}],"about":[{"href":"https:\/\/autopartscenter24.com\/sv\/wp-json\/wp\/v2\/types\/product"}],"wp:featuredmedia":[{"embeddable":true,"href":"https:\/\/autopartscenter24.com\/sv\/wp-json\/wp\/v2\/media\/4571"}],"wp:attachment":[{"href":"https:\/\/autopartscenter24.com\/sv\/wp-json\/wp\/v2\/media?parent=5503"}],"wp:term":[{"taxonomy":"product_brand","embeddable":true,"href":"https:\/\/autopartscenter24.com\/sv\/wp-json\/wp\/v2\/product_brand?post=5503"},{"taxonomy":"product_cat","embeddable":true,"href":"https:\/\/autopartscenter24.com\/sv\/wp-json\/wp\/v2\/product_cat?post=5503"},{"taxonomy":"product_tag","embeddable":true,"href":"https:\/\/autopartscenter24.com\/sv\/wp-json\/wp\/v2\/product_tag?post=5503"}],"curies":[{"name":"wp","href":"https:\/\/api.w.org\/{rel}","templated":true}]}}