{"id":5502,"date":"2023-03-05T19:09:03","date_gmt":"2023-11-26T16:28:32","guid":{"rendered":"https:\/\/autopartscenter24.com\/product\/2-0-tdi-cba-motor-esim-passat-golf-a3\/"},"modified":"2023-11-26T17:28:32","modified_gmt":"2023-11-26T16:28:32","slug":"2-0-tdi-cba-motor-passat-cc-golf-vi-audi-a3","status":"publish","type":"product","link":"https:\/\/autopartscenter24.com\/sv\/auton-varaosat\/2-0-tdi-cba-motor-passat-cc-golf-vi-audi-a3\/","title":{"rendered":"2.0 TDI &#8221;CBA&#8221; Motor [esim. Passat, Golf, A3]"},"content":{"rendered":"<p>Volkswagen-koncernen har utvecklat och tillverkat flera motorer genom \u00e5ren, och en av dess mest popul\u00e4ra \u00e4r 2.0 TDI-motorn, \u00e4ven k\u00e4nd under motorkoden CBA. Denna motor \u00e4r mycket effektiv och ekonomisk och \u00e4r designad f\u00f6r att anv\u00e4ndas i en m\u00e4ngd olika fordon.<\/p>\n<p><strong>CBA-motorkoden f\u00f6r 2.0 TDI-motorn<\/strong> h\u00e4nvisar till dess konstruktion och tekniska egenskaper. Denna motor \u00e4r 4-cylindrig och har en cylindervolym p\u00e5 1968 cm\u00b3. Den ger en effekt p\u00e5 upp till 170 hk och ett vridmoment p\u00e5 350 Nm, vilket m\u00f6jligg\u00f6r snabb och effektiv k\u00f6rning. Motorn har ett direktinsprutningssystem och en turboladdare som f\u00f6rb\u00e4ttrar dess prestanda och br\u00e4nsleekonomi.<\/p>\n<p>2.0 TDI-motorn \u00e4r ocks\u00e5 utrustad med m\u00e5nga innovativa tekniska l\u00f6sningar, som Start-Stop-systemet, som st\u00e4nger av motorn i situationer d\u00e4r bilen st\u00e5r stilla. Detta hj\u00e4lper till att minska br\u00e4nslef\u00f6rbrukningen och utsl\u00e4ppen. Motorn har \u00e4ven ett regenerativt bromssystem som anv\u00e4nder bilens kinetiska energi f\u00f6r att ladda batteriet och minska br\u00e4nslef\u00f6rbrukningen.<\/p>\n<p>2.0 TDI-motorn med CBA-koden har ocks\u00e5 visat sig vara en mycket popul\u00e4r motor bland bland annat trimningsentusiaster. Att \u00f6ka motorns kraft och vridmoment kan ytterligare f\u00f6rb\u00e4ttra fordonets prestanda, men det \u00e4r viktigt att komma ih\u00e5g att motorns s\u00e4kerhet och h\u00e5llbarhet kan bli lidande om \u00e4ndringarna inte \u00e4r l\u00e4mpliga.<\/p>\n<p>Sammanfattningsvis \u00e4r 2.0 TDI-motorn med CBA-koden en h\u00f6gpresterande, ekonomisk och p\u00e5litlig motor designad f\u00f6r anv\u00e4ndning i ett brett spektrum av<\/p>\n","protected":false},"excerpt":{"rendered":"<p>CBA-koden f\u00f6r 2.0 TDI-motorn anv\u00e4nds i flera Volkswagen Group-fordon, som Audi A4, A5 och A6, Volkswagen Passat, Golf och Tiguan och Skoda Superb och Octavia. Motorn finns i olika effekt- och vridmomentversioner f\u00f6r att passa olika fordon. Motorn \u00e4r popul\u00e4r i b\u00e5de personbilar och kommersiella fordon och har bevisat sin tillf\u00f6rlitlighet och h\u00e5llbarhet i en m\u00e4ngd olika driftsmilj\u00f6er.<\/p>\n","protected":false},"featured_media":4576,"template":"","meta":[],"product_brand":[],"product_cat":[468,469],"product_tag":[472,473,475],"class_list":{"0":"post-5502","1":"product","2":"type-product","3":"status-publish","4":"has-post-thumbnail","6":"product_cat-audi-sv","7":"product_cat-vw-sv","8":"product_tag-a3-sv","9":"product_tag-golf-sv","10":"product_tag-passat-sv","11":"pa_varaosan-osasto-motor","14":"first","15":"instock","16":"shipping-taxable","17":"product-type-simple"},"yoast_head":"<!-- This site is optimized with the Yoast SEO plugin v26.8 - https:\/\/yoast.com\/product\/yoast-seo-wordpress\/ -->\n<title>2.0 TDI &quot;CBA&quot; Motor [esim. Passat, Golf, A3] - Autopartscenter24<\/title>\n<meta name=\"description\" content=\"En av de motorer som vi ofta har tillg\u00e4ngliga. Skicka en f\u00f6rfr\u00e5gan och f\u00e5 en offert inom 24 timmar. Motorer, v\u00e4xell\u00e5dor och andra bildelar under garanti.\" \/>\n<meta name=\"robots\" content=\"index, follow, max-snippet:-1, max-image-preview:large, max-video-preview:-1\" \/>\n<link rel=\"canonical\" href=\"https:\/\/autopartscenter24.com\/sv\/auton-varaosat\/2-0-tdi-cba-moottori-passat-cc-golf-vi-audi-a3\/\" \/>\n<meta property=\"og:locale\" content=\"sv_SE\" \/>\n<meta property=\"og:type\" content=\"article\" \/>\n<meta property=\"og:title\" content=\"2.0 TDI &quot;CBA&quot; Motor [esim. Passat, Golf, A3] - Autopartscenter24\" \/>\n<meta property=\"og:description\" content=\"En av de motorer som vi ofta har tillg\u00e4ngliga. Skicka en f\u00f6rfr\u00e5gan och f\u00e5 en offert inom 24 timmar. Motorer, v\u00e4xell\u00e5dor och andra bildelar under garanti.\" \/>\n<meta property=\"og:url\" content=\"https:\/\/autopartscenter24.com\/sv\/auton-varaosat\/2-0-tdi-cba-moottori-passat-cc-golf-vi-audi-a3\/\" \/>\n<meta property=\"og:site_name\" content=\"Autopartscenter24\" \/>\n<meta property=\"og:image\" content=\"https:\/\/autopartscenter24.com\/wp-content\/uploads\/2023\/03\/2-0-tdi-CBA-moottori-passat-cc-golf-vi-audi-a3.webp\" \/>\n\t<meta property=\"og:image:width\" content=\"800\" \/>\n\t<meta property=\"og:image:height\" content=\"600\" \/>\n\t<meta property=\"og:image:type\" content=\"image\/webp\" \/>\n<meta name=\"twitter:card\" content=\"summary_large_image\" \/>\n<meta name=\"twitter:label1\" content=\"Ber\u00e4knad l\u00e4stid\" \/>\n\t<meta name=\"twitter:data1\" content=\"1 minut\" \/>\n<script type=\"application\/ld+json\" class=\"yoast-schema-graph\">{\"@context\":\"https:\/\/schema.org\",\"@graph\":[{\"@type\":\"WebPage\",\"@id\":\"https:\/\/autopartscenter24.com\/auton-varaosat\/2-0-tdi-cba-moottori-passat-cc-golf-vi-audi-a3\/\",\"url\":\"https:\/\/autopartscenter24.com\/auton-varaosat\/2-0-tdi-cba-moottori-passat-cc-golf-vi-audi-a3\/\",\"name\":\"2.0 TDI \\\"CBA\\\" Motor [esim. Passat, Golf, A3] - Autopartscenter24\",\"isPartOf\":{\"@id\":\"https:\/\/autopartscenter24.com\/#website\"},\"primaryImageOfPage\":{\"@id\":\"https:\/\/autopartscenter24.com\/auton-varaosat\/2-0-tdi-cba-moottori-passat-cc-golf-vi-audi-a3\/#primaryimage\"},\"image\":{\"@id\":\"https:\/\/autopartscenter24.com\/auton-varaosat\/2-0-tdi-cba-moottori-passat-cc-golf-vi-audi-a3\/#primaryimage\"},\"thumbnailUrl\":\"https:\/\/autopartscenter24.com\/wp-content\/uploads\/2023\/03\/2-0-tdi-CBA-moottori-passat-cc-golf-vi-audi-a3.webp\",\"datePublished\":\"2023-11-26T16:28:32+00:00\",\"description\":\"En av de motorer som vi ofta har tillg\u00e4ngliga. Skicka en f\u00f6rfr\u00e5gan och f\u00e5 en offert inom 24 timmar. Motorer, v\u00e4xell\u00e5dor och andra bildelar under garanti.\",\"breadcrumb\":{\"@id\":\"https:\/\/autopartscenter24.com\/auton-varaosat\/2-0-tdi-cba-moottori-passat-cc-golf-vi-audi-a3\/#breadcrumb\"},\"inLanguage\":\"sv-SE\",\"potentialAction\":[{\"@type\":\"ReadAction\",\"target\":[\"https:\/\/autopartscenter24.com\/auton-varaosat\/2-0-tdi-cba-moottori-passat-cc-golf-vi-audi-a3\/\"]}]},{\"@type\":\"ImageObject\",\"inLanguage\":\"sv-SE\",\"@id\":\"https:\/\/autopartscenter24.com\/auton-varaosat\/2-0-tdi-cba-moottori-passat-cc-golf-vi-audi-a3\/#primaryimage\",\"url\":\"https:\/\/autopartscenter24.com\/wp-content\/uploads\/2023\/03\/2-0-tdi-CBA-moottori-passat-cc-golf-vi-audi-a3.webp\",\"contentUrl\":\"https:\/\/autopartscenter24.com\/wp-content\/uploads\/2023\/03\/2-0-tdi-CBA-moottori-passat-cc-golf-vi-audi-a3.webp\",\"width\":800,\"height\":600},{\"@type\":\"BreadcrumbList\",\"@id\":\"https:\/\/autopartscenter24.com\/auton-varaosat\/2-0-tdi-cba-moottori-passat-cc-golf-vi-audi-a3\/#breadcrumb\",\"itemListElement\":[{\"@type\":\"ListItem\",\"position\":1,\"name\":\"Hem\",\"item\":\"https:\/\/aliceblue-termite-662564.hostingersite.com\/\"},{\"@type\":\"ListItem\",\"position\":2,\"name\":\"Auton varaosat\",\"item\":\"https:\/\/aliceblue-termite-662564.hostingersite.com\/auton-varaosat\/\"},{\"@type\":\"ListItem\",\"position\":3,\"name\":\"2.0 TDI &#8221;CBA&#8221; Motor [esim. Passat, Golf, A3]\"}]},{\"@type\":\"WebSite\",\"@id\":\"https:\/\/autopartscenter24.com\/#website\",\"url\":\"https:\/\/autopartscenter24.com\/\",\"name\":\"Autopartscenter24\",\"description\":\"K\u00c4YTETYT JA KUNNOSTETUT  AUTON VARAOSAT\",\"potentialAction\":[{\"@type\":\"SearchAction\",\"target\":{\"@type\":\"EntryPoint\",\"urlTemplate\":\"https:\/\/autopartscenter24.com\/?s={search_term_string}\"},\"query-input\":{\"@type\":\"PropertyValueSpecification\",\"valueRequired\":true,\"valueName\":\"search_term_string\"}}],\"inLanguage\":\"sv-SE\"}]}<\/script>\n<!-- \/ Yoast SEO plugin. -->","yoast_head_json":{"title":"2.0 TDI \"CBA\" Motor [esim. Passat, Golf, A3] - Autopartscenter24","description":"En av de motorer som vi ofta har tillg\u00e4ngliga. Skicka en f\u00f6rfr\u00e5gan och f\u00e5 en offert inom 24 timmar. Motorer, v\u00e4xell\u00e5dor och andra bildelar under garanti.","robots":{"index":"index","follow":"follow","max-snippet":"max-snippet:-1","max-image-preview":"max-image-preview:large","max-video-preview":"max-video-preview:-1"},"canonical":"https:\/\/autopartscenter24.com\/sv\/auton-varaosat\/2-0-tdi-cba-moottori-passat-cc-golf-vi-audi-a3\/","og_locale":"sv_SE","og_type":"article","og_title":"2.0 TDI \"CBA\" Motor [esim. Passat, Golf, A3] - Autopartscenter24","og_description":"En av de motorer som vi ofta har tillg\u00e4ngliga. Skicka en f\u00f6rfr\u00e5gan och f\u00e5 en offert inom 24 timmar. Motorer, v\u00e4xell\u00e5dor och andra bildelar under garanti.","og_url":"https:\/\/autopartscenter24.com\/sv\/auton-varaosat\/2-0-tdi-cba-moottori-passat-cc-golf-vi-audi-a3\/","og_site_name":"Autopartscenter24","og_image":[{"width":800,"height":600,"url":"https:\/\/autopartscenter24.com\/wp-content\/uploads\/2023\/03\/2-0-tdi-CBA-moottori-passat-cc-golf-vi-audi-a3.webp","type":"image\/webp"}],"twitter_card":"summary_large_image","twitter_misc":{"Ber\u00e4knad l\u00e4stid":"1 minut"},"schema":{"@context":"https:\/\/schema.org","@graph":[{"@type":"WebPage","@id":"https:\/\/autopartscenter24.com\/auton-varaosat\/2-0-tdi-cba-moottori-passat-cc-golf-vi-audi-a3\/","url":"https:\/\/autopartscenter24.com\/auton-varaosat\/2-0-tdi-cba-moottori-passat-cc-golf-vi-audi-a3\/","name":"2.0 TDI \"CBA\" Motor [esim. Passat, Golf, A3] - Autopartscenter24","isPartOf":{"@id":"https:\/\/autopartscenter24.com\/#website"},"primaryImageOfPage":{"@id":"https:\/\/autopartscenter24.com\/auton-varaosat\/2-0-tdi-cba-moottori-passat-cc-golf-vi-audi-a3\/#primaryimage"},"image":{"@id":"https:\/\/autopartscenter24.com\/auton-varaosat\/2-0-tdi-cba-moottori-passat-cc-golf-vi-audi-a3\/#primaryimage"},"thumbnailUrl":"https:\/\/autopartscenter24.com\/wp-content\/uploads\/2023\/03\/2-0-tdi-CBA-moottori-passat-cc-golf-vi-audi-a3.webp","datePublished":"2023-11-26T16:28:32+00:00","description":"En av de motorer som vi ofta har tillg\u00e4ngliga. Skicka en f\u00f6rfr\u00e5gan och f\u00e5 en offert inom 24 timmar. Motorer, v\u00e4xell\u00e5dor och andra bildelar under garanti.","breadcrumb":{"@id":"https:\/\/autopartscenter24.com\/auton-varaosat\/2-0-tdi-cba-moottori-passat-cc-golf-vi-audi-a3\/#breadcrumb"},"inLanguage":"sv-SE","potentialAction":[{"@type":"ReadAction","target":["https:\/\/autopartscenter24.com\/auton-varaosat\/2-0-tdi-cba-moottori-passat-cc-golf-vi-audi-a3\/"]}]},{"@type":"ImageObject","inLanguage":"sv-SE","@id":"https:\/\/autopartscenter24.com\/auton-varaosat\/2-0-tdi-cba-moottori-passat-cc-golf-vi-audi-a3\/#primaryimage","url":"https:\/\/autopartscenter24.com\/wp-content\/uploads\/2023\/03\/2-0-tdi-CBA-moottori-passat-cc-golf-vi-audi-a3.webp","contentUrl":"https:\/\/autopartscenter24.com\/wp-content\/uploads\/2023\/03\/2-0-tdi-CBA-moottori-passat-cc-golf-vi-audi-a3.webp","width":800,"height":600},{"@type":"BreadcrumbList","@id":"https:\/\/autopartscenter24.com\/auton-varaosat\/2-0-tdi-cba-moottori-passat-cc-golf-vi-audi-a3\/#breadcrumb","itemListElement":[{"@type":"ListItem","position":1,"name":"Hem","item":"https:\/\/aliceblue-termite-662564.hostingersite.com\/"},{"@type":"ListItem","position":2,"name":"Auton varaosat","item":"https:\/\/aliceblue-termite-662564.hostingersite.com\/auton-varaosat\/"},{"@type":"ListItem","position":3,"name":"2.0 TDI &#8221;CBA&#8221; Motor [esim. Passat, Golf, A3]"}]},{"@type":"WebSite","@id":"https:\/\/autopartscenter24.com\/#website","url":"https:\/\/autopartscenter24.com\/","name":"Autopartscenter24","description":"K\u00c4YTETYT JA KUNNOSTETUT  AUTON VARAOSAT","potentialAction":[{"@type":"SearchAction","target":{"@type":"EntryPoint","urlTemplate":"https:\/\/autopartscenter24.com\/?s={search_term_string}"},"query-input":{"@type":"PropertyValueSpecification","valueRequired":true,"valueName":"search_term_string"}}],"inLanguage":"sv-SE"}]}},"_links":{"self":[{"href":"https:\/\/autopartscenter24.com\/sv\/wp-json\/wp\/v2\/product\/5502","targetHints":{"allow":["GET"]}}],"collection":[{"href":"https:\/\/autopartscenter24.com\/sv\/wp-json\/wp\/v2\/product"}],"about":[{"href":"https:\/\/autopartscenter24.com\/sv\/wp-json\/wp\/v2\/types\/product"}],"wp:featuredmedia":[{"embeddable":true,"href":"https:\/\/autopartscenter24.com\/sv\/wp-json\/wp\/v2\/media\/4576"}],"wp:attachment":[{"href":"https:\/\/autopartscenter24.com\/sv\/wp-json\/wp\/v2\/media?parent=5502"}],"wp:term":[{"taxonomy":"product_brand","embeddable":true,"href":"https:\/\/autopartscenter24.com\/sv\/wp-json\/wp\/v2\/product_brand?post=5502"},{"taxonomy":"product_cat","embeddable":true,"href":"https:\/\/autopartscenter24.com\/sv\/wp-json\/wp\/v2\/product_cat?post=5502"},{"taxonomy":"product_tag","embeddable":true,"href":"https:\/\/autopartscenter24.com\/sv\/wp-json\/wp\/v2\/product_tag?post=5502"}],"curies":[{"name":"wp","href":"https:\/\/api.w.org\/{rel}","templated":true}]}}