{"id":5501,"date":"2023-03-05T19:13:21","date_gmt":"2023-11-26T16:24:42","guid":{"rendered":"https:\/\/autopartscenter24.com\/product\/2-0-d4d-1ad-ftv-motor-esim-avensis-t27-auris-verso\/"},"modified":"2023-11-26T17:24:42","modified_gmt":"2023-11-26T16:24:42","slug":"2-0-d4d-1ad-ftv-motor-avensis-t27-auris-verso","status":"publish","type":"product","link":"https:\/\/autopartscenter24.com\/sv\/auton-varaosat\/2-0-d4d-1ad-ftv-motor-avensis-t27-auris-verso\/","title":{"rendered":"2.0 D4D &#8221;1AD-FTV&#8221; Motor [esim. Avensis T27, Auris Verso]"},"content":{"rendered":"<p><strong>Toyota 2.0 D4D (motorkod: 1AD-FTV) \u00e4r en 2,0-liters, fyrcylindrig dieselmotor designad speciellt f\u00f6r Toyota-fordon.<\/strong> Motorramen \u00e4r gjord av aluminium, vilket f\u00f6rb\u00e4ttrar motorns prestanda och br\u00e4nsleekonomi. Toyota 2.0 D4D-motorn har ett direktinsprutningssystem och en turboladdare, vilket m\u00f6jligg\u00f6r en stark effekt med l\u00e5g f\u00f6rbrukning. Motorn ger 126 h\u00e4stkrafter (93 kW) och ett vridmoment p\u00e5 310 Nm, vilket garanterar bra prestanda.<\/p>\n<p>Toyota 2.0 D4D-motorn har fyra ventiler per cylinder, vilket s\u00e4kerst\u00e4ller effektiv br\u00e4nslef\u00f6rbr\u00e4nning och motoreffektivitet. Motorns inbyggda D-4D-system m\u00f6jligg\u00f6r exakt br\u00e4nsletillf\u00f6rsel och minskar br\u00e4nslef\u00f6rbrukning och utsl\u00e4pp. Motorn uppfyller Euro 4-emissionsnormerna och \u00e4r mycket milj\u00f6v\u00e4nlig.<\/p>\n<p>Toyota 2.0 D4D-motorn har anv\u00e4nts i flera Toyota-modeller, s\u00e5som Avensis, Corolla, RAV4 och Verso. Motorn har visat sig vara mycket p\u00e5litlig och h\u00e5llbar, vilket \u00e4r ett av Toyotas motorers k\u00e4nnetecken. Motorunderh\u00e5ll \u00e4r ocks\u00e5 enkelt och prisv\u00e4rt, vilket g\u00f6r det till ett popul\u00e4rt val f\u00f6r m\u00e5nga f\u00f6rare.<\/p>\n<p>I designen av Toyota 2.0 D4D-motorn har s\u00e4rskild uppm\u00e4rksamhet \u00e4gnats \u00e5t h\u00e5llbarhet och br\u00e4nsleekonomi. Motorn \u00e4r konstruerad f\u00f6r att h\u00e5lla l\u00e4nge och f\u00f6rbruka s\u00e5 lite br\u00e4nsle som m\u00f6jligt. Detta, i kombination med motorns utm\u00e4rkta prestanda, g\u00f6r den till ett mycket popul\u00e4rt val f\u00f6r m\u00e5nga f\u00f6rare som vill kombinera effektivitet och h\u00e5llbarhet i ett paket.<\/p>\n","protected":false},"excerpt":{"rendered":"<p>N\u00e5gra Toyota-modeller som har anv\u00e4nt 2.0 D4D-motorn inkluderar:<\/p>\n<ul>\n<li>Toyota Avensis<\/li>\n<li>Toyota Corolla<\/li>\n<li>Toyota RAV4<\/li>\n<li>Toyota Verso<\/li>\n<\/ul>\n","protected":false},"featured_media":4581,"template":"","meta":[],"product_brand":[],"product_cat":[637],"product_tag":[724,706],"class_list":{"0":"post-5501","1":"product","2":"type-product","3":"status-publish","4":"has-post-thumbnail","6":"product_cat-toyota-sv","7":"product_tag-auris-verso-sv","8":"product_tag-avensis-sv","9":"pa_varaosan-osasto-motor","12":"first","13":"instock","14":"shipping-taxable","15":"product-type-simple"},"yoast_head":"<!-- This site is optimized with the Yoast SEO plugin v26.8 - https:\/\/yoast.com\/product\/yoast-seo-wordpress\/ -->\n<title>2.0 D4D &quot;1AD-FTV&quot; Motor [esim. Avensis T27, Auris Verso]<\/title>\n<meta name=\"description\" content=\"En av de motorer som vi ofta har tillg\u00e4ngliga. Skicka en f\u00f6rfr\u00e5gan och f\u00e5 en offert inom 24 timmar. Motorer, v\u00e4xell\u00e5dor och andra bildelar under garanti.\" \/>\n<meta name=\"robots\" content=\"index, follow, max-snippet:-1, max-image-preview:large, max-video-preview:-1\" \/>\n<link rel=\"canonical\" href=\"https:\/\/autopartscenter24.com\/sv\/auton-varaosat\/2-0-d4d-1ad-ftv-moottori-avensis-t27-auris-verso\/\" \/>\n<meta property=\"og:locale\" content=\"sv_SE\" \/>\n<meta property=\"og:type\" content=\"article\" \/>\n<meta property=\"og:title\" content=\"2.0 D4D &quot;1AD-FTV&quot; Motor [esim. Avensis T27, Auris Verso]\" \/>\n<meta property=\"og:description\" content=\"En av de motorer som vi ofta har tillg\u00e4ngliga. Skicka en f\u00f6rfr\u00e5gan och f\u00e5 en offert inom 24 timmar. Motorer, v\u00e4xell\u00e5dor och andra bildelar under garanti.\" \/>\n<meta property=\"og:url\" content=\"https:\/\/autopartscenter24.com\/sv\/auton-varaosat\/2-0-d4d-1ad-ftv-moottori-avensis-t27-auris-verso\/\" \/>\n<meta property=\"og:site_name\" content=\"Autopartscenter24\" \/>\n<meta property=\"og:image\" content=\"https:\/\/autopartscenter24.com\/wp-content\/uploads\/2023\/03\/2-0-d4d-1AD-FTV-moottori-avensis-t27-auris-verso.webp\" \/>\n\t<meta property=\"og:image:width\" content=\"800\" \/>\n\t<meta property=\"og:image:height\" content=\"600\" \/>\n\t<meta property=\"og:image:type\" content=\"image\/webp\" \/>\n<meta name=\"twitter:card\" content=\"summary_large_image\" \/>\n<meta name=\"twitter:label1\" content=\"Ber\u00e4knad l\u00e4stid\" \/>\n\t<meta name=\"twitter:data1\" content=\"1 minut\" \/>\n<script type=\"application\/ld+json\" class=\"yoast-schema-graph\">{\"@context\":\"https:\/\/schema.org\",\"@graph\":[{\"@type\":\"WebPage\",\"@id\":\"https:\/\/autopartscenter24.com\/auton-varaosat\/2-0-d4d-1ad-ftv-moottori-avensis-t27-auris-verso\/\",\"url\":\"https:\/\/autopartscenter24.com\/auton-varaosat\/2-0-d4d-1ad-ftv-moottori-avensis-t27-auris-verso\/\",\"name\":\"2.0 D4D \\\"1AD-FTV\\\" Motor [esim. Avensis T27, Auris Verso]\",\"isPartOf\":{\"@id\":\"https:\/\/autopartscenter24.com\/#website\"},\"primaryImageOfPage\":{\"@id\":\"https:\/\/autopartscenter24.com\/auton-varaosat\/2-0-d4d-1ad-ftv-moottori-avensis-t27-auris-verso\/#primaryimage\"},\"image\":{\"@id\":\"https:\/\/autopartscenter24.com\/auton-varaosat\/2-0-d4d-1ad-ftv-moottori-avensis-t27-auris-verso\/#primaryimage\"},\"thumbnailUrl\":\"https:\/\/autopartscenter24.com\/wp-content\/uploads\/2023\/03\/2-0-d4d-1AD-FTV-moottori-avensis-t27-auris-verso.webp\",\"datePublished\":\"2023-11-26T16:24:42+00:00\",\"description\":\"En av de motorer som vi ofta har tillg\u00e4ngliga. Skicka en f\u00f6rfr\u00e5gan och f\u00e5 en offert inom 24 timmar. Motorer, v\u00e4xell\u00e5dor och andra bildelar under garanti.\",\"breadcrumb\":{\"@id\":\"https:\/\/autopartscenter24.com\/auton-varaosat\/2-0-d4d-1ad-ftv-moottori-avensis-t27-auris-verso\/#breadcrumb\"},\"inLanguage\":\"sv-SE\",\"potentialAction\":[{\"@type\":\"ReadAction\",\"target\":[\"https:\/\/autopartscenter24.com\/auton-varaosat\/2-0-d4d-1ad-ftv-moottori-avensis-t27-auris-verso\/\"]}]},{\"@type\":\"ImageObject\",\"inLanguage\":\"sv-SE\",\"@id\":\"https:\/\/autopartscenter24.com\/auton-varaosat\/2-0-d4d-1ad-ftv-moottori-avensis-t27-auris-verso\/#primaryimage\",\"url\":\"https:\/\/autopartscenter24.com\/wp-content\/uploads\/2023\/03\/2-0-d4d-1AD-FTV-moottori-avensis-t27-auris-verso.webp\",\"contentUrl\":\"https:\/\/autopartscenter24.com\/wp-content\/uploads\/2023\/03\/2-0-d4d-1AD-FTV-moottori-avensis-t27-auris-verso.webp\",\"width\":800,\"height\":600},{\"@type\":\"BreadcrumbList\",\"@id\":\"https:\/\/autopartscenter24.com\/auton-varaosat\/2-0-d4d-1ad-ftv-moottori-avensis-t27-auris-verso\/#breadcrumb\",\"itemListElement\":[{\"@type\":\"ListItem\",\"position\":1,\"name\":\"Hem\",\"item\":\"https:\/\/aliceblue-termite-662564.hostingersite.com\/\"},{\"@type\":\"ListItem\",\"position\":2,\"name\":\"Auton varaosat\",\"item\":\"https:\/\/aliceblue-termite-662564.hostingersite.com\/auton-varaosat\/\"},{\"@type\":\"ListItem\",\"position\":3,\"name\":\"2.0 D4D &#8221;1AD-FTV&#8221; Motor [esim. Avensis T27, Auris Verso]\"}]},{\"@type\":\"WebSite\",\"@id\":\"https:\/\/autopartscenter24.com\/#website\",\"url\":\"https:\/\/autopartscenter24.com\/\",\"name\":\"Autopartscenter24\",\"description\":\"K\u00c4YTETYT JA KUNNOSTETUT  AUTON VARAOSAT\",\"potentialAction\":[{\"@type\":\"SearchAction\",\"target\":{\"@type\":\"EntryPoint\",\"urlTemplate\":\"https:\/\/autopartscenter24.com\/?s={search_term_string}\"},\"query-input\":{\"@type\":\"PropertyValueSpecification\",\"valueRequired\":true,\"valueName\":\"search_term_string\"}}],\"inLanguage\":\"sv-SE\"}]}<\/script>\n<!-- \/ Yoast SEO plugin. -->","yoast_head_json":{"title":"2.0 D4D \"1AD-FTV\" Motor [esim. Avensis T27, Auris Verso]","description":"En av de motorer som vi ofta har tillg\u00e4ngliga. Skicka en f\u00f6rfr\u00e5gan och f\u00e5 en offert inom 24 timmar. Motorer, v\u00e4xell\u00e5dor och andra bildelar under garanti.","robots":{"index":"index","follow":"follow","max-snippet":"max-snippet:-1","max-image-preview":"max-image-preview:large","max-video-preview":"max-video-preview:-1"},"canonical":"https:\/\/autopartscenter24.com\/sv\/auton-varaosat\/2-0-d4d-1ad-ftv-moottori-avensis-t27-auris-verso\/","og_locale":"sv_SE","og_type":"article","og_title":"2.0 D4D \"1AD-FTV\" Motor [esim. Avensis T27, Auris Verso]","og_description":"En av de motorer som vi ofta har tillg\u00e4ngliga. Skicka en f\u00f6rfr\u00e5gan och f\u00e5 en offert inom 24 timmar. Motorer, v\u00e4xell\u00e5dor och andra bildelar under garanti.","og_url":"https:\/\/autopartscenter24.com\/sv\/auton-varaosat\/2-0-d4d-1ad-ftv-moottori-avensis-t27-auris-verso\/","og_site_name":"Autopartscenter24","og_image":[{"width":800,"height":600,"url":"https:\/\/autopartscenter24.com\/wp-content\/uploads\/2023\/03\/2-0-d4d-1AD-FTV-moottori-avensis-t27-auris-verso.webp","type":"image\/webp"}],"twitter_card":"summary_large_image","twitter_misc":{"Ber\u00e4knad l\u00e4stid":"1 minut"},"schema":{"@context":"https:\/\/schema.org","@graph":[{"@type":"WebPage","@id":"https:\/\/autopartscenter24.com\/auton-varaosat\/2-0-d4d-1ad-ftv-moottori-avensis-t27-auris-verso\/","url":"https:\/\/autopartscenter24.com\/auton-varaosat\/2-0-d4d-1ad-ftv-moottori-avensis-t27-auris-verso\/","name":"2.0 D4D \"1AD-FTV\" Motor [esim. Avensis T27, Auris Verso]","isPartOf":{"@id":"https:\/\/autopartscenter24.com\/#website"},"primaryImageOfPage":{"@id":"https:\/\/autopartscenter24.com\/auton-varaosat\/2-0-d4d-1ad-ftv-moottori-avensis-t27-auris-verso\/#primaryimage"},"image":{"@id":"https:\/\/autopartscenter24.com\/auton-varaosat\/2-0-d4d-1ad-ftv-moottori-avensis-t27-auris-verso\/#primaryimage"},"thumbnailUrl":"https:\/\/autopartscenter24.com\/wp-content\/uploads\/2023\/03\/2-0-d4d-1AD-FTV-moottori-avensis-t27-auris-verso.webp","datePublished":"2023-11-26T16:24:42+00:00","description":"En av de motorer som vi ofta har tillg\u00e4ngliga. Skicka en f\u00f6rfr\u00e5gan och f\u00e5 en offert inom 24 timmar. Motorer, v\u00e4xell\u00e5dor och andra bildelar under garanti.","breadcrumb":{"@id":"https:\/\/autopartscenter24.com\/auton-varaosat\/2-0-d4d-1ad-ftv-moottori-avensis-t27-auris-verso\/#breadcrumb"},"inLanguage":"sv-SE","potentialAction":[{"@type":"ReadAction","target":["https:\/\/autopartscenter24.com\/auton-varaosat\/2-0-d4d-1ad-ftv-moottori-avensis-t27-auris-verso\/"]}]},{"@type":"ImageObject","inLanguage":"sv-SE","@id":"https:\/\/autopartscenter24.com\/auton-varaosat\/2-0-d4d-1ad-ftv-moottori-avensis-t27-auris-verso\/#primaryimage","url":"https:\/\/autopartscenter24.com\/wp-content\/uploads\/2023\/03\/2-0-d4d-1AD-FTV-moottori-avensis-t27-auris-verso.webp","contentUrl":"https:\/\/autopartscenter24.com\/wp-content\/uploads\/2023\/03\/2-0-d4d-1AD-FTV-moottori-avensis-t27-auris-verso.webp","width":800,"height":600},{"@type":"BreadcrumbList","@id":"https:\/\/autopartscenter24.com\/auton-varaosat\/2-0-d4d-1ad-ftv-moottori-avensis-t27-auris-verso\/#breadcrumb","itemListElement":[{"@type":"ListItem","position":1,"name":"Hem","item":"https:\/\/aliceblue-termite-662564.hostingersite.com\/"},{"@type":"ListItem","position":2,"name":"Auton varaosat","item":"https:\/\/aliceblue-termite-662564.hostingersite.com\/auton-varaosat\/"},{"@type":"ListItem","position":3,"name":"2.0 D4D &#8221;1AD-FTV&#8221; Motor [esim. Avensis T27, Auris Verso]"}]},{"@type":"WebSite","@id":"https:\/\/autopartscenter24.com\/#website","url":"https:\/\/autopartscenter24.com\/","name":"Autopartscenter24","description":"K\u00c4YTETYT JA KUNNOSTETUT  AUTON VARAOSAT","potentialAction":[{"@type":"SearchAction","target":{"@type":"EntryPoint","urlTemplate":"https:\/\/autopartscenter24.com\/?s={search_term_string}"},"query-input":{"@type":"PropertyValueSpecification","valueRequired":true,"valueName":"search_term_string"}}],"inLanguage":"sv-SE"}]}},"_links":{"self":[{"href":"https:\/\/autopartscenter24.com\/sv\/wp-json\/wp\/v2\/product\/5501","targetHints":{"allow":["GET"]}}],"collection":[{"href":"https:\/\/autopartscenter24.com\/sv\/wp-json\/wp\/v2\/product"}],"about":[{"href":"https:\/\/autopartscenter24.com\/sv\/wp-json\/wp\/v2\/types\/product"}],"wp:featuredmedia":[{"embeddable":true,"href":"https:\/\/autopartscenter24.com\/sv\/wp-json\/wp\/v2\/media\/4581"}],"wp:attachment":[{"href":"https:\/\/autopartscenter24.com\/sv\/wp-json\/wp\/v2\/media?parent=5501"}],"wp:term":[{"taxonomy":"product_brand","embeddable":true,"href":"https:\/\/autopartscenter24.com\/sv\/wp-json\/wp\/v2\/product_brand?post=5501"},{"taxonomy":"product_cat","embeddable":true,"href":"https:\/\/autopartscenter24.com\/sv\/wp-json\/wp\/v2\/product_cat?post=5501"},{"taxonomy":"product_tag","embeddable":true,"href":"https:\/\/autopartscenter24.com\/sv\/wp-json\/wp\/v2\/product_tag?post=5501"}],"curies":[{"name":"wp","href":"https:\/\/api.w.org\/{rel}","templated":true}]}}