{"id":5500,"date":"2023-03-05T19:17:16","date_gmt":"2023-11-26T16:24:41","guid":{"rendered":"https:\/\/autopartscenter24.com\/product\/2-0-lfd7-motor-esim-mazda-5-6\/"},"modified":"2023-11-26T17:24:41","modified_gmt":"2023-11-26T16:24:41","slug":"2-0-lfd7-motor-mazda-5-6","status":"publish","type":"product","link":"https:\/\/autopartscenter24.com\/sv\/auton-varaosat\/2-0-lfd7-motor-mazda-5-6\/","title":{"rendered":"2.0 &#8221;LFD7&#8221; Motor [esim. Mazda 5, 6]"},"content":{"rendered":"<p>Mazdas 2.0-motor \u00e4r en mycket popul\u00e4r kraftk\u00e4lla i m\u00e5nga fordon som tillverkas av Mazda. Denna motor finns i flera olika motorkoder, en av de vanligaste \u00e4r LFD7. LFD7-motorn \u00e4r en fyrcylindrig bensinmotor som ger upp till 163 h\u00e4stkrafter och 213 Nm i vridmoment.<\/p>\n<p>De tekniska egenskaperna hos LFD7-motorn inkluderar t.ex. dubbla \u00f6verliggande kamaxlar, direkt br\u00e4nsleinsprutning och flerpunktsbr\u00e4nsleinsprutning som hj\u00e4lper motorn att uppn\u00e5 b\u00e4ttre kraft och br\u00e4nsleekonomi. Aluminium anv\u00e4nds i motorns cylinderhuvud, vilket l\u00e4ttar motorns vikt och f\u00f6rb\u00e4ttrar dess prestanda. Motoroljekylaren \u00e4r integrerad med cylinderhuvudet, vilket f\u00f6rb\u00e4ttrar oljekylningseffektiviteten och minskar risken f\u00f6r \u00f6verhettning av motorn.<\/p>\n<p>LFD7-motorn \u00e4r ocks\u00e5 utrustad med Mazdas SkyActiv-teknik, designad f\u00f6r att f\u00f6rb\u00e4ttra br\u00e4nsleekonomin och minska utsl\u00e4ppen. Denna teknik innefattar bland annat aktiv luftstyrning, som minskar luftmotst\u00e5ndet och f\u00f6rb\u00e4ttrar aerodynamiken, samt en l\u00e4tt struktur och effektiv br\u00e4nsleinsprutning av motorn.<\/p>\n<p>Sammanfattningsvis \u00e4r Mazda 2.0 LFD7-motorn en mycket kapabel och effektiv kraftk\u00e4lla som inkluderar flera avancerade teknologier och funktioner. Motorns anv\u00e4ndning i m\u00e5nga olika Mazda-modeller \u00e4r ett bevis p\u00e5 dess tillf\u00f6rlitlighet och h\u00e5llbarhet. Mazda har med denna motor visat att de \u00e4r engagerade i att f\u00f6rse sina f\u00f6rare med avancerade och p\u00e5litliga kraftk\u00e4llor som f\u00f6rb\u00e4ttrar k\u00f6rupplevelsen och minskar milj\u00f6p\u00e5verkan.<\/p>\n<p>Bilar med Mazda 2.0 LFD7 &#8211;<\/p>\n","protected":false},"excerpt":{"rendered":"<p>LFD7-motorn har anv\u00e4nts i en m\u00e4ngd olika Mazda-modeller, inklusive Mazda 5, Mazda 6 och Mazda CX-5. Motorn \u00e4r mycket popul\u00e4r bland f\u00f6rare som v\u00e4rdes\u00e4tter motorprestanda och br\u00e4nsleekonomi. Motorns tillf\u00f6rlitlighet och prestanda har f\u00e5tt mycket ber\u00f6m av bilister och bilexperter.<\/p>\n","protected":false},"featured_media":4586,"template":"","meta":[],"product_brand":[],"product_cat":[589],"product_tag":[723,722],"class_list":{"0":"post-5500","1":"product","2":"type-product","3":"status-publish","4":"has-post-thumbnail","6":"product_cat-mazda-sv","7":"product_tag-5-sv","8":"product_tag-6-sv","9":"pa_varaosan-osasto-motor","12":"first","13":"instock","14":"shipping-taxable","15":"product-type-simple"},"yoast_head":"<!-- This site is optimized with the Yoast SEO plugin v26.8 - https:\/\/yoast.com\/product\/yoast-seo-wordpress\/ -->\n<title>2.0 &quot;LFD7&quot; Motor [esim. Mazda 5, 6] - Autopartscenter24<\/title>\n<meta name=\"description\" content=\"En av de motorer som vi ofta har tillg\u00e4ngliga. Skicka en f\u00f6rfr\u00e5gan och f\u00e5 en offert inom 24 timmar. Motorer, v\u00e4xell\u00e5dor och andra bildelar under garanti.\" \/>\n<meta name=\"robots\" content=\"index, follow, max-snippet:-1, max-image-preview:large, max-video-preview:-1\" \/>\n<link rel=\"canonical\" href=\"https:\/\/autopartscenter24.com\/sv\/auton-varaosat\/2-0-lfd7-moottori-mazda-5-6\/\" \/>\n<meta property=\"og:locale\" content=\"sv_SE\" \/>\n<meta property=\"og:type\" content=\"article\" \/>\n<meta property=\"og:title\" content=\"2.0 &quot;LFD7&quot; Motor [esim. Mazda 5, 6] - Autopartscenter24\" \/>\n<meta property=\"og:description\" content=\"En av de motorer som vi ofta har tillg\u00e4ngliga. Skicka en f\u00f6rfr\u00e5gan och f\u00e5 en offert inom 24 timmar. Motorer, v\u00e4xell\u00e5dor och andra bildelar under garanti.\" \/>\n<meta property=\"og:url\" content=\"https:\/\/autopartscenter24.com\/sv\/auton-varaosat\/2-0-lfd7-moottori-mazda-5-6\/\" \/>\n<meta property=\"og:site_name\" content=\"Autopartscenter24\" \/>\n<meta property=\"og:image\" content=\"https:\/\/autopartscenter24.com\/wp-content\/uploads\/2023\/03\/2-0-LFD7-moottori-mazda-5-6.webp\" \/>\n\t<meta property=\"og:image:width\" content=\"800\" \/>\n\t<meta property=\"og:image:height\" content=\"600\" \/>\n\t<meta property=\"og:image:type\" content=\"image\/webp\" \/>\n<meta name=\"twitter:card\" content=\"summary_large_image\" \/>\n<meta name=\"twitter:label1\" content=\"Ber\u00e4knad l\u00e4stid\" \/>\n\t<meta name=\"twitter:data1\" content=\"1 minut\" \/>\n<script type=\"application\/ld+json\" class=\"yoast-schema-graph\">{\"@context\":\"https:\/\/schema.org\",\"@graph\":[{\"@type\":\"WebPage\",\"@id\":\"https:\/\/autopartscenter24.com\/auton-varaosat\/2-0-lfd7-moottori-mazda-5-6\/\",\"url\":\"https:\/\/autopartscenter24.com\/auton-varaosat\/2-0-lfd7-moottori-mazda-5-6\/\",\"name\":\"2.0 \\\"LFD7\\\" Motor [esim. Mazda 5, 6] - Autopartscenter24\",\"isPartOf\":{\"@id\":\"https:\/\/autopartscenter24.com\/#website\"},\"primaryImageOfPage\":{\"@id\":\"https:\/\/autopartscenter24.com\/auton-varaosat\/2-0-lfd7-moottori-mazda-5-6\/#primaryimage\"},\"image\":{\"@id\":\"https:\/\/autopartscenter24.com\/auton-varaosat\/2-0-lfd7-moottori-mazda-5-6\/#primaryimage\"},\"thumbnailUrl\":\"https:\/\/autopartscenter24.com\/wp-content\/uploads\/2023\/03\/2-0-LFD7-moottori-mazda-5-6.webp\",\"datePublished\":\"2023-11-26T16:24:41+00:00\",\"description\":\"En av de motorer som vi ofta har tillg\u00e4ngliga. Skicka en f\u00f6rfr\u00e5gan och f\u00e5 en offert inom 24 timmar. Motorer, v\u00e4xell\u00e5dor och andra bildelar under garanti.\",\"breadcrumb\":{\"@id\":\"https:\/\/autopartscenter24.com\/auton-varaosat\/2-0-lfd7-moottori-mazda-5-6\/#breadcrumb\"},\"inLanguage\":\"sv-SE\",\"potentialAction\":[{\"@type\":\"ReadAction\",\"target\":[\"https:\/\/autopartscenter24.com\/auton-varaosat\/2-0-lfd7-moottori-mazda-5-6\/\"]}]},{\"@type\":\"ImageObject\",\"inLanguage\":\"sv-SE\",\"@id\":\"https:\/\/autopartscenter24.com\/auton-varaosat\/2-0-lfd7-moottori-mazda-5-6\/#primaryimage\",\"url\":\"https:\/\/autopartscenter24.com\/wp-content\/uploads\/2023\/03\/2-0-LFD7-moottori-mazda-5-6.webp\",\"contentUrl\":\"https:\/\/autopartscenter24.com\/wp-content\/uploads\/2023\/03\/2-0-LFD7-moottori-mazda-5-6.webp\",\"width\":800,\"height\":600},{\"@type\":\"BreadcrumbList\",\"@id\":\"https:\/\/autopartscenter24.com\/auton-varaosat\/2-0-lfd7-moottori-mazda-5-6\/#breadcrumb\",\"itemListElement\":[{\"@type\":\"ListItem\",\"position\":1,\"name\":\"Hem\",\"item\":\"https:\/\/aliceblue-termite-662564.hostingersite.com\/\"},{\"@type\":\"ListItem\",\"position\":2,\"name\":\"Auton varaosat\",\"item\":\"https:\/\/aliceblue-termite-662564.hostingersite.com\/auton-varaosat\/\"},{\"@type\":\"ListItem\",\"position\":3,\"name\":\"2.0 &#8221;LFD7&#8221; Motor [esim. Mazda 5, 6]\"}]},{\"@type\":\"WebSite\",\"@id\":\"https:\/\/autopartscenter24.com\/#website\",\"url\":\"https:\/\/autopartscenter24.com\/\",\"name\":\"Autopartscenter24\",\"description\":\"K\u00c4YTETYT JA KUNNOSTETUT  AUTON VARAOSAT\",\"potentialAction\":[{\"@type\":\"SearchAction\",\"target\":{\"@type\":\"EntryPoint\",\"urlTemplate\":\"https:\/\/autopartscenter24.com\/?s={search_term_string}\"},\"query-input\":{\"@type\":\"PropertyValueSpecification\",\"valueRequired\":true,\"valueName\":\"search_term_string\"}}],\"inLanguage\":\"sv-SE\"}]}<\/script>\n<!-- \/ Yoast SEO plugin. -->","yoast_head_json":{"title":"2.0 \"LFD7\" Motor [esim. Mazda 5, 6] - Autopartscenter24","description":"En av de motorer som vi ofta har tillg\u00e4ngliga. Skicka en f\u00f6rfr\u00e5gan och f\u00e5 en offert inom 24 timmar. Motorer, v\u00e4xell\u00e5dor och andra bildelar under garanti.","robots":{"index":"index","follow":"follow","max-snippet":"max-snippet:-1","max-image-preview":"max-image-preview:large","max-video-preview":"max-video-preview:-1"},"canonical":"https:\/\/autopartscenter24.com\/sv\/auton-varaosat\/2-0-lfd7-moottori-mazda-5-6\/","og_locale":"sv_SE","og_type":"article","og_title":"2.0 \"LFD7\" Motor [esim. Mazda 5, 6] - Autopartscenter24","og_description":"En av de motorer som vi ofta har tillg\u00e4ngliga. Skicka en f\u00f6rfr\u00e5gan och f\u00e5 en offert inom 24 timmar. Motorer, v\u00e4xell\u00e5dor och andra bildelar under garanti.","og_url":"https:\/\/autopartscenter24.com\/sv\/auton-varaosat\/2-0-lfd7-moottori-mazda-5-6\/","og_site_name":"Autopartscenter24","og_image":[{"width":800,"height":600,"url":"https:\/\/autopartscenter24.com\/wp-content\/uploads\/2023\/03\/2-0-LFD7-moottori-mazda-5-6.webp","type":"image\/webp"}],"twitter_card":"summary_large_image","twitter_misc":{"Ber\u00e4knad l\u00e4stid":"1 minut"},"schema":{"@context":"https:\/\/schema.org","@graph":[{"@type":"WebPage","@id":"https:\/\/autopartscenter24.com\/auton-varaosat\/2-0-lfd7-moottori-mazda-5-6\/","url":"https:\/\/autopartscenter24.com\/auton-varaosat\/2-0-lfd7-moottori-mazda-5-6\/","name":"2.0 \"LFD7\" Motor [esim. Mazda 5, 6] - Autopartscenter24","isPartOf":{"@id":"https:\/\/autopartscenter24.com\/#website"},"primaryImageOfPage":{"@id":"https:\/\/autopartscenter24.com\/auton-varaosat\/2-0-lfd7-moottori-mazda-5-6\/#primaryimage"},"image":{"@id":"https:\/\/autopartscenter24.com\/auton-varaosat\/2-0-lfd7-moottori-mazda-5-6\/#primaryimage"},"thumbnailUrl":"https:\/\/autopartscenter24.com\/wp-content\/uploads\/2023\/03\/2-0-LFD7-moottori-mazda-5-6.webp","datePublished":"2023-11-26T16:24:41+00:00","description":"En av de motorer som vi ofta har tillg\u00e4ngliga. Skicka en f\u00f6rfr\u00e5gan och f\u00e5 en offert inom 24 timmar. Motorer, v\u00e4xell\u00e5dor och andra bildelar under garanti.","breadcrumb":{"@id":"https:\/\/autopartscenter24.com\/auton-varaosat\/2-0-lfd7-moottori-mazda-5-6\/#breadcrumb"},"inLanguage":"sv-SE","potentialAction":[{"@type":"ReadAction","target":["https:\/\/autopartscenter24.com\/auton-varaosat\/2-0-lfd7-moottori-mazda-5-6\/"]}]},{"@type":"ImageObject","inLanguage":"sv-SE","@id":"https:\/\/autopartscenter24.com\/auton-varaosat\/2-0-lfd7-moottori-mazda-5-6\/#primaryimage","url":"https:\/\/autopartscenter24.com\/wp-content\/uploads\/2023\/03\/2-0-LFD7-moottori-mazda-5-6.webp","contentUrl":"https:\/\/autopartscenter24.com\/wp-content\/uploads\/2023\/03\/2-0-LFD7-moottori-mazda-5-6.webp","width":800,"height":600},{"@type":"BreadcrumbList","@id":"https:\/\/autopartscenter24.com\/auton-varaosat\/2-0-lfd7-moottori-mazda-5-6\/#breadcrumb","itemListElement":[{"@type":"ListItem","position":1,"name":"Hem","item":"https:\/\/aliceblue-termite-662564.hostingersite.com\/"},{"@type":"ListItem","position":2,"name":"Auton varaosat","item":"https:\/\/aliceblue-termite-662564.hostingersite.com\/auton-varaosat\/"},{"@type":"ListItem","position":3,"name":"2.0 &#8221;LFD7&#8221; Motor [esim. Mazda 5, 6]"}]},{"@type":"WebSite","@id":"https:\/\/autopartscenter24.com\/#website","url":"https:\/\/autopartscenter24.com\/","name":"Autopartscenter24","description":"K\u00c4YTETYT JA KUNNOSTETUT  AUTON VARAOSAT","potentialAction":[{"@type":"SearchAction","target":{"@type":"EntryPoint","urlTemplate":"https:\/\/autopartscenter24.com\/?s={search_term_string}"},"query-input":{"@type":"PropertyValueSpecification","valueRequired":true,"valueName":"search_term_string"}}],"inLanguage":"sv-SE"}]}},"_links":{"self":[{"href":"https:\/\/autopartscenter24.com\/sv\/wp-json\/wp\/v2\/product\/5500","targetHints":{"allow":["GET"]}}],"collection":[{"href":"https:\/\/autopartscenter24.com\/sv\/wp-json\/wp\/v2\/product"}],"about":[{"href":"https:\/\/autopartscenter24.com\/sv\/wp-json\/wp\/v2\/types\/product"}],"wp:featuredmedia":[{"embeddable":true,"href":"https:\/\/autopartscenter24.com\/sv\/wp-json\/wp\/v2\/media\/4586"}],"wp:attachment":[{"href":"https:\/\/autopartscenter24.com\/sv\/wp-json\/wp\/v2\/media?parent=5500"}],"wp:term":[{"taxonomy":"product_brand","embeddable":true,"href":"https:\/\/autopartscenter24.com\/sv\/wp-json\/wp\/v2\/product_brand?post=5500"},{"taxonomy":"product_cat","embeddable":true,"href":"https:\/\/autopartscenter24.com\/sv\/wp-json\/wp\/v2\/product_cat?post=5500"},{"taxonomy":"product_tag","embeddable":true,"href":"https:\/\/autopartscenter24.com\/sv\/wp-json\/wp\/v2\/product_tag?post=5500"}],"curies":[{"name":"wp","href":"https:\/\/api.w.org\/{rel}","templated":true}]}}