{"id":5498,"date":"2023-03-05T19:27:00","date_gmt":"2023-11-26T16:18:44","guid":{"rendered":"https:\/\/autopartscenter24.com\/product\/2-0-tdi-crb-motor-esim-golf-passat-a4-q5-leon-octavia\/"},"modified":"2023-11-26T17:18:44","modified_gmt":"2023-11-26T16:18:44","slug":"2-0-tdi-crb-motor-vw-golf-vii-audi-a3-seat-leon","status":"publish","type":"product","link":"https:\/\/autopartscenter24.com\/sv\/auton-varaosat\/2-0-tdi-crb-motor-vw-golf-vii-audi-a3-seat-leon\/","title":{"rendered":"2.0 TDI &#8221;CRB&#8221; Motor [esim. Golf, Passat, A4, Q5, Leon, Octavia]"},"content":{"rendered":"<div class=\"flex-1 overflow-hidden\">\n<div class=\"react-scroll-to-bottom--css-fqemq-79elbk h-full dark:bg-gray-800\">\n<div class=\"react-scroll-to-bottom--css-fqemq-1n7m0yu\">\n<div class=\"flex flex-col items-center text-sm dark:bg-gray-800\">\n<div class=\"w-full border-b border-black\/10 dark:border-gray-900\/50 text-gray-800 dark:text-gray-100 group bg-gray-50 dark:bg-[#444654]\">\n<div class=\"text-base gap-4 md:gap-6 m-auto md:max-w-2xl lg:max-w-2xl xl:max-w-3xl p-4 md:py-6 flex lg:px-0\">\n<div class=\"relative flex w-[calc(100%-50px)] flex-col gap-1 md:gap-3 lg:w-[calc(100%-115px)]\">\n<div class=\"flex flex-grow flex-col gap-3\">\n<div class=\"min-h-[20px] flex flex-col items-start gap-4 whitespace-pre-wrap\">\n<div class=\"markdown prose w-full break-words dark:prose-invert light\">\n<p><strong>Volkswagen-koncernens 2.0 TDI-motorer<\/strong> \u00e4r mycket popul\u00e4ra p\u00e5 den europeiska marknaden. En av dessa motorer \u00e4r en <strong>dieselmotor k\u00e4nd under CRB-koden<\/strong>, som \u00e4r utrustad med ett direktinsprutningssystem och fyra cylindrar. Motorn har en slagvolym p\u00e5 2,0 liter och erbjuder utm\u00e4rkt br\u00e4nsleekonomi, effektivitet och prestanda.<\/p>\n<p>CRB-motorn \u00e4r utrustad med ett flerpunkts direktinsprutningssystem, vilket m\u00f6jligg\u00f6r exakt br\u00e4nsletillf\u00f6rsel till varje cylinder. Denna funktion \u00f6kar br\u00e4nsleekonomin och minskar motorutsl\u00e4ppen. Motorns maximala effekt \u00e4r 170 h\u00e4stkrafter och det maximala vridmomentet \u00e4r 350 newtonmeter, vilket m\u00f6jligg\u00f6r utm\u00e4rkt prestanda och acceleration.<\/p>\n<p>CRB-motorn har \u00e4ven en avancerad turboladdare som \u00f6kar motorns kraft och f\u00f6rb\u00e4ttrar dess br\u00e4nsleekonomi. Motorn \u00e4r \u00e4ven utrustad med ett partikelfilter och en NOx-renare som minskar motorns utsl\u00e4pp och g\u00f6r den milj\u00f6v\u00e4nlig.<\/p>\n<p>Motorns konstruktion \u00e4r h\u00e5llbar och p\u00e5litlig, vilket g\u00f6r den till ett utm\u00e4rkt val f\u00f6r l\u00e5ngvarig anv\u00e4ndning. De tekniska egenskaperna hos CRB-motorn g\u00f6r den popul\u00e4r f\u00f6r olika bilmodeller fr\u00e5n Volkswagen Group.<\/p>\n<p>Dessa bilar \u00e4r mycket popul\u00e4ra p\u00e5 den europeiska marknaden och erbjuder utm\u00e4rkta prestanda och br\u00e4nsleekonomi. CRB-motorn \u00e4r en av anledningarna till att dessa bilar \u00e4r s\u00e5 popul\u00e4ra, och erbjuder ett p\u00e5litligt och effektivt alternativ f\u00f6r f\u00f6rare som \u00e4r intresserade av dieselmotorer.<\/p>\n<\/div>\n<\/div>\n<\/div>\n<div class=\"flex justify-between\">\n<div class=\"text-gray-400 flex self-end lg:self-center justify-center mt-2 gap-3 md:gap-4 lg:gap-1 lg:absolute lg:top-0 lg:translate-x-full lg:right-0 lg:mt-0 lg:pl-2 visible\"><\/div>\n<\/div>\n<\/div>\n<\/div>\n<\/div>\n<div class=\"w-full h-32 md:h-48 flex-shrink-0\"><\/div>\n<\/div>\n<p>&nbsp;<\/p>\n<\/div>\n<\/div>\n<\/div>\n<div class=\"absolute bottom-0 left-0 w-full border-t md:border-t-0 dark:border-white\/20 md:border-transparent md:dark:border-transparent md:bg-vert-light-gradient bg-white dark:bg-gray-800 md:!bg-transparent dark:md:bg-vert-dark-gradient\">\n<form class=\"stretch mx-2 flex flex-row gap-3 pt-2 last:mb-2 md:last:mb-6 lg:mx-auto lg:max-w-3xl lg:pt-6\">\n<div class=\"relative flex h-full flex-1 md:flex-col\">\n<div class=\"flex ml-1 mt-1.5 md:w-full md:m-auto md:mb-2 gap-0 md:gap-2 justify-center\"><\/div>\n<\/div>\n<\/form>\n<\/div>\n","protected":false},"excerpt":{"rendered":"<p>Bilar med en CRB-motor som anv\u00e4nds:<\/p>\n<ul>\n<li>Volkswagen Passat<\/li>\n<li>Volkswagen Golf<\/li>\n<li>Volkswagen Jetta<\/li>\n<li>Volkswagen Beetle<\/li>\n<li>Audi A3<\/li>\n<li>Audi A4<\/li>\n<li>Audi A5<\/li>\n<li>Audi Q5<\/li>\n<li>Skoda Octavia<\/li>\n<li>Seat Leon<\/li>\n<li>Seat Alhambra<\/li>\n<\/ul>\n","protected":false},"featured_media":3946,"template":"","meta":[],"product_brand":[],"product_cat":[468,471,470,469],"product_tag":[689,690,473,668,474,475,721],"class_list":{"0":"post-5498","1":"product","2":"type-product","3":"status-publish","4":"has-post-thumbnail","6":"product_cat-audi-sv","7":"product_cat-seat-sv","8":"product_cat-skoda-sv","9":"product_cat-vw-sv","10":"product_tag-a4-sv","11":"product_tag-a5-sv","12":"product_tag-golf-sv","13":"product_tag-jetta-sv","14":"product_tag-octavia-sv","15":"product_tag-passat-sv","16":"product_tag-q5-sv","17":"pa_varaosan-osasto-motor","20":"first","21":"instock","22":"shipping-taxable","23":"product-type-simple"},"yoast_head":"<!-- This site is optimized with the Yoast SEO plugin v26.8 - https:\/\/yoast.com\/product\/yoast-seo-wordpress\/ -->\n<title>2.0 TDI &quot;CRB&quot; Motor [esim. Golf, Passat, A4, Q5, Leon, Octavia]<\/title>\n<meta name=\"description\" content=\"En av de motorer som vi ofta har tillg\u00e4ngliga. Skicka en f\u00f6rfr\u00e5gan och f\u00e5 en offert inom 24 timmar. Motorer, v\u00e4xell\u00e5dor och andra bildelar under garanti.\" \/>\n<meta name=\"robots\" content=\"index, follow, max-snippet:-1, max-image-preview:large, max-video-preview:-1\" \/>\n<link rel=\"canonical\" href=\"https:\/\/autopartscenter24.com\/sv\/auton-varaosat\/2-0-tdi-crb-moottori-vw-golf-vii-audi-a3-seat-leon\/\" \/>\n<meta property=\"og:locale\" content=\"sv_SE\" \/>\n<meta property=\"og:type\" content=\"article\" \/>\n<meta property=\"og:title\" content=\"2.0 TDI &quot;CRB&quot; Motor [esim. Golf, Passat, A4, Q5, Leon, Octavia]\" \/>\n<meta property=\"og:description\" content=\"En av de motorer som vi ofta har tillg\u00e4ngliga. Skicka en f\u00f6rfr\u00e5gan och f\u00e5 en offert inom 24 timmar. Motorer, v\u00e4xell\u00e5dor och andra bildelar under garanti.\" \/>\n<meta property=\"og:url\" content=\"https:\/\/autopartscenter24.com\/sv\/auton-varaosat\/2-0-tdi-crb-moottori-vw-golf-vii-audi-a3-seat-leon\/\" \/>\n<meta property=\"og:site_name\" content=\"Autopartscenter24\" \/>\n<meta property=\"og:image\" content=\"https:\/\/autopartscenter24.com\/wp-content\/uploads\/2023\/03\/2-0-tdi-CRB-moottori-vw-golf-vii-audi-a3-seat-leon.jpg\" \/>\n\t<meta property=\"og:image:width\" content=\"800\" \/>\n\t<meta property=\"og:image:height\" content=\"600\" \/>\n\t<meta property=\"og:image:type\" content=\"image\/jpeg\" \/>\n<meta name=\"twitter:card\" content=\"summary_large_image\" \/>\n<meta name=\"twitter:label1\" content=\"Ber\u00e4knad l\u00e4stid\" \/>\n\t<meta name=\"twitter:data1\" content=\"1 minut\" \/>\n<script type=\"application\/ld+json\" class=\"yoast-schema-graph\">{\"@context\":\"https:\/\/schema.org\",\"@graph\":[{\"@type\":\"WebPage\",\"@id\":\"https:\/\/autopartscenter24.com\/auton-varaosat\/2-0-tdi-crb-moottori-vw-golf-vii-audi-a3-seat-leon\/\",\"url\":\"https:\/\/autopartscenter24.com\/auton-varaosat\/2-0-tdi-crb-moottori-vw-golf-vii-audi-a3-seat-leon\/\",\"name\":\"2.0 TDI \\\"CRB\\\" Motor [esim. Golf, Passat, A4, Q5, Leon, Octavia]\",\"isPartOf\":{\"@id\":\"https:\/\/autopartscenter24.com\/#website\"},\"primaryImageOfPage\":{\"@id\":\"https:\/\/autopartscenter24.com\/auton-varaosat\/2-0-tdi-crb-moottori-vw-golf-vii-audi-a3-seat-leon\/#primaryimage\"},\"image\":{\"@id\":\"https:\/\/autopartscenter24.com\/auton-varaosat\/2-0-tdi-crb-moottori-vw-golf-vii-audi-a3-seat-leon\/#primaryimage\"},\"thumbnailUrl\":\"https:\/\/autopartscenter24.com\/wp-content\/uploads\/2023\/03\/2-0-tdi-CRB-moottori-vw-golf-vii-audi-a3-seat-leon.jpg\",\"datePublished\":\"2023-11-26T16:18:44+00:00\",\"description\":\"En av de motorer som vi ofta har tillg\u00e4ngliga. Skicka en f\u00f6rfr\u00e5gan och f\u00e5 en offert inom 24 timmar. Motorer, v\u00e4xell\u00e5dor och andra bildelar under garanti.\",\"breadcrumb\":{\"@id\":\"https:\/\/autopartscenter24.com\/auton-varaosat\/2-0-tdi-crb-moottori-vw-golf-vii-audi-a3-seat-leon\/#breadcrumb\"},\"inLanguage\":\"sv-SE\",\"potentialAction\":[{\"@type\":\"ReadAction\",\"target\":[\"https:\/\/autopartscenter24.com\/auton-varaosat\/2-0-tdi-crb-moottori-vw-golf-vii-audi-a3-seat-leon\/\"]}]},{\"@type\":\"ImageObject\",\"inLanguage\":\"sv-SE\",\"@id\":\"https:\/\/autopartscenter24.com\/auton-varaosat\/2-0-tdi-crb-moottori-vw-golf-vii-audi-a3-seat-leon\/#primaryimage\",\"url\":\"https:\/\/autopartscenter24.com\/wp-content\/uploads\/2023\/03\/2-0-tdi-CRB-moottori-vw-golf-vii-audi-a3-seat-leon.jpg\",\"contentUrl\":\"https:\/\/autopartscenter24.com\/wp-content\/uploads\/2023\/03\/2-0-tdi-CRB-moottori-vw-golf-vii-audi-a3-seat-leon.jpg\",\"width\":800,\"height\":600},{\"@type\":\"BreadcrumbList\",\"@id\":\"https:\/\/autopartscenter24.com\/auton-varaosat\/2-0-tdi-crb-moottori-vw-golf-vii-audi-a3-seat-leon\/#breadcrumb\",\"itemListElement\":[{\"@type\":\"ListItem\",\"position\":1,\"name\":\"Hem\",\"item\":\"https:\/\/aliceblue-termite-662564.hostingersite.com\/\"},{\"@type\":\"ListItem\",\"position\":2,\"name\":\"Auton varaosat\",\"item\":\"https:\/\/aliceblue-termite-662564.hostingersite.com\/auton-varaosat\/\"},{\"@type\":\"ListItem\",\"position\":3,\"name\":\"2.0 TDI &#8221;CRB&#8221; Motor [esim. Golf, Passat, A4, Q5, Leon, Octavia]\"}]},{\"@type\":\"WebSite\",\"@id\":\"https:\/\/autopartscenter24.com\/#website\",\"url\":\"https:\/\/autopartscenter24.com\/\",\"name\":\"Autopartscenter24\",\"description\":\"K\u00c4YTETYT JA KUNNOSTETUT  AUTON VARAOSAT\",\"potentialAction\":[{\"@type\":\"SearchAction\",\"target\":{\"@type\":\"EntryPoint\",\"urlTemplate\":\"https:\/\/autopartscenter24.com\/?s={search_term_string}\"},\"query-input\":{\"@type\":\"PropertyValueSpecification\",\"valueRequired\":true,\"valueName\":\"search_term_string\"}}],\"inLanguage\":\"sv-SE\"}]}<\/script>\n<!-- \/ Yoast SEO plugin. -->","yoast_head_json":{"title":"2.0 TDI \"CRB\" Motor [esim. Golf, Passat, A4, Q5, Leon, Octavia]","description":"En av de motorer som vi ofta har tillg\u00e4ngliga. Skicka en f\u00f6rfr\u00e5gan och f\u00e5 en offert inom 24 timmar. Motorer, v\u00e4xell\u00e5dor och andra bildelar under garanti.","robots":{"index":"index","follow":"follow","max-snippet":"max-snippet:-1","max-image-preview":"max-image-preview:large","max-video-preview":"max-video-preview:-1"},"canonical":"https:\/\/autopartscenter24.com\/sv\/auton-varaosat\/2-0-tdi-crb-moottori-vw-golf-vii-audi-a3-seat-leon\/","og_locale":"sv_SE","og_type":"article","og_title":"2.0 TDI \"CRB\" Motor [esim. Golf, Passat, A4, Q5, Leon, Octavia]","og_description":"En av de motorer som vi ofta har tillg\u00e4ngliga. Skicka en f\u00f6rfr\u00e5gan och f\u00e5 en offert inom 24 timmar. Motorer, v\u00e4xell\u00e5dor och andra bildelar under garanti.","og_url":"https:\/\/autopartscenter24.com\/sv\/auton-varaosat\/2-0-tdi-crb-moottori-vw-golf-vii-audi-a3-seat-leon\/","og_site_name":"Autopartscenter24","og_image":[{"width":800,"height":600,"url":"https:\/\/autopartscenter24.com\/wp-content\/uploads\/2023\/03\/2-0-tdi-CRB-moottori-vw-golf-vii-audi-a3-seat-leon.jpg","type":"image\/jpeg"}],"twitter_card":"summary_large_image","twitter_misc":{"Ber\u00e4knad l\u00e4stid":"1 minut"},"schema":{"@context":"https:\/\/schema.org","@graph":[{"@type":"WebPage","@id":"https:\/\/autopartscenter24.com\/auton-varaosat\/2-0-tdi-crb-moottori-vw-golf-vii-audi-a3-seat-leon\/","url":"https:\/\/autopartscenter24.com\/auton-varaosat\/2-0-tdi-crb-moottori-vw-golf-vii-audi-a3-seat-leon\/","name":"2.0 TDI \"CRB\" Motor [esim. Golf, Passat, A4, Q5, Leon, Octavia]","isPartOf":{"@id":"https:\/\/autopartscenter24.com\/#website"},"primaryImageOfPage":{"@id":"https:\/\/autopartscenter24.com\/auton-varaosat\/2-0-tdi-crb-moottori-vw-golf-vii-audi-a3-seat-leon\/#primaryimage"},"image":{"@id":"https:\/\/autopartscenter24.com\/auton-varaosat\/2-0-tdi-crb-moottori-vw-golf-vii-audi-a3-seat-leon\/#primaryimage"},"thumbnailUrl":"https:\/\/autopartscenter24.com\/wp-content\/uploads\/2023\/03\/2-0-tdi-CRB-moottori-vw-golf-vii-audi-a3-seat-leon.jpg","datePublished":"2023-11-26T16:18:44+00:00","description":"En av de motorer som vi ofta har tillg\u00e4ngliga. Skicka en f\u00f6rfr\u00e5gan och f\u00e5 en offert inom 24 timmar. Motorer, v\u00e4xell\u00e5dor och andra bildelar under garanti.","breadcrumb":{"@id":"https:\/\/autopartscenter24.com\/auton-varaosat\/2-0-tdi-crb-moottori-vw-golf-vii-audi-a3-seat-leon\/#breadcrumb"},"inLanguage":"sv-SE","potentialAction":[{"@type":"ReadAction","target":["https:\/\/autopartscenter24.com\/auton-varaosat\/2-0-tdi-crb-moottori-vw-golf-vii-audi-a3-seat-leon\/"]}]},{"@type":"ImageObject","inLanguage":"sv-SE","@id":"https:\/\/autopartscenter24.com\/auton-varaosat\/2-0-tdi-crb-moottori-vw-golf-vii-audi-a3-seat-leon\/#primaryimage","url":"https:\/\/autopartscenter24.com\/wp-content\/uploads\/2023\/03\/2-0-tdi-CRB-moottori-vw-golf-vii-audi-a3-seat-leon.jpg","contentUrl":"https:\/\/autopartscenter24.com\/wp-content\/uploads\/2023\/03\/2-0-tdi-CRB-moottori-vw-golf-vii-audi-a3-seat-leon.jpg","width":800,"height":600},{"@type":"BreadcrumbList","@id":"https:\/\/autopartscenter24.com\/auton-varaosat\/2-0-tdi-crb-moottori-vw-golf-vii-audi-a3-seat-leon\/#breadcrumb","itemListElement":[{"@type":"ListItem","position":1,"name":"Hem","item":"https:\/\/aliceblue-termite-662564.hostingersite.com\/"},{"@type":"ListItem","position":2,"name":"Auton varaosat","item":"https:\/\/aliceblue-termite-662564.hostingersite.com\/auton-varaosat\/"},{"@type":"ListItem","position":3,"name":"2.0 TDI &#8221;CRB&#8221; Motor [esim. Golf, Passat, A4, Q5, Leon, Octavia]"}]},{"@type":"WebSite","@id":"https:\/\/autopartscenter24.com\/#website","url":"https:\/\/autopartscenter24.com\/","name":"Autopartscenter24","description":"K\u00c4YTETYT JA KUNNOSTETUT  AUTON VARAOSAT","potentialAction":[{"@type":"SearchAction","target":{"@type":"EntryPoint","urlTemplate":"https:\/\/autopartscenter24.com\/?s={search_term_string}"},"query-input":{"@type":"PropertyValueSpecification","valueRequired":true,"valueName":"search_term_string"}}],"inLanguage":"sv-SE"}]}},"_links":{"self":[{"href":"https:\/\/autopartscenter24.com\/sv\/wp-json\/wp\/v2\/product\/5498","targetHints":{"allow":["GET"]}}],"collection":[{"href":"https:\/\/autopartscenter24.com\/sv\/wp-json\/wp\/v2\/product"}],"about":[{"href":"https:\/\/autopartscenter24.com\/sv\/wp-json\/wp\/v2\/types\/product"}],"wp:featuredmedia":[{"embeddable":true,"href":"https:\/\/autopartscenter24.com\/sv\/wp-json\/wp\/v2\/media\/3946"}],"wp:attachment":[{"href":"https:\/\/autopartscenter24.com\/sv\/wp-json\/wp\/v2\/media?parent=5498"}],"wp:term":[{"taxonomy":"product_brand","embeddable":true,"href":"https:\/\/autopartscenter24.com\/sv\/wp-json\/wp\/v2\/product_brand?post=5498"},{"taxonomy":"product_cat","embeddable":true,"href":"https:\/\/autopartscenter24.com\/sv\/wp-json\/wp\/v2\/product_cat?post=5498"},{"taxonomy":"product_tag","embeddable":true,"href":"https:\/\/autopartscenter24.com\/sv\/wp-json\/wp\/v2\/product_tag?post=5498"}],"curies":[{"name":"wp","href":"https:\/\/api.w.org\/{rel}","templated":true}]}}