{"id":5496,"date":"2023-03-05T19:32:09","date_gmt":"2023-11-26T16:18:43","guid":{"rendered":"https:\/\/autopartscenter24.com\/product\/1-6-fsi-blf-motor-esim-golf-octavia\/"},"modified":"2023-11-26T17:18:43","modified_gmt":"2023-11-26T16:18:43","slug":"1-6-fsi-blf-motor-vw-golf-octavia","status":"publish","type":"product","link":"https:\/\/autopartscenter24.com\/sv\/auton-varaosat\/1-6-fsi-blf-motor-vw-golf-octavia\/","title":{"rendered":"1.6 FSI &#8221;BLF&#8221; Motor [esim. Golf, Octavia]"},"content":{"rendered":"<p>Tekniska egenskaper hos <strong>1.6 FSI-motorn (motorkod: BLF)<\/strong>.<\/p>\n<p>1.6 FSI-motorn \u00e4r en fyrcylindrig bensinmotor tillverkad av Volkswagen Group. Utvecklingen av motorn startade 2002 och togs i bruk 2004. Motorn \u00e4r specialdesignad f\u00f6r sm\u00e5 personbilar och har f\u00e5tt mycket positiv feedback f\u00f6r sin prestanda och ekonomi.<\/p>\n<p>Motorns t\u00e4ndsystem \u00e4r ett direktt\u00e4ndningssystem (FSI), d\u00e4r bensin sprutas in direkt i f\u00f6rbr\u00e4nningskammaren. Detta f\u00f6rb\u00e4ttrar br\u00e4nsleekonomin och minskar utsl\u00e4ppen. Motorns vevhus \u00e4r tillverkat av aluminium, vilket minskar motorvikten och \u00f6kar prestandan.<\/p>\n<p>Motorns maximala effekt \u00e4r 115 hk och vridmomentet \u00e4r 155 Nm. Motorns toppfart \u00e4r cirka 190 km\/h och acceleration fr\u00e5n noll till 100 sker p\u00e5 cirka 11 sekunder. Motorns snittf\u00f6rbrukning \u00e4r cirka 6 liter per hundra kilometer och CO2-utsl\u00e4ppen \u00e4r cirka 140 g\/km.<\/p>\n<p>En av motorns viktigaste tekniska egenskaper \u00e4r dess kamaxeljustering, vilket f\u00f6rb\u00e4ttrar motorns prestanda och br\u00e4nsleekonomi. Den justerbara kamaxeln g\u00f6r att luftfl\u00f6det kan optimeras vid olika motorvarvtal och belastningar.<\/p>\n<p>Motorns storlek \u00e4r kompakt och vikten \u00e4r cirka 125 kg. Motorns livsl\u00e4ngd \u00e4r mycket l\u00e5ng n\u00e4r den underh\u00e5lls regelbundet och anv\u00e4nds p\u00e5 r\u00e4tt s\u00e4tt.<\/p>\n<p>Dessa bilar \u00e4r mycket popul\u00e4ra i Europa och runt om i v\u00e4rlden. Motorn har f\u00e5tt mycket positiv feedback f\u00f6r sin prestanda, ekonomi och tillf\u00f6rlitlighet. Motorn har ocks\u00e5 visat sig vara l\u00e4ttsk\u00f6tt och dess reservdelar \u00e4r l\u00e4ttillg\u00e4ngliga.<\/p>\n","protected":false},"excerpt":{"rendered":"<p>Motorkoden BLF anv\u00e4nds i flera Volkswagen Group-bilar. H\u00e4r \u00e4r en lista \u00f6ver n\u00e5gra av de bilar som har anv\u00e4nt motorn:<\/p>\n<ul>\n<li>Volkswagen Golf V<\/li>\n<li>Volkswagen Jetta V<\/li>\n<li>Audi A3<\/li>\n<li>Seat Leon<\/li>\n<li>Skoda Octavia<\/li>\n<\/ul>\n","protected":false},"featured_media":4611,"template":"","meta":[],"product_brand":[],"product_cat":[468,471,470,469],"product_tag":[472,473,668,656,474],"class_list":{"0":"post-5496","1":"product","2":"type-product","3":"status-publish","4":"has-post-thumbnail","6":"product_cat-audi-sv","7":"product_cat-seat-sv","8":"product_cat-skoda-sv","9":"product_cat-vw-sv","10":"product_tag-a3-sv","11":"product_tag-golf-sv","12":"product_tag-jetta-sv","13":"product_tag-leon-sv","14":"product_tag-octavia-sv","15":"pa_varaosan-osasto-motor","18":"first","19":"instock","20":"shipping-taxable","21":"product-type-simple"},"yoast_head":"<!-- This site is optimized with the Yoast SEO plugin v26.8 - https:\/\/yoast.com\/product\/yoast-seo-wordpress\/ -->\n<title>1.6 FSI &quot;BLF&quot; Motor [esim. Golf, Octavia] - Autopartscenter24<\/title>\n<meta name=\"description\" content=\"En av de motorer som vi ofta har tillg\u00e4ngliga. Skicka en f\u00f6rfr\u00e5gan och f\u00e5 en offert inom 24 timmar. Motorer, v\u00e4xell\u00e5dor och andra bildelar under garanti.\" \/>\n<meta name=\"robots\" content=\"index, follow, max-snippet:-1, max-image-preview:large, max-video-preview:-1\" \/>\n<link rel=\"canonical\" href=\"https:\/\/autopartscenter24.com\/sv\/auton-varaosat\/1-6-fsi-blf-moottori-vw-golf-octavia\/\" \/>\n<meta property=\"og:locale\" content=\"sv_SE\" \/>\n<meta property=\"og:type\" content=\"article\" \/>\n<meta property=\"og:title\" content=\"1.6 FSI &quot;BLF&quot; Motor [esim. Golf, Octavia] - Autopartscenter24\" \/>\n<meta property=\"og:description\" content=\"En av de motorer som vi ofta har tillg\u00e4ngliga. Skicka en f\u00f6rfr\u00e5gan och f\u00e5 en offert inom 24 timmar. Motorer, v\u00e4xell\u00e5dor och andra bildelar under garanti.\" \/>\n<meta property=\"og:url\" content=\"https:\/\/autopartscenter24.com\/sv\/auton-varaosat\/1-6-fsi-blf-moottori-vw-golf-octavia\/\" \/>\n<meta property=\"og:site_name\" content=\"Autopartscenter24\" \/>\n<meta property=\"og:image\" content=\"https:\/\/autopartscenter24.com\/wp-content\/uploads\/2023\/03\/1-6-fsi-BLF-moottori-vw-golf-octavia-2.webp\" \/>\n\t<meta property=\"og:image:width\" content=\"800\" \/>\n\t<meta property=\"og:image:height\" content=\"600\" \/>\n\t<meta property=\"og:image:type\" content=\"image\/webp\" \/>\n<meta name=\"twitter:card\" content=\"summary_large_image\" \/>\n<meta name=\"twitter:label1\" content=\"Ber\u00e4knad l\u00e4stid\" \/>\n\t<meta name=\"twitter:data1\" content=\"1 minut\" \/>\n<script type=\"application\/ld+json\" class=\"yoast-schema-graph\">{\"@context\":\"https:\/\/schema.org\",\"@graph\":[{\"@type\":\"WebPage\",\"@id\":\"https:\/\/autopartscenter24.com\/auton-varaosat\/1-6-fsi-blf-moottori-vw-golf-octavia\/\",\"url\":\"https:\/\/autopartscenter24.com\/auton-varaosat\/1-6-fsi-blf-moottori-vw-golf-octavia\/\",\"name\":\"1.6 FSI \\\"BLF\\\" Motor [esim. Golf, Octavia] - Autopartscenter24\",\"isPartOf\":{\"@id\":\"https:\/\/autopartscenter24.com\/#website\"},\"primaryImageOfPage\":{\"@id\":\"https:\/\/autopartscenter24.com\/auton-varaosat\/1-6-fsi-blf-moottori-vw-golf-octavia\/#primaryimage\"},\"image\":{\"@id\":\"https:\/\/autopartscenter24.com\/auton-varaosat\/1-6-fsi-blf-moottori-vw-golf-octavia\/#primaryimage\"},\"thumbnailUrl\":\"https:\/\/autopartscenter24.com\/wp-content\/uploads\/2023\/03\/1-6-fsi-BLF-moottori-vw-golf-octavia-2.webp\",\"datePublished\":\"2023-11-26T16:18:43+00:00\",\"description\":\"En av de motorer som vi ofta har tillg\u00e4ngliga. Skicka en f\u00f6rfr\u00e5gan och f\u00e5 en offert inom 24 timmar. Motorer, v\u00e4xell\u00e5dor och andra bildelar under garanti.\",\"breadcrumb\":{\"@id\":\"https:\/\/autopartscenter24.com\/auton-varaosat\/1-6-fsi-blf-moottori-vw-golf-octavia\/#breadcrumb\"},\"inLanguage\":\"sv-SE\",\"potentialAction\":[{\"@type\":\"ReadAction\",\"target\":[\"https:\/\/autopartscenter24.com\/auton-varaosat\/1-6-fsi-blf-moottori-vw-golf-octavia\/\"]}]},{\"@type\":\"ImageObject\",\"inLanguage\":\"sv-SE\",\"@id\":\"https:\/\/autopartscenter24.com\/auton-varaosat\/1-6-fsi-blf-moottori-vw-golf-octavia\/#primaryimage\",\"url\":\"https:\/\/autopartscenter24.com\/wp-content\/uploads\/2023\/03\/1-6-fsi-BLF-moottori-vw-golf-octavia-2.webp\",\"contentUrl\":\"https:\/\/autopartscenter24.com\/wp-content\/uploads\/2023\/03\/1-6-fsi-BLF-moottori-vw-golf-octavia-2.webp\",\"width\":800,\"height\":600},{\"@type\":\"BreadcrumbList\",\"@id\":\"https:\/\/autopartscenter24.com\/auton-varaosat\/1-6-fsi-blf-moottori-vw-golf-octavia\/#breadcrumb\",\"itemListElement\":[{\"@type\":\"ListItem\",\"position\":1,\"name\":\"Hem\",\"item\":\"https:\/\/aliceblue-termite-662564.hostingersite.com\/\"},{\"@type\":\"ListItem\",\"position\":2,\"name\":\"Auton varaosat\",\"item\":\"https:\/\/aliceblue-termite-662564.hostingersite.com\/auton-varaosat\/\"},{\"@type\":\"ListItem\",\"position\":3,\"name\":\"1.6 FSI &#8221;BLF&#8221; Motor [esim. Golf, Octavia]\"}]},{\"@type\":\"WebSite\",\"@id\":\"https:\/\/autopartscenter24.com\/#website\",\"url\":\"https:\/\/autopartscenter24.com\/\",\"name\":\"Autopartscenter24\",\"description\":\"K\u00c4YTETYT JA KUNNOSTETUT  AUTON VARAOSAT\",\"potentialAction\":[{\"@type\":\"SearchAction\",\"target\":{\"@type\":\"EntryPoint\",\"urlTemplate\":\"https:\/\/autopartscenter24.com\/?s={search_term_string}\"},\"query-input\":{\"@type\":\"PropertyValueSpecification\",\"valueRequired\":true,\"valueName\":\"search_term_string\"}}],\"inLanguage\":\"sv-SE\"}]}<\/script>\n<!-- \/ Yoast SEO plugin. -->","yoast_head_json":{"title":"1.6 FSI \"BLF\" Motor [esim. Golf, Octavia] - Autopartscenter24","description":"En av de motorer som vi ofta har tillg\u00e4ngliga. Skicka en f\u00f6rfr\u00e5gan och f\u00e5 en offert inom 24 timmar. Motorer, v\u00e4xell\u00e5dor och andra bildelar under garanti.","robots":{"index":"index","follow":"follow","max-snippet":"max-snippet:-1","max-image-preview":"max-image-preview:large","max-video-preview":"max-video-preview:-1"},"canonical":"https:\/\/autopartscenter24.com\/sv\/auton-varaosat\/1-6-fsi-blf-moottori-vw-golf-octavia\/","og_locale":"sv_SE","og_type":"article","og_title":"1.6 FSI \"BLF\" Motor [esim. Golf, Octavia] - Autopartscenter24","og_description":"En av de motorer som vi ofta har tillg\u00e4ngliga. Skicka en f\u00f6rfr\u00e5gan och f\u00e5 en offert inom 24 timmar. Motorer, v\u00e4xell\u00e5dor och andra bildelar under garanti.","og_url":"https:\/\/autopartscenter24.com\/sv\/auton-varaosat\/1-6-fsi-blf-moottori-vw-golf-octavia\/","og_site_name":"Autopartscenter24","og_image":[{"width":800,"height":600,"url":"https:\/\/autopartscenter24.com\/wp-content\/uploads\/2023\/03\/1-6-fsi-BLF-moottori-vw-golf-octavia-2.webp","type":"image\/webp"}],"twitter_card":"summary_large_image","twitter_misc":{"Ber\u00e4knad l\u00e4stid":"1 minut"},"schema":{"@context":"https:\/\/schema.org","@graph":[{"@type":"WebPage","@id":"https:\/\/autopartscenter24.com\/auton-varaosat\/1-6-fsi-blf-moottori-vw-golf-octavia\/","url":"https:\/\/autopartscenter24.com\/auton-varaosat\/1-6-fsi-blf-moottori-vw-golf-octavia\/","name":"1.6 FSI \"BLF\" Motor [esim. Golf, Octavia] - Autopartscenter24","isPartOf":{"@id":"https:\/\/autopartscenter24.com\/#website"},"primaryImageOfPage":{"@id":"https:\/\/autopartscenter24.com\/auton-varaosat\/1-6-fsi-blf-moottori-vw-golf-octavia\/#primaryimage"},"image":{"@id":"https:\/\/autopartscenter24.com\/auton-varaosat\/1-6-fsi-blf-moottori-vw-golf-octavia\/#primaryimage"},"thumbnailUrl":"https:\/\/autopartscenter24.com\/wp-content\/uploads\/2023\/03\/1-6-fsi-BLF-moottori-vw-golf-octavia-2.webp","datePublished":"2023-11-26T16:18:43+00:00","description":"En av de motorer som vi ofta har tillg\u00e4ngliga. Skicka en f\u00f6rfr\u00e5gan och f\u00e5 en offert inom 24 timmar. Motorer, v\u00e4xell\u00e5dor och andra bildelar under garanti.","breadcrumb":{"@id":"https:\/\/autopartscenter24.com\/auton-varaosat\/1-6-fsi-blf-moottori-vw-golf-octavia\/#breadcrumb"},"inLanguage":"sv-SE","potentialAction":[{"@type":"ReadAction","target":["https:\/\/autopartscenter24.com\/auton-varaosat\/1-6-fsi-blf-moottori-vw-golf-octavia\/"]}]},{"@type":"ImageObject","inLanguage":"sv-SE","@id":"https:\/\/autopartscenter24.com\/auton-varaosat\/1-6-fsi-blf-moottori-vw-golf-octavia\/#primaryimage","url":"https:\/\/autopartscenter24.com\/wp-content\/uploads\/2023\/03\/1-6-fsi-BLF-moottori-vw-golf-octavia-2.webp","contentUrl":"https:\/\/autopartscenter24.com\/wp-content\/uploads\/2023\/03\/1-6-fsi-BLF-moottori-vw-golf-octavia-2.webp","width":800,"height":600},{"@type":"BreadcrumbList","@id":"https:\/\/autopartscenter24.com\/auton-varaosat\/1-6-fsi-blf-moottori-vw-golf-octavia\/#breadcrumb","itemListElement":[{"@type":"ListItem","position":1,"name":"Hem","item":"https:\/\/aliceblue-termite-662564.hostingersite.com\/"},{"@type":"ListItem","position":2,"name":"Auton varaosat","item":"https:\/\/aliceblue-termite-662564.hostingersite.com\/auton-varaosat\/"},{"@type":"ListItem","position":3,"name":"1.6 FSI &#8221;BLF&#8221; Motor [esim. Golf, Octavia]"}]},{"@type":"WebSite","@id":"https:\/\/autopartscenter24.com\/#website","url":"https:\/\/autopartscenter24.com\/","name":"Autopartscenter24","description":"K\u00c4YTETYT JA KUNNOSTETUT  AUTON VARAOSAT","potentialAction":[{"@type":"SearchAction","target":{"@type":"EntryPoint","urlTemplate":"https:\/\/autopartscenter24.com\/?s={search_term_string}"},"query-input":{"@type":"PropertyValueSpecification","valueRequired":true,"valueName":"search_term_string"}}],"inLanguage":"sv-SE"}]}},"_links":{"self":[{"href":"https:\/\/autopartscenter24.com\/sv\/wp-json\/wp\/v2\/product\/5496","targetHints":{"allow":["GET"]}}],"collection":[{"href":"https:\/\/autopartscenter24.com\/sv\/wp-json\/wp\/v2\/product"}],"about":[{"href":"https:\/\/autopartscenter24.com\/sv\/wp-json\/wp\/v2\/types\/product"}],"wp:featuredmedia":[{"embeddable":true,"href":"https:\/\/autopartscenter24.com\/sv\/wp-json\/wp\/v2\/media\/4611"}],"wp:attachment":[{"href":"https:\/\/autopartscenter24.com\/sv\/wp-json\/wp\/v2\/media?parent=5496"}],"wp:term":[{"taxonomy":"product_brand","embeddable":true,"href":"https:\/\/autopartscenter24.com\/sv\/wp-json\/wp\/v2\/product_brand?post=5496"},{"taxonomy":"product_cat","embeddable":true,"href":"https:\/\/autopartscenter24.com\/sv\/wp-json\/wp\/v2\/product_cat?post=5496"},{"taxonomy":"product_tag","embeddable":true,"href":"https:\/\/autopartscenter24.com\/sv\/wp-json\/wp\/v2\/product_tag?post=5496"}],"curies":[{"name":"wp","href":"https:\/\/api.w.org\/{rel}","templated":true}]}}