{"id":5495,"date":"2023-03-05T19:37:21","date_gmt":"2023-11-26T16:13:41","guid":{"rendered":"https:\/\/autopartscenter24.com\/product\/1-6-css-cssa-motor-esim-golf-octavia-leon\/"},"modified":"2023-11-26T17:13:41","modified_gmt":"2023-11-26T16:13:41","slug":"1-6-ccs-cssa-motor-golf-octavia-leon","status":"publish","type":"product","link":"https:\/\/autopartscenter24.com\/sv\/auton-varaosat\/1-6-ccs-cssa-motor-golf-octavia-leon\/","title":{"rendered":"1.6 &#8221;CSS\/CSSA&#8221; Motor [esim. Golf, Octavia, Leon]"},"content":{"rendered":"<p>Volkswagen \u00e4r en av de st\u00f6rsta biltillverkarna i v\u00e4rlden, och deras 1<strong>,6 liters motor (motorkod CSS \/ CSSA)<\/strong> \u00e4r en av de mest popul\u00e4ra. Den h\u00e4r motorn har f\u00e5tt ett rykte f\u00f6r sin goda br\u00e4nsleekonomi, men det \u00e4r inte det enda bra med den.<\/p>\n<p>Motorn \u00e4r en fyrcylindrig och finns i b\u00e5de bensin- och dieselversioner. Dess cylinderhuvud har en dubbel kamaxel som styr ventilernas funktion. Motorns storlek och verkningsgrad varierar i olika bilmodeller, men den brukar producera runt 100-120 h\u00e4stkrafter.<\/p>\n<p>H\u00e5llbarhet och tillf\u00f6rlitlighet har tagits med i konstruktionen av Volkswagens <strong>CSS\/CSSA-motor<\/strong>. Det finns m\u00e5nga avancerade teknologier inuti motorn, som direkt br\u00e4nsleinsprutning, som hj\u00e4lper till att f\u00f6rb\u00e4ttra br\u00e4nsleekonomin och minska utsl\u00e4ppen. \u00c4ven l\u00e4tta material som aluminium har anv\u00e4nts i designen av motorn, vilket bidrar till att minska vikten och f\u00f6rb\u00e4ttrar bilens k\u00f6rbarhet.<\/p>\n<p>Underh\u00e5ll av motorn \u00e4r relativt enkelt, och n\u00f6dv\u00e4ndiga underh\u00e5llsprocedurer kan utf\u00f6ras p\u00e5 den i de flesta reparationsverkst\u00e4der. Motorolja m\u00e5ste bytas regelbundet och filter m\u00e5ste bytas efter behov.<\/p>\n<p>Dessa bilar \u00e4r mycket popul\u00e4ra runt om i v\u00e4rlden och tusentals har tillverkats under \u00e5ren. CSS \/ CSSA-motorn \u00e4r ett av deras mest popul\u00e4ra motoralternativ p\u00e5 grund av dess br\u00e4nsleekonomi och tillf\u00f6rlitlighet.<\/p>\n<p>Sammantaget \u00e4r Volkswagen CSS \/ CSSA-motorn ett mycket h\u00e5llbart och p\u00e5litligt alternativ i m\u00e5nga olika Volkswagen bilmodeller. Det \u00e4r en v\u00e4ldesignad motor som anv\u00e4nder avancerad teknik f\u00f6r att g\u00f6ra den br\u00e4nsleeffektiv och milj\u00f6v\u00e4nlig.<\/p>\n","protected":false},"excerpt":{"rendered":"<p>CSS\/CSSA-motorn anv\u00e4nds i flera Volkswagen bilmodeller under olika \u00e5r. H\u00e4r \u00e4r n\u00e5gra nyckelmodeller som har denna motor:<\/p>\n<ul>\n<li>Volkswagen Golf<\/li>\n<li>Volkswagen Jetta<\/li>\n<li>Volkswagen Passat<\/li>\n<li>Volkswagen Touran<\/li>\n<li>Volkswagen Tiguan<\/li>\n<\/ul>\n","protected":false},"featured_media":4616,"template":"","meta":[],"product_brand":[],"product_cat":[471,470,469],"product_tag":[473,668,475,720,476],"class_list":{"0":"post-5495","1":"product","2":"type-product","3":"status-publish","4":"has-post-thumbnail","6":"product_cat-seat-sv","7":"product_cat-skoda-sv","8":"product_cat-vw-sv","9":"product_tag-golf-sv","10":"product_tag-jetta-sv","11":"product_tag-passat-sv","12":"product_tag-tiguan-sv","13":"product_tag-touran-sv","14":"pa_varaosan-osasto-motor","17":"first","18":"instock","19":"shipping-taxable","20":"product-type-simple"},"yoast_head":"<!-- This site is optimized with the Yoast SEO plugin v26.8 - https:\/\/yoast.com\/product\/yoast-seo-wordpress\/ -->\n<title>1.6 &quot;CSS\/CSSA&quot; Motor [esim. Golf, Octavia, Leon]<\/title>\n<meta name=\"description\" content=\"En av de motorer som vi ofta har tillg\u00e4ngliga. Skicka en f\u00f6rfr\u00e5gan och f\u00e5 en offert inom 24 timmar. Motorer, v\u00e4xell\u00e5dor och andra bildelar under garanti.\" \/>\n<meta name=\"robots\" content=\"index, follow, max-snippet:-1, max-image-preview:large, max-video-preview:-1\" \/>\n<link rel=\"canonical\" href=\"https:\/\/autopartscenter24.com\/sv\/auton-varaosat\/1-6-ccs-cssa-moottori-golf-octavia-leon\/\" \/>\n<meta property=\"og:locale\" content=\"sv_SE\" \/>\n<meta property=\"og:type\" content=\"article\" \/>\n<meta property=\"og:title\" content=\"1.6 &quot;CSS\/CSSA&quot; Motor [esim. Golf, Octavia, Leon]\" \/>\n<meta property=\"og:description\" content=\"En av de motorer som vi ofta har tillg\u00e4ngliga. Skicka en f\u00f6rfr\u00e5gan och f\u00e5 en offert inom 24 timmar. Motorer, v\u00e4xell\u00e5dor och andra bildelar under garanti.\" \/>\n<meta property=\"og:url\" content=\"https:\/\/autopartscenter24.com\/sv\/auton-varaosat\/1-6-ccs-cssa-moottori-golf-octavia-leon\/\" \/>\n<meta property=\"og:site_name\" content=\"Autopartscenter24\" \/>\n<meta property=\"og:image\" content=\"https:\/\/autopartscenter24.com\/wp-content\/uploads\/2023\/03\/1-6-CCS-CSSA-moottori-golf-octavia-leon.webp\" \/>\n\t<meta property=\"og:image:width\" content=\"800\" \/>\n\t<meta property=\"og:image:height\" content=\"600\" \/>\n\t<meta property=\"og:image:type\" content=\"image\/webp\" \/>\n<meta name=\"twitter:card\" content=\"summary_large_image\" \/>\n<meta name=\"twitter:label1\" content=\"Ber\u00e4knad l\u00e4stid\" \/>\n\t<meta name=\"twitter:data1\" content=\"1 minut\" \/>\n<script type=\"application\/ld+json\" class=\"yoast-schema-graph\">{\"@context\":\"https:\/\/schema.org\",\"@graph\":[{\"@type\":\"WebPage\",\"@id\":\"https:\/\/autopartscenter24.com\/auton-varaosat\/1-6-ccs-cssa-moottori-golf-octavia-leon\/\",\"url\":\"https:\/\/autopartscenter24.com\/auton-varaosat\/1-6-ccs-cssa-moottori-golf-octavia-leon\/\",\"name\":\"1.6 \\\"CSS\/CSSA\\\" Motor [esim. Golf, Octavia, Leon]\",\"isPartOf\":{\"@id\":\"https:\/\/autopartscenter24.com\/#website\"},\"primaryImageOfPage\":{\"@id\":\"https:\/\/autopartscenter24.com\/auton-varaosat\/1-6-ccs-cssa-moottori-golf-octavia-leon\/#primaryimage\"},\"image\":{\"@id\":\"https:\/\/autopartscenter24.com\/auton-varaosat\/1-6-ccs-cssa-moottori-golf-octavia-leon\/#primaryimage\"},\"thumbnailUrl\":\"https:\/\/autopartscenter24.com\/wp-content\/uploads\/2023\/03\/1-6-CCS-CSSA-moottori-golf-octavia-leon.webp\",\"datePublished\":\"2023-11-26T16:13:41+00:00\",\"description\":\"En av de motorer som vi ofta har tillg\u00e4ngliga. Skicka en f\u00f6rfr\u00e5gan och f\u00e5 en offert inom 24 timmar. Motorer, v\u00e4xell\u00e5dor och andra bildelar under garanti.\",\"breadcrumb\":{\"@id\":\"https:\/\/autopartscenter24.com\/auton-varaosat\/1-6-ccs-cssa-moottori-golf-octavia-leon\/#breadcrumb\"},\"inLanguage\":\"sv-SE\",\"potentialAction\":[{\"@type\":\"ReadAction\",\"target\":[\"https:\/\/autopartscenter24.com\/auton-varaosat\/1-6-ccs-cssa-moottori-golf-octavia-leon\/\"]}]},{\"@type\":\"ImageObject\",\"inLanguage\":\"sv-SE\",\"@id\":\"https:\/\/autopartscenter24.com\/auton-varaosat\/1-6-ccs-cssa-moottori-golf-octavia-leon\/#primaryimage\",\"url\":\"https:\/\/autopartscenter24.com\/wp-content\/uploads\/2023\/03\/1-6-CCS-CSSA-moottori-golf-octavia-leon.webp\",\"contentUrl\":\"https:\/\/autopartscenter24.com\/wp-content\/uploads\/2023\/03\/1-6-CCS-CSSA-moottori-golf-octavia-leon.webp\",\"width\":800,\"height\":600},{\"@type\":\"BreadcrumbList\",\"@id\":\"https:\/\/autopartscenter24.com\/auton-varaosat\/1-6-ccs-cssa-moottori-golf-octavia-leon\/#breadcrumb\",\"itemListElement\":[{\"@type\":\"ListItem\",\"position\":1,\"name\":\"Hem\",\"item\":\"https:\/\/aliceblue-termite-662564.hostingersite.com\/\"},{\"@type\":\"ListItem\",\"position\":2,\"name\":\"Auton varaosat\",\"item\":\"https:\/\/aliceblue-termite-662564.hostingersite.com\/auton-varaosat\/\"},{\"@type\":\"ListItem\",\"position\":3,\"name\":\"1.6 &#8221;CSS\/CSSA&#8221; Motor [esim. Golf, Octavia, Leon]\"}]},{\"@type\":\"WebSite\",\"@id\":\"https:\/\/autopartscenter24.com\/#website\",\"url\":\"https:\/\/autopartscenter24.com\/\",\"name\":\"Autopartscenter24\",\"description\":\"K\u00c4YTETYT JA KUNNOSTETUT  AUTON VARAOSAT\",\"potentialAction\":[{\"@type\":\"SearchAction\",\"target\":{\"@type\":\"EntryPoint\",\"urlTemplate\":\"https:\/\/autopartscenter24.com\/?s={search_term_string}\"},\"query-input\":{\"@type\":\"PropertyValueSpecification\",\"valueRequired\":true,\"valueName\":\"search_term_string\"}}],\"inLanguage\":\"sv-SE\"}]}<\/script>\n<!-- \/ Yoast SEO plugin. -->","yoast_head_json":{"title":"1.6 \"CSS\/CSSA\" Motor [esim. Golf, Octavia, Leon]","description":"En av de motorer som vi ofta har tillg\u00e4ngliga. Skicka en f\u00f6rfr\u00e5gan och f\u00e5 en offert inom 24 timmar. Motorer, v\u00e4xell\u00e5dor och andra bildelar under garanti.","robots":{"index":"index","follow":"follow","max-snippet":"max-snippet:-1","max-image-preview":"max-image-preview:large","max-video-preview":"max-video-preview:-1"},"canonical":"https:\/\/autopartscenter24.com\/sv\/auton-varaosat\/1-6-ccs-cssa-moottori-golf-octavia-leon\/","og_locale":"sv_SE","og_type":"article","og_title":"1.6 \"CSS\/CSSA\" Motor [esim. Golf, Octavia, Leon]","og_description":"En av de motorer som vi ofta har tillg\u00e4ngliga. Skicka en f\u00f6rfr\u00e5gan och f\u00e5 en offert inom 24 timmar. Motorer, v\u00e4xell\u00e5dor och andra bildelar under garanti.","og_url":"https:\/\/autopartscenter24.com\/sv\/auton-varaosat\/1-6-ccs-cssa-moottori-golf-octavia-leon\/","og_site_name":"Autopartscenter24","og_image":[{"width":800,"height":600,"url":"https:\/\/autopartscenter24.com\/wp-content\/uploads\/2023\/03\/1-6-CCS-CSSA-moottori-golf-octavia-leon.webp","type":"image\/webp"}],"twitter_card":"summary_large_image","twitter_misc":{"Ber\u00e4knad l\u00e4stid":"1 minut"},"schema":{"@context":"https:\/\/schema.org","@graph":[{"@type":"WebPage","@id":"https:\/\/autopartscenter24.com\/auton-varaosat\/1-6-ccs-cssa-moottori-golf-octavia-leon\/","url":"https:\/\/autopartscenter24.com\/auton-varaosat\/1-6-ccs-cssa-moottori-golf-octavia-leon\/","name":"1.6 \"CSS\/CSSA\" Motor [esim. Golf, Octavia, Leon]","isPartOf":{"@id":"https:\/\/autopartscenter24.com\/#website"},"primaryImageOfPage":{"@id":"https:\/\/autopartscenter24.com\/auton-varaosat\/1-6-ccs-cssa-moottori-golf-octavia-leon\/#primaryimage"},"image":{"@id":"https:\/\/autopartscenter24.com\/auton-varaosat\/1-6-ccs-cssa-moottori-golf-octavia-leon\/#primaryimage"},"thumbnailUrl":"https:\/\/autopartscenter24.com\/wp-content\/uploads\/2023\/03\/1-6-CCS-CSSA-moottori-golf-octavia-leon.webp","datePublished":"2023-11-26T16:13:41+00:00","description":"En av de motorer som vi ofta har tillg\u00e4ngliga. Skicka en f\u00f6rfr\u00e5gan och f\u00e5 en offert inom 24 timmar. Motorer, v\u00e4xell\u00e5dor och andra bildelar under garanti.","breadcrumb":{"@id":"https:\/\/autopartscenter24.com\/auton-varaosat\/1-6-ccs-cssa-moottori-golf-octavia-leon\/#breadcrumb"},"inLanguage":"sv-SE","potentialAction":[{"@type":"ReadAction","target":["https:\/\/autopartscenter24.com\/auton-varaosat\/1-6-ccs-cssa-moottori-golf-octavia-leon\/"]}]},{"@type":"ImageObject","inLanguage":"sv-SE","@id":"https:\/\/autopartscenter24.com\/auton-varaosat\/1-6-ccs-cssa-moottori-golf-octavia-leon\/#primaryimage","url":"https:\/\/autopartscenter24.com\/wp-content\/uploads\/2023\/03\/1-6-CCS-CSSA-moottori-golf-octavia-leon.webp","contentUrl":"https:\/\/autopartscenter24.com\/wp-content\/uploads\/2023\/03\/1-6-CCS-CSSA-moottori-golf-octavia-leon.webp","width":800,"height":600},{"@type":"BreadcrumbList","@id":"https:\/\/autopartscenter24.com\/auton-varaosat\/1-6-ccs-cssa-moottori-golf-octavia-leon\/#breadcrumb","itemListElement":[{"@type":"ListItem","position":1,"name":"Hem","item":"https:\/\/aliceblue-termite-662564.hostingersite.com\/"},{"@type":"ListItem","position":2,"name":"Auton varaosat","item":"https:\/\/aliceblue-termite-662564.hostingersite.com\/auton-varaosat\/"},{"@type":"ListItem","position":3,"name":"1.6 &#8221;CSS\/CSSA&#8221; Motor [esim. Golf, Octavia, Leon]"}]},{"@type":"WebSite","@id":"https:\/\/autopartscenter24.com\/#website","url":"https:\/\/autopartscenter24.com\/","name":"Autopartscenter24","description":"K\u00c4YTETYT JA KUNNOSTETUT  AUTON VARAOSAT","potentialAction":[{"@type":"SearchAction","target":{"@type":"EntryPoint","urlTemplate":"https:\/\/autopartscenter24.com\/?s={search_term_string}"},"query-input":{"@type":"PropertyValueSpecification","valueRequired":true,"valueName":"search_term_string"}}],"inLanguage":"sv-SE"}]}},"_links":{"self":[{"href":"https:\/\/autopartscenter24.com\/sv\/wp-json\/wp\/v2\/product\/5495","targetHints":{"allow":["GET"]}}],"collection":[{"href":"https:\/\/autopartscenter24.com\/sv\/wp-json\/wp\/v2\/product"}],"about":[{"href":"https:\/\/autopartscenter24.com\/sv\/wp-json\/wp\/v2\/types\/product"}],"wp:featuredmedia":[{"embeddable":true,"href":"https:\/\/autopartscenter24.com\/sv\/wp-json\/wp\/v2\/media\/4616"}],"wp:attachment":[{"href":"https:\/\/autopartscenter24.com\/sv\/wp-json\/wp\/v2\/media?parent=5495"}],"wp:term":[{"taxonomy":"product_brand","embeddable":true,"href":"https:\/\/autopartscenter24.com\/sv\/wp-json\/wp\/v2\/product_brand?post=5495"},{"taxonomy":"product_cat","embeddable":true,"href":"https:\/\/autopartscenter24.com\/sv\/wp-json\/wp\/v2\/product_cat?post=5495"},{"taxonomy":"product_tag","embeddable":true,"href":"https:\/\/autopartscenter24.com\/sv\/wp-json\/wp\/v2\/product_tag?post=5495"}],"curies":[{"name":"wp","href":"https:\/\/api.w.org\/{rel}","templated":true}]}}